{"id":7015,"date":"2024-10-13T13:08:19","date_gmt":"2024-10-13T10:08:19","guid":{"rendered":"https:\/\/valika.eu\/toode\/palu-gelpolish-palermo-pa6-11g\/"},"modified":"2025-10-14T11:38:22","modified_gmt":"2025-10-14T08:38:22","slug":"palu-gelpolish-palermo-pa6-11g","status":"publish","type":"product","link":"https:\/\/valika.eu\/fi\/toode\/palu-gelpolish-palermo-pa6-11g\/","title":{"rendered":"PALU Gelpolish Palermo PA6\/11g"},"content":{"rendered":"<p><\/p>\n<p>Palatsin sis\u00e4pihat ja kapeat sisilialaiset kadut soivat aamulla korkokenkien napsahduksesta, ja laukussasi oleva polaroidikasa kasvaa joka tunti. Ihastut kaupungin ainutlaatuiseen tunnelmaan, mutta lopulta on aika lev\u00e4t\u00e4. Istut alas pieneen kahvilaan, josta on n\u00e4kym\u00e4t Palermon p\u00e4\u00e4aukiolle, ja nautit aitoa italialaista espressoa ja palan makeaa tiramisua.<\/p>\n<\/p>\n<p><strong>Viile\u00e4 violetti ei vain mahdollistaa luomista. minimalistinen tyyli, joka on universaali tausta kev\u00e4\u00e4n vaatekaappiisi. Se on my\u00f6s t\u00e4ydellinen kumppani pastellis\u00e4vyille ja kyll\u00e4isille, aurinkoisille v\u00e4reille. Pid\u00e4 siis hauskaa, miksaa, luo ja anna itsesi inspiroitua!<\/strong><\/p>\n<p><strong><\/strong><\/p>\n<p><strong>Ammattik\u00e4ytt\u00f6\u00f6n tarkoitettu tuote.<\/strong> &gt;<\/p>\n<ul>\n<li>peitt\u00e4vyys 1-2 kerroksessa<\/li>\n<li>helppo levitys<\/li>\n<li>intensiivinen kiilto<\/li>\n<li>koostumus: keskipaksu<\/li>\n<li>kest\u00e4vyys jopa 3 viikkoa<\/li>\n<li>kapasiteetti: 11 g<\/li>\n<\/ul>\n<div class=\"video-container\"><\/div>\n<div class=\"video-container\"><\/div>\n<div class=\"video-container\"><\/div>\n<\/p>\n<div class=\"video-container\"><\/div>\n<div class=\"video-container\"><\/div>\n<div class=\"video-container\"><\/div>","protected":false},"excerpt":{"rendered":"<p>Palatsin sis\u00e4pihat ja kapeat sisilialaiset kadut soivat aamulla korkokenkien napsahduksesta, ja laukussasi oleva polaroidikasa kasvaa joka tunti. Ihastut kaupungin ainutlaatuiseen<\/p>\n","protected":false},"featured_media":7014,"template":"","meta":[],"product_brand":[],"product_cat":[341],"product_tag":[],"class_list":{"0":"post-7015","1":"product","2":"type-product","3":"status-publish","4":"has-post-thumbnail","6":"product_cat-hollywood","8":"first","9":"instock","10":"taxable","11":"shipping-taxable","12":"purchasable","13":"product-type-simple"},"yoast_head":"<!-- This site is optimized with the Yoast SEO plugin v24.4 - https:\/\/yoast.com\/wordpress\/plugins\/seo\/ -->\n<title>PALU Gelpolish Palermo PA6\/11g | Valika<\/title>\n<meta name=\"robots\" content=\"index, follow, max-snippet:-1, max-image-preview:large, max-video-preview:-1\" \/>\n<link rel=\"canonical\" href=\"https:\/\/valika.eu\/fi\/toode\/palu-gelpolish-palermo-pa6-11g\/\" \/>\n<meta property=\"og:locale\" content=\"fi_FI\" \/>\n<meta property=\"og:type\" content=\"article\" \/>\n<meta property=\"og:title\" content=\"PALU Gelpolish Palermo PA6\/11g | Valika\" \/>\n<meta property=\"og:description\" content=\"Palatsin sis\u00e4pihat ja kapeat sisilialaiset kadut soivat aamulla korkokenkien napsahduksesta, ja laukussasi oleva polaroidikasa kasvaa joka tunti. Ihastut kaupungin ainutlaatuiseen\" \/>\n<meta property=\"og:url\" content=\"https:\/\/valika.eu\/fi\/toode\/palu-gelpolish-palermo-pa6-11g\/\" \/>\n<meta property=\"og:site_name\" content=\"Valika\" \/>\n<meta property=\"article:publisher\" content=\"https:\/\/www.facebook.com\/tipsi.net\" \/>\n<meta property=\"article:modified_time\" content=\"2025-10-14T08:38:22+00:00\" \/>\n<meta property=\"og:image\" content=\"https:\/\/valika.eu\/wp-content\/uploads\/2024\/10\/5442.webp\" \/>\n\t<meta property=\"og:image:width\" content=\"1350\" \/>\n\t<meta property=\"og:image:height\" content=\"1350\" \/>\n\t<meta property=\"og:image:type\" content=\"image\/webp\" \/>\n<meta name=\"twitter:card\" content=\"summary_large_image\" \/>\n<script type=\"application\/ld+json\" class=\"yoast-schema-graph\">{\"@context\":\"https:\/\/schema.org\",\"@graph\":[{\"@type\":\"WebPage\",\"@id\":\"https:\/\/valika.eu\/fi\/toode\/palu-gelpolish-palermo-pa6-11g\/\",\"url\":\"https:\/\/valika.eu\/fi\/toode\/palu-gelpolish-palermo-pa6-11g\/\",\"name\":\"PALU Gelpolish Palermo PA6\/11g | Valika\",\"isPartOf\":{\"@id\":\"https:\/\/valika.eu\/fi\/#website\"},\"primaryImageOfPage\":{\"@id\":\"https:\/\/valika.eu\/fi\/toode\/palu-gelpolish-palermo-pa6-11g\/#primaryimage\"},\"image\":{\"@id\":\"https:\/\/valika.eu\/toode\/palu-gelpolish-palermo-pa6-11g\/#primaryimage\"},\"thumbnailUrl\":\"https:\/\/valika.eu\/wp-content\/uploads\/2024\/10\/5442.webp\",\"datePublished\":\"2024-10-13T10:08:19+00:00\",\"dateModified\":\"2025-10-14T08:38:22+00:00\",\"breadcrumb\":{\"@id\":\"https:\/\/valika.eu\/fi\/toode\/palu-gelpolish-palermo-pa6-11g\/#breadcrumb\"},\"inLanguage\":\"fi\",\"potentialAction\":[{\"@type\":\"ReadAction\",\"target\":[[\"https:\/\/valika.eu\/fi\/toode\/palu-gelpolish-palermo-pa6-11g\/\"]]}]},{\"@type\":\"ImageObject\",\"inLanguage\":\"fi\",\"@id\":\"https:\/\/valika.eu\/fi\/toode\/palu-gelpolish-palermo-pa6-11g\/#primaryimage\",\"url\":\"https:\/\/valika.eu\/wp-content\/uploads\/2024\/10\/5442.webp\",\"contentUrl\":\"https:\/\/valika.eu\/wp-content\/uploads\/2024\/10\/5442.webp\",\"width\":1350,\"height\":1350},{\"@type\":\"BreadcrumbList\",\"@id\":\"https:\/\/valika.eu\/fi\/toode\/palu-gelpolish-palermo-pa6-11g\/#breadcrumb\",\"itemListElement\":[{\"@type\":\"ListItem\",\"position\":1,\"name\":\"Koti\",\"item\":\"https:\/\/valika.eu\/fi\/\"},{\"@type\":\"ListItem\",\"position\":2,\"name\":\"Shop\",\"item\":\"https:\/\/valika.eu\/fi\/\"},{\"@type\":\"ListItem\",\"position\":3,\"name\":\"PALU Gelpolish Palermo PA6\/11g\"}]},{\"@type\":\"WebSite\",\"@id\":\"https:\/\/valika.eu\/fi\/#website\",\"url\":\"https:\/\/valika.eu\/fi\/\",\"name\":\"Valika.eu\",\"description\":\"Salonkituotteet ja kauneudenhoitotuotteet - Valika tarjoaa laajan valikoiman tuotteita ja tarvikkeita kynsiteknikoille, kauneushoitoloille, kampaamoille ja kampaamoille.\",\"publisher\":{\"@id\":\"https:\/\/valika.eu\/fi\/#organization\"},\"alternateName\":\"Valika\",\"potentialAction\":[{\"@type\":\"SearchAction\",\"target\":{\"@type\":\"EntryPoint\",\"urlTemplate\":\"https:\/\/valika.eu\/fi\/?s={search_term_string}\"},\"query-input\":{\"@type\":\"PropertyValueSpecification\",\"valueRequired\":true,\"valueName\":\"search_term_string\"}}],\"inLanguage\":\"fi\"},{\"@type\":\"Organization\",\"@id\":\"https:\/\/valika.eu\/fi\/#organization\",\"name\":\"Salongitoode O\u00dc\",\"alternateName\":\"Valika\",\"url\":\"https:\/\/valika.eu\/fi\/\",\"logo\":{\"@type\":\"ImageObject\",\"inLanguage\":\"fi\",\"@id\":\"https:\/\/valika.eu\/fi\/#\/schema\/logo\/image\/\",\"url\":\"https:\/\/valika.eu\/wp-content\/uploads\/2023\/11\/logo2-valika-footer.png\",\"contentUrl\":\"https:\/\/valika.eu\/wp-content\/uploads\/2023\/11\/logo2-valika-footer.png\",\"width\":200,\"height\":129,\"caption\":\"Salongitoode O\u00dc\"},\"image\":{\"@id\":\"https:\/\/valika.eu\/fi\/#\/schema\/logo\/image\/\"},\"sameAs\":[\"https:\/\/www.facebook.com\/tipsi.net\"]}]}<\/script>\n<!-- \/ Yoast SEO plugin. -->","yoast_head_json":{"title":"PALU Gelpolish Palermo PA6\/11g | Valika","robots":{"index":"index","follow":"follow","max-snippet":"max-snippet:-1","max-image-preview":"max-image-preview:large","max-video-preview":"max-video-preview:-1"},"canonical":"https:\/\/valika.eu\/fi\/toode\/palu-gelpolish-palermo-pa6-11g\/","og_locale":"fi_FI","og_type":"article","og_title":"PALU Gelpolish Palermo PA6\/11g | Valika","og_description":"Palatsin sis\u00e4pihat ja kapeat sisilialaiset kadut soivat aamulla korkokenkien napsahduksesta, ja laukussasi oleva polaroidikasa kasvaa joka tunti. Ihastut kaupungin ainutlaatuiseen","og_url":"https:\/\/valika.eu\/fi\/toode\/palu-gelpolish-palermo-pa6-11g\/","og_site_name":"Valika","article_publisher":"https:\/\/www.facebook.com\/tipsi.net","article_modified_time":"2025-10-14T08:38:22+00:00","og_image":[{"width":1350,"height":1350,"url":"https:\/\/valika.eu\/wp-content\/uploads\/2024\/10\/5442.webp","type":"image\/webp"}],"twitter_card":"summary_large_image","schema":{"@context":"https:\/\/schema.org","@graph":[{"@type":"WebPage","@id":"https:\/\/valika.eu\/fi\/toode\/palu-gelpolish-palermo-pa6-11g\/","url":"https:\/\/valika.eu\/fi\/toode\/palu-gelpolish-palermo-pa6-11g\/","name":"PALU Gelpolish Palermo PA6\/11g | Valika","isPartOf":{"@id":"https:\/\/valika.eu\/fi\/#website"},"primaryImageOfPage":{"@id":"https:\/\/valika.eu\/fi\/toode\/palu-gelpolish-palermo-pa6-11g\/#primaryimage"},"image":{"@id":"https:\/\/valika.eu\/toode\/palu-gelpolish-palermo-pa6-11g\/#primaryimage"},"thumbnailUrl":"https:\/\/valika.eu\/wp-content\/uploads\/2024\/10\/5442.webp","datePublished":"2024-10-13T10:08:19+00:00","dateModified":"2025-10-14T08:38:22+00:00","breadcrumb":{"@id":"https:\/\/valika.eu\/fi\/toode\/palu-gelpolish-palermo-pa6-11g\/#breadcrumb"},"inLanguage":"fi","potentialAction":[{"@type":"ReadAction","target":[["https:\/\/valika.eu\/fi\/toode\/palu-gelpolish-palermo-pa6-11g\/"]]}]},{"@type":"ImageObject","inLanguage":"fi","@id":"https:\/\/valika.eu\/fi\/toode\/palu-gelpolish-palermo-pa6-11g\/#primaryimage","url":"https:\/\/valika.eu\/wp-content\/uploads\/2024\/10\/5442.webp","contentUrl":"https:\/\/valika.eu\/wp-content\/uploads\/2024\/10\/5442.webp","width":1350,"height":1350},{"@type":"BreadcrumbList","@id":"https:\/\/valika.eu\/fi\/toode\/palu-gelpolish-palermo-pa6-11g\/#breadcrumb","itemListElement":[{"@type":"ListItem","position":1,"name":"Koti","item":"https:\/\/valika.eu\/fi\/"},{"@type":"ListItem","position":2,"name":"Shop","item":"https:\/\/valika.eu\/fi\/"},{"@type":"ListItem","position":3,"name":"PALU Gelpolish Palermo PA6\/11g"}]},{"@type":"WebSite","@id":"https:\/\/valika.eu\/fi\/#website","url":"https:\/\/valika.eu\/fi\/","name":"Valika.eu","description":"Salonkituotteet ja kauneudenhoitotuotteet - Valika tarjoaa laajan valikoiman tuotteita ja tarvikkeita kynsiteknikoille, kauneushoitoloille, kampaamoille ja kampaamoille.","publisher":{"@id":"https:\/\/valika.eu\/fi\/#organization"},"alternateName":"Valika","potentialAction":[{"@type":"SearchAction","target":{"@type":"EntryPoint","urlTemplate":"https:\/\/valika.eu\/fi\/?s={search_term_string}"},"query-input":{"@type":"PropertyValueSpecification","valueRequired":true,"valueName":"search_term_string"}}],"inLanguage":"fi"},{"@type":"Organization","@id":"https:\/\/valika.eu\/fi\/#organization","name":"Salongitoode O\u00dc","alternateName":"Valika","url":"https:\/\/valika.eu\/fi\/","logo":{"@type":"ImageObject","inLanguage":"fi","@id":"https:\/\/valika.eu\/fi\/#\/schema\/logo\/image\/","url":"https:\/\/valika.eu\/wp-content\/uploads\/2023\/11\/logo2-valika-footer.png","contentUrl":"https:\/\/valika.eu\/wp-content\/uploads\/2023\/11\/logo2-valika-footer.png","width":200,"height":129,"caption":"Salongitoode O\u00dc"},"image":{"@id":"https:\/\/valika.eu\/fi\/#\/schema\/logo\/image\/"},"sameAs":["https:\/\/www.facebook.com\/tipsi.net"]}]}},"jetpack_sharing_enabled":true,"_links":{"self":[{"href":"https:\/\/valika.eu\/fi\/wp-json\/wp\/v2\/product\/7015","targetHints":{"allow":["GET"]}}],"collection":[{"href":"https:\/\/valika.eu\/fi\/wp-json\/wp\/v2\/product"}],"about":[{"href":"https:\/\/valika.eu\/fi\/wp-json\/wp\/v2\/types\/product"}],"wp:featuredmedia":[{"embeddable":true,"href":"https:\/\/valika.eu\/fi\/wp-json\/wp\/v2\/media\/7014"}],"wp:attachment":[{"href":"https:\/\/valika.eu\/fi\/wp-json\/wp\/v2\/media?parent=7015"}],"wp:term":[{"taxonomy":"product_brand","embeddable":true,"href":"https:\/\/valika.eu\/fi\/wp-json\/wp\/v2\/product_brand?post=7015"},{"taxonomy":"product_cat","embeddable":true,"href":"https:\/\/valika.eu\/fi\/wp-json\/wp\/v2\/product_cat?post=7015"},{"taxonomy":"product_tag","embeddable":true,"href":"https:\/\/valika.eu\/fi\/wp-json\/wp\/v2\/product_tag?post=7015"}],"curies":[{"name":"wp","href":"https:\/\/api.w.org\/{rel}","templated":true}]}}