{"id":7419,"date":"2024-10-13T13:28:40","date_gmt":"2024-10-13T10:28:40","guid":{"rendered":"https:\/\/valika.eu\/toode\/palu-gelpolish-tbilisi-tb8-11-g\/"},"modified":"2025-10-14T11:38:18","modified_gmt":"2025-10-14T08:38:18","slug":"palu-gelpolish-tbilisi-tb8-11-g","status":"publish","type":"product","link":"https:\/\/valika.eu\/fi\/toode\/palu-gelpolish-tbilisi-tb8-11-g\/","title":{"rendered":"PALU Gelpolish Tbilisi TB8 -11 g"},"content":{"rendered":"<p><\/p>\n<p>Kun ilta laskeutuu Tbilisin ylle, kaupunki kimaltelee syvin, kyll\u00e4isin v\u00e4rein. TB8, tummanruskea hieman viininpunaista, on v\u00e4ri, joka heijastaa Georgian viinin makujen runsautta. Se tarjoillaan pitkien juhlien aikana yst\u00e4vien kanssa kaupungin ainutlaatuisen tunnelman ymp\u00e4r\u00f6im\u00e4n\u00e4.<\/p>\n<p>Tutustu Palu Tbilisiin. kokoelma, joka vie sinut georgialaisen viinin maailmaan juhlan ja el\u00e4m\u00e4n tunnelmaan. Tutustu kaupunkiin, joka ilahduttaa aurallaan mihin aikaan vuodesta tahansa. Syksyll\u00e4 n\u00e4et ne kauniissa kullanruskeissa v\u00e4reiss\u00e4 paikallisten herkkujen kera &#8211; punaviini\u00e4 perinteisest\u00e4 sarvesta, herkullista khinkalia tai makeita kirkkoherkkuja paikallisesta basaarista. Mallistosta l\u00f6yd\u00e4t ruskeita, beigej\u00e4, pinkkej\u00e4 ja violetteja s\u00e4vyj\u00e4, jotka harmonisoituvat tyylien kanssa suoraan Georgian p\u00e4\u00e4kaupungista.<\/p>\n<p>Palu on ammattilaisten kosmetiikkaa ammattilaisille. Haluamme antaa sinulle valinnanvapauden, laatutakuun ja mukavan ty\u00f6n. Oletko luonut tyyli\u00e4 tuotteillamme? Muista kertoa meille ja merkit\u00e4 kuvasi Instagramissa hashtagilla <strong>#palusalonsystem<\/strong><\/p>\n<p><strong>Ammattik\u00e4ytt\u00f6\u00f6n tarkoitettu tuote.<\/strong><\/p>\n<ul >\n<li> peitt\u00e4\u00e4 vain 1-2 kerroksella<\/li>\n<li>helppo levitys<\/li>\n<li>intensiivinen kiilto<\/li>\n<li>koostumus: keskipaksu<\/li>\n<li>kest\u00e4\u00e4 jopa 3 viikkoa<\/li >\n<li>kapasiteetti: 11 g<\/li>\n<\/ul>\n<p>\u00a0<\/p>\n<p><em>Haluamme ilmoittaa, ett\u00e4 teemme kaikkemme varmistaaksemme, ett\u00e4 grafiikka verkkosivustolla esitetyt heijastavat parhaiten tuotteidemme todellisia v\u00e4rej\u00e4. Meist\u00e4 riippumattomia tekij\u00f6it\u00e4, kuten mm. grafiikkaa katseltaessa k\u00e4ytetty valaistus, k\u00e4ytetyn elektronisen laitteen tyyppi, n\u00e4yt\u00f6n asetukset tai n\u00e4yt\u00f6nohjaimet &#8211; vaikuttavat katsotun grafiikan vastaanottoon\/tulkintaan<\/em><\/p>\n<p><\/p>","protected":false},"excerpt":{"rendered":"<p>Kun ilta laskeutuu Tbilisin ylle, kaupunki kimaltelee syvin, kyll\u00e4isin v\u00e4rein. TB8, tummanruskea hieman viininpunaista, on v\u00e4ri, joka heijastaa Georgian viinin<\/p>\n","protected":false},"featured_media":7418,"template":"","meta":[],"product_brand":[],"product_cat":[341],"product_tag":[],"class_list":{"0":"post-7419","1":"product","2":"type-product","3":"status-publish","4":"has-post-thumbnail","6":"product_cat-hollywood","8":"first","9":"outofstock","10":"taxable","11":"shipping-taxable","12":"purchasable","13":"product-type-simple"},"yoast_head":"<!-- This site is optimized with the Yoast SEO plugin v24.4 - https:\/\/yoast.com\/wordpress\/plugins\/seo\/ -->\n<title>PALU Gelpolish Tbilisi TB8 -11 g | Valika<\/title>\n<meta name=\"robots\" content=\"index, follow, max-snippet:-1, max-image-preview:large, max-video-preview:-1\" \/>\n<link rel=\"canonical\" href=\"https:\/\/valika.eu\/fi\/toode\/palu-gelpolish-tbilisi-tb8-11-g\/\" \/>\n<meta property=\"og:locale\" content=\"fi_FI\" \/>\n<meta property=\"og:type\" content=\"article\" \/>\n<meta property=\"og:title\" content=\"PALU Gelpolish Tbilisi TB8 -11 g | Valika\" \/>\n<meta property=\"og:description\" content=\"Kun ilta laskeutuu Tbilisin ylle, kaupunki kimaltelee syvin, kyll\u00e4isin v\u00e4rein. TB8, tummanruskea hieman viininpunaista, on v\u00e4ri, joka heijastaa Georgian viinin\" \/>\n<meta property=\"og:url\" content=\"https:\/\/valika.eu\/fi\/toode\/palu-gelpolish-tbilisi-tb8-11-g\/\" \/>\n<meta property=\"og:site_name\" content=\"Valika\" \/>\n<meta property=\"article:publisher\" content=\"https:\/\/www.facebook.com\/tipsi.net\" \/>\n<meta property=\"article:modified_time\" content=\"2025-10-14T08:38:18+00:00\" \/>\n<meta property=\"og:image\" content=\"https:\/\/valika.eu\/wp-content\/uploads\/2024\/10\/5951.webp\" \/>\n\t<meta property=\"og:image:width\" content=\"1080\" \/>\n\t<meta property=\"og:image:height\" content=\"1080\" \/>\n\t<meta property=\"og:image:type\" content=\"image\/webp\" \/>\n<meta name=\"twitter:card\" content=\"summary_large_image\" \/>\n<script type=\"application\/ld+json\" class=\"yoast-schema-graph\">{\"@context\":\"https:\/\/schema.org\",\"@graph\":[{\"@type\":\"WebPage\",\"@id\":\"https:\/\/valika.eu\/fi\/toode\/palu-gelpolish-tbilisi-tb8-11-g\/\",\"url\":\"https:\/\/valika.eu\/fi\/toode\/palu-gelpolish-tbilisi-tb8-11-g\/\",\"name\":\"PALU Gelpolish Tbilisi TB8 -11 g | Valika\",\"isPartOf\":{\"@id\":\"https:\/\/valika.eu\/fi\/#website\"},\"primaryImageOfPage\":{\"@id\":\"https:\/\/valika.eu\/fi\/toode\/palu-gelpolish-tbilisi-tb8-11-g\/#primaryimage\"},\"image\":{\"@id\":\"https:\/\/valika.eu\/toode\/palu-gelpolish-tbilisi-tb8-11-g\/#primaryimage\"},\"thumbnailUrl\":\"https:\/\/valika.eu\/wp-content\/uploads\/2024\/10\/5951.webp\",\"datePublished\":\"2024-10-13T10:28:40+00:00\",\"dateModified\":\"2025-10-14T08:38:18+00:00\",\"breadcrumb\":{\"@id\":\"https:\/\/valika.eu\/fi\/toode\/palu-gelpolish-tbilisi-tb8-11-g\/#breadcrumb\"},\"inLanguage\":\"fi\",\"potentialAction\":[{\"@type\":\"ReadAction\",\"target\":[[\"https:\/\/valika.eu\/fi\/toode\/palu-gelpolish-tbilisi-tb8-11-g\/\"]]}]},{\"@type\":\"ImageObject\",\"inLanguage\":\"fi\",\"@id\":\"https:\/\/valika.eu\/fi\/toode\/palu-gelpolish-tbilisi-tb8-11-g\/#primaryimage\",\"url\":\"https:\/\/valika.eu\/wp-content\/uploads\/2024\/10\/5951.webp\",\"contentUrl\":\"https:\/\/valika.eu\/wp-content\/uploads\/2024\/10\/5951.webp\",\"width\":1080,\"height\":1080},{\"@type\":\"BreadcrumbList\",\"@id\":\"https:\/\/valika.eu\/fi\/toode\/palu-gelpolish-tbilisi-tb8-11-g\/#breadcrumb\",\"itemListElement\":[{\"@type\":\"ListItem\",\"position\":1,\"name\":\"Koti\",\"item\":\"https:\/\/valika.eu\/fi\/\"},{\"@type\":\"ListItem\",\"position\":2,\"name\":\"Shop\",\"item\":\"https:\/\/valika.eu\/fi\/\"},{\"@type\":\"ListItem\",\"position\":3,\"name\":\"PALU Gelpolish Tbilisi TB8 -11 g\"}]},{\"@type\":\"WebSite\",\"@id\":\"https:\/\/valika.eu\/fi\/#website\",\"url\":\"https:\/\/valika.eu\/fi\/\",\"name\":\"Valika.eu\",\"description\":\"Salonkituotteet ja kauneudenhoitotuotteet - Valika tarjoaa laajan valikoiman tuotteita ja tarvikkeita kynsiteknikoille, kauneushoitoloille, kampaamoille ja kampaamoille.\",\"publisher\":{\"@id\":\"https:\/\/valika.eu\/fi\/#organization\"},\"alternateName\":\"Valika\",\"potentialAction\":[{\"@type\":\"SearchAction\",\"target\":{\"@type\":\"EntryPoint\",\"urlTemplate\":\"https:\/\/valika.eu\/fi\/?s={search_term_string}\"},\"query-input\":{\"@type\":\"PropertyValueSpecification\",\"valueRequired\":true,\"valueName\":\"search_term_string\"}}],\"inLanguage\":\"fi\"},{\"@type\":\"Organization\",\"@id\":\"https:\/\/valika.eu\/fi\/#organization\",\"name\":\"Salongitoode O\u00dc\",\"alternateName\":\"Valika\",\"url\":\"https:\/\/valika.eu\/fi\/\",\"logo\":{\"@type\":\"ImageObject\",\"inLanguage\":\"fi\",\"@id\":\"https:\/\/valika.eu\/fi\/#\/schema\/logo\/image\/\",\"url\":\"https:\/\/valika.eu\/wp-content\/uploads\/2023\/11\/logo2-valika-footer.png\",\"contentUrl\":\"https:\/\/valika.eu\/wp-content\/uploads\/2023\/11\/logo2-valika-footer.png\",\"width\":200,\"height\":129,\"caption\":\"Salongitoode O\u00dc\"},\"image\":{\"@id\":\"https:\/\/valika.eu\/fi\/#\/schema\/logo\/image\/\"},\"sameAs\":[\"https:\/\/www.facebook.com\/tipsi.net\"]}]}<\/script>\n<!-- \/ Yoast SEO plugin. -->","yoast_head_json":{"title":"PALU Gelpolish Tbilisi TB8 -11 g | Valika","robots":{"index":"index","follow":"follow","max-snippet":"max-snippet:-1","max-image-preview":"max-image-preview:large","max-video-preview":"max-video-preview:-1"},"canonical":"https:\/\/valika.eu\/fi\/toode\/palu-gelpolish-tbilisi-tb8-11-g\/","og_locale":"fi_FI","og_type":"article","og_title":"PALU Gelpolish Tbilisi TB8 -11 g | Valika","og_description":"Kun ilta laskeutuu Tbilisin ylle, kaupunki kimaltelee syvin, kyll\u00e4isin v\u00e4rein. TB8, tummanruskea hieman viininpunaista, on v\u00e4ri, joka heijastaa Georgian viinin","og_url":"https:\/\/valika.eu\/fi\/toode\/palu-gelpolish-tbilisi-tb8-11-g\/","og_site_name":"Valika","article_publisher":"https:\/\/www.facebook.com\/tipsi.net","article_modified_time":"2025-10-14T08:38:18+00:00","og_image":[{"width":1080,"height":1080,"url":"https:\/\/valika.eu\/wp-content\/uploads\/2024\/10\/5951.webp","type":"image\/webp"}],"twitter_card":"summary_large_image","schema":{"@context":"https:\/\/schema.org","@graph":[{"@type":"WebPage","@id":"https:\/\/valika.eu\/fi\/toode\/palu-gelpolish-tbilisi-tb8-11-g\/","url":"https:\/\/valika.eu\/fi\/toode\/palu-gelpolish-tbilisi-tb8-11-g\/","name":"PALU Gelpolish Tbilisi TB8 -11 g | Valika","isPartOf":{"@id":"https:\/\/valika.eu\/fi\/#website"},"primaryImageOfPage":{"@id":"https:\/\/valika.eu\/fi\/toode\/palu-gelpolish-tbilisi-tb8-11-g\/#primaryimage"},"image":{"@id":"https:\/\/valika.eu\/toode\/palu-gelpolish-tbilisi-tb8-11-g\/#primaryimage"},"thumbnailUrl":"https:\/\/valika.eu\/wp-content\/uploads\/2024\/10\/5951.webp","datePublished":"2024-10-13T10:28:40+00:00","dateModified":"2025-10-14T08:38:18+00:00","breadcrumb":{"@id":"https:\/\/valika.eu\/fi\/toode\/palu-gelpolish-tbilisi-tb8-11-g\/#breadcrumb"},"inLanguage":"fi","potentialAction":[{"@type":"ReadAction","target":[["https:\/\/valika.eu\/fi\/toode\/palu-gelpolish-tbilisi-tb8-11-g\/"]]}]},{"@type":"ImageObject","inLanguage":"fi","@id":"https:\/\/valika.eu\/fi\/toode\/palu-gelpolish-tbilisi-tb8-11-g\/#primaryimage","url":"https:\/\/valika.eu\/wp-content\/uploads\/2024\/10\/5951.webp","contentUrl":"https:\/\/valika.eu\/wp-content\/uploads\/2024\/10\/5951.webp","width":1080,"height":1080},{"@type":"BreadcrumbList","@id":"https:\/\/valika.eu\/fi\/toode\/palu-gelpolish-tbilisi-tb8-11-g\/#breadcrumb","itemListElement":[{"@type":"ListItem","position":1,"name":"Koti","item":"https:\/\/valika.eu\/fi\/"},{"@type":"ListItem","position":2,"name":"Shop","item":"https:\/\/valika.eu\/fi\/"},{"@type":"ListItem","position":3,"name":"PALU Gelpolish Tbilisi TB8 -11 g"}]},{"@type":"WebSite","@id":"https:\/\/valika.eu\/fi\/#website","url":"https:\/\/valika.eu\/fi\/","name":"Valika.eu","description":"Salonkituotteet ja kauneudenhoitotuotteet - Valika tarjoaa laajan valikoiman tuotteita ja tarvikkeita kynsiteknikoille, kauneushoitoloille, kampaamoille ja kampaamoille.","publisher":{"@id":"https:\/\/valika.eu\/fi\/#organization"},"alternateName":"Valika","potentialAction":[{"@type":"SearchAction","target":{"@type":"EntryPoint","urlTemplate":"https:\/\/valika.eu\/fi\/?s={search_term_string}"},"query-input":{"@type":"PropertyValueSpecification","valueRequired":true,"valueName":"search_term_string"}}],"inLanguage":"fi"},{"@type":"Organization","@id":"https:\/\/valika.eu\/fi\/#organization","name":"Salongitoode O\u00dc","alternateName":"Valika","url":"https:\/\/valika.eu\/fi\/","logo":{"@type":"ImageObject","inLanguage":"fi","@id":"https:\/\/valika.eu\/fi\/#\/schema\/logo\/image\/","url":"https:\/\/valika.eu\/wp-content\/uploads\/2023\/11\/logo2-valika-footer.png","contentUrl":"https:\/\/valika.eu\/wp-content\/uploads\/2023\/11\/logo2-valika-footer.png","width":200,"height":129,"caption":"Salongitoode O\u00dc"},"image":{"@id":"https:\/\/valika.eu\/fi\/#\/schema\/logo\/image\/"},"sameAs":["https:\/\/www.facebook.com\/tipsi.net"]}]}},"jetpack_sharing_enabled":true,"_links":{"self":[{"href":"https:\/\/valika.eu\/fi\/wp-json\/wp\/v2\/product\/7419","targetHints":{"allow":["GET"]}}],"collection":[{"href":"https:\/\/valika.eu\/fi\/wp-json\/wp\/v2\/product"}],"about":[{"href":"https:\/\/valika.eu\/fi\/wp-json\/wp\/v2\/types\/product"}],"wp:featuredmedia":[{"embeddable":true,"href":"https:\/\/valika.eu\/fi\/wp-json\/wp\/v2\/media\/7418"}],"wp:attachment":[{"href":"https:\/\/valika.eu\/fi\/wp-json\/wp\/v2\/media?parent=7419"}],"wp:term":[{"taxonomy":"product_brand","embeddable":true,"href":"https:\/\/valika.eu\/fi\/wp-json\/wp\/v2\/product_brand?post=7419"},{"taxonomy":"product_cat","embeddable":true,"href":"https:\/\/valika.eu\/fi\/wp-json\/wp\/v2\/product_cat?post=7419"},{"taxonomy":"product_tag","embeddable":true,"href":"https:\/\/valika.eu\/fi\/wp-json\/wp\/v2\/product_tag?post=7419"}],"curies":[{"name":"wp","href":"https:\/\/api.w.org\/{rel}","templated":true}]}}