{"id":7729,"date":"2024-10-14T02:44:03","date_gmt":"2024-10-13T23:44:03","guid":{"rendered":"https:\/\/valika.eu\/toode\/claresa-kitulec-karaoke-geellakk-5g\/"},"modified":"2026-04-02T22:25:23","modified_gmt":"2026-04-02T19:25:23","slug":"claresa-kitulec-karaoke-geellakk-5g","status":"publish","type":"product","link":"https:\/\/valika.eu\/fi\/toode\/claresa-kitulec-karaoke-geellakk-5g\/","title":{"rendered":"Claresa Kitulec Karaoke geelilakka -5g"},"content":{"rendered":"<p><\/p>\n<p>Myrsky kiharoita, h\u00e4ik\u00e4isev\u00e4\u00e4 kiiltoa, t\u00e4ydelliset ter\u00e4v\u00e4t kynnet&#8230; Claresa &amp; Kitulec -mallisto syntyi yhteisty\u00f6n tuloksena Katarzyna Ka\u0142uskan kanssa, joka tunnetaan paremmin verkossa nimell\u00e4 Kitulec. H\u00e4n on yksi Puolan YouTuben tunnetuimmista kasvoista, joka tunnetaan hehkustaan, joka on h\u00e4nen tavaramerkkins\u00e4. Kasia, vaikuttajana, ylitt\u00e4\u00e4 meikkigurun puitteet ja opettaa paitsi n\u00e4ytt\u00e4m\u00e4\u00e4n kauniilta, my\u00f6s valitsemaan tyylej\u00e4 ja mill\u00e4 niit\u00e4 t\u00e4ydent\u00e4\u00e4. H\u00e4n on kiistaton vempaimien ja rihkamon kuningatar, jonka suosituksiin voi aina luottaa.<\/p>\n<p>Olemme luoneet yhdess\u00e4 Kitulecin kanssa 2 mallistoa, joista saadaan yhteens\u00e4 14 hybridikynsilakkaa, jotka heijastavat Kasian makua &#8211; yhdistelm\u00e4 klassisia, naisellisia nudeja ja trooppisia, intensiivisi\u00e4 s\u00e4vyj\u00e4. N\u00e4in laajan valikoiman avulla voit ilmaista tyyli\u00e4si miss\u00e4 tahansa tilanteessa ja pelata \u00e4\u00e4rett\u00f6m\u00e4ll\u00e4 m\u00e4\u00e4r\u00e4ll\u00e4 yhdistelmi\u00e4.<\/p>\n<p><strong>K&#8217;CLASSIC Kitulec<\/strong> -kokoelma on klassikko kahdeksassa t\u00e4ydellisesti yhteensopivassa v\u00e4rit. T\u00e4ydellisesti valituilla v\u00e4reill\u00e4 voit luoda ajattomia, klassisia ja elegantteja tyylej\u00e4, joissa on hieman ylellisyytt\u00e4, samalla kun s\u00e4ilyt\u00e4t suuren annoksen nykyaikaisuutta.<\/p>\n<\/p>\n<p><strong>K&#8217;CLASSIC COLLECTION :<\/strong><\/ p> <\/p>\n<ul>\n<li>KARAOKE \u2013 tiilioranssi<\/li>\n<li>KIARA \u2013 hillitty punainen<\/li>\n<li>KNOCK KNOCK \u2013 hyvin tumma violetti<\/li>\n<li> KITTY \u2013 puuterin vaaleanpunainen<\/li>\n<li>CARAMEL \u2013 viile\u00e4 beige<\/li>\n<li>KAJMAK \u2013 l\u00e4mmin ruskea<\/li>\n<li>KAVA \u2013 hyvin tummanruskea hiukkasilla<\/li>\n<li>KALEIDOSCOPE \u2013 tumma tummansininen hiukkasilla<\/li>\n<\/ul>\n<p><strong>OMINAISUUDET:<\/strong><\/p>\n<ul>\n<li>ongelmaton levitys ilman, ett\u00e4 kynsinauhoja roiskuu <\/li>\n<li>intensiivinen pigmentaatio<\/li>\n<p> li&gt; <\/p>\n<li>ihanteellinen, keskitiheys<\/li>\n<li>kest\u00e4vyys jopa 3 viikkoa<\/li>\n<li>kapasiteetti: 5 g<\/li>\n<\/ul>\n<p> <strong>K\u00c4SITTELY<\/strong><\/p>\n<p>Levit\u00e4 ohut kerros v\u00e4rillist\u00e4 hybridilakkaa aiemmin kovetetun Claresa hybridipohjan p\u00e4\u00e4lle ja koveta se UV\/ LED lamppu. Voit toistaa toiminnon saadaksesi tyydytt\u00e4v\u00e4n vaikutuksen. Varmista muotoilu levitt\u00e4m\u00e4ll\u00e4 ja kovettamalla TOP Claresaa.<\/p>\n<p><\/p>","protected":false},"excerpt":{"rendered":"<p>Myrsky kiharoita, h\u00e4ik\u00e4isev\u00e4\u00e4 kiiltoa, t\u00e4ydelliset ter\u00e4v\u00e4t kynnet&#8230; Claresa &amp; Kitulec -mallisto syntyi yhteisty\u00f6n tuloksena Katarzyna Ka\u0142uskan kanssa, joka tunnetaan paremmin<\/p>\n","protected":false},"featured_media":7728,"template":"","meta":[],"product_brand":[],"product_cat":[569],"product_tag":[],"class_list":{"0":"post-7729","1":"product","2":"type-product","3":"status-publish","4":"has-post-thumbnail","6":"product_cat-kitulec","8":"first","9":"outofstock","10":"taxable","11":"shipping-taxable","12":"purchasable","13":"product-type-simple"},"yoast_head":"<!-- This site is optimized with the Yoast SEO plugin v24.4 - https:\/\/yoast.com\/wordpress\/plugins\/seo\/ -->\n<title>Claresa Kitulec Karaoke geelilakka -5g | Valika<\/title>\n<meta name=\"robots\" content=\"index, follow, max-snippet:-1, max-image-preview:large, max-video-preview:-1\" \/>\n<link rel=\"canonical\" href=\"https:\/\/valika.eu\/fi\/toode\/claresa-kitulec-karaoke-geellakk-5g\/\" \/>\n<meta property=\"og:locale\" content=\"fi_FI\" \/>\n<meta property=\"og:type\" content=\"article\" \/>\n<meta property=\"og:title\" content=\"Claresa Kitulec Karaoke geelilakka -5g | Valika\" \/>\n<meta property=\"og:description\" content=\"Myrsky kiharoita, h\u00e4ik\u00e4isev\u00e4\u00e4 kiiltoa, t\u00e4ydelliset ter\u00e4v\u00e4t kynnet&#8230; Claresa &amp; Kitulec -mallisto syntyi yhteisty\u00f6n tuloksena Katarzyna Ka\u0142uskan kanssa, joka tunnetaan paremmin\" \/>\n<meta property=\"og:url\" content=\"https:\/\/valika.eu\/fi\/toode\/claresa-kitulec-karaoke-geellakk-5g\/\" \/>\n<meta property=\"og:site_name\" content=\"Valika\" \/>\n<meta property=\"article:publisher\" content=\"https:\/\/www.facebook.com\/tipsi.net\" \/>\n<meta property=\"article:modified_time\" content=\"2026-04-02T19:25:23+00:00\" \/>\n<meta property=\"og:image\" content=\"https:\/\/valika.eu\/wp-content\/uploads\/2024\/10\/14342-1024x1024.png\" \/>\n\t<meta property=\"og:image:width\" content=\"1024\" \/>\n\t<meta property=\"og:image:height\" content=\"1024\" \/>\n\t<meta property=\"og:image:type\" content=\"image\/png\" \/>\n<meta name=\"twitter:card\" content=\"summary_large_image\" \/>\n<script type=\"application\/ld+json\" class=\"yoast-schema-graph\">{\"@context\":\"https:\/\/schema.org\",\"@graph\":[{\"@type\":\"WebPage\",\"@id\":\"https:\/\/valika.eu\/fi\/toode\/claresa-kitulec-karaoke-geellakk-5g\/\",\"url\":\"https:\/\/valika.eu\/fi\/toode\/claresa-kitulec-karaoke-geellakk-5g\/\",\"name\":\"Claresa Kitulec Karaoke geelilakka -5g | Valika\",\"isPartOf\":{\"@id\":\"https:\/\/valika.eu\/fi\/#website\"},\"primaryImageOfPage\":{\"@id\":\"https:\/\/valika.eu\/fi\/toode\/claresa-kitulec-karaoke-geellakk-5g\/#primaryimage\"},\"image\":{\"@id\":\"https:\/\/valika.eu\/toode\/claresa-kitulec-karaoke-geellakk-5g\/#primaryimage\"},\"thumbnailUrl\":\"https:\/\/valika.eu\/wp-content\/uploads\/2024\/10\/14342.png\",\"datePublished\":\"2024-10-13T23:44:03+00:00\",\"dateModified\":\"2026-04-02T19:25:23+00:00\",\"breadcrumb\":{\"@id\":\"https:\/\/valika.eu\/fi\/toode\/claresa-kitulec-karaoke-geellakk-5g\/#breadcrumb\"},\"inLanguage\":\"fi\",\"potentialAction\":[{\"@type\":\"ReadAction\",\"target\":[[\"https:\/\/valika.eu\/fi\/toode\/claresa-kitulec-karaoke-geellakk-5g\/\"]]}]},{\"@type\":\"ImageObject\",\"inLanguage\":\"fi\",\"@id\":\"https:\/\/valika.eu\/fi\/toode\/claresa-kitulec-karaoke-geellakk-5g\/#primaryimage\",\"url\":\"https:\/\/valika.eu\/wp-content\/uploads\/2024\/10\/14342.png\",\"contentUrl\":\"https:\/\/valika.eu\/wp-content\/uploads\/2024\/10\/14342.png\",\"width\":5000,\"height\":5000},{\"@type\":\"BreadcrumbList\",\"@id\":\"https:\/\/valika.eu\/fi\/toode\/claresa-kitulec-karaoke-geellakk-5g\/#breadcrumb\",\"itemListElement\":[{\"@type\":\"ListItem\",\"position\":1,\"name\":\"Koti\",\"item\":\"https:\/\/valika.eu\/fi\/\"},{\"@type\":\"ListItem\",\"position\":2,\"name\":\"Shop\",\"item\":\"https:\/\/valika.eu\/fi\/\"},{\"@type\":\"ListItem\",\"position\":3,\"name\":\"Claresa Kitulec Karaoke gel polish -5g\"}]},{\"@type\":\"WebSite\",\"@id\":\"https:\/\/valika.eu\/fi\/#website\",\"url\":\"https:\/\/valika.eu\/fi\/\",\"name\":\"Valika.eu\",\"description\":\"Salonkituotteet ja kauneudenhoitotuotteet - Valika tarjoaa laajan valikoiman tuotteita ja tarvikkeita kynsiteknikoille, kauneushoitoloille, kampaamoille ja kampaamoille.\",\"publisher\":{\"@id\":\"https:\/\/valika.eu\/fi\/#organization\"},\"alternateName\":\"Valika\",\"potentialAction\":[{\"@type\":\"SearchAction\",\"target\":{\"@type\":\"EntryPoint\",\"urlTemplate\":\"https:\/\/valika.eu\/fi\/?s={search_term_string}\"},\"query-input\":{\"@type\":\"PropertyValueSpecification\",\"valueRequired\":true,\"valueName\":\"search_term_string\"}}],\"inLanguage\":\"fi\"},{\"@type\":\"Organization\",\"@id\":\"https:\/\/valika.eu\/fi\/#organization\",\"name\":\"Salongitoode O\u00dc\",\"alternateName\":\"Valika\",\"url\":\"https:\/\/valika.eu\/fi\/\",\"logo\":{\"@type\":\"ImageObject\",\"inLanguage\":\"fi\",\"@id\":\"https:\/\/valika.eu\/fi\/#\/schema\/logo\/image\/\",\"url\":\"https:\/\/valika.eu\/wp-content\/uploads\/2023\/11\/logo2-valika-footer.png\",\"contentUrl\":\"https:\/\/valika.eu\/wp-content\/uploads\/2023\/11\/logo2-valika-footer.png\",\"width\":200,\"height\":129,\"caption\":\"Salongitoode O\u00dc\"},\"image\":{\"@id\":\"https:\/\/valika.eu\/fi\/#\/schema\/logo\/image\/\"},\"sameAs\":[\"https:\/\/www.facebook.com\/tipsi.net\"]}]}<\/script>\n<!-- \/ Yoast SEO plugin. -->","yoast_head_json":{"title":"Claresa Kitulec Karaoke geelilakka -5g | Valika","robots":{"index":"index","follow":"follow","max-snippet":"max-snippet:-1","max-image-preview":"max-image-preview:large","max-video-preview":"max-video-preview:-1"},"canonical":"https:\/\/valika.eu\/fi\/toode\/claresa-kitulec-karaoke-geellakk-5g\/","og_locale":"fi_FI","og_type":"article","og_title":"Claresa Kitulec Karaoke geelilakka -5g | Valika","og_description":"Myrsky kiharoita, h\u00e4ik\u00e4isev\u00e4\u00e4 kiiltoa, t\u00e4ydelliset ter\u00e4v\u00e4t kynnet&#8230; Claresa &amp; Kitulec -mallisto syntyi yhteisty\u00f6n tuloksena Katarzyna Ka\u0142uskan kanssa, joka tunnetaan paremmin","og_url":"https:\/\/valika.eu\/fi\/toode\/claresa-kitulec-karaoke-geellakk-5g\/","og_site_name":"Valika","article_publisher":"https:\/\/www.facebook.com\/tipsi.net","article_modified_time":"2026-04-02T19:25:23+00:00","og_image":[{"width":1024,"height":1024,"url":"https:\/\/valika.eu\/wp-content\/uploads\/2024\/10\/14342-1024x1024.png","type":"image\/png"}],"twitter_card":"summary_large_image","schema":{"@context":"https:\/\/schema.org","@graph":[{"@type":"WebPage","@id":"https:\/\/valika.eu\/fi\/toode\/claresa-kitulec-karaoke-geellakk-5g\/","url":"https:\/\/valika.eu\/fi\/toode\/claresa-kitulec-karaoke-geellakk-5g\/","name":"Claresa Kitulec Karaoke geelilakka -5g | Valika","isPartOf":{"@id":"https:\/\/valika.eu\/fi\/#website"},"primaryImageOfPage":{"@id":"https:\/\/valika.eu\/fi\/toode\/claresa-kitulec-karaoke-geellakk-5g\/#primaryimage"},"image":{"@id":"https:\/\/valika.eu\/toode\/claresa-kitulec-karaoke-geellakk-5g\/#primaryimage"},"thumbnailUrl":"https:\/\/valika.eu\/wp-content\/uploads\/2024\/10\/14342.png","datePublished":"2024-10-13T23:44:03+00:00","dateModified":"2026-04-02T19:25:23+00:00","breadcrumb":{"@id":"https:\/\/valika.eu\/fi\/toode\/claresa-kitulec-karaoke-geellakk-5g\/#breadcrumb"},"inLanguage":"fi","potentialAction":[{"@type":"ReadAction","target":[["https:\/\/valika.eu\/fi\/toode\/claresa-kitulec-karaoke-geellakk-5g\/"]]}]},{"@type":"ImageObject","inLanguage":"fi","@id":"https:\/\/valika.eu\/fi\/toode\/claresa-kitulec-karaoke-geellakk-5g\/#primaryimage","url":"https:\/\/valika.eu\/wp-content\/uploads\/2024\/10\/14342.png","contentUrl":"https:\/\/valika.eu\/wp-content\/uploads\/2024\/10\/14342.png","width":5000,"height":5000},{"@type":"BreadcrumbList","@id":"https:\/\/valika.eu\/fi\/toode\/claresa-kitulec-karaoke-geellakk-5g\/#breadcrumb","itemListElement":[{"@type":"ListItem","position":1,"name":"Koti","item":"https:\/\/valika.eu\/fi\/"},{"@type":"ListItem","position":2,"name":"Shop","item":"https:\/\/valika.eu\/fi\/"},{"@type":"ListItem","position":3,"name":"Claresa Kitulec Karaoke gel polish -5g"}]},{"@type":"WebSite","@id":"https:\/\/valika.eu\/fi\/#website","url":"https:\/\/valika.eu\/fi\/","name":"Valika.eu","description":"Salonkituotteet ja kauneudenhoitotuotteet - Valika tarjoaa laajan valikoiman tuotteita ja tarvikkeita kynsiteknikoille, kauneushoitoloille, kampaamoille ja kampaamoille.","publisher":{"@id":"https:\/\/valika.eu\/fi\/#organization"},"alternateName":"Valika","potentialAction":[{"@type":"SearchAction","target":{"@type":"EntryPoint","urlTemplate":"https:\/\/valika.eu\/fi\/?s={search_term_string}"},"query-input":{"@type":"PropertyValueSpecification","valueRequired":true,"valueName":"search_term_string"}}],"inLanguage":"fi"},{"@type":"Organization","@id":"https:\/\/valika.eu\/fi\/#organization","name":"Salongitoode O\u00dc","alternateName":"Valika","url":"https:\/\/valika.eu\/fi\/","logo":{"@type":"ImageObject","inLanguage":"fi","@id":"https:\/\/valika.eu\/fi\/#\/schema\/logo\/image\/","url":"https:\/\/valika.eu\/wp-content\/uploads\/2023\/11\/logo2-valika-footer.png","contentUrl":"https:\/\/valika.eu\/wp-content\/uploads\/2023\/11\/logo2-valika-footer.png","width":200,"height":129,"caption":"Salongitoode O\u00dc"},"image":{"@id":"https:\/\/valika.eu\/fi\/#\/schema\/logo\/image\/"},"sameAs":["https:\/\/www.facebook.com\/tipsi.net"]}]}},"jetpack_sharing_enabled":true,"_links":{"self":[{"href":"https:\/\/valika.eu\/fi\/wp-json\/wp\/v2\/product\/7729","targetHints":{"allow":["GET"]}}],"collection":[{"href":"https:\/\/valika.eu\/fi\/wp-json\/wp\/v2\/product"}],"about":[{"href":"https:\/\/valika.eu\/fi\/wp-json\/wp\/v2\/types\/product"}],"wp:featuredmedia":[{"embeddable":true,"href":"https:\/\/valika.eu\/fi\/wp-json\/wp\/v2\/media\/7728"}],"wp:attachment":[{"href":"https:\/\/valika.eu\/fi\/wp-json\/wp\/v2\/media?parent=7729"}],"wp:term":[{"taxonomy":"product_brand","embeddable":true,"href":"https:\/\/valika.eu\/fi\/wp-json\/wp\/v2\/product_brand?post=7729"},{"taxonomy":"product_cat","embeddable":true,"href":"https:\/\/valika.eu\/fi\/wp-json\/wp\/v2\/product_cat?post=7729"},{"taxonomy":"product_tag","embeddable":true,"href":"https:\/\/valika.eu\/fi\/wp-json\/wp\/v2\/product_tag?post=7729"}],"curies":[{"name":"wp","href":"https:\/\/api.w.org\/{rel}","templated":true}]}}