{"id":7735,"date":"2024-10-14T02:44:23","date_gmt":"2024-10-13T23:44:23","guid":{"rendered":"https:\/\/valika.eu\/toode\/claresa-kitulec-kpitaya-geellakk-5g\/"},"modified":"2025-12-01T13:33:51","modified_gmt":"2025-12-01T11:33:51","slug":"claresa-kitulec-kpitaya-geellakk-5g","status":"publish","type":"product","link":"https:\/\/valika.eu\/fi\/toode\/claresa-kitulec-kpitaya-geellakk-5g\/","title":{"rendered":"Claresa Kitulec K`Pitaya geelilakka -5g"},"content":{"rendered":"<p><\/p>\n<p>Myrsky kiharoita, h\u00e4ik\u00e4isev\u00e4\u00e4 kiiltoa, t\u00e4ydelliset ter\u00e4v\u00e4t kynnet&#8230; Claresa &#038; Kitulec -mallisto syntyi yhteisty\u00f6n tuloksena Katarzyna Ka\u0142uskan kanssa, joka tunnetaan paremmin nimell\u00e4 Kitulec. H\u00e4n on yksi Puolan YouTuben tunnetuimmista kasvoista, joka tunnetaan hehkustaan, joka on h\u00e4nen tavaramerkkins\u00e4. Kasia, vaikuttajana, ylitt\u00e4\u00e4 meikkigurun puitteet ja opettaa paitsi n\u00e4ytt\u00e4m\u00e4\u00e4n kauniilta, my\u00f6s valitsemaan tyylej\u00e4 ja mill\u00e4 niit\u00e4 t\u00e4ydent\u00e4\u00e4. H\u00e4n on kiistaton vempaimien ja rihkamon kuningatar, jonka suosituksiin voi aina luottaa.<\/p>\n<p>Olemme luoneet yhdess\u00e4 Kitulecin kanssa 2 mallistoa, joista saadaan yhteens\u00e4 14 hybridikynsilakkaa, jotka heijastavat Kasian makua &#8211; yhdistelm\u00e4 klassisia, naisellisia nudeja ja trooppisia, intensiivisi\u00e4 s\u00e4vyj\u00e4. N\u00e4in laajan valikoiman avulla voit ilmaista tyyli\u00e4si miss\u00e4 tahansa tilanteessa ja leikki\u00e4 \u00e4\u00e4rett\u00f6m\u00e4ll\u00e4 m\u00e4\u00e4r\u00e4ll\u00e4 yhdistelmi\u00e4.<\/p>\n<p><strong>K&#8217;FRUIT Kitulec<\/strong> -mallisto on t\u00e4ydellinen kes\u00e4kauden s\u00e4vy. , niiden ansiosta eksoottisten hedelmien inspiroimat kynsilakkaukset antavat sinun luoda mehukkaita, ainutlaatuisia tyylej\u00e4.<\/p>\n<p><strong>K&#8217;FRUIT COLLECTION:<\/strong><\/p>\n<ul>\n<li>K &#8216;MANGO &#8211; vaalean oranssi<\/li>\n<li> K&#8217;GRAPE &#8211; tumman violetti<\/li>\n<li>K&#8217;GUAVA &#8211; tumma karamellipunainen<\/li>\n<li>K&#8217;BLUEBERRY &#8211; turkoosinsininen<\/li>\n<p> < li>K&#8217;IWI &#8211; viile\u00e4 vihre\u00e4<\/li>\n<li>K&#8217;PITAYA &#8211; korallinpunainen<\/li>\n<\/ul>\n<p><strong>OMINAISUUDET:<\/strong><\/p>\n<ul>\n<li >ongelmaton levitys, levitt\u00e4m\u00e4tt\u00e4 kynsinauhoja<\/li>\n<p> < li>intensiivinen pigmentaatio<\/li>\n<li>t\u00e4ydellinen, keskitiheys<\/li>\n<li>kesto jopa 3 viikkoa<\/li>\n<li>kapasiteetti : 5 g<\/li>\n<\/ul>\n<p><strong>K\u00c4YTT\u00d6:<\/strong><\/p>\n<p>Levit\u00e4 ohut kerros v\u00e4rillist\u00e4 hybridilakkaa aiemmin kovetetun Claresa-hybridipohjan p\u00e4\u00e4lle ja koveta se UV\/LED lamppu. Voit toistaa toiminnon saadaksesi tyydytt\u00e4v\u00e4n vaikutuksen. Varmista muotoilu levitt\u00e4m\u00e4ll\u00e4 ja kovettamalla TOP Claresaa.<\/p>","protected":false},"excerpt":{"rendered":"<p>Myrsky kiharoita, h\u00e4ik\u00e4isev\u00e4\u00e4 kiiltoa, t\u00e4ydelliset ter\u00e4v\u00e4t kynnet&#8230; Claresa &#038; Kitulec -mallisto syntyi yhteisty\u00f6n tuloksena Katarzyna Ka\u0142uskan kanssa, joka tunnetaan paremmin<\/p>\n","protected":false},"featured_media":7734,"template":"","meta":[],"product_brand":[],"product_cat":[569],"product_tag":[],"class_list":{"0":"post-7735","1":"product","2":"type-product","3":"status-publish","4":"has-post-thumbnail","6":"product_cat-kitulec","8":"first","9":"outofstock","10":"taxable","11":"shipping-taxable","12":"purchasable","13":"product-type-simple"},"yoast_head":"<!-- This site is optimized with the Yoast SEO plugin v24.4 - https:\/\/yoast.com\/wordpress\/plugins\/seo\/ -->\n<title>Claresa Kitulec K`Pitaya geelilakka -5g | Valika<\/title>\n<meta name=\"robots\" content=\"index, follow, max-snippet:-1, max-image-preview:large, max-video-preview:-1\" \/>\n<link rel=\"canonical\" href=\"https:\/\/valika.eu\/fi\/toode\/claresa-kitulec-kpitaya-geellakk-5g\/\" \/>\n<meta property=\"og:locale\" content=\"fi_FI\" \/>\n<meta property=\"og:type\" content=\"article\" \/>\n<meta property=\"og:title\" content=\"Claresa Kitulec K`Pitaya geelilakka -5g | Valika\" \/>\n<meta property=\"og:description\" content=\"Myrsky kiharoita, h\u00e4ik\u00e4isev\u00e4\u00e4 kiiltoa, t\u00e4ydelliset ter\u00e4v\u00e4t kynnet&#8230; Claresa &#038; Kitulec -mallisto syntyi yhteisty\u00f6n tuloksena Katarzyna Ka\u0142uskan kanssa, joka tunnetaan paremmin\" \/>\n<meta property=\"og:url\" content=\"https:\/\/valika.eu\/fi\/toode\/claresa-kitulec-kpitaya-geellakk-5g\/\" \/>\n<meta property=\"og:site_name\" content=\"Valika\" \/>\n<meta property=\"article:publisher\" content=\"https:\/\/www.facebook.com\/tipsi.net\" \/>\n<meta property=\"article:modified_time\" content=\"2025-12-01T11:33:51+00:00\" \/>\n<meta property=\"og:image\" content=\"https:\/\/valika.eu\/wp-content\/uploads\/2024\/10\/14344-1024x1024.png\" \/>\n\t<meta property=\"og:image:width\" content=\"1024\" \/>\n\t<meta property=\"og:image:height\" content=\"1024\" \/>\n\t<meta property=\"og:image:type\" content=\"image\/png\" \/>\n<meta name=\"twitter:card\" content=\"summary_large_image\" \/>\n<script type=\"application\/ld+json\" class=\"yoast-schema-graph\">{\"@context\":\"https:\/\/schema.org\",\"@graph\":[{\"@type\":\"WebPage\",\"@id\":\"https:\/\/valika.eu\/fi\/toode\/claresa-kitulec-kpitaya-geellakk-5g\/\",\"url\":\"https:\/\/valika.eu\/fi\/toode\/claresa-kitulec-kpitaya-geellakk-5g\/\",\"name\":\"Claresa Kitulec K`Pitaya geelilakka -5g | Valika\",\"isPartOf\":{\"@id\":\"https:\/\/valika.eu\/fi\/#website\"},\"primaryImageOfPage\":{\"@id\":\"https:\/\/valika.eu\/fi\/toode\/claresa-kitulec-kpitaya-geellakk-5g\/#primaryimage\"},\"image\":{\"@id\":\"https:\/\/valika.eu\/toode\/claresa-kitulec-kpitaya-geellakk-5g\/#primaryimage\"},\"thumbnailUrl\":\"https:\/\/valika.eu\/wp-content\/uploads\/2024\/10\/14344.png\",\"datePublished\":\"2024-10-13T23:44:23+00:00\",\"dateModified\":\"2025-12-01T11:33:51+00:00\",\"breadcrumb\":{\"@id\":\"https:\/\/valika.eu\/fi\/toode\/claresa-kitulec-kpitaya-geellakk-5g\/#breadcrumb\"},\"inLanguage\":\"fi\",\"potentialAction\":[{\"@type\":\"ReadAction\",\"target\":[[\"https:\/\/valika.eu\/fi\/toode\/claresa-kitulec-kpitaya-geellakk-5g\/\"]]}]},{\"@type\":\"ImageObject\",\"inLanguage\":\"fi\",\"@id\":\"https:\/\/valika.eu\/fi\/toode\/claresa-kitulec-kpitaya-geellakk-5g\/#primaryimage\",\"url\":\"https:\/\/valika.eu\/wp-content\/uploads\/2024\/10\/14344.png\",\"contentUrl\":\"https:\/\/valika.eu\/wp-content\/uploads\/2024\/10\/14344.png\",\"width\":5000,\"height\":5000},{\"@type\":\"BreadcrumbList\",\"@id\":\"https:\/\/valika.eu\/fi\/toode\/claresa-kitulec-kpitaya-geellakk-5g\/#breadcrumb\",\"itemListElement\":[{\"@type\":\"ListItem\",\"position\":1,\"name\":\"Koti\",\"item\":\"https:\/\/valika.eu\/fi\/\"},{\"@type\":\"ListItem\",\"position\":2,\"name\":\"Shop\",\"item\":\"https:\/\/valika.eu\/fi\/\"},{\"@type\":\"ListItem\",\"position\":3,\"name\":\"Claresa Kitulec K`Pitaya gel polish -5g\"}]},{\"@type\":\"WebSite\",\"@id\":\"https:\/\/valika.eu\/fi\/#website\",\"url\":\"https:\/\/valika.eu\/fi\/\",\"name\":\"Valika.eu\",\"description\":\"Salonkituotteet ja kauneudenhoitotuotteet - Valika tarjoaa laajan valikoiman tuotteita ja tarvikkeita kynsiteknikoille, kauneushoitoloille, kampaamoille ja kampaamoille.\",\"publisher\":{\"@id\":\"https:\/\/valika.eu\/fi\/#organization\"},\"alternateName\":\"Valika\",\"potentialAction\":[{\"@type\":\"SearchAction\",\"target\":{\"@type\":\"EntryPoint\",\"urlTemplate\":\"https:\/\/valika.eu\/fi\/?s={search_term_string}\"},\"query-input\":{\"@type\":\"PropertyValueSpecification\",\"valueRequired\":true,\"valueName\":\"search_term_string\"}}],\"inLanguage\":\"fi\"},{\"@type\":\"Organization\",\"@id\":\"https:\/\/valika.eu\/fi\/#organization\",\"name\":\"Salongitoode O\u00dc\",\"alternateName\":\"Valika\",\"url\":\"https:\/\/valika.eu\/fi\/\",\"logo\":{\"@type\":\"ImageObject\",\"inLanguage\":\"fi\",\"@id\":\"https:\/\/valika.eu\/fi\/#\/schema\/logo\/image\/\",\"url\":\"https:\/\/valika.eu\/wp-content\/uploads\/2023\/11\/logo2-valika-footer.png\",\"contentUrl\":\"https:\/\/valika.eu\/wp-content\/uploads\/2023\/11\/logo2-valika-footer.png\",\"width\":200,\"height\":129,\"caption\":\"Salongitoode O\u00dc\"},\"image\":{\"@id\":\"https:\/\/valika.eu\/fi\/#\/schema\/logo\/image\/\"},\"sameAs\":[\"https:\/\/www.facebook.com\/tipsi.net\"]}]}<\/script>\n<!-- \/ Yoast SEO plugin. -->","yoast_head_json":{"title":"Claresa Kitulec K`Pitaya geelilakka -5g | Valika","robots":{"index":"index","follow":"follow","max-snippet":"max-snippet:-1","max-image-preview":"max-image-preview:large","max-video-preview":"max-video-preview:-1"},"canonical":"https:\/\/valika.eu\/fi\/toode\/claresa-kitulec-kpitaya-geellakk-5g\/","og_locale":"fi_FI","og_type":"article","og_title":"Claresa Kitulec K`Pitaya geelilakka -5g | Valika","og_description":"Myrsky kiharoita, h\u00e4ik\u00e4isev\u00e4\u00e4 kiiltoa, t\u00e4ydelliset ter\u00e4v\u00e4t kynnet&#8230; Claresa &#038; Kitulec -mallisto syntyi yhteisty\u00f6n tuloksena Katarzyna Ka\u0142uskan kanssa, joka tunnetaan paremmin","og_url":"https:\/\/valika.eu\/fi\/toode\/claresa-kitulec-kpitaya-geellakk-5g\/","og_site_name":"Valika","article_publisher":"https:\/\/www.facebook.com\/tipsi.net","article_modified_time":"2025-12-01T11:33:51+00:00","og_image":[{"width":1024,"height":1024,"url":"https:\/\/valika.eu\/wp-content\/uploads\/2024\/10\/14344-1024x1024.png","type":"image\/png"}],"twitter_card":"summary_large_image","schema":{"@context":"https:\/\/schema.org","@graph":[{"@type":"WebPage","@id":"https:\/\/valika.eu\/fi\/toode\/claresa-kitulec-kpitaya-geellakk-5g\/","url":"https:\/\/valika.eu\/fi\/toode\/claresa-kitulec-kpitaya-geellakk-5g\/","name":"Claresa Kitulec K`Pitaya geelilakka -5g | Valika","isPartOf":{"@id":"https:\/\/valika.eu\/fi\/#website"},"primaryImageOfPage":{"@id":"https:\/\/valika.eu\/fi\/toode\/claresa-kitulec-kpitaya-geellakk-5g\/#primaryimage"},"image":{"@id":"https:\/\/valika.eu\/toode\/claresa-kitulec-kpitaya-geellakk-5g\/#primaryimage"},"thumbnailUrl":"https:\/\/valika.eu\/wp-content\/uploads\/2024\/10\/14344.png","datePublished":"2024-10-13T23:44:23+00:00","dateModified":"2025-12-01T11:33:51+00:00","breadcrumb":{"@id":"https:\/\/valika.eu\/fi\/toode\/claresa-kitulec-kpitaya-geellakk-5g\/#breadcrumb"},"inLanguage":"fi","potentialAction":[{"@type":"ReadAction","target":[["https:\/\/valika.eu\/fi\/toode\/claresa-kitulec-kpitaya-geellakk-5g\/"]]}]},{"@type":"ImageObject","inLanguage":"fi","@id":"https:\/\/valika.eu\/fi\/toode\/claresa-kitulec-kpitaya-geellakk-5g\/#primaryimage","url":"https:\/\/valika.eu\/wp-content\/uploads\/2024\/10\/14344.png","contentUrl":"https:\/\/valika.eu\/wp-content\/uploads\/2024\/10\/14344.png","width":5000,"height":5000},{"@type":"BreadcrumbList","@id":"https:\/\/valika.eu\/fi\/toode\/claresa-kitulec-kpitaya-geellakk-5g\/#breadcrumb","itemListElement":[{"@type":"ListItem","position":1,"name":"Koti","item":"https:\/\/valika.eu\/fi\/"},{"@type":"ListItem","position":2,"name":"Shop","item":"https:\/\/valika.eu\/fi\/"},{"@type":"ListItem","position":3,"name":"Claresa Kitulec K`Pitaya gel polish -5g"}]},{"@type":"WebSite","@id":"https:\/\/valika.eu\/fi\/#website","url":"https:\/\/valika.eu\/fi\/","name":"Valika.eu","description":"Salonkituotteet ja kauneudenhoitotuotteet - Valika tarjoaa laajan valikoiman tuotteita ja tarvikkeita kynsiteknikoille, kauneushoitoloille, kampaamoille ja kampaamoille.","publisher":{"@id":"https:\/\/valika.eu\/fi\/#organization"},"alternateName":"Valika","potentialAction":[{"@type":"SearchAction","target":{"@type":"EntryPoint","urlTemplate":"https:\/\/valika.eu\/fi\/?s={search_term_string}"},"query-input":{"@type":"PropertyValueSpecification","valueRequired":true,"valueName":"search_term_string"}}],"inLanguage":"fi"},{"@type":"Organization","@id":"https:\/\/valika.eu\/fi\/#organization","name":"Salongitoode O\u00dc","alternateName":"Valika","url":"https:\/\/valika.eu\/fi\/","logo":{"@type":"ImageObject","inLanguage":"fi","@id":"https:\/\/valika.eu\/fi\/#\/schema\/logo\/image\/","url":"https:\/\/valika.eu\/wp-content\/uploads\/2023\/11\/logo2-valika-footer.png","contentUrl":"https:\/\/valika.eu\/wp-content\/uploads\/2023\/11\/logo2-valika-footer.png","width":200,"height":129,"caption":"Salongitoode O\u00dc"},"image":{"@id":"https:\/\/valika.eu\/fi\/#\/schema\/logo\/image\/"},"sameAs":["https:\/\/www.facebook.com\/tipsi.net"]}]}},"jetpack_sharing_enabled":true,"_links":{"self":[{"href":"https:\/\/valika.eu\/fi\/wp-json\/wp\/v2\/product\/7735","targetHints":{"allow":["GET"]}}],"collection":[{"href":"https:\/\/valika.eu\/fi\/wp-json\/wp\/v2\/product"}],"about":[{"href":"https:\/\/valika.eu\/fi\/wp-json\/wp\/v2\/types\/product"}],"wp:featuredmedia":[{"embeddable":true,"href":"https:\/\/valika.eu\/fi\/wp-json\/wp\/v2\/media\/7734"}],"wp:attachment":[{"href":"https:\/\/valika.eu\/fi\/wp-json\/wp\/v2\/media?parent=7735"}],"wp:term":[{"taxonomy":"product_brand","embeddable":true,"href":"https:\/\/valika.eu\/fi\/wp-json\/wp\/v2\/product_brand?post=7735"},{"taxonomy":"product_cat","embeddable":true,"href":"https:\/\/valika.eu\/fi\/wp-json\/wp\/v2\/product_cat?post=7735"},{"taxonomy":"product_tag","embeddable":true,"href":"https:\/\/valika.eu\/fi\/wp-json\/wp\/v2\/product_tag?post=7735"}],"curies":[{"name":"wp","href":"https:\/\/api.w.org\/{rel}","templated":true}]}}