{"id":8134,"date":"2024-10-14T03:40:43","date_gmt":"2024-10-14T00:40:43","guid":{"rendered":"https:\/\/valika.eu\/toode\/claresa-kitulec-architect-ehitusgeel-uv-led-keep-clear-12g-2\/"},"modified":"2025-12-04T19:45:16","modified_gmt":"2025-12-04T17:45:16","slug":"claresa-kitulec-architect-ehitusgeel-uv-led-keep-clear-12g-2","status":"publish","type":"product","link":"https:\/\/valika.eu\/fi\/toode\/claresa-kitulec-architect-ehitusgeel-uv-led-keep-clear-12g-2\/","title":{"rendered":"Claresa Kitulec Architect Construction Gel UV\/LED KEEP CLEAR -12g"},"content":{"rendered":"<p><\/p>\n<p>Myrsky kiharoita, h\u00e4ik\u00e4isev\u00e4\u00e4 kiiltoa, t\u00e4ydelliset ter\u00e4v\u00e4t kynnet&#8230; Claresa &amp; Kitulec -mallisto syntyi yhteisty\u00f6n tuloksena Katarzyna Ka\u0142uskan kanssa, joka tunnetaan paremmin nimell\u00e4 Kitulec. H\u00e4n on yksi Puolan YouTuben tunnetuimmista kasvoista, joka tunnetaan hehkustaan, joka on h\u00e4nen tavaramerkkins\u00e4. Kasia, vaikuttajana, ylitt\u00e4\u00e4 meikkigurun puitteet ja opettaa paitsi n\u00e4ytt\u00e4m\u00e4\u00e4n kauniilta, my\u00f6s valitsemaan tyylej\u00e4 ja mill\u00e4 niit\u00e4 t\u00e4ydent\u00e4\u00e4. H\u00e4n on kiistaton vempaimien ja rihkamon kuningatar, jonka suosituksiin voit aina luottaa.\u00a0 \u00a0 \u00a0 \u00a0 \u00a0 \u00a0 \u00a0 \u00a0 \u00a0 \u00a0 \u00a0 \u00a0 \u00a0 \u00a0 \u00a0 \u00a0 \u00a0\u00a0<\/p>\n<p style=\"text-align: left\"><strong>ARCHITECT CONSTRUCTION GEL<\/strong> KITULEC-kokoelmasta on vertaansa vailla oleva tuote, jonka suurin etu on sen kovuus ja &#8220;hyytel\u00f6inen&#8221; koostumus. T\u00e4m\u00e4 tekee siit\u00e4 ihanteellisen pitkien kynsien rakentamiseen sek\u00e4 ohuen rungon luomiseen rakennepidennyksi\u00e4 varten. Geeli toimii helposti siveltimell\u00e4, levittyy tasaisesti ja nopeasti ja sill\u00e4 on herk\u00e4t itsetasoittuvat ominaisuudet. Paksun koostumuksensa ansiosta se pysyy paikoillaan tulvimatta kynsinauhoja, joten sen k\u00e4ytt\u00f6 on mukavaa my\u00f6s aloittelijalle. Se kest\u00e4\u00e4 ulkoista l\u00e4mp\u00f6\u00e4 eik\u00e4 pehmene sen vaikutuksesta, joten sit\u00e4 k\u00e4ytett\u00e4ess\u00e4 voit olla varma, ett\u00e4 eritt\u00e4in pitk\u00e4t kynnet eiv\u00e4t taipu, edes rentouttavan l\u00e4mpim\u00e4ss\u00e4 vedess\u00e4 kylvyn j\u00e4lkeen.<\/p>\n<p>Sen lis\u00e4etu on erityisesti kehitetty koostumus , joka minimoi palamisen lampussa, mik\u00e4 lis\u00e4\u00e4 muotoilun luomisen mukavuutta.<\/p>\n<p>Geeli on saatavana l\u00e4pin\u00e4kyv\u00e4n\u00e4 versiona ja vaatii meikkipohjan. Claresa Bonding -pohja geelille on t\u00e4ydellinen t\u00e4h\u00e4n teht\u00e4v\u00e4\u00e4n.<\/p>\n<\/p>\n<p><strong>OMINAISUUDET:<\/strong><\/p>\n<ul>\n<li>paksu hyytel\u00f6m\u00e4inen koostumus \u201d<\/li>\n<li>herk\u00e4t itsetasoittuvat ominaisuudet<\/li>\n<li>ongelmaton levitys, ei valu kynsinauhoille<\/li>\n<li>korkea geelikovuus \u2013 ohutkaan luuranko ei katkea j\u00e4lkeen mallin poistaminen<\/li>\n<li>erityinen kaava, joka minimoi palamisen lampussa<\/li>\n<li>iskunkest\u00e4vyys<\/li>\n<li>ei taivu l\u00e4mm\u00f6n vaikutuksesta<\/li>\n<\/ul>\n<p><\/p>","protected":false},"excerpt":{"rendered":"<p>Myrsky kiharoita, h\u00e4ik\u00e4isev\u00e4\u00e4 kiiltoa, t\u00e4ydelliset ter\u00e4v\u00e4t kynnet&#8230; Claresa &amp; Kitulec -mallisto syntyi yhteisty\u00f6n tuloksena Katarzyna Ka\u0142uskan kanssa, joka tunnetaan paremmin<\/p>\n","protected":false},"featured_media":7780,"template":"","meta":[],"product_brand":[],"product_cat":[72,647],"product_tag":[],"class_list":{"0":"post-8134","1":"product","2":"type-product","3":"status-publish","4":"has-post-thumbnail","6":"product_cat-claresa-ehitusgeelid","7":"product_cat-softeasy","9":"first","10":"outofstock","11":"taxable","12":"shipping-taxable","13":"purchasable","14":"product-type-simple"},"yoast_head":"<!-- This site is optimized with the Yoast SEO plugin v24.4 - https:\/\/yoast.com\/wordpress\/plugins\/seo\/ -->\n<title>Claresa Kitulec Architect Construction Gel UV\/LED KEEP CLEAR -12g | Valika<\/title>\n<meta name=\"robots\" content=\"index, follow, max-snippet:-1, max-image-preview:large, max-video-preview:-1\" \/>\n<link rel=\"canonical\" href=\"https:\/\/valika.eu\/fi\/toode\/claresa-kitulec-architect-ehitusgeel-uv-led-keep-clear-12g-2\/\" \/>\n<meta property=\"og:locale\" content=\"fi_FI\" \/>\n<meta property=\"og:type\" content=\"article\" \/>\n<meta property=\"og:title\" content=\"Claresa Kitulec Architect Construction Gel UV\/LED KEEP CLEAR -12g | Valika\" \/>\n<meta property=\"og:description\" content=\"Myrsky kiharoita, h\u00e4ik\u00e4isev\u00e4\u00e4 kiiltoa, t\u00e4ydelliset ter\u00e4v\u00e4t kynnet&#8230; Claresa &amp; Kitulec -mallisto syntyi yhteisty\u00f6n tuloksena Katarzyna Ka\u0142uskan kanssa, joka tunnetaan paremmin\" \/>\n<meta property=\"og:url\" content=\"https:\/\/valika.eu\/fi\/toode\/claresa-kitulec-architect-ehitusgeel-uv-led-keep-clear-12g-2\/\" \/>\n<meta property=\"og:site_name\" content=\"Valika\" \/>\n<meta property=\"article:publisher\" content=\"https:\/\/www.facebook.com\/tipsi.net\" \/>\n<meta property=\"article:modified_time\" content=\"2025-12-04T17:45:16+00:00\" \/>\n<meta property=\"og:image\" content=\"https:\/\/valika.eu\/wp-content\/uploads\/2024\/10\/14355.png\" \/>\n\t<meta property=\"og:image:width\" content=\"5000\" \/>\n\t<meta property=\"og:image:height\" content=\"5000\" \/>\n\t<meta property=\"og:image:type\" content=\"image\/png\" \/>\n<meta name=\"twitter:card\" content=\"summary_large_image\" \/>\n<script type=\"application\/ld+json\" class=\"yoast-schema-graph\">{\"@context\":\"https:\/\/schema.org\",\"@graph\":[{\"@type\":\"WebPage\",\"@id\":\"https:\/\/valika.eu\/fi\/toode\/claresa-kitulec-architect-ehitusgeel-uv-led-keep-clear-12g-2\/\",\"url\":\"https:\/\/valika.eu\/fi\/toode\/claresa-kitulec-architect-ehitusgeel-uv-led-keep-clear-12g-2\/\",\"name\":\"Claresa Kitulec Architect Construction Gel UV\/LED KEEP CLEAR -12g | Valika\",\"isPartOf\":{\"@id\":\"https:\/\/valika.eu\/fi\/#website\"},\"primaryImageOfPage\":{\"@id\":\"https:\/\/valika.eu\/fi\/toode\/claresa-kitulec-architect-ehitusgeel-uv-led-keep-clear-12g-2\/#primaryimage\"},\"image\":{\"@id\":\"https:\/\/valika.eu\/toode\/claresa-kitulec-architect-ehitusgeel-uv-led-keep-clear-12g-2\/#primaryimage\"},\"thumbnailUrl\":\"https:\/\/valika.eu\/wp-content\/uploads\/2024\/10\/14355.png\",\"datePublished\":\"2024-10-14T00:40:43+00:00\",\"dateModified\":\"2025-12-04T17:45:16+00:00\",\"breadcrumb\":{\"@id\":\"https:\/\/valika.eu\/fi\/toode\/claresa-kitulec-architect-ehitusgeel-uv-led-keep-clear-12g-2\/#breadcrumb\"},\"inLanguage\":\"fi\",\"potentialAction\":[{\"@type\":\"ReadAction\",\"target\":[[\"https:\/\/valika.eu\/fi\/toode\/claresa-kitulec-architect-ehitusgeel-uv-led-keep-clear-12g-2\/\"]]}]},{\"@type\":\"ImageObject\",\"inLanguage\":\"fi\",\"@id\":\"https:\/\/valika.eu\/fi\/toode\/claresa-kitulec-architect-ehitusgeel-uv-led-keep-clear-12g-2\/#primaryimage\",\"url\":\"https:\/\/valika.eu\/wp-content\/uploads\/2024\/10\/14355.png\",\"contentUrl\":\"https:\/\/valika.eu\/wp-content\/uploads\/2024\/10\/14355.png\",\"width\":5000,\"height\":5000},{\"@type\":\"BreadcrumbList\",\"@id\":\"https:\/\/valika.eu\/fi\/toode\/claresa-kitulec-architect-ehitusgeel-uv-led-keep-clear-12g-2\/#breadcrumb\",\"itemListElement\":[{\"@type\":\"ListItem\",\"position\":1,\"name\":\"Koti\",\"item\":\"https:\/\/valika.eu\/fi\/\"},{\"@type\":\"ListItem\",\"position\":2,\"name\":\"Shop\",\"item\":\"https:\/\/valika.eu\/fi\/\"},{\"@type\":\"ListItem\",\"position\":3,\"name\":\"Claresa Kitulec Architect ehitusgeel UV\/LED KEEP CLEAR -12g\"}]},{\"@type\":\"WebSite\",\"@id\":\"https:\/\/valika.eu\/fi\/#website\",\"url\":\"https:\/\/valika.eu\/fi\/\",\"name\":\"Valika.eu\",\"description\":\"Salonkituotteet ja kauneudenhoitotuotteet - Valika tarjoaa laajan valikoiman tuotteita ja tarvikkeita kynsiteknikoille, kauneushoitoloille, kampaamoille ja kampaamoille.\",\"publisher\":{\"@id\":\"https:\/\/valika.eu\/fi\/#organization\"},\"alternateName\":\"Valika\",\"potentialAction\":[{\"@type\":\"SearchAction\",\"target\":{\"@type\":\"EntryPoint\",\"urlTemplate\":\"https:\/\/valika.eu\/fi\/?s={search_term_string}\"},\"query-input\":{\"@type\":\"PropertyValueSpecification\",\"valueRequired\":true,\"valueName\":\"search_term_string\"}}],\"inLanguage\":\"fi\"},{\"@type\":\"Organization\",\"@id\":\"https:\/\/valika.eu\/fi\/#organization\",\"name\":\"Salongitoode O\u00dc\",\"alternateName\":\"Valika\",\"url\":\"https:\/\/valika.eu\/fi\/\",\"logo\":{\"@type\":\"ImageObject\",\"inLanguage\":\"fi\",\"@id\":\"https:\/\/valika.eu\/fi\/#\/schema\/logo\/image\/\",\"url\":\"https:\/\/valika.eu\/wp-content\/uploads\/2023\/11\/logo2-valika-footer.png\",\"contentUrl\":\"https:\/\/valika.eu\/wp-content\/uploads\/2023\/11\/logo2-valika-footer.png\",\"width\":200,\"height\":129,\"caption\":\"Salongitoode O\u00dc\"},\"image\":{\"@id\":\"https:\/\/valika.eu\/fi\/#\/schema\/logo\/image\/\"},\"sameAs\":[\"https:\/\/www.facebook.com\/tipsi.net\"]}]}<\/script>\n<!-- \/ Yoast SEO plugin. -->","yoast_head_json":{"title":"Claresa Kitulec Architect Construction Gel UV\/LED KEEP CLEAR -12g | Valika","robots":{"index":"index","follow":"follow","max-snippet":"max-snippet:-1","max-image-preview":"max-image-preview:large","max-video-preview":"max-video-preview:-1"},"canonical":"https:\/\/valika.eu\/fi\/toode\/claresa-kitulec-architect-ehitusgeel-uv-led-keep-clear-12g-2\/","og_locale":"fi_FI","og_type":"article","og_title":"Claresa Kitulec Architect Construction Gel UV\/LED KEEP CLEAR -12g | Valika","og_description":"Myrsky kiharoita, h\u00e4ik\u00e4isev\u00e4\u00e4 kiiltoa, t\u00e4ydelliset ter\u00e4v\u00e4t kynnet&#8230; Claresa &amp; Kitulec -mallisto syntyi yhteisty\u00f6n tuloksena Katarzyna Ka\u0142uskan kanssa, joka tunnetaan paremmin","og_url":"https:\/\/valika.eu\/fi\/toode\/claresa-kitulec-architect-ehitusgeel-uv-led-keep-clear-12g-2\/","og_site_name":"Valika","article_publisher":"https:\/\/www.facebook.com\/tipsi.net","article_modified_time":"2025-12-04T17:45:16+00:00","og_image":[{"width":5000,"height":5000,"url":"https:\/\/valika.eu\/wp-content\/uploads\/2024\/10\/14355.png","type":"image\/png"}],"twitter_card":"summary_large_image","schema":{"@context":"https:\/\/schema.org","@graph":[{"@type":"WebPage","@id":"https:\/\/valika.eu\/fi\/toode\/claresa-kitulec-architect-ehitusgeel-uv-led-keep-clear-12g-2\/","url":"https:\/\/valika.eu\/fi\/toode\/claresa-kitulec-architect-ehitusgeel-uv-led-keep-clear-12g-2\/","name":"Claresa Kitulec Architect Construction Gel UV\/LED KEEP CLEAR -12g | Valika","isPartOf":{"@id":"https:\/\/valika.eu\/fi\/#website"},"primaryImageOfPage":{"@id":"https:\/\/valika.eu\/fi\/toode\/claresa-kitulec-architect-ehitusgeel-uv-led-keep-clear-12g-2\/#primaryimage"},"image":{"@id":"https:\/\/valika.eu\/toode\/claresa-kitulec-architect-ehitusgeel-uv-led-keep-clear-12g-2\/#primaryimage"},"thumbnailUrl":"https:\/\/valika.eu\/wp-content\/uploads\/2024\/10\/14355.png","datePublished":"2024-10-14T00:40:43+00:00","dateModified":"2025-12-04T17:45:16+00:00","breadcrumb":{"@id":"https:\/\/valika.eu\/fi\/toode\/claresa-kitulec-architect-ehitusgeel-uv-led-keep-clear-12g-2\/#breadcrumb"},"inLanguage":"fi","potentialAction":[{"@type":"ReadAction","target":[["https:\/\/valika.eu\/fi\/toode\/claresa-kitulec-architect-ehitusgeel-uv-led-keep-clear-12g-2\/"]]}]},{"@type":"ImageObject","inLanguage":"fi","@id":"https:\/\/valika.eu\/fi\/toode\/claresa-kitulec-architect-ehitusgeel-uv-led-keep-clear-12g-2\/#primaryimage","url":"https:\/\/valika.eu\/wp-content\/uploads\/2024\/10\/14355.png","contentUrl":"https:\/\/valika.eu\/wp-content\/uploads\/2024\/10\/14355.png","width":5000,"height":5000},{"@type":"BreadcrumbList","@id":"https:\/\/valika.eu\/fi\/toode\/claresa-kitulec-architect-ehitusgeel-uv-led-keep-clear-12g-2\/#breadcrumb","itemListElement":[{"@type":"ListItem","position":1,"name":"Koti","item":"https:\/\/valika.eu\/fi\/"},{"@type":"ListItem","position":2,"name":"Shop","item":"https:\/\/valika.eu\/fi\/"},{"@type":"ListItem","position":3,"name":"Claresa Kitulec Architect ehitusgeel UV\/LED KEEP CLEAR -12g"}]},{"@type":"WebSite","@id":"https:\/\/valika.eu\/fi\/#website","url":"https:\/\/valika.eu\/fi\/","name":"Valika.eu","description":"Salonkituotteet ja kauneudenhoitotuotteet - Valika tarjoaa laajan valikoiman tuotteita ja tarvikkeita kynsiteknikoille, kauneushoitoloille, kampaamoille ja kampaamoille.","publisher":{"@id":"https:\/\/valika.eu\/fi\/#organization"},"alternateName":"Valika","potentialAction":[{"@type":"SearchAction","target":{"@type":"EntryPoint","urlTemplate":"https:\/\/valika.eu\/fi\/?s={search_term_string}"},"query-input":{"@type":"PropertyValueSpecification","valueRequired":true,"valueName":"search_term_string"}}],"inLanguage":"fi"},{"@type":"Organization","@id":"https:\/\/valika.eu\/fi\/#organization","name":"Salongitoode O\u00dc","alternateName":"Valika","url":"https:\/\/valika.eu\/fi\/","logo":{"@type":"ImageObject","inLanguage":"fi","@id":"https:\/\/valika.eu\/fi\/#\/schema\/logo\/image\/","url":"https:\/\/valika.eu\/wp-content\/uploads\/2023\/11\/logo2-valika-footer.png","contentUrl":"https:\/\/valika.eu\/wp-content\/uploads\/2023\/11\/logo2-valika-footer.png","width":200,"height":129,"caption":"Salongitoode O\u00dc"},"image":{"@id":"https:\/\/valika.eu\/fi\/#\/schema\/logo\/image\/"},"sameAs":["https:\/\/www.facebook.com\/tipsi.net"]}]}},"jetpack_sharing_enabled":true,"_links":{"self":[{"href":"https:\/\/valika.eu\/fi\/wp-json\/wp\/v2\/product\/8134","targetHints":{"allow":["GET"]}}],"collection":[{"href":"https:\/\/valika.eu\/fi\/wp-json\/wp\/v2\/product"}],"about":[{"href":"https:\/\/valika.eu\/fi\/wp-json\/wp\/v2\/types\/product"}],"wp:featuredmedia":[{"embeddable":true,"href":"https:\/\/valika.eu\/fi\/wp-json\/wp\/v2\/media\/7780"}],"wp:attachment":[{"href":"https:\/\/valika.eu\/fi\/wp-json\/wp\/v2\/media?parent=8134"}],"wp:term":[{"taxonomy":"product_brand","embeddable":true,"href":"https:\/\/valika.eu\/fi\/wp-json\/wp\/v2\/product_brand?post=8134"},{"taxonomy":"product_cat","embeddable":true,"href":"https:\/\/valika.eu\/fi\/wp-json\/wp\/v2\/product_cat?post=8134"},{"taxonomy":"product_tag","embeddable":true,"href":"https:\/\/valika.eu\/fi\/wp-json\/wp\/v2\/product_tag?post=8134"}],"curies":[{"name":"wp","href":"https:\/\/api.w.org\/{rel}","templated":true}]}}