{"id":8146,"date":"2024-10-14T03:40:52","date_gmt":"2024-10-14T00:40:52","guid":{"rendered":"https:\/\/valika.eu\/toode\/claresa-brush-easy-gel-9-5g-2\/"},"modified":"2026-03-12T08:56:51","modified_gmt":"2026-03-12T06:56:51","slug":"claresa-brush-easy-gel-9-5g-2","status":"publish","type":"product","link":"https:\/\/valika.eu\/fi\/toode\/claresa-brush-easy-gel-9-5g-2\/","title":{"rendered":"Claresa Brush Easy Gel 9 -5g"},"content":{"rendered":"<p><\/p>\n<p>Onko perinteisen geelin kanssa ty\u00f6skentely vaikeaa sinulle? Etsitk\u00f6 tapaa lyhent\u00e4\u00e4 muotoilun viimeistelyyn kuluvaa aikaa?<\/p>\n<p>Tutustu<strong>EASY BRUSH GEL<\/strong> &#8211; joustavaan geelikoostumukseen, joka on pakattu pulloon!<\/p>\n<p>Se ei ainoastaan \u200b\u200bkoveta luonnollista kynsilevy\u00e4 ja vahvistaa heikentyneet ja ohuet kynnet, vaan se sopii my\u00f6s erinomaisesti <strong>pidennyksiin<\/strong>, <strong>p\u00e4\u00e4llysrakenteisiin,<\/strong> pikakorjauksiin<\/strong> ja<strong> strong&gt;kynsien rekonstruktiot.<\/strong> p&gt; <\/p>\n<p>Erinomainen tarttuvuus kynsilevyyn, mik\u00e4 tekee muotoilusta <strong>kest\u00e4v\u00e4n ja kest\u00e4v\u00e4n<\/strong> &#8211; se ei murtu tai halkeile.<\/p>\n<p>Sen <strong>Keskipaksu<\/strong> vahva&gt; konsistenssi mahdollistaa<strong>v\u00e4litt\u00f6m\u00e4n ja k\u00e4tev\u00e4n levityksen<\/strong>,<\/p>\n<p>Se tasoittuu nopeasti eik\u00e4 vaadi pohjan k\u00e4ytt\u00f6\u00e4, mik\u00e4 lyhent\u00e4\u00e4 entisest\u00e4\u00e4n muotoiluaikaa ja mahdollistaa ty\u00f6skentelyn <strong>&#8220;ei sahausta&#8221; -tekniikalla.<\/strong><\/p>\n<p>T\u00e4ydellisen profiloidun siveltimen ansiosta tuotetta voidaan levitt\u00e4\u00e4 aivan kynsinauhojen alle.<\/strong><\/p>\n<\/p>\n<p>Geeli\u00e4 on saatavana laajassa valikoimassa 9 v\u00e4ri\u00e4, joten niit\u00e4 voidaan k\u00e4ytt\u00e4\u00e4 sek\u00e4 itsen\u00e4isiss\u00e4 muotoiluissa ett\u00e4 suurten ik\u00e4luokkien koristeissa.<\/p>\n<p><strong><\/strong><\/p>\n<ul>\n<li>1 \u2012 l\u00e4pin\u00e4kyv\u00e4<\/li>\n<li>2 \u2012 maitomainen (peittokyky 60 %)<\/li>\n<li>3 \u2012 nude persikka (peitto 60 %)<\/li>\n<li> 4 \u2012 keskibeige (peittokyky 60 %)<\/li>\n<li>5 \u2012 herkk\u00e4 vaaleanpunainen nude (peittokyky 60 %)<\/li>\n<li>6 \u2012 keskivaaleanpunainen (peitto 60 %)<\/ li>\n<li>7 \u2012 tumman pinkki (peittokyky 60 %)<\/li>\n<li>8 \u2012 keskibeige hiukkasilla (peitto 60 %)<\/li>\n<li>9 \u2012 vaaleanpunainen hiukkasilla (peitto 60 % )<\/li>\n<\/ul>\n<p><strong>OMINAISUUDET:<\/strong><\/p>\n<ul>\n<li>nopea ja ongelmaton sovellus<\/ li>\n<li>t\u00e4ydellinen, keskipaksu koostumus<\/li>\n<li>joustava geelikoostumus<\/li>\n<li>itsetasoittuva<\/li>\n<li>hapoton<\/li>\n<li>sovellus: luonnollisen kovettaminen kynsilevy, kynsien pidennykset, korjaukset ja rekonstruktiot<\/li>\n<li>yksivaiheinen: ei vaadi pohjan k\u00e4ytt\u00f6\u00e4<\/li>\n<li>60 % peitto (v\u00e4rit)<\/li>\n<li>kapasiteetti: 5 g<\/li>\n<\/ul>\n<p><\/p>","protected":false},"excerpt":{"rendered":"<p>Onko perinteisen geelin kanssa ty\u00f6skentely vaikeaa sinulle? Etsitk\u00f6 tapaa lyhent\u00e4\u00e4 muotoilun viimeistelyyn kuluvaa aikaa? TutustuEASY BRUSH GEL &#8211; joustavaan geelikoostumukseen,<\/p>\n","protected":false},"featured_media":7871,"template":"","meta":[],"product_brand":[],"product_cat":[72,647],"product_tag":[],"class_list":{"0":"post-8146","1":"product","2":"type-product","3":"status-publish","4":"has-post-thumbnail","6":"product_cat-claresa-ehitusgeelid","7":"product_cat-softeasy","9":"first","10":"instock","11":"taxable","12":"shipping-taxable","13":"purchasable","14":"product-type-simple"},"yoast_head":"<!-- This site is optimized with the Yoast SEO plugin v24.4 - https:\/\/yoast.com\/wordpress\/plugins\/seo\/ -->\n<title>Claresa Brush Easy Gel 9 -5g | Valika<\/title>\n<meta name=\"robots\" content=\"index, follow, max-snippet:-1, max-image-preview:large, max-video-preview:-1\" \/>\n<link rel=\"canonical\" href=\"https:\/\/valika.eu\/fi\/toode\/claresa-brush-easy-gel-9-5g-2\/\" \/>\n<meta property=\"og:locale\" content=\"fi_FI\" \/>\n<meta property=\"og:type\" content=\"article\" \/>\n<meta property=\"og:title\" content=\"Claresa Brush Easy Gel 9 -5g | Valika\" \/>\n<meta property=\"og:description\" content=\"Onko perinteisen geelin kanssa ty\u00f6skentely vaikeaa sinulle? Etsitk\u00f6 tapaa lyhent\u00e4\u00e4 muotoilun viimeistelyyn kuluvaa aikaa? TutustuEASY BRUSH GEL &#8211; joustavaan geelikoostumukseen,\" \/>\n<meta property=\"og:url\" content=\"https:\/\/valika.eu\/fi\/toode\/claresa-brush-easy-gel-9-5g-2\/\" \/>\n<meta property=\"og:site_name\" content=\"Valika\" \/>\n<meta property=\"article:publisher\" content=\"https:\/\/www.facebook.com\/tipsi.net\" \/>\n<meta property=\"article:modified_time\" content=\"2026-03-12T06:56:51+00:00\" \/>\n<meta property=\"og:image\" content=\"https:\/\/valika.eu\/wp-content\/uploads\/2024\/10\/14181.jpg\" \/>\n\t<meta property=\"og:image:width\" content=\"1500\" \/>\n\t<meta property=\"og:image:height\" content=\"1500\" \/>\n\t<meta property=\"og:image:type\" content=\"image\/jpeg\" \/>\n<meta name=\"twitter:card\" content=\"summary_large_image\" \/>\n<script type=\"application\/ld+json\" class=\"yoast-schema-graph\">{\"@context\":\"https:\/\/schema.org\",\"@graph\":[{\"@type\":\"WebPage\",\"@id\":\"https:\/\/valika.eu\/fi\/toode\/claresa-brush-easy-gel-9-5g-2\/\",\"url\":\"https:\/\/valika.eu\/fi\/toode\/claresa-brush-easy-gel-9-5g-2\/\",\"name\":\"Claresa Brush Easy Gel 9 -5g | Valika\",\"isPartOf\":{\"@id\":\"https:\/\/valika.eu\/fi\/#website\"},\"primaryImageOfPage\":{\"@id\":\"https:\/\/valika.eu\/fi\/toode\/claresa-brush-easy-gel-9-5g-2\/#primaryimage\"},\"image\":{\"@id\":\"https:\/\/valika.eu\/toode\/claresa-brush-easy-gel-9-5g-2\/#primaryimage\"},\"thumbnailUrl\":\"https:\/\/valika.eu\/wp-content\/uploads\/2024\/10\/14181.jpg\",\"datePublished\":\"2024-10-14T00:40:52+00:00\",\"dateModified\":\"2026-03-12T06:56:51+00:00\",\"breadcrumb\":{\"@id\":\"https:\/\/valika.eu\/fi\/toode\/claresa-brush-easy-gel-9-5g-2\/#breadcrumb\"},\"inLanguage\":\"fi\",\"potentialAction\":[{\"@type\":\"ReadAction\",\"target\":[[\"https:\/\/valika.eu\/fi\/toode\/claresa-brush-easy-gel-9-5g-2\/\"]]}]},{\"@type\":\"ImageObject\",\"inLanguage\":\"fi\",\"@id\":\"https:\/\/valika.eu\/fi\/toode\/claresa-brush-easy-gel-9-5g-2\/#primaryimage\",\"url\":\"https:\/\/valika.eu\/wp-content\/uploads\/2024\/10\/14181.jpg\",\"contentUrl\":\"https:\/\/valika.eu\/wp-content\/uploads\/2024\/10\/14181.jpg\",\"width\":1500,\"height\":1500},{\"@type\":\"BreadcrumbList\",\"@id\":\"https:\/\/valika.eu\/fi\/toode\/claresa-brush-easy-gel-9-5g-2\/#breadcrumb\",\"itemListElement\":[{\"@type\":\"ListItem\",\"position\":1,\"name\":\"Koti\",\"item\":\"https:\/\/valika.eu\/fi\/\"},{\"@type\":\"ListItem\",\"position\":2,\"name\":\"Shop\",\"item\":\"https:\/\/valika.eu\/fi\/\"},{\"@type\":\"ListItem\",\"position\":3,\"name\":\"Claresa Brush Easy Gel 9 -5g\"}]},{\"@type\":\"WebSite\",\"@id\":\"https:\/\/valika.eu\/fi\/#website\",\"url\":\"https:\/\/valika.eu\/fi\/\",\"name\":\"Valika.eu\",\"description\":\"Salonkituotteet ja kauneudenhoitotuotteet - Valika tarjoaa laajan valikoiman tuotteita ja tarvikkeita kynsiteknikoille, kauneushoitoloille, kampaamoille ja kampaamoille.\",\"publisher\":{\"@id\":\"https:\/\/valika.eu\/fi\/#organization\"},\"alternateName\":\"Valika\",\"potentialAction\":[{\"@type\":\"SearchAction\",\"target\":{\"@type\":\"EntryPoint\",\"urlTemplate\":\"https:\/\/valika.eu\/fi\/?s={search_term_string}\"},\"query-input\":{\"@type\":\"PropertyValueSpecification\",\"valueRequired\":true,\"valueName\":\"search_term_string\"}}],\"inLanguage\":\"fi\"},{\"@type\":\"Organization\",\"@id\":\"https:\/\/valika.eu\/fi\/#organization\",\"name\":\"Salongitoode O\u00dc\",\"alternateName\":\"Valika\",\"url\":\"https:\/\/valika.eu\/fi\/\",\"logo\":{\"@type\":\"ImageObject\",\"inLanguage\":\"fi\",\"@id\":\"https:\/\/valika.eu\/fi\/#\/schema\/logo\/image\/\",\"url\":\"https:\/\/valika.eu\/wp-content\/uploads\/2023\/11\/logo2-valika-footer.png\",\"contentUrl\":\"https:\/\/valika.eu\/wp-content\/uploads\/2023\/11\/logo2-valika-footer.png\",\"width\":200,\"height\":129,\"caption\":\"Salongitoode O\u00dc\"},\"image\":{\"@id\":\"https:\/\/valika.eu\/fi\/#\/schema\/logo\/image\/\"},\"sameAs\":[\"https:\/\/www.facebook.com\/tipsi.net\"]}]}<\/script>\n<!-- \/ Yoast SEO plugin. -->","yoast_head_json":{"title":"Claresa Brush Easy Gel 9 -5g | Valika","robots":{"index":"index","follow":"follow","max-snippet":"max-snippet:-1","max-image-preview":"max-image-preview:large","max-video-preview":"max-video-preview:-1"},"canonical":"https:\/\/valika.eu\/fi\/toode\/claresa-brush-easy-gel-9-5g-2\/","og_locale":"fi_FI","og_type":"article","og_title":"Claresa Brush Easy Gel 9 -5g | Valika","og_description":"Onko perinteisen geelin kanssa ty\u00f6skentely vaikeaa sinulle? Etsitk\u00f6 tapaa lyhent\u00e4\u00e4 muotoilun viimeistelyyn kuluvaa aikaa? TutustuEASY BRUSH GEL &#8211; joustavaan geelikoostumukseen,","og_url":"https:\/\/valika.eu\/fi\/toode\/claresa-brush-easy-gel-9-5g-2\/","og_site_name":"Valika","article_publisher":"https:\/\/www.facebook.com\/tipsi.net","article_modified_time":"2026-03-12T06:56:51+00:00","og_image":[{"width":1500,"height":1500,"url":"https:\/\/valika.eu\/wp-content\/uploads\/2024\/10\/14181.jpg","type":"image\/jpeg"}],"twitter_card":"summary_large_image","schema":{"@context":"https:\/\/schema.org","@graph":[{"@type":"WebPage","@id":"https:\/\/valika.eu\/fi\/toode\/claresa-brush-easy-gel-9-5g-2\/","url":"https:\/\/valika.eu\/fi\/toode\/claresa-brush-easy-gel-9-5g-2\/","name":"Claresa Brush Easy Gel 9 -5g | Valika","isPartOf":{"@id":"https:\/\/valika.eu\/fi\/#website"},"primaryImageOfPage":{"@id":"https:\/\/valika.eu\/fi\/toode\/claresa-brush-easy-gel-9-5g-2\/#primaryimage"},"image":{"@id":"https:\/\/valika.eu\/toode\/claresa-brush-easy-gel-9-5g-2\/#primaryimage"},"thumbnailUrl":"https:\/\/valika.eu\/wp-content\/uploads\/2024\/10\/14181.jpg","datePublished":"2024-10-14T00:40:52+00:00","dateModified":"2026-03-12T06:56:51+00:00","breadcrumb":{"@id":"https:\/\/valika.eu\/fi\/toode\/claresa-brush-easy-gel-9-5g-2\/#breadcrumb"},"inLanguage":"fi","potentialAction":[{"@type":"ReadAction","target":[["https:\/\/valika.eu\/fi\/toode\/claresa-brush-easy-gel-9-5g-2\/"]]}]},{"@type":"ImageObject","inLanguage":"fi","@id":"https:\/\/valika.eu\/fi\/toode\/claresa-brush-easy-gel-9-5g-2\/#primaryimage","url":"https:\/\/valika.eu\/wp-content\/uploads\/2024\/10\/14181.jpg","contentUrl":"https:\/\/valika.eu\/wp-content\/uploads\/2024\/10\/14181.jpg","width":1500,"height":1500},{"@type":"BreadcrumbList","@id":"https:\/\/valika.eu\/fi\/toode\/claresa-brush-easy-gel-9-5g-2\/#breadcrumb","itemListElement":[{"@type":"ListItem","position":1,"name":"Koti","item":"https:\/\/valika.eu\/fi\/"},{"@type":"ListItem","position":2,"name":"Shop","item":"https:\/\/valika.eu\/fi\/"},{"@type":"ListItem","position":3,"name":"Claresa Brush Easy Gel 9 -5g"}]},{"@type":"WebSite","@id":"https:\/\/valika.eu\/fi\/#website","url":"https:\/\/valika.eu\/fi\/","name":"Valika.eu","description":"Salonkituotteet ja kauneudenhoitotuotteet - Valika tarjoaa laajan valikoiman tuotteita ja tarvikkeita kynsiteknikoille, kauneushoitoloille, kampaamoille ja kampaamoille.","publisher":{"@id":"https:\/\/valika.eu\/fi\/#organization"},"alternateName":"Valika","potentialAction":[{"@type":"SearchAction","target":{"@type":"EntryPoint","urlTemplate":"https:\/\/valika.eu\/fi\/?s={search_term_string}"},"query-input":{"@type":"PropertyValueSpecification","valueRequired":true,"valueName":"search_term_string"}}],"inLanguage":"fi"},{"@type":"Organization","@id":"https:\/\/valika.eu\/fi\/#organization","name":"Salongitoode O\u00dc","alternateName":"Valika","url":"https:\/\/valika.eu\/fi\/","logo":{"@type":"ImageObject","inLanguage":"fi","@id":"https:\/\/valika.eu\/fi\/#\/schema\/logo\/image\/","url":"https:\/\/valika.eu\/wp-content\/uploads\/2023\/11\/logo2-valika-footer.png","contentUrl":"https:\/\/valika.eu\/wp-content\/uploads\/2023\/11\/logo2-valika-footer.png","width":200,"height":129,"caption":"Salongitoode O\u00dc"},"image":{"@id":"https:\/\/valika.eu\/fi\/#\/schema\/logo\/image\/"},"sameAs":["https:\/\/www.facebook.com\/tipsi.net"]}]}},"jetpack_sharing_enabled":true,"_links":{"self":[{"href":"https:\/\/valika.eu\/fi\/wp-json\/wp\/v2\/product\/8146","targetHints":{"allow":["GET"]}}],"collection":[{"href":"https:\/\/valika.eu\/fi\/wp-json\/wp\/v2\/product"}],"about":[{"href":"https:\/\/valika.eu\/fi\/wp-json\/wp\/v2\/types\/product"}],"wp:featuredmedia":[{"embeddable":true,"href":"https:\/\/valika.eu\/fi\/wp-json\/wp\/v2\/media\/7871"}],"wp:attachment":[{"href":"https:\/\/valika.eu\/fi\/wp-json\/wp\/v2\/media?parent=8146"}],"wp:term":[{"taxonomy":"product_brand","embeddable":true,"href":"https:\/\/valika.eu\/fi\/wp-json\/wp\/v2\/product_brand?post=8146"},{"taxonomy":"product_cat","embeddable":true,"href":"https:\/\/valika.eu\/fi\/wp-json\/wp\/v2\/product_cat?post=8146"},{"taxonomy":"product_tag","embeddable":true,"href":"https:\/\/valika.eu\/fi\/wp-json\/wp\/v2\/product_tag?post=8146"}],"curies":[{"name":"wp","href":"https:\/\/api.w.org\/{rel}","templated":true}]}}