{"id":8156,"date":"2024-10-14T03:40:59","date_gmt":"2024-10-14T00:40:59","guid":{"rendered":"https:\/\/valika.eu\/toode\/claresa-french-gel-extra-white-25-g-2\/"},"modified":"2025-07-02T05:04:56","modified_gmt":"2025-07-02T02:04:56","slug":"claresa-french-gel-extra-white-25-g-2","status":"publish","type":"product","link":"https:\/\/valika.eu\/fi\/toode\/claresa-french-gel-extra-white-25-g-2\/","title":{"rendered":"CLARESA FRENCH GEL EXTRA WHITE 25 g"},"content":{"rendered":"<p><\/p>\n<p><strong><span style=\"color: #cc8797\">Rakennusgeeli valkoinen 25g<\/span><\/strong><\/p>\n<p>Haaveiletko pitkist\u00e4 ja vahvoista kynsist\u00e4? Sitten olet tullut oikeaan paikkaan, sill\u00e4<strong>geelivalkoinen rakentajamme mahdollistaa sen sinulle. Sen ansiosta et vain pidenn\u00e4 kynsi\u00e4si suosikkipituisi, vaan voit my\u00f6s luoda t\u00e4ydellisen ranskalaisen manikyyrin. Maalaa vain k\u00e4rki rakennusgeelill\u00e4 valkoiseksi samalla kun jatkat mallia, ja <strong>kynsien muotoilu on valmis<\/strong>!<\/p>\n<p><strong>N\u00e4in k\u00e4ytet\u00e4\u00e4n rakennusgeeli\u00e4:<\/strong><\/p>\n<ol>\n<li>Poista kynsinauhoja perusteellisesti;<\/li>\n<li>lyhyet kynnet, himment\u00e4\u00e4 kynsilevy ja<strong>puhdista perusteellisesti <a href=\"https:\/\/claresa.pl\/pl\/p\/CLARESA-CLEANER -100 ml \/253\">puhdistusaine<\/a><\/strong>;<\/li>\n<li>Jos kuitenkin haluat maksimoida kynsigeelin tarttuvuuden<\/strong>, voit k\u00e4ytt\u00e4\u00e4 tavallista pohjaa. <\/li>\n<li> Jos haluat pident\u00e4\u00e4 kynsi\u00e4si malliin, pidenn\u00e4 se kynnen alle ja levit\u00e4 pieni m\u00e4\u00e4r\u00e4 geeli\u00e4 erityisell\u00e4 siveltimell\u00e4 ja levit\u00e4 se huolellisesti koko kynnelle;<\/li>\n<li> Rakennusgeeli vaatii kovettumisen <strong> 60 sekuntia UV\/LED-lampussa<\/strong>;<\/li>\n<li><strong>Tuotetta voi levitt\u00e4\u00e4 kaksi kerrosta<\/strong> ja kovettaa kumpaakin 60 sekuntia sekuntia UV\/LED-lampussa;<\/li>\n<li>Kynsigeeliss\u00e4 <strong>on dispersiokerros<\/strong>, joten voit maalata sen helposti hybridilakkailla;<\/li>\n<li>Jos et Jos et halua k\u00e4ytt\u00e4\u00e4 lakkoja, peit\u00e4 kynnet <a href=\"https:\/\/claresa.pl\/topy-hybrydowe\">hybriditoppi<\/a><\/strong>.<\/li>\n<\/ol>\n<p>Katso itsellesi, kuinka voit luoda <strong>ihania kynsityylej\u00e4<\/strong> rakennusgeelimme ansiosta. Tulet rakastamaan sit\u00e4 ensimm\u00e4isest\u00e4 k\u00e4ytt\u00f6kerrasta l\u00e4htien!<\/p>","protected":false},"excerpt":{"rendered":"<p>Rakennusgeeli valkoinen 25g Haaveiletko pitkist\u00e4 ja vahvoista kynsist\u00e4? Sitten olet tullut oikeaan paikkaan, sill\u00e4geelivalkoinen rakentajamme mahdollistaa sen sinulle. Sen ansiosta<\/p>\n","protected":false},"featured_media":7939,"template":"","meta":[],"product_brand":[],"product_cat":[72,647],"product_tag":[],"class_list":{"0":"post-8156","1":"product","2":"type-product","3":"status-publish","4":"has-post-thumbnail","6":"product_cat-claresa-ehitusgeelid","7":"product_cat-softeasy","9":"first","10":"outofstock","11":"sale","12":"taxable","13":"shipping-taxable","14":"purchasable","15":"product-type-simple"},"yoast_head":"<!-- This site is optimized with the Yoast SEO plugin v24.4 - https:\/\/yoast.com\/wordpress\/plugins\/seo\/ -->\n<title>CLARESA FRENCH GEL EXTRA WHITE 25 g | Valika<\/title>\n<meta name=\"robots\" content=\"index, follow, max-snippet:-1, max-image-preview:large, max-video-preview:-1\" \/>\n<link rel=\"canonical\" href=\"https:\/\/valika.eu\/fi\/toode\/claresa-french-gel-extra-white-25-g-2\/\" \/>\n<meta property=\"og:locale\" content=\"fi_FI\" \/>\n<meta property=\"og:type\" content=\"article\" \/>\n<meta property=\"og:title\" content=\"CLARESA FRENCH GEL EXTRA WHITE 25 g | Valika\" \/>\n<meta property=\"og:description\" content=\"Rakennusgeeli valkoinen 25g Haaveiletko pitkist\u00e4 ja vahvoista kynsist\u00e4? Sitten olet tullut oikeaan paikkaan, sill\u00e4geelivalkoinen rakentajamme mahdollistaa sen sinulle. Sen ansiosta\" \/>\n<meta property=\"og:url\" content=\"https:\/\/valika.eu\/fi\/toode\/claresa-french-gel-extra-white-25-g-2\/\" \/>\n<meta property=\"og:site_name\" content=\"Valika\" \/>\n<meta property=\"article:publisher\" content=\"https:\/\/www.facebook.com\/tipsi.net\" \/>\n<meta property=\"article:modified_time\" content=\"2025-07-02T02:04:56+00:00\" \/>\n<meta property=\"og:image\" content=\"https:\/\/valika.eu\/wp-content\/uploads\/2024\/10\/1672.jpg\" \/>\n\t<meta property=\"og:image:width\" content=\"1500\" \/>\n\t<meta property=\"og:image:height\" content=\"1500\" \/>\n\t<meta property=\"og:image:type\" content=\"image\/jpeg\" \/>\n<meta name=\"twitter:card\" content=\"summary_large_image\" \/>\n<script type=\"application\/ld+json\" class=\"yoast-schema-graph\">{\"@context\":\"https:\/\/schema.org\",\"@graph\":[{\"@type\":\"WebPage\",\"@id\":\"https:\/\/valika.eu\/fi\/toode\/claresa-french-gel-extra-white-25-g-2\/\",\"url\":\"https:\/\/valika.eu\/fi\/toode\/claresa-french-gel-extra-white-25-g-2\/\",\"name\":\"CLARESA FRENCH GEL EXTRA WHITE 25 g | Valika\",\"isPartOf\":{\"@id\":\"https:\/\/valika.eu\/fi\/#website\"},\"primaryImageOfPage\":{\"@id\":\"https:\/\/valika.eu\/fi\/toode\/claresa-french-gel-extra-white-25-g-2\/#primaryimage\"},\"image\":{\"@id\":\"https:\/\/valika.eu\/toode\/claresa-french-gel-extra-white-25-g-2\/#primaryimage\"},\"thumbnailUrl\":\"https:\/\/valika.eu\/wp-content\/uploads\/2024\/10\/1672.jpg\",\"datePublished\":\"2024-10-14T00:40:59+00:00\",\"dateModified\":\"2025-07-02T02:04:56+00:00\",\"breadcrumb\":{\"@id\":\"https:\/\/valika.eu\/fi\/toode\/claresa-french-gel-extra-white-25-g-2\/#breadcrumb\"},\"inLanguage\":\"fi\",\"potentialAction\":[{\"@type\":\"ReadAction\",\"target\":[[\"https:\/\/valika.eu\/fi\/toode\/claresa-french-gel-extra-white-25-g-2\/\"]]}]},{\"@type\":\"ImageObject\",\"inLanguage\":\"fi\",\"@id\":\"https:\/\/valika.eu\/fi\/toode\/claresa-french-gel-extra-white-25-g-2\/#primaryimage\",\"url\":\"https:\/\/valika.eu\/wp-content\/uploads\/2024\/10\/1672.jpg\",\"contentUrl\":\"https:\/\/valika.eu\/wp-content\/uploads\/2024\/10\/1672.jpg\",\"width\":1500,\"height\":1500},{\"@type\":\"BreadcrumbList\",\"@id\":\"https:\/\/valika.eu\/fi\/toode\/claresa-french-gel-extra-white-25-g-2\/#breadcrumb\",\"itemListElement\":[{\"@type\":\"ListItem\",\"position\":1,\"name\":\"Koti\",\"item\":\"https:\/\/valika.eu\/fi\/\"},{\"@type\":\"ListItem\",\"position\":2,\"name\":\"Shop\",\"item\":\"https:\/\/valika.eu\/fi\/\"},{\"@type\":\"ListItem\",\"position\":3,\"name\":\"CLARESA FRENCH GEL EXTRA WHITE 25 g\"}]},{\"@type\":\"WebSite\",\"@id\":\"https:\/\/valika.eu\/fi\/#website\",\"url\":\"https:\/\/valika.eu\/fi\/\",\"name\":\"Valika.eu\",\"description\":\"Salonkituotteet ja kauneudenhoitotuotteet - Valika tarjoaa laajan valikoiman tuotteita ja tarvikkeita kynsiteknikoille, kauneushoitoloille, kampaamoille ja kampaamoille.\",\"publisher\":{\"@id\":\"https:\/\/valika.eu\/fi\/#organization\"},\"alternateName\":\"Valika\",\"potentialAction\":[{\"@type\":\"SearchAction\",\"target\":{\"@type\":\"EntryPoint\",\"urlTemplate\":\"https:\/\/valika.eu\/fi\/?s={search_term_string}\"},\"query-input\":{\"@type\":\"PropertyValueSpecification\",\"valueRequired\":true,\"valueName\":\"search_term_string\"}}],\"inLanguage\":\"fi\"},{\"@type\":\"Organization\",\"@id\":\"https:\/\/valika.eu\/fi\/#organization\",\"name\":\"Salongitoode O\u00dc\",\"alternateName\":\"Valika\",\"url\":\"https:\/\/valika.eu\/fi\/\",\"logo\":{\"@type\":\"ImageObject\",\"inLanguage\":\"fi\",\"@id\":\"https:\/\/valika.eu\/fi\/#\/schema\/logo\/image\/\",\"url\":\"https:\/\/valika.eu\/wp-content\/uploads\/2023\/11\/logo2-valika-footer.png\",\"contentUrl\":\"https:\/\/valika.eu\/wp-content\/uploads\/2023\/11\/logo2-valika-footer.png\",\"width\":200,\"height\":129,\"caption\":\"Salongitoode O\u00dc\"},\"image\":{\"@id\":\"https:\/\/valika.eu\/fi\/#\/schema\/logo\/image\/\"},\"sameAs\":[\"https:\/\/www.facebook.com\/tipsi.net\"]}]}<\/script>\n<!-- \/ Yoast SEO plugin. -->","yoast_head_json":{"title":"CLARESA FRENCH GEL EXTRA WHITE 25 g | Valika","robots":{"index":"index","follow":"follow","max-snippet":"max-snippet:-1","max-image-preview":"max-image-preview:large","max-video-preview":"max-video-preview:-1"},"canonical":"https:\/\/valika.eu\/fi\/toode\/claresa-french-gel-extra-white-25-g-2\/","og_locale":"fi_FI","og_type":"article","og_title":"CLARESA FRENCH GEL EXTRA WHITE 25 g | Valika","og_description":"Rakennusgeeli valkoinen 25g Haaveiletko pitkist\u00e4 ja vahvoista kynsist\u00e4? Sitten olet tullut oikeaan paikkaan, sill\u00e4geelivalkoinen rakentajamme mahdollistaa sen sinulle. Sen ansiosta","og_url":"https:\/\/valika.eu\/fi\/toode\/claresa-french-gel-extra-white-25-g-2\/","og_site_name":"Valika","article_publisher":"https:\/\/www.facebook.com\/tipsi.net","article_modified_time":"2025-07-02T02:04:56+00:00","og_image":[{"width":1500,"height":1500,"url":"https:\/\/valika.eu\/wp-content\/uploads\/2024\/10\/1672.jpg","type":"image\/jpeg"}],"twitter_card":"summary_large_image","schema":{"@context":"https:\/\/schema.org","@graph":[{"@type":"WebPage","@id":"https:\/\/valika.eu\/fi\/toode\/claresa-french-gel-extra-white-25-g-2\/","url":"https:\/\/valika.eu\/fi\/toode\/claresa-french-gel-extra-white-25-g-2\/","name":"CLARESA FRENCH GEL EXTRA WHITE 25 g | Valika","isPartOf":{"@id":"https:\/\/valika.eu\/fi\/#website"},"primaryImageOfPage":{"@id":"https:\/\/valika.eu\/fi\/toode\/claresa-french-gel-extra-white-25-g-2\/#primaryimage"},"image":{"@id":"https:\/\/valika.eu\/toode\/claresa-french-gel-extra-white-25-g-2\/#primaryimage"},"thumbnailUrl":"https:\/\/valika.eu\/wp-content\/uploads\/2024\/10\/1672.jpg","datePublished":"2024-10-14T00:40:59+00:00","dateModified":"2025-07-02T02:04:56+00:00","breadcrumb":{"@id":"https:\/\/valika.eu\/fi\/toode\/claresa-french-gel-extra-white-25-g-2\/#breadcrumb"},"inLanguage":"fi","potentialAction":[{"@type":"ReadAction","target":[["https:\/\/valika.eu\/fi\/toode\/claresa-french-gel-extra-white-25-g-2\/"]]}]},{"@type":"ImageObject","inLanguage":"fi","@id":"https:\/\/valika.eu\/fi\/toode\/claresa-french-gel-extra-white-25-g-2\/#primaryimage","url":"https:\/\/valika.eu\/wp-content\/uploads\/2024\/10\/1672.jpg","contentUrl":"https:\/\/valika.eu\/wp-content\/uploads\/2024\/10\/1672.jpg","width":1500,"height":1500},{"@type":"BreadcrumbList","@id":"https:\/\/valika.eu\/fi\/toode\/claresa-french-gel-extra-white-25-g-2\/#breadcrumb","itemListElement":[{"@type":"ListItem","position":1,"name":"Koti","item":"https:\/\/valika.eu\/fi\/"},{"@type":"ListItem","position":2,"name":"Shop","item":"https:\/\/valika.eu\/fi\/"},{"@type":"ListItem","position":3,"name":"CLARESA FRENCH GEL EXTRA WHITE 25 g"}]},{"@type":"WebSite","@id":"https:\/\/valika.eu\/fi\/#website","url":"https:\/\/valika.eu\/fi\/","name":"Valika.eu","description":"Salonkituotteet ja kauneudenhoitotuotteet - Valika tarjoaa laajan valikoiman tuotteita ja tarvikkeita kynsiteknikoille, kauneushoitoloille, kampaamoille ja kampaamoille.","publisher":{"@id":"https:\/\/valika.eu\/fi\/#organization"},"alternateName":"Valika","potentialAction":[{"@type":"SearchAction","target":{"@type":"EntryPoint","urlTemplate":"https:\/\/valika.eu\/fi\/?s={search_term_string}"},"query-input":{"@type":"PropertyValueSpecification","valueRequired":true,"valueName":"search_term_string"}}],"inLanguage":"fi"},{"@type":"Organization","@id":"https:\/\/valika.eu\/fi\/#organization","name":"Salongitoode O\u00dc","alternateName":"Valika","url":"https:\/\/valika.eu\/fi\/","logo":{"@type":"ImageObject","inLanguage":"fi","@id":"https:\/\/valika.eu\/fi\/#\/schema\/logo\/image\/","url":"https:\/\/valika.eu\/wp-content\/uploads\/2023\/11\/logo2-valika-footer.png","contentUrl":"https:\/\/valika.eu\/wp-content\/uploads\/2023\/11\/logo2-valika-footer.png","width":200,"height":129,"caption":"Salongitoode O\u00dc"},"image":{"@id":"https:\/\/valika.eu\/fi\/#\/schema\/logo\/image\/"},"sameAs":["https:\/\/www.facebook.com\/tipsi.net"]}]}},"jetpack_sharing_enabled":true,"_links":{"self":[{"href":"https:\/\/valika.eu\/fi\/wp-json\/wp\/v2\/product\/8156","targetHints":{"allow":["GET"]}}],"collection":[{"href":"https:\/\/valika.eu\/fi\/wp-json\/wp\/v2\/product"}],"about":[{"href":"https:\/\/valika.eu\/fi\/wp-json\/wp\/v2\/types\/product"}],"wp:featuredmedia":[{"embeddable":true,"href":"https:\/\/valika.eu\/fi\/wp-json\/wp\/v2\/media\/7939"}],"wp:attachment":[{"href":"https:\/\/valika.eu\/fi\/wp-json\/wp\/v2\/media?parent=8156"}],"wp:term":[{"taxonomy":"product_brand","embeddable":true,"href":"https:\/\/valika.eu\/fi\/wp-json\/wp\/v2\/product_brand?post=8156"},{"taxonomy":"product_cat","embeddable":true,"href":"https:\/\/valika.eu\/fi\/wp-json\/wp\/v2\/product_cat?post=8156"},{"taxonomy":"product_tag","embeddable":true,"href":"https:\/\/valika.eu\/fi\/wp-json\/wp\/v2\/product_tag?post=8156"}],"curies":[{"name":"wp","href":"https:\/\/api.w.org\/{rel}","templated":true}]}}