{"id":8164,"date":"2024-10-14T03:41:04","date_gmt":"2024-10-14T00:41:04","guid":{"rendered":"https:\/\/valika.eu\/toode\/claresa-softeasy-builder-gel-milky-pink-12g-2\/"},"modified":"2026-03-25T13:42:47","modified_gmt":"2026-03-25T11:42:47","slug":"claresa-softeasy-builder-gel-milky-pink-12g-2","status":"publish","type":"product","link":"https:\/\/valika.eu\/fi\/toode\/claresa-softeasy-builder-gel-milky-pink-12g-2\/","title":{"rendered":"Claresa SOFT&amp;EASY builder gel milky pink 12g"},"content":{"rendered":"<p><strong><span style=\"color: #cc8797\">CLARESA BUILDING GEL<\/span><\/strong><\/p>\n<p>Hybridikynsilakka ei riit\u00e4 sinun tapauksessasi? Tarvitsetko eritt\u00e4in kest\u00e4v\u00e4n, tehokkaan muotoilun, joka voidaan tehd\u00e4 nopeasti kotona? Etsitk\u00f6 tapaa kovettaa luonnollista kynsilevy\u00e4si tai pident\u00e4\u00e4 kynsi\u00e4si helposti? Uusi <strong>SOFT&amp;EASY BUILDER GEL<\/strong>-rakennusgeelimme on oikea tuote sinulle!<\/p>\n<p>Geelin innovatiivinen koostumus, jolla on ainutlaatuinen rakenne ja tiheys, tekee siit\u00e4 <strong>eritt\u00e4in tasaisen<\/strong>. strong&gt;, joten se antaa anteeksi kokemattomankin k\u00e4ytt\u00e4j\u00e4n virheet ja<strong>nopeaa<\/strong>ty\u00f6t\u00e4 helpottaa my\u00f6s nesteen muisti, joka est\u00e4\u00e4 sit\u00e4 valumasta kynsinauhoille. Muotoilu <strong>SOFT&amp;EASY:lla ei vaadi viilaamista tai pintamaalausta<\/strong> \u2013 pyyhi vain dispersiokerros Cleanerilla, ja intensiivisesti kiilt\u00e4v\u00e4t kynnet ovat valmiit!<\/p>\n<p>Moderninen geeliresepti, jolla on hyv\u00e4 tarttuvuus* mahdollistaa tasoittaa ja kovettaa ja laajentaa levy\u00e4 jopa ohuella kerroksella, mik\u00e4 takaa muotoilun luonnollista kynsilevy\u00e4 muistuttavan ulkon\u00e4\u00f6n ja kest\u00e4\u00e4 v\u00e4hint\u00e4\u00e4n 4 viikkoa (!). Se my\u00f6s est\u00e4\u00e4 kynsi\u00e4 murtumasta ja murenemasta, joten ne voivat kasvaa paljon pidempi\u00e4. Erityinen koostumus alhaisen polymerointil\u00e4mp\u00f6tilan ansiosta <strong>v\u00e4hent\u00e4\u00e4 paistamisen lampussa minimiin.<\/strong><\/p>\n<p><strong><span style=\"color: #cc8797\">SOFT&amp;EASY GEL on saatavana 16 v\u00e4riss\u00e4:<\/span><\/strong><\/p>\n<ul>\n<li>SKIN COVER \u2013 luonnollinen, neutraali nude-v\u00e4ri, t\u00e4ydellinen peitt\u00e4m\u00e4\u00e4n kynsilevyn ep\u00e4tasaisuudet. Se sopii t\u00e4ydellisesti mihin tahansa ihon s\u00e4vyyn, t\u00e4ydellinen erillisen\u00e4 lakana tai pohjana intensiivisemmille v\u00e4reille.<\/li>\n<li>SIREELI \u2013 herkk\u00e4, pastellis\u00e4vy lila, joka tuo raikkautta ja eleganssia mihin tahansa tyyliin. Se toimii t\u00e4ydellisesti sek\u00e4 sellaisenaan ett\u00e4 luovempien koristeiden pohjana.<\/li>\n<li>PUSHINPINKI \u2013 hienovarainen, vaaleanpunainen s\u00e4vy, joka lis\u00e4\u00e4 herkkua ja romantiikkaa mihin tahansa tyyliin. T\u00e4ydellinen t\u00e4ydelliseksi manikyyriksi tai pohjaksi ranskalaisille ja suurten ik\u00e4luokkien tyyleille. Peitt\u00e4\u00e4 jopa 90 %!<\/li>\n<li>GLIMMER PINK \u2013 pastellin vaaleanpunainen v\u00e4rikk\u00e4ill\u00e4 ter\u00e4lehdill\u00e4, mik\u00e4 antaa tyyliin hieman hulluutta ja tunnelmaa. T\u00e4ydellinen k\u00e4ytett\u00e4v\u00e4ksi yksin\u00e4\u00e4n tai lis\u00e4n\u00e4 luoviin malleihin.<\/li>\n<li>CLEAR \u2013 l\u00e4pin\u00e4kyv\u00e4, toimii loistavasti rakennus- ja tasoituspohjana kaikkien v\u00e4rien hybridilakkaille<\/li>\n<li>LUONNOLLINEN \u2013 luonnollinen, herkk\u00e4 nude v\u00e4ri, valittu vastaamaan luonnollista ihonv\u00e4ri\u00e4; toimii erinomaisesti sellaisenaan, ilman lis\u00e4lakan k\u00e4ytt\u00f6\u00e4, peitt\u00e4\u00e4 jopa 90 %!<\/li>\n<li>MILKY PINK &#8211; herkk\u00e4, vaalennettu vaaleanpunainen, toimii t\u00e4ydellisesti sellaisenaan t\u00e4ydellisen\u00e4 manikyyrin\u00e4 ja pohjana ranskalainen tai suuret ik\u00e4luokat, peitt\u00e4\u00e4 jopa 90 %!<\/li>\n<li>BABY PINK &#8211; makea, makea vaaleanpunainen s\u00e4vy, toimii t\u00e4ydellisesti sellaisenaan t\u00e4ydellisen\u00e4 manikyyrin\u00e4 ja pohjana ranskalaiselle tai suurelle ik\u00e4luokalle , se kattaa jopa 90 %! Testaajamme pit\u00e4v\u00e4t eniten!<\/li>\n<li>CHAMPAGNE &#8211; luonnollinen, herkk\u00e4 nude-s\u00e4vy, jossa on kimaltelevia kultahiukkasia, jotka antavat poikkeuksellisen vaikuttavan lopputuloksen. T\u00e4ydellinen k\u00e4ytett\u00e4v\u00e4ksi yksin\u00e4\u00e4n t\u00e4ydellisen\u00e4 manikyyrin\u00e4 tai pohjana mielikuvituksellisille tyyleille, se peitt\u00e4\u00e4 jopa 90 %!<\/li>\n<li>GLAM PINK \u2013 pastelli, herkk\u00e4 vaaleanpunainen s\u00e4vy hohtavilla hopeahiukkasilla, t\u00e4ydellinen sellaisenaan. t\u00e4ysmanikyyrin\u00e4 tai pohjana lis\u00e4muotoilua varten, peitt\u00e4\u00e4 jopa 90 %!<\/li>\n<li>PINK CHAMPAGNE &#8211; herkk\u00e4, makeanpunainen, jossa on ainutlaatuinen vaaleanpunainen hiukkanen. Se toimii erinomaisesti erillisen\u00e4 muotoiluna ilman lis\u00e4lakan k\u00e4ytt\u00f6\u00e4. Peitt\u00e4\u00e4 jopa 90 %!<\/li>\n<li>GOLD PROSECCO \u2013 vaalea beige, jossa hienovaraisia \u200b\u200bkultahiukkasia. Se toimii t\u00e4ydellisesti erillisen\u00e4, hienovaraisena muotoiluna ja luo kauniin simpukankuoriefektin kynsiisi! Peitt\u00e4\u00e4 jopa 90 %!<\/li>\n<li>MILKY WHITE \u2013 maidonvalkoinen, t\u00e4ydellinen h\u00e4\u00e4manikyyriin ja jokap\u00e4iv\u00e4iseen k\u00e4ytt\u00f6\u00f6n. Se toimii hyvin yksin\u00e4\u00e4n tai &#8220;prinsessakynsien&#8221; koristeiden kanssa.<\/li>\n<li>PANNA COTTA &#8211; eritt\u00e4in vaaleanpunainen, joka vetoaa varmasti viileiden s\u00e4vyjen yst\u00e4viin, ja samalla se on riitt\u00e4v\u00e4n herkk\u00e4 sopimaan mihin tahansa tyyppiin ihon s\u00e4vyst\u00e4. T\u00e4ydellinen itsen\u00e4iseksi muotoiluksi tai &#8220;prinsessakynsien&#8221; koristeluun.<\/li>\n<li>SWEET SUGAR &#8211; hienovarainen, vaaleanpunainen, jossa on makeita sokeriruiskuja muistuttavia hiukkasia. Vaikuttava s\u00e4vy kimaltelemisen yst\u00e4ville.<\/li>\n<li>VALEBEGE \u2013 vaalea, l\u00e4mmin beige. Erinomainen yhdess\u00e4 hienojen toppien ja puuterien kanssa sek\u00e4 yksin\u00e4\u00e4n, erityisesti niille, joilla on l\u00e4mmin iho.<\/li>\n<\/ul>\n<p>Kokeile ja huomaat, ett\u00e4 t\u00e4st\u00e4 p\u00e4iv\u00e4st\u00e4 l\u00e4htien<strong>SOFT&amp;EASY BUILDER GEL on sinun #musthave!<\/strong><\/p>\n<p><strong><span style=\"color: #cc8797\">P\u00e4\u00e4ominaisuudet:<\/span><\/strong><\/p>\n<ul>\n<li>Itsetasoittuva, nestem\u00e4inen muisti \u2013 HELPPOA!<\/li>\n<li><strong>Monitoiminen<\/strong> \u2013 NOPEA!*<\/li>\n<li>Erinomainen tarttuvuus* ja hyv\u00e4 kest\u00e4vyys \u2013 PITK\u00c4N AIKA!<\/li>\n<li>Voimakkaasti kiilt\u00e4v\u00e4 &#8211; KAUNIS!<\/li>\n<li>Kaavalla, joka EI PAISTA LAMPPUSSA!<\/li>\n<li>Sovellus: t\u00e4ydent\u00e4\u00e4 ja kovettaa luonnollista kynsilevy\u00e4 ja kynsien pidennys &#8211; BINGO!<\/li>\n<\/ul>\n<p><strong>CLARESA-tuotteet &#8211;<\/strong>kotik\u00e4ytt\u00f6\u00f6n luotu, ammattilaisten valitsema!<\/p>\n<p>* Muista, ett\u00e4 jokainen laatta on erilainen ja vaatii yksil\u00f6llist\u00e4 l\u00e4hestymistapaa, joten erityisen vaativien kynsien tapauksessa voit k\u00e4ytt\u00e4\u00e4 Claresa Base -suosikkisi hankausalkoholia vahvistamaan geelin tarttuvuutta.<\/p>\n<p><img loading=\"lazy\" decoding=\"async\" src=\"\/userdata\/public\/assets\/\/SOFT%26EASY.jpg\" alt=\"kynsigeeli Claresa \" width=\"1200\" height=\"3213\" \/><\/p>","protected":false},"excerpt":{"rendered":"<p>CLARESA BUILDING GEL Hybridikynsilakka ei riit\u00e4 sinun tapauksessasi? Tarvitsetko eritt\u00e4in kest\u00e4v\u00e4n, tehokkaan muotoilun, joka voidaan tehd\u00e4 nopeasti kotona? Etsitk\u00f6 tapaa<\/p>\n","protected":false},"featured_media":8002,"template":"","meta":[],"product_brand":[],"product_cat":[72,647],"product_tag":[],"class_list":{"0":"post-8164","1":"product","2":"type-product","3":"status-publish","4":"has-post-thumbnail","6":"product_cat-claresa-ehitusgeelid","7":"product_cat-softeasy","9":"first","10":"instock","11":"taxable","12":"shipping-taxable","13":"purchasable","14":"product-type-simple"},"yoast_head":"<!-- This site is optimized with the Yoast SEO plugin v24.4 - https:\/\/yoast.com\/wordpress\/plugins\/seo\/ -->\n<title>Claresa SOFT&amp;EASY builder gel milky pink 12g | Valika<\/title>\n<meta name=\"robots\" content=\"index, follow, max-snippet:-1, max-image-preview:large, max-video-preview:-1\" \/>\n<link rel=\"canonical\" href=\"https:\/\/valika.eu\/fi\/toode\/claresa-softeasy-builder-gel-milky-pink-12g-2\/\" \/>\n<meta property=\"og:locale\" content=\"fi_FI\" \/>\n<meta property=\"og:type\" content=\"article\" \/>\n<meta property=\"og:title\" content=\"Claresa SOFT&amp;EASY builder gel milky pink 12g | Valika\" \/>\n<meta property=\"og:description\" content=\"CLARESA BUILDING GEL Hybridikynsilakka ei riit\u00e4 sinun tapauksessasi? Tarvitsetko eritt\u00e4in kest\u00e4v\u00e4n, tehokkaan muotoilun, joka voidaan tehd\u00e4 nopeasti kotona? Etsitk\u00f6 tapaa\" \/>\n<meta property=\"og:url\" content=\"https:\/\/valika.eu\/fi\/toode\/claresa-softeasy-builder-gel-milky-pink-12g-2\/\" \/>\n<meta property=\"og:site_name\" content=\"Valika\" \/>\n<meta property=\"article:publisher\" content=\"https:\/\/www.facebook.com\/tipsi.net\" \/>\n<meta property=\"article:modified_time\" content=\"2026-03-25T11:42:47+00:00\" \/>\n<meta property=\"og:image\" content=\"https:\/\/valika.eu\/wp-content\/uploads\/2024\/10\/7546.jpg\" \/>\n\t<meta property=\"og:image:width\" content=\"1500\" \/>\n\t<meta property=\"og:image:height\" content=\"1500\" \/>\n\t<meta property=\"og:image:type\" content=\"image\/jpeg\" \/>\n<meta name=\"twitter:card\" content=\"summary_large_image\" \/>\n<script type=\"application\/ld+json\" class=\"yoast-schema-graph\">{\"@context\":\"https:\/\/schema.org\",\"@graph\":[{\"@type\":\"WebPage\",\"@id\":\"https:\/\/valika.eu\/fi\/toode\/claresa-softeasy-builder-gel-milky-pink-12g-2\/\",\"url\":\"https:\/\/valika.eu\/fi\/toode\/claresa-softeasy-builder-gel-milky-pink-12g-2\/\",\"name\":\"Claresa SOFT&amp;EASY builder gel milky pink 12g | Valika\",\"isPartOf\":{\"@id\":\"https:\/\/valika.eu\/fi\/#website\"},\"primaryImageOfPage\":{\"@id\":\"https:\/\/valika.eu\/fi\/toode\/claresa-softeasy-builder-gel-milky-pink-12g-2\/#primaryimage\"},\"image\":{\"@id\":\"https:\/\/valika.eu\/toode\/claresa-softeasy-builder-gel-milky-pink-12g-2\/#primaryimage\"},\"thumbnailUrl\":\"https:\/\/valika.eu\/wp-content\/uploads\/2024\/10\/7546.jpg\",\"datePublished\":\"2024-10-14T00:41:04+00:00\",\"dateModified\":\"2026-03-25T11:42:47+00:00\",\"breadcrumb\":{\"@id\":\"https:\/\/valika.eu\/fi\/toode\/claresa-softeasy-builder-gel-milky-pink-12g-2\/#breadcrumb\"},\"inLanguage\":\"fi\",\"potentialAction\":[{\"@type\":\"ReadAction\",\"target\":[[\"https:\/\/valika.eu\/fi\/toode\/claresa-softeasy-builder-gel-milky-pink-12g-2\/\"]]}]},{\"@type\":\"ImageObject\",\"inLanguage\":\"fi\",\"@id\":\"https:\/\/valika.eu\/fi\/toode\/claresa-softeasy-builder-gel-milky-pink-12g-2\/#primaryimage\",\"url\":\"https:\/\/valika.eu\/wp-content\/uploads\/2024\/10\/7546.jpg\",\"contentUrl\":\"https:\/\/valika.eu\/wp-content\/uploads\/2024\/10\/7546.jpg\",\"width\":1500,\"height\":1500},{\"@type\":\"BreadcrumbList\",\"@id\":\"https:\/\/valika.eu\/fi\/toode\/claresa-softeasy-builder-gel-milky-pink-12g-2\/#breadcrumb\",\"itemListElement\":[{\"@type\":\"ListItem\",\"position\":1,\"name\":\"Koti\",\"item\":\"https:\/\/valika.eu\/fi\/\"},{\"@type\":\"ListItem\",\"position\":2,\"name\":\"Shop\",\"item\":\"https:\/\/valika.eu\/fi\/\"},{\"@type\":\"ListItem\",\"position\":3,\"name\":\"Claresa SOFT&#038;EASY builder gel milky pink 12g\"}]},{\"@type\":\"WebSite\",\"@id\":\"https:\/\/valika.eu\/fi\/#website\",\"url\":\"https:\/\/valika.eu\/fi\/\",\"name\":\"Valika.eu\",\"description\":\"Salonkituotteet ja kauneudenhoitotuotteet - Valika tarjoaa laajan valikoiman tuotteita ja tarvikkeita kynsiteknikoille, kauneushoitoloille, kampaamoille ja kampaamoille.\",\"publisher\":{\"@id\":\"https:\/\/valika.eu\/fi\/#organization\"},\"alternateName\":\"Valika\",\"potentialAction\":[{\"@type\":\"SearchAction\",\"target\":{\"@type\":\"EntryPoint\",\"urlTemplate\":\"https:\/\/valika.eu\/fi\/?s={search_term_string}\"},\"query-input\":{\"@type\":\"PropertyValueSpecification\",\"valueRequired\":true,\"valueName\":\"search_term_string\"}}],\"inLanguage\":\"fi\"},{\"@type\":\"Organization\",\"@id\":\"https:\/\/valika.eu\/fi\/#organization\",\"name\":\"Salongitoode O\u00dc\",\"alternateName\":\"Valika\",\"url\":\"https:\/\/valika.eu\/fi\/\",\"logo\":{\"@type\":\"ImageObject\",\"inLanguage\":\"fi\",\"@id\":\"https:\/\/valika.eu\/fi\/#\/schema\/logo\/image\/\",\"url\":\"https:\/\/valika.eu\/wp-content\/uploads\/2023\/11\/logo2-valika-footer.png\",\"contentUrl\":\"https:\/\/valika.eu\/wp-content\/uploads\/2023\/11\/logo2-valika-footer.png\",\"width\":200,\"height\":129,\"caption\":\"Salongitoode O\u00dc\"},\"image\":{\"@id\":\"https:\/\/valika.eu\/fi\/#\/schema\/logo\/image\/\"},\"sameAs\":[\"https:\/\/www.facebook.com\/tipsi.net\"]}]}<\/script>\n<!-- \/ Yoast SEO plugin. -->","yoast_head_json":{"title":"Claresa SOFT&amp;EASY builder gel milky pink 12g | Valika","robots":{"index":"index","follow":"follow","max-snippet":"max-snippet:-1","max-image-preview":"max-image-preview:large","max-video-preview":"max-video-preview:-1"},"canonical":"https:\/\/valika.eu\/fi\/toode\/claresa-softeasy-builder-gel-milky-pink-12g-2\/","og_locale":"fi_FI","og_type":"article","og_title":"Claresa SOFT&amp;EASY builder gel milky pink 12g | Valika","og_description":"CLARESA BUILDING GEL Hybridikynsilakka ei riit\u00e4 sinun tapauksessasi? Tarvitsetko eritt\u00e4in kest\u00e4v\u00e4n, tehokkaan muotoilun, joka voidaan tehd\u00e4 nopeasti kotona? Etsitk\u00f6 tapaa","og_url":"https:\/\/valika.eu\/fi\/toode\/claresa-softeasy-builder-gel-milky-pink-12g-2\/","og_site_name":"Valika","article_publisher":"https:\/\/www.facebook.com\/tipsi.net","article_modified_time":"2026-03-25T11:42:47+00:00","og_image":[{"width":1500,"height":1500,"url":"https:\/\/valika.eu\/wp-content\/uploads\/2024\/10\/7546.jpg","type":"image\/jpeg"}],"twitter_card":"summary_large_image","schema":{"@context":"https:\/\/schema.org","@graph":[{"@type":"WebPage","@id":"https:\/\/valika.eu\/fi\/toode\/claresa-softeasy-builder-gel-milky-pink-12g-2\/","url":"https:\/\/valika.eu\/fi\/toode\/claresa-softeasy-builder-gel-milky-pink-12g-2\/","name":"Claresa SOFT&amp;EASY builder gel milky pink 12g | Valika","isPartOf":{"@id":"https:\/\/valika.eu\/fi\/#website"},"primaryImageOfPage":{"@id":"https:\/\/valika.eu\/fi\/toode\/claresa-softeasy-builder-gel-milky-pink-12g-2\/#primaryimage"},"image":{"@id":"https:\/\/valika.eu\/toode\/claresa-softeasy-builder-gel-milky-pink-12g-2\/#primaryimage"},"thumbnailUrl":"https:\/\/valika.eu\/wp-content\/uploads\/2024\/10\/7546.jpg","datePublished":"2024-10-14T00:41:04+00:00","dateModified":"2026-03-25T11:42:47+00:00","breadcrumb":{"@id":"https:\/\/valika.eu\/fi\/toode\/claresa-softeasy-builder-gel-milky-pink-12g-2\/#breadcrumb"},"inLanguage":"fi","potentialAction":[{"@type":"ReadAction","target":[["https:\/\/valika.eu\/fi\/toode\/claresa-softeasy-builder-gel-milky-pink-12g-2\/"]]}]},{"@type":"ImageObject","inLanguage":"fi","@id":"https:\/\/valika.eu\/fi\/toode\/claresa-softeasy-builder-gel-milky-pink-12g-2\/#primaryimage","url":"https:\/\/valika.eu\/wp-content\/uploads\/2024\/10\/7546.jpg","contentUrl":"https:\/\/valika.eu\/wp-content\/uploads\/2024\/10\/7546.jpg","width":1500,"height":1500},{"@type":"BreadcrumbList","@id":"https:\/\/valika.eu\/fi\/toode\/claresa-softeasy-builder-gel-milky-pink-12g-2\/#breadcrumb","itemListElement":[{"@type":"ListItem","position":1,"name":"Koti","item":"https:\/\/valika.eu\/fi\/"},{"@type":"ListItem","position":2,"name":"Shop","item":"https:\/\/valika.eu\/fi\/"},{"@type":"ListItem","position":3,"name":"Claresa SOFT&#038;EASY builder gel milky pink 12g"}]},{"@type":"WebSite","@id":"https:\/\/valika.eu\/fi\/#website","url":"https:\/\/valika.eu\/fi\/","name":"Valika.eu","description":"Salonkituotteet ja kauneudenhoitotuotteet - Valika tarjoaa laajan valikoiman tuotteita ja tarvikkeita kynsiteknikoille, kauneushoitoloille, kampaamoille ja kampaamoille.","publisher":{"@id":"https:\/\/valika.eu\/fi\/#organization"},"alternateName":"Valika","potentialAction":[{"@type":"SearchAction","target":{"@type":"EntryPoint","urlTemplate":"https:\/\/valika.eu\/fi\/?s={search_term_string}"},"query-input":{"@type":"PropertyValueSpecification","valueRequired":true,"valueName":"search_term_string"}}],"inLanguage":"fi"},{"@type":"Organization","@id":"https:\/\/valika.eu\/fi\/#organization","name":"Salongitoode O\u00dc","alternateName":"Valika","url":"https:\/\/valika.eu\/fi\/","logo":{"@type":"ImageObject","inLanguage":"fi","@id":"https:\/\/valika.eu\/fi\/#\/schema\/logo\/image\/","url":"https:\/\/valika.eu\/wp-content\/uploads\/2023\/11\/logo2-valika-footer.png","contentUrl":"https:\/\/valika.eu\/wp-content\/uploads\/2023\/11\/logo2-valika-footer.png","width":200,"height":129,"caption":"Salongitoode O\u00dc"},"image":{"@id":"https:\/\/valika.eu\/fi\/#\/schema\/logo\/image\/"},"sameAs":["https:\/\/www.facebook.com\/tipsi.net"]}]}},"jetpack_sharing_enabled":true,"_links":{"self":[{"href":"https:\/\/valika.eu\/fi\/wp-json\/wp\/v2\/product\/8164","targetHints":{"allow":["GET"]}}],"collection":[{"href":"https:\/\/valika.eu\/fi\/wp-json\/wp\/v2\/product"}],"about":[{"href":"https:\/\/valika.eu\/fi\/wp-json\/wp\/v2\/types\/product"}],"wp:featuredmedia":[{"embeddable":true,"href":"https:\/\/valika.eu\/fi\/wp-json\/wp\/v2\/media\/8002"}],"wp:attachment":[{"href":"https:\/\/valika.eu\/fi\/wp-json\/wp\/v2\/media?parent=8164"}],"wp:term":[{"taxonomy":"product_brand","embeddable":true,"href":"https:\/\/valika.eu\/fi\/wp-json\/wp\/v2\/product_brand?post=8164"},{"taxonomy":"product_cat","embeddable":true,"href":"https:\/\/valika.eu\/fi\/wp-json\/wp\/v2\/product_cat?post=8164"},{"taxonomy":"product_tag","embeddable":true,"href":"https:\/\/valika.eu\/fi\/wp-json\/wp\/v2\/product_tag?post=8164"}],"curies":[{"name":"wp","href":"https:\/\/api.w.org\/{rel}","templated":true}]}}