{"id":8507,"date":"2024-10-14T03:59:25","date_gmt":"2024-10-14T00:59:25","guid":{"rendered":"https:\/\/valika.eu\/toode\/claresa-rubber-gel-2-12g\/"},"modified":"2026-04-04T15:17:12","modified_gmt":"2026-04-04T12:17:12","slug":"claresa-rubber-gel-2-12g","status":"publish","type":"product","link":"https:\/\/valika.eu\/fi\/toode\/claresa-rubber-gel-2-12g\/","title":{"rendered":"Claresa Rubber Gel 2 -12g"},"content":{"rendered":"<p><\/p>\n<p>Onko sinulla ongelmia muotoilusi kest\u00e4vyyden kanssa ja tarvitsetko tuotteen, jonka avulla voit luoda todella kest\u00e4v\u00e4n ja kest\u00e4v\u00e4n manikyyrin? Tai ehk\u00e4 etsit koostumusta, jonka kanssa on uskomattoman helppo ja miellytt\u00e4v\u00e4 ty\u00f6skennell\u00e4?<\/p>\n<p><strong>Claresan kumigeeli<\/strong> on tuote, jolla on ainutlaatuiset ominaisuudet. Sen koostumus on <strong>tihe\u00e4 ja kest\u00e4\u00e4 ymp\u00e4rist\u00f6n l\u00e4mp\u00f6tilaa<\/strong>, joten se sopii t\u00e4ydellisesti<strong>kynsien rakentamiseen ja kynsilevyn pident\u00e4miseen<\/strong>. Voit olla varma, ett\u00e4 my\u00f6s kuumina p\u00e4ivin\u00e4 geeli k\u00e4ytt\u00e4ytyy samalla tavalla ja rakennat t\u00e4ydellisen luurangon joka kerta. <strong>Kumigeelille<\/strong> on my\u00f6s tunnusomaista<strong>tiksotropia (eli nestemuisti)<\/strong>, mik\u00e4 tarkoittaa, ett\u00e4 kynnelle levitettyn\u00e4 se ei valu kynsinauhoille. Harjalla ty\u00f6skennelless\u00e4 massa tasoittaa itsens\u00e4 t\u00e4ydellisesti, jolloin jopa aloittelijat voivat levitt\u00e4\u00e4 tuotteen tasaisesti. Geeli <strong>peitt\u00e4\u00e4 ja korjaa kynsilevyn ep\u00e4tasaisuudet<\/strong>, joten sit\u00e4 voidaan k\u00e4ytt\u00e4\u00e4 yksin\u00e4\u00e4n, ilman hybridilakkaa. Tarvitset vain pohjan ja yl\u00e4osan. <strong>P\u00e4\u00e4tt\u00e4v\u00e4 nude-s\u00e4vyjen paletti<\/strong> vetoaa varmasti luonnollisen muotoilun yst\u00e4viin.<\/p>\n<p><strong>Kumigeeli<\/strong> vaatii <strong>pohjustuspohjan<\/strong> k\u00e4ytt\u00f6\u00e4. strong&gt;, se toimii t\u00e4ydellisesti <strong>Bonding Base geelille<\/strong>.<\/p>\n<p><strong>TUOTTEET SAATAVILLA KOKO KANSIPALETTISSA:<\/strong><\/p>\n<ul>\n<li>2 \u2012 l\u00e4mmin vaaleanpunainen<\/li>\n<li>3 \u2012 keskiviile\u00e4 vaaleanpunainen<\/li>\n<li>4 \u2012 keskivaalea vadelmanpunainen<\/li>\n<li>5 \u2012 keskivaaleanpunainen, violetin kaltainen<\/li>\n<p> li&gt; <\/p>\n<li> 6 &#8211; keskil\u00e4mmin vaaleanpunainen hieman beige\u00e4<\/li>\n<\/ul>\n<p><strong>OMINAISUUDET:<\/strong><\/p>\n<ul>\n<li>paksu koostumus<\/li>\n<li>tiksotropia &#8211; nestemuistilla varustettu kaava<\/li>\n<li>ymp\u00e4rist\u00f6n l\u00e4mp\u00f6tilan kest\u00e4vyys<\/li>\n<li>harjalla tasoittuva kaava<\/li>\n<li>ongelma -ilmainen sovellus, ei tippumista kynsinauhoille<\/li>\n<p> li&gt; <\/p>\n<li>valittavissa oleva nude-s\u00e4vyvalikoima<\/li>\n<\/ul>\n<p><img loading=\"lazy\" decoding=\"async\" src=\"\/userdata\/public\/assets\/\/Claresa -Rubber-Gel-aplikacja.webp\" alt=\"kumi -gel-claresa\" width=\"1200\" height=\"1200\" \/><\/p>\n<p><img loading=\"lazy\" decoding=\"async\" src=\"\/userdata\/public\/assets\/\/ Claresa-Rubber-Gel-wlasciwosci.webp\" alt=\" rubber-gel-properties\" width=\"1200\" height=\"1200\" \/><\/p>\n<\/p>\n<div class=\"video-container\"><\/div>\n<p><\/p>","protected":false},"excerpt":{"rendered":"<p>Onko sinulla ongelmia muotoilusi kest\u00e4vyyden kanssa ja tarvitsetko tuotteen, jonka avulla voit luoda todella kest\u00e4v\u00e4n ja kest\u00e4v\u00e4n manikyyrin? Tai ehk\u00e4<\/p>\n","protected":false},"featured_media":8506,"template":"","meta":[],"product_brand":[],"product_cat":[72,645],"product_tag":[],"class_list":{"0":"post-8507","1":"product","2":"type-product","3":"status-publish","4":"has-post-thumbnail","6":"product_cat-claresa-ehitusgeelid","7":"product_cat-rubber-gel","9":"first","10":"instock","11":"taxable","12":"shipping-taxable","13":"purchasable","14":"product-type-simple"},"yoast_head":"<!-- This site is optimized with the Yoast SEO plugin v24.4 - https:\/\/yoast.com\/wordpress\/plugins\/seo\/ -->\n<title>Claresa Rubber Gel 2 -12g | Valika<\/title>\n<meta name=\"robots\" content=\"index, follow, max-snippet:-1, max-image-preview:large, max-video-preview:-1\" \/>\n<link rel=\"canonical\" href=\"https:\/\/valika.eu\/fi\/toode\/claresa-rubber-gel-2-12g\/\" \/>\n<meta property=\"og:locale\" content=\"fi_FI\" \/>\n<meta property=\"og:type\" content=\"article\" \/>\n<meta property=\"og:title\" content=\"Claresa Rubber Gel 2 -12g | Valika\" \/>\n<meta property=\"og:description\" content=\"Onko sinulla ongelmia muotoilusi kest\u00e4vyyden kanssa ja tarvitsetko tuotteen, jonka avulla voit luoda todella kest\u00e4v\u00e4n ja kest\u00e4v\u00e4n manikyyrin? Tai ehk\u00e4\" \/>\n<meta property=\"og:url\" content=\"https:\/\/valika.eu\/fi\/toode\/claresa-rubber-gel-2-12g\/\" \/>\n<meta property=\"og:site_name\" content=\"Valika\" \/>\n<meta property=\"article:publisher\" content=\"https:\/\/www.facebook.com\/tipsi.net\" \/>\n<meta property=\"article:modified_time\" content=\"2026-04-04T12:17:12+00:00\" \/>\n<meta property=\"og:image\" content=\"https:\/\/valika.eu\/wp-content\/uploads\/2024\/10\/8764.jpg\" \/>\n\t<meta property=\"og:image:width\" content=\"1500\" \/>\n\t<meta property=\"og:image:height\" content=\"1500\" \/>\n\t<meta property=\"og:image:type\" content=\"image\/jpeg\" \/>\n<meta name=\"twitter:card\" content=\"summary_large_image\" \/>\n<script type=\"application\/ld+json\" class=\"yoast-schema-graph\">{\"@context\":\"https:\/\/schema.org\",\"@graph\":[{\"@type\":\"WebPage\",\"@id\":\"https:\/\/valika.eu\/fi\/toode\/claresa-rubber-gel-2-12g\/\",\"url\":\"https:\/\/valika.eu\/fi\/toode\/claresa-rubber-gel-2-12g\/\",\"name\":\"Claresa Rubber Gel 2 -12g | Valika\",\"isPartOf\":{\"@id\":\"https:\/\/valika.eu\/fi\/#website\"},\"primaryImageOfPage\":{\"@id\":\"https:\/\/valika.eu\/fi\/toode\/claresa-rubber-gel-2-12g\/#primaryimage\"},\"image\":{\"@id\":\"https:\/\/valika.eu\/toode\/claresa-rubber-gel-2-12g\/#primaryimage\"},\"thumbnailUrl\":\"https:\/\/valika.eu\/wp-content\/uploads\/2024\/10\/8764.jpg\",\"datePublished\":\"2024-10-14T00:59:25+00:00\",\"dateModified\":\"2026-04-04T12:17:12+00:00\",\"breadcrumb\":{\"@id\":\"https:\/\/valika.eu\/fi\/toode\/claresa-rubber-gel-2-12g\/#breadcrumb\"},\"inLanguage\":\"fi\",\"potentialAction\":[{\"@type\":\"ReadAction\",\"target\":[[\"https:\/\/valika.eu\/fi\/toode\/claresa-rubber-gel-2-12g\/\"]]}]},{\"@type\":\"ImageObject\",\"inLanguage\":\"fi\",\"@id\":\"https:\/\/valika.eu\/fi\/toode\/claresa-rubber-gel-2-12g\/#primaryimage\",\"url\":\"https:\/\/valika.eu\/wp-content\/uploads\/2024\/10\/8764.jpg\",\"contentUrl\":\"https:\/\/valika.eu\/wp-content\/uploads\/2024\/10\/8764.jpg\",\"width\":1500,\"height\":1500},{\"@type\":\"BreadcrumbList\",\"@id\":\"https:\/\/valika.eu\/fi\/toode\/claresa-rubber-gel-2-12g\/#breadcrumb\",\"itemListElement\":[{\"@type\":\"ListItem\",\"position\":1,\"name\":\"Koti\",\"item\":\"https:\/\/valika.eu\/fi\/\"},{\"@type\":\"ListItem\",\"position\":2,\"name\":\"Shop\",\"item\":\"https:\/\/valika.eu\/fi\/\"},{\"@type\":\"ListItem\",\"position\":3,\"name\":\"Claresa Rubber Gel 2 -12g\"}]},{\"@type\":\"WebSite\",\"@id\":\"https:\/\/valika.eu\/fi\/#website\",\"url\":\"https:\/\/valika.eu\/fi\/\",\"name\":\"Valika.eu\",\"description\":\"Salonkituotteet ja kauneudenhoitotuotteet - Valika tarjoaa laajan valikoiman tuotteita ja tarvikkeita kynsiteknikoille, kauneushoitoloille, kampaamoille ja kampaamoille.\",\"publisher\":{\"@id\":\"https:\/\/valika.eu\/fi\/#organization\"},\"alternateName\":\"Valika\",\"potentialAction\":[{\"@type\":\"SearchAction\",\"target\":{\"@type\":\"EntryPoint\",\"urlTemplate\":\"https:\/\/valika.eu\/fi\/?s={search_term_string}\"},\"query-input\":{\"@type\":\"PropertyValueSpecification\",\"valueRequired\":true,\"valueName\":\"search_term_string\"}}],\"inLanguage\":\"fi\"},{\"@type\":\"Organization\",\"@id\":\"https:\/\/valika.eu\/fi\/#organization\",\"name\":\"Salongitoode O\u00dc\",\"alternateName\":\"Valika\",\"url\":\"https:\/\/valika.eu\/fi\/\",\"logo\":{\"@type\":\"ImageObject\",\"inLanguage\":\"fi\",\"@id\":\"https:\/\/valika.eu\/fi\/#\/schema\/logo\/image\/\",\"url\":\"https:\/\/valika.eu\/wp-content\/uploads\/2023\/11\/logo2-valika-footer.png\",\"contentUrl\":\"https:\/\/valika.eu\/wp-content\/uploads\/2023\/11\/logo2-valika-footer.png\",\"width\":200,\"height\":129,\"caption\":\"Salongitoode O\u00dc\"},\"image\":{\"@id\":\"https:\/\/valika.eu\/fi\/#\/schema\/logo\/image\/\"},\"sameAs\":[\"https:\/\/www.facebook.com\/tipsi.net\"]}]}<\/script>\n<!-- \/ Yoast SEO plugin. -->","yoast_head_json":{"title":"Claresa Rubber Gel 2 -12g | Valika","robots":{"index":"index","follow":"follow","max-snippet":"max-snippet:-1","max-image-preview":"max-image-preview:large","max-video-preview":"max-video-preview:-1"},"canonical":"https:\/\/valika.eu\/fi\/toode\/claresa-rubber-gel-2-12g\/","og_locale":"fi_FI","og_type":"article","og_title":"Claresa Rubber Gel 2 -12g | Valika","og_description":"Onko sinulla ongelmia muotoilusi kest\u00e4vyyden kanssa ja tarvitsetko tuotteen, jonka avulla voit luoda todella kest\u00e4v\u00e4n ja kest\u00e4v\u00e4n manikyyrin? Tai ehk\u00e4","og_url":"https:\/\/valika.eu\/fi\/toode\/claresa-rubber-gel-2-12g\/","og_site_name":"Valika","article_publisher":"https:\/\/www.facebook.com\/tipsi.net","article_modified_time":"2026-04-04T12:17:12+00:00","og_image":[{"width":1500,"height":1500,"url":"https:\/\/valika.eu\/wp-content\/uploads\/2024\/10\/8764.jpg","type":"image\/jpeg"}],"twitter_card":"summary_large_image","schema":{"@context":"https:\/\/schema.org","@graph":[{"@type":"WebPage","@id":"https:\/\/valika.eu\/fi\/toode\/claresa-rubber-gel-2-12g\/","url":"https:\/\/valika.eu\/fi\/toode\/claresa-rubber-gel-2-12g\/","name":"Claresa Rubber Gel 2 -12g | Valika","isPartOf":{"@id":"https:\/\/valika.eu\/fi\/#website"},"primaryImageOfPage":{"@id":"https:\/\/valika.eu\/fi\/toode\/claresa-rubber-gel-2-12g\/#primaryimage"},"image":{"@id":"https:\/\/valika.eu\/toode\/claresa-rubber-gel-2-12g\/#primaryimage"},"thumbnailUrl":"https:\/\/valika.eu\/wp-content\/uploads\/2024\/10\/8764.jpg","datePublished":"2024-10-14T00:59:25+00:00","dateModified":"2026-04-04T12:17:12+00:00","breadcrumb":{"@id":"https:\/\/valika.eu\/fi\/toode\/claresa-rubber-gel-2-12g\/#breadcrumb"},"inLanguage":"fi","potentialAction":[{"@type":"ReadAction","target":[["https:\/\/valika.eu\/fi\/toode\/claresa-rubber-gel-2-12g\/"]]}]},{"@type":"ImageObject","inLanguage":"fi","@id":"https:\/\/valika.eu\/fi\/toode\/claresa-rubber-gel-2-12g\/#primaryimage","url":"https:\/\/valika.eu\/wp-content\/uploads\/2024\/10\/8764.jpg","contentUrl":"https:\/\/valika.eu\/wp-content\/uploads\/2024\/10\/8764.jpg","width":1500,"height":1500},{"@type":"BreadcrumbList","@id":"https:\/\/valika.eu\/fi\/toode\/claresa-rubber-gel-2-12g\/#breadcrumb","itemListElement":[{"@type":"ListItem","position":1,"name":"Koti","item":"https:\/\/valika.eu\/fi\/"},{"@type":"ListItem","position":2,"name":"Shop","item":"https:\/\/valika.eu\/fi\/"},{"@type":"ListItem","position":3,"name":"Claresa Rubber Gel 2 -12g"}]},{"@type":"WebSite","@id":"https:\/\/valika.eu\/fi\/#website","url":"https:\/\/valika.eu\/fi\/","name":"Valika.eu","description":"Salonkituotteet ja kauneudenhoitotuotteet - Valika tarjoaa laajan valikoiman tuotteita ja tarvikkeita kynsiteknikoille, kauneushoitoloille, kampaamoille ja kampaamoille.","publisher":{"@id":"https:\/\/valika.eu\/fi\/#organization"},"alternateName":"Valika","potentialAction":[{"@type":"SearchAction","target":{"@type":"EntryPoint","urlTemplate":"https:\/\/valika.eu\/fi\/?s={search_term_string}"},"query-input":{"@type":"PropertyValueSpecification","valueRequired":true,"valueName":"search_term_string"}}],"inLanguage":"fi"},{"@type":"Organization","@id":"https:\/\/valika.eu\/fi\/#organization","name":"Salongitoode O\u00dc","alternateName":"Valika","url":"https:\/\/valika.eu\/fi\/","logo":{"@type":"ImageObject","inLanguage":"fi","@id":"https:\/\/valika.eu\/fi\/#\/schema\/logo\/image\/","url":"https:\/\/valika.eu\/wp-content\/uploads\/2023\/11\/logo2-valika-footer.png","contentUrl":"https:\/\/valika.eu\/wp-content\/uploads\/2023\/11\/logo2-valika-footer.png","width":200,"height":129,"caption":"Salongitoode O\u00dc"},"image":{"@id":"https:\/\/valika.eu\/fi\/#\/schema\/logo\/image\/"},"sameAs":["https:\/\/www.facebook.com\/tipsi.net"]}]}},"jetpack_sharing_enabled":true,"_links":{"self":[{"href":"https:\/\/valika.eu\/fi\/wp-json\/wp\/v2\/product\/8507","targetHints":{"allow":["GET"]}}],"collection":[{"href":"https:\/\/valika.eu\/fi\/wp-json\/wp\/v2\/product"}],"about":[{"href":"https:\/\/valika.eu\/fi\/wp-json\/wp\/v2\/types\/product"}],"wp:featuredmedia":[{"embeddable":true,"href":"https:\/\/valika.eu\/fi\/wp-json\/wp\/v2\/media\/8506"}],"wp:attachment":[{"href":"https:\/\/valika.eu\/fi\/wp-json\/wp\/v2\/media?parent=8507"}],"wp:term":[{"taxonomy":"product_brand","embeddable":true,"href":"https:\/\/valika.eu\/fi\/wp-json\/wp\/v2\/product_brand?post=8507"},{"taxonomy":"product_cat","embeddable":true,"href":"https:\/\/valika.eu\/fi\/wp-json\/wp\/v2\/product_cat?post=8507"},{"taxonomy":"product_tag","embeddable":true,"href":"https:\/\/valika.eu\/fi\/wp-json\/wp\/v2\/product_tag?post=8507"}],"curies":[{"name":"wp","href":"https:\/\/api.w.org\/{rel}","templated":true}]}}