{"id":874,"date":"2024-09-24T13:35:37","date_gmt":"2024-09-24T10:35:37","guid":{"rendered":"https:\/\/valika.eu\/?post_type=product&#038;p=874"},"modified":"2026-02-28T21:09:01","modified_gmt":"2026-02-28T19:09:01","slug":"kuunelamp-leduv-48w-originaal-s3","status":"publish","type":"product","link":"https:\/\/valika.eu\/fi\/toode\/kuunelamp-leduv-48w-originaal-s3\/","title":{"rendered":"LED+UV 48W kynsilamppu, SUNUV S3 Alkuper\u00e4inen!"},"content":{"rendered":"<p>SUN 3 geelilakkavalaisimessa on 39 LEDi\u00e4, jotka sijaitsevat aivan lampun pohjasta ja jotka voidaan kytke\u00e4 p\u00e4\u00e4lle infrapunak\u00e4den liiketunnistimella.<\/p>\n<p>Ty\u00f6skentelyalueen koko on eritt\u00e4in tilava ja se on suunniteltu kuivaamaan yhden k\u00e4den kynnet kerrallaan.<\/p>\n<p>SUN 3 -geelilakkalampussa on askel askeleelta tehonlis\u00e4ystila (painike &#8220;99 s&#8221;): 30 ja 50 sekuntia kohti teho kasvaa, mik\u00e4 kuivuu hell\u00e4sti ja v\u00e4hitellen tihe\u00e4n geelilakan tai geelit.<\/p>\n<p>Ja erityinen SUN 3 -n\u00e4ytt\u00f6 tulee n\u00e4kyviin, kun kytket lampun p\u00e4\u00e4lle, joten kuivausaika on aina hallinnassa.<\/p>\n<p>Teho 48W ja mahdollisuus vaihtaa 24W lempe\u00e4\u00e4n tilaan.<\/p>\n<p>36 LEDi\u00e4<\/p>\n<p>\u00c4lyk\u00e4s 2.0. Automaattinen lampun ylikuumenemissuoja. Ja ajastintila valitun ajastinajan muistiin tallentamiseksi, joka aktivoidaan pit\u00e4m\u00e4ll\u00e4 99s-painiketta painettuna 2-3 sekunnin ajan. Se poistetaan k\u00e4yt\u00f6st\u00e4 painamalla kaksi kertaa mit\u00e4 tahansa ajastinpainiketta<\/p>\n<p>Ajastin 10, 30, 60, 99 sekuntia.<\/p>\n<p>Infrapuna k\u00e4den liiketunnistin<\/p>\n<p><img loading=\"lazy\" decoding=\"async\" class=\"alignnone size-full wp-image-98\" src=\"https:\/\/valika.eu\/wp-content\/uploads\/2023\/11\/kuunelamp_48w_s3_hybriid4.jpg\" alt=\"\" width=\"300\" height=\"300\" srcset=\"https:\/\/valika.eu\/wp-content\/uploads\/2023\/11\/kuunelamp_48w_s3_hybriid4.jpg 300w, https:\/\/valika.eu\/wp-content\/uploads\/2023\/11\/kuunelamp_48w_s3_hybriid4-150x150.jpg 150w\" sizes=\"auto, (max-width: 300px) 100vw, 300px\" \/><\/p>","protected":false},"excerpt":{"rendered":"<p>Alkuper\u00e4inen SUNUV S3 UV\/LED-lamppu, joka kovettaa nopeasti ja tasaisesti kaikki geelit, hybridilakat ja muut valokovettuvat valmisteet kaksois-LED-tekniikan ansiosta.<\/p>\n","protected":false},"featured_media":99,"template":"","meta":[],"product_brand":[],"product_cat":[21],"product_tag":[],"class_list":{"0":"post-874","1":"product","2":"type-product","3":"status-publish","4":"has-post-thumbnail","6":"product_cat-led-uv-lambid","8":"first","9":"outofstock","10":"taxable","11":"shipping-taxable","12":"purchasable","13":"product-type-simple"},"yoast_head":"<!-- This site is optimized with the Yoast SEO plugin v24.4 - https:\/\/yoast.com\/wordpress\/plugins\/seo\/ -->\n<title>LED+UV 48W kynsilamppu, SUNUV S3 Alkuper\u00e4inen! | Valika<\/title>\n<meta name=\"description\" content=\"Alkuper\u00e4inen SUNUV S3 UV\/LED-lamppu, joka kovettaa nopeasti ja tasaisesti kaikki geelit, hybridilakat ja muut valokovettuvat valmisteet kaksois-LED-tekniikan ansiosta.\" \/>\n<meta name=\"robots\" content=\"index, follow, max-snippet:-1, max-image-preview:large, max-video-preview:-1\" \/>\n<link rel=\"canonical\" href=\"https:\/\/valika.eu\/fi\/toode\/kuunelamp-leduv-48w-originaal-s3\/\" \/>\n<meta property=\"og:locale\" content=\"fi_FI\" \/>\n<meta property=\"og:type\" content=\"article\" \/>\n<meta property=\"og:title\" content=\"LED+UV 48W kynsilamppu, SUNUV S3 Alkuper\u00e4inen! | Valika\" \/>\n<meta property=\"og:description\" content=\"Alkuper\u00e4inen SUNUV S3 UV\/LED-lamppu, joka kovettaa nopeasti ja tasaisesti kaikki geelit, hybridilakat ja muut valokovettuvat valmisteet kaksois-LED-tekniikan ansiosta.\" \/>\n<meta property=\"og:url\" content=\"https:\/\/valika.eu\/fi\/toode\/kuunelamp-leduv-48w-originaal-s3\/\" \/>\n<meta property=\"og:site_name\" content=\"Valika\" \/>\n<meta property=\"article:publisher\" content=\"https:\/\/www.facebook.com\/tipsi.net\" \/>\n<meta property=\"article:modified_time\" content=\"2026-02-28T19:09:01+00:00\" \/>\n<meta property=\"og:image\" content=\"https:\/\/valika.eu\/wp-content\/uploads\/2023\/11\/kuunelamp_48w_s3_hybriid-6.jpg\" \/>\n\t<meta property=\"og:image:width\" content=\"350\" \/>\n\t<meta property=\"og:image:height\" content=\"350\" \/>\n\t<meta property=\"og:image:type\" content=\"image\/jpeg\" \/>\n<meta name=\"twitter:card\" content=\"summary_large_image\" \/>\n<script type=\"application\/ld+json\" class=\"yoast-schema-graph\">{\"@context\":\"https:\/\/schema.org\",\"@graph\":[{\"@type\":\"WebPage\",\"@id\":\"https:\/\/valika.eu\/fi\/toode\/kuunelamp-leduv-48w-originaal-s3\/\",\"url\":\"https:\/\/valika.eu\/fi\/toode\/kuunelamp-leduv-48w-originaal-s3\/\",\"name\":\"LED+UV 48W kynsilamppu, SUNUV S3 Alkuper\u00e4inen! | Valika\",\"isPartOf\":{\"@id\":\"https:\/\/valika.eu\/fi\/#website\"},\"primaryImageOfPage\":{\"@id\":\"https:\/\/valika.eu\/fi\/toode\/kuunelamp-leduv-48w-originaal-s3\/#primaryimage\"},\"image\":{\"@id\":\"https:\/\/valika.eu\/toode\/kuunelamp-leduv-48w-originaal-s3\/#primaryimage\"},\"thumbnailUrl\":\"https:\/\/valika.eu\/wp-content\/uploads\/2023\/11\/kuunelamp_48w_s3_hybriid-6.jpg\",\"datePublished\":\"2024-09-24T10:35:37+00:00\",\"dateModified\":\"2026-02-28T19:09:01+00:00\",\"description\":\"Alkuper\u00e4inen SUNUV S3 UV\/LED-lamppu, joka kovettaa nopeasti ja tasaisesti kaikki geelit, hybridilakat ja muut valokovettuvat valmisteet kaksois-LED-tekniikan ansiosta.\",\"breadcrumb\":{\"@id\":\"https:\/\/valika.eu\/fi\/toode\/kuunelamp-leduv-48w-originaal-s3\/#breadcrumb\"},\"inLanguage\":\"fi\",\"potentialAction\":[{\"@type\":\"ReadAction\",\"target\":[[\"https:\/\/valika.eu\/fi\/toode\/kuunelamp-leduv-48w-originaal-s3\/\"]]}]},{\"@type\":\"ImageObject\",\"inLanguage\":\"fi\",\"@id\":\"https:\/\/valika.eu\/fi\/toode\/kuunelamp-leduv-48w-originaal-s3\/#primaryimage\",\"url\":\"https:\/\/valika.eu\/wp-content\/uploads\/2023\/11\/kuunelamp_48w_s3_hybriid-6.jpg\",\"contentUrl\":\"https:\/\/valika.eu\/wp-content\/uploads\/2023\/11\/kuunelamp_48w_s3_hybriid-6.jpg\",\"width\":350,\"height\":350,\"caption\":\"kuunelamp_48w_s3_hybriid-6\"},{\"@type\":\"BreadcrumbList\",\"@id\":\"https:\/\/valika.eu\/fi\/toode\/kuunelamp-leduv-48w-originaal-s3\/#breadcrumb\",\"itemListElement\":[{\"@type\":\"ListItem\",\"position\":1,\"name\":\"Koti\",\"item\":\"https:\/\/valika.eu\/fi\/\"},{\"@type\":\"ListItem\",\"position\":2,\"name\":\"Shop\",\"item\":\"https:\/\/valika.eu\/fi\/\"},{\"@type\":\"ListItem\",\"position\":3,\"name\":\"LED+UV 48W Nail Lamp, Original S3\"}]},{\"@type\":\"WebSite\",\"@id\":\"https:\/\/valika.eu\/fi\/#website\",\"url\":\"https:\/\/valika.eu\/fi\/\",\"name\":\"Valika.eu\",\"description\":\"Salonkituotteet ja kauneudenhoitotuotteet - Valika tarjoaa laajan valikoiman tuotteita ja tarvikkeita kynsiteknikoille, kauneushoitoloille, kampaamoille ja kampaamoille.\",\"publisher\":{\"@id\":\"https:\/\/valika.eu\/fi\/#organization\"},\"alternateName\":\"Valika\",\"potentialAction\":[{\"@type\":\"SearchAction\",\"target\":{\"@type\":\"EntryPoint\",\"urlTemplate\":\"https:\/\/valika.eu\/fi\/?s={search_term_string}\"},\"query-input\":{\"@type\":\"PropertyValueSpecification\",\"valueRequired\":true,\"valueName\":\"search_term_string\"}}],\"inLanguage\":\"fi\"},{\"@type\":\"Organization\",\"@id\":\"https:\/\/valika.eu\/fi\/#organization\",\"name\":\"Salongitoode O\u00dc\",\"alternateName\":\"Valika\",\"url\":\"https:\/\/valika.eu\/fi\/\",\"logo\":{\"@type\":\"ImageObject\",\"inLanguage\":\"fi\",\"@id\":\"https:\/\/valika.eu\/fi\/#\/schema\/logo\/image\/\",\"url\":\"https:\/\/valika.eu\/wp-content\/uploads\/2023\/11\/logo2-valika-footer.png\",\"contentUrl\":\"https:\/\/valika.eu\/wp-content\/uploads\/2023\/11\/logo2-valika-footer.png\",\"width\":200,\"height\":129,\"caption\":\"Salongitoode O\u00dc\"},\"image\":{\"@id\":\"https:\/\/valika.eu\/fi\/#\/schema\/logo\/image\/\"},\"sameAs\":[\"https:\/\/www.facebook.com\/tipsi.net\"]}]}<\/script>\n<!-- \/ Yoast SEO plugin. -->","yoast_head_json":{"title":"LED+UV 48W kynsilamppu, SUNUV S3 Alkuper\u00e4inen! | Valika","description":"Alkuper\u00e4inen SUNUV S3 UV\/LED-lamppu, joka kovettaa nopeasti ja tasaisesti kaikki geelit, hybridilakat ja muut valokovettuvat valmisteet kaksois-LED-tekniikan ansiosta.","robots":{"index":"index","follow":"follow","max-snippet":"max-snippet:-1","max-image-preview":"max-image-preview:large","max-video-preview":"max-video-preview:-1"},"canonical":"https:\/\/valika.eu\/fi\/toode\/kuunelamp-leduv-48w-originaal-s3\/","og_locale":"fi_FI","og_type":"article","og_title":"LED+UV 48W kynsilamppu, SUNUV S3 Alkuper\u00e4inen! | Valika","og_description":"Alkuper\u00e4inen SUNUV S3 UV\/LED-lamppu, joka kovettaa nopeasti ja tasaisesti kaikki geelit, hybridilakat ja muut valokovettuvat valmisteet kaksois-LED-tekniikan ansiosta.","og_url":"https:\/\/valika.eu\/fi\/toode\/kuunelamp-leduv-48w-originaal-s3\/","og_site_name":"Valika","article_publisher":"https:\/\/www.facebook.com\/tipsi.net","article_modified_time":"2026-02-28T19:09:01+00:00","og_image":[{"width":350,"height":350,"url":"https:\/\/valika.eu\/wp-content\/uploads\/2023\/11\/kuunelamp_48w_s3_hybriid-6.jpg","type":"image\/jpeg"}],"twitter_card":"summary_large_image","schema":{"@context":"https:\/\/schema.org","@graph":[{"@type":"WebPage","@id":"https:\/\/valika.eu\/fi\/toode\/kuunelamp-leduv-48w-originaal-s3\/","url":"https:\/\/valika.eu\/fi\/toode\/kuunelamp-leduv-48w-originaal-s3\/","name":"LED+UV 48W kynsilamppu, SUNUV S3 Alkuper\u00e4inen! | Valika","isPartOf":{"@id":"https:\/\/valika.eu\/fi\/#website"},"primaryImageOfPage":{"@id":"https:\/\/valika.eu\/fi\/toode\/kuunelamp-leduv-48w-originaal-s3\/#primaryimage"},"image":{"@id":"https:\/\/valika.eu\/toode\/kuunelamp-leduv-48w-originaal-s3\/#primaryimage"},"thumbnailUrl":"https:\/\/valika.eu\/wp-content\/uploads\/2023\/11\/kuunelamp_48w_s3_hybriid-6.jpg","datePublished":"2024-09-24T10:35:37+00:00","dateModified":"2026-02-28T19:09:01+00:00","description":"Alkuper\u00e4inen SUNUV S3 UV\/LED-lamppu, joka kovettaa nopeasti ja tasaisesti kaikki geelit, hybridilakat ja muut valokovettuvat valmisteet kaksois-LED-tekniikan ansiosta.","breadcrumb":{"@id":"https:\/\/valika.eu\/fi\/toode\/kuunelamp-leduv-48w-originaal-s3\/#breadcrumb"},"inLanguage":"fi","potentialAction":[{"@type":"ReadAction","target":[["https:\/\/valika.eu\/fi\/toode\/kuunelamp-leduv-48w-originaal-s3\/"]]}]},{"@type":"ImageObject","inLanguage":"fi","@id":"https:\/\/valika.eu\/fi\/toode\/kuunelamp-leduv-48w-originaal-s3\/#primaryimage","url":"https:\/\/valika.eu\/wp-content\/uploads\/2023\/11\/kuunelamp_48w_s3_hybriid-6.jpg","contentUrl":"https:\/\/valika.eu\/wp-content\/uploads\/2023\/11\/kuunelamp_48w_s3_hybriid-6.jpg","width":350,"height":350,"caption":"kuunelamp_48w_s3_hybriid-6"},{"@type":"BreadcrumbList","@id":"https:\/\/valika.eu\/fi\/toode\/kuunelamp-leduv-48w-originaal-s3\/#breadcrumb","itemListElement":[{"@type":"ListItem","position":1,"name":"Koti","item":"https:\/\/valika.eu\/fi\/"},{"@type":"ListItem","position":2,"name":"Shop","item":"https:\/\/valika.eu\/fi\/"},{"@type":"ListItem","position":3,"name":"LED+UV 48W Nail Lamp, Original S3"}]},{"@type":"WebSite","@id":"https:\/\/valika.eu\/fi\/#website","url":"https:\/\/valika.eu\/fi\/","name":"Valika.eu","description":"Salonkituotteet ja kauneudenhoitotuotteet - Valika tarjoaa laajan valikoiman tuotteita ja tarvikkeita kynsiteknikoille, kauneushoitoloille, kampaamoille ja kampaamoille.","publisher":{"@id":"https:\/\/valika.eu\/fi\/#organization"},"alternateName":"Valika","potentialAction":[{"@type":"SearchAction","target":{"@type":"EntryPoint","urlTemplate":"https:\/\/valika.eu\/fi\/?s={search_term_string}"},"query-input":{"@type":"PropertyValueSpecification","valueRequired":true,"valueName":"search_term_string"}}],"inLanguage":"fi"},{"@type":"Organization","@id":"https:\/\/valika.eu\/fi\/#organization","name":"Salongitoode O\u00dc","alternateName":"Valika","url":"https:\/\/valika.eu\/fi\/","logo":{"@type":"ImageObject","inLanguage":"fi","@id":"https:\/\/valika.eu\/fi\/#\/schema\/logo\/image\/","url":"https:\/\/valika.eu\/wp-content\/uploads\/2023\/11\/logo2-valika-footer.png","contentUrl":"https:\/\/valika.eu\/wp-content\/uploads\/2023\/11\/logo2-valika-footer.png","width":200,"height":129,"caption":"Salongitoode O\u00dc"},"image":{"@id":"https:\/\/valika.eu\/fi\/#\/schema\/logo\/image\/"},"sameAs":["https:\/\/www.facebook.com\/tipsi.net"]}]}},"jetpack_sharing_enabled":true,"_links":{"self":[{"href":"https:\/\/valika.eu\/fi\/wp-json\/wp\/v2\/product\/874","targetHints":{"allow":["GET"]}}],"collection":[{"href":"https:\/\/valika.eu\/fi\/wp-json\/wp\/v2\/product"}],"about":[{"href":"https:\/\/valika.eu\/fi\/wp-json\/wp\/v2\/types\/product"}],"wp:featuredmedia":[{"embeddable":true,"href":"https:\/\/valika.eu\/fi\/wp-json\/wp\/v2\/media\/99"}],"wp:attachment":[{"href":"https:\/\/valika.eu\/fi\/wp-json\/wp\/v2\/media?parent=874"}],"wp:term":[{"taxonomy":"product_brand","embeddable":true,"href":"https:\/\/valika.eu\/fi\/wp-json\/wp\/v2\/product_brand?post=874"},{"taxonomy":"product_cat","embeddable":true,"href":"https:\/\/valika.eu\/fi\/wp-json\/wp\/v2\/product_cat?post=874"},{"taxonomy":"product_tag","embeddable":true,"href":"https:\/\/valika.eu\/fi\/wp-json\/wp\/v2\/product_tag?post=874"}],"curies":[{"name":"wp","href":"https:\/\/api.w.org\/{rel}","templated":true}]}}