{"id":875,"date":"2024-09-24T13:35:38","date_gmt":"2024-09-24T10:35:38","guid":{"rendered":"https:\/\/valika.eu\/?post_type=product&#038;p=875"},"modified":"2025-12-01T11:04:39","modified_gmt":"2025-12-01T09:04:39","slug":"kuunelamp-uv-led-48w-viimase-polvkonna-hubriid-sunone-2c-originaal","status":"publish","type":"product","link":"https:\/\/valika.eu\/fi\/toode\/kuunelamp-uv-led-48w-viimase-polvkonna-hubriid-sunone-2c-originaal\/","title":{"rendered":"LED\/UV-lamppu,  SUN 2C Uuden sukupolven. SUNUV Alkuper\u00e4inen!   48w"},"content":{"rendered":"<p>Uusimman sukupolven ammattimainen UV\/LED-lamppu, joka kovettaa nopeasti ja tasaisesti kaikki geelit, hybridilakat ja muut valokovettuvat valmisteet kaksois-LED-tekniikan ansiosta. Se l\u00e4hett\u00e4\u00e4 valkoista valoa, joka ei rasita n\u00e4k\u00f6\u00e4si. Lampussa on energiaa s\u00e4\u00e4st\u00e4v\u00e4 valonl\u00e4hde, jolla on suuri teho ja kaksinkertainen aallonpituusalue 365nm ja 405nm. Lis\u00e4ksi 33 diodia antavat maksimitehoksi 48W. Valaisimessa on sis\u00e4\u00e4nrakennettu liiketunnistin, ajastin 10, 30, 60 ja 99 sekuntia, ja anturin k\u00e4ynnistyksen j\u00e4lkeen se palaa jatkuvasti 99 sekuntia. &#8220;Low Heat Mode&#8221; on tila, jossa lampun teho kasvaa asteittain 30 sekunnin v\u00e4lein. Se poistaa polttavan tunteen geelien levityksen aikan<\/p>","protected":false},"excerpt":{"rendered":"<p>Alkuper\u00e4inen SUNUV UV\/LED-lamppu, joka kovettaa nopeasti ja tasaisesti kaikki geelit, hybridilakat ja muut valokovettuvat valmisteet kaksois-LED-tekniikan ansiosta.<\/p>\n","protected":false},"featured_media":137,"template":"","meta":[],"product_brand":[],"product_cat":[21],"product_tag":[],"class_list":{"0":"post-875","1":"product","2":"type-product","3":"status-publish","4":"has-post-thumbnail","6":"product_cat-led-uv-lambid","8":"first","9":"outofstock","10":"taxable","11":"shipping-taxable","12":"purchasable","13":"product-type-simple"},"yoast_head":"<!-- This site is optimized with the Yoast SEO plugin v24.4 - https:\/\/yoast.com\/wordpress\/plugins\/seo\/ -->\n<title>LED\/UV-lamppu, SUN 2C Uuden sukupolven. SUNUV Alkuper\u00e4inen!  48w | Valika<\/title>\n<meta name=\"description\" content=\"Viimase p\u00f5lvkonna UV\/LED K\u00fc\u00fcnelamp H\u00dcBRIID SUNUV2C 48W Originaal SUNUV toode. Kivistab UV geeli\/ehitusgeeli\/LED geeli\/geellakke.\" \/>\n<meta name=\"robots\" content=\"index, follow, max-snippet:-1, max-image-preview:large, max-video-preview:-1\" \/>\n<link rel=\"canonical\" href=\"https:\/\/valika.eu\/fi\/toode\/kuunelamp-uv-led-48w-viimase-polvkonna-hubriid-sunone-2c-originaal\/\" \/>\n<meta property=\"og:locale\" content=\"fi_FI\" \/>\n<meta property=\"og:type\" content=\"article\" \/>\n<meta property=\"og:title\" content=\"LED\/UV-lamppu, SUN 2C Uuden sukupolven. SUNUV Alkuper\u00e4inen!  48w | Valika\" \/>\n<meta property=\"og:description\" content=\"Viimase p\u00f5lvkonna UV\/LED K\u00fc\u00fcnelamp H\u00dcBRIID SUNUV2C 48W Originaal SUNUV toode. Kivistab UV geeli\/ehitusgeeli\/LED geeli\/geellakke.\" \/>\n<meta property=\"og:url\" content=\"https:\/\/valika.eu\/fi\/toode\/kuunelamp-uv-led-48w-viimase-polvkonna-hubriid-sunone-2c-originaal\/\" \/>\n<meta property=\"og:site_name\" content=\"Valika\" \/>\n<meta property=\"article:publisher\" content=\"https:\/\/www.facebook.com\/tipsi.net\" \/>\n<meta property=\"article:modified_time\" content=\"2025-12-01T09:04:39+00:00\" \/>\n<meta property=\"og:image\" content=\"https:\/\/valika.eu\/wp-content\/uploads\/2023\/11\/KUUNELAMP_48W_SUNUV2-2.jpg\" \/>\n\t<meta property=\"og:image:width\" content=\"800\" \/>\n\t<meta property=\"og:image:height\" content=\"800\" \/>\n\t<meta property=\"og:image:type\" content=\"image\/jpeg\" \/>\n<meta name=\"twitter:card\" content=\"summary_large_image\" \/>\n<script type=\"application\/ld+json\" class=\"yoast-schema-graph\">{\"@context\":\"https:\/\/schema.org\",\"@graph\":[{\"@type\":\"WebPage\",\"@id\":\"https:\/\/valika.eu\/fi\/toode\/kuunelamp-uv-led-48w-viimase-polvkonna-hubriid-sunone-2c-originaal\/\",\"url\":\"https:\/\/valika.eu\/fi\/toode\/kuunelamp-uv-led-48w-viimase-polvkonna-hubriid-sunone-2c-originaal\/\",\"name\":\"LED\/UV-lamppu, SUN 2C Uuden sukupolven. SUNUV Alkuper\u00e4inen! 48w | Valika\",\"isPartOf\":{\"@id\":\"https:\/\/valika.eu\/fi\/#website\"},\"primaryImageOfPage\":{\"@id\":\"https:\/\/valika.eu\/fi\/toode\/kuunelamp-uv-led-48w-viimase-polvkonna-hubriid-sunone-2c-originaal\/#primaryimage\"},\"image\":{\"@id\":\"https:\/\/valika.eu\/toode\/kuunelamp-uv-led-48w-viimase-polvkonna-hubriid-sunone-2c-originaal\/#primaryimage\"},\"thumbnailUrl\":\"https:\/\/valika.eu\/wp-content\/uploads\/2023\/11\/KUUNELAMP_48W_SUNUV2-2.jpg\",\"datePublished\":\"2024-09-24T10:35:38+00:00\",\"dateModified\":\"2025-12-01T09:04:39+00:00\",\"description\":\"Viimase p\u00f5lvkonna UV\/LED K\u00fc\u00fcnelamp H\u00dcBRIID SUNUV2C 48W Originaal SUNUV toode. Kivistab UV geeli\/ehitusgeeli\/LED geeli\/geellakke.\",\"breadcrumb\":{\"@id\":\"https:\/\/valika.eu\/fi\/toode\/kuunelamp-uv-led-48w-viimase-polvkonna-hubriid-sunone-2c-originaal\/#breadcrumb\"},\"inLanguage\":\"fi\",\"potentialAction\":[{\"@type\":\"ReadAction\",\"target\":[[\"https:\/\/valika.eu\/fi\/toode\/kuunelamp-uv-led-48w-viimase-polvkonna-hubriid-sunone-2c-originaal\/\"]]}]},{\"@type\":\"ImageObject\",\"inLanguage\":\"fi\",\"@id\":\"https:\/\/valika.eu\/fi\/toode\/kuunelamp-uv-led-48w-viimase-polvkonna-hubriid-sunone-2c-originaal\/#primaryimage\",\"url\":\"https:\/\/valika.eu\/wp-content\/uploads\/2023\/11\/KUUNELAMP_48W_SUNUV2-2.jpg\",\"contentUrl\":\"https:\/\/valika.eu\/wp-content\/uploads\/2023\/11\/KUUNELAMP_48W_SUNUV2-2.jpg\",\"width\":800,\"height\":800},{\"@type\":\"BreadcrumbList\",\"@id\":\"https:\/\/valika.eu\/fi\/toode\/kuunelamp-uv-led-48w-viimase-polvkonna-hubriid-sunone-2c-originaal\/#breadcrumb\",\"itemListElement\":[{\"@type\":\"ListItem\",\"position\":1,\"name\":\"Koti\",\"item\":\"https:\/\/valika.eu\/fi\/\"},{\"@type\":\"ListItem\",\"position\":2,\"name\":\"Shop\",\"item\":\"https:\/\/valika.eu\/fi\/\"},{\"@type\":\"ListItem\",\"position\":3,\"name\":\"K\u00fc\u00fcnelamp UV-LED 48W ,Viimase P\u00f5lvkonna H\u00fcbriid SUNONE 2C. Originaal!\"}]},{\"@type\":\"WebSite\",\"@id\":\"https:\/\/valika.eu\/fi\/#website\",\"url\":\"https:\/\/valika.eu\/fi\/\",\"name\":\"Valika.eu\",\"description\":\"Salonkituotteet ja kauneudenhoitotuotteet - Valika tarjoaa laajan valikoiman tuotteita ja tarvikkeita kynsiteknikoille, kauneushoitoloille, kampaamoille ja kampaamoille.\",\"publisher\":{\"@id\":\"https:\/\/valika.eu\/fi\/#organization\"},\"alternateName\":\"Valika\",\"potentialAction\":[{\"@type\":\"SearchAction\",\"target\":{\"@type\":\"EntryPoint\",\"urlTemplate\":\"https:\/\/valika.eu\/fi\/?s={search_term_string}\"},\"query-input\":{\"@type\":\"PropertyValueSpecification\",\"valueRequired\":true,\"valueName\":\"search_term_string\"}}],\"inLanguage\":\"fi\"},{\"@type\":\"Organization\",\"@id\":\"https:\/\/valika.eu\/fi\/#organization\",\"name\":\"Salongitoode O\u00dc\",\"alternateName\":\"Valika\",\"url\":\"https:\/\/valika.eu\/fi\/\",\"logo\":{\"@type\":\"ImageObject\",\"inLanguage\":\"fi\",\"@id\":\"https:\/\/valika.eu\/fi\/#\/schema\/logo\/image\/\",\"url\":\"https:\/\/valika.eu\/wp-content\/uploads\/2023\/11\/logo2-valika-footer.png\",\"contentUrl\":\"https:\/\/valika.eu\/wp-content\/uploads\/2023\/11\/logo2-valika-footer.png\",\"width\":200,\"height\":129,\"caption\":\"Salongitoode O\u00dc\"},\"image\":{\"@id\":\"https:\/\/valika.eu\/fi\/#\/schema\/logo\/image\/\"},\"sameAs\":[\"https:\/\/www.facebook.com\/tipsi.net\"]}]}<\/script>\n<!-- \/ Yoast SEO plugin. -->","yoast_head_json":{"title":"LED\/UV-lamppu, SUN 2C Uuden sukupolven. SUNUV Alkuper\u00e4inen!  48w | Valika","description":"Viimase p\u00f5lvkonna UV\/LED K\u00fc\u00fcnelamp H\u00dcBRIID SUNUV2C 48W Originaal SUNUV toode. Kivistab UV geeli\/ehitusgeeli\/LED geeli\/geellakke.","robots":{"index":"index","follow":"follow","max-snippet":"max-snippet:-1","max-image-preview":"max-image-preview:large","max-video-preview":"max-video-preview:-1"},"canonical":"https:\/\/valika.eu\/fi\/toode\/kuunelamp-uv-led-48w-viimase-polvkonna-hubriid-sunone-2c-originaal\/","og_locale":"fi_FI","og_type":"article","og_title":"LED\/UV-lamppu, SUN 2C Uuden sukupolven. SUNUV Alkuper\u00e4inen!  48w | Valika","og_description":"Viimase p\u00f5lvkonna UV\/LED K\u00fc\u00fcnelamp H\u00dcBRIID SUNUV2C 48W Originaal SUNUV toode. Kivistab UV geeli\/ehitusgeeli\/LED geeli\/geellakke.","og_url":"https:\/\/valika.eu\/fi\/toode\/kuunelamp-uv-led-48w-viimase-polvkonna-hubriid-sunone-2c-originaal\/","og_site_name":"Valika","article_publisher":"https:\/\/www.facebook.com\/tipsi.net","article_modified_time":"2025-12-01T09:04:39+00:00","og_image":[{"width":800,"height":800,"url":"https:\/\/valika.eu\/wp-content\/uploads\/2023\/11\/KUUNELAMP_48W_SUNUV2-2.jpg","type":"image\/jpeg"}],"twitter_card":"summary_large_image","schema":{"@context":"https:\/\/schema.org","@graph":[{"@type":"WebPage","@id":"https:\/\/valika.eu\/fi\/toode\/kuunelamp-uv-led-48w-viimase-polvkonna-hubriid-sunone-2c-originaal\/","url":"https:\/\/valika.eu\/fi\/toode\/kuunelamp-uv-led-48w-viimase-polvkonna-hubriid-sunone-2c-originaal\/","name":"LED\/UV-lamppu, SUN 2C Uuden sukupolven. SUNUV Alkuper\u00e4inen! 48w | Valika","isPartOf":{"@id":"https:\/\/valika.eu\/fi\/#website"},"primaryImageOfPage":{"@id":"https:\/\/valika.eu\/fi\/toode\/kuunelamp-uv-led-48w-viimase-polvkonna-hubriid-sunone-2c-originaal\/#primaryimage"},"image":{"@id":"https:\/\/valika.eu\/toode\/kuunelamp-uv-led-48w-viimase-polvkonna-hubriid-sunone-2c-originaal\/#primaryimage"},"thumbnailUrl":"https:\/\/valika.eu\/wp-content\/uploads\/2023\/11\/KUUNELAMP_48W_SUNUV2-2.jpg","datePublished":"2024-09-24T10:35:38+00:00","dateModified":"2025-12-01T09:04:39+00:00","description":"Viimase p\u00f5lvkonna UV\/LED K\u00fc\u00fcnelamp H\u00dcBRIID SUNUV2C 48W Originaal SUNUV toode. Kivistab UV geeli\/ehitusgeeli\/LED geeli\/geellakke.","breadcrumb":{"@id":"https:\/\/valika.eu\/fi\/toode\/kuunelamp-uv-led-48w-viimase-polvkonna-hubriid-sunone-2c-originaal\/#breadcrumb"},"inLanguage":"fi","potentialAction":[{"@type":"ReadAction","target":[["https:\/\/valika.eu\/fi\/toode\/kuunelamp-uv-led-48w-viimase-polvkonna-hubriid-sunone-2c-originaal\/"]]}]},{"@type":"ImageObject","inLanguage":"fi","@id":"https:\/\/valika.eu\/fi\/toode\/kuunelamp-uv-led-48w-viimase-polvkonna-hubriid-sunone-2c-originaal\/#primaryimage","url":"https:\/\/valika.eu\/wp-content\/uploads\/2023\/11\/KUUNELAMP_48W_SUNUV2-2.jpg","contentUrl":"https:\/\/valika.eu\/wp-content\/uploads\/2023\/11\/KUUNELAMP_48W_SUNUV2-2.jpg","width":800,"height":800},{"@type":"BreadcrumbList","@id":"https:\/\/valika.eu\/fi\/toode\/kuunelamp-uv-led-48w-viimase-polvkonna-hubriid-sunone-2c-originaal\/#breadcrumb","itemListElement":[{"@type":"ListItem","position":1,"name":"Koti","item":"https:\/\/valika.eu\/fi\/"},{"@type":"ListItem","position":2,"name":"Shop","item":"https:\/\/valika.eu\/fi\/"},{"@type":"ListItem","position":3,"name":"K\u00fc\u00fcnelamp UV-LED 48W ,Viimase P\u00f5lvkonna H\u00fcbriid SUNONE 2C. Originaal!"}]},{"@type":"WebSite","@id":"https:\/\/valika.eu\/fi\/#website","url":"https:\/\/valika.eu\/fi\/","name":"Valika.eu","description":"Salonkituotteet ja kauneudenhoitotuotteet - Valika tarjoaa laajan valikoiman tuotteita ja tarvikkeita kynsiteknikoille, kauneushoitoloille, kampaamoille ja kampaamoille.","publisher":{"@id":"https:\/\/valika.eu\/fi\/#organization"},"alternateName":"Valika","potentialAction":[{"@type":"SearchAction","target":{"@type":"EntryPoint","urlTemplate":"https:\/\/valika.eu\/fi\/?s={search_term_string}"},"query-input":{"@type":"PropertyValueSpecification","valueRequired":true,"valueName":"search_term_string"}}],"inLanguage":"fi"},{"@type":"Organization","@id":"https:\/\/valika.eu\/fi\/#organization","name":"Salongitoode O\u00dc","alternateName":"Valika","url":"https:\/\/valika.eu\/fi\/","logo":{"@type":"ImageObject","inLanguage":"fi","@id":"https:\/\/valika.eu\/fi\/#\/schema\/logo\/image\/","url":"https:\/\/valika.eu\/wp-content\/uploads\/2023\/11\/logo2-valika-footer.png","contentUrl":"https:\/\/valika.eu\/wp-content\/uploads\/2023\/11\/logo2-valika-footer.png","width":200,"height":129,"caption":"Salongitoode O\u00dc"},"image":{"@id":"https:\/\/valika.eu\/fi\/#\/schema\/logo\/image\/"},"sameAs":["https:\/\/www.facebook.com\/tipsi.net"]}]}},"jetpack_sharing_enabled":true,"_links":{"self":[{"href":"https:\/\/valika.eu\/fi\/wp-json\/wp\/v2\/product\/875","targetHints":{"allow":["GET"]}}],"collection":[{"href":"https:\/\/valika.eu\/fi\/wp-json\/wp\/v2\/product"}],"about":[{"href":"https:\/\/valika.eu\/fi\/wp-json\/wp\/v2\/types\/product"}],"wp:featuredmedia":[{"embeddable":true,"href":"https:\/\/valika.eu\/fi\/wp-json\/wp\/v2\/media\/137"}],"wp:attachment":[{"href":"https:\/\/valika.eu\/fi\/wp-json\/wp\/v2\/media?parent=875"}],"wp:term":[{"taxonomy":"product_brand","embeddable":true,"href":"https:\/\/valika.eu\/fi\/wp-json\/wp\/v2\/product_brand?post=875"},{"taxonomy":"product_cat","embeddable":true,"href":"https:\/\/valika.eu\/fi\/wp-json\/wp\/v2\/product_cat?post=875"},{"taxonomy":"product_tag","embeddable":true,"href":"https:\/\/valika.eu\/fi\/wp-json\/wp\/v2\/product_tag?post=875"}],"curies":[{"name":"wp","href":"https:\/\/api.w.org\/{rel}","templated":true}]}}