{"id":876,"date":"2024-09-24T13:35:39","date_gmt":"2024-09-24T10:35:39","guid":{"rendered":"https:\/\/valika.eu\/?post_type=product&#038;p=876"},"modified":"2025-10-08T14:42:22","modified_gmt":"2025-10-08T11:42:22","slug":"uv-led-hubriidlamp-sunone-48w-originaal-toode","status":"publish","type":"product","link":"https:\/\/valika.eu\/fi\/toode\/uv-led-hubriidlamp-sunone-48w-originaal-toode\/","title":{"rendered":"LED\/UV-lamppu, SUNONE  Uuden sukupolven. SUNUV Alkuper\u00e4inen! 48w"},"content":{"rendered":"<p>Uusimman sukupolven ammattimainen UV\/LED-lamppu, joka kovettaa nopeasti ja tasaisesti kaikki geelit, hybridilakat ja muut valokovettuvat valmisteet kaksois-LED-tekniikan ansiosta. Se l\u00e4hett\u00e4\u00e4 valkoista valoa, joka ei rasita n\u00e4k\u00f6\u00e4si. Lampussa on energiaa s\u00e4\u00e4st\u00e4v\u00e4 valonl\u00e4hde, jolla on suuri teho ja kaksinkertainen aallonpituusalue 365nm ja 405nm. Lis\u00e4ksi 30 diodia antavat maksimitehoksi 48W. Valaisimessa on sis\u00e4\u00e4nrakennettu liiketunnistin, ajastin 5, 30, 60\u00a0 sekuntia.<br \/>\nHUOM! Jos pid\u00e4t ON\/OFF-painiketta painettuna noin 5 sekuntia, puolitehon tila aktivoituu ja painikkeen merkkivalo syttyy.<br \/>\nLEDUV-lamput k\u00e4ytt\u00e4v\u00e4t kaksoisvalol\u00e4hdetekniikkaa, joka kattaa laajemman spektrin ultraviolettialueesta: 365-405 nm, mik\u00e4 varmistaa geelilakkojen ja tavanomaisten UV-geelien ihanteellisen kuivumisen ja soveltuu siksi kaikkien geelilakkojen ja kovien geelien, akryylipinnoitteiden, sek\u00e4 monimutkaisiin laajennuksiin, kuten akvaariosuunnitteluun.<\/p>\n<p>Uusimmille UV\/LED-LED-valoille on tunnusomaista laaja valikoima ominaisuuksia, jotka mahdollistavat niiden k\u00e4yt\u00f6n tiheiden ja tiheiden materiaalien kuivaamiseen sek\u00e4 monimutkaisiin laajennuksiin, kuten akvaariosuunnitteluun.<\/p>\n<p>HUOMIO! Nyt markkinoilla on paljon v\u00e4\u00e4rennettyj\u00e4 SUN-lamppuja, jotka ovat heikkolaatuisia ja vastaavasti edullisia!<\/p>\n<p>Varo v\u00e4\u00e4renn\u00f6ksi\u00e4! Tarjoamme sinulle 100 % alkuper\u00e4isi\u00e4 tuotteita valmistajalta!<\/p>\n<p>Tekniset tiedot:<\/p>\n<p>&#8211; Kytkett\u00e4v\u00e4 teho: 24\/48 W<\/p>\n<p>&#8211; Lampun tyyppi: UV\/LED<\/p>\n<p>&#8211; LEDien lukum\u00e4\u00e4r\u00e4: 30 kpl.<\/p>\n<p>&#8211; Ajastin: 5, 30, 60 s<\/p>\n<p>&#8211; Anturi (p\u00e4\u00e4lle\/pois anturi)<\/p>\n<p>&#8211; Irrotettava pohja<\/p>\n<p>&#8211; Rungon materiaali: muovi, metallipohja<\/p>\n<p>&#8211; Mitat (l\/p\/k): 150\/190\/80 mm<\/p>\n<p>&#8211; Paino: 400 g<\/p>","protected":false},"excerpt":{"rendered":"<p>Klassinen. SUNUV-lamppuperheen t\u00e4rkein \u201dty\u00f6hevonen\u201d, SUNone LED Nail Lamp 48 W.<\/p>\n<p>Tehokas, turvallinen ja eritt\u00e4in tehokas. Kuivaa kaikki geelit ja geelilakat. Infrapuna-anturi sytytt\u00e4\u00e4 lampun automaattisesti viimeksi asetetussa tilassa. Siin\u00e4 on 24\/48 W tilakytkin.<\/p>\n<p>Kaksi valonl\u00e4hdetekniikkaa.<\/p>\n<p>Iskunkest\u00e4v\u00e4 kotelo<\/p>\n","protected":false},"featured_media":161,"template":"","meta":[],"product_brand":[],"product_cat":[349,21],"product_tag":[],"class_list":{"0":"post-876","1":"product","2":"type-product","3":"status-publish","4":"has-post-thumbnail","6":"product_cat-seadmed","7":"product_cat-led-uv-lambid","9":"first","10":"outofstock","11":"taxable","12":"shipping-taxable","13":"purchasable","14":"product-type-simple"},"yoast_head":"<!-- This site is optimized with the Yoast SEO plugin v24.4 - https:\/\/yoast.com\/wordpress\/plugins\/seo\/ -->\n<title>LED\/UV-lamppu, SUNONE Uuden sukupolven. SUNUV Alkuper\u00e4inen! 48w | Valika<\/title>\n<meta name=\"description\" content=\"Alkuper\u00e4inen SUNUV S3 UV\/LED-lamppu, joka kovettaa nopeasti ja tasaisesti kaikki geelit, hybridilakat ja muut valokovettuvat valmisteet kaksois-LED-tekniikan ansiosta.\" \/>\n<meta name=\"robots\" content=\"index, follow, max-snippet:-1, max-image-preview:large, max-video-preview:-1\" \/>\n<link rel=\"canonical\" href=\"https:\/\/valika.eu\/fi\/toode\/uv-led-hubriidlamp-sunone-48w-originaal-toode\/\" \/>\n<meta property=\"og:locale\" content=\"fi_FI\" \/>\n<meta property=\"og:type\" content=\"article\" \/>\n<meta property=\"og:title\" content=\"LED\/UV-lamppu, SUNONE Uuden sukupolven. SUNUV Alkuper\u00e4inen! 48w | Valika\" \/>\n<meta property=\"og:description\" content=\"Alkuper\u00e4inen SUNUV S3 UV\/LED-lamppu, joka kovettaa nopeasti ja tasaisesti kaikki geelit, hybridilakat ja muut valokovettuvat valmisteet kaksois-LED-tekniikan ansiosta.\" \/>\n<meta property=\"og:url\" content=\"https:\/\/valika.eu\/fi\/toode\/uv-led-hubriidlamp-sunone-48w-originaal-toode\/\" \/>\n<meta property=\"og:site_name\" content=\"Valika\" \/>\n<meta property=\"article:publisher\" content=\"https:\/\/www.facebook.com\/tipsi.net\" \/>\n<meta property=\"article:modified_time\" content=\"2025-10-08T11:42:22+00:00\" \/>\n<meta property=\"og:image\" content=\"https:\/\/valika.eu\/wp-content\/uploads\/2023\/11\/sunone_led_kuunelamp-2.jpg\" \/>\n\t<meta property=\"og:image:width\" content=\"800\" \/>\n\t<meta property=\"og:image:height\" content=\"800\" \/>\n\t<meta property=\"og:image:type\" content=\"image\/jpeg\" \/>\n<meta name=\"twitter:card\" content=\"summary_large_image\" \/>\n<script type=\"application\/ld+json\" class=\"yoast-schema-graph\">{\"@context\":\"https:\/\/schema.org\",\"@graph\":[{\"@type\":\"WebPage\",\"@id\":\"https:\/\/valika.eu\/fi\/toode\/uv-led-hubriidlamp-sunone-48w-originaal-toode\/\",\"url\":\"https:\/\/valika.eu\/fi\/toode\/uv-led-hubriidlamp-sunone-48w-originaal-toode\/\",\"name\":\"LED\/UV-lamppu, SUNONE Uuden sukupolven. SUNUV Alkuper\u00e4inen! 48w | Valika\",\"isPartOf\":{\"@id\":\"https:\/\/valika.eu\/fi\/#website\"},\"primaryImageOfPage\":{\"@id\":\"https:\/\/valika.eu\/fi\/toode\/uv-led-hubriidlamp-sunone-48w-originaal-toode\/#primaryimage\"},\"image\":{\"@id\":\"https:\/\/valika.eu\/toode\/uv-led-hubriidlamp-sunone-48w-originaal-toode\/#primaryimage\"},\"thumbnailUrl\":\"https:\/\/valika.eu\/wp-content\/uploads\/2023\/11\/sunone_led_kuunelamp-2.jpg\",\"datePublished\":\"2024-09-24T10:35:39+00:00\",\"dateModified\":\"2025-10-08T11:42:22+00:00\",\"description\":\"Alkuper\u00e4inen SUNUV S3 UV\/LED-lamppu, joka kovettaa nopeasti ja tasaisesti kaikki geelit, hybridilakat ja muut valokovettuvat valmisteet kaksois-LED-tekniikan ansiosta.\",\"breadcrumb\":{\"@id\":\"https:\/\/valika.eu\/fi\/toode\/uv-led-hubriidlamp-sunone-48w-originaal-toode\/#breadcrumb\"},\"inLanguage\":\"fi\",\"potentialAction\":[{\"@type\":\"ReadAction\",\"target\":[[\"https:\/\/valika.eu\/fi\/toode\/uv-led-hubriidlamp-sunone-48w-originaal-toode\/\"]]}]},{\"@type\":\"ImageObject\",\"inLanguage\":\"fi\",\"@id\":\"https:\/\/valika.eu\/fi\/toode\/uv-led-hubriidlamp-sunone-48w-originaal-toode\/#primaryimage\",\"url\":\"https:\/\/valika.eu\/wp-content\/uploads\/2023\/11\/sunone_led_kuunelamp-2.jpg\",\"contentUrl\":\"https:\/\/valika.eu\/wp-content\/uploads\/2023\/11\/sunone_led_kuunelamp-2.jpg\",\"width\":800,\"height\":800,\"caption\":\"K\u00dc\u00dcNELAMP ORIGINAAL SUNONE\"},{\"@type\":\"BreadcrumbList\",\"@id\":\"https:\/\/valika.eu\/fi\/toode\/uv-led-hubriidlamp-sunone-48w-originaal-toode\/#breadcrumb\",\"itemListElement\":[{\"@type\":\"ListItem\",\"position\":1,\"name\":\"Koti\",\"item\":\"https:\/\/valika.eu\/fi\/\"},{\"@type\":\"ListItem\",\"position\":2,\"name\":\"Shop\",\"item\":\"https:\/\/valika.eu\/fi\/\"},{\"@type\":\"ListItem\",\"position\":3,\"name\":\"UV LED h\u00fcbriidlamp SUNONE 48w Originaal toode!\"}]},{\"@type\":\"WebSite\",\"@id\":\"https:\/\/valika.eu\/fi\/#website\",\"url\":\"https:\/\/valika.eu\/fi\/\",\"name\":\"Valika.eu\",\"description\":\"Salonkituotteet ja kauneudenhoitotuotteet - Valika tarjoaa laajan valikoiman tuotteita ja tarvikkeita kynsiteknikoille, kauneushoitoloille, kampaamoille ja kampaamoille.\",\"publisher\":{\"@id\":\"https:\/\/valika.eu\/fi\/#organization\"},\"alternateName\":\"Valika\",\"potentialAction\":[{\"@type\":\"SearchAction\",\"target\":{\"@type\":\"EntryPoint\",\"urlTemplate\":\"https:\/\/valika.eu\/fi\/?s={search_term_string}\"},\"query-input\":{\"@type\":\"PropertyValueSpecification\",\"valueRequired\":true,\"valueName\":\"search_term_string\"}}],\"inLanguage\":\"fi\"},{\"@type\":\"Organization\",\"@id\":\"https:\/\/valika.eu\/fi\/#organization\",\"name\":\"Salongitoode O\u00dc\",\"alternateName\":\"Valika\",\"url\":\"https:\/\/valika.eu\/fi\/\",\"logo\":{\"@type\":\"ImageObject\",\"inLanguage\":\"fi\",\"@id\":\"https:\/\/valika.eu\/fi\/#\/schema\/logo\/image\/\",\"url\":\"https:\/\/valika.eu\/wp-content\/uploads\/2023\/11\/logo2-valika-footer.png\",\"contentUrl\":\"https:\/\/valika.eu\/wp-content\/uploads\/2023\/11\/logo2-valika-footer.png\",\"width\":200,\"height\":129,\"caption\":\"Salongitoode O\u00dc\"},\"image\":{\"@id\":\"https:\/\/valika.eu\/fi\/#\/schema\/logo\/image\/\"},\"sameAs\":[\"https:\/\/www.facebook.com\/tipsi.net\"]}]}<\/script>\n<!-- \/ Yoast SEO plugin. -->","yoast_head_json":{"title":"LED\/UV-lamppu, SUNONE Uuden sukupolven. SUNUV Alkuper\u00e4inen! 48w | Valika","description":"Alkuper\u00e4inen SUNUV S3 UV\/LED-lamppu, joka kovettaa nopeasti ja tasaisesti kaikki geelit, hybridilakat ja muut valokovettuvat valmisteet kaksois-LED-tekniikan ansiosta.","robots":{"index":"index","follow":"follow","max-snippet":"max-snippet:-1","max-image-preview":"max-image-preview:large","max-video-preview":"max-video-preview:-1"},"canonical":"https:\/\/valika.eu\/fi\/toode\/uv-led-hubriidlamp-sunone-48w-originaal-toode\/","og_locale":"fi_FI","og_type":"article","og_title":"LED\/UV-lamppu, SUNONE Uuden sukupolven. SUNUV Alkuper\u00e4inen! 48w | Valika","og_description":"Alkuper\u00e4inen SUNUV S3 UV\/LED-lamppu, joka kovettaa nopeasti ja tasaisesti kaikki geelit, hybridilakat ja muut valokovettuvat valmisteet kaksois-LED-tekniikan ansiosta.","og_url":"https:\/\/valika.eu\/fi\/toode\/uv-led-hubriidlamp-sunone-48w-originaal-toode\/","og_site_name":"Valika","article_publisher":"https:\/\/www.facebook.com\/tipsi.net","article_modified_time":"2025-10-08T11:42:22+00:00","og_image":[{"width":800,"height":800,"url":"https:\/\/valika.eu\/wp-content\/uploads\/2023\/11\/sunone_led_kuunelamp-2.jpg","type":"image\/jpeg"}],"twitter_card":"summary_large_image","schema":{"@context":"https:\/\/schema.org","@graph":[{"@type":"WebPage","@id":"https:\/\/valika.eu\/fi\/toode\/uv-led-hubriidlamp-sunone-48w-originaal-toode\/","url":"https:\/\/valika.eu\/fi\/toode\/uv-led-hubriidlamp-sunone-48w-originaal-toode\/","name":"LED\/UV-lamppu, SUNONE Uuden sukupolven. SUNUV Alkuper\u00e4inen! 48w | Valika","isPartOf":{"@id":"https:\/\/valika.eu\/fi\/#website"},"primaryImageOfPage":{"@id":"https:\/\/valika.eu\/fi\/toode\/uv-led-hubriidlamp-sunone-48w-originaal-toode\/#primaryimage"},"image":{"@id":"https:\/\/valika.eu\/toode\/uv-led-hubriidlamp-sunone-48w-originaal-toode\/#primaryimage"},"thumbnailUrl":"https:\/\/valika.eu\/wp-content\/uploads\/2023\/11\/sunone_led_kuunelamp-2.jpg","datePublished":"2024-09-24T10:35:39+00:00","dateModified":"2025-10-08T11:42:22+00:00","description":"Alkuper\u00e4inen SUNUV S3 UV\/LED-lamppu, joka kovettaa nopeasti ja tasaisesti kaikki geelit, hybridilakat ja muut valokovettuvat valmisteet kaksois-LED-tekniikan ansiosta.","breadcrumb":{"@id":"https:\/\/valika.eu\/fi\/toode\/uv-led-hubriidlamp-sunone-48w-originaal-toode\/#breadcrumb"},"inLanguage":"fi","potentialAction":[{"@type":"ReadAction","target":[["https:\/\/valika.eu\/fi\/toode\/uv-led-hubriidlamp-sunone-48w-originaal-toode\/"]]}]},{"@type":"ImageObject","inLanguage":"fi","@id":"https:\/\/valika.eu\/fi\/toode\/uv-led-hubriidlamp-sunone-48w-originaal-toode\/#primaryimage","url":"https:\/\/valika.eu\/wp-content\/uploads\/2023\/11\/sunone_led_kuunelamp-2.jpg","contentUrl":"https:\/\/valika.eu\/wp-content\/uploads\/2023\/11\/sunone_led_kuunelamp-2.jpg","width":800,"height":800,"caption":"K\u00dc\u00dcNELAMP ORIGINAAL SUNONE"},{"@type":"BreadcrumbList","@id":"https:\/\/valika.eu\/fi\/toode\/uv-led-hubriidlamp-sunone-48w-originaal-toode\/#breadcrumb","itemListElement":[{"@type":"ListItem","position":1,"name":"Koti","item":"https:\/\/valika.eu\/fi\/"},{"@type":"ListItem","position":2,"name":"Shop","item":"https:\/\/valika.eu\/fi\/"},{"@type":"ListItem","position":3,"name":"UV LED h\u00fcbriidlamp SUNONE 48w Originaal toode!"}]},{"@type":"WebSite","@id":"https:\/\/valika.eu\/fi\/#website","url":"https:\/\/valika.eu\/fi\/","name":"Valika.eu","description":"Salonkituotteet ja kauneudenhoitotuotteet - Valika tarjoaa laajan valikoiman tuotteita ja tarvikkeita kynsiteknikoille, kauneushoitoloille, kampaamoille ja kampaamoille.","publisher":{"@id":"https:\/\/valika.eu\/fi\/#organization"},"alternateName":"Valika","potentialAction":[{"@type":"SearchAction","target":{"@type":"EntryPoint","urlTemplate":"https:\/\/valika.eu\/fi\/?s={search_term_string}"},"query-input":{"@type":"PropertyValueSpecification","valueRequired":true,"valueName":"search_term_string"}}],"inLanguage":"fi"},{"@type":"Organization","@id":"https:\/\/valika.eu\/fi\/#organization","name":"Salongitoode O\u00dc","alternateName":"Valika","url":"https:\/\/valika.eu\/fi\/","logo":{"@type":"ImageObject","inLanguage":"fi","@id":"https:\/\/valika.eu\/fi\/#\/schema\/logo\/image\/","url":"https:\/\/valika.eu\/wp-content\/uploads\/2023\/11\/logo2-valika-footer.png","contentUrl":"https:\/\/valika.eu\/wp-content\/uploads\/2023\/11\/logo2-valika-footer.png","width":200,"height":129,"caption":"Salongitoode O\u00dc"},"image":{"@id":"https:\/\/valika.eu\/fi\/#\/schema\/logo\/image\/"},"sameAs":["https:\/\/www.facebook.com\/tipsi.net"]}]}},"jetpack_sharing_enabled":true,"_links":{"self":[{"href":"https:\/\/valika.eu\/fi\/wp-json\/wp\/v2\/product\/876","targetHints":{"allow":["GET"]}}],"collection":[{"href":"https:\/\/valika.eu\/fi\/wp-json\/wp\/v2\/product"}],"about":[{"href":"https:\/\/valika.eu\/fi\/wp-json\/wp\/v2\/types\/product"}],"wp:featuredmedia":[{"embeddable":true,"href":"https:\/\/valika.eu\/fi\/wp-json\/wp\/v2\/media\/161"}],"wp:attachment":[{"href":"https:\/\/valika.eu\/fi\/wp-json\/wp\/v2\/media?parent=876"}],"wp:term":[{"taxonomy":"product_brand","embeddable":true,"href":"https:\/\/valika.eu\/fi\/wp-json\/wp\/v2\/product_brand?post=876"},{"taxonomy":"product_cat","embeddable":true,"href":"https:\/\/valika.eu\/fi\/wp-json\/wp\/v2\/product_cat?post=876"},{"taxonomy":"product_tag","embeddable":true,"href":"https:\/\/valika.eu\/fi\/wp-json\/wp\/v2\/product_tag?post=876"}],"curies":[{"name":"wp","href":"https:\/\/api.w.org\/{rel}","templated":true}]}}