{"id":877,"date":"2024-09-24T13:35:39","date_gmt":"2024-09-24T10:35:39","guid":{"rendered":"https:\/\/valika.eu\/?post_type=product&#038;p=877"},"modified":"2025-10-27T15:46:59","modified_gmt":"2025-10-27T13:46:59","slug":"kosmeetikuvoodi-pedikuuritool-2-mootoriga","status":"publish","type":"product","link":"https:\/\/valika.eu\/fi\/toode\/kosmeetikuvoodi-pedikuuritool-2-mootoriga\/","title":{"rendered":"2-moottorinen hoitotuoli"},"content":{"rendered":"<p>Hoitotuoli, jossa on kaksi moottoria, on suunniteltu ammattimaiseen pedikyyriin, mutta sopii erinomaisesti my\u00f6s kosmeettisiin, l\u00e4\u00e4ketieteellisiin toimenpiteisiin ja meikkaukseen.<\/p>\n<p>Tuolin kest\u00e4v\u00e4 ter\u00e4sjalka kykenee kantamaan jopa 150 kg painoa ja on varustettu kahdella s\u00e4hk\u00f6moottorilla, joita voi k\u00e4tev\u00e4sti s\u00e4\u00e4t\u00e4\u00e4 kaukos\u00e4\u00e4timen avulla, s\u00e4\u00e4t\u00e4en siten korkeutta ja selk\u00e4nojan kulmaa.<\/p>\n<p>K\u00e4sinojat voidaan laskea alas, kaksoisniskatukea voi s\u00e4\u00e4t\u00e4\u00e4 ja tarvittaessa poistaa. Tuotteen mukavuuden takaamiseksi k\u00e4ytet\u00e4\u00e4n polyuretaanivaahtoa ja laadukasta, helppohoitoista polyuretaanip\u00e4\u00e4llystett\u00e4. Tekniset ominaisuudet sis\u00e4lt\u00e4v\u00e4t: 2 s\u00e4\u00e4t\u00f6mekanismia; S\u00e4hk\u00f6isesti ohjattava korkeuden s\u00e4\u00e4t\u00f6 (kaukos\u00e4\u00e4din): 61\u201379 cm, maksimaalinen jalkatuen korkeus lattiasta 90 cm; S\u00e4hk\u00f6isesti ohjattava selk\u00e4nojan kallistuskulman s\u00e4\u00e4t\u00f6 (kaukos\u00e4\u00e4din); Mekaaninen jalatuen kallistuskulman s\u00e4\u00e4t\u00f6; Pneumaattisella mekanismilla s\u00e4\u00e4dett\u00e4v\u00e4 istuinosaan kallistuskulma, &#8211; ja juuri t\u00e4m\u00e4 ominaisuus tarjoaa asiakkaalle vertaansa vailla olevan lepomukavuuden olla tuolilla tunti tai kauemmin hyv\u00e4ss\u00e4 ja rentoutuneessa asennossa. Selk\u00e4nojan kallistuskulma 0-85 astetta; Jalkatilan alennuskulma 0-85 astetta; Istuinosaan kallistuskulma 0-15 astetta; Kasvoaukko; Vedett\u00e4v\u00e4t jalatuet jaloille; Laskeutuvat k\u00e4sinojat; Maksimaalinen kantavuus: 150 kg.<\/p>\n<p>Tuolin mitat: Pituus: 190 cm; Leveys: 88 cm; Korkeus: 61-79 cm; Nettopaino: 65 kg. V\u00e4ri: Valkoinen.<\/p>\n<p>Pakkauksen mitat: 135 x 67 x 79 cm; Bruttokulma: 85,5 kg. T\u00e4m\u00e4 tuoli on monipuolinen, tyylik\u00e4s ja kest\u00e4v\u00e4, tehdess\u00e4\u00e4n siit\u00e4 t\u00e4ydellisen valinnan jokaiselle ammattilaiselle.<\/p>\n<p><strong>Valmistajan takuu \u2013 12 kuukautta<\/strong><\/p>\n<p><img loading=\"lazy\" decoding=\"async\" class=\"alignnone size-medium wp-image-168\" src=\"https:\/\/valika.eu\/wp-content\/uploads\/2023\/11\/Pedikuuritool_2_mootoriga-300x251.png\" alt=\"\" width=\"300\" height=\"251\" srcset=\"https:\/\/valika.eu\/wp-content\/uploads\/2023\/11\/Pedikuuritool_2_mootoriga-300x251.png 300w, https:\/\/valika.eu\/wp-content\/uploads\/2023\/11\/Pedikuuritool_2_mootoriga-150x125.png 150w, https:\/\/valika.eu\/wp-content\/uploads\/2023\/11\/Pedikuuritool_2_mootoriga.png 728w\" sizes=\"auto, (max-width: 300px) 100vw, 300px\" \/><img loading=\"lazy\" decoding=\"async\" class=\"alignnone size-medium wp-image-170\" src=\"https:\/\/valika.eu\/wp-content\/uploads\/2023\/11\/pedikuuritool_2_mootoriga_lahti-300x221.png\" alt=\"\" width=\"300\" height=\"221\" srcset=\"https:\/\/valika.eu\/wp-content\/uploads\/2023\/11\/pedikuuritool_2_mootoriga_lahti-300x221.png 300w, https:\/\/valika.eu\/wp-content\/uploads\/2023\/11\/pedikuuritool_2_mootoriga_lahti-150x111.png 150w, https:\/\/valika.eu\/wp-content\/uploads\/2023\/11\/pedikuuritool_2_mootoriga_lahti.png 743w\" sizes=\"auto, (max-width: 300px) 100vw, 300px\" \/><img loading=\"lazy\" decoding=\"async\" class=\"alignnone size-medium wp-image-169\" src=\"https:\/\/valika.eu\/wp-content\/uploads\/2023\/11\/pedikuuritool_2_mootoriga_jalatoed_eraldi-300x280.png\" alt=\"\" width=\"300\" height=\"280\" srcset=\"https:\/\/valika.eu\/wp-content\/uploads\/2023\/11\/pedikuuritool_2_mootoriga_jalatoed_eraldi-300x280.png 300w, https:\/\/valika.eu\/wp-content\/uploads\/2023\/11\/pedikuuritool_2_mootoriga_jalatoed_eraldi-150x140.png 150w, https:\/\/valika.eu\/wp-content\/uploads\/2023\/11\/pedikuuritool_2_mootoriga_jalatoed_eraldi-768x716.png 768w, https:\/\/valika.eu\/wp-content\/uploads\/2023\/11\/pedikuuritool_2_mootoriga_jalatoed_eraldi.png 822w\" sizes=\"auto, (max-width: 300px) 100vw, 300px\" \/><img loading=\"lazy\" decoding=\"async\" class=\"alignnone size-medium wp-image-177\" src=\"https:\/\/valika.eu\/wp-content\/uploads\/2023\/11\/Pedikuuritool_2_mootoriga_uldmoodud-300x241.png\" alt=\"\" width=\"300\" height=\"241\" srcset=\"https:\/\/valika.eu\/wp-content\/uploads\/2023\/11\/Pedikuuritool_2_mootoriga_uldmoodud-300x241.png 300w, https:\/\/valika.eu\/wp-content\/uploads\/2023\/11\/Pedikuuritool_2_mootoriga_uldmoodud-150x121.png 150w, https:\/\/valika.eu\/wp-content\/uploads\/2023\/11\/Pedikuuritool_2_mootoriga_uldmoodud-768x618.png 768w, https:\/\/valika.eu\/wp-content\/uploads\/2023\/11\/Pedikuuritool_2_mootoriga_uldmoodud.png 803w\" sizes=\"auto, (max-width: 300px) 100vw, 300px\" \/><\/p>","protected":false},"excerpt":{"rendered":"<p>Pneumaattisella mekanismilla s\u00e4\u00e4dett\u00e4v\u00e4 istuinosaan kallistuskulma, &#8211; ja juuri t\u00e4m\u00e4 ominaisuus tarjoaa asiakkaalle vertaansa vailla olevan lepomukavuuden olla tuolilla tunti tai kauemmin hyv\u00e4ss\u00e4 ja rentoutuneessa asennossa.<\/p>\n","protected":false},"featured_media":173,"template":"","meta":[],"product_brand":[],"product_cat":[24,344],"product_tag":[],"class_list":{"0":"post-877","1":"product","2":"type-product","3":"status-publish","4":"has-post-thumbnail","6":"product_cat-ilusalongimoobel","7":"product_cat-kliendivoodid-ja-protseduurilauad","9":"first","10":"instock","11":"taxable","12":"shipping-taxable","13":"purchasable","14":"product-type-simple"},"yoast_head":"<!-- This site is optimized with the Yoast SEO plugin v24.4 - https:\/\/yoast.com\/wordpress\/plugins\/seo\/ -->\n<title>2-moottorinen hoitotuoli | Valika<\/title>\n<meta name=\"description\" content=\"Pedihoitotuoli, jossa on 2 moottoria, on suunniteltu ammattimaiseen jalkahoidon tekemiseen sek\u00e4 kosmetologisiin, l\u00e4\u00e4ketieteellisiin toimenpiteisiin ja meikkiin. Tuolin ter\u00e4ksinen pohja mahdollistaa enimm\u00e4iskuorman jopa 150 kg. Siin\u00e4 on 2 s\u00e4hk\u00f6moottoria. Kaukos\u00e4\u00e4timen avulla selk\u00e4nojan korkeutta ja kulmaa voidaan s\u00e4\u00e4t\u00e4\u00e4. Tuoli voidaan taittaa vaakasuoraan asentoon, k\u00e4sinojia voidaan laskea, ja kaksoisniskatukea voidaan s\u00e4\u00e4t\u00e4\u00e4 ja tarvittaessa poistaa.\" \/>\n<meta name=\"robots\" content=\"index, follow, max-snippet:-1, max-image-preview:large, max-video-preview:-1\" \/>\n<link rel=\"canonical\" href=\"https:\/\/valika.eu\/fi\/toode\/kosmeetikuvoodi-pedikuuritool-2-mootoriga\/\" \/>\n<meta property=\"og:locale\" content=\"fi_FI\" \/>\n<meta property=\"og:type\" content=\"article\" \/>\n<meta property=\"og:title\" content=\"2-moottorinen hoitotuoli | Valika\" \/>\n<meta property=\"og:description\" content=\"Pedihoitotuoli, jossa on 2 moottoria, on suunniteltu ammattimaiseen jalkahoidon tekemiseen sek\u00e4 kosmetologisiin, l\u00e4\u00e4ketieteellisiin toimenpiteisiin ja meikkiin. Tuolin ter\u00e4ksinen pohja mahdollistaa enimm\u00e4iskuorman jopa 150 kg. Siin\u00e4 on 2 s\u00e4hk\u00f6moottoria. Kaukos\u00e4\u00e4timen avulla selk\u00e4nojan korkeutta ja kulmaa voidaan s\u00e4\u00e4t\u00e4\u00e4. Tuoli voidaan taittaa vaakasuoraan asentoon, k\u00e4sinojia voidaan laskea, ja kaksoisniskatukea voidaan s\u00e4\u00e4t\u00e4\u00e4 ja tarvittaessa poistaa.\" \/>\n<meta property=\"og:url\" content=\"https:\/\/valika.eu\/fi\/toode\/kosmeetikuvoodi-pedikuuritool-2-mootoriga\/\" \/>\n<meta property=\"og:site_name\" content=\"Valika\" \/>\n<meta property=\"article:publisher\" content=\"https:\/\/www.facebook.com\/tipsi.net\" \/>\n<meta property=\"article:modified_time\" content=\"2025-10-27T13:46:59+00:00\" \/>\n<meta property=\"og:image\" content=\"https:\/\/valika.eu\/wp-content\/uploads\/2023\/11\/Pedikuuritool_2_mootoriga_peapilt.png\" \/>\n\t<meta property=\"og:image:width\" content=\"691\" \/>\n\t<meta property=\"og:image:height\" content=\"645\" \/>\n\t<meta property=\"og:image:type\" content=\"image\/png\" \/>\n<meta name=\"twitter:card\" content=\"summary_large_image\" \/>\n<script type=\"application\/ld+json\" class=\"yoast-schema-graph\">{\"@context\":\"https:\/\/schema.org\",\"@graph\":[{\"@type\":\"WebPage\",\"@id\":\"https:\/\/valika.eu\/fi\/toode\/kosmeetikuvoodi-pedikuuritool-2-mootoriga\/\",\"url\":\"https:\/\/valika.eu\/fi\/toode\/kosmeetikuvoodi-pedikuuritool-2-mootoriga\/\",\"name\":\"2-moottorinen hoitotuoli | Valika\",\"isPartOf\":{\"@id\":\"https:\/\/valika.eu\/fi\/#website\"},\"primaryImageOfPage\":{\"@id\":\"https:\/\/valika.eu\/fi\/toode\/kosmeetikuvoodi-pedikuuritool-2-mootoriga\/#primaryimage\"},\"image\":{\"@id\":\"https:\/\/valika.eu\/toode\/kosmeetikuvoodi-pedikuuritool-2-mootoriga\/#primaryimage\"},\"thumbnailUrl\":\"https:\/\/valika.eu\/wp-content\/uploads\/2023\/11\/Pedikuuritool_2_mootoriga_peapilt.png\",\"datePublished\":\"2024-09-24T10:35:39+00:00\",\"dateModified\":\"2025-10-27T13:46:59+00:00\",\"description\":\"Pedihoitotuoli, jossa on 2 moottoria, on suunniteltu ammattimaiseen jalkahoidon tekemiseen sek\u00e4 kosmetologisiin, l\u00e4\u00e4ketieteellisiin toimenpiteisiin ja meikkiin. Tuolin ter\u00e4ksinen pohja mahdollistaa enimm\u00e4iskuorman jopa 150 kg. Siin\u00e4 on 2 s\u00e4hk\u00f6moottoria. Kaukos\u00e4\u00e4timen avulla selk\u00e4nojan korkeutta ja kulmaa voidaan s\u00e4\u00e4t\u00e4\u00e4. Tuoli voidaan taittaa vaakasuoraan asentoon, k\u00e4sinojia voidaan laskea, ja kaksoisniskatukea voidaan s\u00e4\u00e4t\u00e4\u00e4 ja tarvittaessa poistaa.\",\"breadcrumb\":{\"@id\":\"https:\/\/valika.eu\/fi\/toode\/kosmeetikuvoodi-pedikuuritool-2-mootoriga\/#breadcrumb\"},\"inLanguage\":\"fi\",\"potentialAction\":[{\"@type\":\"ReadAction\",\"target\":[[\"https:\/\/valika.eu\/fi\/toode\/kosmeetikuvoodi-pedikuuritool-2-mootoriga\/\"]]}]},{\"@type\":\"ImageObject\",\"inLanguage\":\"fi\",\"@id\":\"https:\/\/valika.eu\/fi\/toode\/kosmeetikuvoodi-pedikuuritool-2-mootoriga\/#primaryimage\",\"url\":\"https:\/\/valika.eu\/wp-content\/uploads\/2023\/11\/Pedikuuritool_2_mootoriga_peapilt.png\",\"contentUrl\":\"https:\/\/valika.eu\/wp-content\/uploads\/2023\/11\/Pedikuuritool_2_mootoriga_peapilt.png\",\"width\":691,\"height\":645,\"caption\":\"PEDIK\u00dc\u00dcRITOOL 2 MOOTORIGA\"},{\"@type\":\"BreadcrumbList\",\"@id\":\"https:\/\/valika.eu\/fi\/toode\/kosmeetikuvoodi-pedikuuritool-2-mootoriga\/#breadcrumb\",\"itemListElement\":[{\"@type\":\"ListItem\",\"position\":1,\"name\":\"Koti\",\"item\":\"https:\/\/valika.eu\/fi\/\"},{\"@type\":\"ListItem\",\"position\":2,\"name\":\"Shop\",\"item\":\"https:\/\/valika.eu\/fi\/\"},{\"@type\":\"ListItem\",\"position\":3,\"name\":\"Kosmeetikuvoodi-pedik\u00fc\u00fcritool 2-mootoriga\"}]},{\"@type\":\"WebSite\",\"@id\":\"https:\/\/valika.eu\/fi\/#website\",\"url\":\"https:\/\/valika.eu\/fi\/\",\"name\":\"Valika.eu\",\"description\":\"Salonkituotteet ja kauneudenhoitotuotteet - Valika tarjoaa laajan valikoiman tuotteita ja tarvikkeita kynsiteknikoille, kauneushoitoloille, kampaamoille ja kampaamoille.\",\"publisher\":{\"@id\":\"https:\/\/valika.eu\/fi\/#organization\"},\"alternateName\":\"Valika\",\"potentialAction\":[{\"@type\":\"SearchAction\",\"target\":{\"@type\":\"EntryPoint\",\"urlTemplate\":\"https:\/\/valika.eu\/fi\/?s={search_term_string}\"},\"query-input\":{\"@type\":\"PropertyValueSpecification\",\"valueRequired\":true,\"valueName\":\"search_term_string\"}}],\"inLanguage\":\"fi\"},{\"@type\":\"Organization\",\"@id\":\"https:\/\/valika.eu\/fi\/#organization\",\"name\":\"Salongitoode O\u00dc\",\"alternateName\":\"Valika\",\"url\":\"https:\/\/valika.eu\/fi\/\",\"logo\":{\"@type\":\"ImageObject\",\"inLanguage\":\"fi\",\"@id\":\"https:\/\/valika.eu\/fi\/#\/schema\/logo\/image\/\",\"url\":\"https:\/\/valika.eu\/wp-content\/uploads\/2023\/11\/logo2-valika-footer.png\",\"contentUrl\":\"https:\/\/valika.eu\/wp-content\/uploads\/2023\/11\/logo2-valika-footer.png\",\"width\":200,\"height\":129,\"caption\":\"Salongitoode O\u00dc\"},\"image\":{\"@id\":\"https:\/\/valika.eu\/fi\/#\/schema\/logo\/image\/\"},\"sameAs\":[\"https:\/\/www.facebook.com\/tipsi.net\"]}]}<\/script>\n<!-- \/ Yoast SEO plugin. -->","yoast_head_json":{"title":"2-moottorinen hoitotuoli | Valika","description":"Pedihoitotuoli, jossa on 2 moottoria, on suunniteltu ammattimaiseen jalkahoidon tekemiseen sek\u00e4 kosmetologisiin, l\u00e4\u00e4ketieteellisiin toimenpiteisiin ja meikkiin. Tuolin ter\u00e4ksinen pohja mahdollistaa enimm\u00e4iskuorman jopa 150 kg. Siin\u00e4 on 2 s\u00e4hk\u00f6moottoria. Kaukos\u00e4\u00e4timen avulla selk\u00e4nojan korkeutta ja kulmaa voidaan s\u00e4\u00e4t\u00e4\u00e4. Tuoli voidaan taittaa vaakasuoraan asentoon, k\u00e4sinojia voidaan laskea, ja kaksoisniskatukea voidaan s\u00e4\u00e4t\u00e4\u00e4 ja tarvittaessa poistaa.","robots":{"index":"index","follow":"follow","max-snippet":"max-snippet:-1","max-image-preview":"max-image-preview:large","max-video-preview":"max-video-preview:-1"},"canonical":"https:\/\/valika.eu\/fi\/toode\/kosmeetikuvoodi-pedikuuritool-2-mootoriga\/","og_locale":"fi_FI","og_type":"article","og_title":"2-moottorinen hoitotuoli | Valika","og_description":"Pedihoitotuoli, jossa on 2 moottoria, on suunniteltu ammattimaiseen jalkahoidon tekemiseen sek\u00e4 kosmetologisiin, l\u00e4\u00e4ketieteellisiin toimenpiteisiin ja meikkiin. Tuolin ter\u00e4ksinen pohja mahdollistaa enimm\u00e4iskuorman jopa 150 kg. Siin\u00e4 on 2 s\u00e4hk\u00f6moottoria. Kaukos\u00e4\u00e4timen avulla selk\u00e4nojan korkeutta ja kulmaa voidaan s\u00e4\u00e4t\u00e4\u00e4. Tuoli voidaan taittaa vaakasuoraan asentoon, k\u00e4sinojia voidaan laskea, ja kaksoisniskatukea voidaan s\u00e4\u00e4t\u00e4\u00e4 ja tarvittaessa poistaa.","og_url":"https:\/\/valika.eu\/fi\/toode\/kosmeetikuvoodi-pedikuuritool-2-mootoriga\/","og_site_name":"Valika","article_publisher":"https:\/\/www.facebook.com\/tipsi.net","article_modified_time":"2025-10-27T13:46:59+00:00","og_image":[{"width":691,"height":645,"url":"https:\/\/valika.eu\/wp-content\/uploads\/2023\/11\/Pedikuuritool_2_mootoriga_peapilt.png","type":"image\/png"}],"twitter_card":"summary_large_image","schema":{"@context":"https:\/\/schema.org","@graph":[{"@type":"WebPage","@id":"https:\/\/valika.eu\/fi\/toode\/kosmeetikuvoodi-pedikuuritool-2-mootoriga\/","url":"https:\/\/valika.eu\/fi\/toode\/kosmeetikuvoodi-pedikuuritool-2-mootoriga\/","name":"2-moottorinen hoitotuoli | Valika","isPartOf":{"@id":"https:\/\/valika.eu\/fi\/#website"},"primaryImageOfPage":{"@id":"https:\/\/valika.eu\/fi\/toode\/kosmeetikuvoodi-pedikuuritool-2-mootoriga\/#primaryimage"},"image":{"@id":"https:\/\/valika.eu\/toode\/kosmeetikuvoodi-pedikuuritool-2-mootoriga\/#primaryimage"},"thumbnailUrl":"https:\/\/valika.eu\/wp-content\/uploads\/2023\/11\/Pedikuuritool_2_mootoriga_peapilt.png","datePublished":"2024-09-24T10:35:39+00:00","dateModified":"2025-10-27T13:46:59+00:00","description":"Pedihoitotuoli, jossa on 2 moottoria, on suunniteltu ammattimaiseen jalkahoidon tekemiseen sek\u00e4 kosmetologisiin, l\u00e4\u00e4ketieteellisiin toimenpiteisiin ja meikkiin. Tuolin ter\u00e4ksinen pohja mahdollistaa enimm\u00e4iskuorman jopa 150 kg. Siin\u00e4 on 2 s\u00e4hk\u00f6moottoria. Kaukos\u00e4\u00e4timen avulla selk\u00e4nojan korkeutta ja kulmaa voidaan s\u00e4\u00e4t\u00e4\u00e4. Tuoli voidaan taittaa vaakasuoraan asentoon, k\u00e4sinojia voidaan laskea, ja kaksoisniskatukea voidaan s\u00e4\u00e4t\u00e4\u00e4 ja tarvittaessa poistaa.","breadcrumb":{"@id":"https:\/\/valika.eu\/fi\/toode\/kosmeetikuvoodi-pedikuuritool-2-mootoriga\/#breadcrumb"},"inLanguage":"fi","potentialAction":[{"@type":"ReadAction","target":[["https:\/\/valika.eu\/fi\/toode\/kosmeetikuvoodi-pedikuuritool-2-mootoriga\/"]]}]},{"@type":"ImageObject","inLanguage":"fi","@id":"https:\/\/valika.eu\/fi\/toode\/kosmeetikuvoodi-pedikuuritool-2-mootoriga\/#primaryimage","url":"https:\/\/valika.eu\/wp-content\/uploads\/2023\/11\/Pedikuuritool_2_mootoriga_peapilt.png","contentUrl":"https:\/\/valika.eu\/wp-content\/uploads\/2023\/11\/Pedikuuritool_2_mootoriga_peapilt.png","width":691,"height":645,"caption":"PEDIK\u00dc\u00dcRITOOL 2 MOOTORIGA"},{"@type":"BreadcrumbList","@id":"https:\/\/valika.eu\/fi\/toode\/kosmeetikuvoodi-pedikuuritool-2-mootoriga\/#breadcrumb","itemListElement":[{"@type":"ListItem","position":1,"name":"Koti","item":"https:\/\/valika.eu\/fi\/"},{"@type":"ListItem","position":2,"name":"Shop","item":"https:\/\/valika.eu\/fi\/"},{"@type":"ListItem","position":3,"name":"Kosmeetikuvoodi-pedik\u00fc\u00fcritool 2-mootoriga"}]},{"@type":"WebSite","@id":"https:\/\/valika.eu\/fi\/#website","url":"https:\/\/valika.eu\/fi\/","name":"Valika.eu","description":"Salonkituotteet ja kauneudenhoitotuotteet - Valika tarjoaa laajan valikoiman tuotteita ja tarvikkeita kynsiteknikoille, kauneushoitoloille, kampaamoille ja kampaamoille.","publisher":{"@id":"https:\/\/valika.eu\/fi\/#organization"},"alternateName":"Valika","potentialAction":[{"@type":"SearchAction","target":{"@type":"EntryPoint","urlTemplate":"https:\/\/valika.eu\/fi\/?s={search_term_string}"},"query-input":{"@type":"PropertyValueSpecification","valueRequired":true,"valueName":"search_term_string"}}],"inLanguage":"fi"},{"@type":"Organization","@id":"https:\/\/valika.eu\/fi\/#organization","name":"Salongitoode O\u00dc","alternateName":"Valika","url":"https:\/\/valika.eu\/fi\/","logo":{"@type":"ImageObject","inLanguage":"fi","@id":"https:\/\/valika.eu\/fi\/#\/schema\/logo\/image\/","url":"https:\/\/valika.eu\/wp-content\/uploads\/2023\/11\/logo2-valika-footer.png","contentUrl":"https:\/\/valika.eu\/wp-content\/uploads\/2023\/11\/logo2-valika-footer.png","width":200,"height":129,"caption":"Salongitoode O\u00dc"},"image":{"@id":"https:\/\/valika.eu\/fi\/#\/schema\/logo\/image\/"},"sameAs":["https:\/\/www.facebook.com\/tipsi.net"]}]}},"jetpack_sharing_enabled":true,"_links":{"self":[{"href":"https:\/\/valika.eu\/fi\/wp-json\/wp\/v2\/product\/877","targetHints":{"allow":["GET"]}}],"collection":[{"href":"https:\/\/valika.eu\/fi\/wp-json\/wp\/v2\/product"}],"about":[{"href":"https:\/\/valika.eu\/fi\/wp-json\/wp\/v2\/types\/product"}],"wp:featuredmedia":[{"embeddable":true,"href":"https:\/\/valika.eu\/fi\/wp-json\/wp\/v2\/media\/173"}],"wp:attachment":[{"href":"https:\/\/valika.eu\/fi\/wp-json\/wp\/v2\/media?parent=877"}],"wp:term":[{"taxonomy":"product_brand","embeddable":true,"href":"https:\/\/valika.eu\/fi\/wp-json\/wp\/v2\/product_brand?post=877"},{"taxonomy":"product_cat","embeddable":true,"href":"https:\/\/valika.eu\/fi\/wp-json\/wp\/v2\/product_cat?post=877"},{"taxonomy":"product_tag","embeddable":true,"href":"https:\/\/valika.eu\/fi\/wp-json\/wp\/v2\/product_tag?post=877"}],"curies":[{"name":"wp","href":"https:\/\/api.w.org\/{rel}","templated":true}]}}