{"id":878,"date":"2024-09-24T13:35:40","date_gmt":"2024-09-24T10:35:40","guid":{"rendered":"https:\/\/valika.eu\/?post_type=product&#038;p=878"},"modified":"2025-10-27T15:46:59","modified_gmt":"2025-10-27T13:46:59","slug":"pedikuuritool-kliendivoodi-3-mootoriga-azzurro-708as","status":"publish","type":"product","link":"https:\/\/valika.eu\/fi\/toode\/pedikuuritool-kliendivoodi-3-mootoriga-azzurro-708as\/","title":{"rendered":"Pedikyyrituoli 3-moottorinen Azurro 708AS"},"content":{"rendered":"<p>Pedikyyrituoli asiakass\u00e4nkyyn Azurro 708AS &#8211; mukava malli pedikyyri- ja kosmeettisten toimenpiteiden suorittamiseen. Sille on ominaista tyylik\u00e4s pohja, leve\u00e4 mukava istuin ja pehme\u00e4t k\u00e4sinojat, jotka laskeutuvat automaattisesti, kun tuoli asetetaan vaakasuoraan.<\/p>\n<p>Kolme moottoria vastaavat tuolin s\u00e4\u00e4t\u00e4misest\u00e4. Ohjauspaneelin avulla voit m\u00e4\u00e4ritt\u00e4\u00e4:<\/p>\n<p>tuolihissin korkeus (59 cm &#8211; 91 cm);<\/p>\n<p>istuimen kallistuskulma;<\/p>\n<p>selk\u00e4nojan kulma.<\/p>\n<p>Jalkatuet voidaan asentaa 90\u00b0 kulmaan, mik\u00e4 on v\u00e4ltt\u00e4m\u00e4t\u00f6nt\u00e4 jalkojen sijoittamiseksi pedikyyrialtaaseen. Mallissa on mukava niskatuki, jota voidaan s\u00e4\u00e4t\u00e4\u00e4 korkeuden mukaan.<\/p>\n<p>Se on ergonominen, monipuolinen tuoli, joka n\u00e4ytt\u00e4\u00e4 upealta ja t\u00e4ytt\u00e4\u00e4 vaativimmatkin vaatimukset!<\/p>\n<p>Laaja valikoima korkeuss\u00e4\u00e4t\u00f6j\u00e4<\/p>\n<p>Tuolin ty\u00f6skentelykorkeus on 60 cm ala-asennossa ja 1 metri yl\u00e4asennossa.<\/p>\n<p>K\u00e4sinojat<\/p>\n<p>Asiakkaan mukavan istuvuuden takaamiseksi tuolissa on molemmilla puolilla taitettavat k\u00e4sinojat, jotka ottavat vaakasuoran asennon tuolin taitettuna!<\/p>\n<p>Mukava jalkaliotus<\/p>\n<p>Pedikyyrituolin jalkatuet voidaan asentaa 90 asteen kulmaan istuimeen n\u00e4hden, mik\u00e4 on erityisen k\u00e4tev\u00e4\u00e4 jalkojen liottamiseksi kylpyammeessa pedikyyritoimenpiteen aikana.<\/p>\n<p>Niskatuki<\/p>\n<p>Niskatuki on s\u00e4\u00e4detty 3 asentoon salvalla.<\/p>\n<p>Laatu<\/p>\n<p>Azurro-sarjan tuolit on suunniteltu jopa 150 kg:n kuormitukselle, niiss\u00e4 on vahva hitsattu runko ja laadukas ekologinen nahka erikoisompeleilla. Niiden valmistukseen k\u00e4ytet\u00e4\u00e4n elastista polyuretaania, joka ei menet\u00e4 ominaisuuksiaan pitk\u00e4\u00e4n aikaan.<\/p>\n<p>Luotettavuus<\/p>\n<p>Azurro-sarjan tuoleissa k\u00e4ytetyill\u00e4 RAYDOW-s\u00e4hk\u00f6moottoreilla on alhainen melutaso ja t\u00e4rin\u00e4 ja niill\u00e4 on suuri k\u00e4ytt\u00f6reservi. Moottorit on suunniteltu jatkuvaan k\u00e4ytt\u00f6\u00f6n ja vilkkaasti liikenn\u00f6ivien kauneussalonkien olosuhteisiin.<\/p>\n<p>korkeus: 59 cm &#8211; 91 cm istuin<\/p>\n<p>leveys: 62 cm<\/p>\n<p>Istuimen leveys k\u00e4sinojilla: 88 cm<\/p>\n<p>niskatuen leveys: 39 cm<\/p>\n<p>istuimen paino: 93 kg<\/p>\n<p>nostokyky: jopa 150 kg<\/p>\n<p>pakkauksen mitat: 141x65x70 cm<\/p>\n<p><strong>Valmistajan takuu \u2013 12 kuukautta<\/strong><\/p>","protected":false},"excerpt":{"rendered":"<p class=\"qtranxs-available-languages-message qtranxs-available-languages-message-fi\">T\u00e4m\u00e4 teksti on valitettavasti saatavilla vain kielill\u00e4: <a href=\"https:\/\/valika.eu\/et\/wp-json\/wp\/v2\/product\/878\" class=\"qtranxs-available-language-link qtranxs-available-language-link-et\" title=\"Eesti\">Eesti<\/a> ja <a href=\"https:\/\/valika.eu\/ru\/wp-json\/wp\/v2\/product\/878\" class=\"qtranxs-available-language-link qtranxs-available-language-link-ru\" title=\"\u0420\u0443\u0441\u0441\u043a\u0438\u0439\">\u0420\u0443\u0441\u0441\u043a\u0438\u0439<\/a>.<\/p>\n<p>Pedik\u00fc\u00fcri tooli jalgtoed saab paigaldada 90-kraadise nurga all istme suhtes, mis on eriti mugav jalale leotamiseks vannis pedik\u00fc\u00fcri protseduuri ajal.<\/p>\n","protected":false},"featured_media":179,"template":"","meta":[],"product_brand":[],"product_cat":[24,344],"product_tag":[],"class_list":{"0":"post-878","1":"product","2":"type-product","3":"status-publish","4":"has-post-thumbnail","6":"product_cat-ilusalongimoobel","7":"product_cat-kliendivoodid-ja-protseduurilauad","9":"first","10":"instock","11":"taxable","12":"shipping-taxable","13":"purchasable","14":"product-type-simple"},"yoast_head":"<!-- This site is optimized with the Yoast SEO plugin v24.4 - https:\/\/yoast.com\/wordpress\/plugins\/seo\/ -->\n<title>Pedikyyrituoli 3-moottorinen Azurro 708AS | Valika<\/title>\n<meta name=\"robots\" content=\"index, follow, max-snippet:-1, max-image-preview:large, max-video-preview:-1\" \/>\n<link rel=\"canonical\" href=\"https:\/\/valika.eu\/fi\/toode\/pedikuuritool-kliendivoodi-3-mootoriga-azzurro-708as\/\" \/>\n<meta property=\"og:locale\" content=\"fi_FI\" \/>\n<meta property=\"og:type\" content=\"article\" \/>\n<meta property=\"og:title\" content=\"Pedikyyrituoli 3-moottorinen Azurro 708AS | Valika\" \/>\n<meta property=\"og:description\" content=\"Pedik\u00fc\u00fcri tooli jalgtoed saab paigaldada 90-kraadise nurga all istme suhtes, mis on eriti mugav jalale leotamiseks vannis pedik\u00fc\u00fcri protseduuri ajal.\" \/>\n<meta property=\"og:url\" content=\"https:\/\/valika.eu\/fi\/toode\/pedikuuritool-kliendivoodi-3-mootoriga-azzurro-708as\/\" \/>\n<meta property=\"og:site_name\" content=\"Valika\" \/>\n<meta property=\"article:publisher\" content=\"https:\/\/www.facebook.com\/tipsi.net\" \/>\n<meta property=\"article:modified_time\" content=\"2025-10-27T13:46:59+00:00\" \/>\n<meta property=\"og:image\" content=\"https:\/\/valika.eu\/wp-content\/uploads\/2023\/11\/pedikuuritool_3mootoriga_valge1.jpg\" \/>\n\t<meta property=\"og:image:width\" content=\"800\" \/>\n\t<meta property=\"og:image:height\" content=\"800\" \/>\n\t<meta property=\"og:image:type\" content=\"image\/jpeg\" \/>\n<meta name=\"twitter:card\" content=\"summary_large_image\" \/>\n<script type=\"application\/ld+json\" class=\"yoast-schema-graph\">{\"@context\":\"https:\/\/schema.org\",\"@graph\":[{\"@type\":\"WebPage\",\"@id\":\"https:\/\/valika.eu\/fi\/toode\/pedikuuritool-kliendivoodi-3-mootoriga-azzurro-708as\/\",\"url\":\"https:\/\/valika.eu\/fi\/toode\/pedikuuritool-kliendivoodi-3-mootoriga-azzurro-708as\/\",\"name\":\"Pedikyyrituoli 3-moottorinen Azurro 708AS | Valika\",\"isPartOf\":{\"@id\":\"https:\/\/valika.eu\/fi\/#website\"},\"primaryImageOfPage\":{\"@id\":\"https:\/\/valika.eu\/fi\/toode\/pedikuuritool-kliendivoodi-3-mootoriga-azzurro-708as\/#primaryimage\"},\"image\":{\"@id\":\"https:\/\/valika.eu\/toode\/pedikuuritool-kliendivoodi-3-mootoriga-azzurro-708as\/#primaryimage\"},\"thumbnailUrl\":\"https:\/\/valika.eu\/wp-content\/uploads\/2023\/11\/pedikuuritool_3mootoriga_valge1.jpg\",\"datePublished\":\"2024-09-24T10:35:40+00:00\",\"dateModified\":\"2025-10-27T13:46:59+00:00\",\"breadcrumb\":{\"@id\":\"https:\/\/valika.eu\/fi\/toode\/pedikuuritool-kliendivoodi-3-mootoriga-azzurro-708as\/#breadcrumb\"},\"inLanguage\":\"fi\",\"potentialAction\":[{\"@type\":\"ReadAction\",\"target\":[[\"https:\/\/valika.eu\/fi\/toode\/pedikuuritool-kliendivoodi-3-mootoriga-azzurro-708as\/\"]]}]},{\"@type\":\"ImageObject\",\"inLanguage\":\"fi\",\"@id\":\"https:\/\/valika.eu\/fi\/toode\/pedikuuritool-kliendivoodi-3-mootoriga-azzurro-708as\/#primaryimage\",\"url\":\"https:\/\/valika.eu\/wp-content\/uploads\/2023\/11\/pedikuuritool_3mootoriga_valge1.jpg\",\"contentUrl\":\"https:\/\/valika.eu\/wp-content\/uploads\/2023\/11\/pedikuuritool_3mootoriga_valge1.jpg\",\"width\":800,\"height\":800,\"caption\":\"pedikuuritool 3 mootoriga\"},{\"@type\":\"BreadcrumbList\",\"@id\":\"https:\/\/valika.eu\/fi\/toode\/pedikuuritool-kliendivoodi-3-mootoriga-azzurro-708as\/#breadcrumb\",\"itemListElement\":[{\"@type\":\"ListItem\",\"position\":1,\"name\":\"Koti\",\"item\":\"https:\/\/valika.eu\/fi\/\"},{\"@type\":\"ListItem\",\"position\":2,\"name\":\"Shop\",\"item\":\"https:\/\/valika.eu\/fi\/\"},{\"@type\":\"ListItem\",\"position\":3,\"name\":\"Pedik\u00fc\u00fcritool kliendivoodi 3 mootoriga AZZURRO 708AS\"}]},{\"@type\":\"WebSite\",\"@id\":\"https:\/\/valika.eu\/fi\/#website\",\"url\":\"https:\/\/valika.eu\/fi\/\",\"name\":\"Valika.eu\",\"description\":\"Salonkituotteet ja kauneudenhoitotuotteet - Valika tarjoaa laajan valikoiman tuotteita ja tarvikkeita kynsiteknikoille, kauneushoitoloille, kampaamoille ja kampaamoille.\",\"publisher\":{\"@id\":\"https:\/\/valika.eu\/fi\/#organization\"},\"alternateName\":\"Valika\",\"potentialAction\":[{\"@type\":\"SearchAction\",\"target\":{\"@type\":\"EntryPoint\",\"urlTemplate\":\"https:\/\/valika.eu\/fi\/?s={search_term_string}\"},\"query-input\":{\"@type\":\"PropertyValueSpecification\",\"valueRequired\":true,\"valueName\":\"search_term_string\"}}],\"inLanguage\":\"fi\"},{\"@type\":\"Organization\",\"@id\":\"https:\/\/valika.eu\/fi\/#organization\",\"name\":\"Salongitoode O\u00dc\",\"alternateName\":\"Valika\",\"url\":\"https:\/\/valika.eu\/fi\/\",\"logo\":{\"@type\":\"ImageObject\",\"inLanguage\":\"fi\",\"@id\":\"https:\/\/valika.eu\/fi\/#\/schema\/logo\/image\/\",\"url\":\"https:\/\/valika.eu\/wp-content\/uploads\/2023\/11\/logo2-valika-footer.png\",\"contentUrl\":\"https:\/\/valika.eu\/wp-content\/uploads\/2023\/11\/logo2-valika-footer.png\",\"width\":200,\"height\":129,\"caption\":\"Salongitoode O\u00dc\"},\"image\":{\"@id\":\"https:\/\/valika.eu\/fi\/#\/schema\/logo\/image\/\"},\"sameAs\":[\"https:\/\/www.facebook.com\/tipsi.net\"]}]}<\/script>\n<!-- \/ Yoast SEO plugin. -->","yoast_head_json":{"title":"Pedikyyrituoli 3-moottorinen Azurro 708AS | Valika","robots":{"index":"index","follow":"follow","max-snippet":"max-snippet:-1","max-image-preview":"max-image-preview:large","max-video-preview":"max-video-preview:-1"},"canonical":"https:\/\/valika.eu\/fi\/toode\/pedikuuritool-kliendivoodi-3-mootoriga-azzurro-708as\/","og_locale":"fi_FI","og_type":"article","og_title":"Pedikyyrituoli 3-moottorinen Azurro 708AS | Valika","og_description":"Pedik\u00fc\u00fcri tooli jalgtoed saab paigaldada 90-kraadise nurga all istme suhtes, mis on eriti mugav jalale leotamiseks vannis pedik\u00fc\u00fcri protseduuri ajal.","og_url":"https:\/\/valika.eu\/fi\/toode\/pedikuuritool-kliendivoodi-3-mootoriga-azzurro-708as\/","og_site_name":"Valika","article_publisher":"https:\/\/www.facebook.com\/tipsi.net","article_modified_time":"2025-10-27T13:46:59+00:00","og_image":[{"width":800,"height":800,"url":"https:\/\/valika.eu\/wp-content\/uploads\/2023\/11\/pedikuuritool_3mootoriga_valge1.jpg","type":"image\/jpeg"}],"twitter_card":"summary_large_image","schema":{"@context":"https:\/\/schema.org","@graph":[{"@type":"WebPage","@id":"https:\/\/valika.eu\/fi\/toode\/pedikuuritool-kliendivoodi-3-mootoriga-azzurro-708as\/","url":"https:\/\/valika.eu\/fi\/toode\/pedikuuritool-kliendivoodi-3-mootoriga-azzurro-708as\/","name":"Pedikyyrituoli 3-moottorinen Azurro 708AS | Valika","isPartOf":{"@id":"https:\/\/valika.eu\/fi\/#website"},"primaryImageOfPage":{"@id":"https:\/\/valika.eu\/fi\/toode\/pedikuuritool-kliendivoodi-3-mootoriga-azzurro-708as\/#primaryimage"},"image":{"@id":"https:\/\/valika.eu\/toode\/pedikuuritool-kliendivoodi-3-mootoriga-azzurro-708as\/#primaryimage"},"thumbnailUrl":"https:\/\/valika.eu\/wp-content\/uploads\/2023\/11\/pedikuuritool_3mootoriga_valge1.jpg","datePublished":"2024-09-24T10:35:40+00:00","dateModified":"2025-10-27T13:46:59+00:00","breadcrumb":{"@id":"https:\/\/valika.eu\/fi\/toode\/pedikuuritool-kliendivoodi-3-mootoriga-azzurro-708as\/#breadcrumb"},"inLanguage":"fi","potentialAction":[{"@type":"ReadAction","target":[["https:\/\/valika.eu\/fi\/toode\/pedikuuritool-kliendivoodi-3-mootoriga-azzurro-708as\/"]]}]},{"@type":"ImageObject","inLanguage":"fi","@id":"https:\/\/valika.eu\/fi\/toode\/pedikuuritool-kliendivoodi-3-mootoriga-azzurro-708as\/#primaryimage","url":"https:\/\/valika.eu\/wp-content\/uploads\/2023\/11\/pedikuuritool_3mootoriga_valge1.jpg","contentUrl":"https:\/\/valika.eu\/wp-content\/uploads\/2023\/11\/pedikuuritool_3mootoriga_valge1.jpg","width":800,"height":800,"caption":"pedikuuritool 3 mootoriga"},{"@type":"BreadcrumbList","@id":"https:\/\/valika.eu\/fi\/toode\/pedikuuritool-kliendivoodi-3-mootoriga-azzurro-708as\/#breadcrumb","itemListElement":[{"@type":"ListItem","position":1,"name":"Koti","item":"https:\/\/valika.eu\/fi\/"},{"@type":"ListItem","position":2,"name":"Shop","item":"https:\/\/valika.eu\/fi\/"},{"@type":"ListItem","position":3,"name":"Pedik\u00fc\u00fcritool kliendivoodi 3 mootoriga AZZURRO 708AS"}]},{"@type":"WebSite","@id":"https:\/\/valika.eu\/fi\/#website","url":"https:\/\/valika.eu\/fi\/","name":"Valika.eu","description":"Salonkituotteet ja kauneudenhoitotuotteet - Valika tarjoaa laajan valikoiman tuotteita ja tarvikkeita kynsiteknikoille, kauneushoitoloille, kampaamoille ja kampaamoille.","publisher":{"@id":"https:\/\/valika.eu\/fi\/#organization"},"alternateName":"Valika","potentialAction":[{"@type":"SearchAction","target":{"@type":"EntryPoint","urlTemplate":"https:\/\/valika.eu\/fi\/?s={search_term_string}"},"query-input":{"@type":"PropertyValueSpecification","valueRequired":true,"valueName":"search_term_string"}}],"inLanguage":"fi"},{"@type":"Organization","@id":"https:\/\/valika.eu\/fi\/#organization","name":"Salongitoode O\u00dc","alternateName":"Valika","url":"https:\/\/valika.eu\/fi\/","logo":{"@type":"ImageObject","inLanguage":"fi","@id":"https:\/\/valika.eu\/fi\/#\/schema\/logo\/image\/","url":"https:\/\/valika.eu\/wp-content\/uploads\/2023\/11\/logo2-valika-footer.png","contentUrl":"https:\/\/valika.eu\/wp-content\/uploads\/2023\/11\/logo2-valika-footer.png","width":200,"height":129,"caption":"Salongitoode O\u00dc"},"image":{"@id":"https:\/\/valika.eu\/fi\/#\/schema\/logo\/image\/"},"sameAs":["https:\/\/www.facebook.com\/tipsi.net"]}]}},"jetpack_sharing_enabled":true,"_links":{"self":[{"href":"https:\/\/valika.eu\/fi\/wp-json\/wp\/v2\/product\/878","targetHints":{"allow":["GET"]}}],"collection":[{"href":"https:\/\/valika.eu\/fi\/wp-json\/wp\/v2\/product"}],"about":[{"href":"https:\/\/valika.eu\/fi\/wp-json\/wp\/v2\/types\/product"}],"wp:featuredmedia":[{"embeddable":true,"href":"https:\/\/valika.eu\/fi\/wp-json\/wp\/v2\/media\/179"}],"wp:attachment":[{"href":"https:\/\/valika.eu\/fi\/wp-json\/wp\/v2\/media?parent=878"}],"wp:term":[{"taxonomy":"product_brand","embeddable":true,"href":"https:\/\/valika.eu\/fi\/wp-json\/wp\/v2\/product_brand?post=878"},{"taxonomy":"product_cat","embeddable":true,"href":"https:\/\/valika.eu\/fi\/wp-json\/wp\/v2\/product_cat?post=878"},{"taxonomy":"product_tag","embeddable":true,"href":"https:\/\/valika.eu\/fi\/wp-json\/wp\/v2\/product_tag?post=878"}],"curies":[{"name":"wp","href":"https:\/\/api.w.org\/{rel}","templated":true}]}}