{"id":879,"date":"2024-09-24T13:35:40","date_gmt":"2024-09-24T10:35:40","guid":{"rendered":"https:\/\/valika.eu\/?post_type=product&#038;p=879"},"modified":"2025-10-27T15:46:59","modified_gmt":"2025-10-27T13:46:59","slug":"kosmeetikuvoodi-4-mootoriga-eeva-708","status":"publish","type":"product","link":"https:\/\/valika.eu\/fi\/toode\/kosmeetikuvoodi-4-mootoriga-eeva-708\/","title":{"rendered":"4-moottorinen hoitotuoli ,, Eeva-708,,"},"content":{"rendered":"<p>&#8221;Eeva-708&#8243; on monipuolinen kosmetologiatuoli, joka mahdollistaa erilaisten hoitotoimenpiteiden suorittamisen ja luo mukavat ty\u00f6olosuhteet sek\u00e4 mestarille ett\u00e4 asiakkaalle.<\/p>\n<p>Tuolin &#8220;Eeva-708&#8221; erityispiirre on sen korkea nostokorkeus, mik\u00e4 mahdollistaa pedikyyrimestarin pit\u00e4\u00e4 selk\u00e4 suorana ja tuntea olonsa mukavaksi.<\/p>\n<p>Kyseinen malli laskeutuu matalalle, mahdollistaen jokaisen iso\u00e4idin istua tuoliin helposti ja mukavasti. Siin\u00e4 on elegantti pohja, leve\u00e4 mukava istuin ja pehme\u00e4t k\u00e4sinojat, jotka laskeutuvat automaattisesti tuolin makuuasentoon taittamisen yhteydess\u00e4.<\/p>\n<p>Tuote on varustettu anatominen leikkauksella varustetulla p\u00e4\u00e4nojalla ja mukautuvilla k\u00e4sinojilla, joissa on elegantti ja moderni muotoilu.<\/p>\n<ul>\n<li>Matala melutaso ja pitk\u00e4 k\u00e4ytt\u00f6ik\u00e4 moottorille<\/li>\n<li>Tarkka mekaaninen hitsaus raudasta valmistetusta rungosta takaa suuremman vakauden<\/li>\n<li>Kest\u00e4v\u00e4, eritt\u00e4in kest\u00e4v\u00e4 iskunkest\u00e4v\u00e4 ABS-muovikotelo takaa laadun sek\u00e4 sis\u00e4- ett\u00e4 ulkopuolelta<\/li>\n<li>K\u00e4sinojaa voi k\u00e4\u00e4nt\u00e4\u00e4 manuaalisesti 180 astetta<\/li>\n<li>S\u00e4\u00e4dett\u00e4v\u00e4 jalkojen vetokelpoinen tuki joustavalla s\u00e4\u00e4d\u00f6ll\u00e4, joka voidaan poistaa pedikyyrin helpottamiseksi.<\/li>\n<li>Koko s\u00e4nky on CE- ja RoHS-sertifioitu<\/li>\n<li>Moottorien lukum\u00e4\u00e4r\u00e4: 4 moottoria<\/li>\n<li>S\u00e4hk\u00f6isesti s\u00e4\u00e4dett\u00e4v\u00e4t asennot: selk\u00e4noja, korkeus, istuimen kaltevuus, jalkatuki<\/li>\n<li>Materiaali: synteettinen nahka: PU\/PVC V\u00e4ri vain valkoinen<\/li>\n<li>K\u00e4ytt\u00f6: kasvojen-, vartalon- ja pedikyyrihoito jne., fysioterapiaa ei suositella, thai-hierontaa ei suositella.<\/li>\n<li>Sertifiointi: CE, RoHS<\/li>\n<li>J\u00e4nnite\/taajuus: vaihtovirta 100\u2013120 V\/220\u2013240 V, 50 Hz\/60 Hz Teho: 110 W<\/li>\n<li>Tuotteen koko: 190*88*59-91 \u0441\u043c<\/li>\n<li>Pakkauksen koko: 142*66*74 cm<\/li>\n<li>Nettopaino: 73 kg<\/li>\n<li>Bruttopaino: 98 kg<\/li>\n<li>Kantavuus: 150 kg<\/li>\n<li>Pakkaus: 1 kpl.\/1 laatikko, pakattu<\/li>\n<li><strong>Valmistajan takuu \u2013 12 kuukautta<\/strong><\/li>\n<li><img loading=\"lazy\" decoding=\"async\" class=\"alignnone size-medium wp-image-264\" src=\"https:\/\/valika.eu\/wp-content\/uploads\/2023\/11\/Kosmeetikulaud_4_mootoriga_8-300x254.png\" alt=\"\" width=\"300\" height=\"254\" srcset=\"https:\/\/valika.eu\/wp-content\/uploads\/2023\/11\/Kosmeetikulaud_4_mootoriga_8-300x254.png 300w, https:\/\/valika.eu\/wp-content\/uploads\/2023\/11\/Kosmeetikulaud_4_mootoriga_8-150x127.png 150w, https:\/\/valika.eu\/wp-content\/uploads\/2023\/11\/Kosmeetikulaud_4_mootoriga_8-768x650.png 768w, https:\/\/valika.eu\/wp-content\/uploads\/2023\/11\/Kosmeetikulaud_4_mootoriga_8.png 859w\" sizes=\"auto, (max-width: 300px) 100vw, 300px\" \/><img loading=\"lazy\" decoding=\"async\" class=\"alignnone size-medium wp-image-260\" src=\"https:\/\/valika.eu\/wp-content\/uploads\/2023\/11\/Kosmeetikulaud_4_mootoriga_4-300x300.jpg\" alt=\"\" width=\"300\" height=\"300\" srcset=\"https:\/\/valika.eu\/wp-content\/uploads\/2023\/11\/Kosmeetikulaud_4_mootoriga_4-300x300.jpg 300w, https:\/\/valika.eu\/wp-content\/uploads\/2023\/11\/Kosmeetikulaud_4_mootoriga_4-150x150.jpg 150w, https:\/\/valika.eu\/wp-content\/uploads\/2023\/11\/Kosmeetikulaud_4_mootoriga_4.jpg 420w\" sizes=\"auto, (max-width: 300px) 100vw, 300px\" \/><img loading=\"lazy\" decoding=\"async\" class=\"alignnone size-medium wp-image-275\" src=\"https:\/\/valika.eu\/wp-content\/uploads\/2023\/11\/Kosmeetikulaud_4_mootoriga_19-300x163.png\" alt=\"\" width=\"300\" height=\"163\" srcset=\"https:\/\/valika.eu\/wp-content\/uploads\/2023\/11\/Kosmeetikulaud_4_mootoriga_19-300x163.png 300w, https:\/\/valika.eu\/wp-content\/uploads\/2023\/11\/Kosmeetikulaud_4_mootoriga_19-150x82.png 150w, https:\/\/valika.eu\/wp-content\/uploads\/2023\/11\/Kosmeetikulaud_4_mootoriga_19-768x418.png 768w, https:\/\/valika.eu\/wp-content\/uploads\/2023\/11\/Kosmeetikulaud_4_mootoriga_19.png 812w\" sizes=\"auto, (max-width: 300px) 100vw, 300px\" \/><\/li>\n<\/ul>\n<p><\/p>","protected":false},"excerpt":{"rendered":"<p>Tee kauneushoitolastasi ylellisyyden ja mukavuuden keidas meid\u00e4n upealla kauneuspedill\u00e4mme \u201dEeva-708\u201d! \ud83c\udf1f\ud83c\udf08 Upoudu rentoutumisen ja ammattimaisen hoidon maailmaan t\u00e4m\u00e4n ainutlaatuisen teknologian ja tyylin mestariteoksen kanssa. T\u00e4ss\u00e4 syyt, miksi et voi vastustaa:<\/p>\n","protected":false},"featured_media":276,"template":"","meta":[],"product_brand":[],"product_cat":[24,344],"product_tag":[],"class_list":{"0":"post-879","1":"product","2":"type-product","3":"status-publish","4":"has-post-thumbnail","6":"product_cat-ilusalongimoobel","7":"product_cat-kliendivoodid-ja-protseduurilauad","9":"first","10":"instock","11":"sale","12":"taxable","13":"shipping-taxable","14":"purchasable","15":"product-type-simple"},"yoast_head":"<!-- This site is optimized with the Yoast SEO plugin v24.4 - https:\/\/yoast.com\/wordpress\/plugins\/seo\/ -->\n<title>4-moottorinen hoitotuoli ,, Eeva-708,, | Valika<\/title>\n<meta name=\"description\" content=\"Tee kauneushoitolastasi ylellisyyden ja mukavuuden keidas meid\u00e4n upealla kauneuspedill\u00e4mme &quot;Eeva-708&quot;! \ud83c\udf1f\ud83c\udf08 Upoudu rentoutumisen ja ammattimaisen hoidon maailmaan t\u00e4m\u00e4n ainutlaatuisen teknologian ja tyylin mestariteoksen kanssa. T\u00e4ss\u00e4 syyt, miksi et voi vastustaa:\" \/>\n<meta name=\"robots\" content=\"index, follow, max-snippet:-1, max-image-preview:large, max-video-preview:-1\" \/>\n<link rel=\"canonical\" href=\"https:\/\/valika.eu\/fi\/toode\/kosmeetikuvoodi-4-mootoriga-eeva-708\/\" \/>\n<meta property=\"og:locale\" content=\"fi_FI\" \/>\n<meta property=\"og:type\" content=\"article\" \/>\n<meta property=\"og:title\" content=\"4-moottorinen hoitotuoli ,, Eeva-708,, | Valika\" \/>\n<meta property=\"og:description\" content=\"Tee kauneushoitolastasi ylellisyyden ja mukavuuden keidas meid\u00e4n upealla kauneuspedill\u00e4mme &quot;Eeva-708&quot;! \ud83c\udf1f\ud83c\udf08 Upoudu rentoutumisen ja ammattimaisen hoidon maailmaan t\u00e4m\u00e4n ainutlaatuisen teknologian ja tyylin mestariteoksen kanssa. T\u00e4ss\u00e4 syyt, miksi et voi vastustaa:\" \/>\n<meta property=\"og:url\" content=\"https:\/\/valika.eu\/fi\/toode\/kosmeetikuvoodi-4-mootoriga-eeva-708\/\" \/>\n<meta property=\"og:site_name\" content=\"Valika\" \/>\n<meta property=\"article:publisher\" content=\"https:\/\/www.facebook.com\/tipsi.net\" \/>\n<meta property=\"article:modified_time\" content=\"2025-10-27T13:46:59+00:00\" \/>\n<meta property=\"og:image\" content=\"https:\/\/valika.eu\/wp-content\/uploads\/2023\/11\/Kosmeetikulaud_4_mootoriga_roheline.jpg\" \/>\n\t<meta property=\"og:image:width\" content=\"420\" \/>\n\t<meta property=\"og:image:height\" content=\"420\" \/>\n\t<meta property=\"og:image:type\" content=\"image\/jpeg\" \/>\n<meta name=\"twitter:card\" content=\"summary_large_image\" \/>\n<script type=\"application\/ld+json\" class=\"yoast-schema-graph\">{\"@context\":\"https:\/\/schema.org\",\"@graph\":[{\"@type\":\"WebPage\",\"@id\":\"https:\/\/valika.eu\/fi\/toode\/kosmeetikuvoodi-4-mootoriga-eeva-708\/\",\"url\":\"https:\/\/valika.eu\/fi\/toode\/kosmeetikuvoodi-4-mootoriga-eeva-708\/\",\"name\":\"4-moottorinen hoitotuoli ,, Eeva-708,, | Valika\",\"isPartOf\":{\"@id\":\"https:\/\/valika.eu\/fi\/#website\"},\"primaryImageOfPage\":{\"@id\":\"https:\/\/valika.eu\/fi\/toode\/kosmeetikuvoodi-4-mootoriga-eeva-708\/#primaryimage\"},\"image\":{\"@id\":\"https:\/\/valika.eu\/toode\/kosmeetikuvoodi-4-mootoriga-eeva-708\/#primaryimage\"},\"thumbnailUrl\":\"https:\/\/valika.eu\/wp-content\/uploads\/2023\/11\/Kosmeetikulaud_4_mootoriga_roheline.jpg\",\"datePublished\":\"2024-09-24T10:35:40+00:00\",\"dateModified\":\"2025-10-27T13:46:59+00:00\",\"description\":\"Tee kauneushoitolastasi ylellisyyden ja mukavuuden keidas meid\u00e4n upealla kauneuspedill\u00e4mme \\\"Eeva-708\\\"! \ud83c\udf1f\ud83c\udf08 Upoudu rentoutumisen ja ammattimaisen hoidon maailmaan t\u00e4m\u00e4n ainutlaatuisen teknologian ja tyylin mestariteoksen kanssa. T\u00e4ss\u00e4 syyt, miksi et voi vastustaa:\",\"breadcrumb\":{\"@id\":\"https:\/\/valika.eu\/fi\/toode\/kosmeetikuvoodi-4-mootoriga-eeva-708\/#breadcrumb\"},\"inLanguage\":\"fi\",\"potentialAction\":[{\"@type\":\"ReadAction\",\"target\":[[\"https:\/\/valika.eu\/fi\/toode\/kosmeetikuvoodi-4-mootoriga-eeva-708\/\"]]}]},{\"@type\":\"ImageObject\",\"inLanguage\":\"fi\",\"@id\":\"https:\/\/valika.eu\/fi\/toode\/kosmeetikuvoodi-4-mootoriga-eeva-708\/#primaryimage\",\"url\":\"https:\/\/valika.eu\/wp-content\/uploads\/2023\/11\/Kosmeetikulaud_4_mootoriga_roheline.jpg\",\"contentUrl\":\"https:\/\/valika.eu\/wp-content\/uploads\/2023\/11\/Kosmeetikulaud_4_mootoriga_roheline.jpg\",\"width\":420,\"height\":420,\"caption\":\"4 mootoriga kosmeetikulaud\"},{\"@type\":\"BreadcrumbList\",\"@id\":\"https:\/\/valika.eu\/fi\/toode\/kosmeetikuvoodi-4-mootoriga-eeva-708\/#breadcrumb\",\"itemListElement\":[{\"@type\":\"ListItem\",\"position\":1,\"name\":\"Koti\",\"item\":\"https:\/\/valika.eu\/fi\/\"},{\"@type\":\"ListItem\",\"position\":2,\"name\":\"Shop\",\"item\":\"https:\/\/valika.eu\/fi\/\"},{\"@type\":\"ListItem\",\"position\":3,\"name\":\"Kosmeetikuvoodi 4 mootoriga ,,Eeva-708,,\"}]},{\"@type\":\"WebSite\",\"@id\":\"https:\/\/valika.eu\/fi\/#website\",\"url\":\"https:\/\/valika.eu\/fi\/\",\"name\":\"Valika.eu\",\"description\":\"Salonkituotteet ja kauneudenhoitotuotteet - Valika tarjoaa laajan valikoiman tuotteita ja tarvikkeita kynsiteknikoille, kauneushoitoloille, kampaamoille ja kampaamoille.\",\"publisher\":{\"@id\":\"https:\/\/valika.eu\/fi\/#organization\"},\"alternateName\":\"Valika\",\"potentialAction\":[{\"@type\":\"SearchAction\",\"target\":{\"@type\":\"EntryPoint\",\"urlTemplate\":\"https:\/\/valika.eu\/fi\/?s={search_term_string}\"},\"query-input\":{\"@type\":\"PropertyValueSpecification\",\"valueRequired\":true,\"valueName\":\"search_term_string\"}}],\"inLanguage\":\"fi\"},{\"@type\":\"Organization\",\"@id\":\"https:\/\/valika.eu\/fi\/#organization\",\"name\":\"Salongitoode O\u00dc\",\"alternateName\":\"Valika\",\"url\":\"https:\/\/valika.eu\/fi\/\",\"logo\":{\"@type\":\"ImageObject\",\"inLanguage\":\"fi\",\"@id\":\"https:\/\/valika.eu\/fi\/#\/schema\/logo\/image\/\",\"url\":\"https:\/\/valika.eu\/wp-content\/uploads\/2023\/11\/logo2-valika-footer.png\",\"contentUrl\":\"https:\/\/valika.eu\/wp-content\/uploads\/2023\/11\/logo2-valika-footer.png\",\"width\":200,\"height\":129,\"caption\":\"Salongitoode O\u00dc\"},\"image\":{\"@id\":\"https:\/\/valika.eu\/fi\/#\/schema\/logo\/image\/\"},\"sameAs\":[\"https:\/\/www.facebook.com\/tipsi.net\"]}]}<\/script>\n<!-- \/ Yoast SEO plugin. -->","yoast_head_json":{"title":"4-moottorinen hoitotuoli ,, Eeva-708,, | Valika","description":"Tee kauneushoitolastasi ylellisyyden ja mukavuuden keidas meid\u00e4n upealla kauneuspedill\u00e4mme \"Eeva-708\"! \ud83c\udf1f\ud83c\udf08 Upoudu rentoutumisen ja ammattimaisen hoidon maailmaan t\u00e4m\u00e4n ainutlaatuisen teknologian ja tyylin mestariteoksen kanssa. T\u00e4ss\u00e4 syyt, miksi et voi vastustaa:","robots":{"index":"index","follow":"follow","max-snippet":"max-snippet:-1","max-image-preview":"max-image-preview:large","max-video-preview":"max-video-preview:-1"},"canonical":"https:\/\/valika.eu\/fi\/toode\/kosmeetikuvoodi-4-mootoriga-eeva-708\/","og_locale":"fi_FI","og_type":"article","og_title":"4-moottorinen hoitotuoli ,, Eeva-708,, | Valika","og_description":"Tee kauneushoitolastasi ylellisyyden ja mukavuuden keidas meid\u00e4n upealla kauneuspedill\u00e4mme \"Eeva-708\"! \ud83c\udf1f\ud83c\udf08 Upoudu rentoutumisen ja ammattimaisen hoidon maailmaan t\u00e4m\u00e4n ainutlaatuisen teknologian ja tyylin mestariteoksen kanssa. T\u00e4ss\u00e4 syyt, miksi et voi vastustaa:","og_url":"https:\/\/valika.eu\/fi\/toode\/kosmeetikuvoodi-4-mootoriga-eeva-708\/","og_site_name":"Valika","article_publisher":"https:\/\/www.facebook.com\/tipsi.net","article_modified_time":"2025-10-27T13:46:59+00:00","og_image":[{"width":420,"height":420,"url":"https:\/\/valika.eu\/wp-content\/uploads\/2023\/11\/Kosmeetikulaud_4_mootoriga_roheline.jpg","type":"image\/jpeg"}],"twitter_card":"summary_large_image","schema":{"@context":"https:\/\/schema.org","@graph":[{"@type":"WebPage","@id":"https:\/\/valika.eu\/fi\/toode\/kosmeetikuvoodi-4-mootoriga-eeva-708\/","url":"https:\/\/valika.eu\/fi\/toode\/kosmeetikuvoodi-4-mootoriga-eeva-708\/","name":"4-moottorinen hoitotuoli ,, Eeva-708,, | Valika","isPartOf":{"@id":"https:\/\/valika.eu\/fi\/#website"},"primaryImageOfPage":{"@id":"https:\/\/valika.eu\/fi\/toode\/kosmeetikuvoodi-4-mootoriga-eeva-708\/#primaryimage"},"image":{"@id":"https:\/\/valika.eu\/toode\/kosmeetikuvoodi-4-mootoriga-eeva-708\/#primaryimage"},"thumbnailUrl":"https:\/\/valika.eu\/wp-content\/uploads\/2023\/11\/Kosmeetikulaud_4_mootoriga_roheline.jpg","datePublished":"2024-09-24T10:35:40+00:00","dateModified":"2025-10-27T13:46:59+00:00","description":"Tee kauneushoitolastasi ylellisyyden ja mukavuuden keidas meid\u00e4n upealla kauneuspedill\u00e4mme \"Eeva-708\"! \ud83c\udf1f\ud83c\udf08 Upoudu rentoutumisen ja ammattimaisen hoidon maailmaan t\u00e4m\u00e4n ainutlaatuisen teknologian ja tyylin mestariteoksen kanssa. T\u00e4ss\u00e4 syyt, miksi et voi vastustaa:","breadcrumb":{"@id":"https:\/\/valika.eu\/fi\/toode\/kosmeetikuvoodi-4-mootoriga-eeva-708\/#breadcrumb"},"inLanguage":"fi","potentialAction":[{"@type":"ReadAction","target":[["https:\/\/valika.eu\/fi\/toode\/kosmeetikuvoodi-4-mootoriga-eeva-708\/"]]}]},{"@type":"ImageObject","inLanguage":"fi","@id":"https:\/\/valika.eu\/fi\/toode\/kosmeetikuvoodi-4-mootoriga-eeva-708\/#primaryimage","url":"https:\/\/valika.eu\/wp-content\/uploads\/2023\/11\/Kosmeetikulaud_4_mootoriga_roheline.jpg","contentUrl":"https:\/\/valika.eu\/wp-content\/uploads\/2023\/11\/Kosmeetikulaud_4_mootoriga_roheline.jpg","width":420,"height":420,"caption":"4 mootoriga kosmeetikulaud"},{"@type":"BreadcrumbList","@id":"https:\/\/valika.eu\/fi\/toode\/kosmeetikuvoodi-4-mootoriga-eeva-708\/#breadcrumb","itemListElement":[{"@type":"ListItem","position":1,"name":"Koti","item":"https:\/\/valika.eu\/fi\/"},{"@type":"ListItem","position":2,"name":"Shop","item":"https:\/\/valika.eu\/fi\/"},{"@type":"ListItem","position":3,"name":"Kosmeetikuvoodi 4 mootoriga ,,Eeva-708,,"}]},{"@type":"WebSite","@id":"https:\/\/valika.eu\/fi\/#website","url":"https:\/\/valika.eu\/fi\/","name":"Valika.eu","description":"Salonkituotteet ja kauneudenhoitotuotteet - Valika tarjoaa laajan valikoiman tuotteita ja tarvikkeita kynsiteknikoille, kauneushoitoloille, kampaamoille ja kampaamoille.","publisher":{"@id":"https:\/\/valika.eu\/fi\/#organization"},"alternateName":"Valika","potentialAction":[{"@type":"SearchAction","target":{"@type":"EntryPoint","urlTemplate":"https:\/\/valika.eu\/fi\/?s={search_term_string}"},"query-input":{"@type":"PropertyValueSpecification","valueRequired":true,"valueName":"search_term_string"}}],"inLanguage":"fi"},{"@type":"Organization","@id":"https:\/\/valika.eu\/fi\/#organization","name":"Salongitoode O\u00dc","alternateName":"Valika","url":"https:\/\/valika.eu\/fi\/","logo":{"@type":"ImageObject","inLanguage":"fi","@id":"https:\/\/valika.eu\/fi\/#\/schema\/logo\/image\/","url":"https:\/\/valika.eu\/wp-content\/uploads\/2023\/11\/logo2-valika-footer.png","contentUrl":"https:\/\/valika.eu\/wp-content\/uploads\/2023\/11\/logo2-valika-footer.png","width":200,"height":129,"caption":"Salongitoode O\u00dc"},"image":{"@id":"https:\/\/valika.eu\/fi\/#\/schema\/logo\/image\/"},"sameAs":["https:\/\/www.facebook.com\/tipsi.net"]}]}},"jetpack_sharing_enabled":true,"_links":{"self":[{"href":"https:\/\/valika.eu\/fi\/wp-json\/wp\/v2\/product\/879","targetHints":{"allow":["GET"]}}],"collection":[{"href":"https:\/\/valika.eu\/fi\/wp-json\/wp\/v2\/product"}],"about":[{"href":"https:\/\/valika.eu\/fi\/wp-json\/wp\/v2\/types\/product"}],"wp:featuredmedia":[{"embeddable":true,"href":"https:\/\/valika.eu\/fi\/wp-json\/wp\/v2\/media\/276"}],"wp:attachment":[{"href":"https:\/\/valika.eu\/fi\/wp-json\/wp\/v2\/media?parent=879"}],"wp:term":[{"taxonomy":"product_brand","embeddable":true,"href":"https:\/\/valika.eu\/fi\/wp-json\/wp\/v2\/product_brand?post=879"},{"taxonomy":"product_cat","embeddable":true,"href":"https:\/\/valika.eu\/fi\/wp-json\/wp\/v2\/product_cat?post=879"},{"taxonomy":"product_tag","embeddable":true,"href":"https:\/\/valika.eu\/fi\/wp-json\/wp\/v2\/product_tag?post=879"}],"curies":[{"name":"wp","href":"https:\/\/api.w.org\/{rel}","templated":true}]}}