{"id":882,"date":"2024-09-24T13:35:42","date_gmt":"2024-09-24T10:35:42","guid":{"rendered":"https:\/\/valika.eu\/?post_type=product&#038;p=882"},"modified":"2026-04-06T12:55:05","modified_gmt":"2026-04-06T09:55:05","slug":"pedikuuritool-universaalne","status":"publish","type":"product","link":"https:\/\/valika.eu\/fi\/toode\/pedikuuritool-universaalne\/","title":{"rendered":"Hoitotuoli universaali"},"content":{"rendered":"<p>T\u00e4m\u00e4 pedikyyrituolimalli on universaali ja antaa sinun suorittaa erilaisia \u200b\u200btoimenpiteit\u00e4,<\/p>\n<p>luovat kosmetologille mukavat ty\u00f6skentelyolosuhteet ja tarjoavat mukavuutta my\u00f6s asiakkaalle.<\/p>\n<p>Pehme\u00e4t elementit on valmistettu tihe\u00e4st\u00e4 polyuretaanivaahdosta, jonka ansiosta tuoli s\u00e4ilytt\u00e4\u00e4 muotonsa ja alkuper\u00e4isen ulkon\u00e4k\u00f6ns\u00e4 pitk\u00e4\u00e4n.<\/p>\n<p>Tuote on varustettu luotettavilla s\u00e4\u00e4t\u00f6mekanismeilla ja siin\u00e4 on laadukas ja miellytt\u00e4v\u00e4n tuntuinen ekonahkap\u00e4\u00e4llinen.<\/p>\n<p>T\u00e4ss\u00e4 tuolimallissa on seuraavat rakentavat ominaisuudet:<\/p>\n<p>Kiinte\u00e4korkuinen runko.<\/p>\n<p>Takaosan s\u00e4\u00e4t\u00f6 tapahtuu manuaalisesti kaasuiskunvaimentimella<\/p>\n<p>Jalkatuki on manuaalisesti s\u00e4\u00e4detty.<\/p>\n<p>Istuimen kulmaa s\u00e4\u00e4det\u00e4\u00e4n manuaalisesti kaasuiskunvaimentimella<\/p>\n<p>Niskatuki ja kantap\u00e4\u00e4tuki ovat irrotettavissa ja tarvittaessa s\u00e4\u00e4dett\u00e4viss\u00e4.<\/p>\n<p>Asiakkaan jalkojen maksimikorkeus lattiasta on noin 90 cm<\/p>\n<p>Helppok\u00e4ytt\u00f6inen<\/p>\n<p>Materiaali: eko-nahka<\/p>\n<p>V\u00e4ri valkoinen<\/p>\n<p>K\u00e4ytt\u00f6: pedikyyri ja perushoito<\/p>\n<p>Tuotteen koko: 188*80*75cm<\/p>\n<p>Pakkauksen mitat: 169*29*68 cm<\/p>\n<p>Nettopaino: 49 kg<\/p>\n<p>T\u00e4ysi paino: 55 kg<\/p>\n<p>Kantavuus: 120 kg<\/p>\n<p>Pakkaus: 1kpl\/laatikko<\/p>\n<p>12kk takuu<\/p>\n<p><img loading=\"lazy\" decoding=\"async\" class=\"alignnone size-medium wp-image-279\" src=\"https:\/\/valika.eu\/wp-content\/uploads\/2023\/11\/pedikuuritoool_lihtne.png2_-300x300.png\" alt=\"\" width=\"300\" height=\"300\" srcset=\"https:\/\/valika.eu\/wp-content\/uploads\/2023\/11\/pedikuuritoool_lihtne.png2_-300x300.png 300w, https:\/\/valika.eu\/wp-content\/uploads\/2023\/11\/pedikuuritoool_lihtne.png2_-600x600.png 600w, https:\/\/valika.eu\/wp-content\/uploads\/2023\/11\/pedikuuritoool_lihtne.png2_-150x150.png 150w, https:\/\/valika.eu\/wp-content\/uploads\/2023\/11\/pedikuuritoool_lihtne.png2_.png 743w\" sizes=\"auto, (max-width: 300px) 100vw, 300px\" \/><img loading=\"lazy\" decoding=\"async\" class=\"alignnone size-medium wp-image-280\" src=\"https:\/\/valika.eu\/wp-content\/uploads\/2023\/11\/pedikuuritoool_lihtne-1-298x300.png\" alt=\"\" width=\"298\" height=\"300\" srcset=\"https:\/\/valika.eu\/wp-content\/uploads\/2023\/11\/pedikuuritoool_lihtne-1-298x300.png 298w, https:\/\/valika.eu\/wp-content\/uploads\/2023\/11\/pedikuuritoool_lihtne-1-150x150.png 150w, https:\/\/valika.eu\/wp-content\/uploads\/2023\/11\/pedikuuritoool_lihtne-1.png 737w\" sizes=\"auto, (max-width: 298px) 100vw, 298px\" \/><\/p>","protected":false},"excerpt":{"rendered":"<p>Pehme\u00e4t elementit on valmistettu tihe\u00e4st\u00e4 polyuretaanivaahdosta, jonka ansiosta tuoli s\u00e4ilytt\u00e4\u00e4 muotonsa ja alkuper\u00e4isen ulkon\u00e4k\u00f6ns\u00e4 pitk\u00e4\u00e4n.<\/p>\n","protected":false},"featured_media":279,"template":"","meta":[],"product_brand":[],"product_cat":[24,344],"product_tag":[],"class_list":{"0":"post-882","1":"product","2":"type-product","3":"status-publish","4":"has-post-thumbnail","6":"product_cat-ilusalongimoobel","7":"product_cat-kliendivoodid-ja-protseduurilauad","9":"first","10":"instock","11":"sale","12":"taxable","13":"shipping-taxable","14":"purchasable","15":"product-type-simple"},"yoast_head":"<!-- This site is optimized with the Yoast SEO plugin v24.4 - https:\/\/yoast.com\/wordpress\/plugins\/seo\/ -->\n<title>Hoitotuoli universaali | Valika<\/title>\n<meta name=\"description\" content=\"Pedihoitotuoli, on suunniteltu ammattimaiseen jalkahoidon tekemiseen sek\u00e4 kosmetologisiin, l\u00e4\u00e4ketieteellisiin toimenpiteisiin ja meikkiin. Tuolin ter\u00e4ksinen pohja mahdollistaa enimm\u00e4iskuorman jopa 120 kg. Tuoli voidaan taittaa vaakasuoraan asentoon, k\u00e4sinojia voidaan laskea, ja kaksoisniskatukea voidaan s\u00e4\u00e4t\u00e4\u00e4 ja tarvittaessa poistaa.\" \/>\n<meta name=\"robots\" content=\"index, follow, max-snippet:-1, max-image-preview:large, max-video-preview:-1\" \/>\n<link rel=\"canonical\" href=\"https:\/\/valika.eu\/fi\/toode\/pedikuuritool-universaalne\/\" \/>\n<meta property=\"og:locale\" content=\"fi_FI\" \/>\n<meta property=\"og:type\" content=\"article\" \/>\n<meta property=\"og:title\" content=\"Hoitotuoli universaali | Valika\" \/>\n<meta property=\"og:description\" content=\"Pedihoitotuoli, on suunniteltu ammattimaiseen jalkahoidon tekemiseen sek\u00e4 kosmetologisiin, l\u00e4\u00e4ketieteellisiin toimenpiteisiin ja meikkiin. Tuolin ter\u00e4ksinen pohja mahdollistaa enimm\u00e4iskuorman jopa 120 kg. Tuoli voidaan taittaa vaakasuoraan asentoon, k\u00e4sinojia voidaan laskea, ja kaksoisniskatukea voidaan s\u00e4\u00e4t\u00e4\u00e4 ja tarvittaessa poistaa.\" \/>\n<meta property=\"og:url\" content=\"https:\/\/valika.eu\/fi\/toode\/pedikuuritool-universaalne\/\" \/>\n<meta property=\"og:site_name\" content=\"Valika\" \/>\n<meta property=\"article:publisher\" content=\"https:\/\/www.facebook.com\/tipsi.net\" \/>\n<meta property=\"article:modified_time\" content=\"2026-04-06T09:55:05+00:00\" \/>\n<meta property=\"og:image\" content=\"https:\/\/valika.eu\/wp-content\/uploads\/2023\/11\/pedikuuritoool_lihtne.png2_.png\" \/>\n\t<meta property=\"og:image:width\" content=\"743\" \/>\n\t<meta property=\"og:image:height\" content=\"742\" \/>\n\t<meta property=\"og:image:type\" content=\"image\/png\" \/>\n<meta name=\"twitter:card\" content=\"summary_large_image\" \/>\n<script type=\"application\/ld+json\" class=\"yoast-schema-graph\">{\"@context\":\"https:\/\/schema.org\",\"@graph\":[{\"@type\":\"WebPage\",\"@id\":\"https:\/\/valika.eu\/fi\/toode\/pedikuuritool-universaalne\/\",\"url\":\"https:\/\/valika.eu\/fi\/toode\/pedikuuritool-universaalne\/\",\"name\":\"Hoitotuoli universaali | Valika\",\"isPartOf\":{\"@id\":\"https:\/\/valika.eu\/fi\/#website\"},\"primaryImageOfPage\":{\"@id\":\"https:\/\/valika.eu\/fi\/toode\/pedikuuritool-universaalne\/#primaryimage\"},\"image\":{\"@id\":\"https:\/\/valika.eu\/toode\/pedikuuritool-universaalne\/#primaryimage\"},\"thumbnailUrl\":\"https:\/\/valika.eu\/wp-content\/uploads\/2023\/11\/pedikuuritoool_lihtne.png2_.png\",\"datePublished\":\"2024-09-24T10:35:42+00:00\",\"dateModified\":\"2026-04-06T09:55:05+00:00\",\"description\":\"Pedihoitotuoli, on suunniteltu ammattimaiseen jalkahoidon tekemiseen sek\u00e4 kosmetologisiin, l\u00e4\u00e4ketieteellisiin toimenpiteisiin ja meikkiin. Tuolin ter\u00e4ksinen pohja mahdollistaa enimm\u00e4iskuorman jopa 120 kg. Tuoli voidaan taittaa vaakasuoraan asentoon, k\u00e4sinojia voidaan laskea, ja kaksoisniskatukea voidaan s\u00e4\u00e4t\u00e4\u00e4 ja tarvittaessa poistaa.\",\"breadcrumb\":{\"@id\":\"https:\/\/valika.eu\/fi\/toode\/pedikuuritool-universaalne\/#breadcrumb\"},\"inLanguage\":\"fi\",\"potentialAction\":[{\"@type\":\"ReadAction\",\"target\":[[\"https:\/\/valika.eu\/fi\/toode\/pedikuuritool-universaalne\/\"]]}]},{\"@type\":\"ImageObject\",\"inLanguage\":\"fi\",\"@id\":\"https:\/\/valika.eu\/fi\/toode\/pedikuuritool-universaalne\/#primaryimage\",\"url\":\"https:\/\/valika.eu\/wp-content\/uploads\/2023\/11\/pedikuuritoool_lihtne.png2_.png\",\"contentUrl\":\"https:\/\/valika.eu\/wp-content\/uploads\/2023\/11\/pedikuuritoool_lihtne.png2_.png\",\"width\":743,\"height\":742},{\"@type\":\"BreadcrumbList\",\"@id\":\"https:\/\/valika.eu\/fi\/toode\/pedikuuritool-universaalne\/#breadcrumb\",\"itemListElement\":[{\"@type\":\"ListItem\",\"position\":1,\"name\":\"Koti\",\"item\":\"https:\/\/valika.eu\/fi\/\"},{\"@type\":\"ListItem\",\"position\":2,\"name\":\"Shop\",\"item\":\"https:\/\/valika.eu\/fi\/\"},{\"@type\":\"ListItem\",\"position\":3,\"name\":\"Pedicure chair general use\"}]},{\"@type\":\"WebSite\",\"@id\":\"https:\/\/valika.eu\/fi\/#website\",\"url\":\"https:\/\/valika.eu\/fi\/\",\"name\":\"Valika.eu\",\"description\":\"Salonkituotteet ja kauneudenhoitotuotteet - Valika tarjoaa laajan valikoiman tuotteita ja tarvikkeita kynsiteknikoille, kauneushoitoloille, kampaamoille ja kampaamoille.\",\"publisher\":{\"@id\":\"https:\/\/valika.eu\/fi\/#organization\"},\"alternateName\":\"Valika\",\"potentialAction\":[{\"@type\":\"SearchAction\",\"target\":{\"@type\":\"EntryPoint\",\"urlTemplate\":\"https:\/\/valika.eu\/fi\/?s={search_term_string}\"},\"query-input\":{\"@type\":\"PropertyValueSpecification\",\"valueRequired\":true,\"valueName\":\"search_term_string\"}}],\"inLanguage\":\"fi\"},{\"@type\":\"Organization\",\"@id\":\"https:\/\/valika.eu\/fi\/#organization\",\"name\":\"Salongitoode O\u00dc\",\"alternateName\":\"Valika\",\"url\":\"https:\/\/valika.eu\/fi\/\",\"logo\":{\"@type\":\"ImageObject\",\"inLanguage\":\"fi\",\"@id\":\"https:\/\/valika.eu\/fi\/#\/schema\/logo\/image\/\",\"url\":\"https:\/\/valika.eu\/wp-content\/uploads\/2023\/11\/logo2-valika-footer.png\",\"contentUrl\":\"https:\/\/valika.eu\/wp-content\/uploads\/2023\/11\/logo2-valika-footer.png\",\"width\":200,\"height\":129,\"caption\":\"Salongitoode O\u00dc\"},\"image\":{\"@id\":\"https:\/\/valika.eu\/fi\/#\/schema\/logo\/image\/\"},\"sameAs\":[\"https:\/\/www.facebook.com\/tipsi.net\"]}]}<\/script>\n<!-- \/ Yoast SEO plugin. -->","yoast_head_json":{"title":"Hoitotuoli universaali | Valika","description":"Pedihoitotuoli, on suunniteltu ammattimaiseen jalkahoidon tekemiseen sek\u00e4 kosmetologisiin, l\u00e4\u00e4ketieteellisiin toimenpiteisiin ja meikkiin. Tuolin ter\u00e4ksinen pohja mahdollistaa enimm\u00e4iskuorman jopa 120 kg. Tuoli voidaan taittaa vaakasuoraan asentoon, k\u00e4sinojia voidaan laskea, ja kaksoisniskatukea voidaan s\u00e4\u00e4t\u00e4\u00e4 ja tarvittaessa poistaa.","robots":{"index":"index","follow":"follow","max-snippet":"max-snippet:-1","max-image-preview":"max-image-preview:large","max-video-preview":"max-video-preview:-1"},"canonical":"https:\/\/valika.eu\/fi\/toode\/pedikuuritool-universaalne\/","og_locale":"fi_FI","og_type":"article","og_title":"Hoitotuoli universaali | Valika","og_description":"Pedihoitotuoli, on suunniteltu ammattimaiseen jalkahoidon tekemiseen sek\u00e4 kosmetologisiin, l\u00e4\u00e4ketieteellisiin toimenpiteisiin ja meikkiin. Tuolin ter\u00e4ksinen pohja mahdollistaa enimm\u00e4iskuorman jopa 120 kg. Tuoli voidaan taittaa vaakasuoraan asentoon, k\u00e4sinojia voidaan laskea, ja kaksoisniskatukea voidaan s\u00e4\u00e4t\u00e4\u00e4 ja tarvittaessa poistaa.","og_url":"https:\/\/valika.eu\/fi\/toode\/pedikuuritool-universaalne\/","og_site_name":"Valika","article_publisher":"https:\/\/www.facebook.com\/tipsi.net","article_modified_time":"2026-04-06T09:55:05+00:00","og_image":[{"width":743,"height":742,"url":"https:\/\/valika.eu\/wp-content\/uploads\/2023\/11\/pedikuuritoool_lihtne.png2_.png","type":"image\/png"}],"twitter_card":"summary_large_image","schema":{"@context":"https:\/\/schema.org","@graph":[{"@type":"WebPage","@id":"https:\/\/valika.eu\/fi\/toode\/pedikuuritool-universaalne\/","url":"https:\/\/valika.eu\/fi\/toode\/pedikuuritool-universaalne\/","name":"Hoitotuoli universaali | Valika","isPartOf":{"@id":"https:\/\/valika.eu\/fi\/#website"},"primaryImageOfPage":{"@id":"https:\/\/valika.eu\/fi\/toode\/pedikuuritool-universaalne\/#primaryimage"},"image":{"@id":"https:\/\/valika.eu\/toode\/pedikuuritool-universaalne\/#primaryimage"},"thumbnailUrl":"https:\/\/valika.eu\/wp-content\/uploads\/2023\/11\/pedikuuritoool_lihtne.png2_.png","datePublished":"2024-09-24T10:35:42+00:00","dateModified":"2026-04-06T09:55:05+00:00","description":"Pedihoitotuoli, on suunniteltu ammattimaiseen jalkahoidon tekemiseen sek\u00e4 kosmetologisiin, l\u00e4\u00e4ketieteellisiin toimenpiteisiin ja meikkiin. Tuolin ter\u00e4ksinen pohja mahdollistaa enimm\u00e4iskuorman jopa 120 kg. Tuoli voidaan taittaa vaakasuoraan asentoon, k\u00e4sinojia voidaan laskea, ja kaksoisniskatukea voidaan s\u00e4\u00e4t\u00e4\u00e4 ja tarvittaessa poistaa.","breadcrumb":{"@id":"https:\/\/valika.eu\/fi\/toode\/pedikuuritool-universaalne\/#breadcrumb"},"inLanguage":"fi","potentialAction":[{"@type":"ReadAction","target":[["https:\/\/valika.eu\/fi\/toode\/pedikuuritool-universaalne\/"]]}]},{"@type":"ImageObject","inLanguage":"fi","@id":"https:\/\/valika.eu\/fi\/toode\/pedikuuritool-universaalne\/#primaryimage","url":"https:\/\/valika.eu\/wp-content\/uploads\/2023\/11\/pedikuuritoool_lihtne.png2_.png","contentUrl":"https:\/\/valika.eu\/wp-content\/uploads\/2023\/11\/pedikuuritoool_lihtne.png2_.png","width":743,"height":742},{"@type":"BreadcrumbList","@id":"https:\/\/valika.eu\/fi\/toode\/pedikuuritool-universaalne\/#breadcrumb","itemListElement":[{"@type":"ListItem","position":1,"name":"Koti","item":"https:\/\/valika.eu\/fi\/"},{"@type":"ListItem","position":2,"name":"Shop","item":"https:\/\/valika.eu\/fi\/"},{"@type":"ListItem","position":3,"name":"Pedicure chair general use"}]},{"@type":"WebSite","@id":"https:\/\/valika.eu\/fi\/#website","url":"https:\/\/valika.eu\/fi\/","name":"Valika.eu","description":"Salonkituotteet ja kauneudenhoitotuotteet - Valika tarjoaa laajan valikoiman tuotteita ja tarvikkeita kynsiteknikoille, kauneushoitoloille, kampaamoille ja kampaamoille.","publisher":{"@id":"https:\/\/valika.eu\/fi\/#organization"},"alternateName":"Valika","potentialAction":[{"@type":"SearchAction","target":{"@type":"EntryPoint","urlTemplate":"https:\/\/valika.eu\/fi\/?s={search_term_string}"},"query-input":{"@type":"PropertyValueSpecification","valueRequired":true,"valueName":"search_term_string"}}],"inLanguage":"fi"},{"@type":"Organization","@id":"https:\/\/valika.eu\/fi\/#organization","name":"Salongitoode O\u00dc","alternateName":"Valika","url":"https:\/\/valika.eu\/fi\/","logo":{"@type":"ImageObject","inLanguage":"fi","@id":"https:\/\/valika.eu\/fi\/#\/schema\/logo\/image\/","url":"https:\/\/valika.eu\/wp-content\/uploads\/2023\/11\/logo2-valika-footer.png","contentUrl":"https:\/\/valika.eu\/wp-content\/uploads\/2023\/11\/logo2-valika-footer.png","width":200,"height":129,"caption":"Salongitoode O\u00dc"},"image":{"@id":"https:\/\/valika.eu\/fi\/#\/schema\/logo\/image\/"},"sameAs":["https:\/\/www.facebook.com\/tipsi.net"]}]}},"jetpack_sharing_enabled":true,"_links":{"self":[{"href":"https:\/\/valika.eu\/fi\/wp-json\/wp\/v2\/product\/882","targetHints":{"allow":["GET"]}}],"collection":[{"href":"https:\/\/valika.eu\/fi\/wp-json\/wp\/v2\/product"}],"about":[{"href":"https:\/\/valika.eu\/fi\/wp-json\/wp\/v2\/types\/product"}],"wp:featuredmedia":[{"embeddable":true,"href":"https:\/\/valika.eu\/fi\/wp-json\/wp\/v2\/media\/279"}],"wp:attachment":[{"href":"https:\/\/valika.eu\/fi\/wp-json\/wp\/v2\/media?parent=882"}],"wp:term":[{"taxonomy":"product_brand","embeddable":true,"href":"https:\/\/valika.eu\/fi\/wp-json\/wp\/v2\/product_brand?post=882"},{"taxonomy":"product_cat","embeddable":true,"href":"https:\/\/valika.eu\/fi\/wp-json\/wp\/v2\/product_cat?post=882"},{"taxonomy":"product_tag","embeddable":true,"href":"https:\/\/valika.eu\/fi\/wp-json\/wp\/v2\/product_tag?post=882"}],"curies":[{"name":"wp","href":"https:\/\/api.w.org\/{rel}","templated":true}]}}