{"id":883,"date":"2024-09-24T13:35:43","date_gmt":"2024-09-24T10:35:43","guid":{"rendered":"https:\/\/valika.eu\/?post_type=product&#038;p=883"},"modified":"2025-10-27T15:46:58","modified_gmt":"2025-10-27T13:46:58","slug":"ripsmepikenduste-laud-universaalne-kliendivoodi-valge-ivette","status":"publish","type":"product","link":"https:\/\/valika.eu\/fi\/toode\/ripsmepikenduste-laud-universaalne-kliendivoodi-valge-ivette\/","title":{"rendered":"Ripsienpidennystuoli universaali huoltotuoli ,, Ivette,,"},"content":{"rendered":"<p>Ivette-tuoli on vain mukavuutta ja mukavuutta kosmeettisten toimenpiteiden aikana. N\u00e4m\u00e4 ovat t\u00e4rkeimm\u00e4t ominaisuudet, jotka m\u00e4\u00e4ritt\u00e4v\u00e4t tyytyv\u00e4isyyden niin stylistien kuin asiakkaidenkin n\u00e4k\u00f6kulmasta. T\u00e4ydellinen ripsienpidennystuoli, joka t\u00e4ytt\u00e4\u00e4 kaikki odotukset, on ehdottoman v\u00e4ltt\u00e4m\u00e4t\u00f6nt\u00e4.<\/p>\n<p>Tuolissa on manuaalinen jalkatuen, selk\u00e4nojan ja k\u00e4sinojan s\u00e4\u00e4t\u00f6 toimenpiteen suorittajalle. K\u00e4mmentuki on eritt\u00e4in k\u00e4yt\u00e4nn\u00f6llinen ratkaisu, jota ei l\u00f6ydy muista tuoleista. Varustettu mukavalla tyynyll\u00e4 asiakkaalle ja k\u00e4tevill\u00e4 tarjottimilla tarvittavien tarvikkeiden sijoittamiseen.<\/p>\n<p>Manuaalinen asennon s\u00e4\u00e4t\u00f6: selk\u00e4noja, jalkatuki<\/p>\n<p>Materiaali: synteettinen nahka<\/p>\n<p>Nahka: PU\/PVC<\/p>\n<p>V\u00e4ri: valkoinen<\/p>\n<p>K\u00e4ytt\u00f6kohde: kasvojenhoito<\/p>\n<p>Tuotteen koko: 185*84*77cm<\/p>\n<p>Pakkauksen mitat: 116*46*65 cm<\/p>\n<p>Nettopaino: 38 kg<\/p>\n<p>Kokonaispaino: 42 kg<\/p>\n<p>Kantavuus: 120 kg<\/p>\n<p><img loading=\"lazy\" decoding=\"async\" class=\"alignnone size-medium wp-image-283\" src=\"https:\/\/valika.eu\/wp-content\/uploads\/2023\/11\/Kosmeetiku_laud_universaalne-300x300.png\" alt=\"\" width=\"300\" height=\"300\" srcset=\"https:\/\/valika.eu\/wp-content\/uploads\/2023\/11\/Kosmeetiku_laud_universaalne-300x300.png 300w, https:\/\/valika.eu\/wp-content\/uploads\/2023\/11\/Kosmeetiku_laud_universaalne-600x600.png 600w, https:\/\/valika.eu\/wp-content\/uploads\/2023\/11\/Kosmeetiku_laud_universaalne-150x150.png 150w, https:\/\/valika.eu\/wp-content\/uploads\/2023\/11\/Kosmeetiku_laud_universaalne.png 742w\" sizes=\"auto, (max-width: 300px) 100vw, 300px\" \/><img loading=\"lazy\" decoding=\"async\" class=\"alignnone size-medium wp-image-287\" src=\"https:\/\/valika.eu\/wp-content\/uploads\/2023\/11\/Kosmeetiku_laud_universaalne5-300x300.jpg\" alt=\"\" width=\"300\" height=\"300\" srcset=\"https:\/\/valika.eu\/wp-content\/uploads\/2023\/11\/Kosmeetiku_laud_universaalne5-300x300.jpg 300w, https:\/\/valika.eu\/wp-content\/uploads\/2023\/11\/Kosmeetiku_laud_universaalne5-600x600.jpg 600w, https:\/\/valika.eu\/wp-content\/uploads\/2023\/11\/Kosmeetiku_laud_universaalne5-150x150.jpg 150w, https:\/\/valika.eu\/wp-content\/uploads\/2023\/11\/Kosmeetiku_laud_universaalne5-768x768.jpg 768w, https:\/\/valika.eu\/wp-content\/uploads\/2023\/11\/Kosmeetiku_laud_universaalne5.jpg 800w\" sizes=\"auto, (max-width: 300px) 100vw, 300px\" \/><img loading=\"lazy\" decoding=\"async\" class=\"alignnone size-medium wp-image-284\" src=\"https:\/\/valika.eu\/wp-content\/uploads\/2023\/11\/Kosmeetiku_laud_universaalne2-300x300.png\" alt=\"\" width=\"300\" height=\"300\" srcset=\"https:\/\/valika.eu\/wp-content\/uploads\/2023\/11\/Kosmeetiku_laud_universaalne2-300x300.png 300w, https:\/\/valika.eu\/wp-content\/uploads\/2023\/11\/Kosmeetiku_laud_universaalne2-600x600.png 600w, https:\/\/valika.eu\/wp-content\/uploads\/2023\/11\/Kosmeetiku_laud_universaalne2-150x150.png 150w, https:\/\/valika.eu\/wp-content\/uploads\/2023\/11\/Kosmeetiku_laud_universaalne2.png 740w\" sizes=\"auto, (max-width: 300px) 100vw, 300px\" \/><img loading=\"lazy\" decoding=\"async\" class=\"alignnone size-medium wp-image-285\" src=\"https:\/\/valika.eu\/wp-content\/uploads\/2023\/11\/Kosmeetiku_laud_universaalne3-300x222.png\" alt=\"\" width=\"300\" height=\"222\" srcset=\"https:\/\/valika.eu\/wp-content\/uploads\/2023\/11\/Kosmeetiku_laud_universaalne3-300x222.png 300w, https:\/\/valika.eu\/wp-content\/uploads\/2023\/11\/Kosmeetiku_laud_universaalne3-150x111.png 150w, https:\/\/valika.eu\/wp-content\/uploads\/2023\/11\/Kosmeetiku_laud_universaalne3.png 740w\" sizes=\"auto, (max-width: 300px) 100vw, 300px\" \/><\/p>","protected":false},"excerpt":{"rendered":"<p>T\u00e4ydellinen ripsienpidennystuoli, joka t\u00e4ytt\u00e4\u00e4 kaikki odotukset, on ehdottoman v\u00e4ltt\u00e4m\u00e4t\u00f6nt\u00e4.<\/p>\n<p>Tuolissa on manuaalinen jalkatuen, selk\u00e4nojan ja k\u00e4sinojan s\u00e4\u00e4t\u00f6 toimenpiteen suorittajalle. K\u00e4mmentuki on eritt\u00e4in k\u00e4yt\u00e4nn\u00f6llinen ratkaisu, jota ei l\u00f6ydy muista tuoleista.<\/p>\n","protected":false},"featured_media":286,"template":"","meta":[],"product_brand":[],"product_cat":[24,344],"product_tag":[],"class_list":{"0":"post-883","1":"product","2":"type-product","3":"status-publish","4":"has-post-thumbnail","6":"product_cat-ilusalongimoobel","7":"product_cat-kliendivoodid-ja-protseduurilauad","9":"first","10":"instock","11":"sale","12":"taxable","13":"shipping-taxable","14":"purchasable","15":"product-type-simple"},"yoast_head":"<!-- This site is optimized with the Yoast SEO plugin v24.4 - https:\/\/yoast.com\/wordpress\/plugins\/seo\/ -->\n<title>Ripsienpidennystuoli universaali huoltotuoli ,, Ivette,, | Valika<\/title>\n<meta name=\"description\" content=\"T\u00e4ydellinen ripsienpidennystuoli, joka t\u00e4ytt\u00e4\u00e4 kaikki odotukset, on ehdottoman v\u00e4ltt\u00e4m\u00e4t\u00f6nt\u00e4.Tuolissa on manuaalinen jalkatuen, selk\u00e4nojan ja k\u00e4sinojan s\u00e4\u00e4t\u00f6 toimenpiteen suorittajalle. K\u00e4mmentuki on eritt\u00e4in k\u00e4yt\u00e4nn\u00f6llinen ratkaisu, jota ei l\u00f6ydy muista tuoleista.\" \/>\n<meta name=\"robots\" content=\"index, follow, max-snippet:-1, max-image-preview:large, max-video-preview:-1\" \/>\n<link rel=\"canonical\" href=\"https:\/\/valika.eu\/fi\/toode\/ripsmepikenduste-laud-universaalne-kliendivoodi-valge-ivette\/\" \/>\n<meta property=\"og:locale\" content=\"fi_FI\" \/>\n<meta property=\"og:type\" content=\"article\" \/>\n<meta property=\"og:title\" content=\"Ripsienpidennystuoli universaali huoltotuoli ,, Ivette,, | Valika\" \/>\n<meta property=\"og:description\" content=\"T\u00e4ydellinen ripsienpidennystuoli, joka t\u00e4ytt\u00e4\u00e4 kaikki odotukset, on ehdottoman v\u00e4ltt\u00e4m\u00e4t\u00f6nt\u00e4.Tuolissa on manuaalinen jalkatuen, selk\u00e4nojan ja k\u00e4sinojan s\u00e4\u00e4t\u00f6 toimenpiteen suorittajalle. K\u00e4mmentuki on eritt\u00e4in k\u00e4yt\u00e4nn\u00f6llinen ratkaisu, jota ei l\u00f6ydy muista tuoleista.\" \/>\n<meta property=\"og:url\" content=\"https:\/\/valika.eu\/fi\/toode\/ripsmepikenduste-laud-universaalne-kliendivoodi-valge-ivette\/\" \/>\n<meta property=\"og:site_name\" content=\"Valika\" \/>\n<meta property=\"article:publisher\" content=\"https:\/\/www.facebook.com\/tipsi.net\" \/>\n<meta property=\"article:modified_time\" content=\"2025-10-27T13:46:58+00:00\" \/>\n<meta property=\"og:image\" content=\"https:\/\/valika.eu\/wp-content\/uploads\/2023\/11\/Kosmeetiku_laud_universaalne4.jpg\" \/>\n\t<meta property=\"og:image:width\" content=\"800\" \/>\n\t<meta property=\"og:image:height\" content=\"800\" \/>\n\t<meta property=\"og:image:type\" content=\"image\/jpeg\" \/>\n<meta name=\"twitter:card\" content=\"summary_large_image\" \/>\n<script type=\"application\/ld+json\" class=\"yoast-schema-graph\">{\"@context\":\"https:\/\/schema.org\",\"@graph\":[{\"@type\":\"WebPage\",\"@id\":\"https:\/\/valika.eu\/fi\/toode\/ripsmepikenduste-laud-universaalne-kliendivoodi-valge-ivette\/\",\"url\":\"https:\/\/valika.eu\/fi\/toode\/ripsmepikenduste-laud-universaalne-kliendivoodi-valge-ivette\/\",\"name\":\"Ripsienpidennystuoli universaali huoltotuoli ,, Ivette,, | Valika\",\"isPartOf\":{\"@id\":\"https:\/\/valika.eu\/fi\/#website\"},\"primaryImageOfPage\":{\"@id\":\"https:\/\/valika.eu\/fi\/toode\/ripsmepikenduste-laud-universaalne-kliendivoodi-valge-ivette\/#primaryimage\"},\"image\":{\"@id\":\"https:\/\/valika.eu\/toode\/ripsmepikenduste-laud-universaalne-kliendivoodi-valge-ivette\/#primaryimage\"},\"thumbnailUrl\":\"https:\/\/valika.eu\/wp-content\/uploads\/2023\/11\/Kosmeetiku_laud_universaalne4.jpg\",\"datePublished\":\"2024-09-24T10:35:43+00:00\",\"dateModified\":\"2025-10-27T13:46:58+00:00\",\"description\":\"T\u00e4ydellinen ripsienpidennystuoli, joka t\u00e4ytt\u00e4\u00e4 kaikki odotukset, on ehdottoman v\u00e4ltt\u00e4m\u00e4t\u00f6nt\u00e4.Tuolissa on manuaalinen jalkatuen, selk\u00e4nojan ja k\u00e4sinojan s\u00e4\u00e4t\u00f6 toimenpiteen suorittajalle. K\u00e4mmentuki on eritt\u00e4in k\u00e4yt\u00e4nn\u00f6llinen ratkaisu, jota ei l\u00f6ydy muista tuoleista.\",\"breadcrumb\":{\"@id\":\"https:\/\/valika.eu\/fi\/toode\/ripsmepikenduste-laud-universaalne-kliendivoodi-valge-ivette\/#breadcrumb\"},\"inLanguage\":\"fi\",\"potentialAction\":[{\"@type\":\"ReadAction\",\"target\":[[\"https:\/\/valika.eu\/fi\/toode\/ripsmepikenduste-laud-universaalne-kliendivoodi-valge-ivette\/\"]]}]},{\"@type\":\"ImageObject\",\"inLanguage\":\"fi\",\"@id\":\"https:\/\/valika.eu\/fi\/toode\/ripsmepikenduste-laud-universaalne-kliendivoodi-valge-ivette\/#primaryimage\",\"url\":\"https:\/\/valika.eu\/wp-content\/uploads\/2023\/11\/Kosmeetiku_laud_universaalne4.jpg\",\"contentUrl\":\"https:\/\/valika.eu\/wp-content\/uploads\/2023\/11\/Kosmeetiku_laud_universaalne4.jpg\",\"width\":800,\"height\":800,\"caption\":\"ripsmetehnikute laud\"},{\"@type\":\"BreadcrumbList\",\"@id\":\"https:\/\/valika.eu\/fi\/toode\/ripsmepikenduste-laud-universaalne-kliendivoodi-valge-ivette\/#breadcrumb\",\"itemListElement\":[{\"@type\":\"ListItem\",\"position\":1,\"name\":\"Koti\",\"item\":\"https:\/\/valika.eu\/fi\/\"},{\"@type\":\"ListItem\",\"position\":2,\"name\":\"Shop\",\"item\":\"https:\/\/valika.eu\/fi\/\"},{\"@type\":\"ListItem\",\"position\":3,\"name\":\"Ripsmepikenduste laud, universaalne kliendivoodi valge ,,Ivette,,\"}]},{\"@type\":\"WebSite\",\"@id\":\"https:\/\/valika.eu\/fi\/#website\",\"url\":\"https:\/\/valika.eu\/fi\/\",\"name\":\"Valika.eu\",\"description\":\"Salonkituotteet ja kauneudenhoitotuotteet - Valika tarjoaa laajan valikoiman tuotteita ja tarvikkeita kynsiteknikoille, kauneushoitoloille, kampaamoille ja kampaamoille.\",\"publisher\":{\"@id\":\"https:\/\/valika.eu\/fi\/#organization\"},\"alternateName\":\"Valika\",\"potentialAction\":[{\"@type\":\"SearchAction\",\"target\":{\"@type\":\"EntryPoint\",\"urlTemplate\":\"https:\/\/valika.eu\/fi\/?s={search_term_string}\"},\"query-input\":{\"@type\":\"PropertyValueSpecification\",\"valueRequired\":true,\"valueName\":\"search_term_string\"}}],\"inLanguage\":\"fi\"},{\"@type\":\"Organization\",\"@id\":\"https:\/\/valika.eu\/fi\/#organization\",\"name\":\"Salongitoode O\u00dc\",\"alternateName\":\"Valika\",\"url\":\"https:\/\/valika.eu\/fi\/\",\"logo\":{\"@type\":\"ImageObject\",\"inLanguage\":\"fi\",\"@id\":\"https:\/\/valika.eu\/fi\/#\/schema\/logo\/image\/\",\"url\":\"https:\/\/valika.eu\/wp-content\/uploads\/2023\/11\/logo2-valika-footer.png\",\"contentUrl\":\"https:\/\/valika.eu\/wp-content\/uploads\/2023\/11\/logo2-valika-footer.png\",\"width\":200,\"height\":129,\"caption\":\"Salongitoode O\u00dc\"},\"image\":{\"@id\":\"https:\/\/valika.eu\/fi\/#\/schema\/logo\/image\/\"},\"sameAs\":[\"https:\/\/www.facebook.com\/tipsi.net\"]}]}<\/script>\n<!-- \/ Yoast SEO plugin. -->","yoast_head_json":{"title":"Ripsienpidennystuoli universaali huoltotuoli ,, Ivette,, | Valika","description":"T\u00e4ydellinen ripsienpidennystuoli, joka t\u00e4ytt\u00e4\u00e4 kaikki odotukset, on ehdottoman v\u00e4ltt\u00e4m\u00e4t\u00f6nt\u00e4.Tuolissa on manuaalinen jalkatuen, selk\u00e4nojan ja k\u00e4sinojan s\u00e4\u00e4t\u00f6 toimenpiteen suorittajalle. K\u00e4mmentuki on eritt\u00e4in k\u00e4yt\u00e4nn\u00f6llinen ratkaisu, jota ei l\u00f6ydy muista tuoleista.","robots":{"index":"index","follow":"follow","max-snippet":"max-snippet:-1","max-image-preview":"max-image-preview:large","max-video-preview":"max-video-preview:-1"},"canonical":"https:\/\/valika.eu\/fi\/toode\/ripsmepikenduste-laud-universaalne-kliendivoodi-valge-ivette\/","og_locale":"fi_FI","og_type":"article","og_title":"Ripsienpidennystuoli universaali huoltotuoli ,, Ivette,, | Valika","og_description":"T\u00e4ydellinen ripsienpidennystuoli, joka t\u00e4ytt\u00e4\u00e4 kaikki odotukset, on ehdottoman v\u00e4ltt\u00e4m\u00e4t\u00f6nt\u00e4.Tuolissa on manuaalinen jalkatuen, selk\u00e4nojan ja k\u00e4sinojan s\u00e4\u00e4t\u00f6 toimenpiteen suorittajalle. K\u00e4mmentuki on eritt\u00e4in k\u00e4yt\u00e4nn\u00f6llinen ratkaisu, jota ei l\u00f6ydy muista tuoleista.","og_url":"https:\/\/valika.eu\/fi\/toode\/ripsmepikenduste-laud-universaalne-kliendivoodi-valge-ivette\/","og_site_name":"Valika","article_publisher":"https:\/\/www.facebook.com\/tipsi.net","article_modified_time":"2025-10-27T13:46:58+00:00","og_image":[{"width":800,"height":800,"url":"https:\/\/valika.eu\/wp-content\/uploads\/2023\/11\/Kosmeetiku_laud_universaalne4.jpg","type":"image\/jpeg"}],"twitter_card":"summary_large_image","schema":{"@context":"https:\/\/schema.org","@graph":[{"@type":"WebPage","@id":"https:\/\/valika.eu\/fi\/toode\/ripsmepikenduste-laud-universaalne-kliendivoodi-valge-ivette\/","url":"https:\/\/valika.eu\/fi\/toode\/ripsmepikenduste-laud-universaalne-kliendivoodi-valge-ivette\/","name":"Ripsienpidennystuoli universaali huoltotuoli ,, Ivette,, | Valika","isPartOf":{"@id":"https:\/\/valika.eu\/fi\/#website"},"primaryImageOfPage":{"@id":"https:\/\/valika.eu\/fi\/toode\/ripsmepikenduste-laud-universaalne-kliendivoodi-valge-ivette\/#primaryimage"},"image":{"@id":"https:\/\/valika.eu\/toode\/ripsmepikenduste-laud-universaalne-kliendivoodi-valge-ivette\/#primaryimage"},"thumbnailUrl":"https:\/\/valika.eu\/wp-content\/uploads\/2023\/11\/Kosmeetiku_laud_universaalne4.jpg","datePublished":"2024-09-24T10:35:43+00:00","dateModified":"2025-10-27T13:46:58+00:00","description":"T\u00e4ydellinen ripsienpidennystuoli, joka t\u00e4ytt\u00e4\u00e4 kaikki odotukset, on ehdottoman v\u00e4ltt\u00e4m\u00e4t\u00f6nt\u00e4.Tuolissa on manuaalinen jalkatuen, selk\u00e4nojan ja k\u00e4sinojan s\u00e4\u00e4t\u00f6 toimenpiteen suorittajalle. K\u00e4mmentuki on eritt\u00e4in k\u00e4yt\u00e4nn\u00f6llinen ratkaisu, jota ei l\u00f6ydy muista tuoleista.","breadcrumb":{"@id":"https:\/\/valika.eu\/fi\/toode\/ripsmepikenduste-laud-universaalne-kliendivoodi-valge-ivette\/#breadcrumb"},"inLanguage":"fi","potentialAction":[{"@type":"ReadAction","target":[["https:\/\/valika.eu\/fi\/toode\/ripsmepikenduste-laud-universaalne-kliendivoodi-valge-ivette\/"]]}]},{"@type":"ImageObject","inLanguage":"fi","@id":"https:\/\/valika.eu\/fi\/toode\/ripsmepikenduste-laud-universaalne-kliendivoodi-valge-ivette\/#primaryimage","url":"https:\/\/valika.eu\/wp-content\/uploads\/2023\/11\/Kosmeetiku_laud_universaalne4.jpg","contentUrl":"https:\/\/valika.eu\/wp-content\/uploads\/2023\/11\/Kosmeetiku_laud_universaalne4.jpg","width":800,"height":800,"caption":"ripsmetehnikute laud"},{"@type":"BreadcrumbList","@id":"https:\/\/valika.eu\/fi\/toode\/ripsmepikenduste-laud-universaalne-kliendivoodi-valge-ivette\/#breadcrumb","itemListElement":[{"@type":"ListItem","position":1,"name":"Koti","item":"https:\/\/valika.eu\/fi\/"},{"@type":"ListItem","position":2,"name":"Shop","item":"https:\/\/valika.eu\/fi\/"},{"@type":"ListItem","position":3,"name":"Ripsmepikenduste laud, universaalne kliendivoodi valge ,,Ivette,,"}]},{"@type":"WebSite","@id":"https:\/\/valika.eu\/fi\/#website","url":"https:\/\/valika.eu\/fi\/","name":"Valika.eu","description":"Salonkituotteet ja kauneudenhoitotuotteet - Valika tarjoaa laajan valikoiman tuotteita ja tarvikkeita kynsiteknikoille, kauneushoitoloille, kampaamoille ja kampaamoille.","publisher":{"@id":"https:\/\/valika.eu\/fi\/#organization"},"alternateName":"Valika","potentialAction":[{"@type":"SearchAction","target":{"@type":"EntryPoint","urlTemplate":"https:\/\/valika.eu\/fi\/?s={search_term_string}"},"query-input":{"@type":"PropertyValueSpecification","valueRequired":true,"valueName":"search_term_string"}}],"inLanguage":"fi"},{"@type":"Organization","@id":"https:\/\/valika.eu\/fi\/#organization","name":"Salongitoode O\u00dc","alternateName":"Valika","url":"https:\/\/valika.eu\/fi\/","logo":{"@type":"ImageObject","inLanguage":"fi","@id":"https:\/\/valika.eu\/fi\/#\/schema\/logo\/image\/","url":"https:\/\/valika.eu\/wp-content\/uploads\/2023\/11\/logo2-valika-footer.png","contentUrl":"https:\/\/valika.eu\/wp-content\/uploads\/2023\/11\/logo2-valika-footer.png","width":200,"height":129,"caption":"Salongitoode O\u00dc"},"image":{"@id":"https:\/\/valika.eu\/fi\/#\/schema\/logo\/image\/"},"sameAs":["https:\/\/www.facebook.com\/tipsi.net"]}]}},"jetpack_sharing_enabled":true,"_links":{"self":[{"href":"https:\/\/valika.eu\/fi\/wp-json\/wp\/v2\/product\/883","targetHints":{"allow":["GET"]}}],"collection":[{"href":"https:\/\/valika.eu\/fi\/wp-json\/wp\/v2\/product"}],"about":[{"href":"https:\/\/valika.eu\/fi\/wp-json\/wp\/v2\/types\/product"}],"wp:featuredmedia":[{"embeddable":true,"href":"https:\/\/valika.eu\/fi\/wp-json\/wp\/v2\/media\/286"}],"wp:attachment":[{"href":"https:\/\/valika.eu\/fi\/wp-json\/wp\/v2\/media?parent=883"}],"wp:term":[{"taxonomy":"product_brand","embeddable":true,"href":"https:\/\/valika.eu\/fi\/wp-json\/wp\/v2\/product_brand?post=883"},{"taxonomy":"product_cat","embeddable":true,"href":"https:\/\/valika.eu\/fi\/wp-json\/wp\/v2\/product_cat?post=883"},{"taxonomy":"product_tag","embeddable":true,"href":"https:\/\/valika.eu\/fi\/wp-json\/wp\/v2\/product_tag?post=883"}],"curies":[{"name":"wp","href":"https:\/\/api.w.org\/{rel}","templated":true}]}}