{"id":884,"date":"2024-09-24T13:35:43","date_gmt":"2024-09-24T10:35:43","guid":{"rendered":"https:\/\/valika.eu\/?post_type=product&#038;p=884"},"modified":"2025-10-31T15:33:43","modified_gmt":"2025-10-31T13:33:43","slug":"massaazivoodi-ripsmetehnikulaud-kosmeetikuvoodi","status":"publish","type":"product","link":"https:\/\/valika.eu\/fi\/toode\/massaazivoodi-ripsmetehnikulaud-kosmeetikuvoodi\/","title":{"rendered":"Hierontas\u00e4nky &#8211; ripsiteknikon p\u00f6yt\u00e4-kosmetologin s\u00e4nky"},"content":{"rendered":"<p>Hierontap\u00f6yt\u00e4 metallikromirungolla, mekaaninen s\u00e4ngynp\u00e4\u00e4dyn s\u00e4\u00e4t\u00f6.<\/p>\n<p>Ihanteellinen ripsien pidennyksiin tai kosmeettisiin toimenpiteisiin.<\/p>\n<p>Hierontap\u00f6yd\u00e4n pohja on valmistettu kest\u00e4v\u00e4st\u00e4 metallista, 4 jalkaa varmistavat rakenteen vakauden miss\u00e4 tahansa kuormituksessa.<\/p>\n<p>S\u00e4ngyss\u00e4 on aukko kasvoja varten. P\u00e4\u00e4tyyny sis\u00e4ltyy pakkaukseen.<\/p>\n<p>Hierontap\u00f6yd\u00e4n alaosassa on k\u00e4tev\u00e4 hylly pyyhkeille ja muille tarvikkeille.<\/p>\n<p>Suurin tasainen kuorma 150 kg<\/p>\n<p>P\u00e4\u00e4n nostokulman mekaaninen s\u00e4\u00e4t\u00f6 35\u00b0 asti<\/p>\n<p>Siin\u00e4 on reik\u00e4 kasvoja varten<\/p>\n<p>Maksimi korkeus 75 cm, leveys 61 cm, pituus 180 cm<\/p>\n<p>valkoinen v\u00e4ri<\/p>","protected":false},"excerpt":{"rendered":"<p>Hierontap\u00f6yt\u00e4 metallikromirungolla, mekaaninen s\u00e4ngynp\u00e4\u00e4dyn s\u00e4\u00e4t\u00f6. Ihanteellinen ripsien pidennyksiin tai kosmeettisiin toimenpiteisiin. Hierontap\u00f6yd\u00e4n pohja on valmistettu kest\u00e4v\u00e4st\u00e4 metallista, 4 jalkaa varmistavat<\/p>\n","protected":false},"featured_media":290,"template":"","meta":[],"product_brand":[],"product_cat":[24,344],"product_tag":[],"class_list":{"0":"post-884","1":"product","2":"type-product","3":"status-publish","4":"has-post-thumbnail","6":"product_cat-ilusalongimoobel","7":"product_cat-kliendivoodid-ja-protseduurilauad","9":"first","10":"instock","11":"taxable","12":"shipping-taxable","13":"purchasable","14":"product-type-simple"},"yoast_head":"<!-- This site is optimized with the Yoast SEO plugin v24.4 - https:\/\/yoast.com\/wordpress\/plugins\/seo\/ -->\n<title>Hierontas\u00e4nky - ripsiteknikon p\u00f6yt\u00e4-kosmetologin s\u00e4nky | Valika<\/title>\n<meta name=\"robots\" content=\"index, follow, max-snippet:-1, max-image-preview:large, max-video-preview:-1\" \/>\n<link rel=\"canonical\" href=\"https:\/\/valika.eu\/fi\/toode\/massaazivoodi-ripsmetehnikulaud-kosmeetikuvoodi\/\" \/>\n<meta property=\"og:locale\" content=\"fi_FI\" \/>\n<meta property=\"og:type\" content=\"article\" \/>\n<meta property=\"og:title\" content=\"Hierontas\u00e4nky - ripsiteknikon p\u00f6yt\u00e4-kosmetologin s\u00e4nky | Valika\" \/>\n<meta property=\"og:description\" content=\"Hierontap\u00f6yt\u00e4 metallikromirungolla, mekaaninen s\u00e4ngynp\u00e4\u00e4dyn s\u00e4\u00e4t\u00f6. Ihanteellinen ripsien pidennyksiin tai kosmeettisiin toimenpiteisiin. Hierontap\u00f6yd\u00e4n pohja on valmistettu kest\u00e4v\u00e4st\u00e4 metallista, 4 jalkaa varmistavat\" \/>\n<meta property=\"og:url\" content=\"https:\/\/valika.eu\/fi\/toode\/massaazivoodi-ripsmetehnikulaud-kosmeetikuvoodi\/\" \/>\n<meta property=\"og:site_name\" content=\"Valika\" \/>\n<meta property=\"article:publisher\" content=\"https:\/\/www.facebook.com\/tipsi.net\" \/>\n<meta property=\"article:modified_time\" content=\"2025-10-31T13:33:43+00:00\" \/>\n<meta property=\"og:image\" content=\"https:\/\/valika.eu\/wp-content\/uploads\/2023\/11\/ripsmetehnikulaud4-1.jpg\" \/>\n\t<meta property=\"og:image:width\" content=\"600\" \/>\n\t<meta property=\"og:image:height\" content=\"551\" \/>\n\t<meta property=\"og:image:type\" content=\"image\/jpeg\" \/>\n<meta name=\"twitter:card\" content=\"summary_large_image\" \/>\n<script type=\"application\/ld+json\" class=\"yoast-schema-graph\">{\"@context\":\"https:\/\/schema.org\",\"@graph\":[{\"@type\":\"WebPage\",\"@id\":\"https:\/\/valika.eu\/fi\/toode\/massaazivoodi-ripsmetehnikulaud-kosmeetikuvoodi\/\",\"url\":\"https:\/\/valika.eu\/fi\/toode\/massaazivoodi-ripsmetehnikulaud-kosmeetikuvoodi\/\",\"name\":\"Hierontas\u00e4nky - ripsiteknikon p\u00f6yt\u00e4-kosmetologin s\u00e4nky | Valika\",\"isPartOf\":{\"@id\":\"https:\/\/valika.eu\/fi\/#website\"},\"primaryImageOfPage\":{\"@id\":\"https:\/\/valika.eu\/fi\/toode\/massaazivoodi-ripsmetehnikulaud-kosmeetikuvoodi\/#primaryimage\"},\"image\":{\"@id\":\"https:\/\/valika.eu\/toode\/massaazivoodi-ripsmetehnikulaud-kosmeetikuvoodi\/#primaryimage\"},\"thumbnailUrl\":\"https:\/\/valika.eu\/wp-content\/uploads\/2023\/11\/ripsmetehnikulaud4-1.jpg\",\"datePublished\":\"2024-09-24T10:35:43+00:00\",\"dateModified\":\"2025-10-31T13:33:43+00:00\",\"breadcrumb\":{\"@id\":\"https:\/\/valika.eu\/fi\/toode\/massaazivoodi-ripsmetehnikulaud-kosmeetikuvoodi\/#breadcrumb\"},\"inLanguage\":\"fi\",\"potentialAction\":[{\"@type\":\"ReadAction\",\"target\":[[\"https:\/\/valika.eu\/fi\/toode\/massaazivoodi-ripsmetehnikulaud-kosmeetikuvoodi\/\"]]}]},{\"@type\":\"ImageObject\",\"inLanguage\":\"fi\",\"@id\":\"https:\/\/valika.eu\/fi\/toode\/massaazivoodi-ripsmetehnikulaud-kosmeetikuvoodi\/#primaryimage\",\"url\":\"https:\/\/valika.eu\/wp-content\/uploads\/2023\/11\/ripsmetehnikulaud4-1.jpg\",\"contentUrl\":\"https:\/\/valika.eu\/wp-content\/uploads\/2023\/11\/ripsmetehnikulaud4-1.jpg\",\"width\":600,\"height\":551},{\"@type\":\"BreadcrumbList\",\"@id\":\"https:\/\/valika.eu\/fi\/toode\/massaazivoodi-ripsmetehnikulaud-kosmeetikuvoodi\/#breadcrumb\",\"itemListElement\":[{\"@type\":\"ListItem\",\"position\":1,\"name\":\"Koti\",\"item\":\"https:\/\/valika.eu\/fi\/\"},{\"@type\":\"ListItem\",\"position\":2,\"name\":\"Shop\",\"item\":\"https:\/\/valika.eu\/fi\/\"},{\"@type\":\"ListItem\",\"position\":3,\"name\":\"Massaazivoodi &#8211; ripsmetehnikulaud-kosmeetikuvoodi\"}]},{\"@type\":\"WebSite\",\"@id\":\"https:\/\/valika.eu\/fi\/#website\",\"url\":\"https:\/\/valika.eu\/fi\/\",\"name\":\"Valika.eu\",\"description\":\"Salonkituotteet ja kauneudenhoitotuotteet - Valika tarjoaa laajan valikoiman tuotteita ja tarvikkeita kynsiteknikoille, kauneushoitoloille, kampaamoille ja kampaamoille.\",\"publisher\":{\"@id\":\"https:\/\/valika.eu\/fi\/#organization\"},\"alternateName\":\"Valika\",\"potentialAction\":[{\"@type\":\"SearchAction\",\"target\":{\"@type\":\"EntryPoint\",\"urlTemplate\":\"https:\/\/valika.eu\/fi\/?s={search_term_string}\"},\"query-input\":{\"@type\":\"PropertyValueSpecification\",\"valueRequired\":true,\"valueName\":\"search_term_string\"}}],\"inLanguage\":\"fi\"},{\"@type\":\"Organization\",\"@id\":\"https:\/\/valika.eu\/fi\/#organization\",\"name\":\"Salongitoode O\u00dc\",\"alternateName\":\"Valika\",\"url\":\"https:\/\/valika.eu\/fi\/\",\"logo\":{\"@type\":\"ImageObject\",\"inLanguage\":\"fi\",\"@id\":\"https:\/\/valika.eu\/fi\/#\/schema\/logo\/image\/\",\"url\":\"https:\/\/valika.eu\/wp-content\/uploads\/2023\/11\/logo2-valika-footer.png\",\"contentUrl\":\"https:\/\/valika.eu\/wp-content\/uploads\/2023\/11\/logo2-valika-footer.png\",\"width\":200,\"height\":129,\"caption\":\"Salongitoode O\u00dc\"},\"image\":{\"@id\":\"https:\/\/valika.eu\/fi\/#\/schema\/logo\/image\/\"},\"sameAs\":[\"https:\/\/www.facebook.com\/tipsi.net\"]}]}<\/script>\n<!-- \/ Yoast SEO plugin. -->","yoast_head_json":{"title":"Hierontas\u00e4nky - ripsiteknikon p\u00f6yt\u00e4-kosmetologin s\u00e4nky | Valika","robots":{"index":"index","follow":"follow","max-snippet":"max-snippet:-1","max-image-preview":"max-image-preview:large","max-video-preview":"max-video-preview:-1"},"canonical":"https:\/\/valika.eu\/fi\/toode\/massaazivoodi-ripsmetehnikulaud-kosmeetikuvoodi\/","og_locale":"fi_FI","og_type":"article","og_title":"Hierontas\u00e4nky - ripsiteknikon p\u00f6yt\u00e4-kosmetologin s\u00e4nky | Valika","og_description":"Hierontap\u00f6yt\u00e4 metallikromirungolla, mekaaninen s\u00e4ngynp\u00e4\u00e4dyn s\u00e4\u00e4t\u00f6. Ihanteellinen ripsien pidennyksiin tai kosmeettisiin toimenpiteisiin. Hierontap\u00f6yd\u00e4n pohja on valmistettu kest\u00e4v\u00e4st\u00e4 metallista, 4 jalkaa varmistavat","og_url":"https:\/\/valika.eu\/fi\/toode\/massaazivoodi-ripsmetehnikulaud-kosmeetikuvoodi\/","og_site_name":"Valika","article_publisher":"https:\/\/www.facebook.com\/tipsi.net","article_modified_time":"2025-10-31T13:33:43+00:00","og_image":[{"width":600,"height":551,"url":"https:\/\/valika.eu\/wp-content\/uploads\/2023\/11\/ripsmetehnikulaud4-1.jpg","type":"image\/jpeg"}],"twitter_card":"summary_large_image","schema":{"@context":"https:\/\/schema.org","@graph":[{"@type":"WebPage","@id":"https:\/\/valika.eu\/fi\/toode\/massaazivoodi-ripsmetehnikulaud-kosmeetikuvoodi\/","url":"https:\/\/valika.eu\/fi\/toode\/massaazivoodi-ripsmetehnikulaud-kosmeetikuvoodi\/","name":"Hierontas\u00e4nky - ripsiteknikon p\u00f6yt\u00e4-kosmetologin s\u00e4nky | Valika","isPartOf":{"@id":"https:\/\/valika.eu\/fi\/#website"},"primaryImageOfPage":{"@id":"https:\/\/valika.eu\/fi\/toode\/massaazivoodi-ripsmetehnikulaud-kosmeetikuvoodi\/#primaryimage"},"image":{"@id":"https:\/\/valika.eu\/toode\/massaazivoodi-ripsmetehnikulaud-kosmeetikuvoodi\/#primaryimage"},"thumbnailUrl":"https:\/\/valika.eu\/wp-content\/uploads\/2023\/11\/ripsmetehnikulaud4-1.jpg","datePublished":"2024-09-24T10:35:43+00:00","dateModified":"2025-10-31T13:33:43+00:00","breadcrumb":{"@id":"https:\/\/valika.eu\/fi\/toode\/massaazivoodi-ripsmetehnikulaud-kosmeetikuvoodi\/#breadcrumb"},"inLanguage":"fi","potentialAction":[{"@type":"ReadAction","target":[["https:\/\/valika.eu\/fi\/toode\/massaazivoodi-ripsmetehnikulaud-kosmeetikuvoodi\/"]]}]},{"@type":"ImageObject","inLanguage":"fi","@id":"https:\/\/valika.eu\/fi\/toode\/massaazivoodi-ripsmetehnikulaud-kosmeetikuvoodi\/#primaryimage","url":"https:\/\/valika.eu\/wp-content\/uploads\/2023\/11\/ripsmetehnikulaud4-1.jpg","contentUrl":"https:\/\/valika.eu\/wp-content\/uploads\/2023\/11\/ripsmetehnikulaud4-1.jpg","width":600,"height":551},{"@type":"BreadcrumbList","@id":"https:\/\/valika.eu\/fi\/toode\/massaazivoodi-ripsmetehnikulaud-kosmeetikuvoodi\/#breadcrumb","itemListElement":[{"@type":"ListItem","position":1,"name":"Koti","item":"https:\/\/valika.eu\/fi\/"},{"@type":"ListItem","position":2,"name":"Shop","item":"https:\/\/valika.eu\/fi\/"},{"@type":"ListItem","position":3,"name":"Massaazivoodi &#8211; ripsmetehnikulaud-kosmeetikuvoodi"}]},{"@type":"WebSite","@id":"https:\/\/valika.eu\/fi\/#website","url":"https:\/\/valika.eu\/fi\/","name":"Valika.eu","description":"Salonkituotteet ja kauneudenhoitotuotteet - Valika tarjoaa laajan valikoiman tuotteita ja tarvikkeita kynsiteknikoille, kauneushoitoloille, kampaamoille ja kampaamoille.","publisher":{"@id":"https:\/\/valika.eu\/fi\/#organization"},"alternateName":"Valika","potentialAction":[{"@type":"SearchAction","target":{"@type":"EntryPoint","urlTemplate":"https:\/\/valika.eu\/fi\/?s={search_term_string}"},"query-input":{"@type":"PropertyValueSpecification","valueRequired":true,"valueName":"search_term_string"}}],"inLanguage":"fi"},{"@type":"Organization","@id":"https:\/\/valika.eu\/fi\/#organization","name":"Salongitoode O\u00dc","alternateName":"Valika","url":"https:\/\/valika.eu\/fi\/","logo":{"@type":"ImageObject","inLanguage":"fi","@id":"https:\/\/valika.eu\/fi\/#\/schema\/logo\/image\/","url":"https:\/\/valika.eu\/wp-content\/uploads\/2023\/11\/logo2-valika-footer.png","contentUrl":"https:\/\/valika.eu\/wp-content\/uploads\/2023\/11\/logo2-valika-footer.png","width":200,"height":129,"caption":"Salongitoode O\u00dc"},"image":{"@id":"https:\/\/valika.eu\/fi\/#\/schema\/logo\/image\/"},"sameAs":["https:\/\/www.facebook.com\/tipsi.net"]}]}},"jetpack_sharing_enabled":true,"_links":{"self":[{"href":"https:\/\/valika.eu\/fi\/wp-json\/wp\/v2\/product\/884","targetHints":{"allow":["GET"]}}],"collection":[{"href":"https:\/\/valika.eu\/fi\/wp-json\/wp\/v2\/product"}],"about":[{"href":"https:\/\/valika.eu\/fi\/wp-json\/wp\/v2\/types\/product"}],"wp:featuredmedia":[{"embeddable":true,"href":"https:\/\/valika.eu\/fi\/wp-json\/wp\/v2\/media\/290"}],"wp:attachment":[{"href":"https:\/\/valika.eu\/fi\/wp-json\/wp\/v2\/media?parent=884"}],"wp:term":[{"taxonomy":"product_brand","embeddable":true,"href":"https:\/\/valika.eu\/fi\/wp-json\/wp\/v2\/product_brand?post=884"},{"taxonomy":"product_cat","embeddable":true,"href":"https:\/\/valika.eu\/fi\/wp-json\/wp\/v2\/product_cat?post=884"},{"taxonomy":"product_tag","embeddable":true,"href":"https:\/\/valika.eu\/fi\/wp-json\/wp\/v2\/product_tag?post=884"}],"curies":[{"name":"wp","href":"https:\/\/api.w.org\/{rel}","templated":true}]}}