{"id":885,"date":"2024-09-24T13:35:44","date_gmt":"2024-09-24T10:35:44","guid":{"rendered":"https:\/\/valika.eu\/?post_type=product&#038;p=885"},"modified":"2025-10-31T15:32:55","modified_gmt":"2025-10-31T13:32:55","slug":"kosmeetikulaud-laura-valge","status":"publish","type":"product","link":"https:\/\/valika.eu\/fi\/toode\/kosmeetikulaud-laura-valge\/","title":{"rendered":"Kosmeettinen hoitotuoli ,,Laura,,"},"content":{"rendered":"<p>valkoinen<\/p>\n<p>Mukava ja luotettava 3-osainen kosmeettinen s\u00e4nky, ilman pakkausta.<\/p>\n<p>&nbsp;<\/p>\n<p>Se on varustettu hydraulisella nostimella, jonka avulla k\u00e4sity\u00f6l\u00e4inen voi aina helposti ja nopeasti asettaa mukavan s\u00e4ngyn korkeuden ty\u00f6h\u00f6n.<\/p>\n<p>&nbsp;<\/p>\n<p>Suunniteltu kosmeettisiin toimenpiteisiin, voidaan k\u00e4ytt\u00e4\u00e4 my\u00f6s muihin toimenpiteisiin (ripsien pidennykset, kulmakarvojen v\u00e4rj\u00e4ys).<\/p>\n<p>&nbsp;<\/p>\n<p>Kosmetiikkas\u00e4nky voidaan asettaa useaan asentoon.<\/p>\n<p>&nbsp;<\/p>\n<p>Selk\u00e4- ja jalkaosien manuaalinen ohjaus.<\/p>\n<p>&nbsp;<\/p>\n<p>Laadukas keinonahka kest\u00e4\u00e4 pitk\u00e4\u00e4n.<\/p>\n<p>&nbsp;<\/p>\n<p>Kest\u00e4v\u00e4 metallirunko.<\/p>\n<p>HUOM! Ei sovellu hierontaan.<\/p>\n<p>&nbsp;<\/p>\n<p>Kuvaus:<\/p>\n<p>&nbsp;<\/p>\n<p>\u2015 3-osainen kosmeettinen s\u00e4nky;<\/p>\n<p>&#8211; hydraulinen nosto;<\/p>\n<p>&#8211; kaksi s\u00e4\u00e4dett\u00e4v\u00e4\u00e4 tasoa;<\/p>\n<p>\u2015 tuolin kaltevuuskulmaa s\u00e4\u00e4det\u00e4\u00e4n manuaalisesti;<\/p>\n<p>\u2015 selk\u00e4nojaa s\u00e4\u00e4det\u00e4\u00e4n k\u00e4sin (taittuu vaakasuoraan);<\/p>\n<p>\u2015 jalkojen korkeuden manuaalinen s\u00e4\u00e4t\u00f6;<\/p>\n<p>&#8211; irrotettavat k\u00e4sinojat;<\/p>\n<p>&#8211; reik\u00e4 kasvoille;<\/p>\n<p>\u2015 verhoilu: synteettinen nahka (ekonahka);<\/p>\n<p>&#8211; verhoilun v\u00e4ri on valkoinen<\/p>\n<p>&nbsp;<\/p>\n<p>Pakkauksen kokonaismitat: 118*44*66 \/ 97*75*43 (2 laatikkoa)<\/p>\n<p>&nbsp;<\/p>\n<p>&#8211; Kokonaismitat: 185x61x 56-75h<\/p>\n<p>ilman pakkausta,<\/p>\n<p>Se on n\u00e4ht\u00e4viss\u00e4 varastossa K\u00e4rberi 18, Tallinna<\/p>","protected":false},"excerpt":{"rendered":"<p>valkoinen Mukava ja luotettava 3-osainen kosmeettinen s\u00e4nky, ilman pakkausta. &nbsp; Se on varustettu hydraulisella nostimella, jonka avulla k\u00e4sity\u00f6l\u00e4inen voi aina<\/p>\n","protected":false},"featured_media":295,"template":"","meta":[],"product_brand":[],"product_cat":[24,344],"product_tag":[],"class_list":{"0":"post-885","1":"product","2":"type-product","3":"status-publish","4":"has-post-thumbnail","6":"product_cat-ilusalongimoobel","7":"product_cat-kliendivoodid-ja-protseduurilauad","9":"first","10":"instock","11":"taxable","12":"shipping-taxable","13":"purchasable","14":"product-type-simple"},"yoast_head":"<!-- This site is optimized with the Yoast SEO plugin v24.4 - https:\/\/yoast.com\/wordpress\/plugins\/seo\/ -->\n<title>Kosmeettinen hoitotuoli ,,Laura,, | Valika<\/title>\n<meta name=\"robots\" content=\"index, follow, max-snippet:-1, max-image-preview:large, max-video-preview:-1\" \/>\n<link rel=\"canonical\" href=\"https:\/\/valika.eu\/fi\/toode\/kosmeetikulaud-laura-valge\/\" \/>\n<meta property=\"og:locale\" content=\"fi_FI\" \/>\n<meta property=\"og:type\" content=\"article\" \/>\n<meta property=\"og:title\" content=\"Kosmeettinen hoitotuoli ,,Laura,, | Valika\" \/>\n<meta property=\"og:description\" content=\"valkoinen Mukava ja luotettava 3-osainen kosmeettinen s\u00e4nky, ilman pakkausta. &nbsp; Se on varustettu hydraulisella nostimella, jonka avulla k\u00e4sity\u00f6l\u00e4inen voi aina\" \/>\n<meta property=\"og:url\" content=\"https:\/\/valika.eu\/fi\/toode\/kosmeetikulaud-laura-valge\/\" \/>\n<meta property=\"og:site_name\" content=\"Valika\" \/>\n<meta property=\"article:publisher\" content=\"https:\/\/www.facebook.com\/tipsi.net\" \/>\n<meta property=\"article:modified_time\" content=\"2025-10-31T13:32:55+00:00\" \/>\n<meta property=\"og:image\" content=\"https:\/\/valika.eu\/wp-content\/uploads\/2023\/11\/kosmeetiku-kliendivoodi-reguleeritav.jpg\" \/>\n\t<meta property=\"og:image:width\" content=\"600\" \/>\n\t<meta property=\"og:image:height\" content=\"409\" \/>\n\t<meta property=\"og:image:type\" content=\"image\/jpeg\" \/>\n<meta name=\"twitter:card\" content=\"summary_large_image\" \/>\n<script type=\"application\/ld+json\" class=\"yoast-schema-graph\">{\"@context\":\"https:\/\/schema.org\",\"@graph\":[{\"@type\":\"WebPage\",\"@id\":\"https:\/\/valika.eu\/fi\/toode\/kosmeetikulaud-laura-valge\/\",\"url\":\"https:\/\/valika.eu\/fi\/toode\/kosmeetikulaud-laura-valge\/\",\"name\":\"Kosmeettinen hoitotuoli ,,Laura,, | Valika\",\"isPartOf\":{\"@id\":\"https:\/\/valika.eu\/fi\/#website\"},\"primaryImageOfPage\":{\"@id\":\"https:\/\/valika.eu\/fi\/toode\/kosmeetikulaud-laura-valge\/#primaryimage\"},\"image\":{\"@id\":\"https:\/\/valika.eu\/toode\/kosmeetikulaud-laura-valge\/#primaryimage\"},\"thumbnailUrl\":\"https:\/\/valika.eu\/wp-content\/uploads\/2023\/11\/kosmeetiku-kliendivoodi-reguleeritav.jpg\",\"datePublished\":\"2024-09-24T10:35:44+00:00\",\"dateModified\":\"2025-10-31T13:32:55+00:00\",\"breadcrumb\":{\"@id\":\"https:\/\/valika.eu\/fi\/toode\/kosmeetikulaud-laura-valge\/#breadcrumb\"},\"inLanguage\":\"fi\",\"potentialAction\":[{\"@type\":\"ReadAction\",\"target\":[[\"https:\/\/valika.eu\/fi\/toode\/kosmeetikulaud-laura-valge\/\"]]}]},{\"@type\":\"ImageObject\",\"inLanguage\":\"fi\",\"@id\":\"https:\/\/valika.eu\/fi\/toode\/kosmeetikulaud-laura-valge\/#primaryimage\",\"url\":\"https:\/\/valika.eu\/wp-content\/uploads\/2023\/11\/kosmeetiku-kliendivoodi-reguleeritav.jpg\",\"contentUrl\":\"https:\/\/valika.eu\/wp-content\/uploads\/2023\/11\/kosmeetiku-kliendivoodi-reguleeritav.jpg\",\"width\":600,\"height\":409},{\"@type\":\"BreadcrumbList\",\"@id\":\"https:\/\/valika.eu\/fi\/toode\/kosmeetikulaud-laura-valge\/#breadcrumb\",\"itemListElement\":[{\"@type\":\"ListItem\",\"position\":1,\"name\":\"Koti\",\"item\":\"https:\/\/valika.eu\/fi\/\"},{\"@type\":\"ListItem\",\"position\":2,\"name\":\"Shop\",\"item\":\"https:\/\/valika.eu\/fi\/\"},{\"@type\":\"ListItem\",\"position\":3,\"name\":\"Kosmeetikulaud ,,Laura,, valge\"}]},{\"@type\":\"WebSite\",\"@id\":\"https:\/\/valika.eu\/fi\/#website\",\"url\":\"https:\/\/valika.eu\/fi\/\",\"name\":\"Valika.eu\",\"description\":\"Salonkituotteet ja kauneudenhoitotuotteet - Valika tarjoaa laajan valikoiman tuotteita ja tarvikkeita kynsiteknikoille, kauneushoitoloille, kampaamoille ja kampaamoille.\",\"publisher\":{\"@id\":\"https:\/\/valika.eu\/fi\/#organization\"},\"alternateName\":\"Valika\",\"potentialAction\":[{\"@type\":\"SearchAction\",\"target\":{\"@type\":\"EntryPoint\",\"urlTemplate\":\"https:\/\/valika.eu\/fi\/?s={search_term_string}\"},\"query-input\":{\"@type\":\"PropertyValueSpecification\",\"valueRequired\":true,\"valueName\":\"search_term_string\"}}],\"inLanguage\":\"fi\"},{\"@type\":\"Organization\",\"@id\":\"https:\/\/valika.eu\/fi\/#organization\",\"name\":\"Salongitoode O\u00dc\",\"alternateName\":\"Valika\",\"url\":\"https:\/\/valika.eu\/fi\/\",\"logo\":{\"@type\":\"ImageObject\",\"inLanguage\":\"fi\",\"@id\":\"https:\/\/valika.eu\/fi\/#\/schema\/logo\/image\/\",\"url\":\"https:\/\/valika.eu\/wp-content\/uploads\/2023\/11\/logo2-valika-footer.png\",\"contentUrl\":\"https:\/\/valika.eu\/wp-content\/uploads\/2023\/11\/logo2-valika-footer.png\",\"width\":200,\"height\":129,\"caption\":\"Salongitoode O\u00dc\"},\"image\":{\"@id\":\"https:\/\/valika.eu\/fi\/#\/schema\/logo\/image\/\"},\"sameAs\":[\"https:\/\/www.facebook.com\/tipsi.net\"]}]}<\/script>\n<!-- \/ Yoast SEO plugin. -->","yoast_head_json":{"title":"Kosmeettinen hoitotuoli ,,Laura,, | Valika","robots":{"index":"index","follow":"follow","max-snippet":"max-snippet:-1","max-image-preview":"max-image-preview:large","max-video-preview":"max-video-preview:-1"},"canonical":"https:\/\/valika.eu\/fi\/toode\/kosmeetikulaud-laura-valge\/","og_locale":"fi_FI","og_type":"article","og_title":"Kosmeettinen hoitotuoli ,,Laura,, | Valika","og_description":"valkoinen Mukava ja luotettava 3-osainen kosmeettinen s\u00e4nky, ilman pakkausta. &nbsp; Se on varustettu hydraulisella nostimella, jonka avulla k\u00e4sity\u00f6l\u00e4inen voi aina","og_url":"https:\/\/valika.eu\/fi\/toode\/kosmeetikulaud-laura-valge\/","og_site_name":"Valika","article_publisher":"https:\/\/www.facebook.com\/tipsi.net","article_modified_time":"2025-10-31T13:32:55+00:00","og_image":[{"width":600,"height":409,"url":"https:\/\/valika.eu\/wp-content\/uploads\/2023\/11\/kosmeetiku-kliendivoodi-reguleeritav.jpg","type":"image\/jpeg"}],"twitter_card":"summary_large_image","schema":{"@context":"https:\/\/schema.org","@graph":[{"@type":"WebPage","@id":"https:\/\/valika.eu\/fi\/toode\/kosmeetikulaud-laura-valge\/","url":"https:\/\/valika.eu\/fi\/toode\/kosmeetikulaud-laura-valge\/","name":"Kosmeettinen hoitotuoli ,,Laura,, | Valika","isPartOf":{"@id":"https:\/\/valika.eu\/fi\/#website"},"primaryImageOfPage":{"@id":"https:\/\/valika.eu\/fi\/toode\/kosmeetikulaud-laura-valge\/#primaryimage"},"image":{"@id":"https:\/\/valika.eu\/toode\/kosmeetikulaud-laura-valge\/#primaryimage"},"thumbnailUrl":"https:\/\/valika.eu\/wp-content\/uploads\/2023\/11\/kosmeetiku-kliendivoodi-reguleeritav.jpg","datePublished":"2024-09-24T10:35:44+00:00","dateModified":"2025-10-31T13:32:55+00:00","breadcrumb":{"@id":"https:\/\/valika.eu\/fi\/toode\/kosmeetikulaud-laura-valge\/#breadcrumb"},"inLanguage":"fi","potentialAction":[{"@type":"ReadAction","target":[["https:\/\/valika.eu\/fi\/toode\/kosmeetikulaud-laura-valge\/"]]}]},{"@type":"ImageObject","inLanguage":"fi","@id":"https:\/\/valika.eu\/fi\/toode\/kosmeetikulaud-laura-valge\/#primaryimage","url":"https:\/\/valika.eu\/wp-content\/uploads\/2023\/11\/kosmeetiku-kliendivoodi-reguleeritav.jpg","contentUrl":"https:\/\/valika.eu\/wp-content\/uploads\/2023\/11\/kosmeetiku-kliendivoodi-reguleeritav.jpg","width":600,"height":409},{"@type":"BreadcrumbList","@id":"https:\/\/valika.eu\/fi\/toode\/kosmeetikulaud-laura-valge\/#breadcrumb","itemListElement":[{"@type":"ListItem","position":1,"name":"Koti","item":"https:\/\/valika.eu\/fi\/"},{"@type":"ListItem","position":2,"name":"Shop","item":"https:\/\/valika.eu\/fi\/"},{"@type":"ListItem","position":3,"name":"Kosmeetikulaud ,,Laura,, valge"}]},{"@type":"WebSite","@id":"https:\/\/valika.eu\/fi\/#website","url":"https:\/\/valika.eu\/fi\/","name":"Valika.eu","description":"Salonkituotteet ja kauneudenhoitotuotteet - Valika tarjoaa laajan valikoiman tuotteita ja tarvikkeita kynsiteknikoille, kauneushoitoloille, kampaamoille ja kampaamoille.","publisher":{"@id":"https:\/\/valika.eu\/fi\/#organization"},"alternateName":"Valika","potentialAction":[{"@type":"SearchAction","target":{"@type":"EntryPoint","urlTemplate":"https:\/\/valika.eu\/fi\/?s={search_term_string}"},"query-input":{"@type":"PropertyValueSpecification","valueRequired":true,"valueName":"search_term_string"}}],"inLanguage":"fi"},{"@type":"Organization","@id":"https:\/\/valika.eu\/fi\/#organization","name":"Salongitoode O\u00dc","alternateName":"Valika","url":"https:\/\/valika.eu\/fi\/","logo":{"@type":"ImageObject","inLanguage":"fi","@id":"https:\/\/valika.eu\/fi\/#\/schema\/logo\/image\/","url":"https:\/\/valika.eu\/wp-content\/uploads\/2023\/11\/logo2-valika-footer.png","contentUrl":"https:\/\/valika.eu\/wp-content\/uploads\/2023\/11\/logo2-valika-footer.png","width":200,"height":129,"caption":"Salongitoode O\u00dc"},"image":{"@id":"https:\/\/valika.eu\/fi\/#\/schema\/logo\/image\/"},"sameAs":["https:\/\/www.facebook.com\/tipsi.net"]}]}},"jetpack_sharing_enabled":true,"_links":{"self":[{"href":"https:\/\/valika.eu\/fi\/wp-json\/wp\/v2\/product\/885","targetHints":{"allow":["GET"]}}],"collection":[{"href":"https:\/\/valika.eu\/fi\/wp-json\/wp\/v2\/product"}],"about":[{"href":"https:\/\/valika.eu\/fi\/wp-json\/wp\/v2\/types\/product"}],"wp:featuredmedia":[{"embeddable":true,"href":"https:\/\/valika.eu\/fi\/wp-json\/wp\/v2\/media\/295"}],"wp:attachment":[{"href":"https:\/\/valika.eu\/fi\/wp-json\/wp\/v2\/media?parent=885"}],"wp:term":[{"taxonomy":"product_brand","embeddable":true,"href":"https:\/\/valika.eu\/fi\/wp-json\/wp\/v2\/product_brand?post=885"},{"taxonomy":"product_cat","embeddable":true,"href":"https:\/\/valika.eu\/fi\/wp-json\/wp\/v2\/product_cat?post=885"},{"taxonomy":"product_tag","embeddable":true,"href":"https:\/\/valika.eu\/fi\/wp-json\/wp\/v2\/product_tag?post=885"}],"curies":[{"name":"wp","href":"https:\/\/api.w.org\/{rel}","templated":true}]}}