{"id":886,"date":"2024-09-24T13:35:44","date_gmt":"2024-09-24T10:35:44","guid":{"rendered":"https:\/\/valika.eu\/?post_type=product&#038;p=886"},"modified":"2025-10-27T15:46:58","modified_gmt":"2025-10-27T13:46:58","slug":"hoitotuoli-meikkituoli","status":"publish","type":"product","link":"https:\/\/valika.eu\/fi\/toode\/hoitotuoli-meikkituoli\/","title":{"rendered":"Meikkituoli  hoittotuoli"},"content":{"rendered":"<p>Kosmetiikkatuolissa on alkuper\u00e4inen muotoilu ja se on valmistettu moderneista materiaaleista. T\u00e4m\u00e4 malli on suunniteltu erilaisiin kosmeettisiin toimenpiteisiin. Tuoli on asennettu py\u00f6re\u00e4lle alustalle, joka on varustettu tehokkaalla hydraulisella nostimella, joka pystyy py\u00f6rim\u00e4\u00e4n ja lukittua py\u00f6rimist\u00e4 vastaan. Selk\u00e4- ja jalkanojat on kallistettu kaasunostimilla ja k\u00e4sinojat ovat helposti irrotettavissa. Tekniset ominaisuudet: &#8211; hydraulinen nosto, py\u00f6rimisen estotoiminto; &#8211; s\u00e4\u00e4dett\u00e4v\u00e4 selk\u00e4noja (muuta kaltevuuskulmaa); &#8211; s\u00e4\u00e4dett\u00e4v\u00e4 jalkaosa; &#8211; irrotettavat k\u00e4sinojat; &#8211; py\u00f6re\u00e4 kromipohja muovikoristeella; &#8211; keinonahkaverhoilu; &#8211; harmaa v\u00e4ri; &#8211; tuotanto: Kiina &#8211; mitat 170*62*55-70h &#8211; paino 54,5 kg &#8211; kuorma 120 kg.<\/p>\n<p>ilman pakkausta,<\/p>\n<p>Se on n\u00e4ht\u00e4viss\u00e4 varastossa Luise tn 4c, Tallinna<\/p>","protected":false},"excerpt":{"rendered":"<p>Kosmetiikkatuolissa on alkuper\u00e4inen muotoilu ja se on valmistettu moderneista materiaaleista. T\u00e4m\u00e4 malli on suunniteltu erilaisiin kosmeettisiin toimenpiteisiin. Tuoli on asennettu<\/p>\n","protected":false},"featured_media":301,"template":"","meta":[],"product_brand":[],"product_cat":[24,344],"product_tag":[],"class_list":{"0":"post-886","1":"product","2":"type-product","3":"status-publish","4":"has-post-thumbnail","6":"product_cat-ilusalongimoobel","7":"product_cat-kliendivoodid-ja-protseduurilauad","9":"first","10":"instock","11":"taxable","12":"shipping-taxable","13":"purchasable","14":"product-type-simple"},"yoast_head":"<!-- This site is optimized with the Yoast SEO plugin v24.4 - https:\/\/yoast.com\/wordpress\/plugins\/seo\/ -->\n<title>Meikkituoli hoittotuoli | Valika<\/title>\n<meta name=\"robots\" content=\"index, follow, max-snippet:-1, max-image-preview:large, max-video-preview:-1\" \/>\n<link rel=\"canonical\" href=\"https:\/\/valika.eu\/fi\/toode\/hoitotuoli-meikkituoli\/\" \/>\n<meta property=\"og:locale\" content=\"fi_FI\" \/>\n<meta property=\"og:type\" content=\"article\" \/>\n<meta property=\"og:title\" content=\"Meikkituoli hoittotuoli | Valika\" \/>\n<meta property=\"og:description\" content=\"Kosmetiikkatuolissa on alkuper\u00e4inen muotoilu ja se on valmistettu moderneista materiaaleista. T\u00e4m\u00e4 malli on suunniteltu erilaisiin kosmeettisiin toimenpiteisiin. Tuoli on asennettu\" \/>\n<meta property=\"og:url\" content=\"https:\/\/valika.eu\/fi\/toode\/hoitotuoli-meikkituoli\/\" \/>\n<meta property=\"og:site_name\" content=\"Valika\" \/>\n<meta property=\"article:publisher\" content=\"https:\/\/www.facebook.com\/tipsi.net\" \/>\n<meta property=\"article:modified_time\" content=\"2025-10-27T13:46:58+00:00\" \/>\n<meta property=\"og:image\" content=\"https:\/\/valika.eu\/wp-content\/uploads\/2023\/11\/meigitool_kosmeetikutool.jpg\" \/>\n\t<meta property=\"og:image:width\" content=\"600\" \/>\n\t<meta property=\"og:image:height\" content=\"600\" \/>\n\t<meta property=\"og:image:type\" content=\"image\/jpeg\" \/>\n<meta name=\"twitter:card\" content=\"summary_large_image\" \/>\n<script type=\"application\/ld+json\" class=\"yoast-schema-graph\">{\"@context\":\"https:\/\/schema.org\",\"@graph\":[{\"@type\":\"WebPage\",\"@id\":\"https:\/\/valika.eu\/fi\/toode\/hoitotuoli-meikkituoli\/\",\"url\":\"https:\/\/valika.eu\/fi\/toode\/hoitotuoli-meikkituoli\/\",\"name\":\"Meikkituoli hoittotuoli | Valika\",\"isPartOf\":{\"@id\":\"https:\/\/valika.eu\/fi\/#website\"},\"primaryImageOfPage\":{\"@id\":\"https:\/\/valika.eu\/fi\/toode\/hoitotuoli-meikkituoli\/#primaryimage\"},\"image\":{\"@id\":\"https:\/\/valika.eu\/toode\/hoitotuoli-meikkituoli\/#primaryimage\"},\"thumbnailUrl\":\"https:\/\/valika.eu\/wp-content\/uploads\/2023\/11\/meigitool_kosmeetikutool.jpg\",\"datePublished\":\"2024-09-24T10:35:44+00:00\",\"dateModified\":\"2025-10-27T13:46:58+00:00\",\"breadcrumb\":{\"@id\":\"https:\/\/valika.eu\/fi\/toode\/hoitotuoli-meikkituoli\/#breadcrumb\"},\"inLanguage\":\"fi\",\"potentialAction\":[{\"@type\":\"ReadAction\",\"target\":[[\"https:\/\/valika.eu\/fi\/toode\/hoitotuoli-meikkituoli\/\"]]}]},{\"@type\":\"ImageObject\",\"inLanguage\":\"fi\",\"@id\":\"https:\/\/valika.eu\/fi\/toode\/hoitotuoli-meikkituoli\/#primaryimage\",\"url\":\"https:\/\/valika.eu\/wp-content\/uploads\/2023\/11\/meigitool_kosmeetikutool.jpg\",\"contentUrl\":\"https:\/\/valika.eu\/wp-content\/uploads\/2023\/11\/meigitool_kosmeetikutool.jpg\",\"width\":600,\"height\":600},{\"@type\":\"BreadcrumbList\",\"@id\":\"https:\/\/valika.eu\/fi\/toode\/hoitotuoli-meikkituoli\/#breadcrumb\",\"itemListElement\":[{\"@type\":\"ListItem\",\"position\":1,\"name\":\"Koti\",\"item\":\"https:\/\/valika.eu\/fi\/\"},{\"@type\":\"ListItem\",\"position\":2,\"name\":\"Shop\",\"item\":\"https:\/\/valika.eu\/fi\/\"},{\"@type\":\"ListItem\",\"position\":3,\"name\":\"Hoitotuoli Meikkituoli\"}]},{\"@type\":\"WebSite\",\"@id\":\"https:\/\/valika.eu\/fi\/#website\",\"url\":\"https:\/\/valika.eu\/fi\/\",\"name\":\"Valika.eu\",\"description\":\"Salonkituotteet ja kauneudenhoitotuotteet - Valika tarjoaa laajan valikoiman tuotteita ja tarvikkeita kynsiteknikoille, kauneushoitoloille, kampaamoille ja kampaamoille.\",\"publisher\":{\"@id\":\"https:\/\/valika.eu\/fi\/#organization\"},\"alternateName\":\"Valika\",\"potentialAction\":[{\"@type\":\"SearchAction\",\"target\":{\"@type\":\"EntryPoint\",\"urlTemplate\":\"https:\/\/valika.eu\/fi\/?s={search_term_string}\"},\"query-input\":{\"@type\":\"PropertyValueSpecification\",\"valueRequired\":true,\"valueName\":\"search_term_string\"}}],\"inLanguage\":\"fi\"},{\"@type\":\"Organization\",\"@id\":\"https:\/\/valika.eu\/fi\/#organization\",\"name\":\"Salongitoode O\u00dc\",\"alternateName\":\"Valika\",\"url\":\"https:\/\/valika.eu\/fi\/\",\"logo\":{\"@type\":\"ImageObject\",\"inLanguage\":\"fi\",\"@id\":\"https:\/\/valika.eu\/fi\/#\/schema\/logo\/image\/\",\"url\":\"https:\/\/valika.eu\/wp-content\/uploads\/2023\/11\/logo2-valika-footer.png\",\"contentUrl\":\"https:\/\/valika.eu\/wp-content\/uploads\/2023\/11\/logo2-valika-footer.png\",\"width\":200,\"height\":129,\"caption\":\"Salongitoode O\u00dc\"},\"image\":{\"@id\":\"https:\/\/valika.eu\/fi\/#\/schema\/logo\/image\/\"},\"sameAs\":[\"https:\/\/www.facebook.com\/tipsi.net\"]}]}<\/script>\n<!-- \/ Yoast SEO plugin. -->","yoast_head_json":{"title":"Meikkituoli hoittotuoli | Valika","robots":{"index":"index","follow":"follow","max-snippet":"max-snippet:-1","max-image-preview":"max-image-preview:large","max-video-preview":"max-video-preview:-1"},"canonical":"https:\/\/valika.eu\/fi\/toode\/hoitotuoli-meikkituoli\/","og_locale":"fi_FI","og_type":"article","og_title":"Meikkituoli hoittotuoli | Valika","og_description":"Kosmetiikkatuolissa on alkuper\u00e4inen muotoilu ja se on valmistettu moderneista materiaaleista. T\u00e4m\u00e4 malli on suunniteltu erilaisiin kosmeettisiin toimenpiteisiin. Tuoli on asennettu","og_url":"https:\/\/valika.eu\/fi\/toode\/hoitotuoli-meikkituoli\/","og_site_name":"Valika","article_publisher":"https:\/\/www.facebook.com\/tipsi.net","article_modified_time":"2025-10-27T13:46:58+00:00","og_image":[{"width":600,"height":600,"url":"https:\/\/valika.eu\/wp-content\/uploads\/2023\/11\/meigitool_kosmeetikutool.jpg","type":"image\/jpeg"}],"twitter_card":"summary_large_image","schema":{"@context":"https:\/\/schema.org","@graph":[{"@type":"WebPage","@id":"https:\/\/valika.eu\/fi\/toode\/hoitotuoli-meikkituoli\/","url":"https:\/\/valika.eu\/fi\/toode\/hoitotuoli-meikkituoli\/","name":"Meikkituoli hoittotuoli | Valika","isPartOf":{"@id":"https:\/\/valika.eu\/fi\/#website"},"primaryImageOfPage":{"@id":"https:\/\/valika.eu\/fi\/toode\/hoitotuoli-meikkituoli\/#primaryimage"},"image":{"@id":"https:\/\/valika.eu\/toode\/hoitotuoli-meikkituoli\/#primaryimage"},"thumbnailUrl":"https:\/\/valika.eu\/wp-content\/uploads\/2023\/11\/meigitool_kosmeetikutool.jpg","datePublished":"2024-09-24T10:35:44+00:00","dateModified":"2025-10-27T13:46:58+00:00","breadcrumb":{"@id":"https:\/\/valika.eu\/fi\/toode\/hoitotuoli-meikkituoli\/#breadcrumb"},"inLanguage":"fi","potentialAction":[{"@type":"ReadAction","target":[["https:\/\/valika.eu\/fi\/toode\/hoitotuoli-meikkituoli\/"]]}]},{"@type":"ImageObject","inLanguage":"fi","@id":"https:\/\/valika.eu\/fi\/toode\/hoitotuoli-meikkituoli\/#primaryimage","url":"https:\/\/valika.eu\/wp-content\/uploads\/2023\/11\/meigitool_kosmeetikutool.jpg","contentUrl":"https:\/\/valika.eu\/wp-content\/uploads\/2023\/11\/meigitool_kosmeetikutool.jpg","width":600,"height":600},{"@type":"BreadcrumbList","@id":"https:\/\/valika.eu\/fi\/toode\/hoitotuoli-meikkituoli\/#breadcrumb","itemListElement":[{"@type":"ListItem","position":1,"name":"Koti","item":"https:\/\/valika.eu\/fi\/"},{"@type":"ListItem","position":2,"name":"Shop","item":"https:\/\/valika.eu\/fi\/"},{"@type":"ListItem","position":3,"name":"Hoitotuoli Meikkituoli"}]},{"@type":"WebSite","@id":"https:\/\/valika.eu\/fi\/#website","url":"https:\/\/valika.eu\/fi\/","name":"Valika.eu","description":"Salonkituotteet ja kauneudenhoitotuotteet - Valika tarjoaa laajan valikoiman tuotteita ja tarvikkeita kynsiteknikoille, kauneushoitoloille, kampaamoille ja kampaamoille.","publisher":{"@id":"https:\/\/valika.eu\/fi\/#organization"},"alternateName":"Valika","potentialAction":[{"@type":"SearchAction","target":{"@type":"EntryPoint","urlTemplate":"https:\/\/valika.eu\/fi\/?s={search_term_string}"},"query-input":{"@type":"PropertyValueSpecification","valueRequired":true,"valueName":"search_term_string"}}],"inLanguage":"fi"},{"@type":"Organization","@id":"https:\/\/valika.eu\/fi\/#organization","name":"Salongitoode O\u00dc","alternateName":"Valika","url":"https:\/\/valika.eu\/fi\/","logo":{"@type":"ImageObject","inLanguage":"fi","@id":"https:\/\/valika.eu\/fi\/#\/schema\/logo\/image\/","url":"https:\/\/valika.eu\/wp-content\/uploads\/2023\/11\/logo2-valika-footer.png","contentUrl":"https:\/\/valika.eu\/wp-content\/uploads\/2023\/11\/logo2-valika-footer.png","width":200,"height":129,"caption":"Salongitoode O\u00dc"},"image":{"@id":"https:\/\/valika.eu\/fi\/#\/schema\/logo\/image\/"},"sameAs":["https:\/\/www.facebook.com\/tipsi.net"]}]}},"jetpack_sharing_enabled":true,"_links":{"self":[{"href":"https:\/\/valika.eu\/fi\/wp-json\/wp\/v2\/product\/886","targetHints":{"allow":["GET"]}}],"collection":[{"href":"https:\/\/valika.eu\/fi\/wp-json\/wp\/v2\/product"}],"about":[{"href":"https:\/\/valika.eu\/fi\/wp-json\/wp\/v2\/types\/product"}],"wp:featuredmedia":[{"embeddable":true,"href":"https:\/\/valika.eu\/fi\/wp-json\/wp\/v2\/media\/301"}],"wp:attachment":[{"href":"https:\/\/valika.eu\/fi\/wp-json\/wp\/v2\/media?parent=886"}],"wp:term":[{"taxonomy":"product_brand","embeddable":true,"href":"https:\/\/valika.eu\/fi\/wp-json\/wp\/v2\/product_brand?post=886"},{"taxonomy":"product_cat","embeddable":true,"href":"https:\/\/valika.eu\/fi\/wp-json\/wp\/v2\/product_cat?post=886"},{"taxonomy":"product_tag","embeddable":true,"href":"https:\/\/valika.eu\/fi\/wp-json\/wp\/v2\/product_tag?post=886"}],"curies":[{"name":"wp","href":"https:\/\/api.w.org\/{rel}","templated":true}]}}