{"id":8918,"date":"2024-10-14T05:03:41","date_gmt":"2024-10-14T02:03:41","guid":{"rendered":"https:\/\/valika.eu\/toode\/claresa-vanilla-kuunenahaoli-5-ml\/"},"modified":"2026-03-26T09:57:49","modified_gmt":"2026-03-26T07:57:49","slug":"claresa-vanilla-kuunenahaoli-5-ml","status":"publish","type":"product","link":"https:\/\/valika.eu\/fi\/toode\/claresa-vanilla-kuunenahaoli-5-ml\/","title":{"rendered":"Claresa Vanilla k\u00fc\u00fcnenaha\u00f5li 5 ml"},"content":{"rendered":"<p><\/p>\n<p><strong>Hedelmien kynsinauhojen ja kynsien \u00f6ljyt<\/strong> ovat vastaus kuiviin, halkeileviin kynsinauhoihin ja heikentyneeseen, vaurioituneeseen kynsilevyyn. Ne tukevat suojaa ulkoisten tekij\u00f6iden haitallisilta vaikutuksilta ja est\u00e4v\u00e4t kynsinauhojen kuivumista. Ne sis\u00e4lt\u00e4v\u00e4t ravitsevia \u00f6ljyj\u00e4, jotka kosteuttavat ja pehment\u00e4v\u00e4t kynsinauhoja ja vahvistavat kynsi\u00e4. Oliiveilla on positiivinen vaikutus kynsimatriisin uudistumiseen, jolloin kynsilevy kasvaa vahvemmiksi ja v\u00e4hemm\u00e4n alttiiksi vaurioille. Piece of Fruit -oliivit ovat t\u00e4ydellinen viimeistely mihin tahansa muotoiluun, mutta my\u00f6s erinomainen ravinto maalaamattomille kynsille. <br \/><strong>VANILJA-oliivi, jossa on makean vaniljan tuoksu<\/strong> on eritt\u00e4in naisellinen, viettelev\u00e4 tuoksu.<\/p>\n<p><strong><span style=\"color: #cc8797\">KIINNOSTA. FAKTA:\u00a0<\/span><\/strong><br \/>Oliiviresepti\u00e4 on rikastettu:<br \/>\u2022 Makea manteli\u00f6ljy &#8211; vahvistaa kynsilevy\u00e4, ravitsee, kosteuttaa ja pehment\u00e4\u00e4 kynsinauhoja t\u00e4ydellisesti;<br \/>\u2022 Persikka siemen\u00f6ljy &#8211; ehk\u00e4isee kynsien haurautta ja stimuloi niiden kasvua, vahvistaa kynsilevy\u00e4.<\/p>\n<p><strong><span style=\"color: #cc8797\">K\u00c4YTT\u00d6:<\/span><\/strong><br \/> Pieni m\u00e4\u00e4r\u00e4 oliivi\u00f6ljy\u00e4 levitet\u00e4\u00e4n kynsinauhoille kynsien ymp\u00e4rill\u00e4. Suorita hell\u00e4varainen hieronta, kunnes tuote on imeytynyt. Oliivi\u00f6ljy sopii mainiosti sek\u00e4 v\u00e4litt\u00f6m\u00e4sti manikyyrin j\u00e4lkeen ett\u00e4 p\u00e4ivitt\u00e4iseen hoitorituaaliin.<\/p>\n<div class=\"video-container\"><\/div>\n<p><\/p>","protected":false},"excerpt":{"rendered":"<p>Hedelmien kynsinauhojen ja kynsien \u00f6ljyt ovat vastaus kuiviin, halkeileviin kynsinauhoihin ja heikentyneeseen, vaurioituneeseen kynsilevyyn. Ne tukevat suojaa ulkoisten tekij\u00f6iden haitallisilta<\/p>\n","protected":false},"featured_media":8917,"template":"","meta":[],"product_brand":[],"product_cat":[596],"product_tag":[],"class_list":{"0":"post-8918","1":"product","2":"type-product","3":"status-publish","4":"has-post-thumbnail","6":"product_cat-kuunenahaoli","8":"first","9":"instock","10":"taxable","11":"shipping-taxable","12":"purchasable","13":"product-type-simple"},"yoast_head":"<!-- This site is optimized with the Yoast SEO plugin v24.4 - https:\/\/yoast.com\/wordpress\/plugins\/seo\/ -->\n<title>Claresa Vanilla k\u00fc\u00fcnenaha\u00f5li 5 ml | Valika<\/title>\n<meta name=\"robots\" content=\"index, follow, max-snippet:-1, max-image-preview:large, max-video-preview:-1\" \/>\n<link rel=\"canonical\" href=\"https:\/\/valika.eu\/fi\/toode\/claresa-vanilla-kuunenahaoli-5-ml\/\" \/>\n<meta property=\"og:locale\" content=\"fi_FI\" \/>\n<meta property=\"og:type\" content=\"article\" \/>\n<meta property=\"og:title\" content=\"Claresa Vanilla k\u00fc\u00fcnenaha\u00f5li 5 ml | Valika\" \/>\n<meta property=\"og:description\" content=\"Hedelmien kynsinauhojen ja kynsien \u00f6ljyt ovat vastaus kuiviin, halkeileviin kynsinauhoihin ja heikentyneeseen, vaurioituneeseen kynsilevyyn. Ne tukevat suojaa ulkoisten tekij\u00f6iden haitallisilta\" \/>\n<meta property=\"og:url\" content=\"https:\/\/valika.eu\/fi\/toode\/claresa-vanilla-kuunenahaoli-5-ml\/\" \/>\n<meta property=\"og:site_name\" content=\"Valika\" \/>\n<meta property=\"article:publisher\" content=\"https:\/\/www.facebook.com\/tipsi.net\" \/>\n<meta property=\"article:modified_time\" content=\"2026-03-26T07:57:49+00:00\" \/>\n<meta property=\"og:image\" content=\"https:\/\/valika.eu\/wp-content\/uploads\/2024\/10\/7555.jpg\" \/>\n\t<meta property=\"og:image:width\" content=\"1500\" \/>\n\t<meta property=\"og:image:height\" content=\"1500\" \/>\n\t<meta property=\"og:image:type\" content=\"image\/jpeg\" \/>\n<meta name=\"twitter:card\" content=\"summary_large_image\" \/>\n<script type=\"application\/ld+json\" class=\"yoast-schema-graph\">{\"@context\":\"https:\/\/schema.org\",\"@graph\":[{\"@type\":\"WebPage\",\"@id\":\"https:\/\/valika.eu\/fi\/toode\/claresa-vanilla-kuunenahaoli-5-ml\/\",\"url\":\"https:\/\/valika.eu\/fi\/toode\/claresa-vanilla-kuunenahaoli-5-ml\/\",\"name\":\"Claresa Vanilla k\u00fc\u00fcnenaha\u00f5li 5 ml | Valika\",\"isPartOf\":{\"@id\":\"https:\/\/valika.eu\/fi\/#website\"},\"primaryImageOfPage\":{\"@id\":\"https:\/\/valika.eu\/fi\/toode\/claresa-vanilla-kuunenahaoli-5-ml\/#primaryimage\"},\"image\":{\"@id\":\"https:\/\/valika.eu\/toode\/claresa-vanilla-kuunenahaoli-5-ml\/#primaryimage\"},\"thumbnailUrl\":\"https:\/\/valika.eu\/wp-content\/uploads\/2024\/10\/7555.jpg\",\"datePublished\":\"2024-10-14T02:03:41+00:00\",\"dateModified\":\"2026-03-26T07:57:49+00:00\",\"breadcrumb\":{\"@id\":\"https:\/\/valika.eu\/fi\/toode\/claresa-vanilla-kuunenahaoli-5-ml\/#breadcrumb\"},\"inLanguage\":\"fi\",\"potentialAction\":[{\"@type\":\"ReadAction\",\"target\":[[\"https:\/\/valika.eu\/fi\/toode\/claresa-vanilla-kuunenahaoli-5-ml\/\"]]}]},{\"@type\":\"ImageObject\",\"inLanguage\":\"fi\",\"@id\":\"https:\/\/valika.eu\/fi\/toode\/claresa-vanilla-kuunenahaoli-5-ml\/#primaryimage\",\"url\":\"https:\/\/valika.eu\/wp-content\/uploads\/2024\/10\/7555.jpg\",\"contentUrl\":\"https:\/\/valika.eu\/wp-content\/uploads\/2024\/10\/7555.jpg\",\"width\":1500,\"height\":1500},{\"@type\":\"BreadcrumbList\",\"@id\":\"https:\/\/valika.eu\/fi\/toode\/claresa-vanilla-kuunenahaoli-5-ml\/#breadcrumb\",\"itemListElement\":[{\"@type\":\"ListItem\",\"position\":1,\"name\":\"Koti\",\"item\":\"https:\/\/valika.eu\/fi\/\"},{\"@type\":\"ListItem\",\"position\":2,\"name\":\"Shop\",\"item\":\"https:\/\/valika.eu\/fi\/\"},{\"@type\":\"ListItem\",\"position\":3,\"name\":\"Claresa Vanilla k\u00fc\u00fcnenaha\u00f5li 5 ml\"}]},{\"@type\":\"WebSite\",\"@id\":\"https:\/\/valika.eu\/fi\/#website\",\"url\":\"https:\/\/valika.eu\/fi\/\",\"name\":\"Valika.eu\",\"description\":\"Salonkituotteet ja kauneudenhoitotuotteet - Valika tarjoaa laajan valikoiman tuotteita ja tarvikkeita kynsiteknikoille, kauneushoitoloille, kampaamoille ja kampaamoille.\",\"publisher\":{\"@id\":\"https:\/\/valika.eu\/fi\/#organization\"},\"alternateName\":\"Valika\",\"potentialAction\":[{\"@type\":\"SearchAction\",\"target\":{\"@type\":\"EntryPoint\",\"urlTemplate\":\"https:\/\/valika.eu\/fi\/?s={search_term_string}\"},\"query-input\":{\"@type\":\"PropertyValueSpecification\",\"valueRequired\":true,\"valueName\":\"search_term_string\"}}],\"inLanguage\":\"fi\"},{\"@type\":\"Organization\",\"@id\":\"https:\/\/valika.eu\/fi\/#organization\",\"name\":\"Salongitoode O\u00dc\",\"alternateName\":\"Valika\",\"url\":\"https:\/\/valika.eu\/fi\/\",\"logo\":{\"@type\":\"ImageObject\",\"inLanguage\":\"fi\",\"@id\":\"https:\/\/valika.eu\/fi\/#\/schema\/logo\/image\/\",\"url\":\"https:\/\/valika.eu\/wp-content\/uploads\/2023\/11\/logo2-valika-footer.png\",\"contentUrl\":\"https:\/\/valika.eu\/wp-content\/uploads\/2023\/11\/logo2-valika-footer.png\",\"width\":200,\"height\":129,\"caption\":\"Salongitoode O\u00dc\"},\"image\":{\"@id\":\"https:\/\/valika.eu\/fi\/#\/schema\/logo\/image\/\"},\"sameAs\":[\"https:\/\/www.facebook.com\/tipsi.net\"]}]}<\/script>\n<!-- \/ Yoast SEO plugin. -->","yoast_head_json":{"title":"Claresa Vanilla k\u00fc\u00fcnenaha\u00f5li 5 ml | Valika","robots":{"index":"index","follow":"follow","max-snippet":"max-snippet:-1","max-image-preview":"max-image-preview:large","max-video-preview":"max-video-preview:-1"},"canonical":"https:\/\/valika.eu\/fi\/toode\/claresa-vanilla-kuunenahaoli-5-ml\/","og_locale":"fi_FI","og_type":"article","og_title":"Claresa Vanilla k\u00fc\u00fcnenaha\u00f5li 5 ml | Valika","og_description":"Hedelmien kynsinauhojen ja kynsien \u00f6ljyt ovat vastaus kuiviin, halkeileviin kynsinauhoihin ja heikentyneeseen, vaurioituneeseen kynsilevyyn. Ne tukevat suojaa ulkoisten tekij\u00f6iden haitallisilta","og_url":"https:\/\/valika.eu\/fi\/toode\/claresa-vanilla-kuunenahaoli-5-ml\/","og_site_name":"Valika","article_publisher":"https:\/\/www.facebook.com\/tipsi.net","article_modified_time":"2026-03-26T07:57:49+00:00","og_image":[{"width":1500,"height":1500,"url":"https:\/\/valika.eu\/wp-content\/uploads\/2024\/10\/7555.jpg","type":"image\/jpeg"}],"twitter_card":"summary_large_image","schema":{"@context":"https:\/\/schema.org","@graph":[{"@type":"WebPage","@id":"https:\/\/valika.eu\/fi\/toode\/claresa-vanilla-kuunenahaoli-5-ml\/","url":"https:\/\/valika.eu\/fi\/toode\/claresa-vanilla-kuunenahaoli-5-ml\/","name":"Claresa Vanilla k\u00fc\u00fcnenaha\u00f5li 5 ml | Valika","isPartOf":{"@id":"https:\/\/valika.eu\/fi\/#website"},"primaryImageOfPage":{"@id":"https:\/\/valika.eu\/fi\/toode\/claresa-vanilla-kuunenahaoli-5-ml\/#primaryimage"},"image":{"@id":"https:\/\/valika.eu\/toode\/claresa-vanilla-kuunenahaoli-5-ml\/#primaryimage"},"thumbnailUrl":"https:\/\/valika.eu\/wp-content\/uploads\/2024\/10\/7555.jpg","datePublished":"2024-10-14T02:03:41+00:00","dateModified":"2026-03-26T07:57:49+00:00","breadcrumb":{"@id":"https:\/\/valika.eu\/fi\/toode\/claresa-vanilla-kuunenahaoli-5-ml\/#breadcrumb"},"inLanguage":"fi","potentialAction":[{"@type":"ReadAction","target":[["https:\/\/valika.eu\/fi\/toode\/claresa-vanilla-kuunenahaoli-5-ml\/"]]}]},{"@type":"ImageObject","inLanguage":"fi","@id":"https:\/\/valika.eu\/fi\/toode\/claresa-vanilla-kuunenahaoli-5-ml\/#primaryimage","url":"https:\/\/valika.eu\/wp-content\/uploads\/2024\/10\/7555.jpg","contentUrl":"https:\/\/valika.eu\/wp-content\/uploads\/2024\/10\/7555.jpg","width":1500,"height":1500},{"@type":"BreadcrumbList","@id":"https:\/\/valika.eu\/fi\/toode\/claresa-vanilla-kuunenahaoli-5-ml\/#breadcrumb","itemListElement":[{"@type":"ListItem","position":1,"name":"Koti","item":"https:\/\/valika.eu\/fi\/"},{"@type":"ListItem","position":2,"name":"Shop","item":"https:\/\/valika.eu\/fi\/"},{"@type":"ListItem","position":3,"name":"Claresa Vanilla k\u00fc\u00fcnenaha\u00f5li 5 ml"}]},{"@type":"WebSite","@id":"https:\/\/valika.eu\/fi\/#website","url":"https:\/\/valika.eu\/fi\/","name":"Valika.eu","description":"Salonkituotteet ja kauneudenhoitotuotteet - Valika tarjoaa laajan valikoiman tuotteita ja tarvikkeita kynsiteknikoille, kauneushoitoloille, kampaamoille ja kampaamoille.","publisher":{"@id":"https:\/\/valika.eu\/fi\/#organization"},"alternateName":"Valika","potentialAction":[{"@type":"SearchAction","target":{"@type":"EntryPoint","urlTemplate":"https:\/\/valika.eu\/fi\/?s={search_term_string}"},"query-input":{"@type":"PropertyValueSpecification","valueRequired":true,"valueName":"search_term_string"}}],"inLanguage":"fi"},{"@type":"Organization","@id":"https:\/\/valika.eu\/fi\/#organization","name":"Salongitoode O\u00dc","alternateName":"Valika","url":"https:\/\/valika.eu\/fi\/","logo":{"@type":"ImageObject","inLanguage":"fi","@id":"https:\/\/valika.eu\/fi\/#\/schema\/logo\/image\/","url":"https:\/\/valika.eu\/wp-content\/uploads\/2023\/11\/logo2-valika-footer.png","contentUrl":"https:\/\/valika.eu\/wp-content\/uploads\/2023\/11\/logo2-valika-footer.png","width":200,"height":129,"caption":"Salongitoode O\u00dc"},"image":{"@id":"https:\/\/valika.eu\/fi\/#\/schema\/logo\/image\/"},"sameAs":["https:\/\/www.facebook.com\/tipsi.net"]}]}},"jetpack_sharing_enabled":true,"_links":{"self":[{"href":"https:\/\/valika.eu\/fi\/wp-json\/wp\/v2\/product\/8918","targetHints":{"allow":["GET"]}}],"collection":[{"href":"https:\/\/valika.eu\/fi\/wp-json\/wp\/v2\/product"}],"about":[{"href":"https:\/\/valika.eu\/fi\/wp-json\/wp\/v2\/types\/product"}],"wp:featuredmedia":[{"embeddable":true,"href":"https:\/\/valika.eu\/fi\/wp-json\/wp\/v2\/media\/8917"}],"wp:attachment":[{"href":"https:\/\/valika.eu\/fi\/wp-json\/wp\/v2\/media?parent=8918"}],"wp:term":[{"taxonomy":"product_brand","embeddable":true,"href":"https:\/\/valika.eu\/fi\/wp-json\/wp\/v2\/product_brand?post=8918"},{"taxonomy":"product_cat","embeddable":true,"href":"https:\/\/valika.eu\/fi\/wp-json\/wp\/v2\/product_cat?post=8918"},{"taxonomy":"product_tag","embeddable":true,"href":"https:\/\/valika.eu\/fi\/wp-json\/wp\/v2\/product_tag?post=8918"}],"curies":[{"name":"wp","href":"https:\/\/api.w.org\/{rel}","templated":true}]}}