{"id":8953,"date":"2024-10-14T05:04:35","date_gmt":"2024-10-14T02:04:35","guid":{"rendered":"https:\/\/valika.eu\/toode\/claresa-cherry-kuunenahavoi-13-g\/"},"modified":"2025-12-12T14:17:55","modified_gmt":"2025-12-12T12:17:55","slug":"claresa-cherry-kuunenahavoi-13-g","status":"publish","type":"product","link":"https:\/\/valika.eu\/fi\/toode\/claresa-cherry-kuunenahavoi-13-g\/","title":{"rendered":"Claresa Cherry kynsinauhoitevoi 13 g"},"content":{"rendered":"<p><\/p>\n<p><strong>Kauniit kynnet ILMAN repeytymist\u00e4, KUIVAT kynsinauhoja<\/strong><\/p>\n<p>Miten hoidat kynsinauhojasi niin, ett\u00e4 ne ovat hyvin kosteutetut, hyvin hoidetut eiv\u00e4tk\u00e4 halkeile? Heid\u00e4n hoitonsa ei ole salainen tieto ollenkaan! Kynsinauhat, kuten koko keho, vaativat s\u00e4\u00e4nn\u00f6llist\u00e4 hoitoa. Altistuessaan kuivuville pesuaineille tai alhaisille l\u00e4mp\u00f6tiloille ne kuivuvat ja irtoavat nopeammin. <strong>hedelm\u00e4voi kynsinauhojen ja kynsien hoitoon<\/strong> tulevat apuun, ne kosteuttavat, pehment\u00e4v\u00e4t ja suojaavat kynsinauhoja t\u00e4ydellisesti kuivumiselta. Hoitavilla \u00f6ljyill\u00e4 rikastetut ne hoitavat ja tasoittavat kynsinauhoja. Voi, jossa on aromaattinen kirsikan tuoksu, joka on luotu intensiivisten, hedelm\u00e4isten aromien yst\u00e4ville, joka saa sinut tuntemaan olosi kirsikkatarhassa, joka on t\u00e4ynn\u00e4 mehukkaita hedelmi\u00e4 ja kauniita kukkia.<\/p>\n<p><strong><span> KIINTOINEN FAKTA:\u00a0<\/span><\/strong><br \/>Vin resepti on rikastettu:<br \/>\u2022 ryp\u00e4leen siemen\u00f6ljyll\u00e4 &#8211; on vahvat suojaavat ominaisuudet, olosuhteet, tekee kynsinauhoista sile\u00e4 ja pehme\u00e4;<br \/>\u2022 risiini\u00f6ljy &#8211; hoitaa, pehment\u00e4\u00e4 ja tasoittaa, vahvistaa kynsilevy\u00e4, saa kynnet kiilt\u00e4m\u00e4\u00e4n kauniisti;<br \/>\u2022 Sheavoi &#8211; voitelee hell\u00e4sti, suojaa kuivumiselta, pehment\u00e4\u00e4 ja tasoittaa.<\/p>\n<p> <strong><span style=\"color: #cc8797\">K\u00c4YTT\u00d6:<\/span><\/strong><br \/>Levit\u00e4 pieni m\u00e4\u00e4r\u00e4 kynsien ymp\u00e4rill\u00e4 oleviin kynsinauhoihin ja hiero kunnes se on imeytynyt. Muista olla s\u00e4\u00e4nn\u00f6llinen saadaksesi parhaat tulokset. Voimakasta kosteutusta varten levit\u00e4 runsaasti kynsinauhoille, pue puuvillahanskat ja j\u00e4t\u00e4 k\u00e4siin y\u00f6n yli.<\/p>\n<\/p>\n<p><img loading=\"lazy\" decoding=\"async\" src=\"\/userdata\/public\/assets\/\/Claresa- hedelm\u00e4- mass%C5%82ka-do-sk%C3%B3rek-manicure.jpg\" alt=\"kynsinauhojen voi \" width=\"1960\" height=\"740\" \/><\/p>\n<div class=\"video-container \"><\/div>\n<p><\/p>","protected":false},"excerpt":{"rendered":"<p>Kauniit kynnet ILMAN repeytymist\u00e4, KUIVAT kynsinauhoja Miten hoidat kynsinauhojasi niin, ett\u00e4 ne ovat hyvin kosteutetut, hyvin hoidetut eiv\u00e4tk\u00e4 halkeile? Heid\u00e4n<\/p>\n","protected":false},"featured_media":8952,"template":"","meta":[],"product_brand":[],"product_cat":[596],"product_tag":[],"class_list":{"0":"post-8953","1":"product","2":"type-product","3":"status-publish","4":"has-post-thumbnail","6":"product_cat-kuunenahaoli","8":"first","9":"outofstock","10":"taxable","11":"shipping-taxable","12":"purchasable","13":"product-type-simple"},"yoast_head":"<!-- This site is optimized with the Yoast SEO plugin v24.4 - https:\/\/yoast.com\/wordpress\/plugins\/seo\/ -->\n<title>Claresa Cherry kynsinauhoitevoi 13 g | Valika<\/title>\n<meta name=\"robots\" content=\"index, follow, max-snippet:-1, max-image-preview:large, max-video-preview:-1\" \/>\n<link rel=\"canonical\" href=\"https:\/\/valika.eu\/fi\/toode\/claresa-cherry-kuunenahavoi-13-g\/\" \/>\n<meta property=\"og:locale\" content=\"fi_FI\" \/>\n<meta property=\"og:type\" content=\"article\" \/>\n<meta property=\"og:title\" content=\"Claresa Cherry kynsinauhoitevoi 13 g | Valika\" \/>\n<meta property=\"og:description\" content=\"Kauniit kynnet ILMAN repeytymist\u00e4, KUIVAT kynsinauhoja Miten hoidat kynsinauhojasi niin, ett\u00e4 ne ovat hyvin kosteutetut, hyvin hoidetut eiv\u00e4tk\u00e4 halkeile? Heid\u00e4n\" \/>\n<meta property=\"og:url\" content=\"https:\/\/valika.eu\/fi\/toode\/claresa-cherry-kuunenahavoi-13-g\/\" \/>\n<meta property=\"og:site_name\" content=\"Valika\" \/>\n<meta property=\"article:publisher\" content=\"https:\/\/www.facebook.com\/tipsi.net\" \/>\n<meta property=\"article:modified_time\" content=\"2025-12-12T12:17:55+00:00\" \/>\n<meta property=\"og:image\" content=\"https:\/\/valika.eu\/wp-content\/uploads\/2024\/10\/6258.jpg\" \/>\n\t<meta property=\"og:image:width\" content=\"1500\" \/>\n\t<meta property=\"og:image:height\" content=\"1500\" \/>\n\t<meta property=\"og:image:type\" content=\"image\/jpeg\" \/>\n<meta name=\"twitter:card\" content=\"summary_large_image\" \/>\n<script type=\"application\/ld+json\" class=\"yoast-schema-graph\">{\"@context\":\"https:\/\/schema.org\",\"@graph\":[{\"@type\":\"WebPage\",\"@id\":\"https:\/\/valika.eu\/fi\/toode\/claresa-cherry-kuunenahavoi-13-g\/\",\"url\":\"https:\/\/valika.eu\/fi\/toode\/claresa-cherry-kuunenahavoi-13-g\/\",\"name\":\"Claresa Cherry kynsinauhoitevoi 13 g | Valika\",\"isPartOf\":{\"@id\":\"https:\/\/valika.eu\/fi\/#website\"},\"primaryImageOfPage\":{\"@id\":\"https:\/\/valika.eu\/fi\/toode\/claresa-cherry-kuunenahavoi-13-g\/#primaryimage\"},\"image\":{\"@id\":\"https:\/\/valika.eu\/toode\/claresa-cherry-kuunenahavoi-13-g\/#primaryimage\"},\"thumbnailUrl\":\"https:\/\/valika.eu\/wp-content\/uploads\/2024\/10\/6258.jpg\",\"datePublished\":\"2024-10-14T02:04:35+00:00\",\"dateModified\":\"2025-12-12T12:17:55+00:00\",\"breadcrumb\":{\"@id\":\"https:\/\/valika.eu\/fi\/toode\/claresa-cherry-kuunenahavoi-13-g\/#breadcrumb\"},\"inLanguage\":\"fi\",\"potentialAction\":[{\"@type\":\"ReadAction\",\"target\":[[\"https:\/\/valika.eu\/fi\/toode\/claresa-cherry-kuunenahavoi-13-g\/\"]]}]},{\"@type\":\"ImageObject\",\"inLanguage\":\"fi\",\"@id\":\"https:\/\/valika.eu\/fi\/toode\/claresa-cherry-kuunenahavoi-13-g\/#primaryimage\",\"url\":\"https:\/\/valika.eu\/wp-content\/uploads\/2024\/10\/6258.jpg\",\"contentUrl\":\"https:\/\/valika.eu\/wp-content\/uploads\/2024\/10\/6258.jpg\",\"width\":1500,\"height\":1500},{\"@type\":\"BreadcrumbList\",\"@id\":\"https:\/\/valika.eu\/fi\/toode\/claresa-cherry-kuunenahavoi-13-g\/#breadcrumb\",\"itemListElement\":[{\"@type\":\"ListItem\",\"position\":1,\"name\":\"Koti\",\"item\":\"https:\/\/valika.eu\/fi\/\"},{\"@type\":\"ListItem\",\"position\":2,\"name\":\"Shop\",\"item\":\"https:\/\/valika.eu\/fi\/\"},{\"@type\":\"ListItem\",\"position\":3,\"name\":\"Claresa Cherry k\u00fc\u00fcnenahav\u00f5i 13 g\"}]},{\"@type\":\"WebSite\",\"@id\":\"https:\/\/valika.eu\/fi\/#website\",\"url\":\"https:\/\/valika.eu\/fi\/\",\"name\":\"Valika.eu\",\"description\":\"Salonkituotteet ja kauneudenhoitotuotteet - Valika tarjoaa laajan valikoiman tuotteita ja tarvikkeita kynsiteknikoille, kauneushoitoloille, kampaamoille ja kampaamoille.\",\"publisher\":{\"@id\":\"https:\/\/valika.eu\/fi\/#organization\"},\"alternateName\":\"Valika\",\"potentialAction\":[{\"@type\":\"SearchAction\",\"target\":{\"@type\":\"EntryPoint\",\"urlTemplate\":\"https:\/\/valika.eu\/fi\/?s={search_term_string}\"},\"query-input\":{\"@type\":\"PropertyValueSpecification\",\"valueRequired\":true,\"valueName\":\"search_term_string\"}}],\"inLanguage\":\"fi\"},{\"@type\":\"Organization\",\"@id\":\"https:\/\/valika.eu\/fi\/#organization\",\"name\":\"Salongitoode O\u00dc\",\"alternateName\":\"Valika\",\"url\":\"https:\/\/valika.eu\/fi\/\",\"logo\":{\"@type\":\"ImageObject\",\"inLanguage\":\"fi\",\"@id\":\"https:\/\/valika.eu\/fi\/#\/schema\/logo\/image\/\",\"url\":\"https:\/\/valika.eu\/wp-content\/uploads\/2023\/11\/logo2-valika-footer.png\",\"contentUrl\":\"https:\/\/valika.eu\/wp-content\/uploads\/2023\/11\/logo2-valika-footer.png\",\"width\":200,\"height\":129,\"caption\":\"Salongitoode O\u00dc\"},\"image\":{\"@id\":\"https:\/\/valika.eu\/fi\/#\/schema\/logo\/image\/\"},\"sameAs\":[\"https:\/\/www.facebook.com\/tipsi.net\"]}]}<\/script>\n<!-- \/ Yoast SEO plugin. -->","yoast_head_json":{"title":"Claresa Cherry kynsinauhoitevoi 13 g | Valika","robots":{"index":"index","follow":"follow","max-snippet":"max-snippet:-1","max-image-preview":"max-image-preview:large","max-video-preview":"max-video-preview:-1"},"canonical":"https:\/\/valika.eu\/fi\/toode\/claresa-cherry-kuunenahavoi-13-g\/","og_locale":"fi_FI","og_type":"article","og_title":"Claresa Cherry kynsinauhoitevoi 13 g | Valika","og_description":"Kauniit kynnet ILMAN repeytymist\u00e4, KUIVAT kynsinauhoja Miten hoidat kynsinauhojasi niin, ett\u00e4 ne ovat hyvin kosteutetut, hyvin hoidetut eiv\u00e4tk\u00e4 halkeile? Heid\u00e4n","og_url":"https:\/\/valika.eu\/fi\/toode\/claresa-cherry-kuunenahavoi-13-g\/","og_site_name":"Valika","article_publisher":"https:\/\/www.facebook.com\/tipsi.net","article_modified_time":"2025-12-12T12:17:55+00:00","og_image":[{"width":1500,"height":1500,"url":"https:\/\/valika.eu\/wp-content\/uploads\/2024\/10\/6258.jpg","type":"image\/jpeg"}],"twitter_card":"summary_large_image","schema":{"@context":"https:\/\/schema.org","@graph":[{"@type":"WebPage","@id":"https:\/\/valika.eu\/fi\/toode\/claresa-cherry-kuunenahavoi-13-g\/","url":"https:\/\/valika.eu\/fi\/toode\/claresa-cherry-kuunenahavoi-13-g\/","name":"Claresa Cherry kynsinauhoitevoi 13 g | Valika","isPartOf":{"@id":"https:\/\/valika.eu\/fi\/#website"},"primaryImageOfPage":{"@id":"https:\/\/valika.eu\/fi\/toode\/claresa-cherry-kuunenahavoi-13-g\/#primaryimage"},"image":{"@id":"https:\/\/valika.eu\/toode\/claresa-cherry-kuunenahavoi-13-g\/#primaryimage"},"thumbnailUrl":"https:\/\/valika.eu\/wp-content\/uploads\/2024\/10\/6258.jpg","datePublished":"2024-10-14T02:04:35+00:00","dateModified":"2025-12-12T12:17:55+00:00","breadcrumb":{"@id":"https:\/\/valika.eu\/fi\/toode\/claresa-cherry-kuunenahavoi-13-g\/#breadcrumb"},"inLanguage":"fi","potentialAction":[{"@type":"ReadAction","target":[["https:\/\/valika.eu\/fi\/toode\/claresa-cherry-kuunenahavoi-13-g\/"]]}]},{"@type":"ImageObject","inLanguage":"fi","@id":"https:\/\/valika.eu\/fi\/toode\/claresa-cherry-kuunenahavoi-13-g\/#primaryimage","url":"https:\/\/valika.eu\/wp-content\/uploads\/2024\/10\/6258.jpg","contentUrl":"https:\/\/valika.eu\/wp-content\/uploads\/2024\/10\/6258.jpg","width":1500,"height":1500},{"@type":"BreadcrumbList","@id":"https:\/\/valika.eu\/fi\/toode\/claresa-cherry-kuunenahavoi-13-g\/#breadcrumb","itemListElement":[{"@type":"ListItem","position":1,"name":"Koti","item":"https:\/\/valika.eu\/fi\/"},{"@type":"ListItem","position":2,"name":"Shop","item":"https:\/\/valika.eu\/fi\/"},{"@type":"ListItem","position":3,"name":"Claresa Cherry k\u00fc\u00fcnenahav\u00f5i 13 g"}]},{"@type":"WebSite","@id":"https:\/\/valika.eu\/fi\/#website","url":"https:\/\/valika.eu\/fi\/","name":"Valika.eu","description":"Salonkituotteet ja kauneudenhoitotuotteet - Valika tarjoaa laajan valikoiman tuotteita ja tarvikkeita kynsiteknikoille, kauneushoitoloille, kampaamoille ja kampaamoille.","publisher":{"@id":"https:\/\/valika.eu\/fi\/#organization"},"alternateName":"Valika","potentialAction":[{"@type":"SearchAction","target":{"@type":"EntryPoint","urlTemplate":"https:\/\/valika.eu\/fi\/?s={search_term_string}"},"query-input":{"@type":"PropertyValueSpecification","valueRequired":true,"valueName":"search_term_string"}}],"inLanguage":"fi"},{"@type":"Organization","@id":"https:\/\/valika.eu\/fi\/#organization","name":"Salongitoode O\u00dc","alternateName":"Valika","url":"https:\/\/valika.eu\/fi\/","logo":{"@type":"ImageObject","inLanguage":"fi","@id":"https:\/\/valika.eu\/fi\/#\/schema\/logo\/image\/","url":"https:\/\/valika.eu\/wp-content\/uploads\/2023\/11\/logo2-valika-footer.png","contentUrl":"https:\/\/valika.eu\/wp-content\/uploads\/2023\/11\/logo2-valika-footer.png","width":200,"height":129,"caption":"Salongitoode O\u00dc"},"image":{"@id":"https:\/\/valika.eu\/fi\/#\/schema\/logo\/image\/"},"sameAs":["https:\/\/www.facebook.com\/tipsi.net"]}]}},"jetpack_sharing_enabled":true,"_links":{"self":[{"href":"https:\/\/valika.eu\/fi\/wp-json\/wp\/v2\/product\/8953","targetHints":{"allow":["GET"]}}],"collection":[{"href":"https:\/\/valika.eu\/fi\/wp-json\/wp\/v2\/product"}],"about":[{"href":"https:\/\/valika.eu\/fi\/wp-json\/wp\/v2\/types\/product"}],"wp:featuredmedia":[{"embeddable":true,"href":"https:\/\/valika.eu\/fi\/wp-json\/wp\/v2\/media\/8952"}],"wp:attachment":[{"href":"https:\/\/valika.eu\/fi\/wp-json\/wp\/v2\/media?parent=8953"}],"wp:term":[{"taxonomy":"product_brand","embeddable":true,"href":"https:\/\/valika.eu\/fi\/wp-json\/wp\/v2\/product_brand?post=8953"},{"taxonomy":"product_cat","embeddable":true,"href":"https:\/\/valika.eu\/fi\/wp-json\/wp\/v2\/product_cat?post=8953"},{"taxonomy":"product_tag","embeddable":true,"href":"https:\/\/valika.eu\/fi\/wp-json\/wp\/v2\/product_tag?post=8953"}],"curies":[{"name":"wp","href":"https:\/\/api.w.org\/{rel}","templated":true}]}}