{"id":8997,"date":"2024-10-14T05:05:23","date_gmt":"2024-10-14T02:05:23","guid":{"rendered":"https:\/\/valika.eu\/toode\/claresa-vitamin-primer-provita-5g\/"},"modified":"2026-04-06T12:47:48","modified_gmt":"2026-04-06T09:47:48","slug":"claresa-vitamin-primer-provita-5g","status":"publish","type":"product","link":"https:\/\/valika.eu\/fi\/toode\/claresa-vitamin-primer-provita-5g\/","title":{"rendered":"Claresa Vitamin Primer Provita 5g"},"content":{"rendered":"<p><\/p>\n<h1 style=\"text-align: left\"><span style=\"font-size: 14pt\">Hapoton Provita hapoton pohjamaali \u2013 maksimaalinen tarttuvuus kynsien muotoiluun<\/span><\/h1>\n<p style=\"text-align: left\">Haluatko <strong>kynsimallisi olevan t\u00e4ydellisess\u00e4 kunnossa pitk\u00e4\u00e4n<\/strong>? Onko luonnollinen kynsilevysi ongelmallinen, eli kuiva, hauras ja halkeileva, mink\u00e4 vuoksi mik\u00e4\u00e4n pohja ei takaa maksimaalista tarttumista lakkoihin ja geeleihin? <strong>Meill\u00e4 on t\u00e4h\u00e4n luotettava ratkaisu &#8211; hapoton pohjuste Acid Free Provita<\/strong>, joka ei ainoastaan \u200b\u200banna kynsille parhaan tarttuvuuden, vaan my\u00f6s pident\u00e4\u00e4 sen kest\u00e4vyytt\u00e4 ja hoitaa kynsilevy\u00e4.<\/strong> p&gt; <\/p>\n<p><strong>Mihin tarkoitukseen?<\/strong><\/p>\n<p style=\"text-align: left\">Pohjan tarttuvuuden lis\u00e4\u00e4minen ja geeliyty\u00e4 kynsilevyyn ja pident\u00e4\u00e4 muotoilun kest\u00e4vyytt\u00e4.<\/ p> <\/p>\n<p style=\"text-align: left\"><strong>Kenelle?<\/strong><\/p>\n<p style=\"text-align: left\">Erityisesti ihmisille, joilla on kuivat, hauraat ja halkeilevat kynnet.<\/p>\n<p style=\"text-align: left\"><strong>K\u00e4ytt\u00f6:<\/strong><\/p>\n<p style=\"text-align: left\">Tuote levitet\u00e4\u00e4n suoraan puhtaalle ja rasvattomalle kynsilevylle. Anna haihtua muutama sekunti ja levit\u00e4 sitten pohjalakka tai kynsigeeli.<\/p>\n<p><em>Vain ammattik\u00e4ytt\u00f6\u00f6n. Saattaa aiheuttaa allergisen reaktion. V\u00e4lt\u00e4 kosketusta ihon kanssa. Lue k\u00e4ytt\u00f6ohjeet huolellisesti.<\/em><\/p>\n<p style=\"text-align: left\"><strong>Vaikuttavat aineet:<\/strong><\/p>\n<p style=\"text-align : left\">IntoRet+-kompleksi, eli:<\/p>\n<ul style=\"text-align: left\">\n<li>inositoli,<\/li>\n<li>retinoli,<\/li>\n<li>ruusunsiemen \u00f6ljy ,<\/li>\n<li>kastanjansiemenuute.<\/li>\n<\/ul>\n<p style=\"text-align: left\"><strong>Tuotteen ominaisuudet:<\/strong><\/p>\n<ul style=\"text-align: left\">\n<li>Pident\u00e4\u00e4 muotoilun kestoa;<\/li>\n<li>Suunniteltu hauraille, kuiville ja halkeileville kynsille;<\/li>\n<li>Sis\u00e4lt\u00e4\u00e4 InoRet+-kompleksin, joka on valmistettu hoitavia ainesosia sis\u00e4lt\u00e4v\u00e4 levy.<\/li>\n<\/ul>\n<h2 style=\"text-align: left\"><span style=\"font-size: 14pt\">Hapoton pohjamaali kynsilevyn hoitoon<\/li>\n<p> span&gt;<\/ h2> <\/p>\n<p style=\"text-align: left\">Hapoton pohjamaali Acid Free Provita ei ainoastaan \u200b\u200bmaksimoi pohjan ja kynsigeelin tarttuvuutta<\/strong> ja pident\u00e4\u00e4 muotoilun kest\u00e4vyytt\u00e4 , mutta vahvistaa my\u00f6s luonnollista kynsilevy\u00e4. <strong>Kaikki IntoRet+ -kompleksin<\/strong> ansiosta, eli koostumuksella, joka sis\u00e4lt\u00e4\u00e4 inositolia, ruusunsiemen\u00f6ljyn retinolia ja hevoskastanjan siemenuutetta. Siksi tuote on erinomainen ratkaisu kuiville, hauraille ja halkeileville kynsille. Vahvistavat ainesosat tukevat ongelmallista kynsilevy\u00e4si pit\u00e4en siit\u00e4 erinomaisen huolta.<\/p>\n<p style=\"text-align: left\">Vahvistava koostumus tekee hapottomasta pohjamaalista ihanteellisen ratkaisun kaikille, jotka haluavat pident\u00e4\u00e4. kynsien kest\u00e4vyytt\u00e4<\/strong>ja vahvistavat samalla niiden luonnollista kynsilevy\u00e4.<\/p>\n<p style=\"text-align: center\">\n<p><\/p>","protected":false},"excerpt":{"rendered":"<p>Hapoton Provita hapoton pohjamaali \u2013 maksimaalinen tarttuvuus kynsien muotoiluun Haluatko kynsimallisi olevan t\u00e4ydellisess\u00e4 kunnossa pitk\u00e4\u00e4n? Onko luonnollinen kynsilevysi ongelmallinen, eli<\/p>\n","protected":false},"featured_media":8996,"template":"","meta":[],"product_brand":[],"product_cat":[617,616],"product_tag":[],"class_list":{"0":"post-8997","1":"product","2":"type-product","3":"status-publish","4":"has-post-thumbnail","6":"product_cat-claresa-primer-bonder","7":"product_cat-primerbonder","9":"first","10":"instock","11":"taxable","12":"shipping-taxable","13":"purchasable","14":"product-type-simple"},"yoast_head":"<!-- This site is optimized with the Yoast SEO plugin v24.4 - https:\/\/yoast.com\/wordpress\/plugins\/seo\/ -->\n<title>Claresa Vitamin Primer Provita 5g | Valika<\/title>\n<meta name=\"robots\" content=\"index, follow, max-snippet:-1, max-image-preview:large, max-video-preview:-1\" \/>\n<link rel=\"canonical\" href=\"https:\/\/valika.eu\/fi\/toode\/claresa-vitamin-primer-provita-5g\/\" \/>\n<meta property=\"og:locale\" content=\"fi_FI\" \/>\n<meta property=\"og:type\" content=\"article\" \/>\n<meta property=\"og:title\" content=\"Claresa Vitamin Primer Provita 5g | Valika\" \/>\n<meta property=\"og:description\" content=\"Hapoton Provita hapoton pohjamaali \u2013 maksimaalinen tarttuvuus kynsien muotoiluun Haluatko kynsimallisi olevan t\u00e4ydellisess\u00e4 kunnossa pitk\u00e4\u00e4n? Onko luonnollinen kynsilevysi ongelmallinen, eli\" \/>\n<meta property=\"og:url\" content=\"https:\/\/valika.eu\/fi\/toode\/claresa-vitamin-primer-provita-5g\/\" \/>\n<meta property=\"og:site_name\" content=\"Valika\" \/>\n<meta property=\"article:publisher\" content=\"https:\/\/www.facebook.com\/tipsi.net\" \/>\n<meta property=\"article:modified_time\" content=\"2026-04-06T09:47:48+00:00\" \/>\n<meta property=\"og:image\" content=\"https:\/\/valika.eu\/wp-content\/uploads\/2024\/10\/7832.jpg\" \/>\n\t<meta property=\"og:image:width\" content=\"1500\" \/>\n\t<meta property=\"og:image:height\" content=\"1500\" \/>\n\t<meta property=\"og:image:type\" content=\"image\/jpeg\" \/>\n<meta name=\"twitter:card\" content=\"summary_large_image\" \/>\n<script type=\"application\/ld+json\" class=\"yoast-schema-graph\">{\"@context\":\"https:\/\/schema.org\",\"@graph\":[{\"@type\":\"WebPage\",\"@id\":\"https:\/\/valika.eu\/fi\/toode\/claresa-vitamin-primer-provita-5g\/\",\"url\":\"https:\/\/valika.eu\/fi\/toode\/claresa-vitamin-primer-provita-5g\/\",\"name\":\"Claresa Vitamin Primer Provita 5g | Valika\",\"isPartOf\":{\"@id\":\"https:\/\/valika.eu\/fi\/#website\"},\"primaryImageOfPage\":{\"@id\":\"https:\/\/valika.eu\/fi\/toode\/claresa-vitamin-primer-provita-5g\/#primaryimage\"},\"image\":{\"@id\":\"https:\/\/valika.eu\/toode\/claresa-vitamin-primer-provita-5g\/#primaryimage\"},\"thumbnailUrl\":\"https:\/\/valika.eu\/wp-content\/uploads\/2024\/10\/7832.jpg\",\"datePublished\":\"2024-10-14T02:05:23+00:00\",\"dateModified\":\"2026-04-06T09:47:48+00:00\",\"breadcrumb\":{\"@id\":\"https:\/\/valika.eu\/fi\/toode\/claresa-vitamin-primer-provita-5g\/#breadcrumb\"},\"inLanguage\":\"fi\",\"potentialAction\":[{\"@type\":\"ReadAction\",\"target\":[[\"https:\/\/valika.eu\/fi\/toode\/claresa-vitamin-primer-provita-5g\/\"]]}]},{\"@type\":\"ImageObject\",\"inLanguage\":\"fi\",\"@id\":\"https:\/\/valika.eu\/fi\/toode\/claresa-vitamin-primer-provita-5g\/#primaryimage\",\"url\":\"https:\/\/valika.eu\/wp-content\/uploads\/2024\/10\/7832.jpg\",\"contentUrl\":\"https:\/\/valika.eu\/wp-content\/uploads\/2024\/10\/7832.jpg\",\"width\":1500,\"height\":1500},{\"@type\":\"BreadcrumbList\",\"@id\":\"https:\/\/valika.eu\/fi\/toode\/claresa-vitamin-primer-provita-5g\/#breadcrumb\",\"itemListElement\":[{\"@type\":\"ListItem\",\"position\":1,\"name\":\"Koti\",\"item\":\"https:\/\/valika.eu\/fi\/\"},{\"@type\":\"ListItem\",\"position\":2,\"name\":\"Shop\",\"item\":\"https:\/\/valika.eu\/fi\/\"},{\"@type\":\"ListItem\",\"position\":3,\"name\":\"Claresa Vitamin Primer Provita 5g\"}]},{\"@type\":\"WebSite\",\"@id\":\"https:\/\/valika.eu\/fi\/#website\",\"url\":\"https:\/\/valika.eu\/fi\/\",\"name\":\"Valika.eu\",\"description\":\"Salonkituotteet ja kauneudenhoitotuotteet - Valika tarjoaa laajan valikoiman tuotteita ja tarvikkeita kynsiteknikoille, kauneushoitoloille, kampaamoille ja kampaamoille.\",\"publisher\":{\"@id\":\"https:\/\/valika.eu\/fi\/#organization\"},\"alternateName\":\"Valika\",\"potentialAction\":[{\"@type\":\"SearchAction\",\"target\":{\"@type\":\"EntryPoint\",\"urlTemplate\":\"https:\/\/valika.eu\/fi\/?s={search_term_string}\"},\"query-input\":{\"@type\":\"PropertyValueSpecification\",\"valueRequired\":true,\"valueName\":\"search_term_string\"}}],\"inLanguage\":\"fi\"},{\"@type\":\"Organization\",\"@id\":\"https:\/\/valika.eu\/fi\/#organization\",\"name\":\"Salongitoode O\u00dc\",\"alternateName\":\"Valika\",\"url\":\"https:\/\/valika.eu\/fi\/\",\"logo\":{\"@type\":\"ImageObject\",\"inLanguage\":\"fi\",\"@id\":\"https:\/\/valika.eu\/fi\/#\/schema\/logo\/image\/\",\"url\":\"https:\/\/valika.eu\/wp-content\/uploads\/2023\/11\/logo2-valika-footer.png\",\"contentUrl\":\"https:\/\/valika.eu\/wp-content\/uploads\/2023\/11\/logo2-valika-footer.png\",\"width\":200,\"height\":129,\"caption\":\"Salongitoode O\u00dc\"},\"image\":{\"@id\":\"https:\/\/valika.eu\/fi\/#\/schema\/logo\/image\/\"},\"sameAs\":[\"https:\/\/www.facebook.com\/tipsi.net\"]}]}<\/script>\n<!-- \/ Yoast SEO plugin. -->","yoast_head_json":{"title":"Claresa Vitamin Primer Provita 5g | Valika","robots":{"index":"index","follow":"follow","max-snippet":"max-snippet:-1","max-image-preview":"max-image-preview:large","max-video-preview":"max-video-preview:-1"},"canonical":"https:\/\/valika.eu\/fi\/toode\/claresa-vitamin-primer-provita-5g\/","og_locale":"fi_FI","og_type":"article","og_title":"Claresa Vitamin Primer Provita 5g | Valika","og_description":"Hapoton Provita hapoton pohjamaali \u2013 maksimaalinen tarttuvuus kynsien muotoiluun Haluatko kynsimallisi olevan t\u00e4ydellisess\u00e4 kunnossa pitk\u00e4\u00e4n? Onko luonnollinen kynsilevysi ongelmallinen, eli","og_url":"https:\/\/valika.eu\/fi\/toode\/claresa-vitamin-primer-provita-5g\/","og_site_name":"Valika","article_publisher":"https:\/\/www.facebook.com\/tipsi.net","article_modified_time":"2026-04-06T09:47:48+00:00","og_image":[{"width":1500,"height":1500,"url":"https:\/\/valika.eu\/wp-content\/uploads\/2024\/10\/7832.jpg","type":"image\/jpeg"}],"twitter_card":"summary_large_image","schema":{"@context":"https:\/\/schema.org","@graph":[{"@type":"WebPage","@id":"https:\/\/valika.eu\/fi\/toode\/claresa-vitamin-primer-provita-5g\/","url":"https:\/\/valika.eu\/fi\/toode\/claresa-vitamin-primer-provita-5g\/","name":"Claresa Vitamin Primer Provita 5g | Valika","isPartOf":{"@id":"https:\/\/valika.eu\/fi\/#website"},"primaryImageOfPage":{"@id":"https:\/\/valika.eu\/fi\/toode\/claresa-vitamin-primer-provita-5g\/#primaryimage"},"image":{"@id":"https:\/\/valika.eu\/toode\/claresa-vitamin-primer-provita-5g\/#primaryimage"},"thumbnailUrl":"https:\/\/valika.eu\/wp-content\/uploads\/2024\/10\/7832.jpg","datePublished":"2024-10-14T02:05:23+00:00","dateModified":"2026-04-06T09:47:48+00:00","breadcrumb":{"@id":"https:\/\/valika.eu\/fi\/toode\/claresa-vitamin-primer-provita-5g\/#breadcrumb"},"inLanguage":"fi","potentialAction":[{"@type":"ReadAction","target":[["https:\/\/valika.eu\/fi\/toode\/claresa-vitamin-primer-provita-5g\/"]]}]},{"@type":"ImageObject","inLanguage":"fi","@id":"https:\/\/valika.eu\/fi\/toode\/claresa-vitamin-primer-provita-5g\/#primaryimage","url":"https:\/\/valika.eu\/wp-content\/uploads\/2024\/10\/7832.jpg","contentUrl":"https:\/\/valika.eu\/wp-content\/uploads\/2024\/10\/7832.jpg","width":1500,"height":1500},{"@type":"BreadcrumbList","@id":"https:\/\/valika.eu\/fi\/toode\/claresa-vitamin-primer-provita-5g\/#breadcrumb","itemListElement":[{"@type":"ListItem","position":1,"name":"Koti","item":"https:\/\/valika.eu\/fi\/"},{"@type":"ListItem","position":2,"name":"Shop","item":"https:\/\/valika.eu\/fi\/"},{"@type":"ListItem","position":3,"name":"Claresa Vitamin Primer Provita 5g"}]},{"@type":"WebSite","@id":"https:\/\/valika.eu\/fi\/#website","url":"https:\/\/valika.eu\/fi\/","name":"Valika.eu","description":"Salonkituotteet ja kauneudenhoitotuotteet - Valika tarjoaa laajan valikoiman tuotteita ja tarvikkeita kynsiteknikoille, kauneushoitoloille, kampaamoille ja kampaamoille.","publisher":{"@id":"https:\/\/valika.eu\/fi\/#organization"},"alternateName":"Valika","potentialAction":[{"@type":"SearchAction","target":{"@type":"EntryPoint","urlTemplate":"https:\/\/valika.eu\/fi\/?s={search_term_string}"},"query-input":{"@type":"PropertyValueSpecification","valueRequired":true,"valueName":"search_term_string"}}],"inLanguage":"fi"},{"@type":"Organization","@id":"https:\/\/valika.eu\/fi\/#organization","name":"Salongitoode O\u00dc","alternateName":"Valika","url":"https:\/\/valika.eu\/fi\/","logo":{"@type":"ImageObject","inLanguage":"fi","@id":"https:\/\/valika.eu\/fi\/#\/schema\/logo\/image\/","url":"https:\/\/valika.eu\/wp-content\/uploads\/2023\/11\/logo2-valika-footer.png","contentUrl":"https:\/\/valika.eu\/wp-content\/uploads\/2023\/11\/logo2-valika-footer.png","width":200,"height":129,"caption":"Salongitoode O\u00dc"},"image":{"@id":"https:\/\/valika.eu\/fi\/#\/schema\/logo\/image\/"},"sameAs":["https:\/\/www.facebook.com\/tipsi.net"]}]}},"jetpack_sharing_enabled":true,"_links":{"self":[{"href":"https:\/\/valika.eu\/fi\/wp-json\/wp\/v2\/product\/8997","targetHints":{"allow":["GET"]}}],"collection":[{"href":"https:\/\/valika.eu\/fi\/wp-json\/wp\/v2\/product"}],"about":[{"href":"https:\/\/valika.eu\/fi\/wp-json\/wp\/v2\/types\/product"}],"wp:featuredmedia":[{"embeddable":true,"href":"https:\/\/valika.eu\/fi\/wp-json\/wp\/v2\/media\/8996"}],"wp:attachment":[{"href":"https:\/\/valika.eu\/fi\/wp-json\/wp\/v2\/media?parent=8997"}],"wp:term":[{"taxonomy":"product_brand","embeddable":true,"href":"https:\/\/valika.eu\/fi\/wp-json\/wp\/v2\/product_brand?post=8997"},{"taxonomy":"product_cat","embeddable":true,"href":"https:\/\/valika.eu\/fi\/wp-json\/wp\/v2\/product_cat?post=8997"},{"taxonomy":"product_tag","embeddable":true,"href":"https:\/\/valika.eu\/fi\/wp-json\/wp\/v2\/product_tag?post=8997"}],"curies":[{"name":"wp","href":"https:\/\/api.w.org\/{rel}","templated":true}]}}