{"id":9006,"date":"2024-10-14T05:05:32","date_gmt":"2024-10-14T02:05:32","guid":{"rendered":"https:\/\/valika.eu\/toode\/claresa-protection-gum-pell-off-5g\/"},"modified":"2025-09-30T12:45:34","modified_gmt":"2025-09-30T09:45:34","slug":"claresa-protection-gum-pell-off-5g","status":"publish","type":"product","link":"https:\/\/valika.eu\/fi\/toode\/claresa-protection-gum-pell-off-5g\/","title":{"rendered":"Claresa Protection gum Pell off 5g"},"content":{"rendered":"<p><\/p>\n<p><strong>Haluatko saavuttaa virheett\u00f6m\u00e4n ja esteettisen kynsien muotoilun murehtimatta kynsinauhojen ymp\u00e4rill\u00e4 olevasta liasta?<\/strong><\/p>\n<\/p>\n<p>Kokeile suojakumiamme &#8211; luotua tuotetta vain sinulle! Ikonen edistyksellinen koostumus luo joustavan suojan, joka kiinnittyy t\u00e4ydellisesti kynsinauhoihin ja suojaa niit\u00e4 kaikilta lialta muotoilun aikana.<\/p>\n<p>Suojakumi toimii hyvin sek\u00e4 ihmisille, jotka aloittavat seikkailunsa kynsien muotoilun parissa, ett\u00e4 kokeneille stylisteille .<\/p>\n<\/p>\n<p>Ienien levitt\u00e4minen on \u00e4\u00e4rimm\u00e4isen yksinkertaista &#8211; levit\u00e4 se vain kynsinauhoille, ja sen kuivumisen j\u00e4lkeen, mik\u00e4 kest\u00e4\u00e4 vain minuutin, muodostuu tiukka suojakerros.\u00a0<\/p>\n<p>Manikyyrin j\u00e4lkeen poista ikenet pinseteill\u00e4 yhdell\u00e4 liikkeell\u00e4, jolloin saat t\u00e4ydellisen puhtaat kynsinauhat.<\/p>\n<p>Peel-Off purukumi mahdollistaa kynsilakan ja muiden tuotteiden tarkan levityksen, mik\u00e4 pident\u00e4\u00e4 kynsilakkaa. muotoilun kest\u00e4vyytt\u00e4 ja antaa sille ammattimaisemman ilmeen.\u00a0<\/p>\n<p>T\u00e4m\u00e4 tuote sopii erinomaisesti k\u00e4ytett\u00e4v\u00e4ksi eri tekniikoissa, kuten hybridi-, geeli-, akryyli-, klassinen lakka tai p\u00f6lyn tai leiman levitys. Lis\u00e4ksi se suojaa herkk\u00e4\u00e4 ihoa \u00e4rsytykselt\u00e4.<\/p>\n<\/p>\n<p><strong>Suojauskumin k\u00e4yt\u00f6n edut:<\/strong><\/p>\n<ul>\n<li>Yksinkertainen levitys ja nopea kuivuu 1 minuutissa<\/li>\n<li>Tehokas suoja lialta<\/li>\n<li>Helppo irrotus pinseteill\u00e4<\/li>\n<li>T\u00e4ydellinen erilaisiin kynsien muotoilumenetelmiin: hybridilakat, geelit, klassiset lakat, leima levitys \/siitep\u00f6ly<\/li>\n<li>Herkk\u00e4, banaanin tuoksu, joka parantaa ty\u00f6skentelymukavuutta<\/li>\n<\/ul>\n<p>Kokeile suojakumia ja nauti helpommista ja tarkemmista kynsist\u00e4 tyyli!<\/p>\n<p><\/p>","protected":false},"excerpt":{"rendered":"<p>Haluatko saavuttaa virheett\u00f6m\u00e4n ja esteettisen kynsien muotoilun murehtimatta kynsinauhojen ymp\u00e4rill\u00e4 olevasta liasta? Kokeile suojakumiamme &#8211; luotua tuotetta vain sinulle! Ikonen<\/p>\n","protected":false},"featured_media":9005,"template":"","meta":[],"product_brand":[],"product_cat":[617,616],"product_tag":[],"class_list":{"0":"post-9006","1":"product","2":"type-product","3":"status-publish","4":"has-post-thumbnail","6":"product_cat-claresa-primer-bonder","7":"product_cat-primerbonder","9":"first","10":"instock","11":"taxable","12":"shipping-taxable","13":"purchasable","14":"product-type-simple"},"yoast_head":"<!-- This site is optimized with the Yoast SEO plugin v24.4 - https:\/\/yoast.com\/wordpress\/plugins\/seo\/ -->\n<title>Claresa Protection gum Pell off 5g | Valika<\/title>\n<meta name=\"robots\" content=\"index, follow, max-snippet:-1, max-image-preview:large, max-video-preview:-1\" \/>\n<link rel=\"canonical\" href=\"https:\/\/valika.eu\/fi\/toode\/claresa-protection-gum-pell-off-5g\/\" \/>\n<meta property=\"og:locale\" content=\"fi_FI\" \/>\n<meta property=\"og:type\" content=\"article\" \/>\n<meta property=\"og:title\" content=\"Claresa Protection gum Pell off 5g | Valika\" \/>\n<meta property=\"og:description\" content=\"Haluatko saavuttaa virheett\u00f6m\u00e4n ja esteettisen kynsien muotoilun murehtimatta kynsinauhojen ymp\u00e4rill\u00e4 olevasta liasta? Kokeile suojakumiamme &#8211; luotua tuotetta vain sinulle! Ikonen\" \/>\n<meta property=\"og:url\" content=\"https:\/\/valika.eu\/fi\/toode\/claresa-protection-gum-pell-off-5g\/\" \/>\n<meta property=\"og:site_name\" content=\"Valika\" \/>\n<meta property=\"article:publisher\" content=\"https:\/\/www.facebook.com\/tipsi.net\" \/>\n<meta property=\"article:modified_time\" content=\"2025-09-30T09:45:34+00:00\" \/>\n<meta property=\"og:image\" content=\"https:\/\/valika.eu\/wp-content\/uploads\/2024\/10\/14797.jpg\" \/>\n\t<meta property=\"og:image:width\" content=\"1500\" \/>\n\t<meta property=\"og:image:height\" content=\"1500\" \/>\n\t<meta property=\"og:image:type\" content=\"image\/jpeg\" \/>\n<meta name=\"twitter:card\" content=\"summary_large_image\" \/>\n<script type=\"application\/ld+json\" class=\"yoast-schema-graph\">{\"@context\":\"https:\/\/schema.org\",\"@graph\":[{\"@type\":\"WebPage\",\"@id\":\"https:\/\/valika.eu\/fi\/toode\/claresa-protection-gum-pell-off-5g\/\",\"url\":\"https:\/\/valika.eu\/fi\/toode\/claresa-protection-gum-pell-off-5g\/\",\"name\":\"Claresa Protection gum Pell off 5g | Valika\",\"isPartOf\":{\"@id\":\"https:\/\/valika.eu\/fi\/#website\"},\"primaryImageOfPage\":{\"@id\":\"https:\/\/valika.eu\/fi\/toode\/claresa-protection-gum-pell-off-5g\/#primaryimage\"},\"image\":{\"@id\":\"https:\/\/valika.eu\/toode\/claresa-protection-gum-pell-off-5g\/#primaryimage\"},\"thumbnailUrl\":\"https:\/\/valika.eu\/wp-content\/uploads\/2024\/10\/14797.jpg\",\"datePublished\":\"2024-10-14T02:05:32+00:00\",\"dateModified\":\"2025-09-30T09:45:34+00:00\",\"breadcrumb\":{\"@id\":\"https:\/\/valika.eu\/fi\/toode\/claresa-protection-gum-pell-off-5g\/#breadcrumb\"},\"inLanguage\":\"fi\",\"potentialAction\":[{\"@type\":\"ReadAction\",\"target\":[[\"https:\/\/valika.eu\/fi\/toode\/claresa-protection-gum-pell-off-5g\/\"]]}]},{\"@type\":\"ImageObject\",\"inLanguage\":\"fi\",\"@id\":\"https:\/\/valika.eu\/fi\/toode\/claresa-protection-gum-pell-off-5g\/#primaryimage\",\"url\":\"https:\/\/valika.eu\/wp-content\/uploads\/2024\/10\/14797.jpg\",\"contentUrl\":\"https:\/\/valika.eu\/wp-content\/uploads\/2024\/10\/14797.jpg\",\"width\":1500,\"height\":1500},{\"@type\":\"BreadcrumbList\",\"@id\":\"https:\/\/valika.eu\/fi\/toode\/claresa-protection-gum-pell-off-5g\/#breadcrumb\",\"itemListElement\":[{\"@type\":\"ListItem\",\"position\":1,\"name\":\"Koti\",\"item\":\"https:\/\/valika.eu\/fi\/\"},{\"@type\":\"ListItem\",\"position\":2,\"name\":\"Shop\",\"item\":\"https:\/\/valika.eu\/fi\/\"},{\"@type\":\"ListItem\",\"position\":3,\"name\":\"Claresa Protection gum Pell off 5g\"}]},{\"@type\":\"WebSite\",\"@id\":\"https:\/\/valika.eu\/fi\/#website\",\"url\":\"https:\/\/valika.eu\/fi\/\",\"name\":\"Valika.eu\",\"description\":\"Salonkituotteet ja kauneudenhoitotuotteet - Valika tarjoaa laajan valikoiman tuotteita ja tarvikkeita kynsiteknikoille, kauneushoitoloille, kampaamoille ja kampaamoille.\",\"publisher\":{\"@id\":\"https:\/\/valika.eu\/fi\/#organization\"},\"alternateName\":\"Valika\",\"potentialAction\":[{\"@type\":\"SearchAction\",\"target\":{\"@type\":\"EntryPoint\",\"urlTemplate\":\"https:\/\/valika.eu\/fi\/?s={search_term_string}\"},\"query-input\":{\"@type\":\"PropertyValueSpecification\",\"valueRequired\":true,\"valueName\":\"search_term_string\"}}],\"inLanguage\":\"fi\"},{\"@type\":\"Organization\",\"@id\":\"https:\/\/valika.eu\/fi\/#organization\",\"name\":\"Salongitoode O\u00dc\",\"alternateName\":\"Valika\",\"url\":\"https:\/\/valika.eu\/fi\/\",\"logo\":{\"@type\":\"ImageObject\",\"inLanguage\":\"fi\",\"@id\":\"https:\/\/valika.eu\/fi\/#\/schema\/logo\/image\/\",\"url\":\"https:\/\/valika.eu\/wp-content\/uploads\/2023\/11\/logo2-valika-footer.png\",\"contentUrl\":\"https:\/\/valika.eu\/wp-content\/uploads\/2023\/11\/logo2-valika-footer.png\",\"width\":200,\"height\":129,\"caption\":\"Salongitoode O\u00dc\"},\"image\":{\"@id\":\"https:\/\/valika.eu\/fi\/#\/schema\/logo\/image\/\"},\"sameAs\":[\"https:\/\/www.facebook.com\/tipsi.net\"]}]}<\/script>\n<!-- \/ Yoast SEO plugin. -->","yoast_head_json":{"title":"Claresa Protection gum Pell off 5g | Valika","robots":{"index":"index","follow":"follow","max-snippet":"max-snippet:-1","max-image-preview":"max-image-preview:large","max-video-preview":"max-video-preview:-1"},"canonical":"https:\/\/valika.eu\/fi\/toode\/claresa-protection-gum-pell-off-5g\/","og_locale":"fi_FI","og_type":"article","og_title":"Claresa Protection gum Pell off 5g | Valika","og_description":"Haluatko saavuttaa virheett\u00f6m\u00e4n ja esteettisen kynsien muotoilun murehtimatta kynsinauhojen ymp\u00e4rill\u00e4 olevasta liasta? Kokeile suojakumiamme &#8211; luotua tuotetta vain sinulle! Ikonen","og_url":"https:\/\/valika.eu\/fi\/toode\/claresa-protection-gum-pell-off-5g\/","og_site_name":"Valika","article_publisher":"https:\/\/www.facebook.com\/tipsi.net","article_modified_time":"2025-09-30T09:45:34+00:00","og_image":[{"width":1500,"height":1500,"url":"https:\/\/valika.eu\/wp-content\/uploads\/2024\/10\/14797.jpg","type":"image\/jpeg"}],"twitter_card":"summary_large_image","schema":{"@context":"https:\/\/schema.org","@graph":[{"@type":"WebPage","@id":"https:\/\/valika.eu\/fi\/toode\/claresa-protection-gum-pell-off-5g\/","url":"https:\/\/valika.eu\/fi\/toode\/claresa-protection-gum-pell-off-5g\/","name":"Claresa Protection gum Pell off 5g | Valika","isPartOf":{"@id":"https:\/\/valika.eu\/fi\/#website"},"primaryImageOfPage":{"@id":"https:\/\/valika.eu\/fi\/toode\/claresa-protection-gum-pell-off-5g\/#primaryimage"},"image":{"@id":"https:\/\/valika.eu\/toode\/claresa-protection-gum-pell-off-5g\/#primaryimage"},"thumbnailUrl":"https:\/\/valika.eu\/wp-content\/uploads\/2024\/10\/14797.jpg","datePublished":"2024-10-14T02:05:32+00:00","dateModified":"2025-09-30T09:45:34+00:00","breadcrumb":{"@id":"https:\/\/valika.eu\/fi\/toode\/claresa-protection-gum-pell-off-5g\/#breadcrumb"},"inLanguage":"fi","potentialAction":[{"@type":"ReadAction","target":[["https:\/\/valika.eu\/fi\/toode\/claresa-protection-gum-pell-off-5g\/"]]}]},{"@type":"ImageObject","inLanguage":"fi","@id":"https:\/\/valika.eu\/fi\/toode\/claresa-protection-gum-pell-off-5g\/#primaryimage","url":"https:\/\/valika.eu\/wp-content\/uploads\/2024\/10\/14797.jpg","contentUrl":"https:\/\/valika.eu\/wp-content\/uploads\/2024\/10\/14797.jpg","width":1500,"height":1500},{"@type":"BreadcrumbList","@id":"https:\/\/valika.eu\/fi\/toode\/claresa-protection-gum-pell-off-5g\/#breadcrumb","itemListElement":[{"@type":"ListItem","position":1,"name":"Koti","item":"https:\/\/valika.eu\/fi\/"},{"@type":"ListItem","position":2,"name":"Shop","item":"https:\/\/valika.eu\/fi\/"},{"@type":"ListItem","position":3,"name":"Claresa Protection gum Pell off 5g"}]},{"@type":"WebSite","@id":"https:\/\/valika.eu\/fi\/#website","url":"https:\/\/valika.eu\/fi\/","name":"Valika.eu","description":"Salonkituotteet ja kauneudenhoitotuotteet - Valika tarjoaa laajan valikoiman tuotteita ja tarvikkeita kynsiteknikoille, kauneushoitoloille, kampaamoille ja kampaamoille.","publisher":{"@id":"https:\/\/valika.eu\/fi\/#organization"},"alternateName":"Valika","potentialAction":[{"@type":"SearchAction","target":{"@type":"EntryPoint","urlTemplate":"https:\/\/valika.eu\/fi\/?s={search_term_string}"},"query-input":{"@type":"PropertyValueSpecification","valueRequired":true,"valueName":"search_term_string"}}],"inLanguage":"fi"},{"@type":"Organization","@id":"https:\/\/valika.eu\/fi\/#organization","name":"Salongitoode O\u00dc","alternateName":"Valika","url":"https:\/\/valika.eu\/fi\/","logo":{"@type":"ImageObject","inLanguage":"fi","@id":"https:\/\/valika.eu\/fi\/#\/schema\/logo\/image\/","url":"https:\/\/valika.eu\/wp-content\/uploads\/2023\/11\/logo2-valika-footer.png","contentUrl":"https:\/\/valika.eu\/wp-content\/uploads\/2023\/11\/logo2-valika-footer.png","width":200,"height":129,"caption":"Salongitoode O\u00dc"},"image":{"@id":"https:\/\/valika.eu\/fi\/#\/schema\/logo\/image\/"},"sameAs":["https:\/\/www.facebook.com\/tipsi.net"]}]}},"jetpack_sharing_enabled":true,"_links":{"self":[{"href":"https:\/\/valika.eu\/fi\/wp-json\/wp\/v2\/product\/9006","targetHints":{"allow":["GET"]}}],"collection":[{"href":"https:\/\/valika.eu\/fi\/wp-json\/wp\/v2\/product"}],"about":[{"href":"https:\/\/valika.eu\/fi\/wp-json\/wp\/v2\/types\/product"}],"wp:featuredmedia":[{"embeddable":true,"href":"https:\/\/valika.eu\/fi\/wp-json\/wp\/v2\/media\/9005"}],"wp:attachment":[{"href":"https:\/\/valika.eu\/fi\/wp-json\/wp\/v2\/media?parent=9006"}],"wp:term":[{"taxonomy":"product_brand","embeddable":true,"href":"https:\/\/valika.eu\/fi\/wp-json\/wp\/v2\/product_brand?post=9006"},{"taxonomy":"product_cat","embeddable":true,"href":"https:\/\/valika.eu\/fi\/wp-json\/wp\/v2\/product_cat?post=9006"},{"taxonomy":"product_tag","embeddable":true,"href":"https:\/\/valika.eu\/fi\/wp-json\/wp\/v2\/product_tag?post=9006"}],"curies":[{"name":"wp","href":"https:\/\/api.w.org\/{rel}","templated":true}]}}