{"id":928,"date":"2024-09-24T13:36:06","date_gmt":"2024-09-24T10:36:06","guid":{"rendered":"https:\/\/valika.eu\/?post_type=product&#038;p=928"},"modified":"2025-07-02T05:08:13","modified_gmt":"2025-07-02T02:08:13","slug":"poluesterkindad-pu-kate-peopesas-kk30-helesinine","status":"publish","type":"product","link":"https:\/\/valika.eu\/fi\/toode\/poluesterkindad-pu-kate-peopesas-kk30-helesinine\/","title":{"rendered":"PU-pinnoitettu polyester k\u00e4sineet sininen"},"content":{"rendered":"<p>Polyesterist\u00e4 kudotut ty\u00f6k\u00e4sineet joustavalla ranneosalla, k\u00e4mmenpuoli ja sormenp\u00e4\u00e4t on p\u00e4\u00e4llystetty hengitt\u00e4v\u00e4ll\u00e4 PU-pinnoitteella. PU-pinnoite varmistaa hyv\u00e4n tartunnan ja kulumiskest\u00e4vyyden, polyesterip\u00e4\u00e4llinen luo k\u00e4ytt\u00f6mukavuuden ja joustavuuden. K\u00e4sineet ovat ohuita ja hyvin hengitt\u00e4vi\u00e4. K\u00e4sineet soveltuvat erinomaisen kosketusherkkyyden johdosta hyvin tarkkuutta vaativien teht\u00e4vien hoitamiseen. K\u00e4sineit\u00e4 voi k\u00e4ytt\u00e4\u00e4 eri teollisuusaloilla, mm. k\u00e4sity\u00f6ss\u00e4, rakennusalalla, autoteollisuudessa, mekaniikassa jne.<\/p>\n<p>Pakkauksessa on 12 k\u00e4sinepari ja laatikossa on 240 k\u00e4sineparia.<\/p>\n<p>CAT II<\/p>\n<p>EN420<\/p>\n<p>KK30 EN 388: \u00a03131X<\/p>","protected":false},"excerpt":{"rendered":"<div class=\"woocommerce-product-details__short-description\">\n<p>-Polyesteri<\/p>\n<p>-PU-p\u00e4\u00e4llyste<\/p>\n<p>-Laajat k\u00e4ytt\u00f6mahdollisuudet<\/p>\n<\/div>\n<div class=\"product_meta\"><span class=\"sku_wrapper\">Tuotetunnus (SKU):\u00a0<span class=\"sku\">KK30<\/span><\/span><\/div>\n","protected":false},"featured_media":390,"template":"","meta":[],"product_brand":[],"product_cat":[27],"product_tag":[],"class_list":{"0":"post-928","1":"product","2":"type-product","3":"status-publish","4":"has-post-thumbnail","6":"product_cat-kindad","8":"first","9":"instock","10":"taxable","11":"shipping-taxable","12":"purchasable","13":"product-type-variable"},"yoast_head":"<!-- This site is optimized with the Yoast SEO plugin v24.4 - https:\/\/yoast.com\/wordpress\/plugins\/seo\/ -->\n<title>PU-pinnoitettu polyester k\u00e4sineet sininen | Valika<\/title>\n<meta name=\"robots\" content=\"index, follow, max-snippet:-1, max-image-preview:large, max-video-preview:-1\" \/>\n<link rel=\"canonical\" href=\"https:\/\/valika.eu\/fi\/toode\/poluesterkindad-pu-kate-peopesas-kk30-helesinine\/\" \/>\n<meta property=\"og:locale\" content=\"fi_FI\" \/>\n<meta property=\"og:type\" content=\"article\" \/>\n<meta property=\"og:title\" content=\"PU-pinnoitettu polyester k\u00e4sineet sininen | Valika\" \/>\n<meta property=\"og:description\" content=\"-Polyesteri    -PU-p\u00e4\u00e4llyste    -Laajat k\u00e4ytt\u00f6mahdollisuudet      Tuotetunnus (SKU):\u00a0KK30\" \/>\n<meta property=\"og:url\" content=\"https:\/\/valika.eu\/fi\/toode\/poluesterkindad-pu-kate-peopesas-kk30-helesinine\/\" \/>\n<meta property=\"og:site_name\" content=\"Valika\" \/>\n<meta property=\"article:publisher\" content=\"https:\/\/www.facebook.com\/tipsi.net\" \/>\n<meta property=\"article:modified_time\" content=\"2025-07-02T02:08:13+00:00\" \/>\n<meta property=\"og:image\" content=\"https:\/\/valika.eu\/wp-content\/uploads\/2024\/01\/tekstiilkindad-kattega-toiduaine.png\" \/>\n\t<meta property=\"og:image:width\" content=\"1000\" \/>\n\t<meta property=\"og:image:height\" content=\"800\" \/>\n\t<meta property=\"og:image:type\" content=\"image\/png\" \/>\n<meta name=\"twitter:card\" content=\"summary_large_image\" \/>\n<script type=\"application\/ld+json\" class=\"yoast-schema-graph\">{\"@context\":\"https:\/\/schema.org\",\"@graph\":[{\"@type\":\"WebPage\",\"@id\":\"https:\/\/valika.eu\/fi\/toode\/poluesterkindad-pu-kate-peopesas-kk30-helesinine\/\",\"url\":\"https:\/\/valika.eu\/fi\/toode\/poluesterkindad-pu-kate-peopesas-kk30-helesinine\/\",\"name\":\"PU-pinnoitettu polyester k\u00e4sineet sininen | Valika\",\"isPartOf\":{\"@id\":\"https:\/\/valika.eu\/fi\/#website\"},\"primaryImageOfPage\":{\"@id\":\"https:\/\/valika.eu\/fi\/toode\/poluesterkindad-pu-kate-peopesas-kk30-helesinine\/#primaryimage\"},\"image\":{\"@id\":\"https:\/\/valika.eu\/toode\/poluesterkindad-pu-kate-peopesas-kk30-helesinine\/#primaryimage\"},\"thumbnailUrl\":\"https:\/\/valika.eu\/wp-content\/uploads\/2024\/01\/tekstiilkindad-kattega-toiduaine.png\",\"datePublished\":\"2024-09-24T10:36:06+00:00\",\"dateModified\":\"2025-07-02T02:08:13+00:00\",\"breadcrumb\":{\"@id\":\"https:\/\/valika.eu\/fi\/toode\/poluesterkindad-pu-kate-peopesas-kk30-helesinine\/#breadcrumb\"},\"inLanguage\":\"fi\",\"potentialAction\":[{\"@type\":\"ReadAction\",\"target\":[[\"https:\/\/valika.eu\/fi\/toode\/poluesterkindad-pu-kate-peopesas-kk30-helesinine\/\"]]}]},{\"@type\":\"ImageObject\",\"inLanguage\":\"fi\",\"@id\":\"https:\/\/valika.eu\/fi\/toode\/poluesterkindad-pu-kate-peopesas-kk30-helesinine\/#primaryimage\",\"url\":\"https:\/\/valika.eu\/wp-content\/uploads\/2024\/01\/tekstiilkindad-kattega-toiduaine.png\",\"contentUrl\":\"https:\/\/valika.eu\/wp-content\/uploads\/2024\/01\/tekstiilkindad-kattega-toiduaine.png\",\"width\":1000,\"height\":800},{\"@type\":\"BreadcrumbList\",\"@id\":\"https:\/\/valika.eu\/fi\/toode\/poluesterkindad-pu-kate-peopesas-kk30-helesinine\/#breadcrumb\",\"itemListElement\":[{\"@type\":\"ListItem\",\"position\":1,\"name\":\"Koti\",\"item\":\"https:\/\/valika.eu\/fi\/\"},{\"@type\":\"ListItem\",\"position\":2,\"name\":\"Shop\",\"item\":\"https:\/\/valika.eu\/fi\/\"},{\"@type\":\"ListItem\",\"position\":3,\"name\":\"Polyester work gloves with PU-coated palms blue\"}]},{\"@type\":\"WebSite\",\"@id\":\"https:\/\/valika.eu\/fi\/#website\",\"url\":\"https:\/\/valika.eu\/fi\/\",\"name\":\"Valika.eu\",\"description\":\"Salonkituotteet ja kauneudenhoitotuotteet - Valika tarjoaa laajan valikoiman tuotteita ja tarvikkeita kynsiteknikoille, kauneushoitoloille, kampaamoille ja kampaamoille.\",\"publisher\":{\"@id\":\"https:\/\/valika.eu\/fi\/#organization\"},\"alternateName\":\"Valika\",\"potentialAction\":[{\"@type\":\"SearchAction\",\"target\":{\"@type\":\"EntryPoint\",\"urlTemplate\":\"https:\/\/valika.eu\/fi\/?s={search_term_string}\"},\"query-input\":{\"@type\":\"PropertyValueSpecification\",\"valueRequired\":true,\"valueName\":\"search_term_string\"}}],\"inLanguage\":\"fi\"},{\"@type\":\"Organization\",\"@id\":\"https:\/\/valika.eu\/fi\/#organization\",\"name\":\"Salongitoode O\u00dc\",\"alternateName\":\"Valika\",\"url\":\"https:\/\/valika.eu\/fi\/\",\"logo\":{\"@type\":\"ImageObject\",\"inLanguage\":\"fi\",\"@id\":\"https:\/\/valika.eu\/fi\/#\/schema\/logo\/image\/\",\"url\":\"https:\/\/valika.eu\/wp-content\/uploads\/2023\/11\/logo2-valika-footer.png\",\"contentUrl\":\"https:\/\/valika.eu\/wp-content\/uploads\/2023\/11\/logo2-valika-footer.png\",\"width\":200,\"height\":129,\"caption\":\"Salongitoode O\u00dc\"},\"image\":{\"@id\":\"https:\/\/valika.eu\/fi\/#\/schema\/logo\/image\/\"},\"sameAs\":[\"https:\/\/www.facebook.com\/tipsi.net\"]}]}<\/script>\n<!-- \/ Yoast SEO plugin. -->","yoast_head_json":{"title":"PU-pinnoitettu polyester k\u00e4sineet sininen | Valika","robots":{"index":"index","follow":"follow","max-snippet":"max-snippet:-1","max-image-preview":"max-image-preview:large","max-video-preview":"max-video-preview:-1"},"canonical":"https:\/\/valika.eu\/fi\/toode\/poluesterkindad-pu-kate-peopesas-kk30-helesinine\/","og_locale":"fi_FI","og_type":"article","og_title":"PU-pinnoitettu polyester k\u00e4sineet sininen | Valika","og_description":"-Polyesteri    -PU-p\u00e4\u00e4llyste    -Laajat k\u00e4ytt\u00f6mahdollisuudet      Tuotetunnus (SKU):\u00a0KK30","og_url":"https:\/\/valika.eu\/fi\/toode\/poluesterkindad-pu-kate-peopesas-kk30-helesinine\/","og_site_name":"Valika","article_publisher":"https:\/\/www.facebook.com\/tipsi.net","article_modified_time":"2025-07-02T02:08:13+00:00","og_image":[{"width":1000,"height":800,"url":"https:\/\/valika.eu\/wp-content\/uploads\/2024\/01\/tekstiilkindad-kattega-toiduaine.png","type":"image\/png"}],"twitter_card":"summary_large_image","schema":{"@context":"https:\/\/schema.org","@graph":[{"@type":"WebPage","@id":"https:\/\/valika.eu\/fi\/toode\/poluesterkindad-pu-kate-peopesas-kk30-helesinine\/","url":"https:\/\/valika.eu\/fi\/toode\/poluesterkindad-pu-kate-peopesas-kk30-helesinine\/","name":"PU-pinnoitettu polyester k\u00e4sineet sininen | Valika","isPartOf":{"@id":"https:\/\/valika.eu\/fi\/#website"},"primaryImageOfPage":{"@id":"https:\/\/valika.eu\/fi\/toode\/poluesterkindad-pu-kate-peopesas-kk30-helesinine\/#primaryimage"},"image":{"@id":"https:\/\/valika.eu\/toode\/poluesterkindad-pu-kate-peopesas-kk30-helesinine\/#primaryimage"},"thumbnailUrl":"https:\/\/valika.eu\/wp-content\/uploads\/2024\/01\/tekstiilkindad-kattega-toiduaine.png","datePublished":"2024-09-24T10:36:06+00:00","dateModified":"2025-07-02T02:08:13+00:00","breadcrumb":{"@id":"https:\/\/valika.eu\/fi\/toode\/poluesterkindad-pu-kate-peopesas-kk30-helesinine\/#breadcrumb"},"inLanguage":"fi","potentialAction":[{"@type":"ReadAction","target":[["https:\/\/valika.eu\/fi\/toode\/poluesterkindad-pu-kate-peopesas-kk30-helesinine\/"]]}]},{"@type":"ImageObject","inLanguage":"fi","@id":"https:\/\/valika.eu\/fi\/toode\/poluesterkindad-pu-kate-peopesas-kk30-helesinine\/#primaryimage","url":"https:\/\/valika.eu\/wp-content\/uploads\/2024\/01\/tekstiilkindad-kattega-toiduaine.png","contentUrl":"https:\/\/valika.eu\/wp-content\/uploads\/2024\/01\/tekstiilkindad-kattega-toiduaine.png","width":1000,"height":800},{"@type":"BreadcrumbList","@id":"https:\/\/valika.eu\/fi\/toode\/poluesterkindad-pu-kate-peopesas-kk30-helesinine\/#breadcrumb","itemListElement":[{"@type":"ListItem","position":1,"name":"Koti","item":"https:\/\/valika.eu\/fi\/"},{"@type":"ListItem","position":2,"name":"Shop","item":"https:\/\/valika.eu\/fi\/"},{"@type":"ListItem","position":3,"name":"Polyester work gloves with PU-coated palms blue"}]},{"@type":"WebSite","@id":"https:\/\/valika.eu\/fi\/#website","url":"https:\/\/valika.eu\/fi\/","name":"Valika.eu","description":"Salonkituotteet ja kauneudenhoitotuotteet - Valika tarjoaa laajan valikoiman tuotteita ja tarvikkeita kynsiteknikoille, kauneushoitoloille, kampaamoille ja kampaamoille.","publisher":{"@id":"https:\/\/valika.eu\/fi\/#organization"},"alternateName":"Valika","potentialAction":[{"@type":"SearchAction","target":{"@type":"EntryPoint","urlTemplate":"https:\/\/valika.eu\/fi\/?s={search_term_string}"},"query-input":{"@type":"PropertyValueSpecification","valueRequired":true,"valueName":"search_term_string"}}],"inLanguage":"fi"},{"@type":"Organization","@id":"https:\/\/valika.eu\/fi\/#organization","name":"Salongitoode O\u00dc","alternateName":"Valika","url":"https:\/\/valika.eu\/fi\/","logo":{"@type":"ImageObject","inLanguage":"fi","@id":"https:\/\/valika.eu\/fi\/#\/schema\/logo\/image\/","url":"https:\/\/valika.eu\/wp-content\/uploads\/2023\/11\/logo2-valika-footer.png","contentUrl":"https:\/\/valika.eu\/wp-content\/uploads\/2023\/11\/logo2-valika-footer.png","width":200,"height":129,"caption":"Salongitoode O\u00dc"},"image":{"@id":"https:\/\/valika.eu\/fi\/#\/schema\/logo\/image\/"},"sameAs":["https:\/\/www.facebook.com\/tipsi.net"]}]}},"jetpack_sharing_enabled":true,"_links":{"self":[{"href":"https:\/\/valika.eu\/fi\/wp-json\/wp\/v2\/product\/928","targetHints":{"allow":["GET"]}}],"collection":[{"href":"https:\/\/valika.eu\/fi\/wp-json\/wp\/v2\/product"}],"about":[{"href":"https:\/\/valika.eu\/fi\/wp-json\/wp\/v2\/types\/product"}],"wp:featuredmedia":[{"embeddable":true,"href":"https:\/\/valika.eu\/fi\/wp-json\/wp\/v2\/media\/390"}],"wp:attachment":[{"href":"https:\/\/valika.eu\/fi\/wp-json\/wp\/v2\/media?parent=928"}],"wp:term":[{"taxonomy":"product_brand","embeddable":true,"href":"https:\/\/valika.eu\/fi\/wp-json\/wp\/v2\/product_brand?post=928"},{"taxonomy":"product_cat","embeddable":true,"href":"https:\/\/valika.eu\/fi\/wp-json\/wp\/v2\/product_cat?post=928"},{"taxonomy":"product_tag","embeddable":true,"href":"https:\/\/valika.eu\/fi\/wp-json\/wp\/v2\/product_tag?post=928"}],"curies":[{"name":"wp","href":"https:\/\/api.w.org\/{rel}","templated":true}]}}