{"id":9299,"date":"2024-10-15T18:35:14","date_gmt":"2024-10-15T15:35:14","guid":{"rendered":"https:\/\/valika.eu\/?post_type=product&#038;p=9299"},"modified":"2026-02-18T12:39:33","modified_gmt":"2026-02-18T10:39:33","slug":"nitriilkindad-safe-care-sinised-xssmlxl","status":"publish","type":"product","link":"https:\/\/valika.eu\/fi\/toode\/nitriilkindad-safe-care-sinised-xssmlxl\/","title":{"rendered":"Nitriilik\u00e4sineet Safe Care sininen  XS,S,M,L,XL"},"content":{"rendered":"<p><\/p>\n<p>Suunniteltu l\u00e4\u00e4kinn\u00e4llisiin tutkimuksiin, HORECA-ymp\u00e4rist\u00f6ihin ja eri teollisuudenaloille, n\u00e4m\u00e4 nitriilitutkimusk\u00e4sineet tarjoavat 3,5G paksuuden, joka luo t\u00e4ydellisen tasapainon suojan ja tuntoherkkyyden v\u00e4lill\u00e4.<\/p>\n<p>Teksturoitujen sormenp\u00e4iden ansiosta k\u00e4sineet takaavat varman otteen sek\u00e4 m\u00e4riss\u00e4 ett\u00e4 kuivissa olosuhteissa, parantaen tarkkuutta ja hallintaa. Lateksiton rakenne minimoi allergisten reaktioiden riskin, painottaen turvallisuutta ja mukavuutta.<\/p>\n<p>Merkinn\u00e4t ja standardienmukaisuus: EN ISO 374-1, EN 374-2, EN 374-3, EN 455-1, EN 455-2, EN 455-3, EN 455-4, EN 1186, EN 1149-2, ASTM D6319, ASTM D7319<\/p>\n<p>Valmistettu Euroopassa\u00a0 https:\/\/ppsgloves.com\/<\/p>\n<p><strong>Labelling &amp; Conformity to standards:<\/strong>\u00a0EN ISO 374-1, EN 374-2, EN, EN 374-3, EN 455-1, EN 455-2, EN 455-3, EN 455-4, EN 1186, EN 1149:2, ASTM D6319, ASTM D7319<\/p>\n<table>\n<tbody>\n<tr>\n<td><img loading=\"lazy\" decoding=\"async\" src=\"https:\/\/send.saleslayer.com\/1586eed8d68847db4b87153b1ebcf9a4\/Food%20Safe.png\" width=\"100\" height=\"100\" \/><\/td>\n<td>Food safe<\/p>\n<p>&nbsp;<\/td>\n<\/tr>\n<\/tbody>\n<\/table>\n<table dir=\"ltr\" border=\"1\" cellspacing=\"0\" cellpadding=\"0\" data-sheets-root=\"1\">\n<colgroup>\n<col width=\"193\" \/>\n<col width=\"197\" \/>\n<col width=\"171\" \/>\n<col width=\"171\" \/>\n<col width=\"171\" \/><\/colgroup>\n<tbody>\n<tr>\n<td><\/td>\n<td data-sheets-value=\"{&quot;1&quot;:2,&quot;2&quot;:&quot;Dispenser box&quot;}\">Dispenser box<\/td>\n<td data-sheets-value=\"{&quot;1&quot;:2,&quot;2&quot;:&quot;Transport carton&quot;}\">Transport carton<\/td>\n<td data-sheets-value=\"{&quot;1&quot;:2,&quot;2&quot;:&quot;Pallet&quot;}\">Pallet<\/td>\n<td><\/td>\n<\/tr>\n<tr>\n<td data-sheets-value=\"{&quot;1&quot;:2,&quot;2&quot;:&quot;Packaging&quot;}\">Packaging<\/td>\n<td data-sheets-value=\"{&quot;1&quot;:2,&quot;2&quot;:&quot;100 pcs. of gloves per box&quot;}\">100 pcs. of gloves per box<\/td>\n<td data-sheets-value=\"{&quot;1&quot;:2,&quot;2&quot;:&quot;10 boxes per carton&quot;}\">10 boxes per carton<\/td>\n<td data-sheets-value=\"{&quot;1&quot;:2,&quot;2&quot;:&quot;96 cartons per pallet 8 layers of 12 cartons&quot;}\">\n<div>\n<div>96 cartons per pallet 8 layers of 12 cartons<\/div>\n<\/div>\n<\/td>\n<td><\/td>\n<\/tr>\n<tr>\n<td data-sheets-value=\"{&quot;1&quot;:2,&quot;2&quot;:&quot;Dimensions&quot;}\">Dimensions<\/td>\n<td data-sheets-value=\"{&quot;1&quot;:2,&quot;2&quot;:&quot;20,5 x 11 x 6 cm&quot;}\">20,5 x 11 x 6 cm<\/td>\n<td data-sheets-value=\"{&quot;1&quot;:2,&quot;2&quot;:&quot;32 x 23 x 21 cm&quot;}\">32 x 23 x 21 cm<\/td>\n<td data-sheets-value=\"{&quot;1&quot;:2,&quot;2&quot;:&quot;120 x 80 x 180 cm&quot;}\">120 x 80 x 180 cm<\/td>\n<td><\/td>\n<\/tr>\n<\/tbody>\n<\/table>\n<p>&nbsp;<\/p>\n<table dir=\"ltr\" border=\"1\" cellspacing=\"0\" cellpadding=\"0\" data-sheets-root=\"1\">\n<colgroup>\n<col width=\"193\" \/>\n<col width=\"197\" \/>\n<col width=\"171\" \/>\n<col width=\"171\" \/>\n<col width=\"171\" \/><\/colgroup>\n<tbody>\n<tr>\n<td data-sheets-value=\"{&quot;1&quot;:2,&quot;2&quot;:&quot;Size&quot;}\">Size<\/td>\n<td data-sheets-value=\"{&quot;1&quot;:2,&quot;2&quot;:&quot;Product code&quot;}\">Product code<\/td>\n<td data-sheets-value=\"{&quot;1&quot;:2,&quot;2&quot;:&quot;EAN dispenser box&quot;}\">EAN dispenser box<\/td>\n<td data-sheets-value=\"{&quot;1&quot;:2,&quot;2&quot;:&quot;EAN carton&quot;}\">EAN carton<\/td>\n<td data-sheets-value=\"{&quot;1&quot;:2,&quot;2&quot;:&quot;Carton gross weight&quot;}\">Carton gross weight<\/td>\n<\/tr>\n<tr>\n<td data-sheets-value=\"{&quot;1&quot;:2,&quot;2&quot;:&quot;XS&quot;}\">XS<\/td>\n<td data-sheets-value=\"{&quot;1&quot;:2,&quot;2&quot;:&quot;PPS-SC-01 &quot;}\">PPS-SC-01<\/td>\n<td data-sheets-value=\"{&quot;1&quot;:2,&quot;2&quot;:&quot;3 800 501 874 127&quot;}\">3 800 501 874 127<\/td>\n<td data-sheets-value=\"{&quot;1&quot;:2,&quot;2&quot;:&quot;3 800 501 874 080&quot;}\">3 800 501 874 080<\/td>\n<td data-sheets-value=\"{&quot;1&quot;:2,&quot;2&quot;:&quot;3,6 kg&quot;}\">3,6 kg<\/td>\n<\/tr>\n<tr>\n<td data-sheets-value=\"{&quot;1&quot;:2,&quot;2&quot;:&quot;S &quot;}\">S<\/td>\n<td data-sheets-value=\"{&quot;1&quot;:2,&quot;2&quot;:&quot;PPS-SC-02&quot;}\">PPS-SC-02<\/td>\n<td data-sheets-value=\"{&quot;1&quot;:2,&quot;2&quot;:&quot;3 800 501 874 158&quot;}\">3 800 501 874 158<\/td>\n<td data-sheets-value=\"{&quot;1&quot;:2,&quot;2&quot;:&quot;3 800 501 874 073&quot;}\">3 800 501 874 073<\/td>\n<td data-sheets-value=\"{&quot;1&quot;:2,&quot;2&quot;:&quot;3,9 kg&quot;}\">3,9 kg<\/td>\n<\/tr>\n<tr>\n<td data-sheets-value=\"{&quot;1&quot;:2,&quot;2&quot;:&quot;M&quot;}\">M<\/td>\n<td data-sheets-value=\"{&quot;1&quot;:2,&quot;2&quot;:&quot;PPS-SC-03&quot;}\">PPS-SC-03<\/td>\n<td data-sheets-value=\"{&quot;1&quot;:2,&quot;2&quot;:&quot;3 800 501 874 165&quot;}\">3 800 501 874 165<\/td>\n<td data-sheets-value=\"{&quot;1&quot;:2,&quot;2&quot;:&quot;3 800 501 874 066&quot;}\">3 800 501 874 066<\/td>\n<td data-sheets-value=\"{&quot;1&quot;:2,&quot;2&quot;:&quot;4,2 kg&quot;}\">4,2 kg<\/td>\n<\/tr>\n<tr>\n<td data-sheets-value=\"{&quot;1&quot;:2,&quot;2&quot;:&quot;L &quot;}\">L<\/td>\n<td data-sheets-value=\"{&quot;1&quot;:2,&quot;2&quot;:&quot;PPS-SC-04&quot;}\">PPS-SC-04<\/td>\n<td data-sheets-value=\"{&quot;1&quot;:2,&quot;2&quot;:&quot;3 800 501 874 004&quot;}\">3 800 501 874 004<\/td>\n<td data-sheets-value=\"{&quot;1&quot;:2,&quot;2&quot;:&quot;3 800 501 874 059&quot;}\">3 800 501 874 059<\/td>\n<td data-sheets-value=\"{&quot;1&quot;:2,&quot;2&quot;:&quot;4,5 kg&quot;}\">4,5 kg<\/td>\n<\/tr>\n<tr>\n<td data-sheets-value=\"{&quot;1&quot;:2,&quot;2&quot;:&quot;XL&quot;}\">XL<\/td>\n<td data-sheets-value=\"{&quot;1&quot;:2,&quot;2&quot;:&quot;PPS-SC-05&quot;}\">PPS-SC-05<\/td>\n<td data-sheets-value=\"{&quot;1&quot;:2,&quot;2&quot;:&quot;3 800 501 874 042&quot;}\">3 800 501 874 042<\/td>\n<td data-sheets-value=\"{&quot;1&quot;:2,&quot;2&quot;:&quot;3 800 501 874 035&quot;}\">3 800 501 874 035<\/td>\n<td data-sheets-value=\"{&quot;1&quot;:2,&quot;2&quot;:&quot;4,8 kg&quot;}\">4,8 kg<\/td>\n<\/tr>\n<tr>\n<td data-sheets-value=\"{&quot;1&quot;:2,&quot;2&quot;:&quot;Label&quot;}\">Label<\/td>\n<td colspan=\"4\" rowspan=\"1\" data-sheets-value=\"{&quot;1&quot;:2,&quot;2&quot;:&quot;EN - BG - DE - FR - ES&quot;}\">EN \u2013 BG \u2013 DE \u2013 FR \u2013 ES<\/td>\n<\/tr>\n<\/tbody>\n<\/table>\n<p><\/p>","protected":false},"excerpt":{"rendered":"<p>Kehitetty l\u00e4\u00e4ketieteelliseen tutkimukseen, HoReCa-ymp\u00e4rist\u00f6ihin ja eri toimialoihin,<\/p>\n<p>Laadukkaat nitriilik\u00e4sineet 100 kpl laatikossa.<\/p>\n<p>Paksuus 0,07 mm<\/p>\n<p>Sormien paksuus on 0,09 mm<\/p>\n<p>Murtolujuus 6-8N<\/p>\n<p>Valmistettu Euroopassa<\/p>\n","protected":false},"featured_media":9315,"template":"","meta":[],"product_brand":[],"product_cat":[27],"product_tag":[],"class_list":{"0":"post-9299","1":"product","2":"type-product","3":"status-publish","4":"has-post-thumbnail","6":"product_cat-kindad","8":"first","9":"instock","10":"taxable","11":"shipping-taxable","12":"purchasable","13":"product-type-variable","14":"has-default-attributes"},"yoast_head":"<!-- This site is optimized with the Yoast SEO plugin v24.4 - https:\/\/yoast.com\/wordpress\/plugins\/seo\/ -->\n<title>Nitriilik\u00e4sineet Safe Care sininen XS,S,M,L,XL | Valika<\/title>\n<meta name=\"description\" content=\"K\u00f5rgekvaliteetsed nitriilkindad 100tk karbis\" \/>\n<meta name=\"robots\" content=\"index, follow, max-snippet:-1, max-image-preview:large, max-video-preview:-1\" \/>\n<link rel=\"canonical\" href=\"https:\/\/valika.eu\/fi\/toode\/nitriilkindad-safe-care-sinised-xssmlxl\/\" \/>\n<meta property=\"og:locale\" content=\"fi_FI\" \/>\n<meta property=\"og:type\" content=\"article\" \/>\n<meta property=\"og:title\" content=\"Nitriilik\u00e4sineet Safe Care sininen XS,S,M,L,XL | Valika\" \/>\n<meta property=\"og:description\" content=\"K\u00f5rgekvaliteetsed nitriilkindad 100tk karbis\" \/>\n<meta property=\"og:url\" content=\"https:\/\/valika.eu\/fi\/toode\/nitriilkindad-safe-care-sinised-xssmlxl\/\" \/>\n<meta property=\"og:site_name\" content=\"Valika\" \/>\n<meta property=\"article:publisher\" content=\"https:\/\/www.facebook.com\/tipsi.net\" \/>\n<meta property=\"article:modified_time\" content=\"2026-02-18T10:39:33+00:00\" \/>\n<meta property=\"og:image\" content=\"https:\/\/valika.eu\/wp-content\/uploads\/2024\/10\/PPS_gloves.jpg\" \/>\n\t<meta property=\"og:image:width\" content=\"800\" \/>\n\t<meta property=\"og:image:height\" content=\"800\" \/>\n\t<meta property=\"og:image:type\" content=\"image\/jpeg\" \/>\n<meta name=\"twitter:card\" content=\"summary_large_image\" \/>\n<script type=\"application\/ld+json\" class=\"yoast-schema-graph\">{\"@context\":\"https:\/\/schema.org\",\"@graph\":[{\"@type\":\"WebPage\",\"@id\":\"https:\/\/valika.eu\/fi\/toode\/nitriilkindad-safe-care-sinised-xssmlxl\/\",\"url\":\"https:\/\/valika.eu\/fi\/toode\/nitriilkindad-safe-care-sinised-xssmlxl\/\",\"name\":\"Nitriilik\u00e4sineet Safe Care sininen XS,S,M,L,XL | Valika\",\"isPartOf\":{\"@id\":\"https:\/\/valika.eu\/fi\/#website\"},\"primaryImageOfPage\":{\"@id\":\"https:\/\/valika.eu\/fi\/toode\/nitriilkindad-safe-care-sinised-xssmlxl\/#primaryimage\"},\"image\":{\"@id\":\"https:\/\/valika.eu\/toode\/nitriilkindad-safe-care-sinised-xssmlxl\/#primaryimage\"},\"thumbnailUrl\":\"https:\/\/valika.eu\/wp-content\/uploads\/2024\/10\/PPS_gloves.jpg\",\"datePublished\":\"2024-10-15T15:35:14+00:00\",\"dateModified\":\"2026-02-18T10:39:33+00:00\",\"description\":\"K\u00f5rgekvaliteetsed nitriilkindad 100tk karbis\",\"breadcrumb\":{\"@id\":\"https:\/\/valika.eu\/fi\/toode\/nitriilkindad-safe-care-sinised-xssmlxl\/#breadcrumb\"},\"inLanguage\":\"fi\",\"potentialAction\":[{\"@type\":\"ReadAction\",\"target\":[[\"https:\/\/valika.eu\/fi\/toode\/nitriilkindad-safe-care-sinised-xssmlxl\/\"]]}]},{\"@type\":\"ImageObject\",\"inLanguage\":\"fi\",\"@id\":\"https:\/\/valika.eu\/fi\/toode\/nitriilkindad-safe-care-sinised-xssmlxl\/#primaryimage\",\"url\":\"https:\/\/valika.eu\/wp-content\/uploads\/2024\/10\/PPS_gloves.jpg\",\"contentUrl\":\"https:\/\/valika.eu\/wp-content\/uploads\/2024\/10\/PPS_gloves.jpg\",\"width\":800,\"height\":800},{\"@type\":\"BreadcrumbList\",\"@id\":\"https:\/\/valika.eu\/fi\/toode\/nitriilkindad-safe-care-sinised-xssmlxl\/#breadcrumb\",\"itemListElement\":[{\"@type\":\"ListItem\",\"position\":1,\"name\":\"Koti\",\"item\":\"https:\/\/valika.eu\/fi\/\"},{\"@type\":\"ListItem\",\"position\":2,\"name\":\"Shop\",\"item\":\"https:\/\/valika.eu\/fi\/\"},{\"@type\":\"ListItem\",\"position\":3,\"name\":\"\u041d\u0438\u0442\u0440\u0438\u043b\u043e\u0432\u044b\u0435 \u043f\u0435\u0440\u0447\u0430\u0442\u043a\u0438 Safe Care \u0441\u0438\u043d\u0438\u0435 XS,S,M,L,XL\"}]},{\"@type\":\"WebSite\",\"@id\":\"https:\/\/valika.eu\/fi\/#website\",\"url\":\"https:\/\/valika.eu\/fi\/\",\"name\":\"Valika.eu\",\"description\":\"Salonkituotteet ja kauneudenhoitotuotteet - Valika tarjoaa laajan valikoiman tuotteita ja tarvikkeita kynsiteknikoille, kauneushoitoloille, kampaamoille ja kampaamoille.\",\"publisher\":{\"@id\":\"https:\/\/valika.eu\/fi\/#organization\"},\"alternateName\":\"Valika\",\"potentialAction\":[{\"@type\":\"SearchAction\",\"target\":{\"@type\":\"EntryPoint\",\"urlTemplate\":\"https:\/\/valika.eu\/fi\/?s={search_term_string}\"},\"query-input\":{\"@type\":\"PropertyValueSpecification\",\"valueRequired\":true,\"valueName\":\"search_term_string\"}}],\"inLanguage\":\"fi\"},{\"@type\":\"Organization\",\"@id\":\"https:\/\/valika.eu\/fi\/#organization\",\"name\":\"Salongitoode O\u00dc\",\"alternateName\":\"Valika\",\"url\":\"https:\/\/valika.eu\/fi\/\",\"logo\":{\"@type\":\"ImageObject\",\"inLanguage\":\"fi\",\"@id\":\"https:\/\/valika.eu\/fi\/#\/schema\/logo\/image\/\",\"url\":\"https:\/\/valika.eu\/wp-content\/uploads\/2023\/11\/logo2-valika-footer.png\",\"contentUrl\":\"https:\/\/valika.eu\/wp-content\/uploads\/2023\/11\/logo2-valika-footer.png\",\"width\":200,\"height\":129,\"caption\":\"Salongitoode O\u00dc\"},\"image\":{\"@id\":\"https:\/\/valika.eu\/fi\/#\/schema\/logo\/image\/\"},\"sameAs\":[\"https:\/\/www.facebook.com\/tipsi.net\"]}]}<\/script>\n<!-- \/ Yoast SEO plugin. -->","yoast_head_json":{"title":"Nitriilik\u00e4sineet Safe Care sininen XS,S,M,L,XL | Valika","description":"K\u00f5rgekvaliteetsed nitriilkindad 100tk karbis","robots":{"index":"index","follow":"follow","max-snippet":"max-snippet:-1","max-image-preview":"max-image-preview:large","max-video-preview":"max-video-preview:-1"},"canonical":"https:\/\/valika.eu\/fi\/toode\/nitriilkindad-safe-care-sinised-xssmlxl\/","og_locale":"fi_FI","og_type":"article","og_title":"Nitriilik\u00e4sineet Safe Care sininen XS,S,M,L,XL | Valika","og_description":"K\u00f5rgekvaliteetsed nitriilkindad 100tk karbis","og_url":"https:\/\/valika.eu\/fi\/toode\/nitriilkindad-safe-care-sinised-xssmlxl\/","og_site_name":"Valika","article_publisher":"https:\/\/www.facebook.com\/tipsi.net","article_modified_time":"2026-02-18T10:39:33+00:00","og_image":[{"width":800,"height":800,"url":"https:\/\/valika.eu\/wp-content\/uploads\/2024\/10\/PPS_gloves.jpg","type":"image\/jpeg"}],"twitter_card":"summary_large_image","schema":{"@context":"https:\/\/schema.org","@graph":[{"@type":"WebPage","@id":"https:\/\/valika.eu\/fi\/toode\/nitriilkindad-safe-care-sinised-xssmlxl\/","url":"https:\/\/valika.eu\/fi\/toode\/nitriilkindad-safe-care-sinised-xssmlxl\/","name":"Nitriilik\u00e4sineet Safe Care sininen XS,S,M,L,XL | Valika","isPartOf":{"@id":"https:\/\/valika.eu\/fi\/#website"},"primaryImageOfPage":{"@id":"https:\/\/valika.eu\/fi\/toode\/nitriilkindad-safe-care-sinised-xssmlxl\/#primaryimage"},"image":{"@id":"https:\/\/valika.eu\/toode\/nitriilkindad-safe-care-sinised-xssmlxl\/#primaryimage"},"thumbnailUrl":"https:\/\/valika.eu\/wp-content\/uploads\/2024\/10\/PPS_gloves.jpg","datePublished":"2024-10-15T15:35:14+00:00","dateModified":"2026-02-18T10:39:33+00:00","description":"K\u00f5rgekvaliteetsed nitriilkindad 100tk karbis","breadcrumb":{"@id":"https:\/\/valika.eu\/fi\/toode\/nitriilkindad-safe-care-sinised-xssmlxl\/#breadcrumb"},"inLanguage":"fi","potentialAction":[{"@type":"ReadAction","target":[["https:\/\/valika.eu\/fi\/toode\/nitriilkindad-safe-care-sinised-xssmlxl\/"]]}]},{"@type":"ImageObject","inLanguage":"fi","@id":"https:\/\/valika.eu\/fi\/toode\/nitriilkindad-safe-care-sinised-xssmlxl\/#primaryimage","url":"https:\/\/valika.eu\/wp-content\/uploads\/2024\/10\/PPS_gloves.jpg","contentUrl":"https:\/\/valika.eu\/wp-content\/uploads\/2024\/10\/PPS_gloves.jpg","width":800,"height":800},{"@type":"BreadcrumbList","@id":"https:\/\/valika.eu\/fi\/toode\/nitriilkindad-safe-care-sinised-xssmlxl\/#breadcrumb","itemListElement":[{"@type":"ListItem","position":1,"name":"Koti","item":"https:\/\/valika.eu\/fi\/"},{"@type":"ListItem","position":2,"name":"Shop","item":"https:\/\/valika.eu\/fi\/"},{"@type":"ListItem","position":3,"name":"\u041d\u0438\u0442\u0440\u0438\u043b\u043e\u0432\u044b\u0435 \u043f\u0435\u0440\u0447\u0430\u0442\u043a\u0438 Safe Care \u0441\u0438\u043d\u0438\u0435 XS,S,M,L,XL"}]},{"@type":"WebSite","@id":"https:\/\/valika.eu\/fi\/#website","url":"https:\/\/valika.eu\/fi\/","name":"Valika.eu","description":"Salonkituotteet ja kauneudenhoitotuotteet - Valika tarjoaa laajan valikoiman tuotteita ja tarvikkeita kynsiteknikoille, kauneushoitoloille, kampaamoille ja kampaamoille.","publisher":{"@id":"https:\/\/valika.eu\/fi\/#organization"},"alternateName":"Valika","potentialAction":[{"@type":"SearchAction","target":{"@type":"EntryPoint","urlTemplate":"https:\/\/valika.eu\/fi\/?s={search_term_string}"},"query-input":{"@type":"PropertyValueSpecification","valueRequired":true,"valueName":"search_term_string"}}],"inLanguage":"fi"},{"@type":"Organization","@id":"https:\/\/valika.eu\/fi\/#organization","name":"Salongitoode O\u00dc","alternateName":"Valika","url":"https:\/\/valika.eu\/fi\/","logo":{"@type":"ImageObject","inLanguage":"fi","@id":"https:\/\/valika.eu\/fi\/#\/schema\/logo\/image\/","url":"https:\/\/valika.eu\/wp-content\/uploads\/2023\/11\/logo2-valika-footer.png","contentUrl":"https:\/\/valika.eu\/wp-content\/uploads\/2023\/11\/logo2-valika-footer.png","width":200,"height":129,"caption":"Salongitoode O\u00dc"},"image":{"@id":"https:\/\/valika.eu\/fi\/#\/schema\/logo\/image\/"},"sameAs":["https:\/\/www.facebook.com\/tipsi.net"]}]}},"jetpack_sharing_enabled":true,"_links":{"self":[{"href":"https:\/\/valika.eu\/fi\/wp-json\/wp\/v2\/product\/9299","targetHints":{"allow":["GET"]}}],"collection":[{"href":"https:\/\/valika.eu\/fi\/wp-json\/wp\/v2\/product"}],"about":[{"href":"https:\/\/valika.eu\/fi\/wp-json\/wp\/v2\/types\/product"}],"wp:featuredmedia":[{"embeddable":true,"href":"https:\/\/valika.eu\/fi\/wp-json\/wp\/v2\/media\/9315"}],"wp:attachment":[{"href":"https:\/\/valika.eu\/fi\/wp-json\/wp\/v2\/media?parent=9299"}],"wp:term":[{"taxonomy":"product_brand","embeddable":true,"href":"https:\/\/valika.eu\/fi\/wp-json\/wp\/v2\/product_brand?post=9299"},{"taxonomy":"product_cat","embeddable":true,"href":"https:\/\/valika.eu\/fi\/wp-json\/wp\/v2\/product_cat?post=9299"},{"taxonomy":"product_tag","embeddable":true,"href":"https:\/\/valika.eu\/fi\/wp-json\/wp\/v2\/product_tag?post=9299"}],"curies":[{"name":"wp","href":"https:\/\/api.w.org\/{rel}","templated":true}]}}