{"id":9335,"date":"2024-10-15T20:21:29","date_gmt":"2024-10-15T17:21:29","guid":{"rendered":"https:\/\/valika.eu\/?post_type=product&#038;p=9335"},"modified":"2026-03-05T14:58:04","modified_gmt":"2026-03-05T12:58:04","slug":"xs-unigloves-nitriilkindad-saphir-pearl-100-tk","status":"publish","type":"product","link":"https:\/\/valika.eu\/fi\/toode\/xs-unigloves-nitriilkindad-saphir-pearl-100-tk\/","title":{"rendered":"\u2013 XS \u2013 Unigloves nitriilik\u00e4sineet \u2013 Saphir Pearl 100 kpl"},"content":{"rendered":"<p>Suunniteltu l\u00e4\u00e4kinn\u00e4llisiin tutkimuksiin, HORECA-ymp\u00e4rist\u00f6ihin ja eri teollisuudenaloille, n\u00e4m\u00e4 nitriilitutkimusk\u00e4sineet tarjoavat 3,5G paksuuden, joka luo t\u00e4ydellisen tasapainon suojan ja tuntoherkkyyden v\u00e4lill\u00e4.<\/p>\n<p>Teksturoitujen sormenp\u00e4iden ansiosta k\u00e4sineet takaavat varman otteen sek\u00e4 m\u00e4riss\u00e4 ett\u00e4 kuivissa olosuhteissa, parantaen tarkkuutta ja hallintaa. Lateksiton rakenne minimoi allergisten reaktioiden riskin, painottaen turvallisuutta ja mukavuutta.<\/p>\n<p>XS koko<\/p>","protected":false},"excerpt":{"rendered":"<p>Korkealaatuiset v\u00e4rikk\u00e4\u00e4t nitriilikertak\u00e4ytt\u00f6k\u00e4sineet. K\u00e4siss\u00e4 yht\u00e4 miellytt\u00e4v\u00e4t kuin lateksik\u00e4sineet. Vastaavat kokoja 6-7.<\/p>\n","protected":false},"featured_media":9337,"template":"","meta":[],"product_brand":[],"product_cat":[27],"product_tag":[],"class_list":{"0":"post-9335","1":"product","2":"type-product","3":"status-publish","4":"has-post-thumbnail","6":"product_cat-kindad","8":"first","9":"instock","10":"taxable","11":"shipping-taxable","12":"purchasable","13":"product-type-simple"},"yoast_head":"<!-- This site is optimized with the Yoast SEO plugin v24.4 - https:\/\/yoast.com\/wordpress\/plugins\/seo\/ -->\n<title>\u2013 XS \u2013 Unigloves nitriilik\u00e4sineet \u2013 Saphir Pearl 100 kpl | Valika<\/title>\n<meta name=\"robots\" content=\"index, follow, max-snippet:-1, max-image-preview:large, max-video-preview:-1\" \/>\n<link rel=\"canonical\" href=\"https:\/\/valika.eu\/fi\/toode\/xs-unigloves-nitriilkindad-saphir-pearl-100-tk\/\" \/>\n<meta property=\"og:locale\" content=\"fi_FI\" \/>\n<meta property=\"og:type\" content=\"article\" \/>\n<meta property=\"og:title\" content=\"\u2013 XS \u2013 Unigloves nitriilik\u00e4sineet \u2013 Saphir Pearl 100 kpl | Valika\" \/>\n<meta property=\"og:description\" content=\"Korkealaatuiset v\u00e4rikk\u00e4\u00e4t nitriilikertak\u00e4ytt\u00f6k\u00e4sineet. K\u00e4siss\u00e4 yht\u00e4 miellytt\u00e4v\u00e4t kuin lateksik\u00e4sineet. Vastaavat kokoja 6-7.\" \/>\n<meta property=\"og:url\" content=\"https:\/\/valika.eu\/fi\/toode\/xs-unigloves-nitriilkindad-saphir-pearl-100-tk\/\" \/>\n<meta property=\"og:site_name\" content=\"Valika\" \/>\n<meta property=\"article:publisher\" content=\"https:\/\/www.facebook.com\/tipsi.net\" \/>\n<meta property=\"article:modified_time\" content=\"2026-03-05T12:58:04+00:00\" \/>\n<meta property=\"og:image\" content=\"https:\/\/valika.eu\/wp-content\/uploads\/2024\/10\/BIS_Beauty_Imagine_Space_nitrila_cimdi_violeti_unigloves-saphire-pearl-box_1.webp\" \/>\n\t<meta property=\"og:image:width\" content=\"1000\" \/>\n\t<meta property=\"og:image:height\" content=\"1000\" \/>\n\t<meta property=\"og:image:type\" content=\"image\/webp\" \/>\n<meta name=\"twitter:card\" content=\"summary_large_image\" \/>\n<script type=\"application\/ld+json\" class=\"yoast-schema-graph\">{\"@context\":\"https:\/\/schema.org\",\"@graph\":[{\"@type\":\"WebPage\",\"@id\":\"https:\/\/valika.eu\/fi\/toode\/xs-unigloves-nitriilkindad-saphir-pearl-100-tk\/\",\"url\":\"https:\/\/valika.eu\/fi\/toode\/xs-unigloves-nitriilkindad-saphir-pearl-100-tk\/\",\"name\":\"\u2013 XS \u2013 Unigloves nitriilik\u00e4sineet \u2013 Saphir Pearl 100 kpl | Valika\",\"isPartOf\":{\"@id\":\"https:\/\/valika.eu\/fi\/#website\"},\"primaryImageOfPage\":{\"@id\":\"https:\/\/valika.eu\/fi\/toode\/xs-unigloves-nitriilkindad-saphir-pearl-100-tk\/#primaryimage\"},\"image\":{\"@id\":\"https:\/\/valika.eu\/toode\/xs-unigloves-nitriilkindad-saphir-pearl-100-tk\/#primaryimage\"},\"thumbnailUrl\":\"https:\/\/valika.eu\/wp-content\/uploads\/2024\/10\/BIS_Beauty_Imagine_Space_nitrila_cimdi_violeti_unigloves-saphire-pearl-box_1.webp\",\"datePublished\":\"2024-10-15T17:21:29+00:00\",\"dateModified\":\"2026-03-05T12:58:04+00:00\",\"breadcrumb\":{\"@id\":\"https:\/\/valika.eu\/fi\/toode\/xs-unigloves-nitriilkindad-saphir-pearl-100-tk\/#breadcrumb\"},\"inLanguage\":\"fi\",\"potentialAction\":[{\"@type\":\"ReadAction\",\"target\":[[\"https:\/\/valika.eu\/fi\/toode\/xs-unigloves-nitriilkindad-saphir-pearl-100-tk\/\"]]}]},{\"@type\":\"ImageObject\",\"inLanguage\":\"fi\",\"@id\":\"https:\/\/valika.eu\/fi\/toode\/xs-unigloves-nitriilkindad-saphir-pearl-100-tk\/#primaryimage\",\"url\":\"https:\/\/valika.eu\/wp-content\/uploads\/2024\/10\/BIS_Beauty_Imagine_Space_nitrila_cimdi_violeti_unigloves-saphire-pearl-box_1.webp\",\"contentUrl\":\"https:\/\/valika.eu\/wp-content\/uploads\/2024\/10\/BIS_Beauty_Imagine_Space_nitrila_cimdi_violeti_unigloves-saphire-pearl-box_1.webp\",\"width\":1000,\"height\":1000},{\"@type\":\"BreadcrumbList\",\"@id\":\"https:\/\/valika.eu\/fi\/toode\/xs-unigloves-nitriilkindad-saphir-pearl-100-tk\/#breadcrumb\",\"itemListElement\":[{\"@type\":\"ListItem\",\"position\":1,\"name\":\"Koti\",\"item\":\"https:\/\/valika.eu\/fi\/\"},{\"@type\":\"ListItem\",\"position\":2,\"name\":\"Shop\",\"item\":\"https:\/\/valika.eu\/fi\/\"},{\"@type\":\"ListItem\",\"position\":3,\"name\":\"\u2014 XS \u2014 Unigloves \u043f\u0435\u0440\u0447\u0430\u0442\u043a\u0438 \u043d\u0438\u0442\u0440\u0438\u043b\u043e\u0432\u044b\u0435 \u2014 Saphir Pearl &#8211; 100 \u0448\u0442\"}]},{\"@type\":\"WebSite\",\"@id\":\"https:\/\/valika.eu\/fi\/#website\",\"url\":\"https:\/\/valika.eu\/fi\/\",\"name\":\"Valika.eu\",\"description\":\"Salonkituotteet ja kauneudenhoitotuotteet - Valika tarjoaa laajan valikoiman tuotteita ja tarvikkeita kynsiteknikoille, kauneushoitoloille, kampaamoille ja kampaamoille.\",\"publisher\":{\"@id\":\"https:\/\/valika.eu\/fi\/#organization\"},\"alternateName\":\"Valika\",\"potentialAction\":[{\"@type\":\"SearchAction\",\"target\":{\"@type\":\"EntryPoint\",\"urlTemplate\":\"https:\/\/valika.eu\/fi\/?s={search_term_string}\"},\"query-input\":{\"@type\":\"PropertyValueSpecification\",\"valueRequired\":true,\"valueName\":\"search_term_string\"}}],\"inLanguage\":\"fi\"},{\"@type\":\"Organization\",\"@id\":\"https:\/\/valika.eu\/fi\/#organization\",\"name\":\"Salongitoode O\u00dc\",\"alternateName\":\"Valika\",\"url\":\"https:\/\/valika.eu\/fi\/\",\"logo\":{\"@type\":\"ImageObject\",\"inLanguage\":\"fi\",\"@id\":\"https:\/\/valika.eu\/fi\/#\/schema\/logo\/image\/\",\"url\":\"https:\/\/valika.eu\/wp-content\/uploads\/2023\/11\/logo2-valika-footer.png\",\"contentUrl\":\"https:\/\/valika.eu\/wp-content\/uploads\/2023\/11\/logo2-valika-footer.png\",\"width\":200,\"height\":129,\"caption\":\"Salongitoode O\u00dc\"},\"image\":{\"@id\":\"https:\/\/valika.eu\/fi\/#\/schema\/logo\/image\/\"},\"sameAs\":[\"https:\/\/www.facebook.com\/tipsi.net\"]}]}<\/script>\n<!-- \/ Yoast SEO plugin. -->","yoast_head_json":{"title":"\u2013 XS \u2013 Unigloves nitriilik\u00e4sineet \u2013 Saphir Pearl 100 kpl | Valika","robots":{"index":"index","follow":"follow","max-snippet":"max-snippet:-1","max-image-preview":"max-image-preview:large","max-video-preview":"max-video-preview:-1"},"canonical":"https:\/\/valika.eu\/fi\/toode\/xs-unigloves-nitriilkindad-saphir-pearl-100-tk\/","og_locale":"fi_FI","og_type":"article","og_title":"\u2013 XS \u2013 Unigloves nitriilik\u00e4sineet \u2013 Saphir Pearl 100 kpl | Valika","og_description":"Korkealaatuiset v\u00e4rikk\u00e4\u00e4t nitriilikertak\u00e4ytt\u00f6k\u00e4sineet. K\u00e4siss\u00e4 yht\u00e4 miellytt\u00e4v\u00e4t kuin lateksik\u00e4sineet. Vastaavat kokoja 6-7.","og_url":"https:\/\/valika.eu\/fi\/toode\/xs-unigloves-nitriilkindad-saphir-pearl-100-tk\/","og_site_name":"Valika","article_publisher":"https:\/\/www.facebook.com\/tipsi.net","article_modified_time":"2026-03-05T12:58:04+00:00","og_image":[{"width":1000,"height":1000,"url":"https:\/\/valika.eu\/wp-content\/uploads\/2024\/10\/BIS_Beauty_Imagine_Space_nitrila_cimdi_violeti_unigloves-saphire-pearl-box_1.webp","type":"image\/webp"}],"twitter_card":"summary_large_image","schema":{"@context":"https:\/\/schema.org","@graph":[{"@type":"WebPage","@id":"https:\/\/valika.eu\/fi\/toode\/xs-unigloves-nitriilkindad-saphir-pearl-100-tk\/","url":"https:\/\/valika.eu\/fi\/toode\/xs-unigloves-nitriilkindad-saphir-pearl-100-tk\/","name":"\u2013 XS \u2013 Unigloves nitriilik\u00e4sineet \u2013 Saphir Pearl 100 kpl | Valika","isPartOf":{"@id":"https:\/\/valika.eu\/fi\/#website"},"primaryImageOfPage":{"@id":"https:\/\/valika.eu\/fi\/toode\/xs-unigloves-nitriilkindad-saphir-pearl-100-tk\/#primaryimage"},"image":{"@id":"https:\/\/valika.eu\/toode\/xs-unigloves-nitriilkindad-saphir-pearl-100-tk\/#primaryimage"},"thumbnailUrl":"https:\/\/valika.eu\/wp-content\/uploads\/2024\/10\/BIS_Beauty_Imagine_Space_nitrila_cimdi_violeti_unigloves-saphire-pearl-box_1.webp","datePublished":"2024-10-15T17:21:29+00:00","dateModified":"2026-03-05T12:58:04+00:00","breadcrumb":{"@id":"https:\/\/valika.eu\/fi\/toode\/xs-unigloves-nitriilkindad-saphir-pearl-100-tk\/#breadcrumb"},"inLanguage":"fi","potentialAction":[{"@type":"ReadAction","target":[["https:\/\/valika.eu\/fi\/toode\/xs-unigloves-nitriilkindad-saphir-pearl-100-tk\/"]]}]},{"@type":"ImageObject","inLanguage":"fi","@id":"https:\/\/valika.eu\/fi\/toode\/xs-unigloves-nitriilkindad-saphir-pearl-100-tk\/#primaryimage","url":"https:\/\/valika.eu\/wp-content\/uploads\/2024\/10\/BIS_Beauty_Imagine_Space_nitrila_cimdi_violeti_unigloves-saphire-pearl-box_1.webp","contentUrl":"https:\/\/valika.eu\/wp-content\/uploads\/2024\/10\/BIS_Beauty_Imagine_Space_nitrila_cimdi_violeti_unigloves-saphire-pearl-box_1.webp","width":1000,"height":1000},{"@type":"BreadcrumbList","@id":"https:\/\/valika.eu\/fi\/toode\/xs-unigloves-nitriilkindad-saphir-pearl-100-tk\/#breadcrumb","itemListElement":[{"@type":"ListItem","position":1,"name":"Koti","item":"https:\/\/valika.eu\/fi\/"},{"@type":"ListItem","position":2,"name":"Shop","item":"https:\/\/valika.eu\/fi\/"},{"@type":"ListItem","position":3,"name":"\u2014 XS \u2014 Unigloves \u043f\u0435\u0440\u0447\u0430\u0442\u043a\u0438 \u043d\u0438\u0442\u0440\u0438\u043b\u043e\u0432\u044b\u0435 \u2014 Saphir Pearl &#8211; 100 \u0448\u0442"}]},{"@type":"WebSite","@id":"https:\/\/valika.eu\/fi\/#website","url":"https:\/\/valika.eu\/fi\/","name":"Valika.eu","description":"Salonkituotteet ja kauneudenhoitotuotteet - Valika tarjoaa laajan valikoiman tuotteita ja tarvikkeita kynsiteknikoille, kauneushoitoloille, kampaamoille ja kampaamoille.","publisher":{"@id":"https:\/\/valika.eu\/fi\/#organization"},"alternateName":"Valika","potentialAction":[{"@type":"SearchAction","target":{"@type":"EntryPoint","urlTemplate":"https:\/\/valika.eu\/fi\/?s={search_term_string}"},"query-input":{"@type":"PropertyValueSpecification","valueRequired":true,"valueName":"search_term_string"}}],"inLanguage":"fi"},{"@type":"Organization","@id":"https:\/\/valika.eu\/fi\/#organization","name":"Salongitoode O\u00dc","alternateName":"Valika","url":"https:\/\/valika.eu\/fi\/","logo":{"@type":"ImageObject","inLanguage":"fi","@id":"https:\/\/valika.eu\/fi\/#\/schema\/logo\/image\/","url":"https:\/\/valika.eu\/wp-content\/uploads\/2023\/11\/logo2-valika-footer.png","contentUrl":"https:\/\/valika.eu\/wp-content\/uploads\/2023\/11\/logo2-valika-footer.png","width":200,"height":129,"caption":"Salongitoode O\u00dc"},"image":{"@id":"https:\/\/valika.eu\/fi\/#\/schema\/logo\/image\/"},"sameAs":["https:\/\/www.facebook.com\/tipsi.net"]}]}},"jetpack_sharing_enabled":true,"_links":{"self":[{"href":"https:\/\/valika.eu\/fi\/wp-json\/wp\/v2\/product\/9335","targetHints":{"allow":["GET"]}}],"collection":[{"href":"https:\/\/valika.eu\/fi\/wp-json\/wp\/v2\/product"}],"about":[{"href":"https:\/\/valika.eu\/fi\/wp-json\/wp\/v2\/types\/product"}],"wp:featuredmedia":[{"embeddable":true,"href":"https:\/\/valika.eu\/fi\/wp-json\/wp\/v2\/media\/9337"}],"wp:attachment":[{"href":"https:\/\/valika.eu\/fi\/wp-json\/wp\/v2\/media?parent=9335"}],"wp:term":[{"taxonomy":"product_brand","embeddable":true,"href":"https:\/\/valika.eu\/fi\/wp-json\/wp\/v2\/product_brand?post=9335"},{"taxonomy":"product_cat","embeddable":true,"href":"https:\/\/valika.eu\/fi\/wp-json\/wp\/v2\/product_cat?post=9335"},{"taxonomy":"product_tag","embeddable":true,"href":"https:\/\/valika.eu\/fi\/wp-json\/wp\/v2\/product_tag?post=9335"}],"curies":[{"name":"wp","href":"https:\/\/api.w.org\/{rel}","templated":true}]}}