{"id":9338,"date":"2024-10-15T20:27:31","date_gmt":"2024-10-15T17:27:31","guid":{"rendered":"https:\/\/valika.eu\/?post_type=product&#038;p=9338"},"modified":"2025-07-02T05:04:43","modified_gmt":"2025-07-02T02:04:43","slug":"s-unigloves-nitriilkindad-fancy-gold-100-tk-%d0%ba%d0%be%d0%bf%d0%b8%d1%80%d0%be%d0%b2%d0%b0%d1%82%d1%8c","status":"publish","type":"product","link":"https:\/\/valika.eu\/fi\/toode\/s-unigloves-nitriilkindad-fancy-gold-100-tk-%d0%ba%d0%be%d0%bf%d0%b8%d1%80%d0%be%d0%b2%d0%b0%d1%82%d1%8c\/","title":{"rendered":"\u2013 S \u2013 Unigloves nitriilik\u00e4sineet \u2013 Fancy Gold100 kpl"},"content":{"rendered":"<p>Suunniteltu l\u00e4\u00e4kinn\u00e4llisiin tutkimuksiin, HORECA-ymp\u00e4rist\u00f6ihin ja eri teollisuudenaloille, n\u00e4m\u00e4 nitriilitutkimusk\u00e4sineet tarjoavat 3,5G paksuuden, joka luo t\u00e4ydellisen tasapainon suojan ja tuntoherkkyyden v\u00e4lill\u00e4.<\/p>\n<p>Teksturoitujen sormenp\u00e4iden ansiosta k\u00e4sineet takaavat varman otteen sek\u00e4 m\u00e4riss\u00e4 ett\u00e4 kuivissa olosuhteissa, parantaen tarkkuutta ja hallintaa. Lateksiton rakenne minimoi allergisten reaktioiden riskin, painottaen turvallisuutta ja mukavuutta.<\/p>\n<p>S koko<\/p>","protected":false},"excerpt":{"rendered":"<p>Korkealaatuiset v\u00e4rikk\u00e4\u00e4t nitriilikertak\u00e4ytt\u00f6k\u00e4sineet. K\u00e4siss\u00e4 yht\u00e4 miellytt\u00e4v\u00e4t kuin lateksik\u00e4sineet. Vastaavat kokoja 6-7.<\/p>\n","protected":false},"featured_media":9340,"template":"","meta":[],"product_brand":[],"product_cat":[27],"product_tag":[],"class_list":{"0":"post-9338","1":"product","2":"type-product","3":"status-publish","4":"has-post-thumbnail","6":"product_cat-kindad","8":"first","9":"instock","10":"taxable","11":"shipping-taxable","12":"purchasable","13":"product-type-simple"},"yoast_head":"<!-- This site is optimized with the Yoast SEO plugin v24.4 - https:\/\/yoast.com\/wordpress\/plugins\/seo\/ -->\n<title>\u2013 S \u2013 Unigloves nitriilik\u00e4sineet \u2013 Fancy Gold100 kpl | Valika<\/title>\n<meta name=\"description\" content=\"Suunniteltu l\u00e4\u00e4kinn\u00e4llisiin tutkimuksiin, HORECA-ymp\u00e4rist\u00f6ihin ja eri teollisuudenaloille, n\u00e4m\u00e4 nitriilitutkimusk\u00e4sineet tarjoavat 3,5G paksuuden, joka luo t\u00e4ydellisen tasapainon suojan ja tuntoherkkyyden v\u00e4lill\u00e4.\" \/>\n<meta name=\"robots\" content=\"index, follow, max-snippet:-1, max-image-preview:large, max-video-preview:-1\" \/>\n<link rel=\"canonical\" href=\"https:\/\/valika.eu\/fi\/toode\/s-unigloves-nitriilkindad-fancy-gold-100-tk-\u043a\u043e\u043f\u0438\u0440\u043e\u0432\u0430\u0442\u044c\/\" \/>\n<meta property=\"og:locale\" content=\"fi_FI\" \/>\n<meta property=\"og:type\" content=\"article\" \/>\n<meta property=\"og:title\" content=\"\u2013 S \u2013 Unigloves nitriilik\u00e4sineet \u2013 Fancy Gold100 kpl | Valika\" \/>\n<meta property=\"og:description\" content=\"Suunniteltu l\u00e4\u00e4kinn\u00e4llisiin tutkimuksiin, HORECA-ymp\u00e4rist\u00f6ihin ja eri teollisuudenaloille, n\u00e4m\u00e4 nitriilitutkimusk\u00e4sineet tarjoavat 3,5G paksuuden, joka luo t\u00e4ydellisen tasapainon suojan ja tuntoherkkyyden v\u00e4lill\u00e4.\" \/>\n<meta property=\"og:url\" content=\"https:\/\/valika.eu\/fi\/toode\/s-unigloves-nitriilkindad-fancy-gold-100-tk-\u043a\u043e\u043f\u0438\u0440\u043e\u0432\u0430\u0442\u044c\/\" \/>\n<meta property=\"og:site_name\" content=\"Valika\" \/>\n<meta property=\"article:publisher\" content=\"https:\/\/www.facebook.com\/tipsi.net\" \/>\n<meta property=\"article:modified_time\" content=\"2025-07-02T02:04:43+00:00\" \/>\n<meta property=\"og:image\" content=\"https:\/\/valika.eu\/wp-content\/uploads\/2024\/10\/images.jpeg\" \/>\n\t<meta property=\"og:image:width\" content=\"225\" \/>\n\t<meta property=\"og:image:height\" content=\"225\" \/>\n\t<meta property=\"og:image:type\" content=\"image\/jpeg\" \/>\n<meta name=\"twitter:card\" content=\"summary_large_image\" \/>\n<script type=\"application\/ld+json\" class=\"yoast-schema-graph\">{\"@context\":\"https:\/\/schema.org\",\"@graph\":[{\"@type\":\"WebPage\",\"@id\":\"https:\/\/valika.eu\/fi\/toode\/s-unigloves-nitriilkindad-fancy-gold-100-tk-%d0%ba%d0%be%d0%bf%d0%b8%d1%80%d0%be%d0%b2%d0%b0%d1%82%d1%8c\/\",\"url\":\"https:\/\/valika.eu\/fi\/toode\/s-unigloves-nitriilkindad-fancy-gold-100-tk-%d0%ba%d0%be%d0%bf%d0%b8%d1%80%d0%be%d0%b2%d0%b0%d1%82%d1%8c\/\",\"name\":\"\u2013 S \u2013 Unigloves nitriilik\u00e4sineet \u2013 Fancy Gold100 kpl | Valika\",\"isPartOf\":{\"@id\":\"https:\/\/valika.eu\/fi\/#website\"},\"primaryImageOfPage\":{\"@id\":\"https:\/\/valika.eu\/fi\/toode\/s-unigloves-nitriilkindad-fancy-gold-100-tk-%d0%ba%d0%be%d0%bf%d0%b8%d1%80%d0%be%d0%b2%d0%b0%d1%82%d1%8c\/#primaryimage\"},\"image\":{\"@id\":\"https:\/\/valika.eu\/toode\/s-unigloves-nitriilkindad-fancy-gold-100-tk-%d0%ba%d0%be%d0%bf%d0%b8%d1%80%d0%be%d0%b2%d0%b0%d1%82%d1%8c\/#primaryimage\"},\"thumbnailUrl\":\"https:\/\/valika.eu\/wp-content\/uploads\/2024\/10\/images.jpeg\",\"datePublished\":\"2024-10-15T17:27:31+00:00\",\"dateModified\":\"2025-07-02T02:04:43+00:00\",\"description\":\"Suunniteltu l\u00e4\u00e4kinn\u00e4llisiin tutkimuksiin, HORECA-ymp\u00e4rist\u00f6ihin ja eri teollisuudenaloille, n\u00e4m\u00e4 nitriilitutkimusk\u00e4sineet tarjoavat 3,5G paksuuden, joka luo t\u00e4ydellisen tasapainon suojan ja tuntoherkkyyden v\u00e4lill\u00e4.\",\"breadcrumb\":{\"@id\":\"https:\/\/valika.eu\/fi\/toode\/s-unigloves-nitriilkindad-fancy-gold-100-tk-%d0%ba%d0%be%d0%bf%d0%b8%d1%80%d0%be%d0%b2%d0%b0%d1%82%d1%8c\/#breadcrumb\"},\"inLanguage\":\"fi\",\"potentialAction\":[{\"@type\":\"ReadAction\",\"target\":[[\"https:\/\/valika.eu\/fi\/toode\/s-unigloves-nitriilkindad-fancy-gold-100-tk-%d0%ba%d0%be%d0%bf%d0%b8%d1%80%d0%be%d0%b2%d0%b0%d1%82%d1%8c\/\"]]}]},{\"@type\":\"ImageObject\",\"inLanguage\":\"fi\",\"@id\":\"https:\/\/valika.eu\/fi\/toode\/s-unigloves-nitriilkindad-fancy-gold-100-tk-%d0%ba%d0%be%d0%bf%d0%b8%d1%80%d0%be%d0%b2%d0%b0%d1%82%d1%8c\/#primaryimage\",\"url\":\"https:\/\/valika.eu\/wp-content\/uploads\/2024\/10\/images.jpeg\",\"contentUrl\":\"https:\/\/valika.eu\/wp-content\/uploads\/2024\/10\/images.jpeg\",\"width\":225,\"height\":225},{\"@type\":\"BreadcrumbList\",\"@id\":\"https:\/\/valika.eu\/fi\/toode\/s-unigloves-nitriilkindad-fancy-gold-100-tk-%d0%ba%d0%be%d0%bf%d0%b8%d1%80%d0%be%d0%b2%d0%b0%d1%82%d1%8c\/#breadcrumb\",\"itemListElement\":[{\"@type\":\"ListItem\",\"position\":1,\"name\":\"Koti\",\"item\":\"https:\/\/valika.eu\/fi\/\"},{\"@type\":\"ListItem\",\"position\":2,\"name\":\"Shop\",\"item\":\"https:\/\/valika.eu\/fi\/\"},{\"@type\":\"ListItem\",\"position\":3,\"name\":\"\u2013 S \u2013 Unigloves nitrile gloves \u2013 Fancy Gold 100 pcs\"}]},{\"@type\":\"WebSite\",\"@id\":\"https:\/\/valika.eu\/fi\/#website\",\"url\":\"https:\/\/valika.eu\/fi\/\",\"name\":\"Valika.eu\",\"description\":\"Salonkituotteet ja kauneudenhoitotuotteet - Valika tarjoaa laajan valikoiman tuotteita ja tarvikkeita kynsiteknikoille, kauneushoitoloille, kampaamoille ja kampaamoille.\",\"publisher\":{\"@id\":\"https:\/\/valika.eu\/fi\/#organization\"},\"alternateName\":\"Valika\",\"potentialAction\":[{\"@type\":\"SearchAction\",\"target\":{\"@type\":\"EntryPoint\",\"urlTemplate\":\"https:\/\/valika.eu\/fi\/?s={search_term_string}\"},\"query-input\":{\"@type\":\"PropertyValueSpecification\",\"valueRequired\":true,\"valueName\":\"search_term_string\"}}],\"inLanguage\":\"fi\"},{\"@type\":\"Organization\",\"@id\":\"https:\/\/valika.eu\/fi\/#organization\",\"name\":\"Salongitoode O\u00dc\",\"alternateName\":\"Valika\",\"url\":\"https:\/\/valika.eu\/fi\/\",\"logo\":{\"@type\":\"ImageObject\",\"inLanguage\":\"fi\",\"@id\":\"https:\/\/valika.eu\/fi\/#\/schema\/logo\/image\/\",\"url\":\"https:\/\/valika.eu\/wp-content\/uploads\/2023\/11\/logo2-valika-footer.png\",\"contentUrl\":\"https:\/\/valika.eu\/wp-content\/uploads\/2023\/11\/logo2-valika-footer.png\",\"width\":200,\"height\":129,\"caption\":\"Salongitoode O\u00dc\"},\"image\":{\"@id\":\"https:\/\/valika.eu\/fi\/#\/schema\/logo\/image\/\"},\"sameAs\":[\"https:\/\/www.facebook.com\/tipsi.net\"]}]}<\/script>\n<!-- \/ Yoast SEO plugin. -->","yoast_head_json":{"title":"\u2013 S \u2013 Unigloves nitriilik\u00e4sineet \u2013 Fancy Gold100 kpl | Valika","description":"Suunniteltu l\u00e4\u00e4kinn\u00e4llisiin tutkimuksiin, HORECA-ymp\u00e4rist\u00f6ihin ja eri teollisuudenaloille, n\u00e4m\u00e4 nitriilitutkimusk\u00e4sineet tarjoavat 3,5G paksuuden, joka luo t\u00e4ydellisen tasapainon suojan ja tuntoherkkyyden v\u00e4lill\u00e4.","robots":{"index":"index","follow":"follow","max-snippet":"max-snippet:-1","max-image-preview":"max-image-preview:large","max-video-preview":"max-video-preview:-1"},"canonical":"https:\/\/valika.eu\/fi\/toode\/s-unigloves-nitriilkindad-fancy-gold-100-tk-\u043a\u043e\u043f\u0438\u0440\u043e\u0432\u0430\u0442\u044c\/","og_locale":"fi_FI","og_type":"article","og_title":"\u2013 S \u2013 Unigloves nitriilik\u00e4sineet \u2013 Fancy Gold100 kpl | Valika","og_description":"Suunniteltu l\u00e4\u00e4kinn\u00e4llisiin tutkimuksiin, HORECA-ymp\u00e4rist\u00f6ihin ja eri teollisuudenaloille, n\u00e4m\u00e4 nitriilitutkimusk\u00e4sineet tarjoavat 3,5G paksuuden, joka luo t\u00e4ydellisen tasapainon suojan ja tuntoherkkyyden v\u00e4lill\u00e4.","og_url":"https:\/\/valika.eu\/fi\/toode\/s-unigloves-nitriilkindad-fancy-gold-100-tk-\u043a\u043e\u043f\u0438\u0440\u043e\u0432\u0430\u0442\u044c\/","og_site_name":"Valika","article_publisher":"https:\/\/www.facebook.com\/tipsi.net","article_modified_time":"2025-07-02T02:04:43+00:00","og_image":[{"width":225,"height":225,"url":"https:\/\/valika.eu\/wp-content\/uploads\/2024\/10\/images.jpeg","type":"image\/jpeg"}],"twitter_card":"summary_large_image","schema":{"@context":"https:\/\/schema.org","@graph":[{"@type":"WebPage","@id":"https:\/\/valika.eu\/fi\/toode\/s-unigloves-nitriilkindad-fancy-gold-100-tk-%d0%ba%d0%be%d0%bf%d0%b8%d1%80%d0%be%d0%b2%d0%b0%d1%82%d1%8c\/","url":"https:\/\/valika.eu\/fi\/toode\/s-unigloves-nitriilkindad-fancy-gold-100-tk-%d0%ba%d0%be%d0%bf%d0%b8%d1%80%d0%be%d0%b2%d0%b0%d1%82%d1%8c\/","name":"\u2013 S \u2013 Unigloves nitriilik\u00e4sineet \u2013 Fancy Gold100 kpl | Valika","isPartOf":{"@id":"https:\/\/valika.eu\/fi\/#website"},"primaryImageOfPage":{"@id":"https:\/\/valika.eu\/fi\/toode\/s-unigloves-nitriilkindad-fancy-gold-100-tk-%d0%ba%d0%be%d0%bf%d0%b8%d1%80%d0%be%d0%b2%d0%b0%d1%82%d1%8c\/#primaryimage"},"image":{"@id":"https:\/\/valika.eu\/toode\/s-unigloves-nitriilkindad-fancy-gold-100-tk-%d0%ba%d0%be%d0%bf%d0%b8%d1%80%d0%be%d0%b2%d0%b0%d1%82%d1%8c\/#primaryimage"},"thumbnailUrl":"https:\/\/valika.eu\/wp-content\/uploads\/2024\/10\/images.jpeg","datePublished":"2024-10-15T17:27:31+00:00","dateModified":"2025-07-02T02:04:43+00:00","description":"Suunniteltu l\u00e4\u00e4kinn\u00e4llisiin tutkimuksiin, HORECA-ymp\u00e4rist\u00f6ihin ja eri teollisuudenaloille, n\u00e4m\u00e4 nitriilitutkimusk\u00e4sineet tarjoavat 3,5G paksuuden, joka luo t\u00e4ydellisen tasapainon suojan ja tuntoherkkyyden v\u00e4lill\u00e4.","breadcrumb":{"@id":"https:\/\/valika.eu\/fi\/toode\/s-unigloves-nitriilkindad-fancy-gold-100-tk-%d0%ba%d0%be%d0%bf%d0%b8%d1%80%d0%be%d0%b2%d0%b0%d1%82%d1%8c\/#breadcrumb"},"inLanguage":"fi","potentialAction":[{"@type":"ReadAction","target":[["https:\/\/valika.eu\/fi\/toode\/s-unigloves-nitriilkindad-fancy-gold-100-tk-%d0%ba%d0%be%d0%bf%d0%b8%d1%80%d0%be%d0%b2%d0%b0%d1%82%d1%8c\/"]]}]},{"@type":"ImageObject","inLanguage":"fi","@id":"https:\/\/valika.eu\/fi\/toode\/s-unigloves-nitriilkindad-fancy-gold-100-tk-%d0%ba%d0%be%d0%bf%d0%b8%d1%80%d0%be%d0%b2%d0%b0%d1%82%d1%8c\/#primaryimage","url":"https:\/\/valika.eu\/wp-content\/uploads\/2024\/10\/images.jpeg","contentUrl":"https:\/\/valika.eu\/wp-content\/uploads\/2024\/10\/images.jpeg","width":225,"height":225},{"@type":"BreadcrumbList","@id":"https:\/\/valika.eu\/fi\/toode\/s-unigloves-nitriilkindad-fancy-gold-100-tk-%d0%ba%d0%be%d0%bf%d0%b8%d1%80%d0%be%d0%b2%d0%b0%d1%82%d1%8c\/#breadcrumb","itemListElement":[{"@type":"ListItem","position":1,"name":"Koti","item":"https:\/\/valika.eu\/fi\/"},{"@type":"ListItem","position":2,"name":"Shop","item":"https:\/\/valika.eu\/fi\/"},{"@type":"ListItem","position":3,"name":"\u2013 S \u2013 Unigloves nitrile gloves \u2013 Fancy Gold 100 pcs"}]},{"@type":"WebSite","@id":"https:\/\/valika.eu\/fi\/#website","url":"https:\/\/valika.eu\/fi\/","name":"Valika.eu","description":"Salonkituotteet ja kauneudenhoitotuotteet - Valika tarjoaa laajan valikoiman tuotteita ja tarvikkeita kynsiteknikoille, kauneushoitoloille, kampaamoille ja kampaamoille.","publisher":{"@id":"https:\/\/valika.eu\/fi\/#organization"},"alternateName":"Valika","potentialAction":[{"@type":"SearchAction","target":{"@type":"EntryPoint","urlTemplate":"https:\/\/valika.eu\/fi\/?s={search_term_string}"},"query-input":{"@type":"PropertyValueSpecification","valueRequired":true,"valueName":"search_term_string"}}],"inLanguage":"fi"},{"@type":"Organization","@id":"https:\/\/valika.eu\/fi\/#organization","name":"Salongitoode O\u00dc","alternateName":"Valika","url":"https:\/\/valika.eu\/fi\/","logo":{"@type":"ImageObject","inLanguage":"fi","@id":"https:\/\/valika.eu\/fi\/#\/schema\/logo\/image\/","url":"https:\/\/valika.eu\/wp-content\/uploads\/2023\/11\/logo2-valika-footer.png","contentUrl":"https:\/\/valika.eu\/wp-content\/uploads\/2023\/11\/logo2-valika-footer.png","width":200,"height":129,"caption":"Salongitoode O\u00dc"},"image":{"@id":"https:\/\/valika.eu\/fi\/#\/schema\/logo\/image\/"},"sameAs":["https:\/\/www.facebook.com\/tipsi.net"]}]}},"jetpack_sharing_enabled":true,"_links":{"self":[{"href":"https:\/\/valika.eu\/fi\/wp-json\/wp\/v2\/product\/9338","targetHints":{"allow":["GET"]}}],"collection":[{"href":"https:\/\/valika.eu\/fi\/wp-json\/wp\/v2\/product"}],"about":[{"href":"https:\/\/valika.eu\/fi\/wp-json\/wp\/v2\/types\/product"}],"wp:featuredmedia":[{"embeddable":true,"href":"https:\/\/valika.eu\/fi\/wp-json\/wp\/v2\/media\/9340"}],"wp:attachment":[{"href":"https:\/\/valika.eu\/fi\/wp-json\/wp\/v2\/media?parent=9338"}],"wp:term":[{"taxonomy":"product_brand","embeddable":true,"href":"https:\/\/valika.eu\/fi\/wp-json\/wp\/v2\/product_brand?post=9338"},{"taxonomy":"product_cat","embeddable":true,"href":"https:\/\/valika.eu\/fi\/wp-json\/wp\/v2\/product_cat?post=9338"},{"taxonomy":"product_tag","embeddable":true,"href":"https:\/\/valika.eu\/fi\/wp-json\/wp\/v2\/product_tag?post=9338"}],"curies":[{"name":"wp","href":"https:\/\/api.w.org\/{rel}","templated":true}]}}