{"id":9346,"date":"2024-10-15T22:13:54","date_gmt":"2024-10-15T19:13:54","guid":{"rendered":"https:\/\/valika.eu\/?post_type=product&#038;p=9346"},"modified":"2025-07-02T05:04:43","modified_gmt":"2025-07-02T02:04:43","slug":"nitriilkindad-puudrita-power-grip-50tk","status":"publish","type":"product","link":"https:\/\/valika.eu\/fi\/toode\/nitriilkindad-puudrita-power-grip-50tk\/","title":{"rendered":"Nitriilik\u00e4sineet puuterittomat Power Grip 50kpl"},"content":{"rendered":"<p>Puuterittomat nitriilik\u00e4sineet Power Grip. K\u00e4sineiss\u00e4 on strukturoitu k\u00e4mmen ja k\u00e4mmenselk\u00e4, ts. k\u00e4sineet ovat kaksik\u00e4tisi\u00e4 ja jokaista k\u00e4sinett\u00e4 voidaan k\u00e4ytt\u00e4\u00e4 molemmin k\u00e4sin. Strukturoitu pinta varmistaa paremman pidon sek\u00e4 kuivissa ett\u00e4 m\u00e4riss\u00e4 olosuhteissa. Kest\u00e4\u00e4 \u00f6ljyj\u00e4 ja rasvoja. K\u00e4sineet ovat vahvat, joustavat ja allergiavapaat. Kumik\u00e4sineet soveltuvat k\u00e4ytett\u00e4v\u00e4ksi elintarvike- ja koneteollisuudessa. K\u00e4sineen pituus on 24 cm. Pakkauksessa 50 kpl hanskoja, laatikossa 10 kpl.<\/p>\n<p>Sertifikaatit:<br \/>\nEN 374-5:2016 ja EN 374-1:2016<br \/>\nEN 420<br \/>\nCE-merkki<br \/>\nCAT III<br \/>\nElintarviketurvallisuustodistus<\/p>\n<ul>\n<li><img loading=\"lazy\" decoding=\"async\" class=\"attachment-product-icons size-product-icons entered lazyloaded\" src=\"https:\/\/corpowear.com\/wp-content\/uploads\/2016\/09\/1010-1-50x50.jpg\" sizes=\"auto, (max-width: 50px) 100vw, 50px\" srcset=\"https:\/\/corpowear.com\/wp-content\/uploads\/2016\/09\/1010-1-50x50.jpg 50w, https:\/\/corpowear.com\/wp-content\/uploads\/2016\/09\/1010-1-120x120.jpg 120w, https:\/\/corpowear.com\/wp-content\/uploads\/2016\/09\/1010-1-100x100.jpg 100w, https:\/\/corpowear.com\/wp-content\/uploads\/2016\/09\/1010-1.jpg 241w\" alt=\"\" width=\"50\" height=\"50\" data-lazy-srcset=\"https:\/\/corpowear.com\/wp-content\/uploads\/2016\/09\/1010-1-50x50.jpg 50w, https:\/\/corpowear.com\/wp-content\/uploads\/2016\/09\/1010-1-120x120.jpg 120w, https:\/\/corpowear.com\/wp-content\/uploads\/2016\/09\/1010-1-100x100.jpg 100w, https:\/\/corpowear.com\/wp-content\/uploads\/2016\/09\/1010-1.jpg 241w\" data-lazy-sizes=\"(max-width: 50px) 100vw, 50px\" data-lazy-src=\"https:\/\/corpowear.com\/wp-content\/uploads\/2016\/09\/1010-1-50x50.jpg\" data-ll-status=\"loaded\" \/><\/li>\n<li><img loading=\"lazy\" decoding=\"async\" class=\"attachment-product-icons size-product-icons entered lazyloaded\" src=\"https:\/\/corpowear.com\/wp-content\/uploads\/2019\/06\/0490-50x50.jpg\" sizes=\"auto, (max-width: 50px) 100vw, 50px\" srcset=\"https:\/\/corpowear.com\/wp-content\/uploads\/2019\/06\/0490-50x50.jpg 50w, https:\/\/corpowear.com\/wp-content\/uploads\/2019\/06\/0490-120x120.jpg 120w, https:\/\/corpowear.com\/wp-content\/uploads\/2019\/06\/0490-100x100.jpg 100w, https:\/\/corpowear.com\/wp-content\/uploads\/2019\/06\/0490.jpg 241w\" alt=\"\" width=\"50\" height=\"50\" data-lazy-srcset=\"https:\/\/corpowear.com\/wp-content\/uploads\/2019\/06\/0490-50x50.jpg 50w, https:\/\/corpowear.com\/wp-content\/uploads\/2019\/06\/0490-120x120.jpg 120w, https:\/\/corpowear.com\/wp-content\/uploads\/2019\/06\/0490-100x100.jpg 100w, https:\/\/corpowear.com\/wp-content\/uploads\/2019\/06\/0490.jpg 241w\" data-lazy-sizes=\"(max-width: 50px) 100vw, 50px\" data-lazy-src=\"https:\/\/corpowear.com\/wp-content\/uploads\/2019\/06\/0490-50x50.jpg\" data-ll-status=\"loaded\" \/><\/li>\n<li><img loading=\"lazy\" decoding=\"async\" class=\"attachment-product-icons size-product-icons entered lazyloaded\" src=\"https:\/\/corpowear.com\/wp-content\/uploads\/2019\/04\/0160-50x50.jpg\" sizes=\"auto, (max-width: 50px) 100vw, 50px\" srcset=\"https:\/\/corpowear.com\/wp-content\/uploads\/2019\/04\/0160-50x50.jpg 50w, https:\/\/corpowear.com\/wp-content\/uploads\/2019\/04\/0160-120x120.jpg 120w, https:\/\/corpowear.com\/wp-content\/uploads\/2019\/04\/0160-100x100.jpg 100w, https:\/\/corpowear.com\/wp-content\/uploads\/2019\/04\/0160.jpg 241w\" alt=\"\" width=\"50\" height=\"50\" data-lazy-srcset=\"https:\/\/corpowear.com\/wp-content\/uploads\/2019\/04\/0160-50x50.jpg 50w, https:\/\/corpowear.com\/wp-content\/uploads\/2019\/04\/0160-120x120.jpg 120w, https:\/\/corpowear.com\/wp-content\/uploads\/2019\/04\/0160-100x100.jpg 100w, https:\/\/corpowear.com\/wp-content\/uploads\/2019\/04\/0160.jpg 241w\" data-lazy-sizes=\"(max-width: 50px) 100vw, 50px\" data-lazy-src=\"https:\/\/corpowear.com\/wp-content\/uploads\/2019\/04\/0160-50x50.jpg\" data-ll-status=\"loaded\" \/><\/li>\n<\/ul>\n<p><\/p>","protected":false},"excerpt":{"rendered":"<p>&#8211; Strukturoidut sormenp\u00e4\u00e4t ja k\u00e4mmenet<br \/>\n&#8211; Soveltuu k\u00e4ytett\u00e4v\u00e4ksi elintarviketeollisuudessa ja mekaniikassa<br \/>\n-Kaksipuoliset k\u00e4sineet, jokaista k\u00e4sinett\u00e4 voidaan k\u00e4ytt\u00e4\u00e4 molemmin k\u00e4sin<\/p>\n","protected":false},"featured_media":9347,"template":"","meta":[],"product_brand":[],"product_cat":[27],"product_tag":[],"class_list":{"0":"post-9346","1":"product","2":"type-product","3":"status-publish","4":"has-post-thumbnail","6":"product_cat-kindad","8":"first","9":"instock","10":"taxable","11":"shipping-taxable","12":"purchasable","13":"product-type-variable"},"yoast_head":"<!-- This site is optimized with the Yoast SEO plugin v24.4 - https:\/\/yoast.com\/wordpress\/plugins\/seo\/ -->\n<title>Nitriilik\u00e4sineet puuterittomat Power Grip 50kpl | Valika<\/title>\n<meta name=\"description\" content=\"- Strukturoidut sormenp\u00e4\u00e4t ja k\u00e4mmenet- Soveltuu k\u00e4ytett\u00e4v\u00e4ksi elintarviketeollisuudessa ja mekaniikassa-Kaksipuoliset k\u00e4sineet, jokaista k\u00e4sinett\u00e4 voidaan k\u00e4ytt\u00e4\u00e4 molemmin k\u00e4sin\" \/>\n<meta name=\"robots\" content=\"index, follow, max-snippet:-1, max-image-preview:large, max-video-preview:-1\" \/>\n<link rel=\"canonical\" href=\"https:\/\/valika.eu\/fi\/toode\/nitriilkindad-puudrita-power-grip-50tk\/\" \/>\n<meta property=\"og:locale\" content=\"fi_FI\" \/>\n<meta property=\"og:type\" content=\"article\" \/>\n<meta property=\"og:title\" content=\"Nitriilik\u00e4sineet puuterittomat Power Grip 50kpl | Valika\" \/>\n<meta property=\"og:description\" content=\"- Strukturoidut sormenp\u00e4\u00e4t ja k\u00e4mmenet- Soveltuu k\u00e4ytett\u00e4v\u00e4ksi elintarviketeollisuudessa ja mekaniikassa-Kaksipuoliset k\u00e4sineet, jokaista k\u00e4sinett\u00e4 voidaan k\u00e4ytt\u00e4\u00e4 molemmin k\u00e4sin\" \/>\n<meta property=\"og:url\" content=\"https:\/\/valika.eu\/fi\/toode\/nitriilkindad-puudrita-power-grip-50tk\/\" \/>\n<meta property=\"og:site_name\" content=\"Valika\" \/>\n<meta property=\"article:publisher\" content=\"https:\/\/www.facebook.com\/tipsi.net\" \/>\n<meta property=\"article:modified_time\" content=\"2025-07-02T02:04:43+00:00\" \/>\n<meta property=\"og:image\" content=\"https:\/\/valika.eu\/wp-content\/uploads\/2024\/10\/270815-3-power-grip-1.webp\" \/>\n\t<meta property=\"og:image:width\" content=\"1000\" \/>\n\t<meta property=\"og:image:height\" content=\"1000\" \/>\n\t<meta property=\"og:image:type\" content=\"image\/webp\" \/>\n<meta name=\"twitter:card\" content=\"summary_large_image\" \/>\n<script type=\"application\/ld+json\" class=\"yoast-schema-graph\">{\"@context\":\"https:\/\/schema.org\",\"@graph\":[{\"@type\":\"WebPage\",\"@id\":\"https:\/\/valika.eu\/fi\/toode\/nitriilkindad-puudrita-power-grip-50tk\/\",\"url\":\"https:\/\/valika.eu\/fi\/toode\/nitriilkindad-puudrita-power-grip-50tk\/\",\"name\":\"Nitriilik\u00e4sineet puuterittomat Power Grip 50kpl | Valika\",\"isPartOf\":{\"@id\":\"https:\/\/valika.eu\/fi\/#website\"},\"primaryImageOfPage\":{\"@id\":\"https:\/\/valika.eu\/fi\/toode\/nitriilkindad-puudrita-power-grip-50tk\/#primaryimage\"},\"image\":{\"@id\":\"https:\/\/valika.eu\/toode\/nitriilkindad-puudrita-power-grip-50tk\/#primaryimage\"},\"thumbnailUrl\":\"https:\/\/valika.eu\/wp-content\/uploads\/2024\/10\/270815-3-power-grip-1.webp\",\"datePublished\":\"2024-10-15T19:13:54+00:00\",\"dateModified\":\"2025-07-02T02:04:43+00:00\",\"description\":\"- Strukturoidut sormenp\u00e4\u00e4t ja k\u00e4mmenet- Soveltuu k\u00e4ytett\u00e4v\u00e4ksi elintarviketeollisuudessa ja mekaniikassa-Kaksipuoliset k\u00e4sineet, jokaista k\u00e4sinett\u00e4 voidaan k\u00e4ytt\u00e4\u00e4 molemmin k\u00e4sin\",\"breadcrumb\":{\"@id\":\"https:\/\/valika.eu\/fi\/toode\/nitriilkindad-puudrita-power-grip-50tk\/#breadcrumb\"},\"inLanguage\":\"fi\",\"potentialAction\":[{\"@type\":\"ReadAction\",\"target\":[[\"https:\/\/valika.eu\/fi\/toode\/nitriilkindad-puudrita-power-grip-50tk\/\"]]}]},{\"@type\":\"ImageObject\",\"inLanguage\":\"fi\",\"@id\":\"https:\/\/valika.eu\/fi\/toode\/nitriilkindad-puudrita-power-grip-50tk\/#primaryimage\",\"url\":\"https:\/\/valika.eu\/wp-content\/uploads\/2024\/10\/270815-3-power-grip-1.webp\",\"contentUrl\":\"https:\/\/valika.eu\/wp-content\/uploads\/2024\/10\/270815-3-power-grip-1.webp\",\"width\":1000,\"height\":1000},{\"@type\":\"BreadcrumbList\",\"@id\":\"https:\/\/valika.eu\/fi\/toode\/nitriilkindad-puudrita-power-grip-50tk\/#breadcrumb\",\"itemListElement\":[{\"@type\":\"ListItem\",\"position\":1,\"name\":\"Koti\",\"item\":\"https:\/\/valika.eu\/fi\/\"},{\"@type\":\"ListItem\",\"position\":2,\"name\":\"Shop\",\"item\":\"https:\/\/valika.eu\/fi\/\"},{\"@type\":\"ListItem\",\"position\":3,\"name\":\"Nitrile gloves powder-free Power Grip 50pcs\"}]},{\"@type\":\"WebSite\",\"@id\":\"https:\/\/valika.eu\/fi\/#website\",\"url\":\"https:\/\/valika.eu\/fi\/\",\"name\":\"Valika.eu\",\"description\":\"Salonkituotteet ja kauneudenhoitotuotteet - Valika tarjoaa laajan valikoiman tuotteita ja tarvikkeita kynsiteknikoille, kauneushoitoloille, kampaamoille ja kampaamoille.\",\"publisher\":{\"@id\":\"https:\/\/valika.eu\/fi\/#organization\"},\"alternateName\":\"Valika\",\"potentialAction\":[{\"@type\":\"SearchAction\",\"target\":{\"@type\":\"EntryPoint\",\"urlTemplate\":\"https:\/\/valika.eu\/fi\/?s={search_term_string}\"},\"query-input\":{\"@type\":\"PropertyValueSpecification\",\"valueRequired\":true,\"valueName\":\"search_term_string\"}}],\"inLanguage\":\"fi\"},{\"@type\":\"Organization\",\"@id\":\"https:\/\/valika.eu\/fi\/#organization\",\"name\":\"Salongitoode O\u00dc\",\"alternateName\":\"Valika\",\"url\":\"https:\/\/valika.eu\/fi\/\",\"logo\":{\"@type\":\"ImageObject\",\"inLanguage\":\"fi\",\"@id\":\"https:\/\/valika.eu\/fi\/#\/schema\/logo\/image\/\",\"url\":\"https:\/\/valika.eu\/wp-content\/uploads\/2023\/11\/logo2-valika-footer.png\",\"contentUrl\":\"https:\/\/valika.eu\/wp-content\/uploads\/2023\/11\/logo2-valika-footer.png\",\"width\":200,\"height\":129,\"caption\":\"Salongitoode O\u00dc\"},\"image\":{\"@id\":\"https:\/\/valika.eu\/fi\/#\/schema\/logo\/image\/\"},\"sameAs\":[\"https:\/\/www.facebook.com\/tipsi.net\"]}]}<\/script>\n<!-- \/ Yoast SEO plugin. -->","yoast_head_json":{"title":"Nitriilik\u00e4sineet puuterittomat Power Grip 50kpl | Valika","description":"- Strukturoidut sormenp\u00e4\u00e4t ja k\u00e4mmenet- Soveltuu k\u00e4ytett\u00e4v\u00e4ksi elintarviketeollisuudessa ja mekaniikassa-Kaksipuoliset k\u00e4sineet, jokaista k\u00e4sinett\u00e4 voidaan k\u00e4ytt\u00e4\u00e4 molemmin k\u00e4sin","robots":{"index":"index","follow":"follow","max-snippet":"max-snippet:-1","max-image-preview":"max-image-preview:large","max-video-preview":"max-video-preview:-1"},"canonical":"https:\/\/valika.eu\/fi\/toode\/nitriilkindad-puudrita-power-grip-50tk\/","og_locale":"fi_FI","og_type":"article","og_title":"Nitriilik\u00e4sineet puuterittomat Power Grip 50kpl | Valika","og_description":"- Strukturoidut sormenp\u00e4\u00e4t ja k\u00e4mmenet- Soveltuu k\u00e4ytett\u00e4v\u00e4ksi elintarviketeollisuudessa ja mekaniikassa-Kaksipuoliset k\u00e4sineet, jokaista k\u00e4sinett\u00e4 voidaan k\u00e4ytt\u00e4\u00e4 molemmin k\u00e4sin","og_url":"https:\/\/valika.eu\/fi\/toode\/nitriilkindad-puudrita-power-grip-50tk\/","og_site_name":"Valika","article_publisher":"https:\/\/www.facebook.com\/tipsi.net","article_modified_time":"2025-07-02T02:04:43+00:00","og_image":[{"width":1000,"height":1000,"url":"https:\/\/valika.eu\/wp-content\/uploads\/2024\/10\/270815-3-power-grip-1.webp","type":"image\/webp"}],"twitter_card":"summary_large_image","schema":{"@context":"https:\/\/schema.org","@graph":[{"@type":"WebPage","@id":"https:\/\/valika.eu\/fi\/toode\/nitriilkindad-puudrita-power-grip-50tk\/","url":"https:\/\/valika.eu\/fi\/toode\/nitriilkindad-puudrita-power-grip-50tk\/","name":"Nitriilik\u00e4sineet puuterittomat Power Grip 50kpl | Valika","isPartOf":{"@id":"https:\/\/valika.eu\/fi\/#website"},"primaryImageOfPage":{"@id":"https:\/\/valika.eu\/fi\/toode\/nitriilkindad-puudrita-power-grip-50tk\/#primaryimage"},"image":{"@id":"https:\/\/valika.eu\/toode\/nitriilkindad-puudrita-power-grip-50tk\/#primaryimage"},"thumbnailUrl":"https:\/\/valika.eu\/wp-content\/uploads\/2024\/10\/270815-3-power-grip-1.webp","datePublished":"2024-10-15T19:13:54+00:00","dateModified":"2025-07-02T02:04:43+00:00","description":"- Strukturoidut sormenp\u00e4\u00e4t ja k\u00e4mmenet- Soveltuu k\u00e4ytett\u00e4v\u00e4ksi elintarviketeollisuudessa ja mekaniikassa-Kaksipuoliset k\u00e4sineet, jokaista k\u00e4sinett\u00e4 voidaan k\u00e4ytt\u00e4\u00e4 molemmin k\u00e4sin","breadcrumb":{"@id":"https:\/\/valika.eu\/fi\/toode\/nitriilkindad-puudrita-power-grip-50tk\/#breadcrumb"},"inLanguage":"fi","potentialAction":[{"@type":"ReadAction","target":[["https:\/\/valika.eu\/fi\/toode\/nitriilkindad-puudrita-power-grip-50tk\/"]]}]},{"@type":"ImageObject","inLanguage":"fi","@id":"https:\/\/valika.eu\/fi\/toode\/nitriilkindad-puudrita-power-grip-50tk\/#primaryimage","url":"https:\/\/valika.eu\/wp-content\/uploads\/2024\/10\/270815-3-power-grip-1.webp","contentUrl":"https:\/\/valika.eu\/wp-content\/uploads\/2024\/10\/270815-3-power-grip-1.webp","width":1000,"height":1000},{"@type":"BreadcrumbList","@id":"https:\/\/valika.eu\/fi\/toode\/nitriilkindad-puudrita-power-grip-50tk\/#breadcrumb","itemListElement":[{"@type":"ListItem","position":1,"name":"Koti","item":"https:\/\/valika.eu\/fi\/"},{"@type":"ListItem","position":2,"name":"Shop","item":"https:\/\/valika.eu\/fi\/"},{"@type":"ListItem","position":3,"name":"Nitrile gloves powder-free Power Grip 50pcs"}]},{"@type":"WebSite","@id":"https:\/\/valika.eu\/fi\/#website","url":"https:\/\/valika.eu\/fi\/","name":"Valika.eu","description":"Salonkituotteet ja kauneudenhoitotuotteet - Valika tarjoaa laajan valikoiman tuotteita ja tarvikkeita kynsiteknikoille, kauneushoitoloille, kampaamoille ja kampaamoille.","publisher":{"@id":"https:\/\/valika.eu\/fi\/#organization"},"alternateName":"Valika","potentialAction":[{"@type":"SearchAction","target":{"@type":"EntryPoint","urlTemplate":"https:\/\/valika.eu\/fi\/?s={search_term_string}"},"query-input":{"@type":"PropertyValueSpecification","valueRequired":true,"valueName":"search_term_string"}}],"inLanguage":"fi"},{"@type":"Organization","@id":"https:\/\/valika.eu\/fi\/#organization","name":"Salongitoode O\u00dc","alternateName":"Valika","url":"https:\/\/valika.eu\/fi\/","logo":{"@type":"ImageObject","inLanguage":"fi","@id":"https:\/\/valika.eu\/fi\/#\/schema\/logo\/image\/","url":"https:\/\/valika.eu\/wp-content\/uploads\/2023\/11\/logo2-valika-footer.png","contentUrl":"https:\/\/valika.eu\/wp-content\/uploads\/2023\/11\/logo2-valika-footer.png","width":200,"height":129,"caption":"Salongitoode O\u00dc"},"image":{"@id":"https:\/\/valika.eu\/fi\/#\/schema\/logo\/image\/"},"sameAs":["https:\/\/www.facebook.com\/tipsi.net"]}]}},"jetpack_sharing_enabled":true,"_links":{"self":[{"href":"https:\/\/valika.eu\/fi\/wp-json\/wp\/v2\/product\/9346","targetHints":{"allow":["GET"]}}],"collection":[{"href":"https:\/\/valika.eu\/fi\/wp-json\/wp\/v2\/product"}],"about":[{"href":"https:\/\/valika.eu\/fi\/wp-json\/wp\/v2\/types\/product"}],"wp:featuredmedia":[{"embeddable":true,"href":"https:\/\/valika.eu\/fi\/wp-json\/wp\/v2\/media\/9347"}],"wp:attachment":[{"href":"https:\/\/valika.eu\/fi\/wp-json\/wp\/v2\/media?parent=9346"}],"wp:term":[{"taxonomy":"product_brand","embeddable":true,"href":"https:\/\/valika.eu\/fi\/wp-json\/wp\/v2\/product_brand?post=9346"},{"taxonomy":"product_cat","embeddable":true,"href":"https:\/\/valika.eu\/fi\/wp-json\/wp\/v2\/product_cat?post=9346"},{"taxonomy":"product_tag","embeddable":true,"href":"https:\/\/valika.eu\/fi\/wp-json\/wp\/v2\/product_tag?post=9346"}],"curies":[{"name":"wp","href":"https:\/\/api.w.org\/{rel}","templated":true}]}}