{"id":9374,"date":"2024-10-16T13:20:07","date_gmt":"2024-10-16T10:20:07","guid":{"rendered":"https:\/\/valika.eu\/?post_type=product&#038;p=9374"},"modified":"2026-02-16T13:04:34","modified_gmt":"2026-02-16T11:04:34","slug":"small-profile-plus-valge-kirurgiline-mask-naole-50tk-%d0%ba%d0%be%d0%bf%d0%b8%d1%80%d0%be%d0%b2%d0%b0%d1%82%d1%8c","status":"publish","type":"product","link":"https:\/\/valika.eu\/fi\/toode\/small-profile-plus-valge-kirurgiline-mask-naole-50tk-%d0%ba%d0%be%d0%bf%d0%b8%d1%80%d0%be%d0%b2%d0%b0%d1%82%d1%8c\/","title":{"rendered":"SMALL Profil Pluss kasvosuoja \u2013valkoinen \u2013 50 kpl"},"content":{"rendered":"<p>Unigloves Profile Plus kasvomaskia voidaan k\u00e4ytt\u00e4\u00e4 sek\u00e4 l\u00e4\u00e4ketieteellisiss\u00e4 ymp\u00e4rist\u00f6iss\u00e4 ett\u00e4 muissa tiloissa.<\/p>\n<p>Maskit ovat t\u00e4ysin turvallisia todistetun EN 14683 -standardin (tyyppi II R) ansiosta.<\/p>\n<p>Kolmikerroksinen, lasikuituvapaa suodatemateriaali tarjoaa 98% suojan bakteereja vastaan sek\u00e4 k\u00e4ytt\u00e4j\u00e4lle ett\u00e4 ymp\u00e4rist\u00f6lle.<\/p>\n<p>Joustava (nikkelivapaa) nen\u00e4pidike mahdollistaa maskin optimaalisen s\u00e4\u00e4t\u00e4misen k\u00e4ytt\u00e4j\u00e4n tarpeisiin.<\/p>\n<p>Mukavat, ihoyst\u00e4v\u00e4lliset joustavat nauhat (lateksittomat) takaavat hyv\u00e4n istuvuuden p\u00e4\u00e4h\u00e4n.<\/p>\n<p>Valitse suosikkiv\u00e4risi ja mukauta kasvomaski vastaamaan v\u00e4rikonseptiasi.<\/p>","protected":false},"excerpt":{"rendered":"<p>Pienennetty maskin koko tekee siit\u00e4 sopivan pienille kasvoille (sopii my\u00f6s lasten maskiksi). Joustava (nikkelivapaa) nen\u00e4pidike mahdollistaa maskin optimaalisen s\u00e4\u00e4t\u00e4misen nen\u00e4lle. Ihoyst\u00e4v\u00e4lliset joustavat nauhat (lateksittomat) takaavat hyv\u00e4n istuvuuden p\u00e4\u00e4h\u00e4n.<\/p>\n","protected":false},"featured_media":9375,"template":"","meta":[],"product_brand":[],"product_cat":[628],"product_tag":[],"class_list":{"0":"post-9374","1":"product","2":"type-product","3":"status-publish","4":"has-post-thumbnail","6":"product_cat-naomaskid","8":"first","9":"outofstock","10":"taxable","11":"shipping-taxable","12":"purchasable","13":"product-type-simple"},"yoast_head":"<!-- This site is optimized with the Yoast SEO plugin v24.4 - https:\/\/yoast.com\/wordpress\/plugins\/seo\/ -->\n<title>SMALL Profil Pluss kasvosuoja \u2013valkoinen \u2013 50 kpl | Valika<\/title>\n<meta name=\"robots\" content=\"index, follow, max-snippet:-1, max-image-preview:large, max-video-preview:-1\" \/>\n<link rel=\"canonical\" href=\"https:\/\/valika.eu\/fi\/toode\/small-profile-plus-valge-kirurgiline-mask-naole-50tk-\u043a\u043e\u043f\u0438\u0440\u043e\u0432\u0430\u0442\u044c\/\" \/>\n<meta property=\"og:locale\" content=\"fi_FI\" \/>\n<meta property=\"og:type\" content=\"article\" \/>\n<meta property=\"og:title\" content=\"SMALL Profil Pluss kasvosuoja \u2013valkoinen \u2013 50 kpl | Valika\" \/>\n<meta property=\"og:description\" content=\"Pienennetty maskin koko tekee siit\u00e4 sopivan pienille kasvoille (sopii my\u00f6s lasten maskiksi). Joustava (nikkelivapaa) nen\u00e4pidike mahdollistaa maskin optimaalisen s\u00e4\u00e4t\u00e4misen nen\u00e4lle. Ihoyst\u00e4v\u00e4lliset joustavat nauhat (lateksittomat) takaavat hyv\u00e4n istuvuuden p\u00e4\u00e4h\u00e4n.\" \/>\n<meta property=\"og:url\" content=\"https:\/\/valika.eu\/fi\/toode\/small-profile-plus-valge-kirurgiline-mask-naole-50tk-\u043a\u043e\u043f\u0438\u0440\u043e\u0432\u0430\u0442\u044c\/\" \/>\n<meta property=\"og:site_name\" content=\"Valika\" \/>\n<meta property=\"article:publisher\" content=\"https:\/\/www.facebook.com\/tipsi.net\" \/>\n<meta property=\"article:modified_time\" content=\"2026-02-16T11:04:34+00:00\" \/>\n<meta property=\"og:image\" content=\"https:\/\/valika.eu\/wp-content\/uploads\/2024\/10\/profilplus_white-1-600x531-1.webp\" \/>\n\t<meta property=\"og:image:width\" content=\"600\" \/>\n\t<meta property=\"og:image:height\" content=\"531\" \/>\n\t<meta property=\"og:image:type\" content=\"image\/webp\" \/>\n<meta name=\"twitter:card\" content=\"summary_large_image\" \/>\n<script type=\"application\/ld+json\" class=\"yoast-schema-graph\">{\"@context\":\"https:\/\/schema.org\",\"@graph\":[{\"@type\":\"WebPage\",\"@id\":\"https:\/\/valika.eu\/fi\/toode\/small-profile-plus-valge-kirurgiline-mask-naole-50tk-%d0%ba%d0%be%d0%bf%d0%b8%d1%80%d0%be%d0%b2%d0%b0%d1%82%d1%8c\/\",\"url\":\"https:\/\/valika.eu\/fi\/toode\/small-profile-plus-valge-kirurgiline-mask-naole-50tk-%d0%ba%d0%be%d0%bf%d0%b8%d1%80%d0%be%d0%b2%d0%b0%d1%82%d1%8c\/\",\"name\":\"SMALL Profil Pluss kasvosuoja \u2013valkoinen \u2013 50 kpl | Valika\",\"isPartOf\":{\"@id\":\"https:\/\/valika.eu\/fi\/#website\"},\"primaryImageOfPage\":{\"@id\":\"https:\/\/valika.eu\/fi\/toode\/small-profile-plus-valge-kirurgiline-mask-naole-50tk-%d0%ba%d0%be%d0%bf%d0%b8%d1%80%d0%be%d0%b2%d0%b0%d1%82%d1%8c\/#primaryimage\"},\"image\":{\"@id\":\"https:\/\/valika.eu\/toode\/small-profile-plus-valge-kirurgiline-mask-naole-50tk-%d0%ba%d0%be%d0%bf%d0%b8%d1%80%d0%be%d0%b2%d0%b0%d1%82%d1%8c\/#primaryimage\"},\"thumbnailUrl\":\"https:\/\/valika.eu\/wp-content\/uploads\/2024\/10\/profilplus_white-1-600x531-1.webp\",\"datePublished\":\"2024-10-16T10:20:07+00:00\",\"dateModified\":\"2026-02-16T11:04:34+00:00\",\"breadcrumb\":{\"@id\":\"https:\/\/valika.eu\/fi\/toode\/small-profile-plus-valge-kirurgiline-mask-naole-50tk-%d0%ba%d0%be%d0%bf%d0%b8%d1%80%d0%be%d0%b2%d0%b0%d1%82%d1%8c\/#breadcrumb\"},\"inLanguage\":\"fi\",\"potentialAction\":[{\"@type\":\"ReadAction\",\"target\":[[\"https:\/\/valika.eu\/fi\/toode\/small-profile-plus-valge-kirurgiline-mask-naole-50tk-%d0%ba%d0%be%d0%bf%d0%b8%d1%80%d0%be%d0%b2%d0%b0%d1%82%d1%8c\/\"]]}]},{\"@type\":\"ImageObject\",\"inLanguage\":\"fi\",\"@id\":\"https:\/\/valika.eu\/fi\/toode\/small-profile-plus-valge-kirurgiline-mask-naole-50tk-%d0%ba%d0%be%d0%bf%d0%b8%d1%80%d0%be%d0%b2%d0%b0%d1%82%d1%8c\/#primaryimage\",\"url\":\"https:\/\/valika.eu\/wp-content\/uploads\/2024\/10\/profilplus_white-1-600x531-1.webp\",\"contentUrl\":\"https:\/\/valika.eu\/wp-content\/uploads\/2024\/10\/profilplus_white-1-600x531-1.webp\",\"width\":600,\"height\":531},{\"@type\":\"BreadcrumbList\",\"@id\":\"https:\/\/valika.eu\/fi\/toode\/small-profile-plus-valge-kirurgiline-mask-naole-50tk-%d0%ba%d0%be%d0%bf%d0%b8%d1%80%d0%be%d0%b2%d0%b0%d1%82%d1%8c\/#breadcrumb\",\"itemListElement\":[{\"@type\":\"ListItem\",\"position\":1,\"name\":\"Koti\",\"item\":\"https:\/\/valika.eu\/fi\/\"},{\"@type\":\"ListItem\",\"position\":2,\"name\":\"Shop\",\"item\":\"https:\/\/valika.eu\/fi\/\"},{\"@type\":\"ListItem\",\"position\":3,\"name\":\"SMALL PROFIL PLUS \u0431\u0435\u043b\u044b\u0435 \u043e\u0434\u043d\u043e\u0440\u0430\u0437\u043e\u0432\u0430\u044f \u0445\u0438\u0440\u0443\u0440\u0433\u0438\u0447\u0435\u0441\u043a\u0430\u044f \u043c\u0430\u0441\u043a\u0430 \u0434\u043b\u044f \u043b\u0438\u0446\u0430\u00a0 50\u0448\u0442\"}]},{\"@type\":\"WebSite\",\"@id\":\"https:\/\/valika.eu\/fi\/#website\",\"url\":\"https:\/\/valika.eu\/fi\/\",\"name\":\"Valika.eu\",\"description\":\"Salonkituotteet ja kauneudenhoitotuotteet - Valika tarjoaa laajan valikoiman tuotteita ja tarvikkeita kynsiteknikoille, kauneushoitoloille, kampaamoille ja kampaamoille.\",\"publisher\":{\"@id\":\"https:\/\/valika.eu\/fi\/#organization\"},\"alternateName\":\"Valika\",\"potentialAction\":[{\"@type\":\"SearchAction\",\"target\":{\"@type\":\"EntryPoint\",\"urlTemplate\":\"https:\/\/valika.eu\/fi\/?s={search_term_string}\"},\"query-input\":{\"@type\":\"PropertyValueSpecification\",\"valueRequired\":true,\"valueName\":\"search_term_string\"}}],\"inLanguage\":\"fi\"},{\"@type\":\"Organization\",\"@id\":\"https:\/\/valika.eu\/fi\/#organization\",\"name\":\"Salongitoode O\u00dc\",\"alternateName\":\"Valika\",\"url\":\"https:\/\/valika.eu\/fi\/\",\"logo\":{\"@type\":\"ImageObject\",\"inLanguage\":\"fi\",\"@id\":\"https:\/\/valika.eu\/fi\/#\/schema\/logo\/image\/\",\"url\":\"https:\/\/valika.eu\/wp-content\/uploads\/2023\/11\/logo2-valika-footer.png\",\"contentUrl\":\"https:\/\/valika.eu\/wp-content\/uploads\/2023\/11\/logo2-valika-footer.png\",\"width\":200,\"height\":129,\"caption\":\"Salongitoode O\u00dc\"},\"image\":{\"@id\":\"https:\/\/valika.eu\/fi\/#\/schema\/logo\/image\/\"},\"sameAs\":[\"https:\/\/www.facebook.com\/tipsi.net\"]}]}<\/script>\n<!-- \/ Yoast SEO plugin. -->","yoast_head_json":{"title":"SMALL Profil Pluss kasvosuoja \u2013valkoinen \u2013 50 kpl | Valika","robots":{"index":"index","follow":"follow","max-snippet":"max-snippet:-1","max-image-preview":"max-image-preview:large","max-video-preview":"max-video-preview:-1"},"canonical":"https:\/\/valika.eu\/fi\/toode\/small-profile-plus-valge-kirurgiline-mask-naole-50tk-\u043a\u043e\u043f\u0438\u0440\u043e\u0432\u0430\u0442\u044c\/","og_locale":"fi_FI","og_type":"article","og_title":"SMALL Profil Pluss kasvosuoja \u2013valkoinen \u2013 50 kpl | Valika","og_description":"Pienennetty maskin koko tekee siit\u00e4 sopivan pienille kasvoille (sopii my\u00f6s lasten maskiksi). Joustava (nikkelivapaa) nen\u00e4pidike mahdollistaa maskin optimaalisen s\u00e4\u00e4t\u00e4misen nen\u00e4lle. Ihoyst\u00e4v\u00e4lliset joustavat nauhat (lateksittomat) takaavat hyv\u00e4n istuvuuden p\u00e4\u00e4h\u00e4n.","og_url":"https:\/\/valika.eu\/fi\/toode\/small-profile-plus-valge-kirurgiline-mask-naole-50tk-\u043a\u043e\u043f\u0438\u0440\u043e\u0432\u0430\u0442\u044c\/","og_site_name":"Valika","article_publisher":"https:\/\/www.facebook.com\/tipsi.net","article_modified_time":"2026-02-16T11:04:34+00:00","og_image":[{"width":600,"height":531,"url":"https:\/\/valika.eu\/wp-content\/uploads\/2024\/10\/profilplus_white-1-600x531-1.webp","type":"image\/webp"}],"twitter_card":"summary_large_image","schema":{"@context":"https:\/\/schema.org","@graph":[{"@type":"WebPage","@id":"https:\/\/valika.eu\/fi\/toode\/small-profile-plus-valge-kirurgiline-mask-naole-50tk-%d0%ba%d0%be%d0%bf%d0%b8%d1%80%d0%be%d0%b2%d0%b0%d1%82%d1%8c\/","url":"https:\/\/valika.eu\/fi\/toode\/small-profile-plus-valge-kirurgiline-mask-naole-50tk-%d0%ba%d0%be%d0%bf%d0%b8%d1%80%d0%be%d0%b2%d0%b0%d1%82%d1%8c\/","name":"SMALL Profil Pluss kasvosuoja \u2013valkoinen \u2013 50 kpl | Valika","isPartOf":{"@id":"https:\/\/valika.eu\/fi\/#website"},"primaryImageOfPage":{"@id":"https:\/\/valika.eu\/fi\/toode\/small-profile-plus-valge-kirurgiline-mask-naole-50tk-%d0%ba%d0%be%d0%bf%d0%b8%d1%80%d0%be%d0%b2%d0%b0%d1%82%d1%8c\/#primaryimage"},"image":{"@id":"https:\/\/valika.eu\/toode\/small-profile-plus-valge-kirurgiline-mask-naole-50tk-%d0%ba%d0%be%d0%bf%d0%b8%d1%80%d0%be%d0%b2%d0%b0%d1%82%d1%8c\/#primaryimage"},"thumbnailUrl":"https:\/\/valika.eu\/wp-content\/uploads\/2024\/10\/profilplus_white-1-600x531-1.webp","datePublished":"2024-10-16T10:20:07+00:00","dateModified":"2026-02-16T11:04:34+00:00","breadcrumb":{"@id":"https:\/\/valika.eu\/fi\/toode\/small-profile-plus-valge-kirurgiline-mask-naole-50tk-%d0%ba%d0%be%d0%bf%d0%b8%d1%80%d0%be%d0%b2%d0%b0%d1%82%d1%8c\/#breadcrumb"},"inLanguage":"fi","potentialAction":[{"@type":"ReadAction","target":[["https:\/\/valika.eu\/fi\/toode\/small-profile-plus-valge-kirurgiline-mask-naole-50tk-%d0%ba%d0%be%d0%bf%d0%b8%d1%80%d0%be%d0%b2%d0%b0%d1%82%d1%8c\/"]]}]},{"@type":"ImageObject","inLanguage":"fi","@id":"https:\/\/valika.eu\/fi\/toode\/small-profile-plus-valge-kirurgiline-mask-naole-50tk-%d0%ba%d0%be%d0%bf%d0%b8%d1%80%d0%be%d0%b2%d0%b0%d1%82%d1%8c\/#primaryimage","url":"https:\/\/valika.eu\/wp-content\/uploads\/2024\/10\/profilplus_white-1-600x531-1.webp","contentUrl":"https:\/\/valika.eu\/wp-content\/uploads\/2024\/10\/profilplus_white-1-600x531-1.webp","width":600,"height":531},{"@type":"BreadcrumbList","@id":"https:\/\/valika.eu\/fi\/toode\/small-profile-plus-valge-kirurgiline-mask-naole-50tk-%d0%ba%d0%be%d0%bf%d0%b8%d1%80%d0%be%d0%b2%d0%b0%d1%82%d1%8c\/#breadcrumb","itemListElement":[{"@type":"ListItem","position":1,"name":"Koti","item":"https:\/\/valika.eu\/fi\/"},{"@type":"ListItem","position":2,"name":"Shop","item":"https:\/\/valika.eu\/fi\/"},{"@type":"ListItem","position":3,"name":"SMALL PROFIL PLUS \u0431\u0435\u043b\u044b\u0435 \u043e\u0434\u043d\u043e\u0440\u0430\u0437\u043e\u0432\u0430\u044f \u0445\u0438\u0440\u0443\u0440\u0433\u0438\u0447\u0435\u0441\u043a\u0430\u044f \u043c\u0430\u0441\u043a\u0430 \u0434\u043b\u044f \u043b\u0438\u0446\u0430\u00a0 50\u0448\u0442"}]},{"@type":"WebSite","@id":"https:\/\/valika.eu\/fi\/#website","url":"https:\/\/valika.eu\/fi\/","name":"Valika.eu","description":"Salonkituotteet ja kauneudenhoitotuotteet - Valika tarjoaa laajan valikoiman tuotteita ja tarvikkeita kynsiteknikoille, kauneushoitoloille, kampaamoille ja kampaamoille.","publisher":{"@id":"https:\/\/valika.eu\/fi\/#organization"},"alternateName":"Valika","potentialAction":[{"@type":"SearchAction","target":{"@type":"EntryPoint","urlTemplate":"https:\/\/valika.eu\/fi\/?s={search_term_string}"},"query-input":{"@type":"PropertyValueSpecification","valueRequired":true,"valueName":"search_term_string"}}],"inLanguage":"fi"},{"@type":"Organization","@id":"https:\/\/valika.eu\/fi\/#organization","name":"Salongitoode O\u00dc","alternateName":"Valika","url":"https:\/\/valika.eu\/fi\/","logo":{"@type":"ImageObject","inLanguage":"fi","@id":"https:\/\/valika.eu\/fi\/#\/schema\/logo\/image\/","url":"https:\/\/valika.eu\/wp-content\/uploads\/2023\/11\/logo2-valika-footer.png","contentUrl":"https:\/\/valika.eu\/wp-content\/uploads\/2023\/11\/logo2-valika-footer.png","width":200,"height":129,"caption":"Salongitoode O\u00dc"},"image":{"@id":"https:\/\/valika.eu\/fi\/#\/schema\/logo\/image\/"},"sameAs":["https:\/\/www.facebook.com\/tipsi.net"]}]}},"jetpack_sharing_enabled":true,"_links":{"self":[{"href":"https:\/\/valika.eu\/fi\/wp-json\/wp\/v2\/product\/9374","targetHints":{"allow":["GET"]}}],"collection":[{"href":"https:\/\/valika.eu\/fi\/wp-json\/wp\/v2\/product"}],"about":[{"href":"https:\/\/valika.eu\/fi\/wp-json\/wp\/v2\/types\/product"}],"wp:featuredmedia":[{"embeddable":true,"href":"https:\/\/valika.eu\/fi\/wp-json\/wp\/v2\/media\/9375"}],"wp:attachment":[{"href":"https:\/\/valika.eu\/fi\/wp-json\/wp\/v2\/media?parent=9374"}],"wp:term":[{"taxonomy":"product_brand","embeddable":true,"href":"https:\/\/valika.eu\/fi\/wp-json\/wp\/v2\/product_brand?post=9374"},{"taxonomy":"product_cat","embeddable":true,"href":"https:\/\/valika.eu\/fi\/wp-json\/wp\/v2\/product_cat?post=9374"},{"taxonomy":"product_tag","embeddable":true,"href":"https:\/\/valika.eu\/fi\/wp-json\/wp\/v2\/product_tag?post=9374"}],"curies":[{"name":"wp","href":"https:\/\/api.w.org\/{rel}","templated":true}]}}