{"id":9393,"date":"2024-10-16T20:39:01","date_gmt":"2024-10-16T17:39:01","guid":{"rendered":"https:\/\/valika.eu\/?post_type=product&#038;p=9393"},"modified":"2025-07-02T05:03:32","modified_gmt":"2025-07-02T02:03:32","slug":"hotellisussid-kinnise-ninaga-eva-tald-31-5cm","status":"publish","type":"product","link":"https:\/\/valika.eu\/fi\/toode\/hotellisussid-kinnise-ninaga-eva-tald-31-5cm\/","title":{"rendered":"Hotellitossut suljetulla nen\u00e4ll\u00e4 EVA-pohja 31,5 cm"},"content":{"rendered":"<p>Kertak\u00e4ytt\u00f6iset umpik\u00e4rkiset hotellitossut. Pohja froteekankaasta ja EVA-materiaalista. Sopii matkustamiseen, k\u00e4ytett\u00e4v\u00e4ksi l\u00e4\u00e4ketieteellisiss\u00e4 tiloissa, hotelleissa, kylpyl\u00f6iss\u00e4 ja muissa paikoissa.<br \/>\nHospitality-keng\u00e4n pohja on 31,5 cm, leveys 11 cm. Universaali koko.<br \/>\nPakattu pareittain, 100 paria laatikossa.<\/p>","protected":false},"excerpt":{"rendered":"<p>&#8211; Materiaali: EVA, frotee<br \/>\n-Universaali koko<br \/>\n&#8211; Pohja 31,5 cm, leveys 11 cm<br \/>\n&#8211; Vedenpit\u00e4v\u00e4 pohja<\/p>\n","protected":false},"featured_media":9397,"template":"","meta":[],"product_brand":[],"product_cat":[629],"product_tag":[],"class_list":{"0":"post-9393","1":"product","2":"type-product","3":"status-publish","4":"has-post-thumbnail","6":"product_cat-toojalanoud","8":"first","9":"instock","10":"taxable","11":"shipping-taxable","12":"purchasable","13":"product-type-simple"},"yoast_head":"<!-- This site is optimized with the Yoast SEO plugin v24.4 - https:\/\/yoast.com\/wordpress\/plugins\/seo\/ -->\n<title>Hotellitossut suljetulla nen\u00e4ll\u00e4 EVA-pohja 31,5 cm | Valika<\/title>\n<meta name=\"robots\" content=\"index, follow, max-snippet:-1, max-image-preview:large, max-video-preview:-1\" \/>\n<link rel=\"canonical\" href=\"https:\/\/valika.eu\/fi\/toode\/hotellisussid-kinnise-ninaga-eva-tald-31-5cm\/\" \/>\n<meta property=\"og:locale\" content=\"fi_FI\" \/>\n<meta property=\"og:type\" content=\"article\" \/>\n<meta property=\"og:title\" content=\"Hotellitossut suljetulla nen\u00e4ll\u00e4 EVA-pohja 31,5 cm | Valika\" \/>\n<meta property=\"og:description\" content=\"- Materiaali: EVA, frotee -Universaali koko - Pohja 31,5 cm, leveys 11 cm - Vedenpit\u00e4v\u00e4 pohja\" \/>\n<meta property=\"og:url\" content=\"https:\/\/valika.eu\/fi\/toode\/hotellisussid-kinnise-ninaga-eva-tald-31-5cm\/\" \/>\n<meta property=\"og:site_name\" content=\"Valika\" \/>\n<meta property=\"article:publisher\" content=\"https:\/\/www.facebook.com\/tipsi.net\" \/>\n<meta property=\"article:modified_time\" content=\"2025-07-02T02:03:32+00:00\" \/>\n<meta property=\"og:image\" content=\"https:\/\/valika.eu\/wp-content\/uploads\/2024\/10\/1E890BC8-F262-41BA-AB23-7C3411C5C45F.jpg\" \/>\n\t<meta property=\"og:image:width\" content=\"1179\" \/>\n\t<meta property=\"og:image:height\" content=\"2096\" \/>\n\t<meta property=\"og:image:type\" content=\"image\/jpeg\" \/>\n<meta name=\"twitter:card\" content=\"summary_large_image\" \/>\n<script type=\"application\/ld+json\" class=\"yoast-schema-graph\">{\"@context\":\"https:\/\/schema.org\",\"@graph\":[{\"@type\":\"WebPage\",\"@id\":\"https:\/\/valika.eu\/fi\/toode\/hotellisussid-kinnise-ninaga-eva-tald-31-5cm\/\",\"url\":\"https:\/\/valika.eu\/fi\/toode\/hotellisussid-kinnise-ninaga-eva-tald-31-5cm\/\",\"name\":\"Hotellitossut suljetulla nen\u00e4ll\u00e4 EVA-pohja 31,5 cm | Valika\",\"isPartOf\":{\"@id\":\"https:\/\/valika.eu\/fi\/#website\"},\"primaryImageOfPage\":{\"@id\":\"https:\/\/valika.eu\/fi\/toode\/hotellisussid-kinnise-ninaga-eva-tald-31-5cm\/#primaryimage\"},\"image\":{\"@id\":\"https:\/\/valika.eu\/toode\/hotellisussid-kinnise-ninaga-eva-tald-31-5cm\/#primaryimage\"},\"thumbnailUrl\":\"https:\/\/valika.eu\/wp-content\/uploads\/2024\/10\/1E890BC8-F262-41BA-AB23-7C3411C5C45F.jpg\",\"datePublished\":\"2024-10-16T17:39:01+00:00\",\"dateModified\":\"2025-07-02T02:03:32+00:00\",\"breadcrumb\":{\"@id\":\"https:\/\/valika.eu\/fi\/toode\/hotellisussid-kinnise-ninaga-eva-tald-31-5cm\/#breadcrumb\"},\"inLanguage\":\"fi\",\"potentialAction\":[{\"@type\":\"ReadAction\",\"target\":[[\"https:\/\/valika.eu\/fi\/toode\/hotellisussid-kinnise-ninaga-eva-tald-31-5cm\/\"]]}]},{\"@type\":\"ImageObject\",\"inLanguage\":\"fi\",\"@id\":\"https:\/\/valika.eu\/fi\/toode\/hotellisussid-kinnise-ninaga-eva-tald-31-5cm\/#primaryimage\",\"url\":\"https:\/\/valika.eu\/wp-content\/uploads\/2024\/10\/1E890BC8-F262-41BA-AB23-7C3411C5C45F.jpg\",\"contentUrl\":\"https:\/\/valika.eu\/wp-content\/uploads\/2024\/10\/1E890BC8-F262-41BA-AB23-7C3411C5C45F.jpg\",\"width\":1179,\"height\":2096,\"caption\":\"\u00dchekordsed sussid, hotellisussid\"},{\"@type\":\"BreadcrumbList\",\"@id\":\"https:\/\/valika.eu\/fi\/toode\/hotellisussid-kinnise-ninaga-eva-tald-31-5cm\/#breadcrumb\",\"itemListElement\":[{\"@type\":\"ListItem\",\"position\":1,\"name\":\"Koti\",\"item\":\"https:\/\/valika.eu\/fi\/\"},{\"@type\":\"ListItem\",\"position\":2,\"name\":\"Shop\",\"item\":\"https:\/\/valika.eu\/fi\/\"},{\"@type\":\"ListItem\",\"position\":3,\"name\":\"Hotel slippers with closed nose EVA sole 31.5cm\"}]},{\"@type\":\"WebSite\",\"@id\":\"https:\/\/valika.eu\/fi\/#website\",\"url\":\"https:\/\/valika.eu\/fi\/\",\"name\":\"Valika.eu\",\"description\":\"Salonkituotteet ja kauneudenhoitotuotteet - Valika tarjoaa laajan valikoiman tuotteita ja tarvikkeita kynsiteknikoille, kauneushoitoloille, kampaamoille ja kampaamoille.\",\"publisher\":{\"@id\":\"https:\/\/valika.eu\/fi\/#organization\"},\"alternateName\":\"Valika\",\"potentialAction\":[{\"@type\":\"SearchAction\",\"target\":{\"@type\":\"EntryPoint\",\"urlTemplate\":\"https:\/\/valika.eu\/fi\/?s={search_term_string}\"},\"query-input\":{\"@type\":\"PropertyValueSpecification\",\"valueRequired\":true,\"valueName\":\"search_term_string\"}}],\"inLanguage\":\"fi\"},{\"@type\":\"Organization\",\"@id\":\"https:\/\/valika.eu\/fi\/#organization\",\"name\":\"Salongitoode O\u00dc\",\"alternateName\":\"Valika\",\"url\":\"https:\/\/valika.eu\/fi\/\",\"logo\":{\"@type\":\"ImageObject\",\"inLanguage\":\"fi\",\"@id\":\"https:\/\/valika.eu\/fi\/#\/schema\/logo\/image\/\",\"url\":\"https:\/\/valika.eu\/wp-content\/uploads\/2023\/11\/logo2-valika-footer.png\",\"contentUrl\":\"https:\/\/valika.eu\/wp-content\/uploads\/2023\/11\/logo2-valika-footer.png\",\"width\":200,\"height\":129,\"caption\":\"Salongitoode O\u00dc\"},\"image\":{\"@id\":\"https:\/\/valika.eu\/fi\/#\/schema\/logo\/image\/\"},\"sameAs\":[\"https:\/\/www.facebook.com\/tipsi.net\"]}]}<\/script>\n<!-- \/ Yoast SEO plugin. -->","yoast_head_json":{"title":"Hotellitossut suljetulla nen\u00e4ll\u00e4 EVA-pohja 31,5 cm | Valika","robots":{"index":"index","follow":"follow","max-snippet":"max-snippet:-1","max-image-preview":"max-image-preview:large","max-video-preview":"max-video-preview:-1"},"canonical":"https:\/\/valika.eu\/fi\/toode\/hotellisussid-kinnise-ninaga-eva-tald-31-5cm\/","og_locale":"fi_FI","og_type":"article","og_title":"Hotellitossut suljetulla nen\u00e4ll\u00e4 EVA-pohja 31,5 cm | Valika","og_description":"- Materiaali: EVA, frotee -Universaali koko - Pohja 31,5 cm, leveys 11 cm - Vedenpit\u00e4v\u00e4 pohja","og_url":"https:\/\/valika.eu\/fi\/toode\/hotellisussid-kinnise-ninaga-eva-tald-31-5cm\/","og_site_name":"Valika","article_publisher":"https:\/\/www.facebook.com\/tipsi.net","article_modified_time":"2025-07-02T02:03:32+00:00","og_image":[{"width":1179,"height":2096,"url":"https:\/\/valika.eu\/wp-content\/uploads\/2024\/10\/1E890BC8-F262-41BA-AB23-7C3411C5C45F.jpg","type":"image\/jpeg"}],"twitter_card":"summary_large_image","schema":{"@context":"https:\/\/schema.org","@graph":[{"@type":"WebPage","@id":"https:\/\/valika.eu\/fi\/toode\/hotellisussid-kinnise-ninaga-eva-tald-31-5cm\/","url":"https:\/\/valika.eu\/fi\/toode\/hotellisussid-kinnise-ninaga-eva-tald-31-5cm\/","name":"Hotellitossut suljetulla nen\u00e4ll\u00e4 EVA-pohja 31,5 cm | Valika","isPartOf":{"@id":"https:\/\/valika.eu\/fi\/#website"},"primaryImageOfPage":{"@id":"https:\/\/valika.eu\/fi\/toode\/hotellisussid-kinnise-ninaga-eva-tald-31-5cm\/#primaryimage"},"image":{"@id":"https:\/\/valika.eu\/toode\/hotellisussid-kinnise-ninaga-eva-tald-31-5cm\/#primaryimage"},"thumbnailUrl":"https:\/\/valika.eu\/wp-content\/uploads\/2024\/10\/1E890BC8-F262-41BA-AB23-7C3411C5C45F.jpg","datePublished":"2024-10-16T17:39:01+00:00","dateModified":"2025-07-02T02:03:32+00:00","breadcrumb":{"@id":"https:\/\/valika.eu\/fi\/toode\/hotellisussid-kinnise-ninaga-eva-tald-31-5cm\/#breadcrumb"},"inLanguage":"fi","potentialAction":[{"@type":"ReadAction","target":[["https:\/\/valika.eu\/fi\/toode\/hotellisussid-kinnise-ninaga-eva-tald-31-5cm\/"]]}]},{"@type":"ImageObject","inLanguage":"fi","@id":"https:\/\/valika.eu\/fi\/toode\/hotellisussid-kinnise-ninaga-eva-tald-31-5cm\/#primaryimage","url":"https:\/\/valika.eu\/wp-content\/uploads\/2024\/10\/1E890BC8-F262-41BA-AB23-7C3411C5C45F.jpg","contentUrl":"https:\/\/valika.eu\/wp-content\/uploads\/2024\/10\/1E890BC8-F262-41BA-AB23-7C3411C5C45F.jpg","width":1179,"height":2096,"caption":"\u00dchekordsed sussid, hotellisussid"},{"@type":"BreadcrumbList","@id":"https:\/\/valika.eu\/fi\/toode\/hotellisussid-kinnise-ninaga-eva-tald-31-5cm\/#breadcrumb","itemListElement":[{"@type":"ListItem","position":1,"name":"Koti","item":"https:\/\/valika.eu\/fi\/"},{"@type":"ListItem","position":2,"name":"Shop","item":"https:\/\/valika.eu\/fi\/"},{"@type":"ListItem","position":3,"name":"Hotel slippers with closed nose EVA sole 31.5cm"}]},{"@type":"WebSite","@id":"https:\/\/valika.eu\/fi\/#website","url":"https:\/\/valika.eu\/fi\/","name":"Valika.eu","description":"Salonkituotteet ja kauneudenhoitotuotteet - Valika tarjoaa laajan valikoiman tuotteita ja tarvikkeita kynsiteknikoille, kauneushoitoloille, kampaamoille ja kampaamoille.","publisher":{"@id":"https:\/\/valika.eu\/fi\/#organization"},"alternateName":"Valika","potentialAction":[{"@type":"SearchAction","target":{"@type":"EntryPoint","urlTemplate":"https:\/\/valika.eu\/fi\/?s={search_term_string}"},"query-input":{"@type":"PropertyValueSpecification","valueRequired":true,"valueName":"search_term_string"}}],"inLanguage":"fi"},{"@type":"Organization","@id":"https:\/\/valika.eu\/fi\/#organization","name":"Salongitoode O\u00dc","alternateName":"Valika","url":"https:\/\/valika.eu\/fi\/","logo":{"@type":"ImageObject","inLanguage":"fi","@id":"https:\/\/valika.eu\/fi\/#\/schema\/logo\/image\/","url":"https:\/\/valika.eu\/wp-content\/uploads\/2023\/11\/logo2-valika-footer.png","contentUrl":"https:\/\/valika.eu\/wp-content\/uploads\/2023\/11\/logo2-valika-footer.png","width":200,"height":129,"caption":"Salongitoode O\u00dc"},"image":{"@id":"https:\/\/valika.eu\/fi\/#\/schema\/logo\/image\/"},"sameAs":["https:\/\/www.facebook.com\/tipsi.net"]}]}},"jetpack_sharing_enabled":true,"_links":{"self":[{"href":"https:\/\/valika.eu\/fi\/wp-json\/wp\/v2\/product\/9393","targetHints":{"allow":["GET"]}}],"collection":[{"href":"https:\/\/valika.eu\/fi\/wp-json\/wp\/v2\/product"}],"about":[{"href":"https:\/\/valika.eu\/fi\/wp-json\/wp\/v2\/types\/product"}],"wp:featuredmedia":[{"embeddable":true,"href":"https:\/\/valika.eu\/fi\/wp-json\/wp\/v2\/media\/9397"}],"wp:attachment":[{"href":"https:\/\/valika.eu\/fi\/wp-json\/wp\/v2\/media?parent=9393"}],"wp:term":[{"taxonomy":"product_brand","embeddable":true,"href":"https:\/\/valika.eu\/fi\/wp-json\/wp\/v2\/product_brand?post=9393"},{"taxonomy":"product_cat","embeddable":true,"href":"https:\/\/valika.eu\/fi\/wp-json\/wp\/v2\/product_cat?post=9393"},{"taxonomy":"product_tag","embeddable":true,"href":"https:\/\/valika.eu\/fi\/wp-json\/wp\/v2\/product_tag?post=9393"}],"curies":[{"name":"wp","href":"https:\/\/api.w.org\/{rel}","templated":true}]}}