{"id":9399,"date":"2024-10-16T20:48:47","date_gmt":"2024-10-16T17:48:47","guid":{"rendered":"https:\/\/valika.eu\/?post_type=product&#038;p=9399"},"modified":"2025-10-02T12:13:27","modified_gmt":"2025-10-02T09:13:27","slug":"kilepolled-ldpe-25my-125x75-100tk-valge","status":"publish","type":"product","link":"https:\/\/valika.eu\/fi\/toode\/kilepolled-ldpe-25my-125x75-100tk-valge\/","title":{"rendered":"Kertak\u00e4ytt\u00f6iset esiliinat LDPE 25my 75x125cm 100kpl valkoinen"},"content":{"rendered":"<p>Ohut vedenpit\u00e4v\u00e4 kertak\u00e4ytt\u00f6inen esiliina, mitat 125 x 70 cm, paksuus n. 25 mm. Pakkauksessa on 100 kpl, laatikossa 10 kpl.<\/p>\n<p>Sopii elintarviketeollisuuteen.<\/p>","protected":false},"excerpt":{"rendered":"<p>&#8211; Materiaali: polyeteeni<br \/>\n&#8211; Mitat: 125 x 70 cm<br \/>\n-Materiaalin paksuus: 25 my<\/p>\n","protected":false},"featured_media":9403,"template":"","meta":[],"product_brand":[],"product_cat":[348],"product_tag":[],"class_list":{"0":"post-9399","1":"product","2":"type-product","3":"status-publish","4":"has-post-thumbnail","6":"product_cat-poll-50tk","8":"first","9":"outofstock","10":"taxable","11":"shipping-taxable","12":"purchasable","13":"product-type-simple"},"yoast_head":"<!-- This site is optimized with the Yoast SEO plugin v24.4 - https:\/\/yoast.com\/wordpress\/plugins\/seo\/ -->\n<title>Kertak\u00e4ytt\u00f6iset esiliinat LDPE 25my 75x125cm 100kpl valkoinen | Valika<\/title>\n<meta name=\"robots\" content=\"index, follow, max-snippet:-1, max-image-preview:large, max-video-preview:-1\" \/>\n<link rel=\"canonical\" href=\"https:\/\/valika.eu\/fi\/toode\/kilepolled-ldpe-25my-125x75-100tk-valge\/\" \/>\n<meta property=\"og:locale\" content=\"fi_FI\" \/>\n<meta property=\"og:type\" content=\"article\" \/>\n<meta property=\"og:title\" content=\"Kertak\u00e4ytt\u00f6iset esiliinat LDPE 25my 75x125cm 100kpl valkoinen | Valika\" \/>\n<meta property=\"og:description\" content=\"- Materiaali: polyeteeni - Mitat: 125 x 70 cm -Materiaalin paksuus: 25 my\" \/>\n<meta property=\"og:url\" content=\"https:\/\/valika.eu\/fi\/toode\/kilepolled-ldpe-25my-125x75-100tk-valge\/\" \/>\n<meta property=\"og:site_name\" content=\"Valika\" \/>\n<meta property=\"article:publisher\" content=\"https:\/\/www.facebook.com\/tipsi.net\" \/>\n<meta property=\"article:modified_time\" content=\"2025-10-02T09:13:27+00:00\" \/>\n<meta property=\"og:image\" content=\"https:\/\/valika.eu\/wp-content\/uploads\/2024\/10\/kilepolled-75x125-16-1.webp\" \/>\n\t<meta property=\"og:image:width\" content=\"666\" \/>\n\t<meta property=\"og:image:height\" content=\"1000\" \/>\n\t<meta property=\"og:image:type\" content=\"image\/webp\" \/>\n<meta name=\"twitter:card\" content=\"summary_large_image\" \/>\n<script type=\"application\/ld+json\" class=\"yoast-schema-graph\">{\"@context\":\"https:\/\/schema.org\",\"@graph\":[{\"@type\":\"WebPage\",\"@id\":\"https:\/\/valika.eu\/fi\/toode\/kilepolled-ldpe-25my-125x75-100tk-valge\/\",\"url\":\"https:\/\/valika.eu\/fi\/toode\/kilepolled-ldpe-25my-125x75-100tk-valge\/\",\"name\":\"Kertak\u00e4ytt\u00f6iset esiliinat LDPE 25my 75x125cm 100kpl valkoinen | Valika\",\"isPartOf\":{\"@id\":\"https:\/\/valika.eu\/fi\/#website\"},\"primaryImageOfPage\":{\"@id\":\"https:\/\/valika.eu\/fi\/toode\/kilepolled-ldpe-25my-125x75-100tk-valge\/#primaryimage\"},\"image\":{\"@id\":\"https:\/\/valika.eu\/toode\/kilepolled-ldpe-25my-125x75-100tk-valge\/#primaryimage\"},\"thumbnailUrl\":\"https:\/\/valika.eu\/wp-content\/uploads\/2024\/10\/kilepolled-75x125-16-1.webp\",\"datePublished\":\"2024-10-16T17:48:47+00:00\",\"dateModified\":\"2025-10-02T09:13:27+00:00\",\"breadcrumb\":{\"@id\":\"https:\/\/valika.eu\/fi\/toode\/kilepolled-ldpe-25my-125x75-100tk-valge\/#breadcrumb\"},\"inLanguage\":\"fi\",\"potentialAction\":[{\"@type\":\"ReadAction\",\"target\":[[\"https:\/\/valika.eu\/fi\/toode\/kilepolled-ldpe-25my-125x75-100tk-valge\/\"]]}]},{\"@type\":\"ImageObject\",\"inLanguage\":\"fi\",\"@id\":\"https:\/\/valika.eu\/fi\/toode\/kilepolled-ldpe-25my-125x75-100tk-valge\/#primaryimage\",\"url\":\"https:\/\/valika.eu\/wp-content\/uploads\/2024\/10\/kilepolled-75x125-16-1.webp\",\"contentUrl\":\"https:\/\/valika.eu\/wp-content\/uploads\/2024\/10\/kilepolled-75x125-16-1.webp\",\"width\":666,\"height\":1000,\"caption\":\"kile p\u00f5lled valge\"},{\"@type\":\"BreadcrumbList\",\"@id\":\"https:\/\/valika.eu\/fi\/toode\/kilepolled-ldpe-25my-125x75-100tk-valge\/#breadcrumb\",\"itemListElement\":[{\"@type\":\"ListItem\",\"position\":1,\"name\":\"Koti\",\"item\":\"https:\/\/valika.eu\/fi\/\"},{\"@type\":\"ListItem\",\"position\":2,\"name\":\"Shop\",\"item\":\"https:\/\/valika.eu\/fi\/\"},{\"@type\":\"ListItem\",\"position\":3,\"name\":\"Kilep\u00f5lled LDPE 25my 125\u00d775 100tk valge\"}]},{\"@type\":\"WebSite\",\"@id\":\"https:\/\/valika.eu\/fi\/#website\",\"url\":\"https:\/\/valika.eu\/fi\/\",\"name\":\"Valika.eu\",\"description\":\"Salonkituotteet ja kauneudenhoitotuotteet - Valika tarjoaa laajan valikoiman tuotteita ja tarvikkeita kynsiteknikoille, kauneushoitoloille, kampaamoille ja kampaamoille.\",\"publisher\":{\"@id\":\"https:\/\/valika.eu\/fi\/#organization\"},\"alternateName\":\"Valika\",\"potentialAction\":[{\"@type\":\"SearchAction\",\"target\":{\"@type\":\"EntryPoint\",\"urlTemplate\":\"https:\/\/valika.eu\/fi\/?s={search_term_string}\"},\"query-input\":{\"@type\":\"PropertyValueSpecification\",\"valueRequired\":true,\"valueName\":\"search_term_string\"}}],\"inLanguage\":\"fi\"},{\"@type\":\"Organization\",\"@id\":\"https:\/\/valika.eu\/fi\/#organization\",\"name\":\"Salongitoode O\u00dc\",\"alternateName\":\"Valika\",\"url\":\"https:\/\/valika.eu\/fi\/\",\"logo\":{\"@type\":\"ImageObject\",\"inLanguage\":\"fi\",\"@id\":\"https:\/\/valika.eu\/fi\/#\/schema\/logo\/image\/\",\"url\":\"https:\/\/valika.eu\/wp-content\/uploads\/2023\/11\/logo2-valika-footer.png\",\"contentUrl\":\"https:\/\/valika.eu\/wp-content\/uploads\/2023\/11\/logo2-valika-footer.png\",\"width\":200,\"height\":129,\"caption\":\"Salongitoode O\u00dc\"},\"image\":{\"@id\":\"https:\/\/valika.eu\/fi\/#\/schema\/logo\/image\/\"},\"sameAs\":[\"https:\/\/www.facebook.com\/tipsi.net\"]}]}<\/script>\n<!-- \/ Yoast SEO plugin. -->","yoast_head_json":{"title":"Kertak\u00e4ytt\u00f6iset esiliinat LDPE 25my 75x125cm 100kpl valkoinen | Valika","robots":{"index":"index","follow":"follow","max-snippet":"max-snippet:-1","max-image-preview":"max-image-preview:large","max-video-preview":"max-video-preview:-1"},"canonical":"https:\/\/valika.eu\/fi\/toode\/kilepolled-ldpe-25my-125x75-100tk-valge\/","og_locale":"fi_FI","og_type":"article","og_title":"Kertak\u00e4ytt\u00f6iset esiliinat LDPE 25my 75x125cm 100kpl valkoinen | Valika","og_description":"- Materiaali: polyeteeni - Mitat: 125 x 70 cm -Materiaalin paksuus: 25 my","og_url":"https:\/\/valika.eu\/fi\/toode\/kilepolled-ldpe-25my-125x75-100tk-valge\/","og_site_name":"Valika","article_publisher":"https:\/\/www.facebook.com\/tipsi.net","article_modified_time":"2025-10-02T09:13:27+00:00","og_image":[{"width":666,"height":1000,"url":"https:\/\/valika.eu\/wp-content\/uploads\/2024\/10\/kilepolled-75x125-16-1.webp","type":"image\/webp"}],"twitter_card":"summary_large_image","schema":{"@context":"https:\/\/schema.org","@graph":[{"@type":"WebPage","@id":"https:\/\/valika.eu\/fi\/toode\/kilepolled-ldpe-25my-125x75-100tk-valge\/","url":"https:\/\/valika.eu\/fi\/toode\/kilepolled-ldpe-25my-125x75-100tk-valge\/","name":"Kertak\u00e4ytt\u00f6iset esiliinat LDPE 25my 75x125cm 100kpl valkoinen | Valika","isPartOf":{"@id":"https:\/\/valika.eu\/fi\/#website"},"primaryImageOfPage":{"@id":"https:\/\/valika.eu\/fi\/toode\/kilepolled-ldpe-25my-125x75-100tk-valge\/#primaryimage"},"image":{"@id":"https:\/\/valika.eu\/toode\/kilepolled-ldpe-25my-125x75-100tk-valge\/#primaryimage"},"thumbnailUrl":"https:\/\/valika.eu\/wp-content\/uploads\/2024\/10\/kilepolled-75x125-16-1.webp","datePublished":"2024-10-16T17:48:47+00:00","dateModified":"2025-10-02T09:13:27+00:00","breadcrumb":{"@id":"https:\/\/valika.eu\/fi\/toode\/kilepolled-ldpe-25my-125x75-100tk-valge\/#breadcrumb"},"inLanguage":"fi","potentialAction":[{"@type":"ReadAction","target":[["https:\/\/valika.eu\/fi\/toode\/kilepolled-ldpe-25my-125x75-100tk-valge\/"]]}]},{"@type":"ImageObject","inLanguage":"fi","@id":"https:\/\/valika.eu\/fi\/toode\/kilepolled-ldpe-25my-125x75-100tk-valge\/#primaryimage","url":"https:\/\/valika.eu\/wp-content\/uploads\/2024\/10\/kilepolled-75x125-16-1.webp","contentUrl":"https:\/\/valika.eu\/wp-content\/uploads\/2024\/10\/kilepolled-75x125-16-1.webp","width":666,"height":1000,"caption":"kile p\u00f5lled valge"},{"@type":"BreadcrumbList","@id":"https:\/\/valika.eu\/fi\/toode\/kilepolled-ldpe-25my-125x75-100tk-valge\/#breadcrumb","itemListElement":[{"@type":"ListItem","position":1,"name":"Koti","item":"https:\/\/valika.eu\/fi\/"},{"@type":"ListItem","position":2,"name":"Shop","item":"https:\/\/valika.eu\/fi\/"},{"@type":"ListItem","position":3,"name":"Kilep\u00f5lled LDPE 25my 125\u00d775 100tk valge"}]},{"@type":"WebSite","@id":"https:\/\/valika.eu\/fi\/#website","url":"https:\/\/valika.eu\/fi\/","name":"Valika.eu","description":"Salonkituotteet ja kauneudenhoitotuotteet - Valika tarjoaa laajan valikoiman tuotteita ja tarvikkeita kynsiteknikoille, kauneushoitoloille, kampaamoille ja kampaamoille.","publisher":{"@id":"https:\/\/valika.eu\/fi\/#organization"},"alternateName":"Valika","potentialAction":[{"@type":"SearchAction","target":{"@type":"EntryPoint","urlTemplate":"https:\/\/valika.eu\/fi\/?s={search_term_string}"},"query-input":{"@type":"PropertyValueSpecification","valueRequired":true,"valueName":"search_term_string"}}],"inLanguage":"fi"},{"@type":"Organization","@id":"https:\/\/valika.eu\/fi\/#organization","name":"Salongitoode O\u00dc","alternateName":"Valika","url":"https:\/\/valika.eu\/fi\/","logo":{"@type":"ImageObject","inLanguage":"fi","@id":"https:\/\/valika.eu\/fi\/#\/schema\/logo\/image\/","url":"https:\/\/valika.eu\/wp-content\/uploads\/2023\/11\/logo2-valika-footer.png","contentUrl":"https:\/\/valika.eu\/wp-content\/uploads\/2023\/11\/logo2-valika-footer.png","width":200,"height":129,"caption":"Salongitoode O\u00dc"},"image":{"@id":"https:\/\/valika.eu\/fi\/#\/schema\/logo\/image\/"},"sameAs":["https:\/\/www.facebook.com\/tipsi.net"]}]}},"jetpack_sharing_enabled":true,"_links":{"self":[{"href":"https:\/\/valika.eu\/fi\/wp-json\/wp\/v2\/product\/9399","targetHints":{"allow":["GET"]}}],"collection":[{"href":"https:\/\/valika.eu\/fi\/wp-json\/wp\/v2\/product"}],"about":[{"href":"https:\/\/valika.eu\/fi\/wp-json\/wp\/v2\/types\/product"}],"wp:featuredmedia":[{"embeddable":true,"href":"https:\/\/valika.eu\/fi\/wp-json\/wp\/v2\/media\/9403"}],"wp:attachment":[{"href":"https:\/\/valika.eu\/fi\/wp-json\/wp\/v2\/media?parent=9399"}],"wp:term":[{"taxonomy":"product_brand","embeddable":true,"href":"https:\/\/valika.eu\/fi\/wp-json\/wp\/v2\/product_brand?post=9399"},{"taxonomy":"product_cat","embeddable":true,"href":"https:\/\/valika.eu\/fi\/wp-json\/wp\/v2\/product_cat?post=9399"},{"taxonomy":"product_tag","embeddable":true,"href":"https:\/\/valika.eu\/fi\/wp-json\/wp\/v2\/product_tag?post=9399"}],"curies":[{"name":"wp","href":"https:\/\/api.w.org\/{rel}","templated":true}]}}