{"id":9404,"date":"2024-10-16T21:00:45","date_gmt":"2024-10-16T18:00:45","guid":{"rendered":"https:\/\/valika.eu\/?post_type=product&#038;p=9404"},"modified":"2025-07-02T05:03:32","modified_gmt":"2025-07-02T02:03:32","slug":"jalatsikaitsed-cpe-25my-100tk-sinine","status":"publish","type":"product","link":"https:\/\/valika.eu\/fi\/toode\/jalatsikaitsed-cpe-25my-100tk-sinine\/","title":{"rendered":"Keng\u00e4nsuojat CPE 25my 100kpl sininen"},"content":{"rendered":"<p>Vedenpit\u00e4v\u00e4t ja kest\u00e4v\u00e4t polyeteenist\u00e4 valmistetut keng\u00e4np\u00e4\u00e4lliset (paksuus n. 25 my), pituus 41 cm. K\u00e4ytet\u00e4\u00e4n elintarvike- ja l\u00e4\u00e4keteollisuudessa, sairaaloissa, keitti\u00f6iss\u00e4, m\u00e4rk\u00e4tiloissa jne. 100 kpl pakkauksessa,<\/p>","protected":false},"excerpt":{"rendered":"<p>&#8211; Materiaali: polyeteeni<br \/>\n-Pituus 41 cm<br \/>\n-Materiaalin paksuus on 25 my<br \/>\n&#8211; K\u00e4ytet\u00e4\u00e4n elintarvike- ja l\u00e4\u00e4keteollisuudessa<br \/>\n&#8211; Pakkauksessa 100 kpl<\/p>\n","protected":false},"featured_media":9405,"template":"","meta":[],"product_brand":[],"product_cat":[629],"product_tag":[],"class_list":{"0":"post-9404","1":"product","2":"type-product","3":"status-publish","4":"has-post-thumbnail","6":"product_cat-toojalanoud","8":"first","9":"instock","10":"taxable","11":"shipping-taxable","12":"purchasable","13":"product-type-simple"},"yoast_head":"<!-- This site is optimized with the Yoast SEO plugin v24.4 - https:\/\/yoast.com\/wordpress\/plugins\/seo\/ -->\n<title>Keng\u00e4nsuojat CPE 25my 100kpl sininen | Valika<\/title>\n<meta name=\"robots\" content=\"index, follow, max-snippet:-1, max-image-preview:large, max-video-preview:-1\" \/>\n<link rel=\"canonical\" href=\"https:\/\/valika.eu\/fi\/toode\/jalatsikaitsed-cpe-25my-100tk-sinine\/\" \/>\n<meta property=\"og:locale\" content=\"fi_FI\" \/>\n<meta property=\"og:type\" content=\"article\" \/>\n<meta property=\"og:title\" content=\"Keng\u00e4nsuojat CPE 25my 100kpl sininen | Valika\" \/>\n<meta property=\"og:description\" content=\"- Materiaali: polyeteeni -Pituus 41 cm -Materiaalin paksuus on 25 my - K\u00e4ytet\u00e4\u00e4n elintarvike- ja l\u00e4\u00e4keteollisuudessa - Pakkauksessa 100 kpl\" \/>\n<meta property=\"og:url\" content=\"https:\/\/valika.eu\/fi\/toode\/jalatsikaitsed-cpe-25my-100tk-sinine\/\" \/>\n<meta property=\"og:site_name\" content=\"Valika\" \/>\n<meta property=\"article:publisher\" content=\"https:\/\/www.facebook.com\/tipsi.net\" \/>\n<meta property=\"article:modified_time\" content=\"2025-07-02T02:03:32+00:00\" \/>\n<meta property=\"og:image\" content=\"https:\/\/valika.eu\/wp-content\/uploads\/2024\/10\/463202.webp\" \/>\n\t<meta property=\"og:image:width\" content=\"1000\" \/>\n\t<meta property=\"og:image:height\" content=\"804\" \/>\n\t<meta property=\"og:image:type\" content=\"image\/webp\" \/>\n<meta name=\"twitter:card\" content=\"summary_large_image\" \/>\n<script type=\"application\/ld+json\" class=\"yoast-schema-graph\">{\"@context\":\"https:\/\/schema.org\",\"@graph\":[{\"@type\":\"WebPage\",\"@id\":\"https:\/\/valika.eu\/fi\/toode\/jalatsikaitsed-cpe-25my-100tk-sinine\/\",\"url\":\"https:\/\/valika.eu\/fi\/toode\/jalatsikaitsed-cpe-25my-100tk-sinine\/\",\"name\":\"Keng\u00e4nsuojat CPE 25my 100kpl sininen | Valika\",\"isPartOf\":{\"@id\":\"https:\/\/valika.eu\/fi\/#website\"},\"primaryImageOfPage\":{\"@id\":\"https:\/\/valika.eu\/fi\/toode\/jalatsikaitsed-cpe-25my-100tk-sinine\/#primaryimage\"},\"image\":{\"@id\":\"https:\/\/valika.eu\/toode\/jalatsikaitsed-cpe-25my-100tk-sinine\/#primaryimage\"},\"thumbnailUrl\":\"https:\/\/valika.eu\/wp-content\/uploads\/2024\/10\/463202.webp\",\"datePublished\":\"2024-10-16T18:00:45+00:00\",\"dateModified\":\"2025-07-02T02:03:32+00:00\",\"breadcrumb\":{\"@id\":\"https:\/\/valika.eu\/fi\/toode\/jalatsikaitsed-cpe-25my-100tk-sinine\/#breadcrumb\"},\"inLanguage\":\"fi\",\"potentialAction\":[{\"@type\":\"ReadAction\",\"target\":[[\"https:\/\/valika.eu\/fi\/toode\/jalatsikaitsed-cpe-25my-100tk-sinine\/\"]]}]},{\"@type\":\"ImageObject\",\"inLanguage\":\"fi\",\"@id\":\"https:\/\/valika.eu\/fi\/toode\/jalatsikaitsed-cpe-25my-100tk-sinine\/#primaryimage\",\"url\":\"https:\/\/valika.eu\/wp-content\/uploads\/2024\/10\/463202.webp\",\"contentUrl\":\"https:\/\/valika.eu\/wp-content\/uploads\/2024\/10\/463202.webp\",\"width\":1000,\"height\":804,\"caption\":\"jalatsikaitse\"},{\"@type\":\"BreadcrumbList\",\"@id\":\"https:\/\/valika.eu\/fi\/toode\/jalatsikaitsed-cpe-25my-100tk-sinine\/#breadcrumb\",\"itemListElement\":[{\"@type\":\"ListItem\",\"position\":1,\"name\":\"Koti\",\"item\":\"https:\/\/valika.eu\/fi\/\"},{\"@type\":\"ListItem\",\"position\":2,\"name\":\"Shop\",\"item\":\"https:\/\/valika.eu\/fi\/\"},{\"@type\":\"ListItem\",\"position\":3,\"name\":\"Shoe protectors CPE 25my 100pcs blue\"}]},{\"@type\":\"WebSite\",\"@id\":\"https:\/\/valika.eu\/fi\/#website\",\"url\":\"https:\/\/valika.eu\/fi\/\",\"name\":\"Valika.eu\",\"description\":\"Salonkituotteet ja kauneudenhoitotuotteet - Valika tarjoaa laajan valikoiman tuotteita ja tarvikkeita kynsiteknikoille, kauneushoitoloille, kampaamoille ja kampaamoille.\",\"publisher\":{\"@id\":\"https:\/\/valika.eu\/fi\/#organization\"},\"alternateName\":\"Valika\",\"potentialAction\":[{\"@type\":\"SearchAction\",\"target\":{\"@type\":\"EntryPoint\",\"urlTemplate\":\"https:\/\/valika.eu\/fi\/?s={search_term_string}\"},\"query-input\":{\"@type\":\"PropertyValueSpecification\",\"valueRequired\":true,\"valueName\":\"search_term_string\"}}],\"inLanguage\":\"fi\"},{\"@type\":\"Organization\",\"@id\":\"https:\/\/valika.eu\/fi\/#organization\",\"name\":\"Salongitoode O\u00dc\",\"alternateName\":\"Valika\",\"url\":\"https:\/\/valika.eu\/fi\/\",\"logo\":{\"@type\":\"ImageObject\",\"inLanguage\":\"fi\",\"@id\":\"https:\/\/valika.eu\/fi\/#\/schema\/logo\/image\/\",\"url\":\"https:\/\/valika.eu\/wp-content\/uploads\/2023\/11\/logo2-valika-footer.png\",\"contentUrl\":\"https:\/\/valika.eu\/wp-content\/uploads\/2023\/11\/logo2-valika-footer.png\",\"width\":200,\"height\":129,\"caption\":\"Salongitoode O\u00dc\"},\"image\":{\"@id\":\"https:\/\/valika.eu\/fi\/#\/schema\/logo\/image\/\"},\"sameAs\":[\"https:\/\/www.facebook.com\/tipsi.net\"]}]}<\/script>\n<!-- \/ Yoast SEO plugin. -->","yoast_head_json":{"title":"Keng\u00e4nsuojat CPE 25my 100kpl sininen | Valika","robots":{"index":"index","follow":"follow","max-snippet":"max-snippet:-1","max-image-preview":"max-image-preview:large","max-video-preview":"max-video-preview:-1"},"canonical":"https:\/\/valika.eu\/fi\/toode\/jalatsikaitsed-cpe-25my-100tk-sinine\/","og_locale":"fi_FI","og_type":"article","og_title":"Keng\u00e4nsuojat CPE 25my 100kpl sininen | Valika","og_description":"- Materiaali: polyeteeni -Pituus 41 cm -Materiaalin paksuus on 25 my - K\u00e4ytet\u00e4\u00e4n elintarvike- ja l\u00e4\u00e4keteollisuudessa - Pakkauksessa 100 kpl","og_url":"https:\/\/valika.eu\/fi\/toode\/jalatsikaitsed-cpe-25my-100tk-sinine\/","og_site_name":"Valika","article_publisher":"https:\/\/www.facebook.com\/tipsi.net","article_modified_time":"2025-07-02T02:03:32+00:00","og_image":[{"width":1000,"height":804,"url":"https:\/\/valika.eu\/wp-content\/uploads\/2024\/10\/463202.webp","type":"image\/webp"}],"twitter_card":"summary_large_image","schema":{"@context":"https:\/\/schema.org","@graph":[{"@type":"WebPage","@id":"https:\/\/valika.eu\/fi\/toode\/jalatsikaitsed-cpe-25my-100tk-sinine\/","url":"https:\/\/valika.eu\/fi\/toode\/jalatsikaitsed-cpe-25my-100tk-sinine\/","name":"Keng\u00e4nsuojat CPE 25my 100kpl sininen | Valika","isPartOf":{"@id":"https:\/\/valika.eu\/fi\/#website"},"primaryImageOfPage":{"@id":"https:\/\/valika.eu\/fi\/toode\/jalatsikaitsed-cpe-25my-100tk-sinine\/#primaryimage"},"image":{"@id":"https:\/\/valika.eu\/toode\/jalatsikaitsed-cpe-25my-100tk-sinine\/#primaryimage"},"thumbnailUrl":"https:\/\/valika.eu\/wp-content\/uploads\/2024\/10\/463202.webp","datePublished":"2024-10-16T18:00:45+00:00","dateModified":"2025-07-02T02:03:32+00:00","breadcrumb":{"@id":"https:\/\/valika.eu\/fi\/toode\/jalatsikaitsed-cpe-25my-100tk-sinine\/#breadcrumb"},"inLanguage":"fi","potentialAction":[{"@type":"ReadAction","target":[["https:\/\/valika.eu\/fi\/toode\/jalatsikaitsed-cpe-25my-100tk-sinine\/"]]}]},{"@type":"ImageObject","inLanguage":"fi","@id":"https:\/\/valika.eu\/fi\/toode\/jalatsikaitsed-cpe-25my-100tk-sinine\/#primaryimage","url":"https:\/\/valika.eu\/wp-content\/uploads\/2024\/10\/463202.webp","contentUrl":"https:\/\/valika.eu\/wp-content\/uploads\/2024\/10\/463202.webp","width":1000,"height":804,"caption":"jalatsikaitse"},{"@type":"BreadcrumbList","@id":"https:\/\/valika.eu\/fi\/toode\/jalatsikaitsed-cpe-25my-100tk-sinine\/#breadcrumb","itemListElement":[{"@type":"ListItem","position":1,"name":"Koti","item":"https:\/\/valika.eu\/fi\/"},{"@type":"ListItem","position":2,"name":"Shop","item":"https:\/\/valika.eu\/fi\/"},{"@type":"ListItem","position":3,"name":"Shoe protectors CPE 25my 100pcs blue"}]},{"@type":"WebSite","@id":"https:\/\/valika.eu\/fi\/#website","url":"https:\/\/valika.eu\/fi\/","name":"Valika.eu","description":"Salonkituotteet ja kauneudenhoitotuotteet - Valika tarjoaa laajan valikoiman tuotteita ja tarvikkeita kynsiteknikoille, kauneushoitoloille, kampaamoille ja kampaamoille.","publisher":{"@id":"https:\/\/valika.eu\/fi\/#organization"},"alternateName":"Valika","potentialAction":[{"@type":"SearchAction","target":{"@type":"EntryPoint","urlTemplate":"https:\/\/valika.eu\/fi\/?s={search_term_string}"},"query-input":{"@type":"PropertyValueSpecification","valueRequired":true,"valueName":"search_term_string"}}],"inLanguage":"fi"},{"@type":"Organization","@id":"https:\/\/valika.eu\/fi\/#organization","name":"Salongitoode O\u00dc","alternateName":"Valika","url":"https:\/\/valika.eu\/fi\/","logo":{"@type":"ImageObject","inLanguage":"fi","@id":"https:\/\/valika.eu\/fi\/#\/schema\/logo\/image\/","url":"https:\/\/valika.eu\/wp-content\/uploads\/2023\/11\/logo2-valika-footer.png","contentUrl":"https:\/\/valika.eu\/wp-content\/uploads\/2023\/11\/logo2-valika-footer.png","width":200,"height":129,"caption":"Salongitoode O\u00dc"},"image":{"@id":"https:\/\/valika.eu\/fi\/#\/schema\/logo\/image\/"},"sameAs":["https:\/\/www.facebook.com\/tipsi.net"]}]}},"jetpack_sharing_enabled":true,"_links":{"self":[{"href":"https:\/\/valika.eu\/fi\/wp-json\/wp\/v2\/product\/9404","targetHints":{"allow":["GET"]}}],"collection":[{"href":"https:\/\/valika.eu\/fi\/wp-json\/wp\/v2\/product"}],"about":[{"href":"https:\/\/valika.eu\/fi\/wp-json\/wp\/v2\/types\/product"}],"wp:featuredmedia":[{"embeddable":true,"href":"https:\/\/valika.eu\/fi\/wp-json\/wp\/v2\/media\/9405"}],"wp:attachment":[{"href":"https:\/\/valika.eu\/fi\/wp-json\/wp\/v2\/media?parent=9404"}],"wp:term":[{"taxonomy":"product_brand","embeddable":true,"href":"https:\/\/valika.eu\/fi\/wp-json\/wp\/v2\/product_brand?post=9404"},{"taxonomy":"product_cat","embeddable":true,"href":"https:\/\/valika.eu\/fi\/wp-json\/wp\/v2\/product_cat?post=9404"},{"taxonomy":"product_tag","embeddable":true,"href":"https:\/\/valika.eu\/fi\/wp-json\/wp\/v2\/product_tag?post=9404"}],"curies":[{"name":"wp","href":"https:\/\/api.w.org\/{rel}","templated":true}]}}