{"id":9424,"date":"2024-10-16T21:39:04","date_gmt":"2024-10-16T18:39:04","guid":{"rendered":"https:\/\/valika.eu\/?post_type=product&#038;p=9424"},"modified":"2025-09-30T08:19:18","modified_gmt":"2025-09-30T05:19:18","slug":"sterisept-korgastme-desinfektsiooni-kontsentraat-instrumentidele-1000ml","status":"publish","type":"product","link":"https:\/\/valika.eu\/fi\/toode\/sterisept-korgastme-desinfektsiooni-kontsentraat-instrumentidele-1000ml\/","title":{"rendered":"Sterisept korkeatasoinen desinfiointitiiviste instrumenteille 1000ml"},"content":{"rendered":"<p>STERISEPT on fenoli-, aldehydi- ja fosfaatiton nestem\u00e4inen konsentraatti l\u00e4mp\u00f6stabiilien ja -herkkien l\u00e4\u00e4ketieteellisten instrumenttien pesuun ja desinfiointiin. STERISEPT tuhoaa bakteereita (mukaan lukien <em>Mycobacterium terrae<\/em>), viruksia (mukaan lukien HBV, HIV) ja sieni\u00e4. Pinta-aktiivisten aineiden ansiosta tuotteella on hyv\u00e4t puhdistusominaisuudet. Se on materiaalille hell\u00e4varainen ja poistaa tehokkaasti veren, proteiinit, eritteet ja rasvat l\u00e4\u00e4ketieteellisist\u00e4 instrumenteista. Huuhdeltaessa se poistuu materiaaleista nopeasti ja t\u00e4ysin.<\/p>\n<p>K\u00e4ytet\u00e4\u00e4n l\u00e4\u00e4ketieteellisten instrumenttien, kuten endoskooppien, optisten instrumenttien ja niiden apuv\u00e4lineiden, bronkoskooppien, biopsialenkkien ja -pihteiden, intubaatioputkien, laryngoskooppien, imuletkujen, munuaisastioiden, alusastioiden, laboratoriov\u00e4lineiden, hammasl\u00e4\u00e4ketieteellisten instrumenttien jne. desinfiointiin ja pesuun. Sopii k\u00e4ytett\u00e4v\u00e4ksi kaikissa ruostumattomasta ter\u00e4ksest\u00e4 valmistetuissa ultra\u00e4\u00e4nikylvyiss\u00e4 sek\u00e4 endoskooppien pesukoneissa. Konepesussa suositellaan lis\u00e4\u00e4m\u00e4\u00e4n vaahdonestoainetta.<\/p>\n<p>Lyhyt desinfiointiaika ja matalat pitoisuudet mahdollistavat taloudellisen k\u00e4yt\u00f6n.<\/p>\n<p><strong>K\u00e4ytt\u00f6ohjeet:<\/strong> Aseta k\u00e4yt\u00f6n j\u00e4lkeen avoimet instrumentit suljettavaan astiaan, joka on t\u00e4ytetty STERISEPT-ty\u00f6liuoksella. Varmista, ett\u00e4 instrumenttien kaikki pinnat ovat liuoksen peitossa. Vaikutusajan j\u00e4lkeen huuhtele (tarvittaessa) steriilill\u00e4 tai juoksevalla vedell\u00e4.<\/p>\n<p><strong>Korkean tason desinfiointi saastuneilla pinnoilla:<\/strong><\/p>\n<ul>\n<li>3% (30 ml 1 litraan vett\u00e4) \u2013 vaikutusaika: 15 minuuttia<\/li>\n<li>2% (20 ml 1 litraan vett\u00e4) \u2013 vaikutusaika: 30 minuuttia<\/li>\n<li>1% (10 ml 1 litraan vett\u00e4) \u2013 vaikutusaika: 60 minuuttia<\/li>\n<\/ul>\n<p>Ty\u00f6liuokset valmistetaan laimentamalla konsentraatti veteen (huoneenl\u00e4mp\u00f6isess\u00e4). Valmis ty\u00f6liuos s\u00e4ilyy suljettuna 14 p\u00e4iv\u00e4\u00e4, k\u00e4yt\u00f6ss\u00e4 olevan liuoksen voi k\u00e4ytt\u00e4\u00e4 7 p\u00e4iv\u00e4n aikana. Vaihda liuos saastumisen mukaan. Aine tulee s\u00e4ilytt\u00e4\u00e4 tiiviisti suljetuissa astioissa, v\u00e4hint\u00e4\u00e4n +5\u00baC<\/p>\n<div><\/div>\n<p>l\u00e4mp\u00f6tilassa.<\/p>\n<p>STERISEPT ei sovi k\u00e4ytett\u00e4v\u00e4ksi aldehydien kanssa, joten v\u00e4lt\u00e4 t\u00e4llaisten tuotteiden k\u00e4ytt\u00f6\u00e4 ennen ja j\u00e4lkeen STERISEPT-desinfioinnin.<\/p>\n<p><strong>Ainesosaluettelo:<\/strong> Kvatern\u00e4\u00e4riset ammoniumyhdisteet, piperatsiini, dodekyyliamiini, liuottimet, ionittomat tensidit, korroosionestoaineet, kompleksinmuodostajat.<\/p>\n<p><strong>Varoitukset ja varotoimet:<\/strong> Haitallinen nieltyn\u00e4. Aiheuttaa ihosy\u00f6pym\u00e4\u00e4 ja silm\u00e4vaurioita. K\u00e4yt\u00e4 suojak\u00e4sineit\u00e4. Ihokosketuksessa poista saastuneet vaatteet ja keng\u00e4t, ja huuhtele iho runsaalla vedell\u00e4 ja neutraalilla saippualla. Jos ainetta joutuu silmiin, huuhtele silm\u00e4t huolellisesti haalealla vedell\u00e4 v\u00e4hint\u00e4\u00e4n 15 minuuttia. Vakavissa tapauksissa k\u00e4\u00e4nny l\u00e4\u00e4k\u00e4rin puoleen. S\u00e4ilyt\u00e4 lasten ulottumattomissa.<\/p>\n<p><strong>S\u00e4ilytysolosuhteet:<\/strong> S\u00e4ilyt\u00e4 huoneenl\u00e4mm\u00f6ss\u00e4, auringonvalolta suojattuna ja suljettuna.<\/p>\n<p><strong>Pakkauksen sis\u00e4lt\u00f6:<\/strong> Desinfiointiliuos 1 litran pullossa.<\/p>\n<p><strong>Valmistaja tai valtuutettu edustaja:<\/strong> AS CHEMI-PHARM, T\u00e4nassilma tee 11, T\u00e4nassilma, 76406 Harjun maakunta, Viro.<br \/>\nPuh.: +372 6778 806. Faksi: +372 6778 807, <a rel=\"noopener\">chemi-pharm@chemi-pharm.com<\/a>.<\/p>","protected":false},"excerpt":{"rendered":"<p>nestem\u00e4inen konsentraatti l\u00e4mp\u00f6stabiilien ja labiilien l\u00e4\u00e4ketieteellisten instrumenttien pesuun ja desinfiointiin.<\/p>\n","protected":false},"featured_media":9425,"template":"","meta":[],"product_brand":[],"product_cat":[599],"product_tag":[],"class_list":{"0":"post-9424","1":"product","2":"type-product","3":"status-publish","4":"has-post-thumbnail","6":"product_cat-desinfitseerimisvahendid","8":"first","9":"instock","10":"taxable","11":"shipping-taxable","12":"purchasable","13":"product-type-simple"},"yoast_head":"<!-- This site is optimized with the Yoast SEO plugin v24.4 - https:\/\/yoast.com\/wordpress\/plugins\/seo\/ -->\n<title>Sterisept korkeatasoinen desinfiointitiiviste instrumenteille 1000ml | Valika<\/title>\n<meta name=\"description\" content=\"vedel kontsentraat termostabiilsete ja \u2013labiilsete meditsiiniinstrumentide pesemiseks ja desinfitsiooniks.\" \/>\n<meta name=\"robots\" content=\"index, follow, max-snippet:-1, max-image-preview:large, max-video-preview:-1\" \/>\n<link rel=\"canonical\" href=\"https:\/\/valika.eu\/fi\/toode\/sterisept-korgastme-desinfektsiooni-kontsentraat-instrumentidele-1000ml\/\" \/>\n<meta property=\"og:locale\" content=\"fi_FI\" \/>\n<meta property=\"og:type\" content=\"article\" \/>\n<meta property=\"og:title\" content=\"Sterisept korkeatasoinen desinfiointitiiviste instrumenteille 1000ml | Valika\" \/>\n<meta property=\"og:description\" content=\"vedel kontsentraat termostabiilsete ja \u2013labiilsete meditsiiniinstrumentide pesemiseks ja desinfitsiooniks.\" \/>\n<meta property=\"og:url\" content=\"https:\/\/valika.eu\/fi\/toode\/sterisept-korgastme-desinfektsiooni-kontsentraat-instrumentidele-1000ml\/\" \/>\n<meta property=\"og:site_name\" content=\"Valika\" \/>\n<meta property=\"article:publisher\" content=\"https:\/\/www.facebook.com\/tipsi.net\" \/>\n<meta property=\"article:modified_time\" content=\"2025-09-30T05:19:18+00:00\" \/>\n<meta property=\"og:image\" content=\"https:\/\/valika.eu\/wp-content\/uploads\/2024\/10\/instrumendi_steriliseeri-2.jpg\" \/>\n\t<meta property=\"og:image:width\" content=\"800\" \/>\n\t<meta property=\"og:image:height\" content=\"800\" \/>\n\t<meta property=\"og:image:type\" content=\"image\/jpeg\" \/>\n<meta name=\"twitter:card\" content=\"summary_large_image\" \/>\n<script type=\"application\/ld+json\" class=\"yoast-schema-graph\">{\"@context\":\"https:\/\/schema.org\",\"@graph\":[{\"@type\":\"WebPage\",\"@id\":\"https:\/\/valika.eu\/fi\/toode\/sterisept-korgastme-desinfektsiooni-kontsentraat-instrumentidele-1000ml\/\",\"url\":\"https:\/\/valika.eu\/fi\/toode\/sterisept-korgastme-desinfektsiooni-kontsentraat-instrumentidele-1000ml\/\",\"name\":\"Sterisept korkeatasoinen desinfiointitiiviste instrumenteille 1000ml | Valika\",\"isPartOf\":{\"@id\":\"https:\/\/valika.eu\/fi\/#website\"},\"primaryImageOfPage\":{\"@id\":\"https:\/\/valika.eu\/fi\/toode\/sterisept-korgastme-desinfektsiooni-kontsentraat-instrumentidele-1000ml\/#primaryimage\"},\"image\":{\"@id\":\"https:\/\/valika.eu\/toode\/sterisept-korgastme-desinfektsiooni-kontsentraat-instrumentidele-1000ml\/#primaryimage\"},\"thumbnailUrl\":\"https:\/\/valika.eu\/wp-content\/uploads\/2024\/10\/instrumendi_steriliseeri-2.jpg\",\"datePublished\":\"2024-10-16T18:39:04+00:00\",\"dateModified\":\"2025-09-30T05:19:18+00:00\",\"description\":\"vedel kontsentraat termostabiilsete ja \u2013labiilsete meditsiiniinstrumentide pesemiseks ja desinfitsiooniks.\",\"breadcrumb\":{\"@id\":\"https:\/\/valika.eu\/fi\/toode\/sterisept-korgastme-desinfektsiooni-kontsentraat-instrumentidele-1000ml\/#breadcrumb\"},\"inLanguage\":\"fi\",\"potentialAction\":[{\"@type\":\"ReadAction\",\"target\":[[\"https:\/\/valika.eu\/fi\/toode\/sterisept-korgastme-desinfektsiooni-kontsentraat-instrumentidele-1000ml\/\"]]}]},{\"@type\":\"ImageObject\",\"inLanguage\":\"fi\",\"@id\":\"https:\/\/valika.eu\/fi\/toode\/sterisept-korgastme-desinfektsiooni-kontsentraat-instrumentidele-1000ml\/#primaryimage\",\"url\":\"https:\/\/valika.eu\/wp-content\/uploads\/2024\/10\/instrumendi_steriliseeri-2.jpg\",\"contentUrl\":\"https:\/\/valika.eu\/wp-content\/uploads\/2024\/10\/instrumendi_steriliseeri-2.jpg\",\"width\":800,\"height\":800,\"caption\":\"Sterisept\"},{\"@type\":\"BreadcrumbList\",\"@id\":\"https:\/\/valika.eu\/fi\/toode\/sterisept-korgastme-desinfektsiooni-kontsentraat-instrumentidele-1000ml\/#breadcrumb\",\"itemListElement\":[{\"@type\":\"ListItem\",\"position\":1,\"name\":\"Koti\",\"item\":\"https:\/\/valika.eu\/fi\/\"},{\"@type\":\"ListItem\",\"position\":2,\"name\":\"Shop\",\"item\":\"https:\/\/valika.eu\/fi\/\"},{\"@type\":\"ListItem\",\"position\":3,\"name\":\"Sterisept high level disinfection concentrate for instruments 1000ml\"}]},{\"@type\":\"WebSite\",\"@id\":\"https:\/\/valika.eu\/fi\/#website\",\"url\":\"https:\/\/valika.eu\/fi\/\",\"name\":\"Valika.eu\",\"description\":\"Salonkituotteet ja kauneudenhoitotuotteet - Valika tarjoaa laajan valikoiman tuotteita ja tarvikkeita kynsiteknikoille, kauneushoitoloille, kampaamoille ja kampaamoille.\",\"publisher\":{\"@id\":\"https:\/\/valika.eu\/fi\/#organization\"},\"alternateName\":\"Valika\",\"potentialAction\":[{\"@type\":\"SearchAction\",\"target\":{\"@type\":\"EntryPoint\",\"urlTemplate\":\"https:\/\/valika.eu\/fi\/?s={search_term_string}\"},\"query-input\":{\"@type\":\"PropertyValueSpecification\",\"valueRequired\":true,\"valueName\":\"search_term_string\"}}],\"inLanguage\":\"fi\"},{\"@type\":\"Organization\",\"@id\":\"https:\/\/valika.eu\/fi\/#organization\",\"name\":\"Salongitoode O\u00dc\",\"alternateName\":\"Valika\",\"url\":\"https:\/\/valika.eu\/fi\/\",\"logo\":{\"@type\":\"ImageObject\",\"inLanguage\":\"fi\",\"@id\":\"https:\/\/valika.eu\/fi\/#\/schema\/logo\/image\/\",\"url\":\"https:\/\/valika.eu\/wp-content\/uploads\/2023\/11\/logo2-valika-footer.png\",\"contentUrl\":\"https:\/\/valika.eu\/wp-content\/uploads\/2023\/11\/logo2-valika-footer.png\",\"width\":200,\"height\":129,\"caption\":\"Salongitoode O\u00dc\"},\"image\":{\"@id\":\"https:\/\/valika.eu\/fi\/#\/schema\/logo\/image\/\"},\"sameAs\":[\"https:\/\/www.facebook.com\/tipsi.net\"]}]}<\/script>\n<!-- \/ Yoast SEO plugin. -->","yoast_head_json":{"title":"Sterisept korkeatasoinen desinfiointitiiviste instrumenteille 1000ml | Valika","description":"vedel kontsentraat termostabiilsete ja \u2013labiilsete meditsiiniinstrumentide pesemiseks ja desinfitsiooniks.","robots":{"index":"index","follow":"follow","max-snippet":"max-snippet:-1","max-image-preview":"max-image-preview:large","max-video-preview":"max-video-preview:-1"},"canonical":"https:\/\/valika.eu\/fi\/toode\/sterisept-korgastme-desinfektsiooni-kontsentraat-instrumentidele-1000ml\/","og_locale":"fi_FI","og_type":"article","og_title":"Sterisept korkeatasoinen desinfiointitiiviste instrumenteille 1000ml | Valika","og_description":"vedel kontsentraat termostabiilsete ja \u2013labiilsete meditsiiniinstrumentide pesemiseks ja desinfitsiooniks.","og_url":"https:\/\/valika.eu\/fi\/toode\/sterisept-korgastme-desinfektsiooni-kontsentraat-instrumentidele-1000ml\/","og_site_name":"Valika","article_publisher":"https:\/\/www.facebook.com\/tipsi.net","article_modified_time":"2025-09-30T05:19:18+00:00","og_image":[{"width":800,"height":800,"url":"https:\/\/valika.eu\/wp-content\/uploads\/2024\/10\/instrumendi_steriliseeri-2.jpg","type":"image\/jpeg"}],"twitter_card":"summary_large_image","schema":{"@context":"https:\/\/schema.org","@graph":[{"@type":"WebPage","@id":"https:\/\/valika.eu\/fi\/toode\/sterisept-korgastme-desinfektsiooni-kontsentraat-instrumentidele-1000ml\/","url":"https:\/\/valika.eu\/fi\/toode\/sterisept-korgastme-desinfektsiooni-kontsentraat-instrumentidele-1000ml\/","name":"Sterisept korkeatasoinen desinfiointitiiviste instrumenteille 1000ml | Valika","isPartOf":{"@id":"https:\/\/valika.eu\/fi\/#website"},"primaryImageOfPage":{"@id":"https:\/\/valika.eu\/fi\/toode\/sterisept-korgastme-desinfektsiooni-kontsentraat-instrumentidele-1000ml\/#primaryimage"},"image":{"@id":"https:\/\/valika.eu\/toode\/sterisept-korgastme-desinfektsiooni-kontsentraat-instrumentidele-1000ml\/#primaryimage"},"thumbnailUrl":"https:\/\/valika.eu\/wp-content\/uploads\/2024\/10\/instrumendi_steriliseeri-2.jpg","datePublished":"2024-10-16T18:39:04+00:00","dateModified":"2025-09-30T05:19:18+00:00","description":"vedel kontsentraat termostabiilsete ja \u2013labiilsete meditsiiniinstrumentide pesemiseks ja desinfitsiooniks.","breadcrumb":{"@id":"https:\/\/valika.eu\/fi\/toode\/sterisept-korgastme-desinfektsiooni-kontsentraat-instrumentidele-1000ml\/#breadcrumb"},"inLanguage":"fi","potentialAction":[{"@type":"ReadAction","target":[["https:\/\/valika.eu\/fi\/toode\/sterisept-korgastme-desinfektsiooni-kontsentraat-instrumentidele-1000ml\/"]]}]},{"@type":"ImageObject","inLanguage":"fi","@id":"https:\/\/valika.eu\/fi\/toode\/sterisept-korgastme-desinfektsiooni-kontsentraat-instrumentidele-1000ml\/#primaryimage","url":"https:\/\/valika.eu\/wp-content\/uploads\/2024\/10\/instrumendi_steriliseeri-2.jpg","contentUrl":"https:\/\/valika.eu\/wp-content\/uploads\/2024\/10\/instrumendi_steriliseeri-2.jpg","width":800,"height":800,"caption":"Sterisept"},{"@type":"BreadcrumbList","@id":"https:\/\/valika.eu\/fi\/toode\/sterisept-korgastme-desinfektsiooni-kontsentraat-instrumentidele-1000ml\/#breadcrumb","itemListElement":[{"@type":"ListItem","position":1,"name":"Koti","item":"https:\/\/valika.eu\/fi\/"},{"@type":"ListItem","position":2,"name":"Shop","item":"https:\/\/valika.eu\/fi\/"},{"@type":"ListItem","position":3,"name":"Sterisept high level disinfection concentrate for instruments 1000ml"}]},{"@type":"WebSite","@id":"https:\/\/valika.eu\/fi\/#website","url":"https:\/\/valika.eu\/fi\/","name":"Valika.eu","description":"Salonkituotteet ja kauneudenhoitotuotteet - Valika tarjoaa laajan valikoiman tuotteita ja tarvikkeita kynsiteknikoille, kauneushoitoloille, kampaamoille ja kampaamoille.","publisher":{"@id":"https:\/\/valika.eu\/fi\/#organization"},"alternateName":"Valika","potentialAction":[{"@type":"SearchAction","target":{"@type":"EntryPoint","urlTemplate":"https:\/\/valika.eu\/fi\/?s={search_term_string}"},"query-input":{"@type":"PropertyValueSpecification","valueRequired":true,"valueName":"search_term_string"}}],"inLanguage":"fi"},{"@type":"Organization","@id":"https:\/\/valika.eu\/fi\/#organization","name":"Salongitoode O\u00dc","alternateName":"Valika","url":"https:\/\/valika.eu\/fi\/","logo":{"@type":"ImageObject","inLanguage":"fi","@id":"https:\/\/valika.eu\/fi\/#\/schema\/logo\/image\/","url":"https:\/\/valika.eu\/wp-content\/uploads\/2023\/11\/logo2-valika-footer.png","contentUrl":"https:\/\/valika.eu\/wp-content\/uploads\/2023\/11\/logo2-valika-footer.png","width":200,"height":129,"caption":"Salongitoode O\u00dc"},"image":{"@id":"https:\/\/valika.eu\/fi\/#\/schema\/logo\/image\/"},"sameAs":["https:\/\/www.facebook.com\/tipsi.net"]}]}},"jetpack_sharing_enabled":true,"_links":{"self":[{"href":"https:\/\/valika.eu\/fi\/wp-json\/wp\/v2\/product\/9424","targetHints":{"allow":["GET"]}}],"collection":[{"href":"https:\/\/valika.eu\/fi\/wp-json\/wp\/v2\/product"}],"about":[{"href":"https:\/\/valika.eu\/fi\/wp-json\/wp\/v2\/types\/product"}],"wp:featuredmedia":[{"embeddable":true,"href":"https:\/\/valika.eu\/fi\/wp-json\/wp\/v2\/media\/9425"}],"wp:attachment":[{"href":"https:\/\/valika.eu\/fi\/wp-json\/wp\/v2\/media?parent=9424"}],"wp:term":[{"taxonomy":"product_brand","embeddable":true,"href":"https:\/\/valika.eu\/fi\/wp-json\/wp\/v2\/product_brand?post=9424"},{"taxonomy":"product_cat","embeddable":true,"href":"https:\/\/valika.eu\/fi\/wp-json\/wp\/v2\/product_cat?post=9424"},{"taxonomy":"product_tag","embeddable":true,"href":"https:\/\/valika.eu\/fi\/wp-json\/wp\/v2\/product_tag?post=9424"}],"curies":[{"name":"wp","href":"https:\/\/api.w.org\/{rel}","templated":true}]}}