{"id":9429,"date":"2024-10-16T23:03:23","date_gmt":"2024-10-16T20:03:23","guid":{"rendered":"https:\/\/valika.eu\/?post_type=product&#038;p=9429"},"modified":"2025-07-02T05:03:32","modified_gmt":"2025-07-02T02:03:32","slug":"madratsikaitselina-paber-pe-pes-lamineeritud-75x210cm-tk","status":"publish","type":"product","link":"https:\/\/valika.eu\/fi\/toode\/madratsikaitselina-paber-pe-pes-lamineeritud-75x210cm-tk\/","title":{"rendered":"Kirurginen patjan p\u00e4\u00e4llinen laminoitu 75x210cm 1kpl"},"content":{"rendered":"<p>Kertak\u00e4ytt\u00f6inen paperitaustainen PE-patjasuoja, joka on kest\u00e4v\u00e4, repeytym\u00e4t\u00f6n ja vedenpit\u00e4v\u00e4. Soveltuu k\u00e4ytett\u00e4v\u00e4ksi hoitolaitoksissa (sairaalan s\u00e4ngyiss\u00e4, steriilin lakanan alla leikkauksen aikana, toimenpidep\u00f6yd\u00e4ll\u00e4) sek\u00e4 esimerkiksi kauneuspalveluissa.<\/p>\n<p>Myyd\u00e4\u00e4n kappaleittain, laatikossa 200 kpl.<\/p>","protected":false},"excerpt":{"rendered":"<p>-Materiaali: paperi, pohja laminoitu PE<\/p>\n<p>&#8211; Mitat 75 x 210 cm<\/p>\n<p>&#8211; Repe\u00e4misen kest\u00e4v\u00e4<\/p>\n<p>-Vedenpit\u00e4v\u00e4<\/p>\n","protected":false},"featured_media":9431,"template":"","meta":[],"product_brand":[],"product_cat":[346],"product_tag":[],"class_list":{"0":"post-9429","1":"product","2":"type-product","3":"status-publish","4":"has-post-thumbnail","6":"product_cat-voodilina-voodikate","8":"first","9":"instock","10":"taxable","11":"shipping-taxable","12":"purchasable","13":"product-type-simple"},"yoast_head":"<!-- This site is optimized with the Yoast SEO plugin v24.4 - https:\/\/yoast.com\/wordpress\/plugins\/seo\/ -->\n<title>Kirurginen patjan p\u00e4\u00e4llinen laminoitu 75x210cm 1kpl | Valika<\/title>\n<meta name=\"robots\" content=\"index, follow, max-snippet:-1, max-image-preview:large, max-video-preview:-1\" \/>\n<link rel=\"canonical\" href=\"https:\/\/valika.eu\/fi\/toode\/madratsikaitselina-paber-pe-pes-lamineeritud-75x210cm-tk\/\" \/>\n<meta property=\"og:locale\" content=\"fi_FI\" \/>\n<meta property=\"og:type\" content=\"article\" \/>\n<meta property=\"og:title\" content=\"Kirurginen patjan p\u00e4\u00e4llinen laminoitu 75x210cm 1kpl | Valika\" \/>\n<meta property=\"og:description\" content=\"-Materiaali: paperi, pohja laminoitu PE  - Mitat 75 x 210 cm  - Repe\u00e4misen kest\u00e4v\u00e4  -Vedenpit\u00e4v\u00e4\" \/>\n<meta property=\"og:url\" content=\"https:\/\/valika.eu\/fi\/toode\/madratsikaitselina-paber-pe-pes-lamineeritud-75x210cm-tk\/\" \/>\n<meta property=\"og:site_name\" content=\"Valika\" \/>\n<meta property=\"article:publisher\" content=\"https:\/\/www.facebook.com\/tipsi.net\" \/>\n<meta property=\"article:modified_time\" content=\"2025-07-02T02:03:32+00:00\" \/>\n<meta property=\"og:image\" content=\"https:\/\/valika.eu\/wp-content\/uploads\/2024\/10\/52733-1-einmal-tragelaken-1.webp\" \/>\n\t<meta property=\"og:image:width\" content=\"1000\" \/>\n\t<meta property=\"og:image:height\" content=\"1000\" \/>\n\t<meta property=\"og:image:type\" content=\"image\/webp\" \/>\n<meta name=\"twitter:card\" content=\"summary_large_image\" \/>\n<script type=\"application\/ld+json\" class=\"yoast-schema-graph\">{\"@context\":\"https:\/\/schema.org\",\"@graph\":[{\"@type\":\"WebPage\",\"@id\":\"https:\/\/valika.eu\/fi\/toode\/madratsikaitselina-paber-pe-pes-lamineeritud-75x210cm-tk\/\",\"url\":\"https:\/\/valika.eu\/fi\/toode\/madratsikaitselina-paber-pe-pes-lamineeritud-75x210cm-tk\/\",\"name\":\"Kirurginen patjan p\u00e4\u00e4llinen laminoitu 75x210cm 1kpl | Valika\",\"isPartOf\":{\"@id\":\"https:\/\/valika.eu\/fi\/#website\"},\"primaryImageOfPage\":{\"@id\":\"https:\/\/valika.eu\/fi\/toode\/madratsikaitselina-paber-pe-pes-lamineeritud-75x210cm-tk\/#primaryimage\"},\"image\":{\"@id\":\"https:\/\/valika.eu\/toode\/madratsikaitselina-paber-pe-pes-lamineeritud-75x210cm-tk\/#primaryimage\"},\"thumbnailUrl\":\"https:\/\/valika.eu\/wp-content\/uploads\/2024\/10\/52733-1-einmal-tragelaken-1.webp\",\"datePublished\":\"2024-10-16T20:03:23+00:00\",\"dateModified\":\"2025-07-02T02:03:32+00:00\",\"breadcrumb\":{\"@id\":\"https:\/\/valika.eu\/fi\/toode\/madratsikaitselina-paber-pe-pes-lamineeritud-75x210cm-tk\/#breadcrumb\"},\"inLanguage\":\"fi\",\"potentialAction\":[{\"@type\":\"ReadAction\",\"target\":[[\"https:\/\/valika.eu\/fi\/toode\/madratsikaitselina-paber-pe-pes-lamineeritud-75x210cm-tk\/\"]]}]},{\"@type\":\"ImageObject\",\"inLanguage\":\"fi\",\"@id\":\"https:\/\/valika.eu\/fi\/toode\/madratsikaitselina-paber-pe-pes-lamineeritud-75x210cm-tk\/#primaryimage\",\"url\":\"https:\/\/valika.eu\/wp-content\/uploads\/2024\/10\/52733-1-einmal-tragelaken-1.webp\",\"contentUrl\":\"https:\/\/valika.eu\/wp-content\/uploads\/2024\/10\/52733-1-einmal-tragelaken-1.webp\",\"width\":1000,\"height\":1000},{\"@type\":\"BreadcrumbList\",\"@id\":\"https:\/\/valika.eu\/fi\/toode\/madratsikaitselina-paber-pe-pes-lamineeritud-75x210cm-tk\/#breadcrumb\",\"itemListElement\":[{\"@type\":\"ListItem\",\"position\":1,\"name\":\"Koti\",\"item\":\"https:\/\/valika.eu\/fi\/\"},{\"@type\":\"ListItem\",\"position\":2,\"name\":\"Shop\",\"item\":\"https:\/\/valika.eu\/fi\/\"},{\"@type\":\"ListItem\",\"position\":3,\"name\":\"Surgical matress cover, laminated 75x210cm 1pc\"}]},{\"@type\":\"WebSite\",\"@id\":\"https:\/\/valika.eu\/fi\/#website\",\"url\":\"https:\/\/valika.eu\/fi\/\",\"name\":\"Valika.eu\",\"description\":\"Salonkituotteet ja kauneudenhoitotuotteet - Valika tarjoaa laajan valikoiman tuotteita ja tarvikkeita kynsiteknikoille, kauneushoitoloille, kampaamoille ja kampaamoille.\",\"publisher\":{\"@id\":\"https:\/\/valika.eu\/fi\/#organization\"},\"alternateName\":\"Valika\",\"potentialAction\":[{\"@type\":\"SearchAction\",\"target\":{\"@type\":\"EntryPoint\",\"urlTemplate\":\"https:\/\/valika.eu\/fi\/?s={search_term_string}\"},\"query-input\":{\"@type\":\"PropertyValueSpecification\",\"valueRequired\":true,\"valueName\":\"search_term_string\"}}],\"inLanguage\":\"fi\"},{\"@type\":\"Organization\",\"@id\":\"https:\/\/valika.eu\/fi\/#organization\",\"name\":\"Salongitoode O\u00dc\",\"alternateName\":\"Valika\",\"url\":\"https:\/\/valika.eu\/fi\/\",\"logo\":{\"@type\":\"ImageObject\",\"inLanguage\":\"fi\",\"@id\":\"https:\/\/valika.eu\/fi\/#\/schema\/logo\/image\/\",\"url\":\"https:\/\/valika.eu\/wp-content\/uploads\/2023\/11\/logo2-valika-footer.png\",\"contentUrl\":\"https:\/\/valika.eu\/wp-content\/uploads\/2023\/11\/logo2-valika-footer.png\",\"width\":200,\"height\":129,\"caption\":\"Salongitoode O\u00dc\"},\"image\":{\"@id\":\"https:\/\/valika.eu\/fi\/#\/schema\/logo\/image\/\"},\"sameAs\":[\"https:\/\/www.facebook.com\/tipsi.net\"]}]}<\/script>\n<!-- \/ Yoast SEO plugin. -->","yoast_head_json":{"title":"Kirurginen patjan p\u00e4\u00e4llinen laminoitu 75x210cm 1kpl | Valika","robots":{"index":"index","follow":"follow","max-snippet":"max-snippet:-1","max-image-preview":"max-image-preview:large","max-video-preview":"max-video-preview:-1"},"canonical":"https:\/\/valika.eu\/fi\/toode\/madratsikaitselina-paber-pe-pes-lamineeritud-75x210cm-tk\/","og_locale":"fi_FI","og_type":"article","og_title":"Kirurginen patjan p\u00e4\u00e4llinen laminoitu 75x210cm 1kpl | Valika","og_description":"-Materiaali: paperi, pohja laminoitu PE  - Mitat 75 x 210 cm  - Repe\u00e4misen kest\u00e4v\u00e4  -Vedenpit\u00e4v\u00e4","og_url":"https:\/\/valika.eu\/fi\/toode\/madratsikaitselina-paber-pe-pes-lamineeritud-75x210cm-tk\/","og_site_name":"Valika","article_publisher":"https:\/\/www.facebook.com\/tipsi.net","article_modified_time":"2025-07-02T02:03:32+00:00","og_image":[{"width":1000,"height":1000,"url":"https:\/\/valika.eu\/wp-content\/uploads\/2024\/10\/52733-1-einmal-tragelaken-1.webp","type":"image\/webp"}],"twitter_card":"summary_large_image","schema":{"@context":"https:\/\/schema.org","@graph":[{"@type":"WebPage","@id":"https:\/\/valika.eu\/fi\/toode\/madratsikaitselina-paber-pe-pes-lamineeritud-75x210cm-tk\/","url":"https:\/\/valika.eu\/fi\/toode\/madratsikaitselina-paber-pe-pes-lamineeritud-75x210cm-tk\/","name":"Kirurginen patjan p\u00e4\u00e4llinen laminoitu 75x210cm 1kpl | Valika","isPartOf":{"@id":"https:\/\/valika.eu\/fi\/#website"},"primaryImageOfPage":{"@id":"https:\/\/valika.eu\/fi\/toode\/madratsikaitselina-paber-pe-pes-lamineeritud-75x210cm-tk\/#primaryimage"},"image":{"@id":"https:\/\/valika.eu\/toode\/madratsikaitselina-paber-pe-pes-lamineeritud-75x210cm-tk\/#primaryimage"},"thumbnailUrl":"https:\/\/valika.eu\/wp-content\/uploads\/2024\/10\/52733-1-einmal-tragelaken-1.webp","datePublished":"2024-10-16T20:03:23+00:00","dateModified":"2025-07-02T02:03:32+00:00","breadcrumb":{"@id":"https:\/\/valika.eu\/fi\/toode\/madratsikaitselina-paber-pe-pes-lamineeritud-75x210cm-tk\/#breadcrumb"},"inLanguage":"fi","potentialAction":[{"@type":"ReadAction","target":[["https:\/\/valika.eu\/fi\/toode\/madratsikaitselina-paber-pe-pes-lamineeritud-75x210cm-tk\/"]]}]},{"@type":"ImageObject","inLanguage":"fi","@id":"https:\/\/valika.eu\/fi\/toode\/madratsikaitselina-paber-pe-pes-lamineeritud-75x210cm-tk\/#primaryimage","url":"https:\/\/valika.eu\/wp-content\/uploads\/2024\/10\/52733-1-einmal-tragelaken-1.webp","contentUrl":"https:\/\/valika.eu\/wp-content\/uploads\/2024\/10\/52733-1-einmal-tragelaken-1.webp","width":1000,"height":1000},{"@type":"BreadcrumbList","@id":"https:\/\/valika.eu\/fi\/toode\/madratsikaitselina-paber-pe-pes-lamineeritud-75x210cm-tk\/#breadcrumb","itemListElement":[{"@type":"ListItem","position":1,"name":"Koti","item":"https:\/\/valika.eu\/fi\/"},{"@type":"ListItem","position":2,"name":"Shop","item":"https:\/\/valika.eu\/fi\/"},{"@type":"ListItem","position":3,"name":"Surgical matress cover, laminated 75x210cm 1pc"}]},{"@type":"WebSite","@id":"https:\/\/valika.eu\/fi\/#website","url":"https:\/\/valika.eu\/fi\/","name":"Valika.eu","description":"Salonkituotteet ja kauneudenhoitotuotteet - Valika tarjoaa laajan valikoiman tuotteita ja tarvikkeita kynsiteknikoille, kauneushoitoloille, kampaamoille ja kampaamoille.","publisher":{"@id":"https:\/\/valika.eu\/fi\/#organization"},"alternateName":"Valika","potentialAction":[{"@type":"SearchAction","target":{"@type":"EntryPoint","urlTemplate":"https:\/\/valika.eu\/fi\/?s={search_term_string}"},"query-input":{"@type":"PropertyValueSpecification","valueRequired":true,"valueName":"search_term_string"}}],"inLanguage":"fi"},{"@type":"Organization","@id":"https:\/\/valika.eu\/fi\/#organization","name":"Salongitoode O\u00dc","alternateName":"Valika","url":"https:\/\/valika.eu\/fi\/","logo":{"@type":"ImageObject","inLanguage":"fi","@id":"https:\/\/valika.eu\/fi\/#\/schema\/logo\/image\/","url":"https:\/\/valika.eu\/wp-content\/uploads\/2023\/11\/logo2-valika-footer.png","contentUrl":"https:\/\/valika.eu\/wp-content\/uploads\/2023\/11\/logo2-valika-footer.png","width":200,"height":129,"caption":"Salongitoode O\u00dc"},"image":{"@id":"https:\/\/valika.eu\/fi\/#\/schema\/logo\/image\/"},"sameAs":["https:\/\/www.facebook.com\/tipsi.net"]}]}},"jetpack_sharing_enabled":true,"_links":{"self":[{"href":"https:\/\/valika.eu\/fi\/wp-json\/wp\/v2\/product\/9429","targetHints":{"allow":["GET"]}}],"collection":[{"href":"https:\/\/valika.eu\/fi\/wp-json\/wp\/v2\/product"}],"about":[{"href":"https:\/\/valika.eu\/fi\/wp-json\/wp\/v2\/types\/product"}],"wp:featuredmedia":[{"embeddable":true,"href":"https:\/\/valika.eu\/fi\/wp-json\/wp\/v2\/media\/9431"}],"wp:attachment":[{"href":"https:\/\/valika.eu\/fi\/wp-json\/wp\/v2\/media?parent=9429"}],"wp:term":[{"taxonomy":"product_brand","embeddable":true,"href":"https:\/\/valika.eu\/fi\/wp-json\/wp\/v2\/product_brand?post=9429"},{"taxonomy":"product_cat","embeddable":true,"href":"https:\/\/valika.eu\/fi\/wp-json\/wp\/v2\/product_cat?post=9429"},{"taxonomy":"product_tag","embeddable":true,"href":"https:\/\/valika.eu\/fi\/wp-json\/wp\/v2\/product_tag?post=9429"}],"curies":[{"name":"wp","href":"https:\/\/api.w.org\/{rel}","templated":true}]}}