{"id":9440,"date":"2024-10-17T11:27:13","date_gmt":"2024-10-17T08:27:13","guid":{"rendered":"https:\/\/valika.eu\/?post_type=product&#038;p=9440"},"modified":"2025-10-21T15:11:55","modified_gmt":"2025-10-21T12:11:55","slug":"puupulgad-100-tk","status":"publish","type":"product","link":"https:\/\/valika.eu\/fi\/toode\/puupulgad-100-tk\/","title":{"rendered":"Puutikut \u2013 100 kpl"},"content":{"rendered":"<p>Tikut ovat korvaamaton ty\u00f6kalu manikyyriin ja pedikyyriin. Niit\u00e4 k\u00e4ytet\u00e4\u00e4n kynsilevyn ja kynsinauhojen puhdistamiseen ihopoimuista, p\u00f6lyst\u00e4 ja lialta. tikkuja voidaan k\u00e4ytt\u00e4\u00e4 my\u00f6s koristeellisten kuvioiden luomiseen kynsiin, kuten pilkkuja, kuvioita ja aaltoilevia linjoja.<\/p>\n<p>11,5 cm<\/p>","protected":false},"excerpt":{"rendered":"<p>Kynsinauhotikut siirt\u00e4v\u00e4t kynsinauhan helposti pois kynsilevyst\u00e4 vahingoittamatta sit\u00e4, toisin kuin metallity\u00f6kalut.<\/p>\n","protected":false},"featured_media":9441,"template":"","meta":[],"product_brand":[],"product_cat":[630],"product_tag":[],"class_list":{"0":"post-9440","1":"product","2":"type-product","3":"status-publish","4":"has-post-thumbnail","6":"product_cat-protseduurivahendid","8":"first","9":"instock","10":"taxable","11":"shipping-taxable","12":"purchasable","13":"product-type-simple"},"yoast_head":"<!-- This site is optimized with the Yoast SEO plugin v24.4 - https:\/\/yoast.com\/wordpress\/plugins\/seo\/ -->\n<title>Puutikut \u2013 100 kpl | Valika<\/title>\n<meta name=\"robots\" content=\"index, follow, max-snippet:-1, max-image-preview:large, max-video-preview:-1\" \/>\n<link rel=\"canonical\" href=\"https:\/\/valika.eu\/fi\/toode\/puupulgad-100-tk\/\" \/>\n<meta property=\"og:locale\" content=\"fi_FI\" \/>\n<meta property=\"og:type\" content=\"article\" \/>\n<meta property=\"og:title\" content=\"Puutikut \u2013 100 kpl | Valika\" \/>\n<meta property=\"og:description\" content=\"Kynsinauhotikut siirt\u00e4v\u00e4t kynsinauhan helposti pois kynsilevyst\u00e4 vahingoittamatta sit\u00e4, toisin kuin metallity\u00f6kalut.\" \/>\n<meta property=\"og:url\" content=\"https:\/\/valika.eu\/fi\/toode\/puupulgad-100-tk\/\" \/>\n<meta property=\"og:site_name\" content=\"Valika\" \/>\n<meta property=\"article:publisher\" content=\"https:\/\/www.facebook.com\/tipsi.net\" \/>\n<meta property=\"article:modified_time\" content=\"2025-10-21T12:11:55+00:00\" \/>\n<meta property=\"og:image\" content=\"https:\/\/valika.eu\/wp-content\/uploads\/2024\/10\/apelsiinipuupulgad_-5.jpg\" \/>\n\t<meta property=\"og:image:width\" content=\"800\" \/>\n\t<meta property=\"og:image:height\" content=\"800\" \/>\n\t<meta property=\"og:image:type\" content=\"image\/jpeg\" \/>\n<meta name=\"twitter:card\" content=\"summary_large_image\" \/>\n<script type=\"application\/ld+json\" class=\"yoast-schema-graph\">{\"@context\":\"https:\/\/schema.org\",\"@graph\":[{\"@type\":\"WebPage\",\"@id\":\"https:\/\/valika.eu\/fi\/toode\/puupulgad-100-tk\/\",\"url\":\"https:\/\/valika.eu\/fi\/toode\/puupulgad-100-tk\/\",\"name\":\"Puutikut \u2013 100 kpl | Valika\",\"isPartOf\":{\"@id\":\"https:\/\/valika.eu\/fi\/#website\"},\"primaryImageOfPage\":{\"@id\":\"https:\/\/valika.eu\/fi\/toode\/puupulgad-100-tk\/#primaryimage\"},\"image\":{\"@id\":\"https:\/\/valika.eu\/toode\/puupulgad-100-tk\/#primaryimage\"},\"thumbnailUrl\":\"https:\/\/valika.eu\/wp-content\/uploads\/2024\/10\/apelsiinipuupulgad_-5.jpg\",\"datePublished\":\"2024-10-17T08:27:13+00:00\",\"dateModified\":\"2025-10-21T12:11:55+00:00\",\"breadcrumb\":{\"@id\":\"https:\/\/valika.eu\/fi\/toode\/puupulgad-100-tk\/#breadcrumb\"},\"inLanguage\":\"fi\",\"potentialAction\":[{\"@type\":\"ReadAction\",\"target\":[[\"https:\/\/valika.eu\/fi\/toode\/puupulgad-100-tk\/\"]]}]},{\"@type\":\"ImageObject\",\"inLanguage\":\"fi\",\"@id\":\"https:\/\/valika.eu\/fi\/toode\/puupulgad-100-tk\/#primaryimage\",\"url\":\"https:\/\/valika.eu\/wp-content\/uploads\/2024\/10\/apelsiinipuupulgad_-5.jpg\",\"contentUrl\":\"https:\/\/valika.eu\/wp-content\/uploads\/2024\/10\/apelsiinipuupulgad_-5.jpg\",\"width\":800,\"height\":800},{\"@type\":\"BreadcrumbList\",\"@id\":\"https:\/\/valika.eu\/fi\/toode\/puupulgad-100-tk\/#breadcrumb\",\"itemListElement\":[{\"@type\":\"ListItem\",\"position\":1,\"name\":\"Koti\",\"item\":\"https:\/\/valika.eu\/fi\/\"},{\"@type\":\"ListItem\",\"position\":2,\"name\":\"Shop\",\"item\":\"https:\/\/valika.eu\/fi\/\"},{\"@type\":\"ListItem\",\"position\":3,\"name\":\"Puupulgad 100 tk\"}]},{\"@type\":\"WebSite\",\"@id\":\"https:\/\/valika.eu\/fi\/#website\",\"url\":\"https:\/\/valika.eu\/fi\/\",\"name\":\"Valika.eu\",\"description\":\"Salonkituotteet ja kauneudenhoitotuotteet - Valika tarjoaa laajan valikoiman tuotteita ja tarvikkeita kynsiteknikoille, kauneushoitoloille, kampaamoille ja kampaamoille.\",\"publisher\":{\"@id\":\"https:\/\/valika.eu\/fi\/#organization\"},\"alternateName\":\"Valika\",\"potentialAction\":[{\"@type\":\"SearchAction\",\"target\":{\"@type\":\"EntryPoint\",\"urlTemplate\":\"https:\/\/valika.eu\/fi\/?s={search_term_string}\"},\"query-input\":{\"@type\":\"PropertyValueSpecification\",\"valueRequired\":true,\"valueName\":\"search_term_string\"}}],\"inLanguage\":\"fi\"},{\"@type\":\"Organization\",\"@id\":\"https:\/\/valika.eu\/fi\/#organization\",\"name\":\"Salongitoode O\u00dc\",\"alternateName\":\"Valika\",\"url\":\"https:\/\/valika.eu\/fi\/\",\"logo\":{\"@type\":\"ImageObject\",\"inLanguage\":\"fi\",\"@id\":\"https:\/\/valika.eu\/fi\/#\/schema\/logo\/image\/\",\"url\":\"https:\/\/valika.eu\/wp-content\/uploads\/2023\/11\/logo2-valika-footer.png\",\"contentUrl\":\"https:\/\/valika.eu\/wp-content\/uploads\/2023\/11\/logo2-valika-footer.png\",\"width\":200,\"height\":129,\"caption\":\"Salongitoode O\u00dc\"},\"image\":{\"@id\":\"https:\/\/valika.eu\/fi\/#\/schema\/logo\/image\/\"},\"sameAs\":[\"https:\/\/www.facebook.com\/tipsi.net\"]}]}<\/script>\n<!-- \/ Yoast SEO plugin. -->","yoast_head_json":{"title":"Puutikut \u2013 100 kpl | Valika","robots":{"index":"index","follow":"follow","max-snippet":"max-snippet:-1","max-image-preview":"max-image-preview:large","max-video-preview":"max-video-preview:-1"},"canonical":"https:\/\/valika.eu\/fi\/toode\/puupulgad-100-tk\/","og_locale":"fi_FI","og_type":"article","og_title":"Puutikut \u2013 100 kpl | Valika","og_description":"Kynsinauhotikut siirt\u00e4v\u00e4t kynsinauhan helposti pois kynsilevyst\u00e4 vahingoittamatta sit\u00e4, toisin kuin metallity\u00f6kalut.","og_url":"https:\/\/valika.eu\/fi\/toode\/puupulgad-100-tk\/","og_site_name":"Valika","article_publisher":"https:\/\/www.facebook.com\/tipsi.net","article_modified_time":"2025-10-21T12:11:55+00:00","og_image":[{"width":800,"height":800,"url":"https:\/\/valika.eu\/wp-content\/uploads\/2024\/10\/apelsiinipuupulgad_-5.jpg","type":"image\/jpeg"}],"twitter_card":"summary_large_image","schema":{"@context":"https:\/\/schema.org","@graph":[{"@type":"WebPage","@id":"https:\/\/valika.eu\/fi\/toode\/puupulgad-100-tk\/","url":"https:\/\/valika.eu\/fi\/toode\/puupulgad-100-tk\/","name":"Puutikut \u2013 100 kpl | Valika","isPartOf":{"@id":"https:\/\/valika.eu\/fi\/#website"},"primaryImageOfPage":{"@id":"https:\/\/valika.eu\/fi\/toode\/puupulgad-100-tk\/#primaryimage"},"image":{"@id":"https:\/\/valika.eu\/toode\/puupulgad-100-tk\/#primaryimage"},"thumbnailUrl":"https:\/\/valika.eu\/wp-content\/uploads\/2024\/10\/apelsiinipuupulgad_-5.jpg","datePublished":"2024-10-17T08:27:13+00:00","dateModified":"2025-10-21T12:11:55+00:00","breadcrumb":{"@id":"https:\/\/valika.eu\/fi\/toode\/puupulgad-100-tk\/#breadcrumb"},"inLanguage":"fi","potentialAction":[{"@type":"ReadAction","target":[["https:\/\/valika.eu\/fi\/toode\/puupulgad-100-tk\/"]]}]},{"@type":"ImageObject","inLanguage":"fi","@id":"https:\/\/valika.eu\/fi\/toode\/puupulgad-100-tk\/#primaryimage","url":"https:\/\/valika.eu\/wp-content\/uploads\/2024\/10\/apelsiinipuupulgad_-5.jpg","contentUrl":"https:\/\/valika.eu\/wp-content\/uploads\/2024\/10\/apelsiinipuupulgad_-5.jpg","width":800,"height":800},{"@type":"BreadcrumbList","@id":"https:\/\/valika.eu\/fi\/toode\/puupulgad-100-tk\/#breadcrumb","itemListElement":[{"@type":"ListItem","position":1,"name":"Koti","item":"https:\/\/valika.eu\/fi\/"},{"@type":"ListItem","position":2,"name":"Shop","item":"https:\/\/valika.eu\/fi\/"},{"@type":"ListItem","position":3,"name":"Puupulgad 100 tk"}]},{"@type":"WebSite","@id":"https:\/\/valika.eu\/fi\/#website","url":"https:\/\/valika.eu\/fi\/","name":"Valika.eu","description":"Salonkituotteet ja kauneudenhoitotuotteet - Valika tarjoaa laajan valikoiman tuotteita ja tarvikkeita kynsiteknikoille, kauneushoitoloille, kampaamoille ja kampaamoille.","publisher":{"@id":"https:\/\/valika.eu\/fi\/#organization"},"alternateName":"Valika","potentialAction":[{"@type":"SearchAction","target":{"@type":"EntryPoint","urlTemplate":"https:\/\/valika.eu\/fi\/?s={search_term_string}"},"query-input":{"@type":"PropertyValueSpecification","valueRequired":true,"valueName":"search_term_string"}}],"inLanguage":"fi"},{"@type":"Organization","@id":"https:\/\/valika.eu\/fi\/#organization","name":"Salongitoode O\u00dc","alternateName":"Valika","url":"https:\/\/valika.eu\/fi\/","logo":{"@type":"ImageObject","inLanguage":"fi","@id":"https:\/\/valika.eu\/fi\/#\/schema\/logo\/image\/","url":"https:\/\/valika.eu\/wp-content\/uploads\/2023\/11\/logo2-valika-footer.png","contentUrl":"https:\/\/valika.eu\/wp-content\/uploads\/2023\/11\/logo2-valika-footer.png","width":200,"height":129,"caption":"Salongitoode O\u00dc"},"image":{"@id":"https:\/\/valika.eu\/fi\/#\/schema\/logo\/image\/"},"sameAs":["https:\/\/www.facebook.com\/tipsi.net"]}]}},"jetpack_sharing_enabled":true,"_links":{"self":[{"href":"https:\/\/valika.eu\/fi\/wp-json\/wp\/v2\/product\/9440","targetHints":{"allow":["GET"]}}],"collection":[{"href":"https:\/\/valika.eu\/fi\/wp-json\/wp\/v2\/product"}],"about":[{"href":"https:\/\/valika.eu\/fi\/wp-json\/wp\/v2\/types\/product"}],"wp:featuredmedia":[{"embeddable":true,"href":"https:\/\/valika.eu\/fi\/wp-json\/wp\/v2\/media\/9441"}],"wp:attachment":[{"href":"https:\/\/valika.eu\/fi\/wp-json\/wp\/v2\/media?parent=9440"}],"wp:term":[{"taxonomy":"product_brand","embeddable":true,"href":"https:\/\/valika.eu\/fi\/wp-json\/wp\/v2\/product_brand?post=9440"},{"taxonomy":"product_cat","embeddable":true,"href":"https:\/\/valika.eu\/fi\/wp-json\/wp\/v2\/product_cat?post=9440"},{"taxonomy":"product_tag","embeddable":true,"href":"https:\/\/valika.eu\/fi\/wp-json\/wp\/v2\/product_tag?post=9440"}],"curies":[{"name":"wp","href":"https:\/\/api.w.org\/{rel}","templated":true}]}}