{"id":9468,"date":"2024-10-17T13:24:42","date_gmt":"2024-10-17T10:24:42","guid":{"rendered":"https:\/\/valika.eu\/?post_type=product&#038;p=9468"},"modified":"2025-09-26T19:26:59","modified_gmt":"2025-09-26T16:26:59","slug":"chemides-pulver-korgastme-steriliseerimise-kontsentraat-instrumentidele","status":"publish","type":"product","link":"https:\/\/valika.eu\/fi\/toode\/chemides-pulver-korgastme-steriliseerimise-kontsentraat-instrumentidele\/","title":{"rendered":"Chemides Pulver \u2014 korkean tason sterilointikonsentraatti instrumenteille."},"content":{"rendered":"<p><\/p>\n<p>Chemi-pharm tiiviste-jauhe Chemides-jauhe 1000g, joka on tarkoitettu instrumenttien korkeatasoiseen sterilointiin ja samalla taloudellinen tuote, josta 1000g kest\u00e4\u00e4 pitk\u00e4\u00e4n.<\/p>\n<p>Jauhe laimennetaan vedell\u00e4 ja valmis liuos voidaan k\u00e4ytt\u00e4\u00e4 ty\u00f6p\u00e4iv\u00e4n aikana.<\/p>\n<p>CHEMIDES POWDER on hygroskooppinen jauhe, joka liukenee t\u00e4ysin veteen. Liukenemisen aikana jauheesta vapautuu aktiivista happea ja yhdess\u00e4 aktivaattorin kanssa muodostuu my\u00f6s peretikkahappoa, jonka ansiosta tuotteella on eritt\u00e4in vahvat desinfiointiominaisuudet. Jauhe on turvallista ymp\u00e4rist\u00f6lle, koska se hajoaa vedeksi ja hapeksi.<\/p>\n<p>CHEMIDES PULVERilla on iti\u00f6it\u00e4 tappavia, virusidisia (mukaan lukien hepatiitti B ja C, HIV), bakteereja tappavia (mukaan lukien grampositiivisia ja gramnegatiivisia bakteereja, haponkest\u00e4vi\u00e4 basilleja, tuberkuloosin aiheuttajia) ja fungisidisia vaikutuksia.<\/p>\n<p>Aktivoitu CHEMIDES PULVER -liuos on kirkas ja l\u00e4pin\u00e4kyv\u00e4, joten puhdistettavia instrumentteja voidaan valvoa niiden k\u00e4sittelyn aikana. Liuoksen annetaan seist\u00e4 15 minuuttia aktivoitumista varten.<\/p>\n<p>CHEMIDES POWDER on yhteensopiva kaikkien t\u00e4rkeimpien sairaaloissa ja terveydenhuoltolaitoksissa k\u00e4ytett\u00e4vien l\u00e4\u00e4ketieteellisten laitteiden kanssa.Ei sovellu k\u00e4ytett\u00e4v\u00e4ksi kupari-, tina-, pronssi-, messinki- ja alumiinipinnoille.<\/p>\n<p>Valmis liuos voidaan s\u00e4ilytt\u00e4\u00e4 suljetussa astiassa koko ty\u00f6p\u00e4iv\u00e4n. Liuoksen kontaminaatiosta riippuen vaihda liuos ennen uutta ty\u00f6jaksoa tai v\u00e4hint\u00e4\u00e4n kerran p\u00e4iv\u00e4ss\u00e4.<\/p>\n<p>&nbsp;<\/p>\n<p>ANNOSTUS:<\/p>\n<p>CHEMIDES PULVERin ty\u00f6liuoksen valmistamiseksi jauhe liuotetaan veteen.<\/p>\n<p>Yksi litra liuosta valmistaa lis\u00e4\u00e4m\u00e4ll\u00e4 17,5 grammaa jauhetta (yksi mittalusikka tai 1 paketti litraan vesijohtovett\u00e4).<\/p>\n<p>K\u00c4YTT\u00c4\u00c4:<\/p>\n<p>Instrumenttien, v\u00e4lineiden ja pintojen puhdistus ja desinfiointi<\/p>\n<p>Lis\u00e4\u00e4 17,5 g CHEMIDES PULVERia litraan haaleaa (30-50 C) vesijohtovett\u00e4<br \/>\nSekoita liuosta, kunnes suurin osa jauheesta on liuennut (2-3 minuuttia).<br \/>\nAnna liuoksen seist\u00e4 15 minuuttia valmiin liuoksen tehokkuuden saavuttamiseksi<br \/>\nPeit\u00e4 pinnat liuoksella tai aseta instrumentit liuokseen<br \/>\nK\u00e4sittele pinnat ty\u00f6liuoksella pyyhkim\u00e4ll\u00e4, ruiskuttamalla tai m\u00e4rk\u00e4puhdistusmenetelm\u00e4ll\u00e4<br \/>\nLiuoksen vaikutusaika on 15 minuuttia<br \/>\nHuuhtele instrumentit toiminta-ajan p\u00e4\u00e4tytty\u00e4 juoksevalla vedell\u00e4 tai steriilill\u00e4 vedell\u00e4 tarpeen mukaan.<br \/>\nVaihda valmistettu liuos saastumisen mukaan kerran p\u00e4iv\u00e4ss\u00e4 tai jokaisen ty\u00f6jakson j\u00e4lkeen<\/p>\n<p>Noudata laitteen valmistajan ohjeita k\u00e4ytt\u00e4ess\u00e4si desinfiointiainetta<\/p>\n<p>&nbsp;<\/p>\n<p>Instrumenttien kemiallinen sterilointi<\/p>\n<p>Puhdista instrumentit tai l\u00e4\u00e4ketieteelliset tarvikkeet<br \/>\nLis\u00e4\u00e4 17,5 g CHEMIDES-jauhetta jokaista litraa haaleaa (30-50 C) vesijohtovett\u00e4 kohti<br \/>\nSekoita liuosta, kunnes suurin osa jauheesta on liuennut (2-3 minuuttia).<br \/>\nAnna syntyneen liuoksen seist\u00e4 30 minuuttia valmiin liuoksen tehokkuuden saavuttamiseksi<br \/>\nAseta aiemmin puhdistetut instrumentit liuokseen 15 minuutiksi<br \/>\nHuuhtele steriilill\u00e4 vedell\u00e4<br \/>\nVaihda valmistettu liuos saastumisen mukaan kerran p\u00e4iv\u00e4ss\u00e4 tai jokaisen ty\u00f6jakson j\u00e4lkeen<\/p>\n<p>V\u00e4lt\u00e4 likaamasta desinfioituja instrumentteja sen j\u00e4lkeen, kun olet poistanut ne liuoksesta. Kun k\u00e4yt\u00e4t desinfiointiainetta, noudata valmistajan ohjeita.<\/p>\n<p>CHEMIDES PULVER t\u00e4ytt\u00e4\u00e4 seuraavat standardit:<\/p>\n<p>EN 13727; EN 13624; EN 14561; EN 14562; EN 14348; EN 13704<\/p>\n<p>&nbsp;<\/p>\n<p>VAROTOIMENPITEET:<\/p>\n<p>Haitallista nieltyn\u00e4 tai joutuessaan iholle. Aiheuttaa vakavia silm\u00e4vaurioita.<\/p>\n<p>\u00c4l\u00e4 k\u00e4yt\u00e4 kertak\u00e4ytt\u00f6isten instrumenttien desinfiointiin. \u00c4l\u00e4 k\u00e4yt\u00e4 seuraavien metallien kanssa: kupari, pronssi, messinki, tina, alumiini, &#8220;mieto&#8221; ter\u00e4s. Lue laitteen valmistajan k\u00e4ytt\u00f6ohje ennen tuotteen k\u00e4ytt\u00f6\u00e4. \u00c4l\u00e4 k\u00e4yt\u00e4 potilaille. Desinfioinnin j\u00e4lkeen huuhtele laite runsaalla vedell\u00e4. S\u00e4ilyt\u00e4 tuotetta alkuper\u00e4ispakkauksessaan kuivassa ja viile\u00e4ss\u00e4 paikassa. Sulje pakkaus k\u00e4yt\u00f6n j\u00e4lkeen.<br \/>\nPid\u00e4 poissa lasten ulottuvilta.<\/p>\n<p>Siin\u00e4 on l\u00e4\u00e4kinn\u00e4llisi\u00e4 laitteita koskevan direktiivin mukainen CE-merkint\u00e4<\/p>\n<p><\/p>","protected":false},"excerpt":{"rendered":"<p>Puuteri laimennetaan vedell\u00e4, ja valmistettu liuos on k\u00e4ytett\u00e4viss\u00e4 ty\u00f6p\u00e4iv\u00e4n ajan.<\/p>\n","protected":false},"featured_media":9469,"template":"","meta":[],"product_brand":[],"product_cat":[599],"product_tag":[],"class_list":{"0":"post-9468","1":"product","2":"type-product","3":"status-publish","4":"has-post-thumbnail","6":"product_cat-desinfitseerimisvahendid","8":"first","9":"instock","10":"taxable","11":"shipping-taxable","12":"purchasable","13":"product-type-simple"},"yoast_head":"<!-- This site is optimized with the Yoast SEO plugin v24.4 - https:\/\/yoast.com\/wordpress\/plugins\/seo\/ -->\n<title>Chemides Pulver \u2014 korkean tason sterilointikonsentraatti instrumenteille. | Valika<\/title>\n<meta name=\"description\" content=\"Pulbrit lahjendatakse veega ja valmis lahust saab kasutada t\u00f6\u00f6p\u00e4eva jooksul.\" \/>\n<meta name=\"robots\" content=\"index, follow, max-snippet:-1, max-image-preview:large, max-video-preview:-1\" \/>\n<link rel=\"canonical\" href=\"https:\/\/valika.eu\/fi\/toode\/chemides-pulver-korgastme-steriliseerimise-kontsentraat-instrumentidele\/\" \/>\n<meta property=\"og:locale\" content=\"fi_FI\" \/>\n<meta property=\"og:type\" content=\"article\" \/>\n<meta property=\"og:title\" content=\"Chemides Pulver \u2014 korkean tason sterilointikonsentraatti instrumenteille. | Valika\" \/>\n<meta property=\"og:description\" content=\"Pulbrit lahjendatakse veega ja valmis lahust saab kasutada t\u00f6\u00f6p\u00e4eva jooksul.\" \/>\n<meta property=\"og:url\" content=\"https:\/\/valika.eu\/fi\/toode\/chemides-pulver-korgastme-steriliseerimise-kontsentraat-instrumentidele\/\" \/>\n<meta property=\"og:site_name\" content=\"Valika\" \/>\n<meta property=\"article:publisher\" content=\"https:\/\/www.facebook.com\/tipsi.net\" \/>\n<meta property=\"article:modified_time\" content=\"2025-09-26T16:26:59+00:00\" \/>\n<meta property=\"og:image\" content=\"https:\/\/valika.eu\/wp-content\/uploads\/2024\/10\/Chemisides_Pulber_1kg-2.jpg\" \/>\n\t<meta property=\"og:image:width\" content=\"800\" \/>\n\t<meta property=\"og:image:height\" content=\"800\" \/>\n\t<meta property=\"og:image:type\" content=\"image\/jpeg\" \/>\n<meta name=\"twitter:card\" content=\"summary_large_image\" \/>\n<script type=\"application\/ld+json\" class=\"yoast-schema-graph\">{\"@context\":\"https:\/\/schema.org\",\"@graph\":[{\"@type\":\"WebPage\",\"@id\":\"https:\/\/valika.eu\/fi\/toode\/chemides-pulver-korgastme-steriliseerimise-kontsentraat-instrumentidele\/\",\"url\":\"https:\/\/valika.eu\/fi\/toode\/chemides-pulver-korgastme-steriliseerimise-kontsentraat-instrumentidele\/\",\"name\":\"Chemides Pulver \u2014 korkean tason sterilointikonsentraatti instrumenteille. | Valika\",\"isPartOf\":{\"@id\":\"https:\/\/valika.eu\/fi\/#website\"},\"primaryImageOfPage\":{\"@id\":\"https:\/\/valika.eu\/fi\/toode\/chemides-pulver-korgastme-steriliseerimise-kontsentraat-instrumentidele\/#primaryimage\"},\"image\":{\"@id\":\"https:\/\/valika.eu\/toode\/chemides-pulver-korgastme-steriliseerimise-kontsentraat-instrumentidele\/#primaryimage\"},\"thumbnailUrl\":\"https:\/\/valika.eu\/wp-content\/uploads\/2024\/10\/Chemisides_Pulber_1kg-2.jpg\",\"datePublished\":\"2024-10-17T10:24:42+00:00\",\"dateModified\":\"2025-09-26T16:26:59+00:00\",\"description\":\"Pulbrit lahjendatakse veega ja valmis lahust saab kasutada t\u00f6\u00f6p\u00e4eva jooksul.\",\"breadcrumb\":{\"@id\":\"https:\/\/valika.eu\/fi\/toode\/chemides-pulver-korgastme-steriliseerimise-kontsentraat-instrumentidele\/#breadcrumb\"},\"inLanguage\":\"fi\",\"potentialAction\":[{\"@type\":\"ReadAction\",\"target\":[[\"https:\/\/valika.eu\/fi\/toode\/chemides-pulver-korgastme-steriliseerimise-kontsentraat-instrumentidele\/\"]]}]},{\"@type\":\"ImageObject\",\"inLanguage\":\"fi\",\"@id\":\"https:\/\/valika.eu\/fi\/toode\/chemides-pulver-korgastme-steriliseerimise-kontsentraat-instrumentidele\/#primaryimage\",\"url\":\"https:\/\/valika.eu\/wp-content\/uploads\/2024\/10\/Chemisides_Pulber_1kg-2.jpg\",\"contentUrl\":\"https:\/\/valika.eu\/wp-content\/uploads\/2024\/10\/Chemisides_Pulber_1kg-2.jpg\",\"width\":800,\"height\":800},{\"@type\":\"BreadcrumbList\",\"@id\":\"https:\/\/valika.eu\/fi\/toode\/chemides-pulver-korgastme-steriliseerimise-kontsentraat-instrumentidele\/#breadcrumb\",\"itemListElement\":[{\"@type\":\"ListItem\",\"position\":1,\"name\":\"Koti\",\"item\":\"https:\/\/valika.eu\/fi\/\"},{\"@type\":\"ListItem\",\"position\":2,\"name\":\"Shop\",\"item\":\"https:\/\/valika.eu\/fi\/\"},{\"@type\":\"ListItem\",\"position\":3,\"name\":\"Chemides Pulver \u2014 concentrate for high-level sterilization of instruments.\"}]},{\"@type\":\"WebSite\",\"@id\":\"https:\/\/valika.eu\/fi\/#website\",\"url\":\"https:\/\/valika.eu\/fi\/\",\"name\":\"Valika.eu\",\"description\":\"Salonkituotteet ja kauneudenhoitotuotteet - Valika tarjoaa laajan valikoiman tuotteita ja tarvikkeita kynsiteknikoille, kauneushoitoloille, kampaamoille ja kampaamoille.\",\"publisher\":{\"@id\":\"https:\/\/valika.eu\/fi\/#organization\"},\"alternateName\":\"Valika\",\"potentialAction\":[{\"@type\":\"SearchAction\",\"target\":{\"@type\":\"EntryPoint\",\"urlTemplate\":\"https:\/\/valika.eu\/fi\/?s={search_term_string}\"},\"query-input\":{\"@type\":\"PropertyValueSpecification\",\"valueRequired\":true,\"valueName\":\"search_term_string\"}}],\"inLanguage\":\"fi\"},{\"@type\":\"Organization\",\"@id\":\"https:\/\/valika.eu\/fi\/#organization\",\"name\":\"Salongitoode O\u00dc\",\"alternateName\":\"Valika\",\"url\":\"https:\/\/valika.eu\/fi\/\",\"logo\":{\"@type\":\"ImageObject\",\"inLanguage\":\"fi\",\"@id\":\"https:\/\/valika.eu\/fi\/#\/schema\/logo\/image\/\",\"url\":\"https:\/\/valika.eu\/wp-content\/uploads\/2023\/11\/logo2-valika-footer.png\",\"contentUrl\":\"https:\/\/valika.eu\/wp-content\/uploads\/2023\/11\/logo2-valika-footer.png\",\"width\":200,\"height\":129,\"caption\":\"Salongitoode O\u00dc\"},\"image\":{\"@id\":\"https:\/\/valika.eu\/fi\/#\/schema\/logo\/image\/\"},\"sameAs\":[\"https:\/\/www.facebook.com\/tipsi.net\"]}]}<\/script>\n<!-- \/ Yoast SEO plugin. -->","yoast_head_json":{"title":"Chemides Pulver \u2014 korkean tason sterilointikonsentraatti instrumenteille. | Valika","description":"Pulbrit lahjendatakse veega ja valmis lahust saab kasutada t\u00f6\u00f6p\u00e4eva jooksul.","robots":{"index":"index","follow":"follow","max-snippet":"max-snippet:-1","max-image-preview":"max-image-preview:large","max-video-preview":"max-video-preview:-1"},"canonical":"https:\/\/valika.eu\/fi\/toode\/chemides-pulver-korgastme-steriliseerimise-kontsentraat-instrumentidele\/","og_locale":"fi_FI","og_type":"article","og_title":"Chemides Pulver \u2014 korkean tason sterilointikonsentraatti instrumenteille. | Valika","og_description":"Pulbrit lahjendatakse veega ja valmis lahust saab kasutada t\u00f6\u00f6p\u00e4eva jooksul.","og_url":"https:\/\/valika.eu\/fi\/toode\/chemides-pulver-korgastme-steriliseerimise-kontsentraat-instrumentidele\/","og_site_name":"Valika","article_publisher":"https:\/\/www.facebook.com\/tipsi.net","article_modified_time":"2025-09-26T16:26:59+00:00","og_image":[{"width":800,"height":800,"url":"https:\/\/valika.eu\/wp-content\/uploads\/2024\/10\/Chemisides_Pulber_1kg-2.jpg","type":"image\/jpeg"}],"twitter_card":"summary_large_image","schema":{"@context":"https:\/\/schema.org","@graph":[{"@type":"WebPage","@id":"https:\/\/valika.eu\/fi\/toode\/chemides-pulver-korgastme-steriliseerimise-kontsentraat-instrumentidele\/","url":"https:\/\/valika.eu\/fi\/toode\/chemides-pulver-korgastme-steriliseerimise-kontsentraat-instrumentidele\/","name":"Chemides Pulver \u2014 korkean tason sterilointikonsentraatti instrumenteille. | Valika","isPartOf":{"@id":"https:\/\/valika.eu\/fi\/#website"},"primaryImageOfPage":{"@id":"https:\/\/valika.eu\/fi\/toode\/chemides-pulver-korgastme-steriliseerimise-kontsentraat-instrumentidele\/#primaryimage"},"image":{"@id":"https:\/\/valika.eu\/toode\/chemides-pulver-korgastme-steriliseerimise-kontsentraat-instrumentidele\/#primaryimage"},"thumbnailUrl":"https:\/\/valika.eu\/wp-content\/uploads\/2024\/10\/Chemisides_Pulber_1kg-2.jpg","datePublished":"2024-10-17T10:24:42+00:00","dateModified":"2025-09-26T16:26:59+00:00","description":"Pulbrit lahjendatakse veega ja valmis lahust saab kasutada t\u00f6\u00f6p\u00e4eva jooksul.","breadcrumb":{"@id":"https:\/\/valika.eu\/fi\/toode\/chemides-pulver-korgastme-steriliseerimise-kontsentraat-instrumentidele\/#breadcrumb"},"inLanguage":"fi","potentialAction":[{"@type":"ReadAction","target":[["https:\/\/valika.eu\/fi\/toode\/chemides-pulver-korgastme-steriliseerimise-kontsentraat-instrumentidele\/"]]}]},{"@type":"ImageObject","inLanguage":"fi","@id":"https:\/\/valika.eu\/fi\/toode\/chemides-pulver-korgastme-steriliseerimise-kontsentraat-instrumentidele\/#primaryimage","url":"https:\/\/valika.eu\/wp-content\/uploads\/2024\/10\/Chemisides_Pulber_1kg-2.jpg","contentUrl":"https:\/\/valika.eu\/wp-content\/uploads\/2024\/10\/Chemisides_Pulber_1kg-2.jpg","width":800,"height":800},{"@type":"BreadcrumbList","@id":"https:\/\/valika.eu\/fi\/toode\/chemides-pulver-korgastme-steriliseerimise-kontsentraat-instrumentidele\/#breadcrumb","itemListElement":[{"@type":"ListItem","position":1,"name":"Koti","item":"https:\/\/valika.eu\/fi\/"},{"@type":"ListItem","position":2,"name":"Shop","item":"https:\/\/valika.eu\/fi\/"},{"@type":"ListItem","position":3,"name":"Chemides Pulver \u2014 concentrate for high-level sterilization of instruments."}]},{"@type":"WebSite","@id":"https:\/\/valika.eu\/fi\/#website","url":"https:\/\/valika.eu\/fi\/","name":"Valika.eu","description":"Salonkituotteet ja kauneudenhoitotuotteet - Valika tarjoaa laajan valikoiman tuotteita ja tarvikkeita kynsiteknikoille, kauneushoitoloille, kampaamoille ja kampaamoille.","publisher":{"@id":"https:\/\/valika.eu\/fi\/#organization"},"alternateName":"Valika","potentialAction":[{"@type":"SearchAction","target":{"@type":"EntryPoint","urlTemplate":"https:\/\/valika.eu\/fi\/?s={search_term_string}"},"query-input":{"@type":"PropertyValueSpecification","valueRequired":true,"valueName":"search_term_string"}}],"inLanguage":"fi"},{"@type":"Organization","@id":"https:\/\/valika.eu\/fi\/#organization","name":"Salongitoode O\u00dc","alternateName":"Valika","url":"https:\/\/valika.eu\/fi\/","logo":{"@type":"ImageObject","inLanguage":"fi","@id":"https:\/\/valika.eu\/fi\/#\/schema\/logo\/image\/","url":"https:\/\/valika.eu\/wp-content\/uploads\/2023\/11\/logo2-valika-footer.png","contentUrl":"https:\/\/valika.eu\/wp-content\/uploads\/2023\/11\/logo2-valika-footer.png","width":200,"height":129,"caption":"Salongitoode O\u00dc"},"image":{"@id":"https:\/\/valika.eu\/fi\/#\/schema\/logo\/image\/"},"sameAs":["https:\/\/www.facebook.com\/tipsi.net"]}]}},"jetpack_sharing_enabled":true,"_links":{"self":[{"href":"https:\/\/valika.eu\/fi\/wp-json\/wp\/v2\/product\/9468","targetHints":{"allow":["GET"]}}],"collection":[{"href":"https:\/\/valika.eu\/fi\/wp-json\/wp\/v2\/product"}],"about":[{"href":"https:\/\/valika.eu\/fi\/wp-json\/wp\/v2\/types\/product"}],"wp:featuredmedia":[{"embeddable":true,"href":"https:\/\/valika.eu\/fi\/wp-json\/wp\/v2\/media\/9469"}],"wp:attachment":[{"href":"https:\/\/valika.eu\/fi\/wp-json\/wp\/v2\/media?parent=9468"}],"wp:term":[{"taxonomy":"product_brand","embeddable":true,"href":"https:\/\/valika.eu\/fi\/wp-json\/wp\/v2\/product_brand?post=9468"},{"taxonomy":"product_cat","embeddable":true,"href":"https:\/\/valika.eu\/fi\/wp-json\/wp\/v2\/product_cat?post=9468"},{"taxonomy":"product_tag","embeddable":true,"href":"https:\/\/valika.eu\/fi\/wp-json\/wp\/v2\/product_tag?post=9468"}],"curies":[{"name":"wp","href":"https:\/\/api.w.org\/{rel}","templated":true}]}}