{"id":9558,"date":"2024-10-18T23:05:29","date_gmt":"2024-10-18T20:05:29","guid":{"rendered":"https:\/\/valika.eu\/?post_type=product&#038;p=9558"},"modified":"2026-02-17T14:32:00","modified_gmt":"2026-02-17T12:32:00","slug":"kaitsev-katekreem-sheavoiga","status":"publish","type":"product","link":"https:\/\/valika.eu\/fi\/toode\/kaitsev-katekreem-sheavoiga\/","title":{"rendered":"Suojaava k\u00e4sivoide sheavoilla"},"content":{"rendered":"<p>Suojaava k\u00e4sivoide sheavoilla<\/p>\n<p>suojaa orvaskett\u00e4 ilmakeh\u00e4n tekij\u00f6iden haitallisilta vaikutuksilta.<br \/>\nSen sis\u00e4lt\u00e4m\u00e4t A-, E-, F-vitamiinit varmistavat kosteutuksen ja uudistumisen, ja D-pantenolin lis\u00e4ys rauhoittaa \u00e4rsytyst\u00e4.<\/p>\n<p>Sheavoita k\u00e4ytet\u00e4\u00e4n sen suojaavien ominaisuuksien ansiosta usein luonnollisena UV-suodattimena, jonka kerroin on alhainen. Sit\u00e4 suositellaan erityisesti ongelmallisen ihon hoidossa.<\/p>\n<p>M\u00e4\u00e4r\u00e4: 1 kpl<\/p>\n<p>Tilavuus: 100 ml<\/p>","protected":false},"excerpt":{"rendered":"<p>Suojaava k\u00e4sivoide sheavoilla suojaa orvaskett\u00e4 ilmakeh\u00e4n tekij\u00f6iden haitallisilta vaikutuksilta. Sen sis\u00e4lt\u00e4m\u00e4t A-, E-, F-vitamiinit varmistavat kosteutuksen ja uudistumisen, ja D-pantenolin<\/p>\n","protected":false},"featured_media":9559,"template":"","meta":[],"product_brand":[],"product_cat":[638],"product_tag":[],"class_list":{"0":"post-9558","1":"product","2":"type-product","3":"status-publish","4":"has-post-thumbnail","6":"product_cat-kreem","8":"first","9":"outofstock","10":"taxable","11":"shipping-taxable","12":"purchasable","13":"product-type-simple"},"yoast_head":"<!-- This site is optimized with the Yoast SEO plugin v24.4 - https:\/\/yoast.com\/wordpress\/plugins\/seo\/ -->\n<title>Suojaava k\u00e4sivoide sheavoilla | Valika<\/title>\n<meta name=\"robots\" content=\"index, follow, max-snippet:-1, max-image-preview:large, max-video-preview:-1\" \/>\n<link rel=\"canonical\" href=\"https:\/\/valika.eu\/fi\/toode\/kaitsev-katekreem-sheavoiga\/\" \/>\n<meta property=\"og:locale\" content=\"fi_FI\" \/>\n<meta property=\"og:type\" content=\"article\" \/>\n<meta property=\"og:title\" content=\"Suojaava k\u00e4sivoide sheavoilla | Valika\" \/>\n<meta property=\"og:description\" content=\"Suojaava k\u00e4sivoide sheavoilla suojaa orvaskett\u00e4 ilmakeh\u00e4n tekij\u00f6iden haitallisilta vaikutuksilta. Sen sis\u00e4lt\u00e4m\u00e4t A-, E-, F-vitamiinit varmistavat kosteutuksen ja uudistumisen, ja D-pantenolin\" \/>\n<meta property=\"og:url\" content=\"https:\/\/valika.eu\/fi\/toode\/kaitsev-katekreem-sheavoiga\/\" \/>\n<meta property=\"og:site_name\" content=\"Valika\" \/>\n<meta property=\"article:publisher\" content=\"https:\/\/www.facebook.com\/tipsi.net\" \/>\n<meta property=\"article:modified_time\" content=\"2026-02-17T12:32:00+00:00\" \/>\n<meta property=\"og:image\" content=\"https:\/\/valika.eu\/wp-content\/uploads\/2024\/10\/shea-butter-kreem\u00b42-2-1.jpg\" \/>\n\t<meta property=\"og:image:width\" content=\"800\" \/>\n\t<meta property=\"og:image:height\" content=\"800\" \/>\n\t<meta property=\"og:image:type\" content=\"image\/jpeg\" \/>\n<meta name=\"twitter:card\" content=\"summary_large_image\" \/>\n<script type=\"application\/ld+json\" class=\"yoast-schema-graph\">{\"@context\":\"https:\/\/schema.org\",\"@graph\":[{\"@type\":\"WebPage\",\"@id\":\"https:\/\/valika.eu\/fi\/toode\/kaitsev-katekreem-sheavoiga\/\",\"url\":\"https:\/\/valika.eu\/fi\/toode\/kaitsev-katekreem-sheavoiga\/\",\"name\":\"Suojaava k\u00e4sivoide sheavoilla | Valika\",\"isPartOf\":{\"@id\":\"https:\/\/valika.eu\/fi\/#website\"},\"primaryImageOfPage\":{\"@id\":\"https:\/\/valika.eu\/fi\/toode\/kaitsev-katekreem-sheavoiga\/#primaryimage\"},\"image\":{\"@id\":\"https:\/\/valika.eu\/toode\/kaitsev-katekreem-sheavoiga\/#primaryimage\"},\"thumbnailUrl\":\"https:\/\/valika.eu\/wp-content\/uploads\/2024\/10\/shea-butter-kreem\u00b42-2-1.jpg\",\"datePublished\":\"2024-10-18T20:05:29+00:00\",\"dateModified\":\"2026-02-17T12:32:00+00:00\",\"breadcrumb\":{\"@id\":\"https:\/\/valika.eu\/fi\/toode\/kaitsev-katekreem-sheavoiga\/#breadcrumb\"},\"inLanguage\":\"fi\",\"potentialAction\":[{\"@type\":\"ReadAction\",\"target\":[[\"https:\/\/valika.eu\/fi\/toode\/kaitsev-katekreem-sheavoiga\/\"]]}]},{\"@type\":\"ImageObject\",\"inLanguage\":\"fi\",\"@id\":\"https:\/\/valika.eu\/fi\/toode\/kaitsev-katekreem-sheavoiga\/#primaryimage\",\"url\":\"https:\/\/valika.eu\/wp-content\/uploads\/2024\/10\/shea-butter-kreem\u00b42-2-1.jpg\",\"contentUrl\":\"https:\/\/valika.eu\/wp-content\/uploads\/2024\/10\/shea-butter-kreem\u00b42-2-1.jpg\",\"width\":800,\"height\":800},{\"@type\":\"BreadcrumbList\",\"@id\":\"https:\/\/valika.eu\/fi\/toode\/kaitsev-katekreem-sheavoiga\/#breadcrumb\",\"itemListElement\":[{\"@type\":\"ListItem\",\"position\":1,\"name\":\"Koti\",\"item\":\"https:\/\/valika.eu\/fi\/\"},{\"@type\":\"ListItem\",\"position\":2,\"name\":\"Shop\",\"item\":\"https:\/\/valika.eu\/fi\/\"},{\"@type\":\"ListItem\",\"position\":3,\"name\":\"\u0417\u0430\u0449\u0438\u0442\u043d\u044b\u0439 \u043a\u0440\u0435\u043c \u0434\u043b\u044f \u0440\u0443\u043a \u0441 \u043c\u0430\u0441\u043b\u043e\u043c \u0448\u0438\"}]},{\"@type\":\"WebSite\",\"@id\":\"https:\/\/valika.eu\/fi\/#website\",\"url\":\"https:\/\/valika.eu\/fi\/\",\"name\":\"Valika.eu\",\"description\":\"Salonkituotteet ja kauneudenhoitotuotteet - Valika tarjoaa laajan valikoiman tuotteita ja tarvikkeita kynsiteknikoille, kauneushoitoloille, kampaamoille ja kampaamoille.\",\"publisher\":{\"@id\":\"https:\/\/valika.eu\/fi\/#organization\"},\"alternateName\":\"Valika\",\"potentialAction\":[{\"@type\":\"SearchAction\",\"target\":{\"@type\":\"EntryPoint\",\"urlTemplate\":\"https:\/\/valika.eu\/fi\/?s={search_term_string}\"},\"query-input\":{\"@type\":\"PropertyValueSpecification\",\"valueRequired\":true,\"valueName\":\"search_term_string\"}}],\"inLanguage\":\"fi\"},{\"@type\":\"Organization\",\"@id\":\"https:\/\/valika.eu\/fi\/#organization\",\"name\":\"Salongitoode O\u00dc\",\"alternateName\":\"Valika\",\"url\":\"https:\/\/valika.eu\/fi\/\",\"logo\":{\"@type\":\"ImageObject\",\"inLanguage\":\"fi\",\"@id\":\"https:\/\/valika.eu\/fi\/#\/schema\/logo\/image\/\",\"url\":\"https:\/\/valika.eu\/wp-content\/uploads\/2023\/11\/logo2-valika-footer.png\",\"contentUrl\":\"https:\/\/valika.eu\/wp-content\/uploads\/2023\/11\/logo2-valika-footer.png\",\"width\":200,\"height\":129,\"caption\":\"Salongitoode O\u00dc\"},\"image\":{\"@id\":\"https:\/\/valika.eu\/fi\/#\/schema\/logo\/image\/\"},\"sameAs\":[\"https:\/\/www.facebook.com\/tipsi.net\"]}]}<\/script>\n<!-- \/ Yoast SEO plugin. -->","yoast_head_json":{"title":"Suojaava k\u00e4sivoide sheavoilla | Valika","robots":{"index":"index","follow":"follow","max-snippet":"max-snippet:-1","max-image-preview":"max-image-preview:large","max-video-preview":"max-video-preview:-1"},"canonical":"https:\/\/valika.eu\/fi\/toode\/kaitsev-katekreem-sheavoiga\/","og_locale":"fi_FI","og_type":"article","og_title":"Suojaava k\u00e4sivoide sheavoilla | Valika","og_description":"Suojaava k\u00e4sivoide sheavoilla suojaa orvaskett\u00e4 ilmakeh\u00e4n tekij\u00f6iden haitallisilta vaikutuksilta. Sen sis\u00e4lt\u00e4m\u00e4t A-, E-, F-vitamiinit varmistavat kosteutuksen ja uudistumisen, ja D-pantenolin","og_url":"https:\/\/valika.eu\/fi\/toode\/kaitsev-katekreem-sheavoiga\/","og_site_name":"Valika","article_publisher":"https:\/\/www.facebook.com\/tipsi.net","article_modified_time":"2026-02-17T12:32:00+00:00","og_image":[{"width":800,"height":800,"url":"https:\/\/valika.eu\/wp-content\/uploads\/2024\/10\/shea-butter-kreem\u00b42-2-1.jpg","type":"image\/jpeg"}],"twitter_card":"summary_large_image","schema":{"@context":"https:\/\/schema.org","@graph":[{"@type":"WebPage","@id":"https:\/\/valika.eu\/fi\/toode\/kaitsev-katekreem-sheavoiga\/","url":"https:\/\/valika.eu\/fi\/toode\/kaitsev-katekreem-sheavoiga\/","name":"Suojaava k\u00e4sivoide sheavoilla | Valika","isPartOf":{"@id":"https:\/\/valika.eu\/fi\/#website"},"primaryImageOfPage":{"@id":"https:\/\/valika.eu\/fi\/toode\/kaitsev-katekreem-sheavoiga\/#primaryimage"},"image":{"@id":"https:\/\/valika.eu\/toode\/kaitsev-katekreem-sheavoiga\/#primaryimage"},"thumbnailUrl":"https:\/\/valika.eu\/wp-content\/uploads\/2024\/10\/shea-butter-kreem\u00b42-2-1.jpg","datePublished":"2024-10-18T20:05:29+00:00","dateModified":"2026-02-17T12:32:00+00:00","breadcrumb":{"@id":"https:\/\/valika.eu\/fi\/toode\/kaitsev-katekreem-sheavoiga\/#breadcrumb"},"inLanguage":"fi","potentialAction":[{"@type":"ReadAction","target":[["https:\/\/valika.eu\/fi\/toode\/kaitsev-katekreem-sheavoiga\/"]]}]},{"@type":"ImageObject","inLanguage":"fi","@id":"https:\/\/valika.eu\/fi\/toode\/kaitsev-katekreem-sheavoiga\/#primaryimage","url":"https:\/\/valika.eu\/wp-content\/uploads\/2024\/10\/shea-butter-kreem\u00b42-2-1.jpg","contentUrl":"https:\/\/valika.eu\/wp-content\/uploads\/2024\/10\/shea-butter-kreem\u00b42-2-1.jpg","width":800,"height":800},{"@type":"BreadcrumbList","@id":"https:\/\/valika.eu\/fi\/toode\/kaitsev-katekreem-sheavoiga\/#breadcrumb","itemListElement":[{"@type":"ListItem","position":1,"name":"Koti","item":"https:\/\/valika.eu\/fi\/"},{"@type":"ListItem","position":2,"name":"Shop","item":"https:\/\/valika.eu\/fi\/"},{"@type":"ListItem","position":3,"name":"\u0417\u0430\u0449\u0438\u0442\u043d\u044b\u0439 \u043a\u0440\u0435\u043c \u0434\u043b\u044f \u0440\u0443\u043a \u0441 \u043c\u0430\u0441\u043b\u043e\u043c \u0448\u0438"}]},{"@type":"WebSite","@id":"https:\/\/valika.eu\/fi\/#website","url":"https:\/\/valika.eu\/fi\/","name":"Valika.eu","description":"Salonkituotteet ja kauneudenhoitotuotteet - Valika tarjoaa laajan valikoiman tuotteita ja tarvikkeita kynsiteknikoille, kauneushoitoloille, kampaamoille ja kampaamoille.","publisher":{"@id":"https:\/\/valika.eu\/fi\/#organization"},"alternateName":"Valika","potentialAction":[{"@type":"SearchAction","target":{"@type":"EntryPoint","urlTemplate":"https:\/\/valika.eu\/fi\/?s={search_term_string}"},"query-input":{"@type":"PropertyValueSpecification","valueRequired":true,"valueName":"search_term_string"}}],"inLanguage":"fi"},{"@type":"Organization","@id":"https:\/\/valika.eu\/fi\/#organization","name":"Salongitoode O\u00dc","alternateName":"Valika","url":"https:\/\/valika.eu\/fi\/","logo":{"@type":"ImageObject","inLanguage":"fi","@id":"https:\/\/valika.eu\/fi\/#\/schema\/logo\/image\/","url":"https:\/\/valika.eu\/wp-content\/uploads\/2023\/11\/logo2-valika-footer.png","contentUrl":"https:\/\/valika.eu\/wp-content\/uploads\/2023\/11\/logo2-valika-footer.png","width":200,"height":129,"caption":"Salongitoode O\u00dc"},"image":{"@id":"https:\/\/valika.eu\/fi\/#\/schema\/logo\/image\/"},"sameAs":["https:\/\/www.facebook.com\/tipsi.net"]}]}},"jetpack_sharing_enabled":true,"_links":{"self":[{"href":"https:\/\/valika.eu\/fi\/wp-json\/wp\/v2\/product\/9558","targetHints":{"allow":["GET"]}}],"collection":[{"href":"https:\/\/valika.eu\/fi\/wp-json\/wp\/v2\/product"}],"about":[{"href":"https:\/\/valika.eu\/fi\/wp-json\/wp\/v2\/types\/product"}],"wp:featuredmedia":[{"embeddable":true,"href":"https:\/\/valika.eu\/fi\/wp-json\/wp\/v2\/media\/9559"}],"wp:attachment":[{"href":"https:\/\/valika.eu\/fi\/wp-json\/wp\/v2\/media?parent=9558"}],"wp:term":[{"taxonomy":"product_brand","embeddable":true,"href":"https:\/\/valika.eu\/fi\/wp-json\/wp\/v2\/product_brand?post=9558"},{"taxonomy":"product_cat","embeddable":true,"href":"https:\/\/valika.eu\/fi\/wp-json\/wp\/v2\/product_cat?post=9558"},{"taxonomy":"product_tag","embeddable":true,"href":"https:\/\/valika.eu\/fi\/wp-json\/wp\/v2\/product_tag?post=9558"}],"curies":[{"name":"wp","href":"https:\/\/api.w.org\/{rel}","templated":true}]}}