{"id":9562,"date":"2024-10-18T23:23:19","date_gmt":"2024-10-18T20:23:19","guid":{"rendered":"https:\/\/valika.eu\/?post_type=product&#038;p=9562"},"modified":"2026-01-12T13:37:17","modified_gmt":"2026-01-12T11:37:17","slug":"kaitsev-katekreem-siluva-mandlioliga","status":"publish","type":"product","link":"https:\/\/valika.eu\/fi\/toode\/kaitsev-katekreem-siluva-mandlioliga\/","title":{"rendered":"Suojaava k\u00e4sivoide silottavalla manteli\u00f6ljyll\u00e4"},"content":{"rendered":"<p>Haluaisitko k\u00e4siss\u00e4si moitteeton kauneuden ja hellyyden? Sallikaa meid\u00e4n esitell\u00e4 innovatiivinen suojaava k\u00e4sivoidemme silottavalla manteli\u00f6ljyll\u00e4 \u2013 t\u00e4ydellinen kumppani p\u00e4ivitt\u00e4iseen kauneusrutiinisi.<\/p>\n<p>Ainutlaatuinen koostumus, joka sis\u00e4lt\u00e4\u00e4 5 % ureaa, manteli\u00f6ljy\u00e4, E-vitamiinia ja glyseriini\u00e4, tarjoaa vertaansa vailla olevaa kosteutta, uudistumista ja hoitoa kuivalle ja \u00e4rtyneelle iholle. Jokainen sovellus on todellinen ilo k\u00e4sillesi.<\/p>\n<p>Voideemme s\u00e4\u00e4nn\u00f6llinen k\u00e4ytt\u00f6 parantaa ihosi kimmoisuutta ja muuttaa sen puhtaaksi silkkiksi. Sinut ymp\u00e4r\u00f6i lempeys ja &#8220;n\u00e4kym\u00e4tt\u00f6m\u00e4n k\u00e4sineen&#8221; herkk\u00e4 tuoksu, joka luo suojakalvon k\u00e4siisi.<\/p>\n<p>Unohda kuivumiseen ja \u00e4rsytykseen liittyv\u00e4t ongelmat \u2013 suojaava k\u00e4sivoidemme on erityisesti suunniteltu tarjoamaan sinulle maksimaalista mukavuutta. Se kosteuttaa jopa kuivimman ihon tehden siit\u00e4 uskomattoman pehme\u00e4n ja samettisen sek\u00e4 edist\u00e4\u00e4 sen uusiutumista.<\/p>\n<p>Voideemme k\u00e4ytt\u00f6 on yksinkertaista \u2013 hiero sit\u00e4 puhtaalle ja kuivalle iholle, kunnes se on t\u00e4ysin imeytynyt. L\u00f6yd\u00e4 k\u00e4sienhoidon uusi ulottuvuus ja nauti v\u00e4litt\u00f6m\u00e4st\u00e4 kosteuden ja hoidon tunteesta.<\/p>\n<p>Anna suojaavan k\u00e4sivoidemme, jossa on tasoittavaa manteli\u00f6ljy\u00e4, tulla uskolliseksi kumppanisi kauneuden ja itsevarmuuden tiell\u00e4. Tunne pehmeyden ja hellyyden taika joka p\u00e4iv\u00e4!<br \/>\n100ml<\/p>","protected":false},"excerpt":{"rendered":"<p>Haluaisitko k\u00e4siss\u00e4si moitteeton kauneuden ja hellyyden? Sallikaa meid\u00e4n esitell\u00e4 innovatiivinen suojaava k\u00e4sivoidemme silottavalla manteli\u00f6ljyll\u00e4 \u2013 t\u00e4ydellinen kumppani p\u00e4ivitt\u00e4iseen kauneusrutiinisi. Ainutlaatuinen<\/p>\n","protected":false},"featured_media":9564,"template":"","meta":[],"product_brand":[],"product_cat":[638],"product_tag":[],"class_list":{"0":"post-9562","1":"product","2":"type-product","3":"status-publish","4":"has-post-thumbnail","6":"product_cat-kreem","8":"first","9":"outofstock","10":"taxable","11":"shipping-taxable","12":"purchasable","13":"product-type-simple"},"yoast_head":"<!-- This site is optimized with the Yoast SEO plugin v24.4 - https:\/\/yoast.com\/wordpress\/plugins\/seo\/ -->\n<title>Suojaava k\u00e4sivoide silottavalla manteli\u00f6ljyll\u00e4 | Valika<\/title>\n<meta name=\"robots\" content=\"index, follow, max-snippet:-1, max-image-preview:large, max-video-preview:-1\" \/>\n<link rel=\"canonical\" href=\"https:\/\/valika.eu\/fi\/toode\/kaitsev-katekreem-siluva-mandlioliga\/\" \/>\n<meta property=\"og:locale\" content=\"fi_FI\" \/>\n<meta property=\"og:type\" content=\"article\" \/>\n<meta property=\"og:title\" content=\"Suojaava k\u00e4sivoide silottavalla manteli\u00f6ljyll\u00e4 | Valika\" \/>\n<meta property=\"og:description\" content=\"Haluaisitko k\u00e4siss\u00e4si moitteeton kauneuden ja hellyyden? Sallikaa meid\u00e4n esitell\u00e4 innovatiivinen suojaava k\u00e4sivoidemme silottavalla manteli\u00f6ljyll\u00e4 \u2013 t\u00e4ydellinen kumppani p\u00e4ivitt\u00e4iseen kauneusrutiinisi. Ainutlaatuinen\" \/>\n<meta property=\"og:url\" content=\"https:\/\/valika.eu\/fi\/toode\/kaitsev-katekreem-siluva-mandlioliga\/\" \/>\n<meta property=\"og:site_name\" content=\"Valika\" \/>\n<meta property=\"article:publisher\" content=\"https:\/\/www.facebook.com\/tipsi.net\" \/>\n<meta property=\"article:modified_time\" content=\"2026-01-12T11:37:17+00:00\" \/>\n<meta property=\"og:image\" content=\"https:\/\/valika.eu\/wp-content\/uploads\/2024\/10\/almond_kreem-2.jpg\" \/>\n\t<meta property=\"og:image:width\" content=\"800\" \/>\n\t<meta property=\"og:image:height\" content=\"800\" \/>\n\t<meta property=\"og:image:type\" content=\"image\/jpeg\" \/>\n<meta name=\"twitter:card\" content=\"summary_large_image\" \/>\n<script type=\"application\/ld+json\" class=\"yoast-schema-graph\">{\"@context\":\"https:\/\/schema.org\",\"@graph\":[{\"@type\":\"WebPage\",\"@id\":\"https:\/\/valika.eu\/fi\/toode\/kaitsev-katekreem-siluva-mandlioliga\/\",\"url\":\"https:\/\/valika.eu\/fi\/toode\/kaitsev-katekreem-siluva-mandlioliga\/\",\"name\":\"Suojaava k\u00e4sivoide silottavalla manteli\u00f6ljyll\u00e4 | Valika\",\"isPartOf\":{\"@id\":\"https:\/\/valika.eu\/fi\/#website\"},\"primaryImageOfPage\":{\"@id\":\"https:\/\/valika.eu\/fi\/toode\/kaitsev-katekreem-siluva-mandlioliga\/#primaryimage\"},\"image\":{\"@id\":\"https:\/\/valika.eu\/toode\/kaitsev-katekreem-siluva-mandlioliga\/#primaryimage\"},\"thumbnailUrl\":\"https:\/\/valika.eu\/wp-content\/uploads\/2024\/10\/almond_kreem-2.jpg\",\"datePublished\":\"2024-10-18T20:23:19+00:00\",\"dateModified\":\"2026-01-12T11:37:17+00:00\",\"breadcrumb\":{\"@id\":\"https:\/\/valika.eu\/fi\/toode\/kaitsev-katekreem-siluva-mandlioliga\/#breadcrumb\"},\"inLanguage\":\"fi\",\"potentialAction\":[{\"@type\":\"ReadAction\",\"target\":[[\"https:\/\/valika.eu\/fi\/toode\/kaitsev-katekreem-siluva-mandlioliga\/\"]]}]},{\"@type\":\"ImageObject\",\"inLanguage\":\"fi\",\"@id\":\"https:\/\/valika.eu\/fi\/toode\/kaitsev-katekreem-siluva-mandlioliga\/#primaryimage\",\"url\":\"https:\/\/valika.eu\/wp-content\/uploads\/2024\/10\/almond_kreem-2.jpg\",\"contentUrl\":\"https:\/\/valika.eu\/wp-content\/uploads\/2024\/10\/almond_kreem-2.jpg\",\"width\":800,\"height\":800},{\"@type\":\"BreadcrumbList\",\"@id\":\"https:\/\/valika.eu\/fi\/toode\/kaitsev-katekreem-siluva-mandlioliga\/#breadcrumb\",\"itemListElement\":[{\"@type\":\"ListItem\",\"position\":1,\"name\":\"Koti\",\"item\":\"https:\/\/valika.eu\/fi\/\"},{\"@type\":\"ListItem\",\"position\":2,\"name\":\"Shop\",\"item\":\"https:\/\/valika.eu\/fi\/\"},{\"@type\":\"ListItem\",\"position\":3,\"name\":\"Kaitsev k\u00e4tekreem siluva mandli\u00f5liga\"}]},{\"@type\":\"WebSite\",\"@id\":\"https:\/\/valika.eu\/fi\/#website\",\"url\":\"https:\/\/valika.eu\/fi\/\",\"name\":\"Valika.eu\",\"description\":\"Salonkituotteet ja kauneudenhoitotuotteet - Valika tarjoaa laajan valikoiman tuotteita ja tarvikkeita kynsiteknikoille, kauneushoitoloille, kampaamoille ja kampaamoille.\",\"publisher\":{\"@id\":\"https:\/\/valika.eu\/fi\/#organization\"},\"alternateName\":\"Valika\",\"potentialAction\":[{\"@type\":\"SearchAction\",\"target\":{\"@type\":\"EntryPoint\",\"urlTemplate\":\"https:\/\/valika.eu\/fi\/?s={search_term_string}\"},\"query-input\":{\"@type\":\"PropertyValueSpecification\",\"valueRequired\":true,\"valueName\":\"search_term_string\"}}],\"inLanguage\":\"fi\"},{\"@type\":\"Organization\",\"@id\":\"https:\/\/valika.eu\/fi\/#organization\",\"name\":\"Salongitoode O\u00dc\",\"alternateName\":\"Valika\",\"url\":\"https:\/\/valika.eu\/fi\/\",\"logo\":{\"@type\":\"ImageObject\",\"inLanguage\":\"fi\",\"@id\":\"https:\/\/valika.eu\/fi\/#\/schema\/logo\/image\/\",\"url\":\"https:\/\/valika.eu\/wp-content\/uploads\/2023\/11\/logo2-valika-footer.png\",\"contentUrl\":\"https:\/\/valika.eu\/wp-content\/uploads\/2023\/11\/logo2-valika-footer.png\",\"width\":200,\"height\":129,\"caption\":\"Salongitoode O\u00dc\"},\"image\":{\"@id\":\"https:\/\/valika.eu\/fi\/#\/schema\/logo\/image\/\"},\"sameAs\":[\"https:\/\/www.facebook.com\/tipsi.net\"]}]}<\/script>\n<!-- \/ Yoast SEO plugin. -->","yoast_head_json":{"title":"Suojaava k\u00e4sivoide silottavalla manteli\u00f6ljyll\u00e4 | Valika","robots":{"index":"index","follow":"follow","max-snippet":"max-snippet:-1","max-image-preview":"max-image-preview:large","max-video-preview":"max-video-preview:-1"},"canonical":"https:\/\/valika.eu\/fi\/toode\/kaitsev-katekreem-siluva-mandlioliga\/","og_locale":"fi_FI","og_type":"article","og_title":"Suojaava k\u00e4sivoide silottavalla manteli\u00f6ljyll\u00e4 | Valika","og_description":"Haluaisitko k\u00e4siss\u00e4si moitteeton kauneuden ja hellyyden? Sallikaa meid\u00e4n esitell\u00e4 innovatiivinen suojaava k\u00e4sivoidemme silottavalla manteli\u00f6ljyll\u00e4 \u2013 t\u00e4ydellinen kumppani p\u00e4ivitt\u00e4iseen kauneusrutiinisi. Ainutlaatuinen","og_url":"https:\/\/valika.eu\/fi\/toode\/kaitsev-katekreem-siluva-mandlioliga\/","og_site_name":"Valika","article_publisher":"https:\/\/www.facebook.com\/tipsi.net","article_modified_time":"2026-01-12T11:37:17+00:00","og_image":[{"width":800,"height":800,"url":"https:\/\/valika.eu\/wp-content\/uploads\/2024\/10\/almond_kreem-2.jpg","type":"image\/jpeg"}],"twitter_card":"summary_large_image","schema":{"@context":"https:\/\/schema.org","@graph":[{"@type":"WebPage","@id":"https:\/\/valika.eu\/fi\/toode\/kaitsev-katekreem-siluva-mandlioliga\/","url":"https:\/\/valika.eu\/fi\/toode\/kaitsev-katekreem-siluva-mandlioliga\/","name":"Suojaava k\u00e4sivoide silottavalla manteli\u00f6ljyll\u00e4 | Valika","isPartOf":{"@id":"https:\/\/valika.eu\/fi\/#website"},"primaryImageOfPage":{"@id":"https:\/\/valika.eu\/fi\/toode\/kaitsev-katekreem-siluva-mandlioliga\/#primaryimage"},"image":{"@id":"https:\/\/valika.eu\/toode\/kaitsev-katekreem-siluva-mandlioliga\/#primaryimage"},"thumbnailUrl":"https:\/\/valika.eu\/wp-content\/uploads\/2024\/10\/almond_kreem-2.jpg","datePublished":"2024-10-18T20:23:19+00:00","dateModified":"2026-01-12T11:37:17+00:00","breadcrumb":{"@id":"https:\/\/valika.eu\/fi\/toode\/kaitsev-katekreem-siluva-mandlioliga\/#breadcrumb"},"inLanguage":"fi","potentialAction":[{"@type":"ReadAction","target":[["https:\/\/valika.eu\/fi\/toode\/kaitsev-katekreem-siluva-mandlioliga\/"]]}]},{"@type":"ImageObject","inLanguage":"fi","@id":"https:\/\/valika.eu\/fi\/toode\/kaitsev-katekreem-siluva-mandlioliga\/#primaryimage","url":"https:\/\/valika.eu\/wp-content\/uploads\/2024\/10\/almond_kreem-2.jpg","contentUrl":"https:\/\/valika.eu\/wp-content\/uploads\/2024\/10\/almond_kreem-2.jpg","width":800,"height":800},{"@type":"BreadcrumbList","@id":"https:\/\/valika.eu\/fi\/toode\/kaitsev-katekreem-siluva-mandlioliga\/#breadcrumb","itemListElement":[{"@type":"ListItem","position":1,"name":"Koti","item":"https:\/\/valika.eu\/fi\/"},{"@type":"ListItem","position":2,"name":"Shop","item":"https:\/\/valika.eu\/fi\/"},{"@type":"ListItem","position":3,"name":"Kaitsev k\u00e4tekreem siluva mandli\u00f5liga"}]},{"@type":"WebSite","@id":"https:\/\/valika.eu\/fi\/#website","url":"https:\/\/valika.eu\/fi\/","name":"Valika.eu","description":"Salonkituotteet ja kauneudenhoitotuotteet - Valika tarjoaa laajan valikoiman tuotteita ja tarvikkeita kynsiteknikoille, kauneushoitoloille, kampaamoille ja kampaamoille.","publisher":{"@id":"https:\/\/valika.eu\/fi\/#organization"},"alternateName":"Valika","potentialAction":[{"@type":"SearchAction","target":{"@type":"EntryPoint","urlTemplate":"https:\/\/valika.eu\/fi\/?s={search_term_string}"},"query-input":{"@type":"PropertyValueSpecification","valueRequired":true,"valueName":"search_term_string"}}],"inLanguage":"fi"},{"@type":"Organization","@id":"https:\/\/valika.eu\/fi\/#organization","name":"Salongitoode O\u00dc","alternateName":"Valika","url":"https:\/\/valika.eu\/fi\/","logo":{"@type":"ImageObject","inLanguage":"fi","@id":"https:\/\/valika.eu\/fi\/#\/schema\/logo\/image\/","url":"https:\/\/valika.eu\/wp-content\/uploads\/2023\/11\/logo2-valika-footer.png","contentUrl":"https:\/\/valika.eu\/wp-content\/uploads\/2023\/11\/logo2-valika-footer.png","width":200,"height":129,"caption":"Salongitoode O\u00dc"},"image":{"@id":"https:\/\/valika.eu\/fi\/#\/schema\/logo\/image\/"},"sameAs":["https:\/\/www.facebook.com\/tipsi.net"]}]}},"jetpack_sharing_enabled":true,"_links":{"self":[{"href":"https:\/\/valika.eu\/fi\/wp-json\/wp\/v2\/product\/9562","targetHints":{"allow":["GET"]}}],"collection":[{"href":"https:\/\/valika.eu\/fi\/wp-json\/wp\/v2\/product"}],"about":[{"href":"https:\/\/valika.eu\/fi\/wp-json\/wp\/v2\/types\/product"}],"wp:featuredmedia":[{"embeddable":true,"href":"https:\/\/valika.eu\/fi\/wp-json\/wp\/v2\/media\/9564"}],"wp:attachment":[{"href":"https:\/\/valika.eu\/fi\/wp-json\/wp\/v2\/media?parent=9562"}],"wp:term":[{"taxonomy":"product_brand","embeddable":true,"href":"https:\/\/valika.eu\/fi\/wp-json\/wp\/v2\/product_brand?post=9562"},{"taxonomy":"product_cat","embeddable":true,"href":"https:\/\/valika.eu\/fi\/wp-json\/wp\/v2\/product_cat?post=9562"},{"taxonomy":"product_tag","embeddable":true,"href":"https:\/\/valika.eu\/fi\/wp-json\/wp\/v2\/product_tag?post=9562"}],"curies":[{"name":"wp","href":"https:\/\/api.w.org\/{rel}","templated":true}]}}