{"id":9565,"date":"2024-10-18T23:31:14","date_gmt":"2024-10-18T20:31:14","guid":{"rendered":"https:\/\/valika.eu\/?post_type=product&#038;p=9565"},"modified":"2026-02-18T15:10:42","modified_gmt":"2026-02-18T13:10:42","slug":"pehmendav-viinamarjaseemneoli-kaitsev-katekreem-100ml","status":"publish","type":"product","link":"https:\/\/valika.eu\/fi\/toode\/pehmendav-viinamarjaseemneoli-kaitsev-katekreem-100ml\/","title":{"rendered":"Pehment\u00e4v\u00e4 k\u00e4sivoide ryp\u00e4leensiemen\u00f6ljyll\u00e4"},"content":{"rendered":"<p>Olipa kerran, kaukaisessa satumaassa, prinsessa, jonka k\u00e4det kaipasivat pehmeytt\u00e4 ja suojaa. H\u00e4n haaveili voideesta, jolla olisi maagisia ominaisuuksia ja joka tekisi h\u00e4nen ihostaan \u200b\u200bkosteutetun ja sile\u00e4n. Ja t\u00e4ss\u00e4 se on \u2013 esittelemme sinulle t\u00e4m\u00e4n upean ratkaisun: ryp\u00e4leensiemen\u00f6ljy\u00e4 sis\u00e4lt\u00e4v\u00e4n pehment\u00e4v\u00e4n suojaavan k\u00e4sivoiteen.<\/p>\n<p>T\u00e4m\u00e4 voide on luotu arvokkaimmista ainesosista ja tunkeutuu taianomaisesti ihoon antaen sille pehmeytt\u00e4 ja hehkua. Ryp\u00e4leensiemen\u00f6ljyll\u00e4 on hell\u00e4varainen pehment\u00e4v\u00e4 vaikutus, tasoittaa ja kosteuttaa ihoa sek\u00e4 ehk\u00e4isee mustien pisteiden muodostumista. Se kiinteytt\u00e4\u00e4 ja lievitt\u00e4\u00e4 tulehdusta tehden ihosta elastisemman ja sile\u00e4mm\u00e4n lipidikoostumuksensa ansiosta, joka muistuttaa ihon rakennetta, ja vahvistaa sen luonnollista suojakerrosta.<\/p>\n<p>T\u00e4m\u00e4n voiteen sis\u00e4lt\u00e4mien aktiivisten aineosien joukossa on paljon E-vitamiinia, flavonoideja, lesitiini\u00e4 ja antioksidanttia &#8211; resveratrolia, jolla on voimakkaita suojaavia ominaisuuksia. Se suojaa ihoa vapailta radikaaleilta ja hidastaa ik\u00e4\u00e4ntymisprosessia pit\u00e4en prinsessan nuorena ja kauniina vuosia.<\/p>\n<p>Ja mik\u00e4 ihmeellisin asia on, ett\u00e4 t\u00e4m\u00e4 voide ei tukkia huokosia, ei est\u00e4 luonnollista aineenvaihduntaa eik\u00e4 j\u00e4t\u00e4 rasvaista kalvoa iholle. Iho pysyy raikkaana, hengitt\u00e4v\u00e4n\u00e4 ja kutsuvana kosketukseen.<\/p>\n<p>Astu nyt t\u00e4h\u00e4n satutarinaan, jossa ryp\u00e4leensiemen\u00f6ljy\u00e4 sis\u00e4lt\u00e4v\u00e4st\u00e4 kermasta tulee luotettava oppaasi. Anna k\u00e4sillesi pehmeyden ja suojan taika. Jokainen t\u00e4m\u00e4n maagisen voiteen k\u00e4ytt\u00f6kerta on pieni rituaali, joka t\u00e4ytt\u00e4\u00e4 ihosi voimalla ja kauneudella.<\/p>\n<p>Nyt kun tied\u00e4t t\u00e4m\u00e4n upean kauneuden salaisuuden, avaa ovet valaistuun ja lumoavaan maahan, jossa matkasi t\u00e4ydellisyyteen on vasta alussa. Anna k\u00e4sillesi hoitoa, hellyytt\u00e4 ja suojaa ja anna niist\u00e4 tulla kauniita taideteoksia.<\/p>\n<p>Tervetuloa k\u00e4sien satuun, jotka kertovat tarinoita kauneudesta ja j\u00e4tt\u00e4v\u00e4t vaikutelmia syd\u00e4meen. Oppaasi t\u00e4ss\u00e4 maagisessa maailmassa on innovatiivinen suojavoide k\u00e4sille ryp\u00e4leensiemen\u00f6ljyll\u00e4. Luota siihen ja anna k\u00e4tesi vastaanottaa tarina, jonka kerrot maailmalle joka p\u00e4iv\u00e4.<\/p>\n<p>100 ml<\/p>","protected":false},"excerpt":{"rendered":"<p>Olipa kerran, kaukaisessa satumaassa, prinsessa, jonka k\u00e4det kaipasivat pehmeytt\u00e4 ja suojaa. H\u00e4n haaveili voideesta, jolla olisi maagisia ominaisuuksia ja joka<\/p>\n","protected":false},"featured_media":9566,"template":"","meta":[],"product_brand":[],"product_cat":[638],"product_tag":[],"class_list":{"0":"post-9565","1":"product","2":"type-product","3":"status-publish","4":"has-post-thumbnail","6":"product_cat-kreem","8":"first","9":"outofstock","10":"taxable","11":"shipping-taxable","12":"purchasable","13":"product-type-simple"},"yoast_head":"<!-- This site is optimized with the Yoast SEO plugin v24.4 - https:\/\/yoast.com\/wordpress\/plugins\/seo\/ -->\n<title>Pehment\u00e4v\u00e4 k\u00e4sivoide ryp\u00e4leensiemen\u00f6ljyll\u00e4 | Valika<\/title>\n<meta name=\"robots\" content=\"index, follow, max-snippet:-1, max-image-preview:large, max-video-preview:-1\" \/>\n<link rel=\"canonical\" href=\"https:\/\/valika.eu\/fi\/toode\/pehmendav-viinamarjaseemneoli-kaitsev-katekreem-100ml\/\" \/>\n<meta property=\"og:locale\" content=\"fi_FI\" \/>\n<meta property=\"og:type\" content=\"article\" \/>\n<meta property=\"og:title\" content=\"Pehment\u00e4v\u00e4 k\u00e4sivoide ryp\u00e4leensiemen\u00f6ljyll\u00e4 | Valika\" \/>\n<meta property=\"og:description\" content=\"Olipa kerran, kaukaisessa satumaassa, prinsessa, jonka k\u00e4det kaipasivat pehmeytt\u00e4 ja suojaa. H\u00e4n haaveili voideesta, jolla olisi maagisia ominaisuuksia ja joka\" \/>\n<meta property=\"og:url\" content=\"https:\/\/valika.eu\/fi\/toode\/pehmendav-viinamarjaseemneoli-kaitsev-katekreem-100ml\/\" \/>\n<meta property=\"og:site_name\" content=\"Valika\" \/>\n<meta property=\"article:publisher\" content=\"https:\/\/www.facebook.com\/tipsi.net\" \/>\n<meta property=\"article:modified_time\" content=\"2026-02-18T13:10:42+00:00\" \/>\n<meta property=\"og:image\" content=\"https:\/\/valika.eu\/wp-content\/uploads\/2024\/10\/Silcare-Ochronny-krem-do-2.jpg\" \/>\n\t<meta property=\"og:image:width\" content=\"800\" \/>\n\t<meta property=\"og:image:height\" content=\"800\" \/>\n\t<meta property=\"og:image:type\" content=\"image\/jpeg\" \/>\n<meta name=\"twitter:card\" content=\"summary_large_image\" \/>\n<script type=\"application\/ld+json\" class=\"yoast-schema-graph\">{\"@context\":\"https:\/\/schema.org\",\"@graph\":[{\"@type\":\"WebPage\",\"@id\":\"https:\/\/valika.eu\/fi\/toode\/pehmendav-viinamarjaseemneoli-kaitsev-katekreem-100ml\/\",\"url\":\"https:\/\/valika.eu\/fi\/toode\/pehmendav-viinamarjaseemneoli-kaitsev-katekreem-100ml\/\",\"name\":\"Pehment\u00e4v\u00e4 k\u00e4sivoide ryp\u00e4leensiemen\u00f6ljyll\u00e4 | Valika\",\"isPartOf\":{\"@id\":\"https:\/\/valika.eu\/fi\/#website\"},\"primaryImageOfPage\":{\"@id\":\"https:\/\/valika.eu\/fi\/toode\/pehmendav-viinamarjaseemneoli-kaitsev-katekreem-100ml\/#primaryimage\"},\"image\":{\"@id\":\"https:\/\/valika.eu\/toode\/pehmendav-viinamarjaseemneoli-kaitsev-katekreem-100ml\/#primaryimage\"},\"thumbnailUrl\":\"https:\/\/valika.eu\/wp-content\/uploads\/2024\/10\/Silcare-Ochronny-krem-do-2.jpg\",\"datePublished\":\"2024-10-18T20:31:14+00:00\",\"dateModified\":\"2026-02-18T13:10:42+00:00\",\"breadcrumb\":{\"@id\":\"https:\/\/valika.eu\/fi\/toode\/pehmendav-viinamarjaseemneoli-kaitsev-katekreem-100ml\/#breadcrumb\"},\"inLanguage\":\"fi\",\"potentialAction\":[{\"@type\":\"ReadAction\",\"target\":[[\"https:\/\/valika.eu\/fi\/toode\/pehmendav-viinamarjaseemneoli-kaitsev-katekreem-100ml\/\"]]}]},{\"@type\":\"ImageObject\",\"inLanguage\":\"fi\",\"@id\":\"https:\/\/valika.eu\/fi\/toode\/pehmendav-viinamarjaseemneoli-kaitsev-katekreem-100ml\/#primaryimage\",\"url\":\"https:\/\/valika.eu\/wp-content\/uploads\/2024\/10\/Silcare-Ochronny-krem-do-2.jpg\",\"contentUrl\":\"https:\/\/valika.eu\/wp-content\/uploads\/2024\/10\/Silcare-Ochronny-krem-do-2.jpg\",\"width\":800,\"height\":800},{\"@type\":\"BreadcrumbList\",\"@id\":\"https:\/\/valika.eu\/fi\/toode\/pehmendav-viinamarjaseemneoli-kaitsev-katekreem-100ml\/#breadcrumb\",\"itemListElement\":[{\"@type\":\"ListItem\",\"position\":1,\"name\":\"Koti\",\"item\":\"https:\/\/valika.eu\/fi\/\"},{\"@type\":\"ListItem\",\"position\":2,\"name\":\"Shop\",\"item\":\"https:\/\/valika.eu\/fi\/\"},{\"@type\":\"ListItem\",\"position\":3,\"name\":\"\u0421\u043c\u044f\u0433\u0447\u0430\u044e\u0449\u0438\u0439 \u0437\u0430\u0449\u0438\u0442\u043d\u044b\u0439 \u043a\u0440\u0435\u043c \u0434\u043b\u044f \u0440\u0443\u043a \u0441 \u043c\u0430\u0441\u043b\u043e\u043c \u0432\u0438\u043d\u043e\u0433\u0440\u0430\u0434\u043d\u044b\u0445 \u043a\u043e\u0441\u0442\u043e\u0447\u0435\u043a\"}]},{\"@type\":\"WebSite\",\"@id\":\"https:\/\/valika.eu\/fi\/#website\",\"url\":\"https:\/\/valika.eu\/fi\/\",\"name\":\"Valika.eu\",\"description\":\"Salonkituotteet ja kauneudenhoitotuotteet - Valika tarjoaa laajan valikoiman tuotteita ja tarvikkeita kynsiteknikoille, kauneushoitoloille, kampaamoille ja kampaamoille.\",\"publisher\":{\"@id\":\"https:\/\/valika.eu\/fi\/#organization\"},\"alternateName\":\"Valika\",\"potentialAction\":[{\"@type\":\"SearchAction\",\"target\":{\"@type\":\"EntryPoint\",\"urlTemplate\":\"https:\/\/valika.eu\/fi\/?s={search_term_string}\"},\"query-input\":{\"@type\":\"PropertyValueSpecification\",\"valueRequired\":true,\"valueName\":\"search_term_string\"}}],\"inLanguage\":\"fi\"},{\"@type\":\"Organization\",\"@id\":\"https:\/\/valika.eu\/fi\/#organization\",\"name\":\"Salongitoode O\u00dc\",\"alternateName\":\"Valika\",\"url\":\"https:\/\/valika.eu\/fi\/\",\"logo\":{\"@type\":\"ImageObject\",\"inLanguage\":\"fi\",\"@id\":\"https:\/\/valika.eu\/fi\/#\/schema\/logo\/image\/\",\"url\":\"https:\/\/valika.eu\/wp-content\/uploads\/2023\/11\/logo2-valika-footer.png\",\"contentUrl\":\"https:\/\/valika.eu\/wp-content\/uploads\/2023\/11\/logo2-valika-footer.png\",\"width\":200,\"height\":129,\"caption\":\"Salongitoode O\u00dc\"},\"image\":{\"@id\":\"https:\/\/valika.eu\/fi\/#\/schema\/logo\/image\/\"},\"sameAs\":[\"https:\/\/www.facebook.com\/tipsi.net\"]}]}<\/script>\n<!-- \/ Yoast SEO plugin. -->","yoast_head_json":{"title":"Pehment\u00e4v\u00e4 k\u00e4sivoide ryp\u00e4leensiemen\u00f6ljyll\u00e4 | Valika","robots":{"index":"index","follow":"follow","max-snippet":"max-snippet:-1","max-image-preview":"max-image-preview:large","max-video-preview":"max-video-preview:-1"},"canonical":"https:\/\/valika.eu\/fi\/toode\/pehmendav-viinamarjaseemneoli-kaitsev-katekreem-100ml\/","og_locale":"fi_FI","og_type":"article","og_title":"Pehment\u00e4v\u00e4 k\u00e4sivoide ryp\u00e4leensiemen\u00f6ljyll\u00e4 | Valika","og_description":"Olipa kerran, kaukaisessa satumaassa, prinsessa, jonka k\u00e4det kaipasivat pehmeytt\u00e4 ja suojaa. H\u00e4n haaveili voideesta, jolla olisi maagisia ominaisuuksia ja joka","og_url":"https:\/\/valika.eu\/fi\/toode\/pehmendav-viinamarjaseemneoli-kaitsev-katekreem-100ml\/","og_site_name":"Valika","article_publisher":"https:\/\/www.facebook.com\/tipsi.net","article_modified_time":"2026-02-18T13:10:42+00:00","og_image":[{"width":800,"height":800,"url":"https:\/\/valika.eu\/wp-content\/uploads\/2024\/10\/Silcare-Ochronny-krem-do-2.jpg","type":"image\/jpeg"}],"twitter_card":"summary_large_image","schema":{"@context":"https:\/\/schema.org","@graph":[{"@type":"WebPage","@id":"https:\/\/valika.eu\/fi\/toode\/pehmendav-viinamarjaseemneoli-kaitsev-katekreem-100ml\/","url":"https:\/\/valika.eu\/fi\/toode\/pehmendav-viinamarjaseemneoli-kaitsev-katekreem-100ml\/","name":"Pehment\u00e4v\u00e4 k\u00e4sivoide ryp\u00e4leensiemen\u00f6ljyll\u00e4 | Valika","isPartOf":{"@id":"https:\/\/valika.eu\/fi\/#website"},"primaryImageOfPage":{"@id":"https:\/\/valika.eu\/fi\/toode\/pehmendav-viinamarjaseemneoli-kaitsev-katekreem-100ml\/#primaryimage"},"image":{"@id":"https:\/\/valika.eu\/toode\/pehmendav-viinamarjaseemneoli-kaitsev-katekreem-100ml\/#primaryimage"},"thumbnailUrl":"https:\/\/valika.eu\/wp-content\/uploads\/2024\/10\/Silcare-Ochronny-krem-do-2.jpg","datePublished":"2024-10-18T20:31:14+00:00","dateModified":"2026-02-18T13:10:42+00:00","breadcrumb":{"@id":"https:\/\/valika.eu\/fi\/toode\/pehmendav-viinamarjaseemneoli-kaitsev-katekreem-100ml\/#breadcrumb"},"inLanguage":"fi","potentialAction":[{"@type":"ReadAction","target":[["https:\/\/valika.eu\/fi\/toode\/pehmendav-viinamarjaseemneoli-kaitsev-katekreem-100ml\/"]]}]},{"@type":"ImageObject","inLanguage":"fi","@id":"https:\/\/valika.eu\/fi\/toode\/pehmendav-viinamarjaseemneoli-kaitsev-katekreem-100ml\/#primaryimage","url":"https:\/\/valika.eu\/wp-content\/uploads\/2024\/10\/Silcare-Ochronny-krem-do-2.jpg","contentUrl":"https:\/\/valika.eu\/wp-content\/uploads\/2024\/10\/Silcare-Ochronny-krem-do-2.jpg","width":800,"height":800},{"@type":"BreadcrumbList","@id":"https:\/\/valika.eu\/fi\/toode\/pehmendav-viinamarjaseemneoli-kaitsev-katekreem-100ml\/#breadcrumb","itemListElement":[{"@type":"ListItem","position":1,"name":"Koti","item":"https:\/\/valika.eu\/fi\/"},{"@type":"ListItem","position":2,"name":"Shop","item":"https:\/\/valika.eu\/fi\/"},{"@type":"ListItem","position":3,"name":"\u0421\u043c\u044f\u0433\u0447\u0430\u044e\u0449\u0438\u0439 \u0437\u0430\u0449\u0438\u0442\u043d\u044b\u0439 \u043a\u0440\u0435\u043c \u0434\u043b\u044f \u0440\u0443\u043a \u0441 \u043c\u0430\u0441\u043b\u043e\u043c \u0432\u0438\u043d\u043e\u0433\u0440\u0430\u0434\u043d\u044b\u0445 \u043a\u043e\u0441\u0442\u043e\u0447\u0435\u043a"}]},{"@type":"WebSite","@id":"https:\/\/valika.eu\/fi\/#website","url":"https:\/\/valika.eu\/fi\/","name":"Valika.eu","description":"Salonkituotteet ja kauneudenhoitotuotteet - Valika tarjoaa laajan valikoiman tuotteita ja tarvikkeita kynsiteknikoille, kauneushoitoloille, kampaamoille ja kampaamoille.","publisher":{"@id":"https:\/\/valika.eu\/fi\/#organization"},"alternateName":"Valika","potentialAction":[{"@type":"SearchAction","target":{"@type":"EntryPoint","urlTemplate":"https:\/\/valika.eu\/fi\/?s={search_term_string}"},"query-input":{"@type":"PropertyValueSpecification","valueRequired":true,"valueName":"search_term_string"}}],"inLanguage":"fi"},{"@type":"Organization","@id":"https:\/\/valika.eu\/fi\/#organization","name":"Salongitoode O\u00dc","alternateName":"Valika","url":"https:\/\/valika.eu\/fi\/","logo":{"@type":"ImageObject","inLanguage":"fi","@id":"https:\/\/valika.eu\/fi\/#\/schema\/logo\/image\/","url":"https:\/\/valika.eu\/wp-content\/uploads\/2023\/11\/logo2-valika-footer.png","contentUrl":"https:\/\/valika.eu\/wp-content\/uploads\/2023\/11\/logo2-valika-footer.png","width":200,"height":129,"caption":"Salongitoode O\u00dc"},"image":{"@id":"https:\/\/valika.eu\/fi\/#\/schema\/logo\/image\/"},"sameAs":["https:\/\/www.facebook.com\/tipsi.net"]}]}},"jetpack_sharing_enabled":true,"_links":{"self":[{"href":"https:\/\/valika.eu\/fi\/wp-json\/wp\/v2\/product\/9565","targetHints":{"allow":["GET"]}}],"collection":[{"href":"https:\/\/valika.eu\/fi\/wp-json\/wp\/v2\/product"}],"about":[{"href":"https:\/\/valika.eu\/fi\/wp-json\/wp\/v2\/types\/product"}],"wp:featuredmedia":[{"embeddable":true,"href":"https:\/\/valika.eu\/fi\/wp-json\/wp\/v2\/media\/9566"}],"wp:attachment":[{"href":"https:\/\/valika.eu\/fi\/wp-json\/wp\/v2\/media?parent=9565"}],"wp:term":[{"taxonomy":"product_brand","embeddable":true,"href":"https:\/\/valika.eu\/fi\/wp-json\/wp\/v2\/product_brand?post=9565"},{"taxonomy":"product_cat","embeddable":true,"href":"https:\/\/valika.eu\/fi\/wp-json\/wp\/v2\/product_cat?post=9565"},{"taxonomy":"product_tag","embeddable":true,"href":"https:\/\/valika.eu\/fi\/wp-json\/wp\/v2\/product_tag?post=9565"}],"curies":[{"name":"wp","href":"https:\/\/api.w.org\/{rel}","templated":true}]}}