{"id":9573,"date":"2024-10-19T13:34:34","date_gmt":"2024-10-19T10:34:34","guid":{"rendered":"https:\/\/valika.eu\/?post_type=product&#038;p=9573"},"modified":"2025-07-02T05:03:30","modified_gmt":"2025-07-02T02:03:30","slug":"parafiin-kosmeetiline-roosi-415-g","status":"publish","type":"product","link":"https:\/\/valika.eu\/fi\/toode\/parafiin-kosmeetiline-roosi-415-g\/","title":{"rendered":"Parafiini kosmeettinen ruusu, 415 g"},"content":{"rendered":"<p>L\u00e4mpim\u00e4ll\u00e4 parafiinilla on syv\u00e4kosteuttava vaikutus. L\u00e4mmin parafiinihoito antaa parhaan tuloksen kuivien ja kylm\u00e4herkkien k\u00e4sien suojaamiseen ulkoisilta vaikutuksilta. K\u00e4det peitet\u00e4\u00e4n l\u00e4mpim\u00e4ll\u00e4 parafiinilla ja annetaan vaikuttaa froteehansikkaissa. Hoito tekee ihosta sile\u00e4n ja pehme\u00e4n.<\/p>\n<p>Parafiinihoito stimuloi verenkiertoa, rentouttaa, pehment\u00e4\u00e4 ihoa ja rauhoittaa asiakasta sen aikana. Toimenpide on yksinkertainen mutta ylellinen. Parafiini toimii erist\u00e4v\u00e4n\u00e4 materiaalina, joka s\u00e4ilytt\u00e4\u00e4 l\u00e4mm\u00f6n ja kosteuden, ja siksi ihon huokoset avautuvat.<\/p>\n<p>K\u00e4ytt\u00f6:<br \/>\nSulata parafiini kokonaan l\u00e4mmittimell\u00e4, sammuta parafiinil\u00e4mmitin ja odota, kunnes nestem\u00e4isen parafiinin p\u00e4\u00e4lle on muodostunut ohut kalvo. Tarkista, ettei vaha ole liian kuuma iholla. Puhdista ja kuivaa k\u00e4tesi kunnolla, hiero ja rentoudu. Kasta k\u00e4si tai jalka hitaasti parafiinihauteeseen ja nosta se sitten ulos, odota muutama sekunti ja toista kastoprosessi 3-5 kertaa (parafiinia voi levitt\u00e4\u00e4 my\u00f6s siveltimell\u00e4). Laita sitten k\u00e4tesi tai jalat erityiseen muovipussiin ja pyyhe sen ymp\u00e4rille. Anna vaikuttaa 20 minuuttia ja poista sitten parafiini iholta. Kerran k\u00e4ytetty\u00e4 parafiinia voi k\u00e4ytt\u00e4\u00e4 useita kertoja sama henkil\u00f6.<\/p>\n<p>Pakkaus: 415g<br \/>\nParafiinihoito on tarkoitettu:<br \/>\ntuki- ja liikuntaelinten sairauksien ja vammojen seuraukset (murtumat, sijoiltaanmenot, nivelsiteiden repe\u00e4m\u00e4t, niveltulehdus, niveltulehdus),<br \/>\n\u00e4\u00e4reishermoston sairauksiin (selk\u00e4rangan osteokondroosi, johon liittyy neurologisia oireita, neuralgia, neuropatia),<br \/>\nsis\u00e4elinten sairauksiin, naisten sukuelinten alueen kroonisiin sairauksiin ja moniin muihin.<\/p>\n<p>Parafiinihoidon vasta-aiheet ovat:<br \/>\nakuutteja tulehdusprosesseja,<br \/>\nselv\u00e4 ateroskleroosi,<br \/>\nsepelvaltimotauti,<br \/>\nglomerulonefriitti,<br \/>\nkirroosi,<br \/>\ntyrotoksikoosi,<br \/>\ntartuntataudit,<br \/>\nraskauden ja imetyksen toinen puolisko.<\/p>","protected":false},"excerpt":{"rendered":"<p>L\u00e4mpim\u00e4ll\u00e4 parafiinilla on syv\u00e4kosteuttava vaikutus. L\u00e4mmin parafiinihoito antaa parhaan tuloksen kuivien ja kylm\u00e4herkkien k\u00e4sien suojaamiseen ulkoisilta vaikutuksilta. K\u00e4det peitet\u00e4\u00e4n l\u00e4mpim\u00e4ll\u00e4<\/p>\n","protected":false},"featured_media":9575,"template":"","meta":[],"product_brand":[],"product_cat":[638],"product_tag":[],"class_list":{"0":"post-9573","1":"product","2":"type-product","3":"status-publish","4":"has-post-thumbnail","6":"product_cat-kreem","8":"first","9":"instock","10":"taxable","11":"shipping-taxable","12":"purchasable","13":"product-type-simple"},"yoast_head":"<!-- This site is optimized with the Yoast SEO plugin v24.4 - https:\/\/yoast.com\/wordpress\/plugins\/seo\/ -->\n<title>Parafiini kosmeettinen ruusu, 415 g | Valika<\/title>\n<meta name=\"robots\" content=\"index, follow, max-snippet:-1, max-image-preview:large, max-video-preview:-1\" \/>\n<link rel=\"canonical\" href=\"https:\/\/valika.eu\/fi\/toode\/parafiin-kosmeetiline-roosi-415-g\/\" \/>\n<meta property=\"og:locale\" content=\"fi_FI\" \/>\n<meta property=\"og:type\" content=\"article\" \/>\n<meta property=\"og:title\" content=\"Parafiini kosmeettinen ruusu, 415 g | Valika\" \/>\n<meta property=\"og:description\" content=\"L\u00e4mpim\u00e4ll\u00e4 parafiinilla on syv\u00e4kosteuttava vaikutus. L\u00e4mmin parafiinihoito antaa parhaan tuloksen kuivien ja kylm\u00e4herkkien k\u00e4sien suojaamiseen ulkoisilta vaikutuksilta. K\u00e4det peitet\u00e4\u00e4n l\u00e4mpim\u00e4ll\u00e4\" \/>\n<meta property=\"og:url\" content=\"https:\/\/valika.eu\/fi\/toode\/parafiin-kosmeetiline-roosi-415-g\/\" \/>\n<meta property=\"og:site_name\" content=\"Valika\" \/>\n<meta property=\"article:publisher\" content=\"https:\/\/www.facebook.com\/tipsi.net\" \/>\n<meta property=\"article:modified_time\" content=\"2025-07-02T02:03:30+00:00\" \/>\n<meta property=\"og:image\" content=\"https:\/\/valika.eu\/wp-content\/uploads\/2024\/10\/S1e28fc6d865b46c8a714e45c037356c8U.jpg_640x640.jpg_.webp\" \/>\n\t<meta property=\"og:image:width\" content=\"640\" \/>\n\t<meta property=\"og:image:height\" content=\"638\" \/>\n\t<meta property=\"og:image:type\" content=\"image\/webp\" \/>\n<meta name=\"twitter:card\" content=\"summary_large_image\" \/>\n<script type=\"application\/ld+json\" class=\"yoast-schema-graph\">{\"@context\":\"https:\/\/schema.org\",\"@graph\":[{\"@type\":\"WebPage\",\"@id\":\"https:\/\/valika.eu\/fi\/toode\/parafiin-kosmeetiline-roosi-415-g\/\",\"url\":\"https:\/\/valika.eu\/fi\/toode\/parafiin-kosmeetiline-roosi-415-g\/\",\"name\":\"Parafiini kosmeettinen ruusu, 415 g | Valika\",\"isPartOf\":{\"@id\":\"https:\/\/valika.eu\/fi\/#website\"},\"primaryImageOfPage\":{\"@id\":\"https:\/\/valika.eu\/fi\/toode\/parafiin-kosmeetiline-roosi-415-g\/#primaryimage\"},\"image\":{\"@id\":\"https:\/\/valika.eu\/toode\/parafiin-kosmeetiline-roosi-415-g\/#primaryimage\"},\"thumbnailUrl\":\"https:\/\/valika.eu\/wp-content\/uploads\/2024\/10\/S1e28fc6d865b46c8a714e45c037356c8U.jpg_640x640.jpg_.webp\",\"datePublished\":\"2024-10-19T10:34:34+00:00\",\"dateModified\":\"2025-07-02T02:03:30+00:00\",\"breadcrumb\":{\"@id\":\"https:\/\/valika.eu\/fi\/toode\/parafiin-kosmeetiline-roosi-415-g\/#breadcrumb\"},\"inLanguage\":\"fi\",\"potentialAction\":[{\"@type\":\"ReadAction\",\"target\":[[\"https:\/\/valika.eu\/fi\/toode\/parafiin-kosmeetiline-roosi-415-g\/\"]]}]},{\"@type\":\"ImageObject\",\"inLanguage\":\"fi\",\"@id\":\"https:\/\/valika.eu\/fi\/toode\/parafiin-kosmeetiline-roosi-415-g\/#primaryimage\",\"url\":\"https:\/\/valika.eu\/wp-content\/uploads\/2024\/10\/S1e28fc6d865b46c8a714e45c037356c8U.jpg_640x640.jpg_.webp\",\"contentUrl\":\"https:\/\/valika.eu\/wp-content\/uploads\/2024\/10\/S1e28fc6d865b46c8a714e45c037356c8U.jpg_640x640.jpg_.webp\",\"width\":640,\"height\":638},{\"@type\":\"BreadcrumbList\",\"@id\":\"https:\/\/valika.eu\/fi\/toode\/parafiin-kosmeetiline-roosi-415-g\/#breadcrumb\",\"itemListElement\":[{\"@type\":\"ListItem\",\"position\":1,\"name\":\"Koti\",\"item\":\"https:\/\/valika.eu\/fi\/\"},{\"@type\":\"ListItem\",\"position\":2,\"name\":\"Shop\",\"item\":\"https:\/\/valika.eu\/fi\/\"},{\"@type\":\"ListItem\",\"position\":3,\"name\":\"Cosmetic paraffin rose, 415 g\"}]},{\"@type\":\"WebSite\",\"@id\":\"https:\/\/valika.eu\/fi\/#website\",\"url\":\"https:\/\/valika.eu\/fi\/\",\"name\":\"Valika.eu\",\"description\":\"Salonkituotteet ja kauneudenhoitotuotteet - Valika tarjoaa laajan valikoiman tuotteita ja tarvikkeita kynsiteknikoille, kauneushoitoloille, kampaamoille ja kampaamoille.\",\"publisher\":{\"@id\":\"https:\/\/valika.eu\/fi\/#organization\"},\"alternateName\":\"Valika\",\"potentialAction\":[{\"@type\":\"SearchAction\",\"target\":{\"@type\":\"EntryPoint\",\"urlTemplate\":\"https:\/\/valika.eu\/fi\/?s={search_term_string}\"},\"query-input\":{\"@type\":\"PropertyValueSpecification\",\"valueRequired\":true,\"valueName\":\"search_term_string\"}}],\"inLanguage\":\"fi\"},{\"@type\":\"Organization\",\"@id\":\"https:\/\/valika.eu\/fi\/#organization\",\"name\":\"Salongitoode O\u00dc\",\"alternateName\":\"Valika\",\"url\":\"https:\/\/valika.eu\/fi\/\",\"logo\":{\"@type\":\"ImageObject\",\"inLanguage\":\"fi\",\"@id\":\"https:\/\/valika.eu\/fi\/#\/schema\/logo\/image\/\",\"url\":\"https:\/\/valika.eu\/wp-content\/uploads\/2023\/11\/logo2-valika-footer.png\",\"contentUrl\":\"https:\/\/valika.eu\/wp-content\/uploads\/2023\/11\/logo2-valika-footer.png\",\"width\":200,\"height\":129,\"caption\":\"Salongitoode O\u00dc\"},\"image\":{\"@id\":\"https:\/\/valika.eu\/fi\/#\/schema\/logo\/image\/\"},\"sameAs\":[\"https:\/\/www.facebook.com\/tipsi.net\"]}]}<\/script>\n<!-- \/ Yoast SEO plugin. -->","yoast_head_json":{"title":"Parafiini kosmeettinen ruusu, 415 g | Valika","robots":{"index":"index","follow":"follow","max-snippet":"max-snippet:-1","max-image-preview":"max-image-preview:large","max-video-preview":"max-video-preview:-1"},"canonical":"https:\/\/valika.eu\/fi\/toode\/parafiin-kosmeetiline-roosi-415-g\/","og_locale":"fi_FI","og_type":"article","og_title":"Parafiini kosmeettinen ruusu, 415 g | Valika","og_description":"L\u00e4mpim\u00e4ll\u00e4 parafiinilla on syv\u00e4kosteuttava vaikutus. L\u00e4mmin parafiinihoito antaa parhaan tuloksen kuivien ja kylm\u00e4herkkien k\u00e4sien suojaamiseen ulkoisilta vaikutuksilta. K\u00e4det peitet\u00e4\u00e4n l\u00e4mpim\u00e4ll\u00e4","og_url":"https:\/\/valika.eu\/fi\/toode\/parafiin-kosmeetiline-roosi-415-g\/","og_site_name":"Valika","article_publisher":"https:\/\/www.facebook.com\/tipsi.net","article_modified_time":"2025-07-02T02:03:30+00:00","og_image":[{"width":640,"height":638,"url":"https:\/\/valika.eu\/wp-content\/uploads\/2024\/10\/S1e28fc6d865b46c8a714e45c037356c8U.jpg_640x640.jpg_.webp","type":"image\/webp"}],"twitter_card":"summary_large_image","schema":{"@context":"https:\/\/schema.org","@graph":[{"@type":"WebPage","@id":"https:\/\/valika.eu\/fi\/toode\/parafiin-kosmeetiline-roosi-415-g\/","url":"https:\/\/valika.eu\/fi\/toode\/parafiin-kosmeetiline-roosi-415-g\/","name":"Parafiini kosmeettinen ruusu, 415 g | Valika","isPartOf":{"@id":"https:\/\/valika.eu\/fi\/#website"},"primaryImageOfPage":{"@id":"https:\/\/valika.eu\/fi\/toode\/parafiin-kosmeetiline-roosi-415-g\/#primaryimage"},"image":{"@id":"https:\/\/valika.eu\/toode\/parafiin-kosmeetiline-roosi-415-g\/#primaryimage"},"thumbnailUrl":"https:\/\/valika.eu\/wp-content\/uploads\/2024\/10\/S1e28fc6d865b46c8a714e45c037356c8U.jpg_640x640.jpg_.webp","datePublished":"2024-10-19T10:34:34+00:00","dateModified":"2025-07-02T02:03:30+00:00","breadcrumb":{"@id":"https:\/\/valika.eu\/fi\/toode\/parafiin-kosmeetiline-roosi-415-g\/#breadcrumb"},"inLanguage":"fi","potentialAction":[{"@type":"ReadAction","target":[["https:\/\/valika.eu\/fi\/toode\/parafiin-kosmeetiline-roosi-415-g\/"]]}]},{"@type":"ImageObject","inLanguage":"fi","@id":"https:\/\/valika.eu\/fi\/toode\/parafiin-kosmeetiline-roosi-415-g\/#primaryimage","url":"https:\/\/valika.eu\/wp-content\/uploads\/2024\/10\/S1e28fc6d865b46c8a714e45c037356c8U.jpg_640x640.jpg_.webp","contentUrl":"https:\/\/valika.eu\/wp-content\/uploads\/2024\/10\/S1e28fc6d865b46c8a714e45c037356c8U.jpg_640x640.jpg_.webp","width":640,"height":638},{"@type":"BreadcrumbList","@id":"https:\/\/valika.eu\/fi\/toode\/parafiin-kosmeetiline-roosi-415-g\/#breadcrumb","itemListElement":[{"@type":"ListItem","position":1,"name":"Koti","item":"https:\/\/valika.eu\/fi\/"},{"@type":"ListItem","position":2,"name":"Shop","item":"https:\/\/valika.eu\/fi\/"},{"@type":"ListItem","position":3,"name":"Cosmetic paraffin rose, 415 g"}]},{"@type":"WebSite","@id":"https:\/\/valika.eu\/fi\/#website","url":"https:\/\/valika.eu\/fi\/","name":"Valika.eu","description":"Salonkituotteet ja kauneudenhoitotuotteet - Valika tarjoaa laajan valikoiman tuotteita ja tarvikkeita kynsiteknikoille, kauneushoitoloille, kampaamoille ja kampaamoille.","publisher":{"@id":"https:\/\/valika.eu\/fi\/#organization"},"alternateName":"Valika","potentialAction":[{"@type":"SearchAction","target":{"@type":"EntryPoint","urlTemplate":"https:\/\/valika.eu\/fi\/?s={search_term_string}"},"query-input":{"@type":"PropertyValueSpecification","valueRequired":true,"valueName":"search_term_string"}}],"inLanguage":"fi"},{"@type":"Organization","@id":"https:\/\/valika.eu\/fi\/#organization","name":"Salongitoode O\u00dc","alternateName":"Valika","url":"https:\/\/valika.eu\/fi\/","logo":{"@type":"ImageObject","inLanguage":"fi","@id":"https:\/\/valika.eu\/fi\/#\/schema\/logo\/image\/","url":"https:\/\/valika.eu\/wp-content\/uploads\/2023\/11\/logo2-valika-footer.png","contentUrl":"https:\/\/valika.eu\/wp-content\/uploads\/2023\/11\/logo2-valika-footer.png","width":200,"height":129,"caption":"Salongitoode O\u00dc"},"image":{"@id":"https:\/\/valika.eu\/fi\/#\/schema\/logo\/image\/"},"sameAs":["https:\/\/www.facebook.com\/tipsi.net"]}]}},"jetpack_sharing_enabled":true,"_links":{"self":[{"href":"https:\/\/valika.eu\/fi\/wp-json\/wp\/v2\/product\/9573","targetHints":{"allow":["GET"]}}],"collection":[{"href":"https:\/\/valika.eu\/fi\/wp-json\/wp\/v2\/product"}],"about":[{"href":"https:\/\/valika.eu\/fi\/wp-json\/wp\/v2\/types\/product"}],"wp:featuredmedia":[{"embeddable":true,"href":"https:\/\/valika.eu\/fi\/wp-json\/wp\/v2\/media\/9575"}],"wp:attachment":[{"href":"https:\/\/valika.eu\/fi\/wp-json\/wp\/v2\/media?parent=9573"}],"wp:term":[{"taxonomy":"product_brand","embeddable":true,"href":"https:\/\/valika.eu\/fi\/wp-json\/wp\/v2\/product_brand?post=9573"},{"taxonomy":"product_cat","embeddable":true,"href":"https:\/\/valika.eu\/fi\/wp-json\/wp\/v2\/product_cat?post=9573"},{"taxonomy":"product_tag","embeddable":true,"href":"https:\/\/valika.eu\/fi\/wp-json\/wp\/v2\/product_tag?post=9573"}],"curies":[{"name":"wp","href":"https:\/\/api.w.org\/{rel}","templated":true}]}}