{"id":9578,"date":"2024-10-20T00:21:43","date_gmt":"2024-10-19T21:21:43","guid":{"rendered":"https:\/\/valika.eu\/?post_type=product&#038;p=9578"},"modified":"2025-10-27T15:46:56","modified_gmt":"2025-10-27T13:46:56","slug":"kuumaohusterilisaator-ch-360t","status":"publish","type":"product","link":"https:\/\/valika.eu\/fi\/toode\/kuumaohusterilisaator-ch-360t\/","title":{"rendered":"Sterilointilaite Kuivauuni  CH-360T"},"content":{"rendered":"<p>Kuumailmasterilointilaite CH-360T on suunniteltu manikyyri- ja pedikyyriinstrumenttien sterilointiin ennen toimenpidett\u00e4 sek\u00e4 puhdistukseen toimenpiteen j\u00e4lkeen. Termosterilisaattorin sis\u00e4osa on valmistettu ruostumattomasta ter\u00e4ksest\u00e4. Laitteen sis\u00e4ll\u00e4 on erityinen irrotettava s\u00e4ili\u00f6 instrumenttien s\u00e4ilytt\u00e4mist\u00e4 ja sterilointia varten. Kuumailmasterilointilaite CH-360T on varustettu kaikilla laadukkaaseen sterilointiin tarvittavilla toiminnoilla.<\/p>\n<p>Ajastin + ajastimen merkkivalo. Ajastimen avulla voit ohjata sterilointiaikaa, joka m\u00e4\u00e4r\u00e4ytyy kontaminaatioasteen ja instrumentin valmistusmateriaalin mukaan. Seuraavat aikatilat ovat k\u00e4ytett\u00e4viss\u00e4: 0 &#8211; 60 minuuttia. Kun sterilointiaika on ohi, ajastin ilmoittaa t\u00e4st\u00e4 \u00e4\u00e4nimerkill\u00e4;<br \/>\nL\u00e4mp\u00f6tilans\u00e4\u00e4din + ty\u00f6n merkkivalo. L\u00e4mp\u00f6tilas\u00e4\u00e4timen avulla on mahdollista asettaa sterilointiin tarvittavat l\u00e4mp\u00f6tilaolosuhteet. L\u00e4mp\u00f6tila m\u00e4\u00e4r\u00e4ytyy ty\u00f6kalun materiaalin mukaan. K\u00e4ytett\u00e4viss\u00e4 oleva l\u00e4mp\u00f6tila-alue: 0 &#8211; 220 \u00b0C. Ainutlaatuinen magneettinen kytkent\u00e4j\u00e4rjestelm\u00e4.<\/p>\n<p>Termostaatti: 0 &#8211; 220 \u00b0C<br \/>\nAjastin: 0 &#8211; 60 minuuttia<br \/>\nJ\u00e4nnite: 220V<br \/>\nTeho: 300W<br \/>\nMitat: 35x24x22 cm<br \/>\nTy\u00f6kammion tilavuus on 1,8 litraa.<br \/>\nSis\u00e4kammion koko: 24x11x5,5 cm<\/p>\n<p>VAROTOIMENPITEET<br \/>\nHUOMIO!!!<\/p>\n<p>Laite soveltuu vain metallisoittimille.<\/p>\n<p>Suositeltu l\u00e4mp\u00f6tila on korkeintaan 175-180 \u00b0C 30 minuutin ajan. Katso seuraavaksi sterilointipussin ilmaisinta. Jos aika ylittyy huomattavasti, ty\u00f6kalut voivat tylsisty\u00e4!<\/p>\n<p>VALMISTELU K\u00c4YTT\u00d6\u00d6N<br \/>\n1. Avaa kansi ja tarkista, ett\u00e4 metallis\u00e4ili\u00f6n kaikissa kulmissa on suojaavat kuminauhat ylh\u00e4\u00e4lt\u00e4 ja alhaalta. Jos l\u00f6yd\u00e4t sen, kuori se vapaasti pois, jotta sinulla ei ole pist\u00e4v\u00e4\u00e4 hajua, kun k\u00e4ynnist\u00e4t sen ensimm\u00e4isen kerran.<br \/>\n2. Tee sama metallipohjan kanssa<br \/>\n3. Suorita sterilointikoe 150\u00b0C:ssa 15 minuutin ajan ilman ty\u00f6kaluja. (Kuinka juosta &#8211; alla)<\/p>\n<p> K\u00c4YTT\u00c4\u00c4<br \/>\n1. Liit\u00e4 virtajohto sterilointilaitteeseen ja pistorasiaan (Euro-pistoke).<br \/>\n2. Aseta steriloitava instrumentti ruostumattomasta ter\u00e4ksest\u00e4 valmistettuun kylpyyn ja sulje sterilointilaitteen kansi.<br \/>\n3. M\u00e4\u00e4rit\u00e4 tarvittava aika. Aloita kuivalla l\u00e4mp\u00f6ty\u00f6skentelyl\u00e4mp\u00f6tilalla 175-180\u00b0C 15 minuutin ajan! T\u00e4ss\u00e4 l\u00e4mp\u00f6tilassa 100 % bakteereista ja bakteereista kuolee.<br \/>\n4. Aseta haluamasi l\u00e4mp\u00f6tila (sterilointilaite k\u00e4ynnistyy).<br \/>\n5. Punainen valo osoittaa, ett\u00e4 sterilointilaite on alkanut toimia.<br \/>\n6. Vihre\u00e4 merkkivalo osoittaa, ett\u00e4 sterilointilaite on alkanut l\u00e4mmitt\u00e4\u00e4 (niin kun se sammuu, sterilointilaite on saavuttanut vaaditun l\u00e4mp\u00f6tilan).<br \/>\n7. Punainen merkkivalo sammuu &#8211; sterilointi on valmis<br \/>\n8. Avaa varovasti sterilointilaitteen kansi ja kiinnit\u00e4 lava kahdella renkaalla (sis\u00e4ltyy sarjaan) erityisill\u00e4 korvakkeilla ja nosta se esivalmistetulle pinnalle.<br \/>\n9. Odota, ett\u00e4 laite j\u00e4\u00e4htyy kokonaan.<\/p>","protected":false},"excerpt":{"rendered":"<p>Kuumailmasterilointilaite CH-360T on suunniteltu manikyyri- ja pedikyyriinstrumenttien sterilointiin ennen toimenpidett\u00e4 sek\u00e4 puhdistukseen toimenpiteen j\u00e4lkeen. Termosterilisaattorin sis\u00e4osa on valmistettu ruostumattomasta ter\u00e4ksest\u00e4.<\/p>\n","protected":false},"featured_media":9579,"template":"","meta":[],"product_brand":[],"product_cat":[351,24,640],"product_tag":[],"class_list":{"0":"post-9578","1":"product","2":"type-product","3":"status-publish","4":"has-post-thumbnail","6":"product_cat-sterilisaator-seadmed","7":"product_cat-ilusalongimoobel","8":"product_cat-sterilisaatorid","10":"first","11":"instock","12":"taxable","13":"shipping-taxable","14":"purchasable","15":"product-type-simple"},"yoast_head":"<!-- This site is optimized with the Yoast SEO plugin v24.4 - https:\/\/yoast.com\/wordpress\/plugins\/seo\/ -->\n<title>Sterilointilaite Kuivauuni CH-360T | Valika<\/title>\n<meta name=\"robots\" content=\"index, follow, max-snippet:-1, max-image-preview:large, max-video-preview:-1\" \/>\n<link rel=\"canonical\" href=\"https:\/\/valika.eu\/fi\/toode\/kuumaohusterilisaator-ch-360t\/\" \/>\n<meta property=\"og:locale\" content=\"fi_FI\" \/>\n<meta property=\"og:type\" content=\"article\" \/>\n<meta property=\"og:title\" content=\"Sterilointilaite Kuivauuni CH-360T | Valika\" \/>\n<meta property=\"og:description\" content=\"Kuumailmasterilointilaite CH-360T on suunniteltu manikyyri- ja pedikyyriinstrumenttien sterilointiin ennen toimenpidett\u00e4 sek\u00e4 puhdistukseen toimenpiteen j\u00e4lkeen. Termosterilisaattorin sis\u00e4osa on valmistettu ruostumattomasta ter\u00e4ksest\u00e4.\" \/>\n<meta property=\"og:url\" content=\"https:\/\/valika.eu\/fi\/toode\/kuumaohusterilisaator-ch-360t\/\" \/>\n<meta property=\"og:site_name\" content=\"Valika\" \/>\n<meta property=\"article:publisher\" content=\"https:\/\/www.facebook.com\/tipsi.net\" \/>\n<meta property=\"article:modified_time\" content=\"2025-10-27T13:46:56+00:00\" \/>\n<meta property=\"og:image\" content=\"https:\/\/valika.eu\/wp-content\/uploads\/2024\/10\/kuumaohusterilisaator-C-10.jpg\" \/>\n\t<meta property=\"og:image:width\" content=\"800\" \/>\n\t<meta property=\"og:image:height\" content=\"800\" \/>\n\t<meta property=\"og:image:type\" content=\"image\/jpeg\" \/>\n<meta name=\"twitter:card\" content=\"summary_large_image\" \/>\n<script type=\"application\/ld+json\" class=\"yoast-schema-graph\">{\"@context\":\"https:\/\/schema.org\",\"@graph\":[{\"@type\":\"WebPage\",\"@id\":\"https:\/\/valika.eu\/fi\/toode\/kuumaohusterilisaator-ch-360t\/\",\"url\":\"https:\/\/valika.eu\/fi\/toode\/kuumaohusterilisaator-ch-360t\/\",\"name\":\"Sterilointilaite Kuivauuni CH-360T | Valika\",\"isPartOf\":{\"@id\":\"https:\/\/valika.eu\/fi\/#website\"},\"primaryImageOfPage\":{\"@id\":\"https:\/\/valika.eu\/fi\/toode\/kuumaohusterilisaator-ch-360t\/#primaryimage\"},\"image\":{\"@id\":\"https:\/\/valika.eu\/toode\/kuumaohusterilisaator-ch-360t\/#primaryimage\"},\"thumbnailUrl\":\"https:\/\/valika.eu\/wp-content\/uploads\/2024\/10\/kuumaohusterilisaator-C-10.jpg\",\"datePublished\":\"2024-10-19T21:21:43+00:00\",\"dateModified\":\"2025-10-27T13:46:56+00:00\",\"breadcrumb\":{\"@id\":\"https:\/\/valika.eu\/fi\/toode\/kuumaohusterilisaator-ch-360t\/#breadcrumb\"},\"inLanguage\":\"fi\",\"potentialAction\":[{\"@type\":\"ReadAction\",\"target\":[[\"https:\/\/valika.eu\/fi\/toode\/kuumaohusterilisaator-ch-360t\/\"]]}]},{\"@type\":\"ImageObject\",\"inLanguage\":\"fi\",\"@id\":\"https:\/\/valika.eu\/fi\/toode\/kuumaohusterilisaator-ch-360t\/#primaryimage\",\"url\":\"https:\/\/valika.eu\/wp-content\/uploads\/2024\/10\/kuumaohusterilisaator-C-10.jpg\",\"contentUrl\":\"https:\/\/valika.eu\/wp-content\/uploads\/2024\/10\/kuumaohusterilisaator-C-10.jpg\",\"width\":800,\"height\":800},{\"@type\":\"BreadcrumbList\",\"@id\":\"https:\/\/valika.eu\/fi\/toode\/kuumaohusterilisaator-ch-360t\/#breadcrumb\",\"itemListElement\":[{\"@type\":\"ListItem\",\"position\":1,\"name\":\"Koti\",\"item\":\"https:\/\/valika.eu\/fi\/\"},{\"@type\":\"ListItem\",\"position\":2,\"name\":\"Shop\",\"item\":\"https:\/\/valika.eu\/fi\/\"},{\"@type\":\"ListItem\",\"position\":3,\"name\":\"Kuuma\u00f5husterilisaator CH-360T\"}]},{\"@type\":\"WebSite\",\"@id\":\"https:\/\/valika.eu\/fi\/#website\",\"url\":\"https:\/\/valika.eu\/fi\/\",\"name\":\"Valika.eu\",\"description\":\"Salonkituotteet ja kauneudenhoitotuotteet - Valika tarjoaa laajan valikoiman tuotteita ja tarvikkeita kynsiteknikoille, kauneushoitoloille, kampaamoille ja kampaamoille.\",\"publisher\":{\"@id\":\"https:\/\/valika.eu\/fi\/#organization\"},\"alternateName\":\"Valika\",\"potentialAction\":[{\"@type\":\"SearchAction\",\"target\":{\"@type\":\"EntryPoint\",\"urlTemplate\":\"https:\/\/valika.eu\/fi\/?s={search_term_string}\"},\"query-input\":{\"@type\":\"PropertyValueSpecification\",\"valueRequired\":true,\"valueName\":\"search_term_string\"}}],\"inLanguage\":\"fi\"},{\"@type\":\"Organization\",\"@id\":\"https:\/\/valika.eu\/fi\/#organization\",\"name\":\"Salongitoode O\u00dc\",\"alternateName\":\"Valika\",\"url\":\"https:\/\/valika.eu\/fi\/\",\"logo\":{\"@type\":\"ImageObject\",\"inLanguage\":\"fi\",\"@id\":\"https:\/\/valika.eu\/fi\/#\/schema\/logo\/image\/\",\"url\":\"https:\/\/valika.eu\/wp-content\/uploads\/2023\/11\/logo2-valika-footer.png\",\"contentUrl\":\"https:\/\/valika.eu\/wp-content\/uploads\/2023\/11\/logo2-valika-footer.png\",\"width\":200,\"height\":129,\"caption\":\"Salongitoode O\u00dc\"},\"image\":{\"@id\":\"https:\/\/valika.eu\/fi\/#\/schema\/logo\/image\/\"},\"sameAs\":[\"https:\/\/www.facebook.com\/tipsi.net\"]}]}<\/script>\n<!-- \/ Yoast SEO plugin. -->","yoast_head_json":{"title":"Sterilointilaite Kuivauuni CH-360T | Valika","robots":{"index":"index","follow":"follow","max-snippet":"max-snippet:-1","max-image-preview":"max-image-preview:large","max-video-preview":"max-video-preview:-1"},"canonical":"https:\/\/valika.eu\/fi\/toode\/kuumaohusterilisaator-ch-360t\/","og_locale":"fi_FI","og_type":"article","og_title":"Sterilointilaite Kuivauuni CH-360T | Valika","og_description":"Kuumailmasterilointilaite CH-360T on suunniteltu manikyyri- ja pedikyyriinstrumenttien sterilointiin ennen toimenpidett\u00e4 sek\u00e4 puhdistukseen toimenpiteen j\u00e4lkeen. Termosterilisaattorin sis\u00e4osa on valmistettu ruostumattomasta ter\u00e4ksest\u00e4.","og_url":"https:\/\/valika.eu\/fi\/toode\/kuumaohusterilisaator-ch-360t\/","og_site_name":"Valika","article_publisher":"https:\/\/www.facebook.com\/tipsi.net","article_modified_time":"2025-10-27T13:46:56+00:00","og_image":[{"width":800,"height":800,"url":"https:\/\/valika.eu\/wp-content\/uploads\/2024\/10\/kuumaohusterilisaator-C-10.jpg","type":"image\/jpeg"}],"twitter_card":"summary_large_image","schema":{"@context":"https:\/\/schema.org","@graph":[{"@type":"WebPage","@id":"https:\/\/valika.eu\/fi\/toode\/kuumaohusterilisaator-ch-360t\/","url":"https:\/\/valika.eu\/fi\/toode\/kuumaohusterilisaator-ch-360t\/","name":"Sterilointilaite Kuivauuni CH-360T | Valika","isPartOf":{"@id":"https:\/\/valika.eu\/fi\/#website"},"primaryImageOfPage":{"@id":"https:\/\/valika.eu\/fi\/toode\/kuumaohusterilisaator-ch-360t\/#primaryimage"},"image":{"@id":"https:\/\/valika.eu\/toode\/kuumaohusterilisaator-ch-360t\/#primaryimage"},"thumbnailUrl":"https:\/\/valika.eu\/wp-content\/uploads\/2024\/10\/kuumaohusterilisaator-C-10.jpg","datePublished":"2024-10-19T21:21:43+00:00","dateModified":"2025-10-27T13:46:56+00:00","breadcrumb":{"@id":"https:\/\/valika.eu\/fi\/toode\/kuumaohusterilisaator-ch-360t\/#breadcrumb"},"inLanguage":"fi","potentialAction":[{"@type":"ReadAction","target":[["https:\/\/valika.eu\/fi\/toode\/kuumaohusterilisaator-ch-360t\/"]]}]},{"@type":"ImageObject","inLanguage":"fi","@id":"https:\/\/valika.eu\/fi\/toode\/kuumaohusterilisaator-ch-360t\/#primaryimage","url":"https:\/\/valika.eu\/wp-content\/uploads\/2024\/10\/kuumaohusterilisaator-C-10.jpg","contentUrl":"https:\/\/valika.eu\/wp-content\/uploads\/2024\/10\/kuumaohusterilisaator-C-10.jpg","width":800,"height":800},{"@type":"BreadcrumbList","@id":"https:\/\/valika.eu\/fi\/toode\/kuumaohusterilisaator-ch-360t\/#breadcrumb","itemListElement":[{"@type":"ListItem","position":1,"name":"Koti","item":"https:\/\/valika.eu\/fi\/"},{"@type":"ListItem","position":2,"name":"Shop","item":"https:\/\/valika.eu\/fi\/"},{"@type":"ListItem","position":3,"name":"Kuuma\u00f5husterilisaator CH-360T"}]},{"@type":"WebSite","@id":"https:\/\/valika.eu\/fi\/#website","url":"https:\/\/valika.eu\/fi\/","name":"Valika.eu","description":"Salonkituotteet ja kauneudenhoitotuotteet - Valika tarjoaa laajan valikoiman tuotteita ja tarvikkeita kynsiteknikoille, kauneushoitoloille, kampaamoille ja kampaamoille.","publisher":{"@id":"https:\/\/valika.eu\/fi\/#organization"},"alternateName":"Valika","potentialAction":[{"@type":"SearchAction","target":{"@type":"EntryPoint","urlTemplate":"https:\/\/valika.eu\/fi\/?s={search_term_string}"},"query-input":{"@type":"PropertyValueSpecification","valueRequired":true,"valueName":"search_term_string"}}],"inLanguage":"fi"},{"@type":"Organization","@id":"https:\/\/valika.eu\/fi\/#organization","name":"Salongitoode O\u00dc","alternateName":"Valika","url":"https:\/\/valika.eu\/fi\/","logo":{"@type":"ImageObject","inLanguage":"fi","@id":"https:\/\/valika.eu\/fi\/#\/schema\/logo\/image\/","url":"https:\/\/valika.eu\/wp-content\/uploads\/2023\/11\/logo2-valika-footer.png","contentUrl":"https:\/\/valika.eu\/wp-content\/uploads\/2023\/11\/logo2-valika-footer.png","width":200,"height":129,"caption":"Salongitoode O\u00dc"},"image":{"@id":"https:\/\/valika.eu\/fi\/#\/schema\/logo\/image\/"},"sameAs":["https:\/\/www.facebook.com\/tipsi.net"]}]}},"jetpack_sharing_enabled":true,"_links":{"self":[{"href":"https:\/\/valika.eu\/fi\/wp-json\/wp\/v2\/product\/9578","targetHints":{"allow":["GET"]}}],"collection":[{"href":"https:\/\/valika.eu\/fi\/wp-json\/wp\/v2\/product"}],"about":[{"href":"https:\/\/valika.eu\/fi\/wp-json\/wp\/v2\/types\/product"}],"wp:featuredmedia":[{"embeddable":true,"href":"https:\/\/valika.eu\/fi\/wp-json\/wp\/v2\/media\/9579"}],"wp:attachment":[{"href":"https:\/\/valika.eu\/fi\/wp-json\/wp\/v2\/media?parent=9578"}],"wp:term":[{"taxonomy":"product_brand","embeddable":true,"href":"https:\/\/valika.eu\/fi\/wp-json\/wp\/v2\/product_brand?post=9578"},{"taxonomy":"product_cat","embeddable":true,"href":"https:\/\/valika.eu\/fi\/wp-json\/wp\/v2\/product_cat?post=9578"},{"taxonomy":"product_tag","embeddable":true,"href":"https:\/\/valika.eu\/fi\/wp-json\/wp\/v2\/product_tag?post=9578"}],"curies":[{"name":"wp","href":"https:\/\/api.w.org\/{rel}","templated":true}]}}