{"id":9590,"date":"2024-10-20T01:37:05","date_gmt":"2024-10-19T22:37:05","guid":{"rendered":"https:\/\/valika.eu\/?post_type=product&#038;p=9590"},"modified":"2025-10-27T15:46:56","modified_gmt":"2025-10-27T13:46:56","slug":"kuumaohu-sterilisaator-nv-210","status":"publish","type":"product","link":"https:\/\/valika.eu\/fi\/toode\/kuumaohu-sterilisaator-nv-210\/","title":{"rendered":"Sterilointilaite Kuivauuni NV -210"},"content":{"rendered":"<p>PAREMPI KUIN AUTOKLAAVI?<\/p>\n<p>JOO. Verrattuna &#8220;kosteal\u00e4mp\u00f6iseen&#8221; autoklaaviin, kuival\u00e4mp\u00f6sterilointi on tarkoitettu erityisesti salongiinstrumenteille, koska se ei sy\u00f6vyt\u00e4, on suhteellisen edullinen ja vaatii vain v\u00e4h\u00e4n asennusta ja huoltoa.<\/p>\n<p>Ennen kuin liit\u00e4t koneen verkkovirtaan, tarkista, ett\u00e4 tarrassa olevat tiedot (j\u00e4nnite ja virrankulutus) vastaavat j\u00e4rjestelm\u00e4n s\u00e4hk\u00f6virran ominaisuuksia.<br \/>\nLaite voidaan puhdistaa veteen tai tavallisiin pesuaineisiin kostutetulla liinalla, jos ne eiv\u00e4t sis\u00e4ll\u00e4 alkoholia tai asetonia. Varmista kuitenkin ennen puhdistamista, ett\u00e4 laite on irrotettu verkkovirrasta ja ett\u00e4 se on j\u00e4\u00e4htynyt kunnolla.<br \/>\n\u00c4l\u00e4 koskaan k\u00e4yt\u00e4 t\u00e4t\u00e4 laitetta kylvyn vesis\u00e4ili\u00f6n l\u00e4hell\u00e4. Kylpyammeet, pesualtaat tai muut astiat. T\u00e4m\u00e4 sterilointilaite tulee asentaa et\u00e4\u00e4lle kylvyss\u00e4 tai suihkussa olevista ihmisist\u00e4.<br \/>\nVesi on vakava vaara , vaikka laite olisi sammutettu , \u00e4l\u00e4 j\u00e4t\u00e4 laitetta liitettyn\u00e4 virtal\u00e4hteeseen kylpyhuoneen k\u00e4yt\u00f6n j\u00e4lkeen.<br \/>\nJos haluat vaihtaa sis\u00e4osat tai jos virtajohto on vaurioitunut, ota yhteytt\u00e4 valmistajaan tai huoltokeskukseen.<br \/>\nLaitetta EIV\u00c4T saa k\u00e4ytt\u00e4\u00e4 henkil\u00f6t (mukaan lukien lapset), joilla on alentuneet fyysiset, sensoriset tai henkiset kyvyt tai joilla ei ole kokemusta ja tietoa.<br \/>\nK\u00c4YTT\u00d6OHJEET<\/p>\n<p>Liit\u00e4 sterilointilaite pistorasiaan, joka vastaa etiketiss\u00e4 olevia tietoja.<br \/>\nAseta sterilointiv\u00e4lineet ja sulje sterilointilaite.<br \/>\nAseta l\u00e4mmitysaika vanteen kahvaan ja sterilointil\u00e4mp\u00f6tila.<br \/>\nKun sterilointiaika on kulunut, odota, kunnes sis\u00e4l\u00e4mp\u00f6tila on laskenut, ja poista instrumentit.<br \/>\nK\u00c4YTT\u00d6\u00c4 KOSKEVAT VAROTOIMET<\/p>\n<p>Ennen kuin siirr\u00e4t konetta, varmista, ett\u00e4 se on irrotettu pistorasiasta.<br \/>\nVAROITUS. Kuivan l\u00e4mp\u00f6pinnan l\u00e4mp\u00f6tila voi olla korkea laitteen ollessa k\u00e4yt\u00f6ss\u00e4.<br \/>\n\u00c4l\u00e4 koske kannen ja korin yl\u00e4osaan k\u00e4yt\u00f6n aikana ja sen j\u00e4lkeen vahingossa tapahtuvien tai ei-toivottujen palovammojen v\u00e4ltt\u00e4miseksi.<br \/>\nVarmista laitteen k\u00e4yt\u00f6n aikana, ett\u00e4 pyyhkeet, rievut tms. eiv\u00e4t ole sen p\u00e4\u00e4ll\u00e4, vaan j\u00e4t\u00e4 laite vapaaksi , jotta ilma p\u00e4\u00e4see kiert\u00e4m\u00e4\u00e4n p\u00e4\u00e4ll\u00e4 olevista aukoista.<br \/>\n\u00c4l\u00e4 ty\u00f6nn\u00e4 koneeseen muovi-, puu- tai luuosia tms., vain metalliesineit\u00e4, jotka kest\u00e4v\u00e4t asettamasi l\u00e4mp\u00f6tilan.<br \/>\n\u00c4l\u00e4 j\u00e4t\u00e4 sterilointiv\u00e4lineit\u00e4 koneen sis\u00e4lle sen toimiessa sterilointiin vaaditun ajan yli, jotta ne eiv\u00e4t vahingoitu<br \/>\nty\u00f6kaluja.<br \/>\nIrrota laite aina pistorasiasta p\u00e4iv\u00e4n p\u00e4\u00e4tteeksi tai kun sit\u00e4 ei k\u00e4ytet\u00e4 tiettyyn aikaan.<br \/>\nVAROITUS: Sterilointiajat ovat vain ohjeellisia.<br \/>\nPuhdistus ja hoito<\/p>\n<p>Irrota pistoke pistorasiasta ennen laitteen puhdistamista.<br \/>\nS\u00e4hk\u00f6iskun v\u00e4ltt\u00e4miseksi laitetta ei saa pest\u00e4 vedell\u00e4 tai upottaa veteen.<br \/>\n\u00c4l\u00e4 k\u00e4yt\u00e4 hankaavia aineita, aggressiivisia puhdistusliuoksia tai kovia harjoja puhdistukseen.<br \/>\nPerusyksikk\u00f6 voidaan puhdistaa hieman kostealla, nukkaamattomalla liinalla.<\/p>","protected":false},"excerpt":{"rendered":"<p>Termostaatti: 0 &#8211; 200 \u00b0C<br \/>\nAjastin: 0 &#8211; 120 minuuttia<br \/>\nJ\u00e4nnite: 220 V<br \/>\nTeho: 300W<br \/>\nMitat: 31 x 18 x 14 cm<br \/>\nTy\u00f6kammion tilavuus on 1,8 litraa.<br \/>\nSis\u00e4kammion koko: 24x11x5,5 cm<\/p>\n","protected":false},"featured_media":9594,"template":"","meta":[],"product_brand":[],"product_cat":[351,24,640],"product_tag":[],"class_list":{"0":"post-9590","1":"product","2":"type-product","3":"status-publish","4":"has-post-thumbnail","6":"product_cat-sterilisaator-seadmed","7":"product_cat-ilusalongimoobel","8":"product_cat-sterilisaatorid","10":"first","11":"instock","12":"taxable","13":"shipping-taxable","14":"purchasable","15":"product-type-simple"},"yoast_head":"<!-- This site is optimized with the Yoast SEO plugin v24.4 - https:\/\/yoast.com\/wordpress\/plugins\/seo\/ -->\n<title>Sterilointilaite Kuivauuni NV -210 | Valika<\/title>\n<meta name=\"robots\" content=\"index, follow, max-snippet:-1, max-image-preview:large, max-video-preview:-1\" \/>\n<link rel=\"canonical\" href=\"https:\/\/valika.eu\/fi\/toode\/kuumaohu-sterilisaator-nv-210\/\" \/>\n<meta property=\"og:locale\" content=\"fi_FI\" \/>\n<meta property=\"og:type\" content=\"article\" \/>\n<meta property=\"og:title\" content=\"Sterilointilaite Kuivauuni NV -210 | Valika\" \/>\n<meta property=\"og:description\" content=\"Termostaatti: 0 - 200 \u00b0C Ajastin: 0 - 120 minuuttia J\u00e4nnite: 220 V Teho: 300W Mitat: 31 x 18 x 14 cm Ty\u00f6kammion tilavuus on 1,8 litraa. Sis\u00e4kammion koko: 24x11x5,5 cm\" \/>\n<meta property=\"og:url\" content=\"https:\/\/valika.eu\/fi\/toode\/kuumaohu-sterilisaator-nv-210\/\" \/>\n<meta property=\"og:site_name\" content=\"Valika\" \/>\n<meta property=\"article:publisher\" content=\"https:\/\/www.facebook.com\/tipsi.net\" \/>\n<meta property=\"article:modified_time\" content=\"2025-10-27T13:46:56+00:00\" \/>\n<meta property=\"og:image\" content=\"https:\/\/valika.eu\/wp-content\/uploads\/2024\/10\/kuumaohusterilizaator-N-7.jpg\" \/>\n\t<meta property=\"og:image:width\" content=\"800\" \/>\n\t<meta property=\"og:image:height\" content=\"800\" \/>\n\t<meta property=\"og:image:type\" content=\"image\/jpeg\" \/>\n<meta name=\"twitter:card\" content=\"summary_large_image\" \/>\n<script type=\"application\/ld+json\" class=\"yoast-schema-graph\">{\"@context\":\"https:\/\/schema.org\",\"@graph\":[{\"@type\":\"WebPage\",\"@id\":\"https:\/\/valika.eu\/fi\/toode\/kuumaohu-sterilisaator-nv-210\/\",\"url\":\"https:\/\/valika.eu\/fi\/toode\/kuumaohu-sterilisaator-nv-210\/\",\"name\":\"Sterilointilaite Kuivauuni NV -210 | Valika\",\"isPartOf\":{\"@id\":\"https:\/\/valika.eu\/fi\/#website\"},\"primaryImageOfPage\":{\"@id\":\"https:\/\/valika.eu\/fi\/toode\/kuumaohu-sterilisaator-nv-210\/#primaryimage\"},\"image\":{\"@id\":\"https:\/\/valika.eu\/toode\/kuumaohu-sterilisaator-nv-210\/#primaryimage\"},\"thumbnailUrl\":\"https:\/\/valika.eu\/wp-content\/uploads\/2024\/10\/kuumaohusterilizaator-N-7.jpg\",\"datePublished\":\"2024-10-19T22:37:05+00:00\",\"dateModified\":\"2025-10-27T13:46:56+00:00\",\"breadcrumb\":{\"@id\":\"https:\/\/valika.eu\/fi\/toode\/kuumaohu-sterilisaator-nv-210\/#breadcrumb\"},\"inLanguage\":\"fi\",\"potentialAction\":[{\"@type\":\"ReadAction\",\"target\":[[\"https:\/\/valika.eu\/fi\/toode\/kuumaohu-sterilisaator-nv-210\/\"]]}]},{\"@type\":\"ImageObject\",\"inLanguage\":\"fi\",\"@id\":\"https:\/\/valika.eu\/fi\/toode\/kuumaohu-sterilisaator-nv-210\/#primaryimage\",\"url\":\"https:\/\/valika.eu\/wp-content\/uploads\/2024\/10\/kuumaohusterilizaator-N-7.jpg\",\"contentUrl\":\"https:\/\/valika.eu\/wp-content\/uploads\/2024\/10\/kuumaohusterilizaator-N-7.jpg\",\"width\":800,\"height\":800},{\"@type\":\"BreadcrumbList\",\"@id\":\"https:\/\/valika.eu\/fi\/toode\/kuumaohu-sterilisaator-nv-210\/#breadcrumb\",\"itemListElement\":[{\"@type\":\"ListItem\",\"position\":1,\"name\":\"Koti\",\"item\":\"https:\/\/valika.eu\/fi\/\"},{\"@type\":\"ListItem\",\"position\":2,\"name\":\"Shop\",\"item\":\"https:\/\/valika.eu\/fi\/\"},{\"@type\":\"ListItem\",\"position\":3,\"name\":\"Kuuma\u00f5hu Sterilisaator NV -210\"}]},{\"@type\":\"WebSite\",\"@id\":\"https:\/\/valika.eu\/fi\/#website\",\"url\":\"https:\/\/valika.eu\/fi\/\",\"name\":\"Valika.eu\",\"description\":\"Salonkituotteet ja kauneudenhoitotuotteet - Valika tarjoaa laajan valikoiman tuotteita ja tarvikkeita kynsiteknikoille, kauneushoitoloille, kampaamoille ja kampaamoille.\",\"publisher\":{\"@id\":\"https:\/\/valika.eu\/fi\/#organization\"},\"alternateName\":\"Valika\",\"potentialAction\":[{\"@type\":\"SearchAction\",\"target\":{\"@type\":\"EntryPoint\",\"urlTemplate\":\"https:\/\/valika.eu\/fi\/?s={search_term_string}\"},\"query-input\":{\"@type\":\"PropertyValueSpecification\",\"valueRequired\":true,\"valueName\":\"search_term_string\"}}],\"inLanguage\":\"fi\"},{\"@type\":\"Organization\",\"@id\":\"https:\/\/valika.eu\/fi\/#organization\",\"name\":\"Salongitoode O\u00dc\",\"alternateName\":\"Valika\",\"url\":\"https:\/\/valika.eu\/fi\/\",\"logo\":{\"@type\":\"ImageObject\",\"inLanguage\":\"fi\",\"@id\":\"https:\/\/valika.eu\/fi\/#\/schema\/logo\/image\/\",\"url\":\"https:\/\/valika.eu\/wp-content\/uploads\/2023\/11\/logo2-valika-footer.png\",\"contentUrl\":\"https:\/\/valika.eu\/wp-content\/uploads\/2023\/11\/logo2-valika-footer.png\",\"width\":200,\"height\":129,\"caption\":\"Salongitoode O\u00dc\"},\"image\":{\"@id\":\"https:\/\/valika.eu\/fi\/#\/schema\/logo\/image\/\"},\"sameAs\":[\"https:\/\/www.facebook.com\/tipsi.net\"]}]}<\/script>\n<!-- \/ Yoast SEO plugin. -->","yoast_head_json":{"title":"Sterilointilaite Kuivauuni NV -210 | Valika","robots":{"index":"index","follow":"follow","max-snippet":"max-snippet:-1","max-image-preview":"max-image-preview:large","max-video-preview":"max-video-preview:-1"},"canonical":"https:\/\/valika.eu\/fi\/toode\/kuumaohu-sterilisaator-nv-210\/","og_locale":"fi_FI","og_type":"article","og_title":"Sterilointilaite Kuivauuni NV -210 | Valika","og_description":"Termostaatti: 0 - 200 \u00b0C Ajastin: 0 - 120 minuuttia J\u00e4nnite: 220 V Teho: 300W Mitat: 31 x 18 x 14 cm Ty\u00f6kammion tilavuus on 1,8 litraa. Sis\u00e4kammion koko: 24x11x5,5 cm","og_url":"https:\/\/valika.eu\/fi\/toode\/kuumaohu-sterilisaator-nv-210\/","og_site_name":"Valika","article_publisher":"https:\/\/www.facebook.com\/tipsi.net","article_modified_time":"2025-10-27T13:46:56+00:00","og_image":[{"width":800,"height":800,"url":"https:\/\/valika.eu\/wp-content\/uploads\/2024\/10\/kuumaohusterilizaator-N-7.jpg","type":"image\/jpeg"}],"twitter_card":"summary_large_image","schema":{"@context":"https:\/\/schema.org","@graph":[{"@type":"WebPage","@id":"https:\/\/valika.eu\/fi\/toode\/kuumaohu-sterilisaator-nv-210\/","url":"https:\/\/valika.eu\/fi\/toode\/kuumaohu-sterilisaator-nv-210\/","name":"Sterilointilaite Kuivauuni NV -210 | Valika","isPartOf":{"@id":"https:\/\/valika.eu\/fi\/#website"},"primaryImageOfPage":{"@id":"https:\/\/valika.eu\/fi\/toode\/kuumaohu-sterilisaator-nv-210\/#primaryimage"},"image":{"@id":"https:\/\/valika.eu\/toode\/kuumaohu-sterilisaator-nv-210\/#primaryimage"},"thumbnailUrl":"https:\/\/valika.eu\/wp-content\/uploads\/2024\/10\/kuumaohusterilizaator-N-7.jpg","datePublished":"2024-10-19T22:37:05+00:00","dateModified":"2025-10-27T13:46:56+00:00","breadcrumb":{"@id":"https:\/\/valika.eu\/fi\/toode\/kuumaohu-sterilisaator-nv-210\/#breadcrumb"},"inLanguage":"fi","potentialAction":[{"@type":"ReadAction","target":[["https:\/\/valika.eu\/fi\/toode\/kuumaohu-sterilisaator-nv-210\/"]]}]},{"@type":"ImageObject","inLanguage":"fi","@id":"https:\/\/valika.eu\/fi\/toode\/kuumaohu-sterilisaator-nv-210\/#primaryimage","url":"https:\/\/valika.eu\/wp-content\/uploads\/2024\/10\/kuumaohusterilizaator-N-7.jpg","contentUrl":"https:\/\/valika.eu\/wp-content\/uploads\/2024\/10\/kuumaohusterilizaator-N-7.jpg","width":800,"height":800},{"@type":"BreadcrumbList","@id":"https:\/\/valika.eu\/fi\/toode\/kuumaohu-sterilisaator-nv-210\/#breadcrumb","itemListElement":[{"@type":"ListItem","position":1,"name":"Koti","item":"https:\/\/valika.eu\/fi\/"},{"@type":"ListItem","position":2,"name":"Shop","item":"https:\/\/valika.eu\/fi\/"},{"@type":"ListItem","position":3,"name":"Kuuma\u00f5hu Sterilisaator NV -210"}]},{"@type":"WebSite","@id":"https:\/\/valika.eu\/fi\/#website","url":"https:\/\/valika.eu\/fi\/","name":"Valika.eu","description":"Salonkituotteet ja kauneudenhoitotuotteet - Valika tarjoaa laajan valikoiman tuotteita ja tarvikkeita kynsiteknikoille, kauneushoitoloille, kampaamoille ja kampaamoille.","publisher":{"@id":"https:\/\/valika.eu\/fi\/#organization"},"alternateName":"Valika","potentialAction":[{"@type":"SearchAction","target":{"@type":"EntryPoint","urlTemplate":"https:\/\/valika.eu\/fi\/?s={search_term_string}"},"query-input":{"@type":"PropertyValueSpecification","valueRequired":true,"valueName":"search_term_string"}}],"inLanguage":"fi"},{"@type":"Organization","@id":"https:\/\/valika.eu\/fi\/#organization","name":"Salongitoode O\u00dc","alternateName":"Valika","url":"https:\/\/valika.eu\/fi\/","logo":{"@type":"ImageObject","inLanguage":"fi","@id":"https:\/\/valika.eu\/fi\/#\/schema\/logo\/image\/","url":"https:\/\/valika.eu\/wp-content\/uploads\/2023\/11\/logo2-valika-footer.png","contentUrl":"https:\/\/valika.eu\/wp-content\/uploads\/2023\/11\/logo2-valika-footer.png","width":200,"height":129,"caption":"Salongitoode O\u00dc"},"image":{"@id":"https:\/\/valika.eu\/fi\/#\/schema\/logo\/image\/"},"sameAs":["https:\/\/www.facebook.com\/tipsi.net"]}]}},"jetpack_sharing_enabled":true,"_links":{"self":[{"href":"https:\/\/valika.eu\/fi\/wp-json\/wp\/v2\/product\/9590","targetHints":{"allow":["GET"]}}],"collection":[{"href":"https:\/\/valika.eu\/fi\/wp-json\/wp\/v2\/product"}],"about":[{"href":"https:\/\/valika.eu\/fi\/wp-json\/wp\/v2\/types\/product"}],"wp:featuredmedia":[{"embeddable":true,"href":"https:\/\/valika.eu\/fi\/wp-json\/wp\/v2\/media\/9594"}],"wp:attachment":[{"href":"https:\/\/valika.eu\/fi\/wp-json\/wp\/v2\/media?parent=9590"}],"wp:term":[{"taxonomy":"product_brand","embeddable":true,"href":"https:\/\/valika.eu\/fi\/wp-json\/wp\/v2\/product_brand?post=9590"},{"taxonomy":"product_cat","embeddable":true,"href":"https:\/\/valika.eu\/fi\/wp-json\/wp\/v2\/product_cat?post=9590"},{"taxonomy":"product_tag","embeddable":true,"href":"https:\/\/valika.eu\/fi\/wp-json\/wp\/v2\/product_tag?post=9590"}],"curies":[{"name":"wp","href":"https:\/\/api.w.org\/{rel}","templated":true}]}}