{"id":9596,"date":"2024-10-20T02:03:30","date_gmt":"2024-10-19T23:03:30","guid":{"rendered":"https:\/\/valika.eu\/?post_type=product&#038;p=9596"},"modified":"2025-10-27T15:46:56","modified_gmt":"2025-10-27T13:46:56","slug":"sterilisaator-kvartskuulikestega-fmx-41","status":"publish","type":"product","link":"https:\/\/valika.eu\/fi\/toode\/sterilisaator-kvartskuulikestega-fmx-41\/","title":{"rendered":"Sterilointilaite kvartsipalloilla FMX-41"},"content":{"rendered":"<p>Sterilointi on t\u00e4rkein vaihe ei vain kynsihuoltomestareille, vaan my\u00f6s monille muille mestareille, jotka ty\u00f6skentelev\u00e4t uudelleenk\u00e4ytett\u00e4vien instrumenttien kanssa, jotka ovat suorassa yhteydess\u00e4 asiakkaiden kanssa. Lasihelmill\u00e4 varustettu sterilointilaite tai, kuten sit\u00e4 kutsutaan my\u00f6s, kvartsi \/ glasperlen sterilointilaite, kuumenee 185 celsiusasteeseen, t\u00e4ss\u00e4 l\u00e4mp\u00f6tilassa patogeeniset bakteerit ja sienet kuolevat.<\/p>\n<p>Lasipalloilla varustettu sterilointilaite on suunniteltu nykyaikaiseen salonkiin, koska sek\u00e4 kauneussalongeissa ett\u00e4 kotona instrumenttien puhtaus on turvallisen ty\u00f6skentelyn edellytys.<\/p>\n<p>Tekniset tiedot:<\/p>\n<p>\u2022 Maksimi k\u00e4ytt\u00f6l\u00e4mp\u00f6tila: 185 astetta<\/p>\n<p>\u2022 Steriloitava materiaali: metalli<\/p>\n<p>\u2022 helmien materiaali: kvartsi<\/p>\n<p>\u2022 L\u00e4mmitysaika: 10-12 min<\/p>\n<p>\u2022 Ei sovellu muovity\u00f6kaluille<\/p>\n<p>\u2022 Tehon ja l\u00e4mp\u00f6tilan ilmaisin<\/p>\n<p>\u2022 Ei ole suositeltavaa t\u00e4ytt\u00e4\u00e4 yli 80 % s\u00e4ili\u00f6st\u00e4 palloilla<\/p>\n<p>\u2022 Rungon materiaali: muovi<\/p>\n<p>\u2022 Pallosarjan paino: 125 g<\/p>\n<p>\u2022 Koko: 160 x 160 x 160 cm<\/p>\n<p>Laitteet:<\/p>\n<p>&#8211; Sterilisaattori<\/p>\n<p>&#8211; sarja palloja<\/p>","protected":false},"excerpt":{"rendered":"<p>Laite instrumenttien nopeaan sterilointiin. Sterilointilaitteen sis\u00e4ll\u00e4 on erikoispalloja, jotka pit\u00e4v\u00e4t instrumentit halutussa asennossa ja mahdollistavat steriloinnin korkeassa l\u00e4mp\u00f6tilassa.<\/p>\n<p>Tekniset tiedot:<\/p>\n<p>sterilointil\u00e4mp\u00f6tila 185 astetta<br \/>\npaino 0,65 kg<br \/>\n230V<br \/>\n50\/60 Hz<br \/>\nteho 100W<\/p>\n","protected":false},"featured_media":9597,"template":"","meta":[],"product_brand":[],"product_cat":[351,24,640],"product_tag":[],"class_list":{"0":"post-9596","1":"product","2":"type-product","3":"status-publish","4":"has-post-thumbnail","6":"product_cat-sterilisaator-seadmed","7":"product_cat-ilusalongimoobel","8":"product_cat-sterilisaatorid","10":"first","11":"instock","12":"taxable","13":"shipping-taxable","14":"purchasable","15":"product-type-simple"},"yoast_head":"<!-- This site is optimized with the Yoast SEO plugin v24.4 - https:\/\/yoast.com\/wordpress\/plugins\/seo\/ -->\n<title>Sterilointilaite kvartsipalloilla FMX-41 | Valika<\/title>\n<meta name=\"robots\" content=\"index, follow, max-snippet:-1, max-image-preview:large, max-video-preview:-1\" \/>\n<link rel=\"canonical\" href=\"https:\/\/valika.eu\/fi\/toode\/sterilisaator-kvartskuulikestega-fmx-41\/\" \/>\n<meta property=\"og:locale\" content=\"fi_FI\" \/>\n<meta property=\"og:type\" content=\"article\" \/>\n<meta property=\"og:title\" content=\"Sterilointilaite kvartsipalloilla FMX-41 | Valika\" \/>\n<meta property=\"og:description\" content=\"Laite instrumenttien nopeaan sterilointiin. Sterilointilaitteen sis\u00e4ll\u00e4 on erikoispalloja, jotka pit\u00e4v\u00e4t instrumentit halutussa asennossa ja mahdollistavat steriloinnin korkeassa l\u00e4mp\u00f6tilassa.  Tekniset tiedot:  sterilointil\u00e4mp\u00f6tila 185 astetta paino 0,65 kg 230V 50\/60 Hz teho 100W\" \/>\n<meta property=\"og:url\" content=\"https:\/\/valika.eu\/fi\/toode\/sterilisaator-kvartskuulikestega-fmx-41\/\" \/>\n<meta property=\"og:site_name\" content=\"Valika\" \/>\n<meta property=\"article:publisher\" content=\"https:\/\/www.facebook.com\/tipsi.net\" \/>\n<meta property=\"article:modified_time\" content=\"2025-10-27T13:46:56+00:00\" \/>\n<meta property=\"og:image\" content=\"https:\/\/valika.eu\/wp-content\/uploads\/2024\/10\/STERILISAATOR_PUNANE-2.jpg\" \/>\n\t<meta property=\"og:image:width\" content=\"800\" \/>\n\t<meta property=\"og:image:height\" content=\"800\" \/>\n\t<meta property=\"og:image:type\" content=\"image\/jpeg\" \/>\n<meta name=\"twitter:card\" content=\"summary_large_image\" \/>\n<script type=\"application\/ld+json\" class=\"yoast-schema-graph\">{\"@context\":\"https:\/\/schema.org\",\"@graph\":[{\"@type\":\"WebPage\",\"@id\":\"https:\/\/valika.eu\/fi\/toode\/sterilisaator-kvartskuulikestega-fmx-41\/\",\"url\":\"https:\/\/valika.eu\/fi\/toode\/sterilisaator-kvartskuulikestega-fmx-41\/\",\"name\":\"Sterilointilaite kvartsipalloilla FMX-41 | Valika\",\"isPartOf\":{\"@id\":\"https:\/\/valika.eu\/fi\/#website\"},\"primaryImageOfPage\":{\"@id\":\"https:\/\/valika.eu\/fi\/toode\/sterilisaator-kvartskuulikestega-fmx-41\/#primaryimage\"},\"image\":{\"@id\":\"https:\/\/valika.eu\/toode\/sterilisaator-kvartskuulikestega-fmx-41\/#primaryimage\"},\"thumbnailUrl\":\"https:\/\/valika.eu\/wp-content\/uploads\/2024\/10\/STERILISAATOR_PUNANE-2.jpg\",\"datePublished\":\"2024-10-19T23:03:30+00:00\",\"dateModified\":\"2025-10-27T13:46:56+00:00\",\"breadcrumb\":{\"@id\":\"https:\/\/valika.eu\/fi\/toode\/sterilisaator-kvartskuulikestega-fmx-41\/#breadcrumb\"},\"inLanguage\":\"fi\",\"potentialAction\":[{\"@type\":\"ReadAction\",\"target\":[[\"https:\/\/valika.eu\/fi\/toode\/sterilisaator-kvartskuulikestega-fmx-41\/\"]]}]},{\"@type\":\"ImageObject\",\"inLanguage\":\"fi\",\"@id\":\"https:\/\/valika.eu\/fi\/toode\/sterilisaator-kvartskuulikestega-fmx-41\/#primaryimage\",\"url\":\"https:\/\/valika.eu\/wp-content\/uploads\/2024\/10\/STERILISAATOR_PUNANE-2.jpg\",\"contentUrl\":\"https:\/\/valika.eu\/wp-content\/uploads\/2024\/10\/STERILISAATOR_PUNANE-2.jpg\",\"width\":800,\"height\":800},{\"@type\":\"BreadcrumbList\",\"@id\":\"https:\/\/valika.eu\/fi\/toode\/sterilisaator-kvartskuulikestega-fmx-41\/#breadcrumb\",\"itemListElement\":[{\"@type\":\"ListItem\",\"position\":1,\"name\":\"Koti\",\"item\":\"https:\/\/valika.eu\/fi\/\"},{\"@type\":\"ListItem\",\"position\":2,\"name\":\"Shop\",\"item\":\"https:\/\/valika.eu\/fi\/\"},{\"@type\":\"ListItem\",\"position\":3,\"name\":\"Sterilisaator kvartskuulikestega FMX-41\"}]},{\"@type\":\"WebSite\",\"@id\":\"https:\/\/valika.eu\/fi\/#website\",\"url\":\"https:\/\/valika.eu\/fi\/\",\"name\":\"Valika.eu\",\"description\":\"Salonkituotteet ja kauneudenhoitotuotteet - Valika tarjoaa laajan valikoiman tuotteita ja tarvikkeita kynsiteknikoille, kauneushoitoloille, kampaamoille ja kampaamoille.\",\"publisher\":{\"@id\":\"https:\/\/valika.eu\/fi\/#organization\"},\"alternateName\":\"Valika\",\"potentialAction\":[{\"@type\":\"SearchAction\",\"target\":{\"@type\":\"EntryPoint\",\"urlTemplate\":\"https:\/\/valika.eu\/fi\/?s={search_term_string}\"},\"query-input\":{\"@type\":\"PropertyValueSpecification\",\"valueRequired\":true,\"valueName\":\"search_term_string\"}}],\"inLanguage\":\"fi\"},{\"@type\":\"Organization\",\"@id\":\"https:\/\/valika.eu\/fi\/#organization\",\"name\":\"Salongitoode O\u00dc\",\"alternateName\":\"Valika\",\"url\":\"https:\/\/valika.eu\/fi\/\",\"logo\":{\"@type\":\"ImageObject\",\"inLanguage\":\"fi\",\"@id\":\"https:\/\/valika.eu\/fi\/#\/schema\/logo\/image\/\",\"url\":\"https:\/\/valika.eu\/wp-content\/uploads\/2023\/11\/logo2-valika-footer.png\",\"contentUrl\":\"https:\/\/valika.eu\/wp-content\/uploads\/2023\/11\/logo2-valika-footer.png\",\"width\":200,\"height\":129,\"caption\":\"Salongitoode O\u00dc\"},\"image\":{\"@id\":\"https:\/\/valika.eu\/fi\/#\/schema\/logo\/image\/\"},\"sameAs\":[\"https:\/\/www.facebook.com\/tipsi.net\"]}]}<\/script>\n<!-- \/ Yoast SEO plugin. -->","yoast_head_json":{"title":"Sterilointilaite kvartsipalloilla FMX-41 | Valika","robots":{"index":"index","follow":"follow","max-snippet":"max-snippet:-1","max-image-preview":"max-image-preview:large","max-video-preview":"max-video-preview:-1"},"canonical":"https:\/\/valika.eu\/fi\/toode\/sterilisaator-kvartskuulikestega-fmx-41\/","og_locale":"fi_FI","og_type":"article","og_title":"Sterilointilaite kvartsipalloilla FMX-41 | Valika","og_description":"Laite instrumenttien nopeaan sterilointiin. Sterilointilaitteen sis\u00e4ll\u00e4 on erikoispalloja, jotka pit\u00e4v\u00e4t instrumentit halutussa asennossa ja mahdollistavat steriloinnin korkeassa l\u00e4mp\u00f6tilassa.  Tekniset tiedot:  sterilointil\u00e4mp\u00f6tila 185 astetta paino 0,65 kg 230V 50\/60 Hz teho 100W","og_url":"https:\/\/valika.eu\/fi\/toode\/sterilisaator-kvartskuulikestega-fmx-41\/","og_site_name":"Valika","article_publisher":"https:\/\/www.facebook.com\/tipsi.net","article_modified_time":"2025-10-27T13:46:56+00:00","og_image":[{"width":800,"height":800,"url":"https:\/\/valika.eu\/wp-content\/uploads\/2024\/10\/STERILISAATOR_PUNANE-2.jpg","type":"image\/jpeg"}],"twitter_card":"summary_large_image","schema":{"@context":"https:\/\/schema.org","@graph":[{"@type":"WebPage","@id":"https:\/\/valika.eu\/fi\/toode\/sterilisaator-kvartskuulikestega-fmx-41\/","url":"https:\/\/valika.eu\/fi\/toode\/sterilisaator-kvartskuulikestega-fmx-41\/","name":"Sterilointilaite kvartsipalloilla FMX-41 | Valika","isPartOf":{"@id":"https:\/\/valika.eu\/fi\/#website"},"primaryImageOfPage":{"@id":"https:\/\/valika.eu\/fi\/toode\/sterilisaator-kvartskuulikestega-fmx-41\/#primaryimage"},"image":{"@id":"https:\/\/valika.eu\/toode\/sterilisaator-kvartskuulikestega-fmx-41\/#primaryimage"},"thumbnailUrl":"https:\/\/valika.eu\/wp-content\/uploads\/2024\/10\/STERILISAATOR_PUNANE-2.jpg","datePublished":"2024-10-19T23:03:30+00:00","dateModified":"2025-10-27T13:46:56+00:00","breadcrumb":{"@id":"https:\/\/valika.eu\/fi\/toode\/sterilisaator-kvartskuulikestega-fmx-41\/#breadcrumb"},"inLanguage":"fi","potentialAction":[{"@type":"ReadAction","target":[["https:\/\/valika.eu\/fi\/toode\/sterilisaator-kvartskuulikestega-fmx-41\/"]]}]},{"@type":"ImageObject","inLanguage":"fi","@id":"https:\/\/valika.eu\/fi\/toode\/sterilisaator-kvartskuulikestega-fmx-41\/#primaryimage","url":"https:\/\/valika.eu\/wp-content\/uploads\/2024\/10\/STERILISAATOR_PUNANE-2.jpg","contentUrl":"https:\/\/valika.eu\/wp-content\/uploads\/2024\/10\/STERILISAATOR_PUNANE-2.jpg","width":800,"height":800},{"@type":"BreadcrumbList","@id":"https:\/\/valika.eu\/fi\/toode\/sterilisaator-kvartskuulikestega-fmx-41\/#breadcrumb","itemListElement":[{"@type":"ListItem","position":1,"name":"Koti","item":"https:\/\/valika.eu\/fi\/"},{"@type":"ListItem","position":2,"name":"Shop","item":"https:\/\/valika.eu\/fi\/"},{"@type":"ListItem","position":3,"name":"Sterilisaator kvartskuulikestega FMX-41"}]},{"@type":"WebSite","@id":"https:\/\/valika.eu\/fi\/#website","url":"https:\/\/valika.eu\/fi\/","name":"Valika.eu","description":"Salonkituotteet ja kauneudenhoitotuotteet - Valika tarjoaa laajan valikoiman tuotteita ja tarvikkeita kynsiteknikoille, kauneushoitoloille, kampaamoille ja kampaamoille.","publisher":{"@id":"https:\/\/valika.eu\/fi\/#organization"},"alternateName":"Valika","potentialAction":[{"@type":"SearchAction","target":{"@type":"EntryPoint","urlTemplate":"https:\/\/valika.eu\/fi\/?s={search_term_string}"},"query-input":{"@type":"PropertyValueSpecification","valueRequired":true,"valueName":"search_term_string"}}],"inLanguage":"fi"},{"@type":"Organization","@id":"https:\/\/valika.eu\/fi\/#organization","name":"Salongitoode O\u00dc","alternateName":"Valika","url":"https:\/\/valika.eu\/fi\/","logo":{"@type":"ImageObject","inLanguage":"fi","@id":"https:\/\/valika.eu\/fi\/#\/schema\/logo\/image\/","url":"https:\/\/valika.eu\/wp-content\/uploads\/2023\/11\/logo2-valika-footer.png","contentUrl":"https:\/\/valika.eu\/wp-content\/uploads\/2023\/11\/logo2-valika-footer.png","width":200,"height":129,"caption":"Salongitoode O\u00dc"},"image":{"@id":"https:\/\/valika.eu\/fi\/#\/schema\/logo\/image\/"},"sameAs":["https:\/\/www.facebook.com\/tipsi.net"]}]}},"jetpack_sharing_enabled":true,"_links":{"self":[{"href":"https:\/\/valika.eu\/fi\/wp-json\/wp\/v2\/product\/9596","targetHints":{"allow":["GET"]}}],"collection":[{"href":"https:\/\/valika.eu\/fi\/wp-json\/wp\/v2\/product"}],"about":[{"href":"https:\/\/valika.eu\/fi\/wp-json\/wp\/v2\/types\/product"}],"wp:featuredmedia":[{"embeddable":true,"href":"https:\/\/valika.eu\/fi\/wp-json\/wp\/v2\/media\/9597"}],"wp:attachment":[{"href":"https:\/\/valika.eu\/fi\/wp-json\/wp\/v2\/media?parent=9596"}],"wp:term":[{"taxonomy":"product_brand","embeddable":true,"href":"https:\/\/valika.eu\/fi\/wp-json\/wp\/v2\/product_brand?post=9596"},{"taxonomy":"product_cat","embeddable":true,"href":"https:\/\/valika.eu\/fi\/wp-json\/wp\/v2\/product_cat?post=9596"},{"taxonomy":"product_tag","embeddable":true,"href":"https:\/\/valika.eu\/fi\/wp-json\/wp\/v2\/product_tag?post=9596"}],"curies":[{"name":"wp","href":"https:\/\/api.w.org\/{rel}","templated":true}]}}