{"id":9600,"date":"2024-10-20T02:15:49","date_gmt":"2024-10-19T23:15:49","guid":{"rendered":"https:\/\/valika.eu\/?post_type=product&#038;p=9600"},"modified":"2025-10-27T15:46:56","modified_gmt":"2025-10-27T13:46:56","slug":"kvartspallid-kuulsterilisaatorile-500g","status":"publish","type":"product","link":"https:\/\/valika.eu\/fi\/toode\/kvartspallid-kuulsterilisaatorile-500g\/","title":{"rendered":"Kvartsipallot pallosterilointilaitteeseen 500g"},"content":{"rendered":"<p>- Soveltuu metallitarvikkeiden desinfiointiin &#8211; kynsileikkurit ja -sakset, pinsetit, tatuointineulat jne.<br \/>\n&#8211; Kest\u00e4\u00e4 l\u00e4mp\u00f6\u00e4 220 \u00b0C asti<br \/>\n&#8211; Vaihda 2-3 kuukauden v\u00e4lein<br \/>\n&#8211; Valmistettu kvartsihiekasta<br \/>\n&#8211; Soveltuu ammattik\u00e4ytt\u00f6\u00f6n salongissa<\/p>","protected":false},"excerpt":{"rendered":"<p>&#8211; Soveltuu metallitarvikkeiden desinfiointiin &#8211; kynsileikkurit ja -sakset, pinsetit, tatuointineulat jne. &#8211; Kest\u00e4\u00e4 l\u00e4mp\u00f6\u00e4 220 \u00b0C asti &#8211; Vaihda 2-3<\/p>\n","protected":false},"featured_media":9602,"template":"","meta":[],"product_brand":[],"product_cat":[351,24,640],"product_tag":[],"class_list":{"0":"post-9600","1":"product","2":"type-product","3":"status-publish","4":"has-post-thumbnail","6":"product_cat-sterilisaator-seadmed","7":"product_cat-ilusalongimoobel","8":"product_cat-sterilisaatorid","10":"first","11":"instock","12":"taxable","13":"shipping-taxable","14":"purchasable","15":"product-type-simple"},"yoast_head":"<!-- This site is optimized with the Yoast SEO plugin v24.4 - https:\/\/yoast.com\/wordpress\/plugins\/seo\/ -->\n<title>Kvartsipallot pallosterilointilaitteeseen 500g | Valika<\/title>\n<meta name=\"robots\" content=\"index, follow, max-snippet:-1, max-image-preview:large, max-video-preview:-1\" \/>\n<link rel=\"canonical\" href=\"https:\/\/valika.eu\/fi\/toode\/kvartspallid-kuulsterilisaatorile-500g\/\" \/>\n<meta property=\"og:locale\" content=\"fi_FI\" \/>\n<meta property=\"og:type\" content=\"article\" \/>\n<meta property=\"og:title\" content=\"Kvartsipallot pallosterilointilaitteeseen 500g | Valika\" \/>\n<meta property=\"og:description\" content=\"- Soveltuu metallitarvikkeiden desinfiointiin &#8211; kynsileikkurit ja -sakset, pinsetit, tatuointineulat jne. &#8211; Kest\u00e4\u00e4 l\u00e4mp\u00f6\u00e4 220 \u00b0C asti &#8211; Vaihda 2-3\" \/>\n<meta property=\"og:url\" content=\"https:\/\/valika.eu\/fi\/toode\/kvartspallid-kuulsterilisaatorile-500g\/\" \/>\n<meta property=\"og:site_name\" content=\"Valika\" \/>\n<meta property=\"article:publisher\" content=\"https:\/\/www.facebook.com\/tipsi.net\" \/>\n<meta property=\"article:modified_time\" content=\"2025-10-27T13:46:56+00:00\" \/>\n<meta property=\"og:image\" content=\"https:\/\/valika.eu\/wp-content\/uploads\/2024\/10\/quartz-balls-for-ball-sterilizer.jpg\" \/>\n\t<meta property=\"og:image:width\" content=\"800\" \/>\n\t<meta property=\"og:image:height\" content=\"800\" \/>\n\t<meta property=\"og:image:type\" content=\"image\/jpeg\" \/>\n<meta name=\"twitter:card\" content=\"summary_large_image\" \/>\n<script type=\"application\/ld+json\" class=\"yoast-schema-graph\">{\"@context\":\"https:\/\/schema.org\",\"@graph\":[{\"@type\":\"WebPage\",\"@id\":\"https:\/\/valika.eu\/fi\/toode\/kvartspallid-kuulsterilisaatorile-500g\/\",\"url\":\"https:\/\/valika.eu\/fi\/toode\/kvartspallid-kuulsterilisaatorile-500g\/\",\"name\":\"Kvartsipallot pallosterilointilaitteeseen 500g | Valika\",\"isPartOf\":{\"@id\":\"https:\/\/valika.eu\/fi\/#website\"},\"primaryImageOfPage\":{\"@id\":\"https:\/\/valika.eu\/fi\/toode\/kvartspallid-kuulsterilisaatorile-500g\/#primaryimage\"},\"image\":{\"@id\":\"https:\/\/valika.eu\/toode\/kvartspallid-kuulsterilisaatorile-500g\/#primaryimage\"},\"thumbnailUrl\":\"https:\/\/valika.eu\/wp-content\/uploads\/2024\/10\/quartz-balls-for-ball-sterilizer.jpg\",\"datePublished\":\"2024-10-19T23:15:49+00:00\",\"dateModified\":\"2025-10-27T13:46:56+00:00\",\"breadcrumb\":{\"@id\":\"https:\/\/valika.eu\/fi\/toode\/kvartspallid-kuulsterilisaatorile-500g\/#breadcrumb\"},\"inLanguage\":\"fi\",\"potentialAction\":[{\"@type\":\"ReadAction\",\"target\":[[\"https:\/\/valika.eu\/fi\/toode\/kvartspallid-kuulsterilisaatorile-500g\/\"]]}]},{\"@type\":\"ImageObject\",\"inLanguage\":\"fi\",\"@id\":\"https:\/\/valika.eu\/fi\/toode\/kvartspallid-kuulsterilisaatorile-500g\/#primaryimage\",\"url\":\"https:\/\/valika.eu\/wp-content\/uploads\/2024\/10\/quartz-balls-for-ball-sterilizer.jpg\",\"contentUrl\":\"https:\/\/valika.eu\/wp-content\/uploads\/2024\/10\/quartz-balls-for-ball-sterilizer.jpg\",\"width\":800,\"height\":800},{\"@type\":\"BreadcrumbList\",\"@id\":\"https:\/\/valika.eu\/fi\/toode\/kvartspallid-kuulsterilisaatorile-500g\/#breadcrumb\",\"itemListElement\":[{\"@type\":\"ListItem\",\"position\":1,\"name\":\"Koti\",\"item\":\"https:\/\/valika.eu\/fi\/\"},{\"@type\":\"ListItem\",\"position\":2,\"name\":\"Shop\",\"item\":\"https:\/\/valika.eu\/fi\/\"},{\"@type\":\"ListItem\",\"position\":3,\"name\":\"Kvartspallid kuulsterilisaatorile 500g\"}]},{\"@type\":\"WebSite\",\"@id\":\"https:\/\/valika.eu\/fi\/#website\",\"url\":\"https:\/\/valika.eu\/fi\/\",\"name\":\"Valika.eu\",\"description\":\"Salonkituotteet ja kauneudenhoitotuotteet - Valika tarjoaa laajan valikoiman tuotteita ja tarvikkeita kynsiteknikoille, kauneushoitoloille, kampaamoille ja kampaamoille.\",\"publisher\":{\"@id\":\"https:\/\/valika.eu\/fi\/#organization\"},\"alternateName\":\"Valika\",\"potentialAction\":[{\"@type\":\"SearchAction\",\"target\":{\"@type\":\"EntryPoint\",\"urlTemplate\":\"https:\/\/valika.eu\/fi\/?s={search_term_string}\"},\"query-input\":{\"@type\":\"PropertyValueSpecification\",\"valueRequired\":true,\"valueName\":\"search_term_string\"}}],\"inLanguage\":\"fi\"},{\"@type\":\"Organization\",\"@id\":\"https:\/\/valika.eu\/fi\/#organization\",\"name\":\"Salongitoode O\u00dc\",\"alternateName\":\"Valika\",\"url\":\"https:\/\/valika.eu\/fi\/\",\"logo\":{\"@type\":\"ImageObject\",\"inLanguage\":\"fi\",\"@id\":\"https:\/\/valika.eu\/fi\/#\/schema\/logo\/image\/\",\"url\":\"https:\/\/valika.eu\/wp-content\/uploads\/2023\/11\/logo2-valika-footer.png\",\"contentUrl\":\"https:\/\/valika.eu\/wp-content\/uploads\/2023\/11\/logo2-valika-footer.png\",\"width\":200,\"height\":129,\"caption\":\"Salongitoode O\u00dc\"},\"image\":{\"@id\":\"https:\/\/valika.eu\/fi\/#\/schema\/logo\/image\/\"},\"sameAs\":[\"https:\/\/www.facebook.com\/tipsi.net\"]}]}<\/script>\n<!-- \/ Yoast SEO plugin. -->","yoast_head_json":{"title":"Kvartsipallot pallosterilointilaitteeseen 500g | Valika","robots":{"index":"index","follow":"follow","max-snippet":"max-snippet:-1","max-image-preview":"max-image-preview:large","max-video-preview":"max-video-preview:-1"},"canonical":"https:\/\/valika.eu\/fi\/toode\/kvartspallid-kuulsterilisaatorile-500g\/","og_locale":"fi_FI","og_type":"article","og_title":"Kvartsipallot pallosterilointilaitteeseen 500g | Valika","og_description":"- Soveltuu metallitarvikkeiden desinfiointiin &#8211; kynsileikkurit ja -sakset, pinsetit, tatuointineulat jne. &#8211; Kest\u00e4\u00e4 l\u00e4mp\u00f6\u00e4 220 \u00b0C asti &#8211; Vaihda 2-3","og_url":"https:\/\/valika.eu\/fi\/toode\/kvartspallid-kuulsterilisaatorile-500g\/","og_site_name":"Valika","article_publisher":"https:\/\/www.facebook.com\/tipsi.net","article_modified_time":"2025-10-27T13:46:56+00:00","og_image":[{"width":800,"height":800,"url":"https:\/\/valika.eu\/wp-content\/uploads\/2024\/10\/quartz-balls-for-ball-sterilizer.jpg","type":"image\/jpeg"}],"twitter_card":"summary_large_image","schema":{"@context":"https:\/\/schema.org","@graph":[{"@type":"WebPage","@id":"https:\/\/valika.eu\/fi\/toode\/kvartspallid-kuulsterilisaatorile-500g\/","url":"https:\/\/valika.eu\/fi\/toode\/kvartspallid-kuulsterilisaatorile-500g\/","name":"Kvartsipallot pallosterilointilaitteeseen 500g | Valika","isPartOf":{"@id":"https:\/\/valika.eu\/fi\/#website"},"primaryImageOfPage":{"@id":"https:\/\/valika.eu\/fi\/toode\/kvartspallid-kuulsterilisaatorile-500g\/#primaryimage"},"image":{"@id":"https:\/\/valika.eu\/toode\/kvartspallid-kuulsterilisaatorile-500g\/#primaryimage"},"thumbnailUrl":"https:\/\/valika.eu\/wp-content\/uploads\/2024\/10\/quartz-balls-for-ball-sterilizer.jpg","datePublished":"2024-10-19T23:15:49+00:00","dateModified":"2025-10-27T13:46:56+00:00","breadcrumb":{"@id":"https:\/\/valika.eu\/fi\/toode\/kvartspallid-kuulsterilisaatorile-500g\/#breadcrumb"},"inLanguage":"fi","potentialAction":[{"@type":"ReadAction","target":[["https:\/\/valika.eu\/fi\/toode\/kvartspallid-kuulsterilisaatorile-500g\/"]]}]},{"@type":"ImageObject","inLanguage":"fi","@id":"https:\/\/valika.eu\/fi\/toode\/kvartspallid-kuulsterilisaatorile-500g\/#primaryimage","url":"https:\/\/valika.eu\/wp-content\/uploads\/2024\/10\/quartz-balls-for-ball-sterilizer.jpg","contentUrl":"https:\/\/valika.eu\/wp-content\/uploads\/2024\/10\/quartz-balls-for-ball-sterilizer.jpg","width":800,"height":800},{"@type":"BreadcrumbList","@id":"https:\/\/valika.eu\/fi\/toode\/kvartspallid-kuulsterilisaatorile-500g\/#breadcrumb","itemListElement":[{"@type":"ListItem","position":1,"name":"Koti","item":"https:\/\/valika.eu\/fi\/"},{"@type":"ListItem","position":2,"name":"Shop","item":"https:\/\/valika.eu\/fi\/"},{"@type":"ListItem","position":3,"name":"Kvartspallid kuulsterilisaatorile 500g"}]},{"@type":"WebSite","@id":"https:\/\/valika.eu\/fi\/#website","url":"https:\/\/valika.eu\/fi\/","name":"Valika.eu","description":"Salonkituotteet ja kauneudenhoitotuotteet - Valika tarjoaa laajan valikoiman tuotteita ja tarvikkeita kynsiteknikoille, kauneushoitoloille, kampaamoille ja kampaamoille.","publisher":{"@id":"https:\/\/valika.eu\/fi\/#organization"},"alternateName":"Valika","potentialAction":[{"@type":"SearchAction","target":{"@type":"EntryPoint","urlTemplate":"https:\/\/valika.eu\/fi\/?s={search_term_string}"},"query-input":{"@type":"PropertyValueSpecification","valueRequired":true,"valueName":"search_term_string"}}],"inLanguage":"fi"},{"@type":"Organization","@id":"https:\/\/valika.eu\/fi\/#organization","name":"Salongitoode O\u00dc","alternateName":"Valika","url":"https:\/\/valika.eu\/fi\/","logo":{"@type":"ImageObject","inLanguage":"fi","@id":"https:\/\/valika.eu\/fi\/#\/schema\/logo\/image\/","url":"https:\/\/valika.eu\/wp-content\/uploads\/2023\/11\/logo2-valika-footer.png","contentUrl":"https:\/\/valika.eu\/wp-content\/uploads\/2023\/11\/logo2-valika-footer.png","width":200,"height":129,"caption":"Salongitoode O\u00dc"},"image":{"@id":"https:\/\/valika.eu\/fi\/#\/schema\/logo\/image\/"},"sameAs":["https:\/\/www.facebook.com\/tipsi.net"]}]}},"jetpack_sharing_enabled":true,"_links":{"self":[{"href":"https:\/\/valika.eu\/fi\/wp-json\/wp\/v2\/product\/9600","targetHints":{"allow":["GET"]}}],"collection":[{"href":"https:\/\/valika.eu\/fi\/wp-json\/wp\/v2\/product"}],"about":[{"href":"https:\/\/valika.eu\/fi\/wp-json\/wp\/v2\/types\/product"}],"wp:featuredmedia":[{"embeddable":true,"href":"https:\/\/valika.eu\/fi\/wp-json\/wp\/v2\/media\/9602"}],"wp:attachment":[{"href":"https:\/\/valika.eu\/fi\/wp-json\/wp\/v2\/media?parent=9600"}],"wp:term":[{"taxonomy":"product_brand","embeddable":true,"href":"https:\/\/valika.eu\/fi\/wp-json\/wp\/v2\/product_brand?post=9600"},{"taxonomy":"product_cat","embeddable":true,"href":"https:\/\/valika.eu\/fi\/wp-json\/wp\/v2\/product_cat?post=9600"},{"taxonomy":"product_tag","embeddable":true,"href":"https:\/\/valika.eu\/fi\/wp-json\/wp\/v2\/product_tag?post=9600"}],"curies":[{"name":"wp","href":"https:\/\/api.w.org\/{rel}","templated":true}]}}