{"id":9634,"date":"2024-10-20T16:29:52","date_gmt":"2024-10-20T13:29:52","guid":{"rendered":"https:\/\/valika.eu\/?post_type=product&#038;p=9634"},"modified":"2025-10-27T15:46:56","modified_gmt":"2025-10-27T13:46:56","slug":"ortopeediline-manikuuri-kaetugi-liblikas-hall","status":"publish","type":"product","link":"https:\/\/valika.eu\/fi\/toode\/ortopeediline-manikuuri-kaetugi-liblikas-hall\/","title":{"rendered":"Ortopedinen manikyyrituki, rannetugi perhonen harmaa"},"content":{"rendered":"<p>Mukavan ja pehme\u00e4n muotoilun ansiosta asiakkaan k\u00e4det eiv\u00e4t puutu. Manikyyripohjan rakenne on luotettava ja varmistaa k\u00e4yt\u00f6n turvallisuuden. Toimitetaan koottuna ja asianmukaisesti pakattuna. T\u00e4m\u00e4 pidike on v\u00e4ltt\u00e4m\u00e4t\u00f6n manikyyritoimenpiteen aikana. Se asetetaan asiakkaan ranteen alle mukavuuden vuoksi: k\u00e4si ei ole riippuvaisessa asennossa, vaan lep\u00e4\u00e4 mukavalla tyynyll\u00e4, jolloin teknikko voi mukavasti suorittaa kaikki tarvittavat ammattitoimenpiteet. Teline soveltuu sek\u00e4 kauneussalonkiin ett\u00e4 kotik\u00e4ytt\u00f6\u00f6n.<\/p>\n<p>Mitat: pituus 43 cm, leveys 26 cm, korkeus 16 cm<\/p>","protected":false},"excerpt":{"rendered":"<p>Rannetugi perhonen on k\u00e4sintehty korkealaatuisista materiaaleista. T\u00e4m\u00e4 manikyyriteline t\u00e4ydent\u00e4\u00e4 t\u00e4ydellisesti ty\u00f6paikkaa ja tuo asiakkaalle maksimaalisen tyytyv\u00e4isyyden.<\/p>\n","protected":false},"featured_media":9637,"template":"","meta":[],"product_brand":[],"product_cat":[24,641],"product_tag":[],"class_list":{"0":"post-9634","1":"product","2":"type-product","3":"status-publish","4":"has-post-thumbnail","6":"product_cat-ilusalongimoobel","7":"product_cat-kae-ja-jalatoed","9":"first","10":"instock","11":"taxable","12":"shipping-taxable","13":"purchasable","14":"product-type-simple"},"yoast_head":"<!-- This site is optimized with the Yoast SEO plugin v24.4 - https:\/\/yoast.com\/wordpress\/plugins\/seo\/ -->\n<title>Ortopedinen manikyyrituki, rannetugi perhonen harmaa | Valika<\/title>\n<meta name=\"robots\" content=\"index, follow, max-snippet:-1, max-image-preview:large, max-video-preview:-1\" \/>\n<link rel=\"canonical\" href=\"https:\/\/valika.eu\/fi\/toode\/ortopeediline-manikuuri-kaetugi-liblikas-hall\/\" \/>\n<meta property=\"og:locale\" content=\"fi_FI\" \/>\n<meta property=\"og:type\" content=\"article\" \/>\n<meta property=\"og:title\" content=\"Ortopedinen manikyyrituki, rannetugi perhonen harmaa | Valika\" \/>\n<meta property=\"og:description\" content=\"Rannetugi perhonen on k\u00e4sintehty korkealaatuisista materiaaleista. T\u00e4m\u00e4 manikyyriteline t\u00e4ydent\u00e4\u00e4 t\u00e4ydellisesti ty\u00f6paikkaa ja tuo asiakkaalle maksimaalisen tyytyv\u00e4isyyden.\" \/>\n<meta property=\"og:url\" content=\"https:\/\/valika.eu\/fi\/toode\/ortopeediline-manikuuri-kaetugi-liblikas-hall\/\" \/>\n<meta property=\"og:site_name\" content=\"Valika\" \/>\n<meta property=\"article:publisher\" content=\"https:\/\/www.facebook.com\/tipsi.net\" \/>\n<meta property=\"article:modified_time\" content=\"2025-10-27T13:46:56+00:00\" \/>\n<meta property=\"og:image\" content=\"https:\/\/valika.eu\/wp-content\/uploads\/2024\/10\/ortopeediline-manikuuri-alus-eco-stand-butterfly-hall-2ef78-hind_reference.webp\" \/>\n\t<meta property=\"og:image:width\" content=\"1024\" \/>\n\t<meta property=\"og:image:height\" content=\"1024\" \/>\n\t<meta property=\"og:image:type\" content=\"image\/webp\" \/>\n<meta name=\"twitter:card\" content=\"summary_large_image\" \/>\n<script type=\"application\/ld+json\" class=\"yoast-schema-graph\">{\"@context\":\"https:\/\/schema.org\",\"@graph\":[{\"@type\":\"WebPage\",\"@id\":\"https:\/\/valika.eu\/fi\/toode\/ortopeediline-manikuuri-kaetugi-liblikas-hall\/\",\"url\":\"https:\/\/valika.eu\/fi\/toode\/ortopeediline-manikuuri-kaetugi-liblikas-hall\/\",\"name\":\"Ortopedinen manikyyrituki, rannetugi perhonen harmaa | Valika\",\"isPartOf\":{\"@id\":\"https:\/\/valika.eu\/fi\/#website\"},\"primaryImageOfPage\":{\"@id\":\"https:\/\/valika.eu\/fi\/toode\/ortopeediline-manikuuri-kaetugi-liblikas-hall\/#primaryimage\"},\"image\":{\"@id\":\"https:\/\/valika.eu\/toode\/ortopeediline-manikuuri-kaetugi-liblikas-hall\/#primaryimage\"},\"thumbnailUrl\":\"https:\/\/valika.eu\/wp-content\/uploads\/2024\/10\/ortopeediline-manikuuri-alus-eco-stand-butterfly-hall-2ef78-hind_reference.webp\",\"datePublished\":\"2024-10-20T13:29:52+00:00\",\"dateModified\":\"2025-10-27T13:46:56+00:00\",\"breadcrumb\":{\"@id\":\"https:\/\/valika.eu\/fi\/toode\/ortopeediline-manikuuri-kaetugi-liblikas-hall\/#breadcrumb\"},\"inLanguage\":\"fi\",\"potentialAction\":[{\"@type\":\"ReadAction\",\"target\":[[\"https:\/\/valika.eu\/fi\/toode\/ortopeediline-manikuuri-kaetugi-liblikas-hall\/\"]]}]},{\"@type\":\"ImageObject\",\"inLanguage\":\"fi\",\"@id\":\"https:\/\/valika.eu\/fi\/toode\/ortopeediline-manikuuri-kaetugi-liblikas-hall\/#primaryimage\",\"url\":\"https:\/\/valika.eu\/wp-content\/uploads\/2024\/10\/ortopeediline-manikuuri-alus-eco-stand-butterfly-hall-2ef78-hind_reference.webp\",\"contentUrl\":\"https:\/\/valika.eu\/wp-content\/uploads\/2024\/10\/ortopeediline-manikuuri-alus-eco-stand-butterfly-hall-2ef78-hind_reference.webp\",\"width\":1024,\"height\":1024},{\"@type\":\"BreadcrumbList\",\"@id\":\"https:\/\/valika.eu\/fi\/toode\/ortopeediline-manikuuri-kaetugi-liblikas-hall\/#breadcrumb\",\"itemListElement\":[{\"@type\":\"ListItem\",\"position\":1,\"name\":\"Koti\",\"item\":\"https:\/\/valika.eu\/fi\/\"},{\"@type\":\"ListItem\",\"position\":2,\"name\":\"Shop\",\"item\":\"https:\/\/valika.eu\/fi\/\"},{\"@type\":\"ListItem\",\"position\":3,\"name\":\"Ortopeediline manik\u00fc\u00fcri k\u00e4etugi, liblikas hall\"}]},{\"@type\":\"WebSite\",\"@id\":\"https:\/\/valika.eu\/fi\/#website\",\"url\":\"https:\/\/valika.eu\/fi\/\",\"name\":\"Valika.eu\",\"description\":\"Salonkituotteet ja kauneudenhoitotuotteet - Valika tarjoaa laajan valikoiman tuotteita ja tarvikkeita kynsiteknikoille, kauneushoitoloille, kampaamoille ja kampaamoille.\",\"publisher\":{\"@id\":\"https:\/\/valika.eu\/fi\/#organization\"},\"alternateName\":\"Valika\",\"potentialAction\":[{\"@type\":\"SearchAction\",\"target\":{\"@type\":\"EntryPoint\",\"urlTemplate\":\"https:\/\/valika.eu\/fi\/?s={search_term_string}\"},\"query-input\":{\"@type\":\"PropertyValueSpecification\",\"valueRequired\":true,\"valueName\":\"search_term_string\"}}],\"inLanguage\":\"fi\"},{\"@type\":\"Organization\",\"@id\":\"https:\/\/valika.eu\/fi\/#organization\",\"name\":\"Salongitoode O\u00dc\",\"alternateName\":\"Valika\",\"url\":\"https:\/\/valika.eu\/fi\/\",\"logo\":{\"@type\":\"ImageObject\",\"inLanguage\":\"fi\",\"@id\":\"https:\/\/valika.eu\/fi\/#\/schema\/logo\/image\/\",\"url\":\"https:\/\/valika.eu\/wp-content\/uploads\/2023\/11\/logo2-valika-footer.png\",\"contentUrl\":\"https:\/\/valika.eu\/wp-content\/uploads\/2023\/11\/logo2-valika-footer.png\",\"width\":200,\"height\":129,\"caption\":\"Salongitoode O\u00dc\"},\"image\":{\"@id\":\"https:\/\/valika.eu\/fi\/#\/schema\/logo\/image\/\"},\"sameAs\":[\"https:\/\/www.facebook.com\/tipsi.net\"]}]}<\/script>\n<!-- \/ Yoast SEO plugin. -->","yoast_head_json":{"title":"Ortopedinen manikyyrituki, rannetugi perhonen harmaa | Valika","robots":{"index":"index","follow":"follow","max-snippet":"max-snippet:-1","max-image-preview":"max-image-preview:large","max-video-preview":"max-video-preview:-1"},"canonical":"https:\/\/valika.eu\/fi\/toode\/ortopeediline-manikuuri-kaetugi-liblikas-hall\/","og_locale":"fi_FI","og_type":"article","og_title":"Ortopedinen manikyyrituki, rannetugi perhonen harmaa | Valika","og_description":"Rannetugi perhonen on k\u00e4sintehty korkealaatuisista materiaaleista. T\u00e4m\u00e4 manikyyriteline t\u00e4ydent\u00e4\u00e4 t\u00e4ydellisesti ty\u00f6paikkaa ja tuo asiakkaalle maksimaalisen tyytyv\u00e4isyyden.","og_url":"https:\/\/valika.eu\/fi\/toode\/ortopeediline-manikuuri-kaetugi-liblikas-hall\/","og_site_name":"Valika","article_publisher":"https:\/\/www.facebook.com\/tipsi.net","article_modified_time":"2025-10-27T13:46:56+00:00","og_image":[{"width":1024,"height":1024,"url":"https:\/\/valika.eu\/wp-content\/uploads\/2024\/10\/ortopeediline-manikuuri-alus-eco-stand-butterfly-hall-2ef78-hind_reference.webp","type":"image\/webp"}],"twitter_card":"summary_large_image","schema":{"@context":"https:\/\/schema.org","@graph":[{"@type":"WebPage","@id":"https:\/\/valika.eu\/fi\/toode\/ortopeediline-manikuuri-kaetugi-liblikas-hall\/","url":"https:\/\/valika.eu\/fi\/toode\/ortopeediline-manikuuri-kaetugi-liblikas-hall\/","name":"Ortopedinen manikyyrituki, rannetugi perhonen harmaa | Valika","isPartOf":{"@id":"https:\/\/valika.eu\/fi\/#website"},"primaryImageOfPage":{"@id":"https:\/\/valika.eu\/fi\/toode\/ortopeediline-manikuuri-kaetugi-liblikas-hall\/#primaryimage"},"image":{"@id":"https:\/\/valika.eu\/toode\/ortopeediline-manikuuri-kaetugi-liblikas-hall\/#primaryimage"},"thumbnailUrl":"https:\/\/valika.eu\/wp-content\/uploads\/2024\/10\/ortopeediline-manikuuri-alus-eco-stand-butterfly-hall-2ef78-hind_reference.webp","datePublished":"2024-10-20T13:29:52+00:00","dateModified":"2025-10-27T13:46:56+00:00","breadcrumb":{"@id":"https:\/\/valika.eu\/fi\/toode\/ortopeediline-manikuuri-kaetugi-liblikas-hall\/#breadcrumb"},"inLanguage":"fi","potentialAction":[{"@type":"ReadAction","target":[["https:\/\/valika.eu\/fi\/toode\/ortopeediline-manikuuri-kaetugi-liblikas-hall\/"]]}]},{"@type":"ImageObject","inLanguage":"fi","@id":"https:\/\/valika.eu\/fi\/toode\/ortopeediline-manikuuri-kaetugi-liblikas-hall\/#primaryimage","url":"https:\/\/valika.eu\/wp-content\/uploads\/2024\/10\/ortopeediline-manikuuri-alus-eco-stand-butterfly-hall-2ef78-hind_reference.webp","contentUrl":"https:\/\/valika.eu\/wp-content\/uploads\/2024\/10\/ortopeediline-manikuuri-alus-eco-stand-butterfly-hall-2ef78-hind_reference.webp","width":1024,"height":1024},{"@type":"BreadcrumbList","@id":"https:\/\/valika.eu\/fi\/toode\/ortopeediline-manikuuri-kaetugi-liblikas-hall\/#breadcrumb","itemListElement":[{"@type":"ListItem","position":1,"name":"Koti","item":"https:\/\/valika.eu\/fi\/"},{"@type":"ListItem","position":2,"name":"Shop","item":"https:\/\/valika.eu\/fi\/"},{"@type":"ListItem","position":3,"name":"Ortopeediline manik\u00fc\u00fcri k\u00e4etugi, liblikas hall"}]},{"@type":"WebSite","@id":"https:\/\/valika.eu\/fi\/#website","url":"https:\/\/valika.eu\/fi\/","name":"Valika.eu","description":"Salonkituotteet ja kauneudenhoitotuotteet - Valika tarjoaa laajan valikoiman tuotteita ja tarvikkeita kynsiteknikoille, kauneushoitoloille, kampaamoille ja kampaamoille.","publisher":{"@id":"https:\/\/valika.eu\/fi\/#organization"},"alternateName":"Valika","potentialAction":[{"@type":"SearchAction","target":{"@type":"EntryPoint","urlTemplate":"https:\/\/valika.eu\/fi\/?s={search_term_string}"},"query-input":{"@type":"PropertyValueSpecification","valueRequired":true,"valueName":"search_term_string"}}],"inLanguage":"fi"},{"@type":"Organization","@id":"https:\/\/valika.eu\/fi\/#organization","name":"Salongitoode O\u00dc","alternateName":"Valika","url":"https:\/\/valika.eu\/fi\/","logo":{"@type":"ImageObject","inLanguage":"fi","@id":"https:\/\/valika.eu\/fi\/#\/schema\/logo\/image\/","url":"https:\/\/valika.eu\/wp-content\/uploads\/2023\/11\/logo2-valika-footer.png","contentUrl":"https:\/\/valika.eu\/wp-content\/uploads\/2023\/11\/logo2-valika-footer.png","width":200,"height":129,"caption":"Salongitoode O\u00dc"},"image":{"@id":"https:\/\/valika.eu\/fi\/#\/schema\/logo\/image\/"},"sameAs":["https:\/\/www.facebook.com\/tipsi.net"]}]}},"jetpack_sharing_enabled":true,"_links":{"self":[{"href":"https:\/\/valika.eu\/fi\/wp-json\/wp\/v2\/product\/9634","targetHints":{"allow":["GET"]}}],"collection":[{"href":"https:\/\/valika.eu\/fi\/wp-json\/wp\/v2\/product"}],"about":[{"href":"https:\/\/valika.eu\/fi\/wp-json\/wp\/v2\/types\/product"}],"wp:featuredmedia":[{"embeddable":true,"href":"https:\/\/valika.eu\/fi\/wp-json\/wp\/v2\/media\/9637"}],"wp:attachment":[{"href":"https:\/\/valika.eu\/fi\/wp-json\/wp\/v2\/media?parent=9634"}],"wp:term":[{"taxonomy":"product_brand","embeddable":true,"href":"https:\/\/valika.eu\/fi\/wp-json\/wp\/v2\/product_brand?post=9634"},{"taxonomy":"product_cat","embeddable":true,"href":"https:\/\/valika.eu\/fi\/wp-json\/wp\/v2\/product_cat?post=9634"},{"taxonomy":"product_tag","embeddable":true,"href":"https:\/\/valika.eu\/fi\/wp-json\/wp\/v2\/product_tag?post=9634"}],"curies":[{"name":"wp","href":"https:\/\/api.w.org\/{rel}","templated":true}]}}