{"id":9795,"date":"2024-10-23T13:21:10","date_gmt":"2024-10-23T10:21:10","guid":{"rendered":"https:\/\/valika.eu\/?post_type=product&#038;p=9795"},"modified":"2025-10-27T15:46:55","modified_gmt":"2025-10-27T13:46:55","slug":"manikuuri-alus-eco-lame-must","status":"publish","type":"product","link":"https:\/\/valika.eu\/fi\/toode\/manikuuri-alus-eco-lame-must\/","title":{"rendered":"Manikyyriteline ECO litte\u00e4 musta"},"content":{"rendered":"<p>Monipuolisen muotoilunsa ja optimaalisen korkeutensa ansiosta t\u00e4m\u00e4 lis\u00e4varuste n\u00e4ytt\u00e4\u00e4 hyv\u00e4lt\u00e4 ty\u00f6tasolla eik\u00e4 vie paljon tilaa k\u00e4yt\u00f6n ja s\u00e4ilytyksen aikana. K\u00e4sinojan verhoilu, joka on valmistettu kest\u00e4v\u00e4st\u00e4 ja pehme\u00e4st\u00e4 ekonahasta, on helppo puhdistaa ja s\u00e4ilytt\u00e4\u00e4 ulkon\u00e4k\u00f6ns\u00e4 pitk\u00e4\u00e4n. Joustava ja tiivis vaahtomuovipehmuste varmistaa, ett\u00e4 asiakkaan k\u00e4det pysyv\u00e4t mukavasti paikoillaan eiv\u00e4tk\u00e4 tunnu vuotavan.<\/p>","protected":false},"excerpt":{"rendered":"<p>Pintamateriaali on ekonahkaa.<br \/>\nKokonaismitat: 400x110x40(t)mm<\/p>\n","protected":false},"featured_media":9798,"template":"","meta":[],"product_brand":[],"product_cat":[24,641],"product_tag":[],"class_list":{"0":"post-9795","1":"product","2":"type-product","3":"status-publish","4":"has-post-thumbnail","6":"product_cat-ilusalongimoobel","7":"product_cat-kae-ja-jalatoed","9":"first","10":"instock","11":"taxable","12":"shipping-taxable","13":"purchasable","14":"product-type-simple"},"yoast_head":"<!-- This site is optimized with the Yoast SEO plugin v24.4 - https:\/\/yoast.com\/wordpress\/plugins\/seo\/ -->\n<title>Manikyyriteline ECO litte\u00e4 musta | Valika<\/title>\n<meta name=\"robots\" content=\"index, follow, max-snippet:-1, max-image-preview:large, max-video-preview:-1\" \/>\n<link rel=\"canonical\" href=\"https:\/\/valika.eu\/fi\/toode\/manikuuri-alus-eco-lame-must\/\" \/>\n<meta property=\"og:locale\" content=\"fi_FI\" \/>\n<meta property=\"og:type\" content=\"article\" \/>\n<meta property=\"og:title\" content=\"Manikyyriteline ECO litte\u00e4 musta | Valika\" \/>\n<meta property=\"og:description\" content=\"Pintamateriaali on ekonahkaa. Kokonaismitat: 400x110x40(t)mm\" \/>\n<meta property=\"og:url\" content=\"https:\/\/valika.eu\/fi\/toode\/manikuuri-alus-eco-lame-must\/\" \/>\n<meta property=\"og:site_name\" content=\"Valika\" \/>\n<meta property=\"article:publisher\" content=\"https:\/\/www.facebook.com\/tipsi.net\" \/>\n<meta property=\"article:modified_time\" content=\"2025-10-27T13:46:55+00:00\" \/>\n<meta property=\"og:image\" content=\"https:\/\/valika.eu\/wp-content\/uploads\/2024\/10\/manikuuri-kaetugi-eco-stand-must-ec64b-hind_reference.webp\" \/>\n\t<meta property=\"og:image:width\" content=\"1024\" \/>\n\t<meta property=\"og:image:height\" content=\"1024\" \/>\n\t<meta property=\"og:image:type\" content=\"image\/webp\" \/>\n<meta name=\"twitter:card\" content=\"summary_large_image\" \/>\n<script type=\"application\/ld+json\" class=\"yoast-schema-graph\">{\"@context\":\"https:\/\/schema.org\",\"@graph\":[{\"@type\":\"WebPage\",\"@id\":\"https:\/\/valika.eu\/fi\/toode\/manikuuri-alus-eco-lame-must\/\",\"url\":\"https:\/\/valika.eu\/fi\/toode\/manikuuri-alus-eco-lame-must\/\",\"name\":\"Manikyyriteline ECO litte\u00e4 musta | Valika\",\"isPartOf\":{\"@id\":\"https:\/\/valika.eu\/fi\/#website\"},\"primaryImageOfPage\":{\"@id\":\"https:\/\/valika.eu\/fi\/toode\/manikuuri-alus-eco-lame-must\/#primaryimage\"},\"image\":{\"@id\":\"https:\/\/valika.eu\/toode\/manikuuri-alus-eco-lame-must\/#primaryimage\"},\"thumbnailUrl\":\"https:\/\/valika.eu\/wp-content\/uploads\/2024\/10\/manikuuri-kaetugi-eco-stand-must-ec64b-hind_reference.webp\",\"datePublished\":\"2024-10-23T10:21:10+00:00\",\"dateModified\":\"2025-10-27T13:46:55+00:00\",\"breadcrumb\":{\"@id\":\"https:\/\/valika.eu\/fi\/toode\/manikuuri-alus-eco-lame-must\/#breadcrumb\"},\"inLanguage\":\"fi\",\"potentialAction\":[{\"@type\":\"ReadAction\",\"target\":[[\"https:\/\/valika.eu\/fi\/toode\/manikuuri-alus-eco-lame-must\/\"]]}]},{\"@type\":\"ImageObject\",\"inLanguage\":\"fi\",\"@id\":\"https:\/\/valika.eu\/fi\/toode\/manikuuri-alus-eco-lame-must\/#primaryimage\",\"url\":\"https:\/\/valika.eu\/wp-content\/uploads\/2024\/10\/manikuuri-kaetugi-eco-stand-must-ec64b-hind_reference.webp\",\"contentUrl\":\"https:\/\/valika.eu\/wp-content\/uploads\/2024\/10\/manikuuri-kaetugi-eco-stand-must-ec64b-hind_reference.webp\",\"width\":1024,\"height\":1024},{\"@type\":\"BreadcrumbList\",\"@id\":\"https:\/\/valika.eu\/fi\/toode\/manikuuri-alus-eco-lame-must\/#breadcrumb\",\"itemListElement\":[{\"@type\":\"ListItem\",\"position\":1,\"name\":\"Koti\",\"item\":\"https:\/\/valika.eu\/fi\/\"},{\"@type\":\"ListItem\",\"position\":2,\"name\":\"Shop\",\"item\":\"https:\/\/valika.eu\/fi\/\"},{\"@type\":\"ListItem\",\"position\":3,\"name\":\"Manik\u00fc\u00fcri alus ECO lame must\"}]},{\"@type\":\"WebSite\",\"@id\":\"https:\/\/valika.eu\/fi\/#website\",\"url\":\"https:\/\/valika.eu\/fi\/\",\"name\":\"Valika.eu\",\"description\":\"Salonkituotteet ja kauneudenhoitotuotteet - Valika tarjoaa laajan valikoiman tuotteita ja tarvikkeita kynsiteknikoille, kauneushoitoloille, kampaamoille ja kampaamoille.\",\"publisher\":{\"@id\":\"https:\/\/valika.eu\/fi\/#organization\"},\"alternateName\":\"Valika\",\"potentialAction\":[{\"@type\":\"SearchAction\",\"target\":{\"@type\":\"EntryPoint\",\"urlTemplate\":\"https:\/\/valika.eu\/fi\/?s={search_term_string}\"},\"query-input\":{\"@type\":\"PropertyValueSpecification\",\"valueRequired\":true,\"valueName\":\"search_term_string\"}}],\"inLanguage\":\"fi\"},{\"@type\":\"Organization\",\"@id\":\"https:\/\/valika.eu\/fi\/#organization\",\"name\":\"Salongitoode O\u00dc\",\"alternateName\":\"Valika\",\"url\":\"https:\/\/valika.eu\/fi\/\",\"logo\":{\"@type\":\"ImageObject\",\"inLanguage\":\"fi\",\"@id\":\"https:\/\/valika.eu\/fi\/#\/schema\/logo\/image\/\",\"url\":\"https:\/\/valika.eu\/wp-content\/uploads\/2023\/11\/logo2-valika-footer.png\",\"contentUrl\":\"https:\/\/valika.eu\/wp-content\/uploads\/2023\/11\/logo2-valika-footer.png\",\"width\":200,\"height\":129,\"caption\":\"Salongitoode O\u00dc\"},\"image\":{\"@id\":\"https:\/\/valika.eu\/fi\/#\/schema\/logo\/image\/\"},\"sameAs\":[\"https:\/\/www.facebook.com\/tipsi.net\"]}]}<\/script>\n<!-- \/ Yoast SEO plugin. -->","yoast_head_json":{"title":"Manikyyriteline ECO litte\u00e4 musta | Valika","robots":{"index":"index","follow":"follow","max-snippet":"max-snippet:-1","max-image-preview":"max-image-preview:large","max-video-preview":"max-video-preview:-1"},"canonical":"https:\/\/valika.eu\/fi\/toode\/manikuuri-alus-eco-lame-must\/","og_locale":"fi_FI","og_type":"article","og_title":"Manikyyriteline ECO litte\u00e4 musta | Valika","og_description":"Pintamateriaali on ekonahkaa. Kokonaismitat: 400x110x40(t)mm","og_url":"https:\/\/valika.eu\/fi\/toode\/manikuuri-alus-eco-lame-must\/","og_site_name":"Valika","article_publisher":"https:\/\/www.facebook.com\/tipsi.net","article_modified_time":"2025-10-27T13:46:55+00:00","og_image":[{"width":1024,"height":1024,"url":"https:\/\/valika.eu\/wp-content\/uploads\/2024\/10\/manikuuri-kaetugi-eco-stand-must-ec64b-hind_reference.webp","type":"image\/webp"}],"twitter_card":"summary_large_image","schema":{"@context":"https:\/\/schema.org","@graph":[{"@type":"WebPage","@id":"https:\/\/valika.eu\/fi\/toode\/manikuuri-alus-eco-lame-must\/","url":"https:\/\/valika.eu\/fi\/toode\/manikuuri-alus-eco-lame-must\/","name":"Manikyyriteline ECO litte\u00e4 musta | Valika","isPartOf":{"@id":"https:\/\/valika.eu\/fi\/#website"},"primaryImageOfPage":{"@id":"https:\/\/valika.eu\/fi\/toode\/manikuuri-alus-eco-lame-must\/#primaryimage"},"image":{"@id":"https:\/\/valika.eu\/toode\/manikuuri-alus-eco-lame-must\/#primaryimage"},"thumbnailUrl":"https:\/\/valika.eu\/wp-content\/uploads\/2024\/10\/manikuuri-kaetugi-eco-stand-must-ec64b-hind_reference.webp","datePublished":"2024-10-23T10:21:10+00:00","dateModified":"2025-10-27T13:46:55+00:00","breadcrumb":{"@id":"https:\/\/valika.eu\/fi\/toode\/manikuuri-alus-eco-lame-must\/#breadcrumb"},"inLanguage":"fi","potentialAction":[{"@type":"ReadAction","target":[["https:\/\/valika.eu\/fi\/toode\/manikuuri-alus-eco-lame-must\/"]]}]},{"@type":"ImageObject","inLanguage":"fi","@id":"https:\/\/valika.eu\/fi\/toode\/manikuuri-alus-eco-lame-must\/#primaryimage","url":"https:\/\/valika.eu\/wp-content\/uploads\/2024\/10\/manikuuri-kaetugi-eco-stand-must-ec64b-hind_reference.webp","contentUrl":"https:\/\/valika.eu\/wp-content\/uploads\/2024\/10\/manikuuri-kaetugi-eco-stand-must-ec64b-hind_reference.webp","width":1024,"height":1024},{"@type":"BreadcrumbList","@id":"https:\/\/valika.eu\/fi\/toode\/manikuuri-alus-eco-lame-must\/#breadcrumb","itemListElement":[{"@type":"ListItem","position":1,"name":"Koti","item":"https:\/\/valika.eu\/fi\/"},{"@type":"ListItem","position":2,"name":"Shop","item":"https:\/\/valika.eu\/fi\/"},{"@type":"ListItem","position":3,"name":"Manik\u00fc\u00fcri alus ECO lame must"}]},{"@type":"WebSite","@id":"https:\/\/valika.eu\/fi\/#website","url":"https:\/\/valika.eu\/fi\/","name":"Valika.eu","description":"Salonkituotteet ja kauneudenhoitotuotteet - Valika tarjoaa laajan valikoiman tuotteita ja tarvikkeita kynsiteknikoille, kauneushoitoloille, kampaamoille ja kampaamoille.","publisher":{"@id":"https:\/\/valika.eu\/fi\/#organization"},"alternateName":"Valika","potentialAction":[{"@type":"SearchAction","target":{"@type":"EntryPoint","urlTemplate":"https:\/\/valika.eu\/fi\/?s={search_term_string}"},"query-input":{"@type":"PropertyValueSpecification","valueRequired":true,"valueName":"search_term_string"}}],"inLanguage":"fi"},{"@type":"Organization","@id":"https:\/\/valika.eu\/fi\/#organization","name":"Salongitoode O\u00dc","alternateName":"Valika","url":"https:\/\/valika.eu\/fi\/","logo":{"@type":"ImageObject","inLanguage":"fi","@id":"https:\/\/valika.eu\/fi\/#\/schema\/logo\/image\/","url":"https:\/\/valika.eu\/wp-content\/uploads\/2023\/11\/logo2-valika-footer.png","contentUrl":"https:\/\/valika.eu\/wp-content\/uploads\/2023\/11\/logo2-valika-footer.png","width":200,"height":129,"caption":"Salongitoode O\u00dc"},"image":{"@id":"https:\/\/valika.eu\/fi\/#\/schema\/logo\/image\/"},"sameAs":["https:\/\/www.facebook.com\/tipsi.net"]}]}},"jetpack_sharing_enabled":true,"_links":{"self":[{"href":"https:\/\/valika.eu\/fi\/wp-json\/wp\/v2\/product\/9795","targetHints":{"allow":["GET"]}}],"collection":[{"href":"https:\/\/valika.eu\/fi\/wp-json\/wp\/v2\/product"}],"about":[{"href":"https:\/\/valika.eu\/fi\/wp-json\/wp\/v2\/types\/product"}],"wp:featuredmedia":[{"embeddable":true,"href":"https:\/\/valika.eu\/fi\/wp-json\/wp\/v2\/media\/9798"}],"wp:attachment":[{"href":"https:\/\/valika.eu\/fi\/wp-json\/wp\/v2\/media?parent=9795"}],"wp:term":[{"taxonomy":"product_brand","embeddable":true,"href":"https:\/\/valika.eu\/fi\/wp-json\/wp\/v2\/product_brand?post=9795"},{"taxonomy":"product_cat","embeddable":true,"href":"https:\/\/valika.eu\/fi\/wp-json\/wp\/v2\/product_cat?post=9795"},{"taxonomy":"product_tag","embeddable":true,"href":"https:\/\/valika.eu\/fi\/wp-json\/wp\/v2\/product_tag?post=9795"}],"curies":[{"name":"wp","href":"https:\/\/api.w.org\/{rel}","templated":true}]}}