{"id":980,"date":"2024-09-24T13:36:34","date_gmt":"2024-09-24T10:36:34","guid":{"rendered":"https:\/\/valika.eu\/?post_type=product&#038;p=980"},"modified":"2025-09-16T12:19:26","modified_gmt":"2025-09-16T09:19:26","slug":"salfad-1000tk-2-rulli","status":"publish","type":"product","link":"https:\/\/valika.eu\/fi\/toode\/salfad-1000tk-2-rulli\/","title":{"rendered":"lautasliinat  1000kpl. 2 rulla"},"content":{"rendered":"<p>Korkealaatuisesta selluloosasta valmistetut lautasliinat ovat k\u00e4ytt\u00f6valmiita ja valmiiksi leikattuja helppoon ja puhtaaseen levitykseen.<\/p>\n<p>Koko Dental<\/p>\n<p>40 x 50 mm<\/p>\n<p>V\u00e4ri<\/p>\n<p>valkoinen<\/p>\n<p>tuotteen ominaisuudet<\/p>\n<p>korkea valkaistu selluloosa, pehme\u00e4 ja imukykyinen laatu<\/p>\n<p>pakkauksen sis\u00e4lt\u00f6<\/p>\n<p>kahden rullan pussi (500 kpl per rulla)<\/p>","protected":false},"excerpt":{"rendered":"<p class=\"qtranxs-available-languages-message qtranxs-available-languages-message-fi\">T\u00e4m\u00e4 teksti on valitettavasti saatavilla vain kielill\u00e4: <a href=\"https:\/\/valika.eu\/et\/wp-json\/wp\/v2\/product\/980\" class=\"qtranxs-available-language-link qtranxs-available-language-link-et\" title=\"Eesti\">Eesti<\/a>, <a href=\"https:\/\/valika.eu\/ru\/wp-json\/wp\/v2\/product\/980\" class=\"qtranxs-available-language-link qtranxs-available-language-link-ru\" title=\"\u0420\u0443\u0441\u0441\u043a\u0438\u0439\">\u0420\u0443\u0441\u0441\u043a\u0438\u0439<\/a> ja <a href=\"https:\/\/valika.eu\/en\/wp-json\/wp\/v2\/product\/980\" class=\"qtranxs-available-language-link qtranxs-available-language-link-en\" title=\"English\">English<\/a>.<\/p>\n<p>Kvaliteetsest tselluloosist valmistatud tselluloosisalfad on kasutusvalmis ja eelnevalt l\u00f5igatud, et neid oleks lihtne ja puhas kasutada.<\/p>\n","protected":false},"featured_media":641,"template":"","meta":[],"product_brand":[],"product_cat":[347],"product_tag":[],"class_list":{"0":"post-980","1":"product","2":"type-product","3":"status-publish","4":"has-post-thumbnail","6":"product_cat-salfad","8":"first","9":"instock","10":"taxable","11":"shipping-taxable","12":"purchasable","13":"product-type-simple"},"yoast_head":"<!-- This site is optimized with the Yoast SEO plugin v24.4 - https:\/\/yoast.com\/wordpress\/plugins\/seo\/ -->\n<title>lautasliinat 1000kpl. 2 rulla | Valika<\/title>\n<meta name=\"description\" content=\"Kvaliteetsest tselluloosist valmistatud tselluloosisalfad on kasutusvalmis ja eelnevalt l\u00f5igatud, et neid oleks lihtne ja puhas peale kanda.\" \/>\n<meta name=\"robots\" content=\"index, follow, max-snippet:-1, max-image-preview:large, max-video-preview:-1\" \/>\n<link rel=\"canonical\" href=\"https:\/\/valika.eu\/fi\/toode\/salfad-1000tk-2-rulli\/\" \/>\n<meta property=\"og:locale\" content=\"fi_FI\" \/>\n<meta property=\"og:type\" content=\"article\" \/>\n<meta property=\"og:title\" content=\"lautasliinat 1000kpl. 2 rulla | Valika\" \/>\n<meta property=\"og:description\" content=\"Kvaliteetsest tselluloosist valmistatud tselluloosisalfad on kasutusvalmis ja eelnevalt l\u00f5igatud, et neid oleks lihtne ja puhas peale kanda.\" \/>\n<meta property=\"og:url\" content=\"https:\/\/valika.eu\/fi\/toode\/salfad-1000tk-2-rulli\/\" \/>\n<meta property=\"og:site_name\" content=\"Valika\" \/>\n<meta property=\"article:publisher\" content=\"https:\/\/www.facebook.com\/tipsi.net\" \/>\n<meta property=\"article:modified_time\" content=\"2025-09-16T09:19:26+00:00\" \/>\n<meta property=\"og:image\" content=\"https:\/\/valika.eu\/wp-content\/uploads\/2024\/09\/SALFAD1000TK.jpg\" \/>\n\t<meta property=\"og:image:width\" content=\"560\" \/>\n\t<meta property=\"og:image:height\" content=\"560\" \/>\n\t<meta property=\"og:image:type\" content=\"image\/jpeg\" \/>\n<meta name=\"twitter:card\" content=\"summary_large_image\" \/>\n<script type=\"application\/ld+json\" class=\"yoast-schema-graph\">{\"@context\":\"https:\/\/schema.org\",\"@graph\":[{\"@type\":\"WebPage\",\"@id\":\"https:\/\/valika.eu\/fi\/toode\/salfad-1000tk-2-rulli\/\",\"url\":\"https:\/\/valika.eu\/fi\/toode\/salfad-1000tk-2-rulli\/\",\"name\":\"lautasliinat 1000kpl. 2 rulla | Valika\",\"isPartOf\":{\"@id\":\"https:\/\/valika.eu\/fi\/#website\"},\"primaryImageOfPage\":{\"@id\":\"https:\/\/valika.eu\/fi\/toode\/salfad-1000tk-2-rulli\/#primaryimage\"},\"image\":{\"@id\":\"https:\/\/valika.eu\/toode\/salfad-1000tk-2-rulli\/#primaryimage\"},\"thumbnailUrl\":\"https:\/\/valika.eu\/wp-content\/uploads\/2024\/09\/SALFAD1000TK.jpg\",\"datePublished\":\"2024-09-24T10:36:34+00:00\",\"dateModified\":\"2025-09-16T09:19:26+00:00\",\"description\":\"Kvaliteetsest tselluloosist valmistatud tselluloosisalfad on kasutusvalmis ja eelnevalt l\u00f5igatud, et neid oleks lihtne ja puhas peale kanda.\",\"breadcrumb\":{\"@id\":\"https:\/\/valika.eu\/fi\/toode\/salfad-1000tk-2-rulli\/#breadcrumb\"},\"inLanguage\":\"fi\",\"potentialAction\":[{\"@type\":\"ReadAction\",\"target\":[[\"https:\/\/valika.eu\/fi\/toode\/salfad-1000tk-2-rulli\/\"]]}]},{\"@type\":\"ImageObject\",\"inLanguage\":\"fi\",\"@id\":\"https:\/\/valika.eu\/fi\/toode\/salfad-1000tk-2-rulli\/#primaryimage\",\"url\":\"https:\/\/valika.eu\/wp-content\/uploads\/2024\/09\/SALFAD1000TK.jpg\",\"contentUrl\":\"https:\/\/valika.eu\/wp-content\/uploads\/2024\/09\/SALFAD1000TK.jpg\",\"width\":560,\"height\":560,\"caption\":\"K\u00fc\u00fcnesalfad\"},{\"@type\":\"BreadcrumbList\",\"@id\":\"https:\/\/valika.eu\/fi\/toode\/salfad-1000tk-2-rulli\/#breadcrumb\",\"itemListElement\":[{\"@type\":\"ListItem\",\"position\":1,\"name\":\"Koti\",\"item\":\"https:\/\/valika.eu\/fi\/\"},{\"@type\":\"ListItem\",\"position\":2,\"name\":\"Shop\",\"item\":\"https:\/\/valika.eu\/fi\/\"},{\"@type\":\"ListItem\",\"position\":3,\"name\":\"SALFAD 1000TK 2 RULLI\"}]},{\"@type\":\"WebSite\",\"@id\":\"https:\/\/valika.eu\/fi\/#website\",\"url\":\"https:\/\/valika.eu\/fi\/\",\"name\":\"Valika.eu\",\"description\":\"Salonkituotteet ja kauneudenhoitotuotteet - Valika tarjoaa laajan valikoiman tuotteita ja tarvikkeita kynsiteknikoille, kauneushoitoloille, kampaamoille ja kampaamoille.\",\"publisher\":{\"@id\":\"https:\/\/valika.eu\/fi\/#organization\"},\"alternateName\":\"Valika\",\"potentialAction\":[{\"@type\":\"SearchAction\",\"target\":{\"@type\":\"EntryPoint\",\"urlTemplate\":\"https:\/\/valika.eu\/fi\/?s={search_term_string}\"},\"query-input\":{\"@type\":\"PropertyValueSpecification\",\"valueRequired\":true,\"valueName\":\"search_term_string\"}}],\"inLanguage\":\"fi\"},{\"@type\":\"Organization\",\"@id\":\"https:\/\/valika.eu\/fi\/#organization\",\"name\":\"Salongitoode O\u00dc\",\"alternateName\":\"Valika\",\"url\":\"https:\/\/valika.eu\/fi\/\",\"logo\":{\"@type\":\"ImageObject\",\"inLanguage\":\"fi\",\"@id\":\"https:\/\/valika.eu\/fi\/#\/schema\/logo\/image\/\",\"url\":\"https:\/\/valika.eu\/wp-content\/uploads\/2023\/11\/logo2-valika-footer.png\",\"contentUrl\":\"https:\/\/valika.eu\/wp-content\/uploads\/2023\/11\/logo2-valika-footer.png\",\"width\":200,\"height\":129,\"caption\":\"Salongitoode O\u00dc\"},\"image\":{\"@id\":\"https:\/\/valika.eu\/fi\/#\/schema\/logo\/image\/\"},\"sameAs\":[\"https:\/\/www.facebook.com\/tipsi.net\"]}]}<\/script>\n<!-- \/ Yoast SEO plugin. -->","yoast_head_json":{"title":"lautasliinat 1000kpl. 2 rulla | Valika","description":"Kvaliteetsest tselluloosist valmistatud tselluloosisalfad on kasutusvalmis ja eelnevalt l\u00f5igatud, et neid oleks lihtne ja puhas peale kanda.","robots":{"index":"index","follow":"follow","max-snippet":"max-snippet:-1","max-image-preview":"max-image-preview:large","max-video-preview":"max-video-preview:-1"},"canonical":"https:\/\/valika.eu\/fi\/toode\/salfad-1000tk-2-rulli\/","og_locale":"fi_FI","og_type":"article","og_title":"lautasliinat 1000kpl. 2 rulla | Valika","og_description":"Kvaliteetsest tselluloosist valmistatud tselluloosisalfad on kasutusvalmis ja eelnevalt l\u00f5igatud, et neid oleks lihtne ja puhas peale kanda.","og_url":"https:\/\/valika.eu\/fi\/toode\/salfad-1000tk-2-rulli\/","og_site_name":"Valika","article_publisher":"https:\/\/www.facebook.com\/tipsi.net","article_modified_time":"2025-09-16T09:19:26+00:00","og_image":[{"width":560,"height":560,"url":"https:\/\/valika.eu\/wp-content\/uploads\/2024\/09\/SALFAD1000TK.jpg","type":"image\/jpeg"}],"twitter_card":"summary_large_image","schema":{"@context":"https:\/\/schema.org","@graph":[{"@type":"WebPage","@id":"https:\/\/valika.eu\/fi\/toode\/salfad-1000tk-2-rulli\/","url":"https:\/\/valika.eu\/fi\/toode\/salfad-1000tk-2-rulli\/","name":"lautasliinat 1000kpl. 2 rulla | Valika","isPartOf":{"@id":"https:\/\/valika.eu\/fi\/#website"},"primaryImageOfPage":{"@id":"https:\/\/valika.eu\/fi\/toode\/salfad-1000tk-2-rulli\/#primaryimage"},"image":{"@id":"https:\/\/valika.eu\/toode\/salfad-1000tk-2-rulli\/#primaryimage"},"thumbnailUrl":"https:\/\/valika.eu\/wp-content\/uploads\/2024\/09\/SALFAD1000TK.jpg","datePublished":"2024-09-24T10:36:34+00:00","dateModified":"2025-09-16T09:19:26+00:00","description":"Kvaliteetsest tselluloosist valmistatud tselluloosisalfad on kasutusvalmis ja eelnevalt l\u00f5igatud, et neid oleks lihtne ja puhas peale kanda.","breadcrumb":{"@id":"https:\/\/valika.eu\/fi\/toode\/salfad-1000tk-2-rulli\/#breadcrumb"},"inLanguage":"fi","potentialAction":[{"@type":"ReadAction","target":[["https:\/\/valika.eu\/fi\/toode\/salfad-1000tk-2-rulli\/"]]}]},{"@type":"ImageObject","inLanguage":"fi","@id":"https:\/\/valika.eu\/fi\/toode\/salfad-1000tk-2-rulli\/#primaryimage","url":"https:\/\/valika.eu\/wp-content\/uploads\/2024\/09\/SALFAD1000TK.jpg","contentUrl":"https:\/\/valika.eu\/wp-content\/uploads\/2024\/09\/SALFAD1000TK.jpg","width":560,"height":560,"caption":"K\u00fc\u00fcnesalfad"},{"@type":"BreadcrumbList","@id":"https:\/\/valika.eu\/fi\/toode\/salfad-1000tk-2-rulli\/#breadcrumb","itemListElement":[{"@type":"ListItem","position":1,"name":"Koti","item":"https:\/\/valika.eu\/fi\/"},{"@type":"ListItem","position":2,"name":"Shop","item":"https:\/\/valika.eu\/fi\/"},{"@type":"ListItem","position":3,"name":"SALFAD 1000TK 2 RULLI"}]},{"@type":"WebSite","@id":"https:\/\/valika.eu\/fi\/#website","url":"https:\/\/valika.eu\/fi\/","name":"Valika.eu","description":"Salonkituotteet ja kauneudenhoitotuotteet - Valika tarjoaa laajan valikoiman tuotteita ja tarvikkeita kynsiteknikoille, kauneushoitoloille, kampaamoille ja kampaamoille.","publisher":{"@id":"https:\/\/valika.eu\/fi\/#organization"},"alternateName":"Valika","potentialAction":[{"@type":"SearchAction","target":{"@type":"EntryPoint","urlTemplate":"https:\/\/valika.eu\/fi\/?s={search_term_string}"},"query-input":{"@type":"PropertyValueSpecification","valueRequired":true,"valueName":"search_term_string"}}],"inLanguage":"fi"},{"@type":"Organization","@id":"https:\/\/valika.eu\/fi\/#organization","name":"Salongitoode O\u00dc","alternateName":"Valika","url":"https:\/\/valika.eu\/fi\/","logo":{"@type":"ImageObject","inLanguage":"fi","@id":"https:\/\/valika.eu\/fi\/#\/schema\/logo\/image\/","url":"https:\/\/valika.eu\/wp-content\/uploads\/2023\/11\/logo2-valika-footer.png","contentUrl":"https:\/\/valika.eu\/wp-content\/uploads\/2023\/11\/logo2-valika-footer.png","width":200,"height":129,"caption":"Salongitoode O\u00dc"},"image":{"@id":"https:\/\/valika.eu\/fi\/#\/schema\/logo\/image\/"},"sameAs":["https:\/\/www.facebook.com\/tipsi.net"]}]}},"jetpack_sharing_enabled":true,"_links":{"self":[{"href":"https:\/\/valika.eu\/fi\/wp-json\/wp\/v2\/product\/980","targetHints":{"allow":["GET"]}}],"collection":[{"href":"https:\/\/valika.eu\/fi\/wp-json\/wp\/v2\/product"}],"about":[{"href":"https:\/\/valika.eu\/fi\/wp-json\/wp\/v2\/types\/product"}],"wp:featuredmedia":[{"embeddable":true,"href":"https:\/\/valika.eu\/fi\/wp-json\/wp\/v2\/media\/641"}],"wp:attachment":[{"href":"https:\/\/valika.eu\/fi\/wp-json\/wp\/v2\/media?parent=980"}],"wp:term":[{"taxonomy":"product_brand","embeddable":true,"href":"https:\/\/valika.eu\/fi\/wp-json\/wp\/v2\/product_brand?post=980"},{"taxonomy":"product_cat","embeddable":true,"href":"https:\/\/valika.eu\/fi\/wp-json\/wp\/v2\/product_cat?post=980"},{"taxonomy":"product_tag","embeddable":true,"href":"https:\/\/valika.eu\/fi\/wp-json\/wp\/v2\/product_tag?post=980"}],"curies":[{"name":"wp","href":"https:\/\/api.w.org\/{rel}","templated":true}]}}