{"id":981,"date":"2024-09-24T13:36:35","date_gmt":"2024-09-24T10:36:35","guid":{"rendered":"https:\/\/valika.eu\/?post_type=product&#038;p=981"},"modified":"2026-03-30T11:12:50","modified_gmt":"2026-03-30T08:12:50","slug":"milky-white-claresa-12g","status":"publish","type":"product","link":"https:\/\/valika.eu\/fi\/toode\/milky-white-claresa-12g\/","title":{"rendered":"Claresa SOFT&amp;EASY builder gel milky white 12g"},"content":{"rendered":"<p>suomi<\/p>","protected":false},"excerpt":{"rendered":"<p>Innovatiivne geelivalem erilise struktuuri ja tihedusega muudab selle suurep\u00e4raseks tasandamiseks, andes andeks isegi mitte eriti kogenud kasutajale, kiire t\u00f6\u00f6 lihtsustab ka tilguti tixotroopsus (vedeliku m\u00e4lu). SOFT&amp;EASY-ga stiliseerimine ei n\u00f5ua viilimist ega pealispinda \u2013 piisab puhta kihi h\u00f5\u00f5rumisest Cleaneriga ja intensiivselt l\u00e4ikivad k\u00fc\u00fcned on valmis!<\/p>\n","protected":false},"featured_media":655,"template":"","meta":[],"product_brand":[],"product_cat":[72,647],"product_tag":[],"class_list":{"0":"post-981","1":"product","2":"type-product","3":"status-publish","4":"has-post-thumbnail","6":"product_cat-claresa-ehitusgeelid","7":"product_cat-softeasy","9":"first","10":"outofstock","11":"taxable","12":"shipping-taxable","13":"purchasable","14":"product-type-simple"},"yoast_head":"<!-- This site is optimized with the Yoast SEO plugin v24.4 - https:\/\/yoast.com\/wordpress\/plugins\/seo\/ -->\n<title>Claresa SOFT&amp;EASY builder gel milky white 12g | Valika<\/title>\n<meta name=\"description\" content=\"Kaasaegne geelivalem suurep\u00e4rase haakuvusega* v\u00f5imaldab k\u00fc\u00fcneplaadi tasandamist, k\u00f5vastamist ja pikendamist isegi \u00f5hukese kihiga, tagades stiilile loomuliku k\u00fc\u00fcneplaadi v\u00e4limuse, mis kestab v\u00e4hemalt 4 n\u00e4dalat(!). See takistab ka k\u00fc\u00fcnte murdumist ja murenenud olekut, v\u00f5imaldades neil oluliselt pikemaks kasvada.\" \/>\n<meta name=\"robots\" content=\"index, follow, max-snippet:-1, max-image-preview:large, max-video-preview:-1\" \/>\n<link rel=\"canonical\" href=\"https:\/\/valika.eu\/fi\/toode\/milky-white-claresa-12g\/\" \/>\n<meta property=\"og:locale\" content=\"fi_FI\" \/>\n<meta property=\"og:type\" content=\"article\" \/>\n<meta property=\"og:title\" content=\"Claresa SOFT&amp;EASY builder gel milky white 12g | Valika\" \/>\n<meta property=\"og:description\" content=\"Kaasaegne geelivalem suurep\u00e4rase haakuvusega* v\u00f5imaldab k\u00fc\u00fcneplaadi tasandamist, k\u00f5vastamist ja pikendamist isegi \u00f5hukese kihiga, tagades stiilile loomuliku k\u00fc\u00fcneplaadi v\u00e4limuse, mis kestab v\u00e4hemalt 4 n\u00e4dalat(!). See takistab ka k\u00fc\u00fcnte murdumist ja murenenud olekut, v\u00f5imaldades neil oluliselt pikemaks kasvada.\" \/>\n<meta property=\"og:url\" content=\"https:\/\/valika.eu\/fi\/toode\/milky-white-claresa-12g\/\" \/>\n<meta property=\"og:site_name\" content=\"Valika\" \/>\n<meta property=\"article:publisher\" content=\"https:\/\/www.facebook.com\/tipsi.net\" \/>\n<meta property=\"article:modified_time\" content=\"2026-03-30T08:12:50+00:00\" \/>\n<meta property=\"og:image\" content=\"https:\/\/valika.eu\/wp-content\/uploads\/2024\/09\/Claresa-Zel-budujacy-SOFTEASY-builder-gel-milky-white-45g.jpg\" \/>\n\t<meta property=\"og:image:width\" content=\"800\" \/>\n\t<meta property=\"og:image:height\" content=\"800\" \/>\n\t<meta property=\"og:image:type\" content=\"image\/jpeg\" \/>\n<meta name=\"twitter:card\" content=\"summary_large_image\" \/>\n<script type=\"application\/ld+json\" class=\"yoast-schema-graph\">{\"@context\":\"https:\/\/schema.org\",\"@graph\":[{\"@type\":\"WebPage\",\"@id\":\"https:\/\/valika.eu\/fi\/toode\/milky-white-claresa-12g\/\",\"url\":\"https:\/\/valika.eu\/fi\/toode\/milky-white-claresa-12g\/\",\"name\":\"Claresa SOFT&amp;EASY builder gel milky white 12g | Valika\",\"isPartOf\":{\"@id\":\"https:\/\/valika.eu\/fi\/#website\"},\"primaryImageOfPage\":{\"@id\":\"https:\/\/valika.eu\/fi\/toode\/milky-white-claresa-12g\/#primaryimage\"},\"image\":{\"@id\":\"https:\/\/valika.eu\/toode\/milky-white-claresa-12g\/#primaryimage\"},\"thumbnailUrl\":\"https:\/\/valika.eu\/wp-content\/uploads\/2024\/09\/Claresa-Zel-budujacy-SOFTEASY-builder-gel-milky-white-45g.jpg\",\"datePublished\":\"2024-09-24T10:36:35+00:00\",\"dateModified\":\"2026-03-30T08:12:50+00:00\",\"description\":\"Kaasaegne geelivalem suurep\u00e4rase haakuvusega* v\u00f5imaldab k\u00fc\u00fcneplaadi tasandamist, k\u00f5vastamist ja pikendamist isegi \u00f5hukese kihiga, tagades stiilile loomuliku k\u00fc\u00fcneplaadi v\u00e4limuse, mis kestab v\u00e4hemalt 4 n\u00e4dalat(!). See takistab ka k\u00fc\u00fcnte murdumist ja murenenud olekut, v\u00f5imaldades neil oluliselt pikemaks kasvada.\",\"breadcrumb\":{\"@id\":\"https:\/\/valika.eu\/fi\/toode\/milky-white-claresa-12g\/#breadcrumb\"},\"inLanguage\":\"fi\",\"potentialAction\":[{\"@type\":\"ReadAction\",\"target\":[[\"https:\/\/valika.eu\/fi\/toode\/milky-white-claresa-12g\/\"]]}]},{\"@type\":\"ImageObject\",\"inLanguage\":\"fi\",\"@id\":\"https:\/\/valika.eu\/fi\/toode\/milky-white-claresa-12g\/#primaryimage\",\"url\":\"https:\/\/valika.eu\/wp-content\/uploads\/2024\/09\/Claresa-Zel-budujacy-SOFTEASY-builder-gel-milky-white-45g.jpg\",\"contentUrl\":\"https:\/\/valika.eu\/wp-content\/uploads\/2024\/09\/Claresa-Zel-budujacy-SOFTEASY-builder-gel-milky-white-45g.jpg\",\"width\":800,\"height\":800},{\"@type\":\"BreadcrumbList\",\"@id\":\"https:\/\/valika.eu\/fi\/toode\/milky-white-claresa-12g\/#breadcrumb\",\"itemListElement\":[{\"@type\":\"ListItem\",\"position\":1,\"name\":\"Koti\",\"item\":\"https:\/\/valika.eu\/fi\/\"},{\"@type\":\"ListItem\",\"position\":2,\"name\":\"Shop\",\"item\":\"https:\/\/valika.eu\/fi\/\"},{\"@type\":\"ListItem\",\"position\":3,\"name\":\"Claresa SOFT&#038;EASY builder gel milky white 12g\"}]},{\"@type\":\"WebSite\",\"@id\":\"https:\/\/valika.eu\/fi\/#website\",\"url\":\"https:\/\/valika.eu\/fi\/\",\"name\":\"Valika.eu\",\"description\":\"Salonkituotteet ja kauneudenhoitotuotteet - Valika tarjoaa laajan valikoiman tuotteita ja tarvikkeita kynsiteknikoille, kauneushoitoloille, kampaamoille ja kampaamoille.\",\"publisher\":{\"@id\":\"https:\/\/valika.eu\/fi\/#organization\"},\"alternateName\":\"Valika\",\"potentialAction\":[{\"@type\":\"SearchAction\",\"target\":{\"@type\":\"EntryPoint\",\"urlTemplate\":\"https:\/\/valika.eu\/fi\/?s={search_term_string}\"},\"query-input\":{\"@type\":\"PropertyValueSpecification\",\"valueRequired\":true,\"valueName\":\"search_term_string\"}}],\"inLanguage\":\"fi\"},{\"@type\":\"Organization\",\"@id\":\"https:\/\/valika.eu\/fi\/#organization\",\"name\":\"Salongitoode O\u00dc\",\"alternateName\":\"Valika\",\"url\":\"https:\/\/valika.eu\/fi\/\",\"logo\":{\"@type\":\"ImageObject\",\"inLanguage\":\"fi\",\"@id\":\"https:\/\/valika.eu\/fi\/#\/schema\/logo\/image\/\",\"url\":\"https:\/\/valika.eu\/wp-content\/uploads\/2023\/11\/logo2-valika-footer.png\",\"contentUrl\":\"https:\/\/valika.eu\/wp-content\/uploads\/2023\/11\/logo2-valika-footer.png\",\"width\":200,\"height\":129,\"caption\":\"Salongitoode O\u00dc\"},\"image\":{\"@id\":\"https:\/\/valika.eu\/fi\/#\/schema\/logo\/image\/\"},\"sameAs\":[\"https:\/\/www.facebook.com\/tipsi.net\"]}]}<\/script>\n<!-- \/ Yoast SEO plugin. -->","yoast_head_json":{"title":"Claresa SOFT&amp;EASY builder gel milky white 12g | Valika","description":"Kaasaegne geelivalem suurep\u00e4rase haakuvusega* v\u00f5imaldab k\u00fc\u00fcneplaadi tasandamist, k\u00f5vastamist ja pikendamist isegi \u00f5hukese kihiga, tagades stiilile loomuliku k\u00fc\u00fcneplaadi v\u00e4limuse, mis kestab v\u00e4hemalt 4 n\u00e4dalat(!). See takistab ka k\u00fc\u00fcnte murdumist ja murenenud olekut, v\u00f5imaldades neil oluliselt pikemaks kasvada.","robots":{"index":"index","follow":"follow","max-snippet":"max-snippet:-1","max-image-preview":"max-image-preview:large","max-video-preview":"max-video-preview:-1"},"canonical":"https:\/\/valika.eu\/fi\/toode\/milky-white-claresa-12g\/","og_locale":"fi_FI","og_type":"article","og_title":"Claresa SOFT&amp;EASY builder gel milky white 12g | Valika","og_description":"Kaasaegne geelivalem suurep\u00e4rase haakuvusega* v\u00f5imaldab k\u00fc\u00fcneplaadi tasandamist, k\u00f5vastamist ja pikendamist isegi \u00f5hukese kihiga, tagades stiilile loomuliku k\u00fc\u00fcneplaadi v\u00e4limuse, mis kestab v\u00e4hemalt 4 n\u00e4dalat(!). See takistab ka k\u00fc\u00fcnte murdumist ja murenenud olekut, v\u00f5imaldades neil oluliselt pikemaks kasvada.","og_url":"https:\/\/valika.eu\/fi\/toode\/milky-white-claresa-12g\/","og_site_name":"Valika","article_publisher":"https:\/\/www.facebook.com\/tipsi.net","article_modified_time":"2026-03-30T08:12:50+00:00","og_image":[{"width":800,"height":800,"url":"https:\/\/valika.eu\/wp-content\/uploads\/2024\/09\/Claresa-Zel-budujacy-SOFTEASY-builder-gel-milky-white-45g.jpg","type":"image\/jpeg"}],"twitter_card":"summary_large_image","schema":{"@context":"https:\/\/schema.org","@graph":[{"@type":"WebPage","@id":"https:\/\/valika.eu\/fi\/toode\/milky-white-claresa-12g\/","url":"https:\/\/valika.eu\/fi\/toode\/milky-white-claresa-12g\/","name":"Claresa SOFT&amp;EASY builder gel milky white 12g | Valika","isPartOf":{"@id":"https:\/\/valika.eu\/fi\/#website"},"primaryImageOfPage":{"@id":"https:\/\/valika.eu\/fi\/toode\/milky-white-claresa-12g\/#primaryimage"},"image":{"@id":"https:\/\/valika.eu\/toode\/milky-white-claresa-12g\/#primaryimage"},"thumbnailUrl":"https:\/\/valika.eu\/wp-content\/uploads\/2024\/09\/Claresa-Zel-budujacy-SOFTEASY-builder-gel-milky-white-45g.jpg","datePublished":"2024-09-24T10:36:35+00:00","dateModified":"2026-03-30T08:12:50+00:00","description":"Kaasaegne geelivalem suurep\u00e4rase haakuvusega* v\u00f5imaldab k\u00fc\u00fcneplaadi tasandamist, k\u00f5vastamist ja pikendamist isegi \u00f5hukese kihiga, tagades stiilile loomuliku k\u00fc\u00fcneplaadi v\u00e4limuse, mis kestab v\u00e4hemalt 4 n\u00e4dalat(!). See takistab ka k\u00fc\u00fcnte murdumist ja murenenud olekut, v\u00f5imaldades neil oluliselt pikemaks kasvada.","breadcrumb":{"@id":"https:\/\/valika.eu\/fi\/toode\/milky-white-claresa-12g\/#breadcrumb"},"inLanguage":"fi","potentialAction":[{"@type":"ReadAction","target":[["https:\/\/valika.eu\/fi\/toode\/milky-white-claresa-12g\/"]]}]},{"@type":"ImageObject","inLanguage":"fi","@id":"https:\/\/valika.eu\/fi\/toode\/milky-white-claresa-12g\/#primaryimage","url":"https:\/\/valika.eu\/wp-content\/uploads\/2024\/09\/Claresa-Zel-budujacy-SOFTEASY-builder-gel-milky-white-45g.jpg","contentUrl":"https:\/\/valika.eu\/wp-content\/uploads\/2024\/09\/Claresa-Zel-budujacy-SOFTEASY-builder-gel-milky-white-45g.jpg","width":800,"height":800},{"@type":"BreadcrumbList","@id":"https:\/\/valika.eu\/fi\/toode\/milky-white-claresa-12g\/#breadcrumb","itemListElement":[{"@type":"ListItem","position":1,"name":"Koti","item":"https:\/\/valika.eu\/fi\/"},{"@type":"ListItem","position":2,"name":"Shop","item":"https:\/\/valika.eu\/fi\/"},{"@type":"ListItem","position":3,"name":"Claresa SOFT&#038;EASY builder gel milky white 12g"}]},{"@type":"WebSite","@id":"https:\/\/valika.eu\/fi\/#website","url":"https:\/\/valika.eu\/fi\/","name":"Valika.eu","description":"Salonkituotteet ja kauneudenhoitotuotteet - Valika tarjoaa laajan valikoiman tuotteita ja tarvikkeita kynsiteknikoille, kauneushoitoloille, kampaamoille ja kampaamoille.","publisher":{"@id":"https:\/\/valika.eu\/fi\/#organization"},"alternateName":"Valika","potentialAction":[{"@type":"SearchAction","target":{"@type":"EntryPoint","urlTemplate":"https:\/\/valika.eu\/fi\/?s={search_term_string}"},"query-input":{"@type":"PropertyValueSpecification","valueRequired":true,"valueName":"search_term_string"}}],"inLanguage":"fi"},{"@type":"Organization","@id":"https:\/\/valika.eu\/fi\/#organization","name":"Salongitoode O\u00dc","alternateName":"Valika","url":"https:\/\/valika.eu\/fi\/","logo":{"@type":"ImageObject","inLanguage":"fi","@id":"https:\/\/valika.eu\/fi\/#\/schema\/logo\/image\/","url":"https:\/\/valika.eu\/wp-content\/uploads\/2023\/11\/logo2-valika-footer.png","contentUrl":"https:\/\/valika.eu\/wp-content\/uploads\/2023\/11\/logo2-valika-footer.png","width":200,"height":129,"caption":"Salongitoode O\u00dc"},"image":{"@id":"https:\/\/valika.eu\/fi\/#\/schema\/logo\/image\/"},"sameAs":["https:\/\/www.facebook.com\/tipsi.net"]}]}},"jetpack_sharing_enabled":true,"_links":{"self":[{"href":"https:\/\/valika.eu\/fi\/wp-json\/wp\/v2\/product\/981","targetHints":{"allow":["GET"]}}],"collection":[{"href":"https:\/\/valika.eu\/fi\/wp-json\/wp\/v2\/product"}],"about":[{"href":"https:\/\/valika.eu\/fi\/wp-json\/wp\/v2\/types\/product"}],"wp:featuredmedia":[{"embeddable":true,"href":"https:\/\/valika.eu\/fi\/wp-json\/wp\/v2\/media\/655"}],"wp:attachment":[{"href":"https:\/\/valika.eu\/fi\/wp-json\/wp\/v2\/media?parent=981"}],"wp:term":[{"taxonomy":"product_brand","embeddable":true,"href":"https:\/\/valika.eu\/fi\/wp-json\/wp\/v2\/product_brand?post=981"},{"taxonomy":"product_cat","embeddable":true,"href":"https:\/\/valika.eu\/fi\/wp-json\/wp\/v2\/product_cat?post=981"},{"taxonomy":"product_tag","embeddable":true,"href":"https:\/\/valika.eu\/fi\/wp-json\/wp\/v2\/product_tag?post=981"}],"curies":[{"name":"wp","href":"https:\/\/api.w.org\/{rel}","templated":true}]}}