{"id":9824,"date":"2024-10-24T13:52:58","date_gmt":"2024-10-24T10:52:58","guid":{"rendered":"https:\/\/valika.eu\/?post_type=product&#038;p=9824"},"modified":"2026-03-12T08:56:51","modified_gmt":"2026-03-12T06:56:51","slug":"palu-top-milky-no-wipe-11g","status":"publish","type":"product","link":"https:\/\/valika.eu\/fi\/toode\/palu-top-milky-no-wipe-11g\/","title":{"rendered":"PALU TOP MILKY NO WIPE \/11G"},"content":{"rendered":"<p><\/p>\n<p>Etsitk\u00f6 tapaa tehd\u00e4 ranskalaista manikyyri\u00e4, babyboomeria tai prinsessakynsi\u00e4 viel\u00e4 nopeammin ja helpommin? Meill\u00e4 on sinulle t\u00e4ydellinen ratkaisu!<\/p>\n<p>Palu<br \/>\npuolil\u00e4pin\u00e4kyv\u00e4 maitomainen hybridip\u00e4\u00e4llyste auttaa sinua tasoittamaan gradienttirajan kynness\u00e4 vain muutamassa sekunnissa, jolloin saat luonnollisen ja vieh\u00e4tt\u00e4v\u00e4n efektin. Jos asiakkaasi etsii ideaa minimalistiseen h\u00e4\u00e4manikyyriin tai on eritt\u00e4in luonnollisen ilmeen fani, voit levitt\u00e4\u00e4 maitomaista p\u00e4\u00e4llystett\u00e4 suoraan valmistellulle kynnelle, korostaen sen luonnollista s\u00e4vy\u00e4.<\/p>\n<p>Meid\u00e4n p\u00e4\u00e4llysteemme n\u00e4ytt\u00e4\u00e4 upealta my\u00f6s kirkkaiden v\u00e4rien kanssa \u2012 uskalla kokeilla mit\u00e4 tahansa v\u00e4rillist\u00e4 lakkaa ja katso, miten sen ulkon\u00e4k\u00f6 muuttuu, kun se peitet\u00e4\u00e4n maitomaisella sumulla.<\/p>\n<p>Tuote on tarkoitettu ammattilaisk\u00e4ytt\u00f6\u00f6n.<\/p>\n<p>puolil\u00e4pin\u00e4kyv\u00e4, maitomainen koostumus<br \/>\nhelppo levitt\u00e4\u00e4<br \/>\nkoostumus: keskivahva<br \/>\nkest\u00e4vyys jopa 3 viikkoa<br \/>\ntilavuus: 11 g<\/p>\n<p><\/p>","protected":false},"excerpt":{"rendered":"<p>pooll\u00e4bipaistev, piimjas koostis<br \/>\nlihtne pealekandmine<br \/>\nkonsistents: keskmiselt paks<br \/>\nkestev kuni 3 n\u00e4dalat<br \/>\nmaht: 11 g<\/p>\n","protected":false},"featured_media":9825,"template":"","meta":[],"product_brand":[],"product_cat":[650,651],"product_tag":[],"class_list":{"0":"post-9824","1":"product","2":"type-product","3":"status-publish","4":"has-post-thumbnail","6":"product_cat-palu-pealisgeelid","7":"product_cat-pealisgeelid","9":"first","10":"instock","11":"taxable","12":"shipping-taxable","13":"purchasable","14":"product-type-simple"},"yoast_head":"<!-- This site is optimized with the Yoast SEO plugin v24.4 - https:\/\/yoast.com\/wordpress\/plugins\/seo\/ -->\n<title>PALU TOP MILKY NO WIPE \/11G | Valika<\/title>\n<meta name=\"robots\" content=\"index, follow, max-snippet:-1, max-image-preview:large, max-video-preview:-1\" \/>\n<link rel=\"canonical\" href=\"https:\/\/valika.eu\/fi\/toode\/palu-top-milky-no-wipe-11g\/\" \/>\n<meta property=\"og:locale\" content=\"fi_FI\" \/>\n<meta property=\"og:type\" content=\"article\" \/>\n<meta property=\"og:title\" content=\"PALU TOP MILKY NO WIPE \/11G | Valika\" \/>\n<meta property=\"og:description\" content=\"pooll\u00e4bipaistev, piimjas koostis lihtne pealekandmine konsistents: keskmiselt paks kestev kuni 3 n\u00e4dalat maht: 11 g\" \/>\n<meta property=\"og:url\" content=\"https:\/\/valika.eu\/fi\/toode\/palu-top-milky-no-wipe-11g\/\" \/>\n<meta property=\"og:site_name\" content=\"Valika\" \/>\n<meta property=\"article:publisher\" content=\"https:\/\/www.facebook.com\/tipsi.net\" \/>\n<meta property=\"article:modified_time\" content=\"2026-03-12T06:56:51+00:00\" \/>\n<meta property=\"og:image\" content=\"https:\/\/valika.eu\/wp-content\/uploads\/2024\/10\/Palu_MILKY_TOP_COAT.jpg\" \/>\n\t<meta property=\"og:image:width\" content=\"1500\" \/>\n\t<meta property=\"og:image:height\" content=\"1500\" \/>\n\t<meta property=\"og:image:type\" content=\"image\/jpeg\" \/>\n<meta name=\"twitter:card\" content=\"summary_large_image\" \/>\n<script type=\"application\/ld+json\" class=\"yoast-schema-graph\">{\"@context\":\"https:\/\/schema.org\",\"@graph\":[{\"@type\":\"WebPage\",\"@id\":\"https:\/\/valika.eu\/fi\/toode\/palu-top-milky-no-wipe-11g\/\",\"url\":\"https:\/\/valika.eu\/fi\/toode\/palu-top-milky-no-wipe-11g\/\",\"name\":\"PALU TOP MILKY NO WIPE \/11G | Valika\",\"isPartOf\":{\"@id\":\"https:\/\/valika.eu\/fi\/#website\"},\"primaryImageOfPage\":{\"@id\":\"https:\/\/valika.eu\/fi\/toode\/palu-top-milky-no-wipe-11g\/#primaryimage\"},\"image\":{\"@id\":\"https:\/\/valika.eu\/toode\/palu-top-milky-no-wipe-11g\/#primaryimage\"},\"thumbnailUrl\":\"https:\/\/valika.eu\/wp-content\/uploads\/2024\/10\/Palu_MILKY_TOP_COAT.jpg\",\"datePublished\":\"2024-10-24T10:52:58+00:00\",\"dateModified\":\"2026-03-12T06:56:51+00:00\",\"breadcrumb\":{\"@id\":\"https:\/\/valika.eu\/fi\/toode\/palu-top-milky-no-wipe-11g\/#breadcrumb\"},\"inLanguage\":\"fi\",\"potentialAction\":[{\"@type\":\"ReadAction\",\"target\":[[\"https:\/\/valika.eu\/fi\/toode\/palu-top-milky-no-wipe-11g\/\"]]}]},{\"@type\":\"ImageObject\",\"inLanguage\":\"fi\",\"@id\":\"https:\/\/valika.eu\/fi\/toode\/palu-top-milky-no-wipe-11g\/#primaryimage\",\"url\":\"https:\/\/valika.eu\/wp-content\/uploads\/2024\/10\/Palu_MILKY_TOP_COAT.jpg\",\"contentUrl\":\"https:\/\/valika.eu\/wp-content\/uploads\/2024\/10\/Palu_MILKY_TOP_COAT.jpg\",\"width\":1500,\"height\":1500},{\"@type\":\"BreadcrumbList\",\"@id\":\"https:\/\/valika.eu\/fi\/toode\/palu-top-milky-no-wipe-11g\/#breadcrumb\",\"itemListElement\":[{\"@type\":\"ListItem\",\"position\":1,\"name\":\"Koti\",\"item\":\"https:\/\/valika.eu\/fi\/\"},{\"@type\":\"ListItem\",\"position\":2,\"name\":\"Shop\",\"item\":\"https:\/\/valika.eu\/fi\/\"},{\"@type\":\"ListItem\",\"position\":3,\"name\":\"PALU TOP MILKY NO WIPE \/11G\"}]},{\"@type\":\"WebSite\",\"@id\":\"https:\/\/valika.eu\/fi\/#website\",\"url\":\"https:\/\/valika.eu\/fi\/\",\"name\":\"Valika.eu\",\"description\":\"Salonkituotteet ja kauneudenhoitotuotteet - Valika tarjoaa laajan valikoiman tuotteita ja tarvikkeita kynsiteknikoille, kauneushoitoloille, kampaamoille ja kampaamoille.\",\"publisher\":{\"@id\":\"https:\/\/valika.eu\/fi\/#organization\"},\"alternateName\":\"Valika\",\"potentialAction\":[{\"@type\":\"SearchAction\",\"target\":{\"@type\":\"EntryPoint\",\"urlTemplate\":\"https:\/\/valika.eu\/fi\/?s={search_term_string}\"},\"query-input\":{\"@type\":\"PropertyValueSpecification\",\"valueRequired\":true,\"valueName\":\"search_term_string\"}}],\"inLanguage\":\"fi\"},{\"@type\":\"Organization\",\"@id\":\"https:\/\/valika.eu\/fi\/#organization\",\"name\":\"Salongitoode O\u00dc\",\"alternateName\":\"Valika\",\"url\":\"https:\/\/valika.eu\/fi\/\",\"logo\":{\"@type\":\"ImageObject\",\"inLanguage\":\"fi\",\"@id\":\"https:\/\/valika.eu\/fi\/#\/schema\/logo\/image\/\",\"url\":\"https:\/\/valika.eu\/wp-content\/uploads\/2023\/11\/logo2-valika-footer.png\",\"contentUrl\":\"https:\/\/valika.eu\/wp-content\/uploads\/2023\/11\/logo2-valika-footer.png\",\"width\":200,\"height\":129,\"caption\":\"Salongitoode O\u00dc\"},\"image\":{\"@id\":\"https:\/\/valika.eu\/fi\/#\/schema\/logo\/image\/\"},\"sameAs\":[\"https:\/\/www.facebook.com\/tipsi.net\"]}]}<\/script>\n<!-- \/ Yoast SEO plugin. -->","yoast_head_json":{"title":"PALU TOP MILKY NO WIPE \/11G | Valika","robots":{"index":"index","follow":"follow","max-snippet":"max-snippet:-1","max-image-preview":"max-image-preview:large","max-video-preview":"max-video-preview:-1"},"canonical":"https:\/\/valika.eu\/fi\/toode\/palu-top-milky-no-wipe-11g\/","og_locale":"fi_FI","og_type":"article","og_title":"PALU TOP MILKY NO WIPE \/11G | Valika","og_description":"pooll\u00e4bipaistev, piimjas koostis lihtne pealekandmine konsistents: keskmiselt paks kestev kuni 3 n\u00e4dalat maht: 11 g","og_url":"https:\/\/valika.eu\/fi\/toode\/palu-top-milky-no-wipe-11g\/","og_site_name":"Valika","article_publisher":"https:\/\/www.facebook.com\/tipsi.net","article_modified_time":"2026-03-12T06:56:51+00:00","og_image":[{"width":1500,"height":1500,"url":"https:\/\/valika.eu\/wp-content\/uploads\/2024\/10\/Palu_MILKY_TOP_COAT.jpg","type":"image\/jpeg"}],"twitter_card":"summary_large_image","schema":{"@context":"https:\/\/schema.org","@graph":[{"@type":"WebPage","@id":"https:\/\/valika.eu\/fi\/toode\/palu-top-milky-no-wipe-11g\/","url":"https:\/\/valika.eu\/fi\/toode\/palu-top-milky-no-wipe-11g\/","name":"PALU TOP MILKY NO WIPE \/11G | Valika","isPartOf":{"@id":"https:\/\/valika.eu\/fi\/#website"},"primaryImageOfPage":{"@id":"https:\/\/valika.eu\/fi\/toode\/palu-top-milky-no-wipe-11g\/#primaryimage"},"image":{"@id":"https:\/\/valika.eu\/toode\/palu-top-milky-no-wipe-11g\/#primaryimage"},"thumbnailUrl":"https:\/\/valika.eu\/wp-content\/uploads\/2024\/10\/Palu_MILKY_TOP_COAT.jpg","datePublished":"2024-10-24T10:52:58+00:00","dateModified":"2026-03-12T06:56:51+00:00","breadcrumb":{"@id":"https:\/\/valika.eu\/fi\/toode\/palu-top-milky-no-wipe-11g\/#breadcrumb"},"inLanguage":"fi","potentialAction":[{"@type":"ReadAction","target":[["https:\/\/valika.eu\/fi\/toode\/palu-top-milky-no-wipe-11g\/"]]}]},{"@type":"ImageObject","inLanguage":"fi","@id":"https:\/\/valika.eu\/fi\/toode\/palu-top-milky-no-wipe-11g\/#primaryimage","url":"https:\/\/valika.eu\/wp-content\/uploads\/2024\/10\/Palu_MILKY_TOP_COAT.jpg","contentUrl":"https:\/\/valika.eu\/wp-content\/uploads\/2024\/10\/Palu_MILKY_TOP_COAT.jpg","width":1500,"height":1500},{"@type":"BreadcrumbList","@id":"https:\/\/valika.eu\/fi\/toode\/palu-top-milky-no-wipe-11g\/#breadcrumb","itemListElement":[{"@type":"ListItem","position":1,"name":"Koti","item":"https:\/\/valika.eu\/fi\/"},{"@type":"ListItem","position":2,"name":"Shop","item":"https:\/\/valika.eu\/fi\/"},{"@type":"ListItem","position":3,"name":"PALU TOP MILKY NO WIPE \/11G"}]},{"@type":"WebSite","@id":"https:\/\/valika.eu\/fi\/#website","url":"https:\/\/valika.eu\/fi\/","name":"Valika.eu","description":"Salonkituotteet ja kauneudenhoitotuotteet - Valika tarjoaa laajan valikoiman tuotteita ja tarvikkeita kynsiteknikoille, kauneushoitoloille, kampaamoille ja kampaamoille.","publisher":{"@id":"https:\/\/valika.eu\/fi\/#organization"},"alternateName":"Valika","potentialAction":[{"@type":"SearchAction","target":{"@type":"EntryPoint","urlTemplate":"https:\/\/valika.eu\/fi\/?s={search_term_string}"},"query-input":{"@type":"PropertyValueSpecification","valueRequired":true,"valueName":"search_term_string"}}],"inLanguage":"fi"},{"@type":"Organization","@id":"https:\/\/valika.eu\/fi\/#organization","name":"Salongitoode O\u00dc","alternateName":"Valika","url":"https:\/\/valika.eu\/fi\/","logo":{"@type":"ImageObject","inLanguage":"fi","@id":"https:\/\/valika.eu\/fi\/#\/schema\/logo\/image\/","url":"https:\/\/valika.eu\/wp-content\/uploads\/2023\/11\/logo2-valika-footer.png","contentUrl":"https:\/\/valika.eu\/wp-content\/uploads\/2023\/11\/logo2-valika-footer.png","width":200,"height":129,"caption":"Salongitoode O\u00dc"},"image":{"@id":"https:\/\/valika.eu\/fi\/#\/schema\/logo\/image\/"},"sameAs":["https:\/\/www.facebook.com\/tipsi.net"]}]}},"jetpack_sharing_enabled":true,"_links":{"self":[{"href":"https:\/\/valika.eu\/fi\/wp-json\/wp\/v2\/product\/9824","targetHints":{"allow":["GET"]}}],"collection":[{"href":"https:\/\/valika.eu\/fi\/wp-json\/wp\/v2\/product"}],"about":[{"href":"https:\/\/valika.eu\/fi\/wp-json\/wp\/v2\/types\/product"}],"wp:featuredmedia":[{"embeddable":true,"href":"https:\/\/valika.eu\/fi\/wp-json\/wp\/v2\/media\/9825"}],"wp:attachment":[{"href":"https:\/\/valika.eu\/fi\/wp-json\/wp\/v2\/media?parent=9824"}],"wp:term":[{"taxonomy":"product_brand","embeddable":true,"href":"https:\/\/valika.eu\/fi\/wp-json\/wp\/v2\/product_brand?post=9824"},{"taxonomy":"product_cat","embeddable":true,"href":"https:\/\/valika.eu\/fi\/wp-json\/wp\/v2\/product_cat?post=9824"},{"taxonomy":"product_tag","embeddable":true,"href":"https:\/\/valika.eu\/fi\/wp-json\/wp\/v2\/product_tag?post=9824"}],"curies":[{"name":"wp","href":"https:\/\/api.w.org\/{rel}","templated":true}]}}